{"id":1916,"date":"2026-02-04T15:12:04","date_gmt":"2026-02-04T14:12:04","guid":{"rendered":"https:\/\/2025.damius.com\/kaufbeihilfe-fuer-ein-elektrisches-dreirad-fuer-erwachsene\/"},"modified":"2026-02-06T09:09:33","modified_gmt":"2026-02-06T08:09:33","slug":"kaufbeihilfe-fuer-ein-elektrisches-dreirad-fuer-erwachsene","status":"publish","type":"page","link":"https:\/\/2025.damius.com\/de\/kaufbeihilfe-fuer-ein-elektrisches-dreirad-fuer-erwachsene\/","title":{"rendered":"Kaufbeihilfe f\u00fcr ein elektrisches Dreirad f\u00fcr Erwachsene"},"content":{"rendered":"\n<p>Viele Subventionen f\u00fcr den Kauf eines Elektrofahrrads oder Dreirads werden von Rath\u00e4usern, Abteilungen oder Regionen angeboten.<\/p>\n\n<p>Wir raten Ihnen, im Internet zu recherchieren und nicht zu z\u00f6gern, Ihr Rathaus zu kontaktieren.<\/p>\n\n<p>Menschen mit Behinderungen k\u00f6nnen sich auch an ihr MDPH (Departmental House for Disabled Persons) wenden, um einen Antrag auf Unterst\u00fctzung zu stellen.<\/p>\n\n<p><\/p>\n","protected":false},"excerpt":{"rendered":"<p>Viele Subventionen f\u00fcr den Kauf eines Elektrofahrrads oder Dreirads werden von Rath\u00e4usern, Abteilungen oder Regionen angeboten. Wir raten Ihnen, im Internet zu recherchieren und nicht zu z\u00f6gern, Ihr Rathaus zu kontaktieren. Menschen mit Behinderungen k\u00f6nnen sich auch an ihr MDPH (Departmental House for Disabled Persons) wenden, um einen Antrag auf Unterst\u00fctzung zu stellen.<\/p>\n","protected":false},"author":1,"featured_media":0,"parent":0,"menu_order":0,"comment_status":"closed","ping_status":"closed","template":"","meta":{"_acf_changed":false,"_eb_attr":"","footnotes":""},"class_list":["post-1916","page","type-page","status-publish","hentry"],"acf":[],"yoast_head":"<!-- This site is optimized with the Yoast SEO plugin v27.3 - https:\/\/yoast.com\/product\/yoast-seo-wordpress\/ -->\n<title>Kaufbeihilfe f\u00fcr ein elektrisches Dreirad f\u00fcr Erwachsene - Damius<\/title>\n<meta name=\"robots\" content=\"noindex, follow, max-snippet:-1, max-image-preview:large, max-video-preview:-1\" \/>\n<meta property=\"og:locale\" content=\"de_DE\" \/>\n<meta property=\"og:type\" content=\"article\" \/>\n<meta property=\"og:title\" content=\"Kaufbeihilfe f\u00fcr ein elektrisches Dreirad f\u00fcr Erwachsene - Damius\" \/>\n<meta property=\"og:description\" content=\"Viele Subventionen f\u00fcr den Kauf eines Elektrofahrrads oder Dreirads werden von Rath\u00e4usern, Abteilungen oder Regionen angeboten. Wir raten Ihnen, im Internet zu recherchieren und nicht zu z\u00f6gern, Ihr Rathaus zu kontaktieren. Menschen mit Behinderungen k\u00f6nnen sich auch an ihr MDPH (Departmental House for Disabled Persons) wenden, um einen Antrag auf Unterst\u00fctzung zu stellen.\" \/>\n<meta property=\"og:url\" content=\"https:\/\/2025.damius.com\/de\/kaufbeihilfe-fuer-ein-elektrisches-dreirad-fuer-erwachsene\/\" \/>\n<meta property=\"og:site_name\" content=\"Damius\" \/>\n<meta property=\"article:modified_time\" content=\"2026-02-06T08:09:33+00:00\" \/>\n<meta name=\"twitter:card\" content=\"summary_large_image\" \/>\n<script type=\"application\/ld+json\" class=\"yoast-schema-graph\">{\"@context\":\"https:\\\/\\\/schema.org\",\"@graph\":[{\"@type\":\"WebPage\",\"@id\":\"https:\\\/\\\/2025.damius.com\\\/de\\\/kaufbeihilfe-fuer-ein-elektrisches-dreirad-fuer-erwachsene\\\/\",\"url\":\"https:\\\/\\\/2025.damius.com\\\/de\\\/kaufbeihilfe-fuer-ein-elektrisches-dreirad-fuer-erwachsene\\\/\",\"name\":\"Kaufbeihilfe f\u00fcr ein elektrisches Dreirad f\u00fcr Erwachsene - Damius\",\"isPartOf\":{\"@id\":\"https:\\\/\\\/2025.damius.com\\\/#website\"},\"datePublished\":\"2026-02-04T14:12:04+00:00\",\"dateModified\":\"2026-02-06T08:09:33+00:00\",\"breadcrumb\":{\"@id\":\"https:\\\/\\\/2025.damius.com\\\/de\\\/kaufbeihilfe-fuer-ein-elektrisches-dreirad-fuer-erwachsene\\\/#breadcrumb\"},\"inLanguage\":\"de\",\"potentialAction\":[{\"@type\":\"ReadAction\",\"target\":[\"https:\\\/\\\/2025.damius.com\\\/de\\\/kaufbeihilfe-fuer-ein-elektrisches-dreirad-fuer-erwachsene\\\/\"]}]},{\"@type\":\"BreadcrumbList\",\"@id\":\"https:\\\/\\\/2025.damius.com\\\/de\\\/kaufbeihilfe-fuer-ein-elektrisches-dreirad-fuer-erwachsene\\\/#breadcrumb\",\"itemListElement\":[{\"@type\":\"ListItem\",\"position\":1,\"name\":\"Accueil\",\"item\":\"https:\\\/\\\/2025.damius.com\\\/de\\\/haus\\\/\"},{\"@type\":\"ListItem\",\"position\":2,\"name\":\"Kaufbeihilfe f\u00fcr ein elektrisches Dreirad f\u00fcr Erwachsene\"}]},{\"@type\":\"WebSite\",\"@id\":\"https:\\\/\\\/2025.damius.com\\\/#website\",\"url\":\"https:\\\/\\\/2025.damius.com\\\/\",\"name\":\"Damius\",\"description\":\"\",\"publisher\":{\"@id\":\"https:\\\/\\\/2025.damius.com\\\/#organization\"},\"potentialAction\":[{\"@type\":\"SearchAction\",\"target\":{\"@type\":\"EntryPoint\",\"urlTemplate\":\"https:\\\/\\\/2025.damius.com\\\/?s={search_term_string}\"},\"query-input\":{\"@type\":\"PropertyValueSpecification\",\"valueRequired\":true,\"valueName\":\"search_term_string\"}}],\"inLanguage\":\"de\"},{\"@type\":\"Organization\",\"@id\":\"https:\\\/\\\/2025.damius.com\\\/#organization\",\"name\":\"Damius\",\"url\":\"https:\\\/\\\/2025.damius.com\\\/\",\"logo\":{\"@type\":\"ImageObject\",\"inLanguage\":\"de\",\"@id\":\"https:\\\/\\\/2025.damius.com\\\/#\\\/schema\\\/logo\\\/image\\\/\",\"url\":\"https:\\\/\\\/2025.damius.com\\\/wp-content\\\/uploads\\\/2022\\\/01\\\/Logo_Damius-1.jpg\",\"contentUrl\":\"https:\\\/\\\/2025.damius.com\\\/wp-content\\\/uploads\\\/2022\\\/01\\\/Logo_Damius-1.jpg\",\"width\":616,\"height\":143,\"caption\":\"Damius\"},\"image\":{\"@id\":\"https:\\\/\\\/2025.damius.com\\\/#\\\/schema\\\/logo\\\/image\\\/\"}}]}<\/script>\n<!-- \/ Yoast SEO plugin. -->","yoast_head_json":{"title":"Kaufbeihilfe f\u00fcr ein elektrisches Dreirad f\u00fcr Erwachsene - Damius","robots":{"index":"noindex","follow":"follow","max-snippet":"max-snippet:-1","max-image-preview":"max-image-preview:large","max-video-preview":"max-video-preview:-1"},"og_locale":"de_DE","og_type":"article","og_title":"Kaufbeihilfe f\u00fcr ein elektrisches Dreirad f\u00fcr Erwachsene - Damius","og_description":"Viele Subventionen f\u00fcr den Kauf eines Elektrofahrrads oder Dreirads werden von Rath\u00e4usern, Abteilungen oder Regionen angeboten. Wir raten Ihnen, im Internet zu recherchieren und nicht zu z\u00f6gern, Ihr Rathaus zu kontaktieren. Menschen mit Behinderungen k\u00f6nnen sich auch an ihr MDPH (Departmental House for Disabled Persons) wenden, um einen Antrag auf Unterst\u00fctzung zu stellen.","og_url":"https:\/\/2025.damius.com\/de\/kaufbeihilfe-fuer-ein-elektrisches-dreirad-fuer-erwachsene\/","og_site_name":"Damius","article_modified_time":"2026-02-06T08:09:33+00:00","twitter_card":"summary_large_image","schema":{"@context":"https:\/\/schema.org","@graph":[{"@type":"WebPage","@id":"https:\/\/2025.damius.com\/de\/kaufbeihilfe-fuer-ein-elektrisches-dreirad-fuer-erwachsene\/","url":"https:\/\/2025.damius.com\/de\/kaufbeihilfe-fuer-ein-elektrisches-dreirad-fuer-erwachsene\/","name":"Kaufbeihilfe f\u00fcr ein elektrisches Dreirad f\u00fcr Erwachsene - Damius","isPartOf":{"@id":"https:\/\/2025.damius.com\/#website"},"datePublished":"2026-02-04T14:12:04+00:00","dateModified":"2026-02-06T08:09:33+00:00","breadcrumb":{"@id":"https:\/\/2025.damius.com\/de\/kaufbeihilfe-fuer-ein-elektrisches-dreirad-fuer-erwachsene\/#breadcrumb"},"inLanguage":"de","potentialAction":[{"@type":"ReadAction","target":["https:\/\/2025.damius.com\/de\/kaufbeihilfe-fuer-ein-elektrisches-dreirad-fuer-erwachsene\/"]}]},{"@type":"BreadcrumbList","@id":"https:\/\/2025.damius.com\/de\/kaufbeihilfe-fuer-ein-elektrisches-dreirad-fuer-erwachsene\/#breadcrumb","itemListElement":[{"@type":"ListItem","position":1,"name":"Accueil","item":"https:\/\/2025.damius.com\/de\/haus\/"},{"@type":"ListItem","position":2,"name":"Kaufbeihilfe f\u00fcr ein elektrisches Dreirad f\u00fcr Erwachsene"}]},{"@type":"WebSite","@id":"https:\/\/2025.damius.com\/#website","url":"https:\/\/2025.damius.com\/","name":"Damius","description":"","publisher":{"@id":"https:\/\/2025.damius.com\/#organization"},"potentialAction":[{"@type":"SearchAction","target":{"@type":"EntryPoint","urlTemplate":"https:\/\/2025.damius.com\/?s={search_term_string}"},"query-input":{"@type":"PropertyValueSpecification","valueRequired":true,"valueName":"search_term_string"}}],"inLanguage":"de"},{"@type":"Organization","@id":"https:\/\/2025.damius.com\/#organization","name":"Damius","url":"https:\/\/2025.damius.com\/","logo":{"@type":"ImageObject","inLanguage":"de","@id":"https:\/\/2025.damius.com\/#\/schema\/logo\/image\/","url":"https:\/\/2025.damius.com\/wp-content\/uploads\/2022\/01\/Logo_Damius-1.jpg","contentUrl":"https:\/\/2025.damius.com\/wp-content\/uploads\/2022\/01\/Logo_Damius-1.jpg","width":616,"height":143,"caption":"Damius"},"image":{"@id":"https:\/\/2025.damius.com\/#\/schema\/logo\/image\/"}}]}},"featured_image_src":null,"featured_image_src_square":null,"_links":{"self":[{"href":"https:\/\/2025.damius.com\/de\/wp-json\/wp\/v2\/pages\/1916","targetHints":{"allow":["GET"]}}],"collection":[{"href":"https:\/\/2025.damius.com\/de\/wp-json\/wp\/v2\/pages"}],"about":[{"href":"https:\/\/2025.damius.com\/de\/wp-json\/wp\/v2\/types\/page"}],"author":[{"embeddable":true,"href":"https:\/\/2025.damius.com\/de\/wp-json\/wp\/v2\/users\/1"}],"replies":[{"embeddable":true,"href":"https:\/\/2025.damius.com\/de\/wp-json\/wp\/v2\/comments?post=1916"}],"version-history":[{"count":3,"href":"https:\/\/2025.damius.com\/de\/wp-json\/wp\/v2\/pages\/1916\/revisions"}],"predecessor-version":[{"id":1927,"href":"https:\/\/2025.damius.com\/de\/wp-json\/wp\/v2\/pages\/1916\/revisions\/1927"}],"wp:attachment":[{"href":"https:\/\/2025.damius.com\/de\/wp-json\/wp\/v2\/media?parent=1916"}],"curies":[{"name":"wp","href":"https:\/\/api.w.org\/{rel}","templated":true}]}}