{"id":1938,"date":"2026-02-04T15:44:24","date_gmt":"2026-02-04T14:44:24","guid":{"rendered":"https:\/\/2025.damius.com\/sich-besser-kennenlernen\/"},"modified":"2026-02-06T10:41:34","modified_gmt":"2026-02-06T09:41:34","slug":"sich-besser-kennenlernen","status":"publish","type":"page","link":"https:\/\/2025.damius.com\/de\/sich-besser-kennenlernen\/","title":{"rendered":"Sich besser kennenlernen"},"content":{"rendered":"\n<div class=\"wp-block-media-text alignwide is-stacked-on-mobile is-image-fill-element\"><figure class=\"wp-block-media-text__media\"><img loading=\"lazy\" decoding=\"async\" width=\"600\" height=\"430\" src=\"https:\/\/2025.damius.com\/wp-content\/uploads\/2022\/01\/tricycle-evasion-notre-histoire.jpg\" alt=\"\" class=\"wp-image-627 size-full\" style=\"object-position:50% 50%\" srcset=\"https:\/\/2025.damius.com\/wp-content\/uploads\/2022\/01\/tricycle-evasion-notre-histoire.jpg 600w, https:\/\/2025.damius.com\/wp-content\/uploads\/2022\/01\/tricycle-evasion-notre-histoire-300x215.jpg 300w\" sizes=\"auto, (max-width: 600px) 100vw, 600px\" \/><\/figure><div class=\"wp-block-media-text__content\">\n<h2 class=\"wp-block-heading\">Unsere Geschichte, unsere DNA<\/h2>\n\n\n\n<p>Unsere Beziehung zum Dreirad begann Ende 2012! In der Anfangsphase positionierte sich unser Unternehmen als Wiederverk\u00e4ufer von bereits vorhandenen Dreir\u00e4dern und elektrischen Dreir\u00e4dern. Wir erreichten sehr schnell einen gewissen Erfolg, <strong>und im Laufe der Zeit, als wir unsere Kunden trafen und Tests durchf\u00fchrten<\/strong>, wurden wir zunehmend motiviert, immer bessere Produkte anzubieten. Den Menschen ihre Unabh\u00e4ngigkeit zur\u00fcckzugeben und ihnen durch das elektrische Dreirad die M\u00f6glichkeit zur Flucht zu er\u00f6ffnen, verleiht unseren Handlungen eine ganz besondere Bedeutung, und darauf sind wir sehr stolz.<\/p>\n\n\n\n<p>Dank unserer st\u00e4ndigen Aufmerksamkeit f\u00fcr die Bed\u00fcrfnisse unserer Kunden und unserem Bestreben, Dinge gut zu machen, erkannten wir, dass die auf dem Markt erh\u00e4ltlichen Dreir\u00e4der <span style=\"text-decoration: underline\">nicht optimal f\u00fcr die Zielgruppe geeignet waren<\/span>. Instabilit\u00e4t, schwierige Handhabung, zu abrupte elektrische Unterst\u00fctzung&#8230; Nat\u00fcrlich wiesen nicht alle diese Konstruktionsm\u00e4ngel auf, aber keines war perfekt. Nachdem wir Schwierigkeiten mit dem Kundendienst bestimmter Lieferanten hatten, die uns keine Ersatzteile f\u00fcr ihre Dreir\u00e4der liefern konnten, wurde uns klar, dass es sich um importierte Dreir\u00e4der handelte. Daher r\u00fchrte auch die Schwierigkeit f\u00fcr diese Lieferanten, uns bei der Diagnose von Pannen zu helfen und defekte Teile zu liefern.<\/p>\n<\/div><\/div>\n\n<p><br \/><br \/>Deshalb entwickeln <strong>wir jetzt unsere eigenen Elektrodreir\u00e4der<\/strong>, die auf strengen Spezifikationen basieren, welche in unseren Augen und in den Augen unserer Kunden das perfekte Elektrodreirad definieren! Im Jahr 2016 haben wir das Evasion-Dreirad entwickelt, das heute DIE Referenz im Bereich der elektrisch unterst\u00fctzten Dreir\u00e4der ist. Unsere Kunden best\u00e4tigen dies, und darauf sind wir sehr stolz.<br \/><br \/>2019 markierte den Start der Marke <strong>DAMIUS<\/strong> mit dem Ziel, weitere Produkte im Bereich Mobilit\u00e4t zu entwickeln. Sehr schnell entstanden weitere Dreir\u00e4der f\u00fcr Erwachsene und elektrische Dreir\u00e4der: Evasion, Evasion Evo, Essentiel, Essentiel Fatbike! <\/p>\n\n<hr class=\"wp-block-separator has-css-opacity\" \/>\n\n<div class=\"wp-block-media-text alignwide has-media-on-the-right is-stacked-on-mobile is-image-fill-element\"><div class=\"wp-block-media-text__content\">\n<h2 class=\"wp-block-heading\">Unser Team = Unsere Expertise!<\/h2>\n\n\n\n<p>Unser Unternehmen greift auf seine Erfahrung in der Fahrradbranche zur\u00fcck und zeichnet sich durch sein Wissen \u00fcber Fertigungstechniken, Materialien und Komponenten aus, die f\u00fcr die Entwicklung der besten elektrischen Dreir\u00e4der verwendet werden.<br \/><span style=\"text-decoration: underline\">Seine Professionalit\u00e4t und sein ausgepr\u00e4gtes Servicebewusstsein liegen ihm im Blut.<\/span><br \/><br \/>In der Vergangenheit war der Firmenchef Damien Gran im Motorsport t\u00e4tig, wo er Rallyeautos baute und entwickelte. Seine Erfahrung erm\u00f6glicht es ihm heute, <strong><a href=\"https:\/\/2025.damius.com\/de\/garantie-und-kundendienst\/\" id=\"584\">hochwertige Elektrodreir\u00e4der <\/a><\/strong>zu entwickeln und vor allem deren Bed\u00fcrfnisse optimal zu erf\u00fcllen. F\u00fcr ihn muss das Design direkt von der Funktion inspiriert sein; dies ist auch eines der pr\u00e4genden Merkmale unserer Dreir\u00e4der. Daher wurde das Chassis so konstruiert, dass es in erster Linie praktisch, aber gleichzeitig modern und elegant ist.  <\/p>\n<\/div><figure class=\"wp-block-media-text__media\"><img loading=\"lazy\" decoding=\"async\" width=\"600\" height=\"370\" src=\"https:\/\/2025.damius.com\/wp-content\/uploads\/2022\/01\/equipe-tricycle-evasion.jpg\" alt=\"\" class=\"wp-image-623 size-full\" style=\"object-position:50% 50%\" srcset=\"https:\/\/2025.damius.com\/wp-content\/uploads\/2022\/01\/equipe-tricycle-evasion.jpg 600w, https:\/\/2025.damius.com\/wp-content\/uploads\/2022\/01\/equipe-tricycle-evasion-300x185.jpg 300w\" sizes=\"auto, (max-width: 600px) 100vw, 600px\" \/><\/figure><\/div>\n\n<p> <br \/><strong>Die gesamte Designphase<\/strong> wird seit 2016 intern vom Unternehmen abgewickelt. Das F&amp;E-Team besteht aus Damien und Cl\u00e9ment. Wir verf\u00fcgen \u00fcber moderne Design-Tools (Solidworks, 3D-Drucker, Bearbeitungs- und Schwei\u00dfanlagen), mit denen wir unsere Ideen modellieren und Prototypen erstellen k\u00f6nnen, bevor wir sie in die Produktpalette integrieren (kontinuierliche Verbesserung bestehender Dreir\u00e4der, neue Modelle). In dieser Phase k\u00f6nnen wir 3D-Designs untersuchen und weiterentwickeln, bevor wir einen ersten Prototyp fertigen und anschlie\u00dfend in die Serienproduktion gehen. <span style=\"text-decoration: underline\">Dieser Prozess erm\u00f6glicht bei Bedarf sofortige Korrekturen und einen schnellen Produktionsstart<\/span>.    <br \/><br \/>S\u00e9bastien ist f\u00fcr die Leitung der Werkstatt zust\u00e4ndig. Wir lagern unser gesamtes Produktsortiment in unseren R\u00e4umlichkeiten, um eine l\u00fcckenlose R\u00fcckverfolgbarkeit und bestm\u00f6gliche Verf\u00fcgbarkeit zu gew\u00e4hrleisten. <br \/>C\u00e9dric beendet die Montage der Dreir\u00e4der und f\u00e4hrt mit der Anbringung des Zubeh\u00f6rs gem\u00e4\u00df den W\u00fcnschen unserer Kunden fort.<br \/>Anschlie\u00dfend k\u00fcmmern sich S\u00e9bastien und C\u00e9dric um die Justierung und die Probefahrt, um die einwandfreie Funktion des elektrischen Dreirads sicherzustellen.<br \/>Schlie\u00dflich verladen sie das Dreirad f\u00fcr Erwachsene auf eine spezielle Holzpalette, die mit einem gro\u00dfen Karton gesch\u00fctzt ist.<br \/>J\u00e9r\u00e9my k\u00fcmmert sich um den Kundendienst; er beantwortet Kundenanfragen per E-Mail oder Telefon und ist auch f\u00fcr den Versand von Ersatzteilen zust\u00e4ndig!<br \/>Mathis und Charly geh\u00f6ren zu unserem Verkaufsteam. Sie informieren Sie und helfen Ihnen bei der Auswahl des passenden Elektrodreirads f\u00fcr Ihre Bed\u00fcrfnisse. <strong>Au\u00dferdem betreuen sie die Probefahrten unserer Kunden.<\/strong>  <br \/><br \/>Unser Team vereint <span style=\"text-decoration: underline\">vielf\u00e4ltige und unterschiedlichste F\u00e4higkeiten<\/span>, die unerl\u00e4sslich sind, um die Kunden, die uns ihr Vertrauen schenken, voll und ganz zufrieden zu stellen!<br \/><br \/>Noch Fragen? <a href=\"https:\/\/2025.damius.com\/contact\/\">Kontaktieren Sie uns!<\/a><\/p>\n\n<p>Seit Ende 2025 lassen wir unsere Dreir\u00e4der extern fertigen, doch zwischen 2016 und 2025 produzierten wir sie noch selbst! \u00dcberzeugen Sie sich selbst in den Videos unten \ud83d\ude42 Dank unserer langj\u00e4hrigen Erfahrung als Hersteller (Rahmen- und Radfertigung, Bearbeitung von Teilen und 100%ige Montage) und der Beibehaltung unserer internen Konstruktion und Qualit\u00e4tskontrolle k\u00f6nnen wir Ihnen hochwertige, bestens ausgestattete Dreir\u00e4der f\u00fcr Erwachsene zu g\u00fcnstigeren Preisen als je zuvor anbieten! <\/p>\n\n<p class=\"has-text-align-center\"><strong>DAMIUS-Produktionsanlage f\u00fcr elektrische Dreir\u00e4der f\u00fcr Erwachsene in Miramas von 2023 bis 2025<\/strong><\/p>\n\n<figure class=\"wp-block-embed is-type-video is-provider-youtube wp-block-embed-youtube wp-embed-aspect-16-9 wp-has-aspect-ratio\"><div class=\"wp-block-embed__wrapper\">\n<iframe loading=\"lazy\" title=\"DAMIUS - Concepteur Fran\u00e7ais de tricycles \u00e9lectriques pour adulte\" width=\"580\" height=\"326\" src=\"https:\/\/www.youtube.com\/embed\/k-9JC2LkkJc?feature=oembed\" frameborder=\"0\" allow=\"accelerometer; autoplay; clipboard-write; encrypted-media; gyroscope; picture-in-picture; web-share\" referrerpolicy=\"strict-origin-when-cross-origin\" allowfullscreen><\/iframe>\n<\/div><\/figure>\n\n<p class=\"has-text-align-center\"><br \/><strong>Damius-Dreirad-Produktionsanlage von 2016 bis 2023<\/strong><\/p>\n\n<figure class=\"wp-block-embed is-type-video is-provider-youtube wp-block-embed-youtube wp-embed-aspect-16-9 wp-has-aspect-ratio\"><div class=\"wp-block-embed__wrapper\">\n<iframe loading=\"lazy\" title=\"Produits mobilit\u00e9s Damius : Conception de tricycle \u00e9lectrique adulte.\" width=\"580\" height=\"326\" src=\"https:\/\/www.youtube.com\/embed\/XB6xgN5eUzk?feature=oembed\" frameborder=\"0\" allow=\"accelerometer; autoplay; clipboard-write; encrypted-media; gyroscope; picture-in-picture; web-share\" referrerpolicy=\"strict-origin-when-cross-origin\" allowfullscreen><\/iframe>\n<\/div><\/figure>\n","protected":false},"excerpt":{"rendered":"<p>Unsere Geschichte, unsere DNA Unsere Beziehung zum Dreirad begann Ende 2012! In der Anfangsphase positionierte sich unser Unternehmen als Wiederverk\u00e4ufer von bereits vorhandenen Dreir\u00e4dern und elektrischen Dreir\u00e4dern. Wir erreichten sehr schnell einen gewissen Erfolg, und im Laufe der Zeit, als wir unsere Kunden trafen und Tests durchf\u00fchrten, wurden wir zunehmend motiviert, immer bessere Produkte anzubieten. [&hellip;]<\/p>\n","protected":false},"author":1,"featured_media":0,"parent":0,"menu_order":0,"comment_status":"closed","ping_status":"closed","template":"","meta":{"_acf_changed":false,"_eb_attr":"","footnotes":""},"class_list":["post-1938","page","type-page","status-publish","hentry"],"acf":[],"yoast_head":"<!-- This site is optimized with the Yoast SEO plugin v27.3 - https:\/\/yoast.com\/product\/yoast-seo-wordpress\/ -->\n<title>Sich besser kennenlernen - Damius<\/title>\n<meta name=\"robots\" content=\"noindex, follow, max-snippet:-1, max-image-preview:large, max-video-preview:-1\" \/>\n<meta property=\"og:locale\" content=\"de_DE\" \/>\n<meta property=\"og:type\" content=\"article\" \/>\n<meta property=\"og:title\" content=\"Sich besser kennenlernen - Damius\" \/>\n<meta property=\"og:description\" content=\"Unsere Geschichte, unsere DNA Unsere Beziehung zum Dreirad begann Ende 2012! In der Anfangsphase positionierte sich unser Unternehmen als Wiederverk\u00e4ufer von bereits vorhandenen Dreir\u00e4dern und elektrischen Dreir\u00e4dern. Wir erreichten sehr schnell einen gewissen Erfolg, und im Laufe der Zeit, als wir unsere Kunden trafen und Tests durchf\u00fchrten, wurden wir zunehmend motiviert, immer bessere Produkte anzubieten. [&hellip;]\" \/>\n<meta property=\"og:url\" content=\"https:\/\/2025.damius.com\/de\/sich-besser-kennenlernen\/\" \/>\n<meta property=\"og:site_name\" content=\"Damius\" \/>\n<meta property=\"article:modified_time\" content=\"2026-02-06T09:41:34+00:00\" \/>\n<meta property=\"og:image\" content=\"https:\/\/2025.damius.com\/wp-content\/uploads\/2022\/01\/tricycle-evasion-notre-histoire.jpg\" \/>\n\t<meta property=\"og:image:width\" content=\"600\" \/>\n\t<meta property=\"og:image:height\" content=\"430\" \/>\n\t<meta property=\"og:image:type\" content=\"image\/jpeg\" \/>\n<meta name=\"twitter:card\" content=\"summary_large_image\" \/>\n<meta name=\"twitter:label1\" content=\"Gesch\u00e4tzte Lesezeit\" \/>\n\t<meta name=\"twitter:data1\" content=\"4\u00a0Minuten\" \/>\n<script type=\"application\/ld+json\" class=\"yoast-schema-graph\">{\"@context\":\"https:\\\/\\\/schema.org\",\"@graph\":[{\"@type\":\"WebPage\",\"@id\":\"https:\\\/\\\/2025.damius.com\\\/de\\\/sich-besser-kennenlernen\\\/\",\"url\":\"https:\\\/\\\/2025.damius.com\\\/de\\\/sich-besser-kennenlernen\\\/\",\"name\":\"Sich besser kennenlernen - Damius\",\"isPartOf\":{\"@id\":\"https:\\\/\\\/2025.damius.com\\\/#website\"},\"primaryImageOfPage\":{\"@id\":\"https:\\\/\\\/2025.damius.com\\\/de\\\/sich-besser-kennenlernen\\\/#primaryimage\"},\"image\":{\"@id\":\"https:\\\/\\\/2025.damius.com\\\/de\\\/sich-besser-kennenlernen\\\/#primaryimage\"},\"thumbnailUrl\":\"https:\\\/\\\/2025.damius.com\\\/wp-content\\\/uploads\\\/2022\\\/01\\\/tricycle-evasion-notre-histoire.jpg\",\"datePublished\":\"2026-02-04T14:44:24+00:00\",\"dateModified\":\"2026-02-06T09:41:34+00:00\",\"breadcrumb\":{\"@id\":\"https:\\\/\\\/2025.damius.com\\\/de\\\/sich-besser-kennenlernen\\\/#breadcrumb\"},\"inLanguage\":\"de\",\"potentialAction\":[{\"@type\":\"ReadAction\",\"target\":[\"https:\\\/\\\/2025.damius.com\\\/de\\\/sich-besser-kennenlernen\\\/\"]}]},{\"@type\":\"ImageObject\",\"inLanguage\":\"de\",\"@id\":\"https:\\\/\\\/2025.damius.com\\\/de\\\/sich-besser-kennenlernen\\\/#primaryimage\",\"url\":\"https:\\\/\\\/2025.damius.com\\\/wp-content\\\/uploads\\\/2022\\\/01\\\/tricycle-evasion-notre-histoire.jpg\",\"contentUrl\":\"https:\\\/\\\/2025.damius.com\\\/wp-content\\\/uploads\\\/2022\\\/01\\\/tricycle-evasion-notre-histoire.jpg\"},{\"@type\":\"BreadcrumbList\",\"@id\":\"https:\\\/\\\/2025.damius.com\\\/de\\\/sich-besser-kennenlernen\\\/#breadcrumb\",\"itemListElement\":[{\"@type\":\"ListItem\",\"position\":1,\"name\":\"Accueil\",\"item\":\"https:\\\/\\\/2025.damius.com\\\/de\\\/haus\\\/\"},{\"@type\":\"ListItem\",\"position\":2,\"name\":\"Sich besser kennenlernen\"}]},{\"@type\":\"WebSite\",\"@id\":\"https:\\\/\\\/2025.damius.com\\\/#website\",\"url\":\"https:\\\/\\\/2025.damius.com\\\/\",\"name\":\"Damius\",\"description\":\"\",\"publisher\":{\"@id\":\"https:\\\/\\\/2025.damius.com\\\/#organization\"},\"potentialAction\":[{\"@type\":\"SearchAction\",\"target\":{\"@type\":\"EntryPoint\",\"urlTemplate\":\"https:\\\/\\\/2025.damius.com\\\/?s={search_term_string}\"},\"query-input\":{\"@type\":\"PropertyValueSpecification\",\"valueRequired\":true,\"valueName\":\"search_term_string\"}}],\"inLanguage\":\"de\"},{\"@type\":\"Organization\",\"@id\":\"https:\\\/\\\/2025.damius.com\\\/#organization\",\"name\":\"Damius\",\"url\":\"https:\\\/\\\/2025.damius.com\\\/\",\"logo\":{\"@type\":\"ImageObject\",\"inLanguage\":\"de\",\"@id\":\"https:\\\/\\\/2025.damius.com\\\/#\\\/schema\\\/logo\\\/image\\\/\",\"url\":\"https:\\\/\\\/2025.damius.com\\\/wp-content\\\/uploads\\\/2022\\\/01\\\/Logo_Damius-1.jpg\",\"contentUrl\":\"https:\\\/\\\/2025.damius.com\\\/wp-content\\\/uploads\\\/2022\\\/01\\\/Logo_Damius-1.jpg\",\"width\":616,\"height\":143,\"caption\":\"Damius\"},\"image\":{\"@id\":\"https:\\\/\\\/2025.damius.com\\\/#\\\/schema\\\/logo\\\/image\\\/\"}}]}<\/script>\n<!-- \/ Yoast SEO plugin. -->","yoast_head_json":{"title":"Sich besser kennenlernen - Damius","robots":{"index":"noindex","follow":"follow","max-snippet":"max-snippet:-1","max-image-preview":"max-image-preview:large","max-video-preview":"max-video-preview:-1"},"og_locale":"de_DE","og_type":"article","og_title":"Sich besser kennenlernen - Damius","og_description":"Unsere Geschichte, unsere DNA Unsere Beziehung zum Dreirad begann Ende 2012! In der Anfangsphase positionierte sich unser Unternehmen als Wiederverk\u00e4ufer von bereits vorhandenen Dreir\u00e4dern und elektrischen Dreir\u00e4dern. Wir erreichten sehr schnell einen gewissen Erfolg, und im Laufe der Zeit, als wir unsere Kunden trafen und Tests durchf\u00fchrten, wurden wir zunehmend motiviert, immer bessere Produkte anzubieten. [&hellip;]","og_url":"https:\/\/2025.damius.com\/de\/sich-besser-kennenlernen\/","og_site_name":"Damius","article_modified_time":"2026-02-06T09:41:34+00:00","og_image":[{"width":600,"height":430,"url":"https:\/\/2025.damius.com\/wp-content\/uploads\/2022\/01\/tricycle-evasion-notre-histoire.jpg","type":"image\/jpeg"}],"twitter_card":"summary_large_image","twitter_misc":{"Gesch\u00e4tzte Lesezeit":"4\u00a0Minuten"},"schema":{"@context":"https:\/\/schema.org","@graph":[{"@type":"WebPage","@id":"https:\/\/2025.damius.com\/de\/sich-besser-kennenlernen\/","url":"https:\/\/2025.damius.com\/de\/sich-besser-kennenlernen\/","name":"Sich besser kennenlernen - Damius","isPartOf":{"@id":"https:\/\/2025.damius.com\/#website"},"primaryImageOfPage":{"@id":"https:\/\/2025.damius.com\/de\/sich-besser-kennenlernen\/#primaryimage"},"image":{"@id":"https:\/\/2025.damius.com\/de\/sich-besser-kennenlernen\/#primaryimage"},"thumbnailUrl":"https:\/\/2025.damius.com\/wp-content\/uploads\/2022\/01\/tricycle-evasion-notre-histoire.jpg","datePublished":"2026-02-04T14:44:24+00:00","dateModified":"2026-02-06T09:41:34+00:00","breadcrumb":{"@id":"https:\/\/2025.damius.com\/de\/sich-besser-kennenlernen\/#breadcrumb"},"inLanguage":"de","potentialAction":[{"@type":"ReadAction","target":["https:\/\/2025.damius.com\/de\/sich-besser-kennenlernen\/"]}]},{"@type":"ImageObject","inLanguage":"de","@id":"https:\/\/2025.damius.com\/de\/sich-besser-kennenlernen\/#primaryimage","url":"https:\/\/2025.damius.com\/wp-content\/uploads\/2022\/01\/tricycle-evasion-notre-histoire.jpg","contentUrl":"https:\/\/2025.damius.com\/wp-content\/uploads\/2022\/01\/tricycle-evasion-notre-histoire.jpg"},{"@type":"BreadcrumbList","@id":"https:\/\/2025.damius.com\/de\/sich-besser-kennenlernen\/#breadcrumb","itemListElement":[{"@type":"ListItem","position":1,"name":"Accueil","item":"https:\/\/2025.damius.com\/de\/haus\/"},{"@type":"ListItem","position":2,"name":"Sich besser kennenlernen"}]},{"@type":"WebSite","@id":"https:\/\/2025.damius.com\/#website","url":"https:\/\/2025.damius.com\/","name":"Damius","description":"","publisher":{"@id":"https:\/\/2025.damius.com\/#organization"},"potentialAction":[{"@type":"SearchAction","target":{"@type":"EntryPoint","urlTemplate":"https:\/\/2025.damius.com\/?s={search_term_string}"},"query-input":{"@type":"PropertyValueSpecification","valueRequired":true,"valueName":"search_term_string"}}],"inLanguage":"de"},{"@type":"Organization","@id":"https:\/\/2025.damius.com\/#organization","name":"Damius","url":"https:\/\/2025.damius.com\/","logo":{"@type":"ImageObject","inLanguage":"de","@id":"https:\/\/2025.damius.com\/#\/schema\/logo\/image\/","url":"https:\/\/2025.damius.com\/wp-content\/uploads\/2022\/01\/Logo_Damius-1.jpg","contentUrl":"https:\/\/2025.damius.com\/wp-content\/uploads\/2022\/01\/Logo_Damius-1.jpg","width":616,"height":143,"caption":"Damius"},"image":{"@id":"https:\/\/2025.damius.com\/#\/schema\/logo\/image\/"}}]}},"featured_image_src":null,"featured_image_src_square":null,"_links":{"self":[{"href":"https:\/\/2025.damius.com\/de\/wp-json\/wp\/v2\/pages\/1938","targetHints":{"allow":["GET"]}}],"collection":[{"href":"https:\/\/2025.damius.com\/de\/wp-json\/wp\/v2\/pages"}],"about":[{"href":"https:\/\/2025.damius.com\/de\/wp-json\/wp\/v2\/types\/page"}],"author":[{"embeddable":true,"href":"https:\/\/2025.damius.com\/de\/wp-json\/wp\/v2\/users\/1"}],"replies":[{"embeddable":true,"href":"https:\/\/2025.damius.com\/de\/wp-json\/wp\/v2\/comments?post=1938"}],"version-history":[{"count":4,"href":"https:\/\/2025.damius.com\/de\/wp-json\/wp\/v2\/pages\/1938\/revisions"}],"predecessor-version":[{"id":2278,"href":"https:\/\/2025.damius.com\/de\/wp-json\/wp\/v2\/pages\/1938\/revisions\/2278"}],"wp:attachment":[{"href":"https:\/\/2025.damius.com\/de\/wp-json\/wp\/v2\/media?parent=1938"}],"curies":[{"name":"wp","href":"https:\/\/api.w.org\/{rel}","templated":true}]}}