{"id":1970,"date":"2026-02-04T16:38:09","date_gmt":"2026-02-04T15:38:09","guid":{"rendered":"https:\/\/2025.damius.com\/so-bestellen-sie-auf-unserer-website\/"},"modified":"2026-02-06T09:25:03","modified_gmt":"2026-02-06T08:25:03","slug":"so-bestellen-sie-auf-unserer-website","status":"publish","type":"page","link":"https:\/\/2025.damius.com\/de\/so-bestellen-sie-auf-unserer-website\/","title":{"rendered":"So bestellen Sie auf unserer Website"},"content":{"rendered":"\n<p class=\"has-text-color\" style=\"color:#0079be\"><strong>&gt;&gt; Im Internet<\/strong><\/p>\n\n<p>Sieben Tage die Woche, rund um die Uhr \u2013 schnell und bequem \u2013 k\u00f6nnen Sie direkt online auf unserer Website <a href=\"https:\/\/www.damius.com\/fr\/\">www.damius.com<\/a> bestellen.<\/p>\n\n<p>Dazu ist es ganz einfach, folgen Sie einfach diesen Schritten:<\/p>\n\n<p><strong>Schritt 1: <\/strong>Gehen Sie zur Seite \u201e<a href=\"https:\/\/2025.damius.com\/fabrication-francaise-tricycle-electrique-evasion-damius\/\">Unsere elektrischen Dreir\u00e4der<\/a>\u201c, die Sie \u00fcber das obere Men\u00fc erreichen.<br\/><strong>Schritt 2:<\/strong> W\u00e4hlen Sie das gew\u00fcnschte Modell aus der Liste aus und klicken Sie auf die gelbe Schaltfl\u00e4che \u201ePreis \/ Weitere Details\u201c.<br\/><strong>Schritt 3:<\/strong> Schauen Sie im Produktdatenblatt nach; eine F\u00fclle von Informationen finden Sie in den Registerkarten des horizontalen gelben Men\u00fcs.<br\/><strong>Schritt 4:<\/strong> Wenn Sie eine Bestellung aufgeben m\u00f6chten, w\u00e4hlen Sie die gew\u00fcnschte Farbe aus den angebotenen Farben aus und klicken Sie auf den blauen Button \u201eKAUFEN\u201c.<br\/><strong>Schritt 5: <\/strong>Konfigurieren Sie Ihr Dreirad mit dem verf\u00fcgbaren Zubeh\u00f6r, indem Sie auf der Seite nach unten scrollen und bei den gew\u00fcnschten Zubeh\u00f6rteilen auf \u201eDieses Zubeh\u00f6r hinzuf\u00fcgen\u201c klicken.<br\/>Schritt 6: Sobald Sie Ihr Zubeh\u00f6r ausgew\u00e4hlt haben oder falls Sie keines w\u00fcnschen, scrollen Sie zum Seitenende. Dort finden Sie einen gr\u00fcnen Button \u201eBESTELLUNG ABSCHLIESSEN\u201c; klicken Sie darauf.<br\/><strong>Schritt 7:<\/strong> Ihr Dreirad wird zusammen mit dem von Ihnen ausgew\u00e4hlten Zubeh\u00f6r in Ihren Warenkorb gelegt, sodass Sie Ihre Bestellung \u00fcberpr\u00fcfen k\u00f6nnen. Klicken Sie anschlie\u00dfend auf den gr\u00fcnen Button \u201eBESTELLUNG ABSCHLIESSEN\u201c.<br\/><strong>Schritt 8:<\/strong> Folgen Sie den Anweisungen auf der Startseite, indem Sie Ihre Daten eingeben, Ihre bevorzugte Zahlungsmethode ausw\u00e4hlen, das K\u00e4stchen f\u00fcr die Allgemeinen Gesch\u00e4ftsbedingungen ankreuzen und auf den orangefarbenen Button \u201eBESTELLUNG ABSCHICKEN\u201c klicken.<br\/><strong>Schritt 9:<\/strong> Bei Zahlungen per Kreditkarte oder PayPal schlie\u00dfen Sie Ihre Zahlung auf der n\u00e4chsten Seite ab. Bei Zahlung per Scheck oder Bank\u00fcberweisung erhalten Sie eine E-Mail von uns.<br\/><strong>Schritt 10: <\/strong>Sobald Ihre Bestellung aufgegeben wurde, erhalten Sie innerhalb weniger Minuten eine Best\u00e4tigungs-E-Mail. Bitte pr\u00fcfen Sie auch Ihren Spam-Ordner, da es sich m\u00f6glicherweise um eine Marketing-E-Mail handelt.<\/p>\n\n<p class=\"has-text-color\" style=\"color:#0079be\"><strong>&gt;&gt; Telefonisch<\/strong><\/p>\n\n<p><strong>04 90 59 49 10<\/strong> <em>(geb\u00fchrenfreie Nummer)<\/em> &#8211; aus dem Ausland <strong>+33 490 594 910<\/strong><strong><\/strong><\/p>\n\n<p>Es ist einfach und benutzerfreundlich! Von Montag bis Samstag, von 9:00 bis 12:30 Uhr und von 14:00 bis 17:30 Uhr, geben Ihnen unsere Berater alle notwendigen Informationen zur Verf\u00fcgbarkeit der Artikel und zum voraussichtlichen Liefertermin und helfen Ihnen mit einem L\u00e4cheln, damit Sie unter optimalen Bedingungen einkaufen k\u00f6nnen.<\/p>\n\n<p class=\"has-text-color\" style=\"color:#0079be\"><strong>&gt;&gt; Per Post<\/strong><\/p>\n\n<p><strong>DAMIUS &#8211; TRICYCLE EVASION<br\/>199 avenue des Oulivarello<br\/>Parc d&#8217;Activit\u00e9s de la Gandonne<br\/>13300 SALON DE PROVENCE &#8211; France<\/strong><\/p>\n\n<p>Noch einfacher geht es: F\u00fcllen Sie einfach ein Bestellformular aus und senden Sie es zusammen mit Ihrer Zahlung an die oben genannte Adresse. Nach Eingang Ihrer Bestellung werden Sie telefonisch benachrichtigt und Ihre Bestellung wird anschlie\u00dfend innerhalb von 24 Stunden bearbeitet.<\/p>\n\n<p>Um Ihr Bestellformular auszudrucken und auszuf\u00fcllen, &gt;&gt; <a href=\"\/wp-content\/uploads\/2022\/01\/bon-de-commande-courrier.pdf\" target=\"_blank\" rel=\"noreferrer noopener\">klicken Sie<\/a> hier oder fordern Sie es telefonisch unter <strong>04 90 59 49 10<\/strong> <em>(Nicht-Premium-Tarifnummer &#8211; aus dem Ausland +33 490 594 910)<\/em> an, und wir senden es Ihnen zu.<\/p>\n\n<p class=\"has-text-color\" style=\"color:#0079be\"><strong>&gt;&gt; In unseren R\u00e4umlichkeiten<\/strong><\/p>\n\n<p>Wenn Sie bei uns vorbeikommen, um ein Dreirad anzusehen oder auszuprobieren, haben Sie die M\u00f6glichkeit, Ihr Dreirad direkt vor Ort zu kaufen und per Scheck zu bezahlen.<\/p>\n\n<p>Ein Berater wird Sie nach den notwendigen Informationen fragen und sich um das Ausf\u00fcllen des Bestellformulars k\u00fcmmern.<\/p>\n\n<p class=\"has-text-color\" style=\"color:#ff0004\"><strong>ACHTUNG \u2013 NUR NACH VEREINBARUNG, DANKE<\/strong><\/p>\n\n<p><strong>DAMIUS &#8211; TRICYCLE EVASION<br\/>199 avenue des Oulivarello<br\/>Parc d&#8217;Activit\u00e9s de la Gandonne<br\/>13300 SALON DE PROVENCE &#8211; France<\/strong><\/p>\n\n<p><strong>Telefon: 04 90 59 49 10<\/strong><\/p>\n","protected":false},"excerpt":{"rendered":"<p>&gt;&gt; Im Internet Sieben Tage die Woche, rund um die Uhr \u2013 schnell und bequem \u2013 k\u00f6nnen Sie direkt online auf unserer Website www.damius.com bestellen. Dazu ist es ganz einfach, folgen Sie einfach diesen Schritten: Schritt 1: Gehen Sie zur Seite \u201eUnsere elektrischen Dreir\u00e4der\u201c, die Sie \u00fcber das obere Men\u00fc erreichen.Schritt 2: W\u00e4hlen Sie das [&hellip;]<\/p>\n","protected":false},"author":1,"featured_media":0,"parent":0,"menu_order":0,"comment_status":"closed","ping_status":"closed","template":"","meta":{"_acf_changed":false,"_eb_attr":"","footnotes":""},"class_list":["post-1970","page","type-page","status-publish","hentry"],"acf":[],"yoast_head":"<!-- This site is optimized with the Yoast SEO plugin v27.3 - https:\/\/yoast.com\/product\/yoast-seo-wordpress\/ -->\n<title>So bestellen Sie auf unserer Website - Damius<\/title>\n<meta name=\"robots\" content=\"noindex, follow, max-snippet:-1, max-image-preview:large, max-video-preview:-1\" \/>\n<meta property=\"og:locale\" content=\"de_DE\" \/>\n<meta property=\"og:type\" content=\"article\" \/>\n<meta property=\"og:title\" content=\"So bestellen Sie auf unserer Website - Damius\" \/>\n<meta property=\"og:description\" content=\"&gt;&gt; Im Internet Sieben Tage die Woche, rund um die Uhr \u2013 schnell und bequem \u2013 k\u00f6nnen Sie direkt online auf unserer Website www.damius.com bestellen. Dazu ist es ganz einfach, folgen Sie einfach diesen Schritten: Schritt 1: Gehen Sie zur Seite \u201eUnsere elektrischen Dreir\u00e4der\u201c, die Sie \u00fcber das obere Men\u00fc erreichen.Schritt 2: W\u00e4hlen Sie das [&hellip;]\" \/>\n<meta property=\"og:url\" content=\"https:\/\/2025.damius.com\/de\/so-bestellen-sie-auf-unserer-website\/\" \/>\n<meta property=\"og:site_name\" content=\"Damius\" \/>\n<meta property=\"article:modified_time\" content=\"2026-02-06T08:25:03+00:00\" \/>\n<meta name=\"twitter:card\" content=\"summary_large_image\" \/>\n<meta name=\"twitter:label1\" content=\"Gesch\u00e4tzte Lesezeit\" \/>\n\t<meta name=\"twitter:data1\" content=\"3\u00a0Minuten\" \/>\n<script type=\"application\/ld+json\" class=\"yoast-schema-graph\">{\"@context\":\"https:\\\/\\\/schema.org\",\"@graph\":[{\"@type\":\"WebPage\",\"@id\":\"https:\\\/\\\/2025.damius.com\\\/de\\\/so-bestellen-sie-auf-unserer-website\\\/\",\"url\":\"https:\\\/\\\/2025.damius.com\\\/de\\\/so-bestellen-sie-auf-unserer-website\\\/\",\"name\":\"So bestellen Sie auf unserer Website - Damius\",\"isPartOf\":{\"@id\":\"https:\\\/\\\/2025.damius.com\\\/#website\"},\"datePublished\":\"2026-02-04T15:38:09+00:00\",\"dateModified\":\"2026-02-06T08:25:03+00:00\",\"breadcrumb\":{\"@id\":\"https:\\\/\\\/2025.damius.com\\\/de\\\/so-bestellen-sie-auf-unserer-website\\\/#breadcrumb\"},\"inLanguage\":\"de\",\"potentialAction\":[{\"@type\":\"ReadAction\",\"target\":[\"https:\\\/\\\/2025.damius.com\\\/de\\\/so-bestellen-sie-auf-unserer-website\\\/\"]}]},{\"@type\":\"BreadcrumbList\",\"@id\":\"https:\\\/\\\/2025.damius.com\\\/de\\\/so-bestellen-sie-auf-unserer-website\\\/#breadcrumb\",\"itemListElement\":[{\"@type\":\"ListItem\",\"position\":1,\"name\":\"Accueil\",\"item\":\"https:\\\/\\\/2025.damius.com\\\/de\\\/haus\\\/\"},{\"@type\":\"ListItem\",\"position\":2,\"name\":\"So bestellen Sie auf unserer Website\"}]},{\"@type\":\"WebSite\",\"@id\":\"https:\\\/\\\/2025.damius.com\\\/#website\",\"url\":\"https:\\\/\\\/2025.damius.com\\\/\",\"name\":\"Damius\",\"description\":\"\",\"publisher\":{\"@id\":\"https:\\\/\\\/2025.damius.com\\\/#organization\"},\"potentialAction\":[{\"@type\":\"SearchAction\",\"target\":{\"@type\":\"EntryPoint\",\"urlTemplate\":\"https:\\\/\\\/2025.damius.com\\\/?s={search_term_string}\"},\"query-input\":{\"@type\":\"PropertyValueSpecification\",\"valueRequired\":true,\"valueName\":\"search_term_string\"}}],\"inLanguage\":\"de\"},{\"@type\":\"Organization\",\"@id\":\"https:\\\/\\\/2025.damius.com\\\/#organization\",\"name\":\"Damius\",\"url\":\"https:\\\/\\\/2025.damius.com\\\/\",\"logo\":{\"@type\":\"ImageObject\",\"inLanguage\":\"de\",\"@id\":\"https:\\\/\\\/2025.damius.com\\\/#\\\/schema\\\/logo\\\/image\\\/\",\"url\":\"https:\\\/\\\/2025.damius.com\\\/wp-content\\\/uploads\\\/2022\\\/01\\\/Logo_Damius-1.jpg\",\"contentUrl\":\"https:\\\/\\\/2025.damius.com\\\/wp-content\\\/uploads\\\/2022\\\/01\\\/Logo_Damius-1.jpg\",\"width\":616,\"height\":143,\"caption\":\"Damius\"},\"image\":{\"@id\":\"https:\\\/\\\/2025.damius.com\\\/#\\\/schema\\\/logo\\\/image\\\/\"}}]}<\/script>\n<!-- \/ Yoast SEO plugin. -->","yoast_head_json":{"title":"So bestellen Sie auf unserer Website - Damius","robots":{"index":"noindex","follow":"follow","max-snippet":"max-snippet:-1","max-image-preview":"max-image-preview:large","max-video-preview":"max-video-preview:-1"},"og_locale":"de_DE","og_type":"article","og_title":"So bestellen Sie auf unserer Website - Damius","og_description":"&gt;&gt; Im Internet Sieben Tage die Woche, rund um die Uhr \u2013 schnell und bequem \u2013 k\u00f6nnen Sie direkt online auf unserer Website www.damius.com bestellen. Dazu ist es ganz einfach, folgen Sie einfach diesen Schritten: Schritt 1: Gehen Sie zur Seite \u201eUnsere elektrischen Dreir\u00e4der\u201c, die Sie \u00fcber das obere Men\u00fc erreichen.Schritt 2: W\u00e4hlen Sie das [&hellip;]","og_url":"https:\/\/2025.damius.com\/de\/so-bestellen-sie-auf-unserer-website\/","og_site_name":"Damius","article_modified_time":"2026-02-06T08:25:03+00:00","twitter_card":"summary_large_image","twitter_misc":{"Gesch\u00e4tzte Lesezeit":"3\u00a0Minuten"},"schema":{"@context":"https:\/\/schema.org","@graph":[{"@type":"WebPage","@id":"https:\/\/2025.damius.com\/de\/so-bestellen-sie-auf-unserer-website\/","url":"https:\/\/2025.damius.com\/de\/so-bestellen-sie-auf-unserer-website\/","name":"So bestellen Sie auf unserer Website - Damius","isPartOf":{"@id":"https:\/\/2025.damius.com\/#website"},"datePublished":"2026-02-04T15:38:09+00:00","dateModified":"2026-02-06T08:25:03+00:00","breadcrumb":{"@id":"https:\/\/2025.damius.com\/de\/so-bestellen-sie-auf-unserer-website\/#breadcrumb"},"inLanguage":"de","potentialAction":[{"@type":"ReadAction","target":["https:\/\/2025.damius.com\/de\/so-bestellen-sie-auf-unserer-website\/"]}]},{"@type":"BreadcrumbList","@id":"https:\/\/2025.damius.com\/de\/so-bestellen-sie-auf-unserer-website\/#breadcrumb","itemListElement":[{"@type":"ListItem","position":1,"name":"Accueil","item":"https:\/\/2025.damius.com\/de\/haus\/"},{"@type":"ListItem","position":2,"name":"So bestellen Sie auf unserer Website"}]},{"@type":"WebSite","@id":"https:\/\/2025.damius.com\/#website","url":"https:\/\/2025.damius.com\/","name":"Damius","description":"","publisher":{"@id":"https:\/\/2025.damius.com\/#organization"},"potentialAction":[{"@type":"SearchAction","target":{"@type":"EntryPoint","urlTemplate":"https:\/\/2025.damius.com\/?s={search_term_string}"},"query-input":{"@type":"PropertyValueSpecification","valueRequired":true,"valueName":"search_term_string"}}],"inLanguage":"de"},{"@type":"Organization","@id":"https:\/\/2025.damius.com\/#organization","name":"Damius","url":"https:\/\/2025.damius.com\/","logo":{"@type":"ImageObject","inLanguage":"de","@id":"https:\/\/2025.damius.com\/#\/schema\/logo\/image\/","url":"https:\/\/2025.damius.com\/wp-content\/uploads\/2022\/01\/Logo_Damius-1.jpg","contentUrl":"https:\/\/2025.damius.com\/wp-content\/uploads\/2022\/01\/Logo_Damius-1.jpg","width":616,"height":143,"caption":"Damius"},"image":{"@id":"https:\/\/2025.damius.com\/#\/schema\/logo\/image\/"}}]}},"featured_image_src":null,"featured_image_src_square":null,"_links":{"self":[{"href":"https:\/\/2025.damius.com\/de\/wp-json\/wp\/v2\/pages\/1970","targetHints":{"allow":["GET"]}}],"collection":[{"href":"https:\/\/2025.damius.com\/de\/wp-json\/wp\/v2\/pages"}],"about":[{"href":"https:\/\/2025.damius.com\/de\/wp-json\/wp\/v2\/types\/page"}],"author":[{"embeddable":true,"href":"https:\/\/2025.damius.com\/de\/wp-json\/wp\/v2\/users\/1"}],"replies":[{"embeddable":true,"href":"https:\/\/2025.damius.com\/de\/wp-json\/wp\/v2\/comments?post=1970"}],"version-history":[{"count":1,"href":"https:\/\/2025.damius.com\/de\/wp-json\/wp\/v2\/pages\/1970\/revisions"}],"predecessor-version":[{"id":1971,"href":"https:\/\/2025.damius.com\/de\/wp-json\/wp\/v2\/pages\/1970\/revisions\/1971"}],"wp:attachment":[{"href":"https:\/\/2025.damius.com\/de\/wp-json\/wp\/v2\/media?parent=1970"}],"curies":[{"name":"wp","href":"https:\/\/api.w.org\/{rel}","templated":true}]}}