{"id":1994,"date":"2026-02-04T17:42:01","date_gmt":"2026-02-04T16:42:01","guid":{"rendered":"https:\/\/2025.damius.com\/franzoesisches-design-evasion-elektrodreirad-damius\/"},"modified":"2026-02-04T17:42:01","modified_gmt":"2026-02-04T16:42:01","slug":"franzoesisches-design-evasion-elektrodreirad-damius","status":"publish","type":"page","link":"https:\/\/2025.damius.com\/de\/franzoesisches-design-evasion-elektrodreirad-damius\/","title":{"rendered":"Franz\u00f6sisches Design \u2013 Evasion Elektrodreirad \u2013 Damius"},"content":{"rendered":"\n<div class=\"wp-block-media-text alignwide is-stacked-on-mobile\"><figure class=\"wp-block-media-text__media\"><img loading=\"lazy\" decoding=\"async\" width=\"600\" height=\"400\" src=\"https:\/\/2025.damius.com\/wp-content\/uploads\/2022\/01\/tricycle-fabrication-france.jpg\" alt=\"\" class=\"wp-image-638 size-full\" srcset=\"https:\/\/2025.damius.com\/wp-content\/uploads\/2022\/01\/tricycle-fabrication-france.jpg 600w, https:\/\/2025.damius.com\/wp-content\/uploads\/2022\/01\/tricycle-fabrication-france-300x200.jpg 300w\" sizes=\"auto, (max-width: 600px) 100vw, 600px\" \/><\/figure><div class=\"wp-block-media-text__content\">\n<h2 class=\"wp-block-heading\">Franz\u00f6sisches Design? Garantierte Herkunft!<\/h2>\n\n\n\n<p>Dies ist seit Beginn des Projekts unser Leitprinzip. Wir waren uns durchaus der Unzufriedenheit derjenigen bewusst, die unwissentlich minderwertige oder schlecht gestaltete Produkte mit einem eher einfachen Design erworben hatten.<\/p>\n\n\n\n<p>Aufgrund dieser Beobachtung haben wir uns entschieden, <strong>sehr gut gestaltete elektrische Dreir\u00e4der anzubieten<\/strong>, <span style=\"text-decoration: underline;\">die die Bed\u00fcrfnisse der Zielgruppe voll und ganz erf\u00fcllen<\/span>, mit hoher Fertigungsqualit\u00e4t, geeigneter und langlebiger Ausstattung und effizientem Kundendienst. <\/p>\n\n\n\n<p>Unsere Erfahrung, unser rigoroses Design und unsere Qualit\u00e4tskontrolle, die Auswahl der besten Lieferanten und <strong>die Zufriedenheit unserer Kunden<\/strong> sind die Zutaten des &#8222;DAMIUS&#8220;-Rezepts. Das Ergebnis entspricht unseren Erwartungen, davon werden Sie selbst sehen, wenn Sie unsere Produkte sehen, sie ausprobieren oder mit unseren Kunden sprechen oder deren Bewertungen und Kommentare lesen!<\/p>\n\n\n\n<p><a href=\"https:\/\/www.damius.com\/fr\/le-tricycle-francais-electrique-evasion2.html\">Entdecken Sie unser elektrisches Dreirad Evasion!<\/a><\/p>\n<\/div><\/div>\n\n<p>Als Beweis f\u00fcr unser <span style=\"text-decoration: underline;\">Qualit\u00e4tsversprechen bieten wir Garantiebedingungen, die mit denen der gr\u00f6\u00dften Hersteller vergleichbar sind.<\/span> Unsere Rahmen haben eine lebenslange Garantie, unsere Elektromotoren, Batterien und andere mechanische oder elektrische Komponenten haben eine Garantie von 2 Jahren!<\/p>\n\n<p><span style=\"text-decoration: underline;\">Um dies zu erreichen, \u00fcbernehmen wir das Design und arbeiten mit den besten Zulieferern zusammen:<\/span><\/p>\n\n<ul class=\"wp-block-list\">\n<li>Wir \u00fcbernehmen alle Aspekte der Konstruktion unserer Dreir\u00e4der, einschlie\u00dflich der Entwicklung von Prototypen.<\/li>\n\n\n\n<li>La fabrication des cadres est r\u00e9alis\u00e9e par une usine sp\u00e9cialis\u00e9e dans la fabrication de cadre pour tricycles et v\u00e9los sp\u00e9ciaux<\/li>\n\n\n\n<li>Das Dreirad wird in einer auf Fahrradmontage spezialisierten Fabrik von ausgebildeten und erfahrenen Mechanikern vollst\u00e4ndig montiert.<\/li>\n\n\n\n<li>Die Dreir\u00e4der werden nach der Montage von unseren Technikern gepr\u00fcft, die sich auch um Verpackung und Versand k\u00fcmmern.<\/li>\n\n\n\n<li>Die Batterien werden in S\u00fcdfrankreich von einem spezialisierten Fachmann unter Verwendung von Lithiumzellen namhafter Marken hergestellt.<\/li>\n\n\n\n<li>Die optionalen Aufbewahrungsboxen werden in einem franz\u00f6sischen Unternehmen in der Region Gard hergestellt.<\/li>\n<\/ul>\n\n<p class=\"has-text-align-center\"><br\/><strong>Von 2016 bis 2025 stellten wir unsere Dreir\u00e4der selbst her; jetzt ist die Produktion ausgelagert!<\/strong><\/p>\n\n<figure class=\"wp-block-embed is-type-video is-provider-youtube wp-block-embed-youtube wp-embed-aspect-16-9 wp-has-aspect-ratio\"><div class=\"wp-block-embed__wrapper\">\n<iframe loading=\"lazy\" title=\"D\u00e9couvrez le processus de fabrication d\u2019un tricycle \u00e9lectrique pour adulte\" width=\"580\" height=\"326\" src=\"https:\/\/www.youtube.com\/embed\/K7tQEzN98Dw?feature=oembed\" frameborder=\"0\" allow=\"accelerometer; autoplay; clipboard-write; encrypted-media; gyroscope; picture-in-picture; web-share\" referrerpolicy=\"strict-origin-when-cross-origin\" allowfullscreen><\/iframe>\n<\/div><\/figure>\n","protected":false},"excerpt":{"rendered":"<p>Franz\u00f6sisches Design? Garantierte Herkunft! Dies ist seit Beginn des Projekts unser Leitprinzip. Wir waren uns durchaus der Unzufriedenheit derjenigen bewusst, die unwissentlich minderwertige oder schlecht gestaltete Produkte mit einem eher einfachen Design erworben hatten. Aufgrund dieser Beobachtung haben wir uns entschieden, sehr gut gestaltete elektrische Dreir\u00e4der anzubieten, die die Bed\u00fcrfnisse der Zielgruppe voll und ganz [&hellip;]<\/p>\n","protected":false},"author":1,"featured_media":0,"parent":0,"menu_order":0,"comment_status":"closed","ping_status":"closed","template":"","meta":{"_acf_changed":false,"_eb_attr":"","footnotes":""},"class_list":["post-1994","page","type-page","status-publish","hentry"],"acf":[],"yoast_head":"<!-- This site is optimized with the Yoast SEO plugin v27.3 - https:\/\/yoast.com\/product\/yoast-seo-wordpress\/ -->\n<title>Franz\u00f6sisches Design \u2013 Evasion Elektrodreirad \u2013 Damius - Damius<\/title>\n<meta name=\"robots\" content=\"noindex, follow, max-snippet:-1, max-image-preview:large, max-video-preview:-1\" \/>\n<meta property=\"og:locale\" content=\"de_DE\" \/>\n<meta property=\"og:type\" content=\"article\" \/>\n<meta property=\"og:title\" content=\"Franz\u00f6sisches Design \u2013 Evasion Elektrodreirad \u2013 Damius - Damius\" \/>\n<meta property=\"og:description\" content=\"Franz\u00f6sisches Design? Garantierte Herkunft! Dies ist seit Beginn des Projekts unser Leitprinzip. Wir waren uns durchaus der Unzufriedenheit derjenigen bewusst, die unwissentlich minderwertige oder schlecht gestaltete Produkte mit einem eher einfachen Design erworben hatten. Aufgrund dieser Beobachtung haben wir uns entschieden, sehr gut gestaltete elektrische Dreir\u00e4der anzubieten, die die Bed\u00fcrfnisse der Zielgruppe voll und ganz [&hellip;]\" \/>\n<meta property=\"og:url\" content=\"https:\/\/2025.damius.com\/de\/franzoesisches-design-evasion-elektrodreirad-damius\/\" \/>\n<meta property=\"og:site_name\" content=\"Damius\" \/>\n<meta property=\"og:image\" content=\"https:\/\/2025.damius.com\/wp-content\/uploads\/2022\/01\/tricycle-fabrication-france.jpg\" \/>\n\t<meta property=\"og:image:width\" content=\"600\" \/>\n\t<meta property=\"og:image:height\" content=\"400\" \/>\n\t<meta property=\"og:image:type\" content=\"image\/jpeg\" \/>\n<meta name=\"twitter:card\" content=\"summary_large_image\" \/>\n<meta name=\"twitter:label1\" content=\"Gesch\u00e4tzte Lesezeit\" \/>\n\t<meta name=\"twitter:data1\" content=\"2\u00a0Minuten\" \/>\n<script type=\"application\/ld+json\" class=\"yoast-schema-graph\">{\"@context\":\"https:\\\/\\\/schema.org\",\"@graph\":[{\"@type\":\"WebPage\",\"@id\":\"https:\\\/\\\/2025.damius.com\\\/de\\\/franzoesisches-design-evasion-elektrodreirad-damius\\\/\",\"url\":\"https:\\\/\\\/2025.damius.com\\\/de\\\/franzoesisches-design-evasion-elektrodreirad-damius\\\/\",\"name\":\"Franz\u00f6sisches Design \u2013 Evasion Elektrodreirad \u2013 Damius - Damius\",\"isPartOf\":{\"@id\":\"https:\\\/\\\/2025.damius.com\\\/#website\"},\"primaryImageOfPage\":{\"@id\":\"https:\\\/\\\/2025.damius.com\\\/de\\\/franzoesisches-design-evasion-elektrodreirad-damius\\\/#primaryimage\"},\"image\":{\"@id\":\"https:\\\/\\\/2025.damius.com\\\/de\\\/franzoesisches-design-evasion-elektrodreirad-damius\\\/#primaryimage\"},\"thumbnailUrl\":\"https:\\\/\\\/2025.damius.com\\\/wp-content\\\/uploads\\\/2022\\\/01\\\/tricycle-fabrication-france.jpg\",\"datePublished\":\"2026-02-04T16:42:01+00:00\",\"breadcrumb\":{\"@id\":\"https:\\\/\\\/2025.damius.com\\\/de\\\/franzoesisches-design-evasion-elektrodreirad-damius\\\/#breadcrumb\"},\"inLanguage\":\"de\",\"potentialAction\":[{\"@type\":\"ReadAction\",\"target\":[\"https:\\\/\\\/2025.damius.com\\\/de\\\/franzoesisches-design-evasion-elektrodreirad-damius\\\/\"]}]},{\"@type\":\"ImageObject\",\"inLanguage\":\"de\",\"@id\":\"https:\\\/\\\/2025.damius.com\\\/de\\\/franzoesisches-design-evasion-elektrodreirad-damius\\\/#primaryimage\",\"url\":\"https:\\\/\\\/2025.damius.com\\\/wp-content\\\/uploads\\\/2022\\\/01\\\/tricycle-fabrication-france.jpg\",\"contentUrl\":\"https:\\\/\\\/2025.damius.com\\\/wp-content\\\/uploads\\\/2022\\\/01\\\/tricycle-fabrication-france.jpg\"},{\"@type\":\"BreadcrumbList\",\"@id\":\"https:\\\/\\\/2025.damius.com\\\/de\\\/franzoesisches-design-evasion-elektrodreirad-damius\\\/#breadcrumb\",\"itemListElement\":[{\"@type\":\"ListItem\",\"position\":1,\"name\":\"Accueil\",\"item\":\"https:\\\/\\\/2025.damius.com\\\/de\\\/haus\\\/\"},{\"@type\":\"ListItem\",\"position\":2,\"name\":\"Franz\u00f6sisches Design \u2013 Evasion Elektrodreirad \u2013 Damius\"}]},{\"@type\":\"WebSite\",\"@id\":\"https:\\\/\\\/2025.damius.com\\\/#website\",\"url\":\"https:\\\/\\\/2025.damius.com\\\/\",\"name\":\"Damius\",\"description\":\"\",\"publisher\":{\"@id\":\"https:\\\/\\\/2025.damius.com\\\/#organization\"},\"potentialAction\":[{\"@type\":\"SearchAction\",\"target\":{\"@type\":\"EntryPoint\",\"urlTemplate\":\"https:\\\/\\\/2025.damius.com\\\/?s={search_term_string}\"},\"query-input\":{\"@type\":\"PropertyValueSpecification\",\"valueRequired\":true,\"valueName\":\"search_term_string\"}}],\"inLanguage\":\"de\"},{\"@type\":\"Organization\",\"@id\":\"https:\\\/\\\/2025.damius.com\\\/#organization\",\"name\":\"Damius\",\"url\":\"https:\\\/\\\/2025.damius.com\\\/\",\"logo\":{\"@type\":\"ImageObject\",\"inLanguage\":\"de\",\"@id\":\"https:\\\/\\\/2025.damius.com\\\/#\\\/schema\\\/logo\\\/image\\\/\",\"url\":\"https:\\\/\\\/2025.damius.com\\\/wp-content\\\/uploads\\\/2022\\\/01\\\/Logo_Damius-1.jpg\",\"contentUrl\":\"https:\\\/\\\/2025.damius.com\\\/wp-content\\\/uploads\\\/2022\\\/01\\\/Logo_Damius-1.jpg\",\"width\":616,\"height\":143,\"caption\":\"Damius\"},\"image\":{\"@id\":\"https:\\\/\\\/2025.damius.com\\\/#\\\/schema\\\/logo\\\/image\\\/\"}}]}<\/script>\n<!-- \/ Yoast SEO plugin. -->","yoast_head_json":{"title":"Franz\u00f6sisches Design \u2013 Evasion Elektrodreirad \u2013 Damius - Damius","robots":{"index":"noindex","follow":"follow","max-snippet":"max-snippet:-1","max-image-preview":"max-image-preview:large","max-video-preview":"max-video-preview:-1"},"og_locale":"de_DE","og_type":"article","og_title":"Franz\u00f6sisches Design \u2013 Evasion Elektrodreirad \u2013 Damius - Damius","og_description":"Franz\u00f6sisches Design? Garantierte Herkunft! Dies ist seit Beginn des Projekts unser Leitprinzip. Wir waren uns durchaus der Unzufriedenheit derjenigen bewusst, die unwissentlich minderwertige oder schlecht gestaltete Produkte mit einem eher einfachen Design erworben hatten. Aufgrund dieser Beobachtung haben wir uns entschieden, sehr gut gestaltete elektrische Dreir\u00e4der anzubieten, die die Bed\u00fcrfnisse der Zielgruppe voll und ganz [&hellip;]","og_url":"https:\/\/2025.damius.com\/de\/franzoesisches-design-evasion-elektrodreirad-damius\/","og_site_name":"Damius","og_image":[{"width":600,"height":400,"url":"https:\/\/2025.damius.com\/wp-content\/uploads\/2022\/01\/tricycle-fabrication-france.jpg","type":"image\/jpeg"}],"twitter_card":"summary_large_image","twitter_misc":{"Gesch\u00e4tzte Lesezeit":"2\u00a0Minuten"},"schema":{"@context":"https:\/\/schema.org","@graph":[{"@type":"WebPage","@id":"https:\/\/2025.damius.com\/de\/franzoesisches-design-evasion-elektrodreirad-damius\/","url":"https:\/\/2025.damius.com\/de\/franzoesisches-design-evasion-elektrodreirad-damius\/","name":"Franz\u00f6sisches Design \u2013 Evasion Elektrodreirad \u2013 Damius - Damius","isPartOf":{"@id":"https:\/\/2025.damius.com\/#website"},"primaryImageOfPage":{"@id":"https:\/\/2025.damius.com\/de\/franzoesisches-design-evasion-elektrodreirad-damius\/#primaryimage"},"image":{"@id":"https:\/\/2025.damius.com\/de\/franzoesisches-design-evasion-elektrodreirad-damius\/#primaryimage"},"thumbnailUrl":"https:\/\/2025.damius.com\/wp-content\/uploads\/2022\/01\/tricycle-fabrication-france.jpg","datePublished":"2026-02-04T16:42:01+00:00","breadcrumb":{"@id":"https:\/\/2025.damius.com\/de\/franzoesisches-design-evasion-elektrodreirad-damius\/#breadcrumb"},"inLanguage":"de","potentialAction":[{"@type":"ReadAction","target":["https:\/\/2025.damius.com\/de\/franzoesisches-design-evasion-elektrodreirad-damius\/"]}]},{"@type":"ImageObject","inLanguage":"de","@id":"https:\/\/2025.damius.com\/de\/franzoesisches-design-evasion-elektrodreirad-damius\/#primaryimage","url":"https:\/\/2025.damius.com\/wp-content\/uploads\/2022\/01\/tricycle-fabrication-france.jpg","contentUrl":"https:\/\/2025.damius.com\/wp-content\/uploads\/2022\/01\/tricycle-fabrication-france.jpg"},{"@type":"BreadcrumbList","@id":"https:\/\/2025.damius.com\/de\/franzoesisches-design-evasion-elektrodreirad-damius\/#breadcrumb","itemListElement":[{"@type":"ListItem","position":1,"name":"Accueil","item":"https:\/\/2025.damius.com\/de\/haus\/"},{"@type":"ListItem","position":2,"name":"Franz\u00f6sisches Design \u2013 Evasion Elektrodreirad \u2013 Damius"}]},{"@type":"WebSite","@id":"https:\/\/2025.damius.com\/#website","url":"https:\/\/2025.damius.com\/","name":"Damius","description":"","publisher":{"@id":"https:\/\/2025.damius.com\/#organization"},"potentialAction":[{"@type":"SearchAction","target":{"@type":"EntryPoint","urlTemplate":"https:\/\/2025.damius.com\/?s={search_term_string}"},"query-input":{"@type":"PropertyValueSpecification","valueRequired":true,"valueName":"search_term_string"}}],"inLanguage":"de"},{"@type":"Organization","@id":"https:\/\/2025.damius.com\/#organization","name":"Damius","url":"https:\/\/2025.damius.com\/","logo":{"@type":"ImageObject","inLanguage":"de","@id":"https:\/\/2025.damius.com\/#\/schema\/logo\/image\/","url":"https:\/\/2025.damius.com\/wp-content\/uploads\/2022\/01\/Logo_Damius-1.jpg","contentUrl":"https:\/\/2025.damius.com\/wp-content\/uploads\/2022\/01\/Logo_Damius-1.jpg","width":616,"height":143,"caption":"Damius"},"image":{"@id":"https:\/\/2025.damius.com\/#\/schema\/logo\/image\/"}}]}},"featured_image_src":null,"featured_image_src_square":null,"_links":{"self":[{"href":"https:\/\/2025.damius.com\/de\/wp-json\/wp\/v2\/pages\/1994","targetHints":{"allow":["GET"]}}],"collection":[{"href":"https:\/\/2025.damius.com\/de\/wp-json\/wp\/v2\/pages"}],"about":[{"href":"https:\/\/2025.damius.com\/de\/wp-json\/wp\/v2\/types\/page"}],"author":[{"embeddable":true,"href":"https:\/\/2025.damius.com\/de\/wp-json\/wp\/v2\/users\/1"}],"replies":[{"embeddable":true,"href":"https:\/\/2025.damius.com\/de\/wp-json\/wp\/v2\/comments?post=1994"}],"version-history":[{"count":1,"href":"https:\/\/2025.damius.com\/de\/wp-json\/wp\/v2\/pages\/1994\/revisions"}],"predecessor-version":[{"id":1995,"href":"https:\/\/2025.damius.com\/de\/wp-json\/wp\/v2\/pages\/1994\/revisions\/1995"}],"wp:attachment":[{"href":"https:\/\/2025.damius.com\/de\/wp-json\/wp\/v2\/media?parent=1994"}],"curies":[{"name":"wp","href":"https:\/\/api.w.org\/{rel}","templated":true}]}}