{"id":2006,"date":"2026-02-04T17:55:28","date_gmt":"2026-02-04T16:55:28","guid":{"rendered":"https:\/\/2025.damius.com\/entdecken-sie-hier-die-organisationen-die-uns-vertrauen-und-uns-unterstuetzen\/"},"modified":"2026-02-06T09:07:37","modified_gmt":"2026-02-06T08:07:37","slug":"entdecken-sie-hier-die-organisationen-die-uns-vertrauen-und-uns-unterstuetzen","status":"publish","type":"page","link":"https:\/\/2025.damius.com\/de\/entdecken-sie-hier-die-organisationen-die-uns-vertrauen-und-uns-unterstuetzen\/","title":{"rendered":"Entdecken Sie hier die Organisationen, die uns vertrauen und uns unterst\u00fctzen!"},"content":{"rendered":"\n<div class=\"wp-block-columns is-layout-flex wp-container-core-columns-is-layout-9d6595d7 wp-block-columns-is-layout-flex\">\n<div class=\"wp-block-column is-layout-flow wp-block-column-is-layout-flow\">\n<figure class=\"wp-block-image size-full is-resized\"><img loading=\"lazy\" decoding=\"async\" width=\"750\" height=\"1000\" src=\"https:\/\/2025.damius.com\/wp-content\/uploads\/2022\/01\/france-relance-tricycle-francais-damius.jpg\" alt=\"\" class=\"wp-image-652\" style=\"width:326px;height:434px\" srcset=\"https:\/\/2025.damius.com\/wp-content\/uploads\/2022\/01\/france-relance-tricycle-francais-damius.jpg 750w, https:\/\/2025.damius.com\/wp-content\/uploads\/2022\/01\/france-relance-tricycle-francais-damius-225x300.jpg 225w, https:\/\/2025.damius.com\/wp-content\/uploads\/2022\/01\/france-relance-tricycle-francais-damius-300x400.jpg 300w, https:\/\/2025.damius.com\/wp-content\/uploads\/2022\/01\/france-relance-tricycle-francais-damius-600x800.jpg 600w\" sizes=\"auto, (max-width: 750px) 100vw, 750px\" \/><\/figure>\n<\/div>\n\n\n\n<div class=\"wp-block-column is-layout-flow wp-block-column-is-layout-flow\">\n<figure class=\"wp-block-image size-large\"><img loading=\"lazy\" decoding=\"async\" width=\"1024\" height=\"768\" src=\"https:\/\/2025.damius.com\/wp-content\/uploads\/2022\/01\/industries-du-futur-tricycle-francais-damius-1024x768.jpg\" alt=\"\" class=\"wp-image-656\" srcset=\"https:\/\/2025.damius.com\/wp-content\/uploads\/2022\/01\/industries-du-futur-tricycle-francais-damius-1024x768.jpg 1024w, https:\/\/2025.damius.com\/wp-content\/uploads\/2022\/01\/industries-du-futur-tricycle-francais-damius-300x225.jpg 300w, https:\/\/2025.damius.com\/wp-content\/uploads\/2022\/01\/industries-du-futur-tricycle-francais-damius-768x576.jpg 768w, https:\/\/2025.damius.com\/wp-content\/uploads\/2022\/01\/industries-du-futur-tricycle-francais-damius-1200x900.jpg 1200w, https:\/\/2025.damius.com\/wp-content\/uploads\/2022\/01\/industries-du-futur-tricycle-francais-damius-600x450.jpg 600w, https:\/\/2025.damius.com\/wp-content\/uploads\/2022\/01\/industries-du-futur-tricycle-francais-damius.jpg 1333w\" sizes=\"auto, (max-width: 1024px) 100vw, 1024px\" \/><\/figure>\n<\/div>\n<\/div>\n\n<p>Wir sind stolz darauf, im Rahmen des von der Regierung initiierten Programms \u201e<strong>France Relance<\/strong>\u201c zur F\u00f6rderung des Industriesektors ausgew\u00e4hlt worden zu sein. Unser Unternehmen, DAMIUS, wurde in der Kategorie \u201e<strong>Industrien der Zukunft<\/strong>\u201c in der Region Provence-Alpes-C\u00f4te d\u2019Azur aus zahlreichen Bewerbungen ausgew\u00e4hlt. Diese Hilfe wird dazu beitragen, das Unternehmen zu st\u00e4rken, indem sie seine Wettbewerbsf\u00e4higkeit erh\u00f6ht und ihm den Zugang zu technischen Ressourcen erm\u00f6glicht, die seine Entwicklung f\u00f6rdern. Vielen Dank an unsere Institutionen und wir sehen uns sehr bald wieder, um all dies weiter zu verfolgen!<\/p>\n\n<div class=\"wp-block-genesis-blocks-gb-container bloc_soutiens gb-block-container\"><div class=\"gb-container-inside\"><div class=\"gb-container-content\" style=\"max-width:1200px\">\n<hr class=\"wp-block-separator has-css-opacity\"\/>\n\n\n\n<div class=\"wp-block-columns is-layout-flex wp-container-core-columns-is-layout-9d6595d7 wp-block-columns-is-layout-flex\">\n<div class=\"wp-block-column is-layout-flow wp-block-column-is-layout-flow\"><div class=\"wp-block-image\">\n<figure class=\"aligncenter size-full\"><img loading=\"lazy\" decoding=\"async\" width=\"620\" height=\"205\" src=\"https:\/\/2025.damius.com\/wp-content\/uploads\/2022\/01\/logo-BPI-France.jpg\" alt=\"BPI France\" class=\"wp-image-673\" srcset=\"https:\/\/2025.damius.com\/wp-content\/uploads\/2022\/01\/logo-BPI-France.jpg 620w, https:\/\/2025.damius.com\/wp-content\/uploads\/2022\/01\/logo-BPI-France-300x99.jpg 300w, https:\/\/2025.damius.com\/wp-content\/uploads\/2022\/01\/logo-BPI-France-600x198.jpg 600w\" sizes=\"auto, (max-width: 620px) 100vw, 620px\" \/><\/figure>\n<\/div><\/div>\n\n\n\n<div class=\"wp-block-column is-layout-flow wp-block-column-is-layout-flow\"><div class=\"wp-block-image\">\n<figure class=\"aligncenter size-full\"><img loading=\"lazy\" decoding=\"async\" width=\"350\" height=\"113\" src=\"https:\/\/2025.damius.com\/wp-content\/uploads\/2022\/01\/PACA-emergence.png\" alt=\"PACA Emergence\" class=\"wp-image-669\" srcset=\"https:\/\/2025.damius.com\/wp-content\/uploads\/2022\/01\/PACA-emergence.png 350w, https:\/\/2025.damius.com\/wp-content\/uploads\/2022\/01\/PACA-emergence-300x97.png 300w\" sizes=\"auto, (max-width: 350px) 100vw, 350px\" \/><\/figure>\n<\/div><\/div>\n\n\n\n<div class=\"wp-block-column is-layout-flow wp-block-column-is-layout-flow\"><div class=\"wp-block-image\">\n<figure class=\"aligncenter size-full is-resized\"><img loading=\"lazy\" decoding=\"async\" width=\"206\" height=\"206\" src=\"https:\/\/2025.damius.com\/wp-content\/uploads\/2022\/01\/Logotheque-et-kit-de-communication-France-Relance_large.png\" alt=\"France Relance\" class=\"wp-image-665\" style=\"width:105px;height:105px\" srcset=\"https:\/\/2025.damius.com\/wp-content\/uploads\/2022\/01\/Logotheque-et-kit-de-communication-France-Relance_large.png 206w, https:\/\/2025.damius.com\/wp-content\/uploads\/2022\/01\/Logotheque-et-kit-de-communication-France-Relance_large-50x50.png 50w, https:\/\/2025.damius.com\/wp-content\/uploads\/2022\/01\/Logotheque-et-kit-de-communication-France-Relance_large-100x100.png 100w, https:\/\/2025.damius.com\/wp-content\/uploads\/2022\/01\/Logotheque-et-kit-de-communication-France-Relance_large-150x150.png 150w\" sizes=\"auto, (max-width: 206px) 100vw, 206px\" \/><\/figure>\n<\/div><\/div>\n\n\n\n<div class=\"wp-block-column is-layout-flow wp-block-column-is-layout-flow\"><div class=\"wp-block-image\">\n<figure class=\"aligncenter size-large is-resized\"><img loading=\"lazy\" decoding=\"async\" width=\"1024\" height=\"564\" src=\"https:\/\/2025.damius.com\/wp-content\/uploads\/2022\/01\/1280px-Logo_PACA_2018.svg_-1024x564.png\" alt=\"R&#xE9;gion Sud\" class=\"wp-image-661\" style=\"width:176px;height:97px\" srcset=\"https:\/\/2025.damius.com\/wp-content\/uploads\/2022\/01\/1280px-Logo_PACA_2018.svg_-1024x564.png 1024w, https:\/\/2025.damius.com\/wp-content\/uploads\/2022\/01\/1280px-Logo_PACA_2018.svg_-300x165.png 300w, https:\/\/2025.damius.com\/wp-content\/uploads\/2022\/01\/1280px-Logo_PACA_2018.svg_-768x423.png 768w, https:\/\/2025.damius.com\/wp-content\/uploads\/2022\/01\/1280px-Logo_PACA_2018.svg_-1200x661.png 1200w, https:\/\/2025.damius.com\/wp-content\/uploads\/2022\/01\/1280px-Logo_PACA_2018.svg_-600x330.png 600w, https:\/\/2025.damius.com\/wp-content\/uploads\/2022\/01\/1280px-Logo_PACA_2018.svg_.png 1280w\" sizes=\"auto, (max-width: 1024px) 100vw, 1024px\" \/><\/figure>\n<\/div><\/div>\n<\/div>\n\n\n\n<hr class=\"wp-block-separator has-css-opacity\"\/>\n<\/div><\/div><\/div>\n","protected":false},"excerpt":{"rendered":"<p>Wir sind stolz darauf, im Rahmen des von der Regierung initiierten Programms \u201eFrance Relance\u201c zur F\u00f6rderung des Industriesektors ausgew\u00e4hlt worden zu sein. Unser Unternehmen, DAMIUS, wurde in der Kategorie \u201eIndustrien der Zukunft\u201c in der Region Provence-Alpes-C\u00f4te d\u2019Azur aus zahlreichen Bewerbungen ausgew\u00e4hlt. Diese Hilfe wird dazu beitragen, das Unternehmen zu st\u00e4rken, indem sie seine Wettbewerbsf\u00e4higkeit erh\u00f6ht [&hellip;]<\/p>\n","protected":false},"author":1,"featured_media":0,"parent":0,"menu_order":0,"comment_status":"closed","ping_status":"closed","template":"","meta":{"_acf_changed":false,"_eb_attr":"","footnotes":""},"class_list":["post-2006","page","type-page","status-publish","hentry"],"acf":[],"yoast_head":"<!-- This site is optimized with the Yoast SEO plugin v27.3 - https:\/\/yoast.com\/product\/yoast-seo-wordpress\/ -->\n<title>Entdecken Sie hier die Organisationen, die uns vertrauen und uns unterst\u00fctzen! - Damius<\/title>\n<meta name=\"robots\" content=\"noindex, follow, max-snippet:-1, max-image-preview:large, max-video-preview:-1\" \/>\n<meta property=\"og:locale\" content=\"de_DE\" \/>\n<meta property=\"og:type\" content=\"article\" \/>\n<meta property=\"og:title\" content=\"Entdecken Sie hier die Organisationen, die uns vertrauen und uns unterst\u00fctzen! - Damius\" \/>\n<meta property=\"og:description\" content=\"Wir sind stolz darauf, im Rahmen des von der Regierung initiierten Programms \u201eFrance Relance\u201c zur F\u00f6rderung des Industriesektors ausgew\u00e4hlt worden zu sein. Unser Unternehmen, DAMIUS, wurde in der Kategorie \u201eIndustrien der Zukunft\u201c in der Region Provence-Alpes-C\u00f4te d\u2019Azur aus zahlreichen Bewerbungen ausgew\u00e4hlt. Diese Hilfe wird dazu beitragen, das Unternehmen zu st\u00e4rken, indem sie seine Wettbewerbsf\u00e4higkeit erh\u00f6ht [&hellip;]\" \/>\n<meta property=\"og:url\" content=\"https:\/\/2025.damius.com\/de\/entdecken-sie-hier-die-organisationen-die-uns-vertrauen-und-uns-unterstuetzen\/\" \/>\n<meta property=\"og:site_name\" content=\"Damius\" \/>\n<meta property=\"article:modified_time\" content=\"2026-02-06T08:07:37+00:00\" \/>\n<meta property=\"og:image\" content=\"https:\/\/2025.damius.com\/wp-content\/uploads\/2022\/01\/france-relance-tricycle-francais-damius.jpg\" \/>\n\t<meta property=\"og:image:width\" content=\"750\" \/>\n\t<meta property=\"og:image:height\" content=\"1000\" \/>\n\t<meta property=\"og:image:type\" content=\"image\/jpeg\" \/>\n<meta name=\"twitter:card\" content=\"summary_large_image\" \/>\n<script type=\"application\/ld+json\" class=\"yoast-schema-graph\">{\"@context\":\"https:\\\/\\\/schema.org\",\"@graph\":[{\"@type\":\"WebPage\",\"@id\":\"https:\\\/\\\/2025.damius.com\\\/de\\\/entdecken-sie-hier-die-organisationen-die-uns-vertrauen-und-uns-unterstuetzen\\\/\",\"url\":\"https:\\\/\\\/2025.damius.com\\\/de\\\/entdecken-sie-hier-die-organisationen-die-uns-vertrauen-und-uns-unterstuetzen\\\/\",\"name\":\"Entdecken Sie hier die Organisationen, die uns vertrauen und uns unterst\u00fctzen! - Damius\",\"isPartOf\":{\"@id\":\"https:\\\/\\\/2025.damius.com\\\/#website\"},\"primaryImageOfPage\":{\"@id\":\"https:\\\/\\\/2025.damius.com\\\/de\\\/entdecken-sie-hier-die-organisationen-die-uns-vertrauen-und-uns-unterstuetzen\\\/#primaryimage\"},\"image\":{\"@id\":\"https:\\\/\\\/2025.damius.com\\\/de\\\/entdecken-sie-hier-die-organisationen-die-uns-vertrauen-und-uns-unterstuetzen\\\/#primaryimage\"},\"thumbnailUrl\":\"https:\\\/\\\/2025.damius.com\\\/wp-content\\\/uploads\\\/2022\\\/01\\\/france-relance-tricycle-francais-damius.jpg\",\"datePublished\":\"2026-02-04T16:55:28+00:00\",\"dateModified\":\"2026-02-06T08:07:37+00:00\",\"breadcrumb\":{\"@id\":\"https:\\\/\\\/2025.damius.com\\\/de\\\/entdecken-sie-hier-die-organisationen-die-uns-vertrauen-und-uns-unterstuetzen\\\/#breadcrumb\"},\"inLanguage\":\"de\",\"potentialAction\":[{\"@type\":\"ReadAction\",\"target\":[\"https:\\\/\\\/2025.damius.com\\\/de\\\/entdecken-sie-hier-die-organisationen-die-uns-vertrauen-und-uns-unterstuetzen\\\/\"]}]},{\"@type\":\"ImageObject\",\"inLanguage\":\"de\",\"@id\":\"https:\\\/\\\/2025.damius.com\\\/de\\\/entdecken-sie-hier-die-organisationen-die-uns-vertrauen-und-uns-unterstuetzen\\\/#primaryimage\",\"url\":\"https:\\\/\\\/2025.damius.com\\\/wp-content\\\/uploads\\\/2022\\\/01\\\/france-relance-tricycle-francais-damius.jpg\",\"contentUrl\":\"https:\\\/\\\/2025.damius.com\\\/wp-content\\\/uploads\\\/2022\\\/01\\\/france-relance-tricycle-francais-damius.jpg\"},{\"@type\":\"BreadcrumbList\",\"@id\":\"https:\\\/\\\/2025.damius.com\\\/de\\\/entdecken-sie-hier-die-organisationen-die-uns-vertrauen-und-uns-unterstuetzen\\\/#breadcrumb\",\"itemListElement\":[{\"@type\":\"ListItem\",\"position\":1,\"name\":\"Accueil\",\"item\":\"https:\\\/\\\/2025.damius.com\\\/de\\\/haus\\\/\"},{\"@type\":\"ListItem\",\"position\":2,\"name\":\"Entdecken Sie hier die Organisationen, die uns vertrauen und uns unterst\u00fctzen!\"}]},{\"@type\":\"WebSite\",\"@id\":\"https:\\\/\\\/2025.damius.com\\\/#website\",\"url\":\"https:\\\/\\\/2025.damius.com\\\/\",\"name\":\"Damius\",\"description\":\"\",\"publisher\":{\"@id\":\"https:\\\/\\\/2025.damius.com\\\/#organization\"},\"potentialAction\":[{\"@type\":\"SearchAction\",\"target\":{\"@type\":\"EntryPoint\",\"urlTemplate\":\"https:\\\/\\\/2025.damius.com\\\/?s={search_term_string}\"},\"query-input\":{\"@type\":\"PropertyValueSpecification\",\"valueRequired\":true,\"valueName\":\"search_term_string\"}}],\"inLanguage\":\"de\"},{\"@type\":\"Organization\",\"@id\":\"https:\\\/\\\/2025.damius.com\\\/#organization\",\"name\":\"Damius\",\"url\":\"https:\\\/\\\/2025.damius.com\\\/\",\"logo\":{\"@type\":\"ImageObject\",\"inLanguage\":\"de\",\"@id\":\"https:\\\/\\\/2025.damius.com\\\/#\\\/schema\\\/logo\\\/image\\\/\",\"url\":\"https:\\\/\\\/2025.damius.com\\\/wp-content\\\/uploads\\\/2022\\\/01\\\/Logo_Damius-1.jpg\",\"contentUrl\":\"https:\\\/\\\/2025.damius.com\\\/wp-content\\\/uploads\\\/2022\\\/01\\\/Logo_Damius-1.jpg\",\"width\":616,\"height\":143,\"caption\":\"Damius\"},\"image\":{\"@id\":\"https:\\\/\\\/2025.damius.com\\\/#\\\/schema\\\/logo\\\/image\\\/\"}}]}<\/script>\n<!-- \/ Yoast SEO plugin. -->","yoast_head_json":{"title":"Entdecken Sie hier die Organisationen, die uns vertrauen und uns unterst\u00fctzen! - Damius","robots":{"index":"noindex","follow":"follow","max-snippet":"max-snippet:-1","max-image-preview":"max-image-preview:large","max-video-preview":"max-video-preview:-1"},"og_locale":"de_DE","og_type":"article","og_title":"Entdecken Sie hier die Organisationen, die uns vertrauen und uns unterst\u00fctzen! - Damius","og_description":"Wir sind stolz darauf, im Rahmen des von der Regierung initiierten Programms \u201eFrance Relance\u201c zur F\u00f6rderung des Industriesektors ausgew\u00e4hlt worden zu sein. Unser Unternehmen, DAMIUS, wurde in der Kategorie \u201eIndustrien der Zukunft\u201c in der Region Provence-Alpes-C\u00f4te d\u2019Azur aus zahlreichen Bewerbungen ausgew\u00e4hlt. Diese Hilfe wird dazu beitragen, das Unternehmen zu st\u00e4rken, indem sie seine Wettbewerbsf\u00e4higkeit erh\u00f6ht [&hellip;]","og_url":"https:\/\/2025.damius.com\/de\/entdecken-sie-hier-die-organisationen-die-uns-vertrauen-und-uns-unterstuetzen\/","og_site_name":"Damius","article_modified_time":"2026-02-06T08:07:37+00:00","og_image":[{"width":750,"height":1000,"url":"https:\/\/2025.damius.com\/wp-content\/uploads\/2022\/01\/france-relance-tricycle-francais-damius.jpg","type":"image\/jpeg"}],"twitter_card":"summary_large_image","schema":{"@context":"https:\/\/schema.org","@graph":[{"@type":"WebPage","@id":"https:\/\/2025.damius.com\/de\/entdecken-sie-hier-die-organisationen-die-uns-vertrauen-und-uns-unterstuetzen\/","url":"https:\/\/2025.damius.com\/de\/entdecken-sie-hier-die-organisationen-die-uns-vertrauen-und-uns-unterstuetzen\/","name":"Entdecken Sie hier die Organisationen, die uns vertrauen und uns unterst\u00fctzen! - Damius","isPartOf":{"@id":"https:\/\/2025.damius.com\/#website"},"primaryImageOfPage":{"@id":"https:\/\/2025.damius.com\/de\/entdecken-sie-hier-die-organisationen-die-uns-vertrauen-und-uns-unterstuetzen\/#primaryimage"},"image":{"@id":"https:\/\/2025.damius.com\/de\/entdecken-sie-hier-die-organisationen-die-uns-vertrauen-und-uns-unterstuetzen\/#primaryimage"},"thumbnailUrl":"https:\/\/2025.damius.com\/wp-content\/uploads\/2022\/01\/france-relance-tricycle-francais-damius.jpg","datePublished":"2026-02-04T16:55:28+00:00","dateModified":"2026-02-06T08:07:37+00:00","breadcrumb":{"@id":"https:\/\/2025.damius.com\/de\/entdecken-sie-hier-die-organisationen-die-uns-vertrauen-und-uns-unterstuetzen\/#breadcrumb"},"inLanguage":"de","potentialAction":[{"@type":"ReadAction","target":["https:\/\/2025.damius.com\/de\/entdecken-sie-hier-die-organisationen-die-uns-vertrauen-und-uns-unterstuetzen\/"]}]},{"@type":"ImageObject","inLanguage":"de","@id":"https:\/\/2025.damius.com\/de\/entdecken-sie-hier-die-organisationen-die-uns-vertrauen-und-uns-unterstuetzen\/#primaryimage","url":"https:\/\/2025.damius.com\/wp-content\/uploads\/2022\/01\/france-relance-tricycle-francais-damius.jpg","contentUrl":"https:\/\/2025.damius.com\/wp-content\/uploads\/2022\/01\/france-relance-tricycle-francais-damius.jpg"},{"@type":"BreadcrumbList","@id":"https:\/\/2025.damius.com\/de\/entdecken-sie-hier-die-organisationen-die-uns-vertrauen-und-uns-unterstuetzen\/#breadcrumb","itemListElement":[{"@type":"ListItem","position":1,"name":"Accueil","item":"https:\/\/2025.damius.com\/de\/haus\/"},{"@type":"ListItem","position":2,"name":"Entdecken Sie hier die Organisationen, die uns vertrauen und uns unterst\u00fctzen!"}]},{"@type":"WebSite","@id":"https:\/\/2025.damius.com\/#website","url":"https:\/\/2025.damius.com\/","name":"Damius","description":"","publisher":{"@id":"https:\/\/2025.damius.com\/#organization"},"potentialAction":[{"@type":"SearchAction","target":{"@type":"EntryPoint","urlTemplate":"https:\/\/2025.damius.com\/?s={search_term_string}"},"query-input":{"@type":"PropertyValueSpecification","valueRequired":true,"valueName":"search_term_string"}}],"inLanguage":"de"},{"@type":"Organization","@id":"https:\/\/2025.damius.com\/#organization","name":"Damius","url":"https:\/\/2025.damius.com\/","logo":{"@type":"ImageObject","inLanguage":"de","@id":"https:\/\/2025.damius.com\/#\/schema\/logo\/image\/","url":"https:\/\/2025.damius.com\/wp-content\/uploads\/2022\/01\/Logo_Damius-1.jpg","contentUrl":"https:\/\/2025.damius.com\/wp-content\/uploads\/2022\/01\/Logo_Damius-1.jpg","width":616,"height":143,"caption":"Damius"},"image":{"@id":"https:\/\/2025.damius.com\/#\/schema\/logo\/image\/"}}]}},"featured_image_src":null,"featured_image_src_square":null,"_links":{"self":[{"href":"https:\/\/2025.damius.com\/de\/wp-json\/wp\/v2\/pages\/2006","targetHints":{"allow":["GET"]}}],"collection":[{"href":"https:\/\/2025.damius.com\/de\/wp-json\/wp\/v2\/pages"}],"about":[{"href":"https:\/\/2025.damius.com\/de\/wp-json\/wp\/v2\/types\/page"}],"author":[{"embeddable":true,"href":"https:\/\/2025.damius.com\/de\/wp-json\/wp\/v2\/users\/1"}],"replies":[{"embeddable":true,"href":"https:\/\/2025.damius.com\/de\/wp-json\/wp\/v2\/comments?post=2006"}],"version-history":[{"count":1,"href":"https:\/\/2025.damius.com\/de\/wp-json\/wp\/v2\/pages\/2006\/revisions"}],"predecessor-version":[{"id":2007,"href":"https:\/\/2025.damius.com\/de\/wp-json\/wp\/v2\/pages\/2006\/revisions\/2007"}],"wp:attachment":[{"href":"https:\/\/2025.damius.com\/de\/wp-json\/wp\/v2\/media?parent=2006"}],"curies":[{"name":"wp","href":"https:\/\/api.w.org\/{rel}","templated":true}]}}