{"id":2038,"date":"2026-02-04T18:05:48","date_gmt":"2026-02-04T17:05:48","guid":{"rendered":"https:\/\/2025.damius.com\/unser-team\/"},"modified":"2026-02-04T18:05:48","modified_gmt":"2026-02-04T17:05:48","slug":"unser-team","status":"publish","type":"page","link":"https:\/\/2025.damius.com\/de\/unser-team\/","title":{"rendered":"Unser Team"},"content":{"rendered":"\n<p>Damien Gran \u2013 Designer der elektrischen Dreir\u00e4der, Vierr\u00e4der und Fahrr\u00e4der der Marke Damius, gleichzeitig auch Gesch\u00e4ftsf\u00fchrer des Unternehmens.<\/p>\n\n<p>S\u00e9bastien Lavialle \u2013 Produktionsleiter, er ist auch f\u00fcr den Versand zust\u00e4ndig.<\/p>\n\n<p>J\u00e9r\u00e9my Bizot \u2013 Kundendienstleiter<\/p>\n\n<p>Martine Gran \u2013 Verantwortlich f\u00fcr Buchhaltung und Verwaltung<\/p>\n\n<p>Mathis \u2013 Zust\u00e4ndig f\u00fcr Vertrieb und Kundentests<\/p>\n\n<p>Charly \u2013 Zust\u00e4ndig f\u00fcr Vertrieb und Kundentests<\/p>\n\n<p>Cl\u00e9ment Osyda \u2013 Verantwortlich f\u00fcr Forschung und Entwicklung sowie 3D-Design unserer Produkte<\/p>\n\n<p>C\u00e9dric Fornieles \u2013 Montage und Pr\u00fcfung von Dreir\u00e4dern<\/p>\n","protected":false},"excerpt":{"rendered":"<p>Damien Gran \u2013 Designer der elektrischen Dreir\u00e4der, Vierr\u00e4der und Fahrr\u00e4der der Marke Damius, gleichzeitig auch Gesch\u00e4ftsf\u00fchrer des Unternehmens. S\u00e9bastien Lavialle \u2013 Produktionsleiter, er ist auch f\u00fcr den Versand zust\u00e4ndig. J\u00e9r\u00e9my Bizot \u2013 Kundendienstleiter Martine Gran \u2013 Verantwortlich f\u00fcr Buchhaltung und Verwaltung Mathis \u2013 Zust\u00e4ndig f\u00fcr Vertrieb und Kundentests Charly \u2013 Zust\u00e4ndig f\u00fcr Vertrieb und Kundentests [&hellip;]<\/p>\n","protected":false},"author":1,"featured_media":0,"parent":0,"menu_order":0,"comment_status":"closed","ping_status":"closed","template":"","meta":{"_acf_changed":false,"_eb_attr":"","footnotes":""},"class_list":["post-2038","page","type-page","status-publish","hentry"],"acf":[],"yoast_head":"<!-- This site is optimized with the Yoast SEO plugin v27.3 - https:\/\/yoast.com\/product\/yoast-seo-wordpress\/ -->\n<title>Unser Team - Damius<\/title>\n<meta name=\"robots\" content=\"noindex, follow, max-snippet:-1, max-image-preview:large, max-video-preview:-1\" \/>\n<meta property=\"og:locale\" content=\"de_DE\" \/>\n<meta property=\"og:type\" content=\"article\" \/>\n<meta property=\"og:title\" content=\"Unser Team - Damius\" \/>\n<meta property=\"og:description\" content=\"Damien Gran \u2013 Designer der elektrischen Dreir\u00e4der, Vierr\u00e4der und Fahrr\u00e4der der Marke Damius, gleichzeitig auch Gesch\u00e4ftsf\u00fchrer des Unternehmens. S\u00e9bastien Lavialle \u2013 Produktionsleiter, er ist auch f\u00fcr den Versand zust\u00e4ndig. J\u00e9r\u00e9my Bizot \u2013 Kundendienstleiter Martine Gran \u2013 Verantwortlich f\u00fcr Buchhaltung und Verwaltung Mathis \u2013 Zust\u00e4ndig f\u00fcr Vertrieb und Kundentests Charly \u2013 Zust\u00e4ndig f\u00fcr Vertrieb und Kundentests [&hellip;]\" \/>\n<meta property=\"og:url\" content=\"https:\/\/2025.damius.com\/de\/unser-team\/\" \/>\n<meta property=\"og:site_name\" content=\"Damius\" \/>\n<meta name=\"twitter:card\" content=\"summary_large_image\" \/>\n<script type=\"application\/ld+json\" class=\"yoast-schema-graph\">{\"@context\":\"https:\\\/\\\/schema.org\",\"@graph\":[{\"@type\":\"WebPage\",\"@id\":\"https:\\\/\\\/2025.damius.com\\\/de\\\/unser-team\\\/\",\"url\":\"https:\\\/\\\/2025.damius.com\\\/de\\\/unser-team\\\/\",\"name\":\"Unser Team - Damius\",\"isPartOf\":{\"@id\":\"https:\\\/\\\/2025.damius.com\\\/#website\"},\"datePublished\":\"2026-02-04T17:05:48+00:00\",\"breadcrumb\":{\"@id\":\"https:\\\/\\\/2025.damius.com\\\/de\\\/unser-team\\\/#breadcrumb\"},\"inLanguage\":\"de\",\"potentialAction\":[{\"@type\":\"ReadAction\",\"target\":[\"https:\\\/\\\/2025.damius.com\\\/de\\\/unser-team\\\/\"]}]},{\"@type\":\"BreadcrumbList\",\"@id\":\"https:\\\/\\\/2025.damius.com\\\/de\\\/unser-team\\\/#breadcrumb\",\"itemListElement\":[{\"@type\":\"ListItem\",\"position\":1,\"name\":\"Accueil\",\"item\":\"https:\\\/\\\/2025.damius.com\\\/de\\\/haus\\\/\"},{\"@type\":\"ListItem\",\"position\":2,\"name\":\"Unser Team\"}]},{\"@type\":\"WebSite\",\"@id\":\"https:\\\/\\\/2025.damius.com\\\/#website\",\"url\":\"https:\\\/\\\/2025.damius.com\\\/\",\"name\":\"Damius\",\"description\":\"\",\"publisher\":{\"@id\":\"https:\\\/\\\/2025.damius.com\\\/#organization\"},\"potentialAction\":[{\"@type\":\"SearchAction\",\"target\":{\"@type\":\"EntryPoint\",\"urlTemplate\":\"https:\\\/\\\/2025.damius.com\\\/?s={search_term_string}\"},\"query-input\":{\"@type\":\"PropertyValueSpecification\",\"valueRequired\":true,\"valueName\":\"search_term_string\"}}],\"inLanguage\":\"de\"},{\"@type\":\"Organization\",\"@id\":\"https:\\\/\\\/2025.damius.com\\\/#organization\",\"name\":\"Damius\",\"url\":\"https:\\\/\\\/2025.damius.com\\\/\",\"logo\":{\"@type\":\"ImageObject\",\"inLanguage\":\"de\",\"@id\":\"https:\\\/\\\/2025.damius.com\\\/#\\\/schema\\\/logo\\\/image\\\/\",\"url\":\"https:\\\/\\\/2025.damius.com\\\/wp-content\\\/uploads\\\/2022\\\/01\\\/Logo_Damius-1.jpg\",\"contentUrl\":\"https:\\\/\\\/2025.damius.com\\\/wp-content\\\/uploads\\\/2022\\\/01\\\/Logo_Damius-1.jpg\",\"width\":616,\"height\":143,\"caption\":\"Damius\"},\"image\":{\"@id\":\"https:\\\/\\\/2025.damius.com\\\/#\\\/schema\\\/logo\\\/image\\\/\"}}]}<\/script>\n<!-- \/ Yoast SEO plugin. -->","yoast_head_json":{"title":"Unser Team - Damius","robots":{"index":"noindex","follow":"follow","max-snippet":"max-snippet:-1","max-image-preview":"max-image-preview:large","max-video-preview":"max-video-preview:-1"},"og_locale":"de_DE","og_type":"article","og_title":"Unser Team - Damius","og_description":"Damien Gran \u2013 Designer der elektrischen Dreir\u00e4der, Vierr\u00e4der und Fahrr\u00e4der der Marke Damius, gleichzeitig auch Gesch\u00e4ftsf\u00fchrer des Unternehmens. S\u00e9bastien Lavialle \u2013 Produktionsleiter, er ist auch f\u00fcr den Versand zust\u00e4ndig. J\u00e9r\u00e9my Bizot \u2013 Kundendienstleiter Martine Gran \u2013 Verantwortlich f\u00fcr Buchhaltung und Verwaltung Mathis \u2013 Zust\u00e4ndig f\u00fcr Vertrieb und Kundentests Charly \u2013 Zust\u00e4ndig f\u00fcr Vertrieb und Kundentests [&hellip;]","og_url":"https:\/\/2025.damius.com\/de\/unser-team\/","og_site_name":"Damius","twitter_card":"summary_large_image","schema":{"@context":"https:\/\/schema.org","@graph":[{"@type":"WebPage","@id":"https:\/\/2025.damius.com\/de\/unser-team\/","url":"https:\/\/2025.damius.com\/de\/unser-team\/","name":"Unser Team - Damius","isPartOf":{"@id":"https:\/\/2025.damius.com\/#website"},"datePublished":"2026-02-04T17:05:48+00:00","breadcrumb":{"@id":"https:\/\/2025.damius.com\/de\/unser-team\/#breadcrumb"},"inLanguage":"de","potentialAction":[{"@type":"ReadAction","target":["https:\/\/2025.damius.com\/de\/unser-team\/"]}]},{"@type":"BreadcrumbList","@id":"https:\/\/2025.damius.com\/de\/unser-team\/#breadcrumb","itemListElement":[{"@type":"ListItem","position":1,"name":"Accueil","item":"https:\/\/2025.damius.com\/de\/haus\/"},{"@type":"ListItem","position":2,"name":"Unser Team"}]},{"@type":"WebSite","@id":"https:\/\/2025.damius.com\/#website","url":"https:\/\/2025.damius.com\/","name":"Damius","description":"","publisher":{"@id":"https:\/\/2025.damius.com\/#organization"},"potentialAction":[{"@type":"SearchAction","target":{"@type":"EntryPoint","urlTemplate":"https:\/\/2025.damius.com\/?s={search_term_string}"},"query-input":{"@type":"PropertyValueSpecification","valueRequired":true,"valueName":"search_term_string"}}],"inLanguage":"de"},{"@type":"Organization","@id":"https:\/\/2025.damius.com\/#organization","name":"Damius","url":"https:\/\/2025.damius.com\/","logo":{"@type":"ImageObject","inLanguage":"de","@id":"https:\/\/2025.damius.com\/#\/schema\/logo\/image\/","url":"https:\/\/2025.damius.com\/wp-content\/uploads\/2022\/01\/Logo_Damius-1.jpg","contentUrl":"https:\/\/2025.damius.com\/wp-content\/uploads\/2022\/01\/Logo_Damius-1.jpg","width":616,"height":143,"caption":"Damius"},"image":{"@id":"https:\/\/2025.damius.com\/#\/schema\/logo\/image\/"}}]}},"featured_image_src":null,"featured_image_src_square":null,"_links":{"self":[{"href":"https:\/\/2025.damius.com\/de\/wp-json\/wp\/v2\/pages\/2038","targetHints":{"allow":["GET"]}}],"collection":[{"href":"https:\/\/2025.damius.com\/de\/wp-json\/wp\/v2\/pages"}],"about":[{"href":"https:\/\/2025.damius.com\/de\/wp-json\/wp\/v2\/types\/page"}],"author":[{"embeddable":true,"href":"https:\/\/2025.damius.com\/de\/wp-json\/wp\/v2\/users\/1"}],"replies":[{"embeddable":true,"href":"https:\/\/2025.damius.com\/de\/wp-json\/wp\/v2\/comments?post=2038"}],"version-history":[{"count":1,"href":"https:\/\/2025.damius.com\/de\/wp-json\/wp\/v2\/pages\/2038\/revisions"}],"predecessor-version":[{"id":2039,"href":"https:\/\/2025.damius.com\/de\/wp-json\/wp\/v2\/pages\/2038\/revisions\/2039"}],"wp:attachment":[{"href":"https:\/\/2025.damius.com\/de\/wp-json\/wp\/v2\/media?parent=2038"}],"curies":[{"name":"wp","href":"https:\/\/api.w.org\/{rel}","templated":true}]}}