{"id":2048,"date":"2026-02-04T18:38:19","date_gmt":"2026-02-04T17:38:19","guid":{"rendered":"https:\/\/2025.damius.com\/online-shopping-ratgeber-auf-unserer-website\/"},"modified":"2026-02-06T09:26:56","modified_gmt":"2026-02-06T08:26:56","slug":"online-shopping-ratgeber-auf-unserer-website","status":"publish","type":"page","link":"https:\/\/2025.damius.com\/de\/online-shopping-ratgeber-auf-unserer-website\/","title":{"rendered":"Online-Shopping-Ratgeber auf unserer Website"},"content":{"rendered":"\n<p><strong>So k\u00f6nnen Sie eine Online-Bestellung auf unserer Website www.damius.com aufgeben.<\/strong><\/p>\n\n<p><strong>&gt;&gt; Schritt 1 :<\/strong><\/p>\n\n<p>Sie erreichen unsere Dreir\u00e4der \u00fcber das Hauptmen\u00fc, indem Sie auf \u201e<a href=\"https:\/\/www.damius.com\/fr\/le-tricycle-francais-electrique-evasion2.html\">Unsere elektrischen Dreir\u00e4der<\/a>\u201c klicken.<\/p>\n\n<div class=\"wp-block-image\"><figure class=\"aligncenter size-large\"><img loading=\"lazy\" decoding=\"async\" width=\"1024\" height=\"135\" src=\"https:\/\/2025.damius.com\/wp-content\/uploads\/2022\/01\/menu-nos-tricycles-1024x135.jpg\" alt=\"\" class=\"wp-image-856\" srcset=\"https:\/\/2025.damius.com\/wp-content\/uploads\/2022\/01\/menu-nos-tricycles-1024x135.jpg 1024w, https:\/\/2025.damius.com\/wp-content\/uploads\/2022\/01\/menu-nos-tricycles-300x39.jpg 300w, https:\/\/2025.damius.com\/wp-content\/uploads\/2022\/01\/menu-nos-tricycles-768x101.jpg 768w, https:\/\/2025.damius.com\/wp-content\/uploads\/2022\/01\/menu-nos-tricycles-1200x158.jpg 1200w, https:\/\/2025.damius.com\/wp-content\/uploads\/2022\/01\/menu-nos-tricycles-600x79.jpg 600w, https:\/\/2025.damius.com\/wp-content\/uploads\/2022\/01\/menu-nos-tricycles.jpg 1269w\" sizes=\"auto, (max-width: 1024px) 100vw, 1024px\" \/><\/figure><\/div>\n\n<p>Auf der Produktseite k\u00f6nnen Sie die Produktdetails \u00fcber die gelb markierten Tabs einsehen. Um die Konfiguration vorzunehmen, w\u00e4hlen Sie die Farbe aus und klicken Sie anschlie\u00dfend auf den Button \u201eKaufen\u201c. <\/p>\n\n<div class=\"wp-block-image\"><figure class=\"aligncenter size-large\"><img loading=\"lazy\" decoding=\"async\" width=\"1024\" height=\"564\" src=\"https:\/\/2025.damius.com\/wp-content\/uploads\/2022\/01\/selection-tricycle-1024x564.jpg\" alt=\"\" class=\"wp-image-852\" srcset=\"https:\/\/2025.damius.com\/wp-content\/uploads\/2022\/01\/selection-tricycle-1024x564.jpg 1024w, https:\/\/2025.damius.com\/wp-content\/uploads\/2022\/01\/selection-tricycle-300x165.jpg 300w, https:\/\/2025.damius.com\/wp-content\/uploads\/2022\/01\/selection-tricycle-768x423.jpg 768w, https:\/\/2025.damius.com\/wp-content\/uploads\/2022\/01\/selection-tricycle-1200x661.jpg 1200w, https:\/\/2025.damius.com\/wp-content\/uploads\/2022\/01\/selection-tricycle-600x331.jpg 600w, https:\/\/2025.damius.com\/wp-content\/uploads\/2022\/01\/selection-tricycle.jpg 1274w\" sizes=\"auto, (max-width: 1024px) 100vw, 1024px\" \/><\/figure><\/div>\n\n<p><strong>&gt;&gt; Schritt 2 :<\/strong><\/p>\n\n<p>Konfigurieren Sie Ihr Dreirad, indem Sie die gew\u00fcnschten Optionen ausw\u00e4hlen und bis zum Ende der Seite scrollen, um den gr\u00fcnen Button \u201eBestellung abschlie\u00dfen\u201c zu finden. Klicken Sie darauf.<\/p>\n\n<div class=\"wp-block-image\"><figure class=\"aligncenter size-large\"><img loading=\"lazy\" decoding=\"async\" width=\"1024\" height=\"462\" src=\"https:\/\/2025.damius.com\/wp-content\/uploads\/2022\/01\/personnalisation-tricycle-1-1024x462.jpg\" alt=\"\" class=\"wp-image-848\" srcset=\"https:\/\/2025.damius.com\/wp-content\/uploads\/2022\/01\/personnalisation-tricycle-1-1024x462.jpg 1024w, https:\/\/2025.damius.com\/wp-content\/uploads\/2022\/01\/personnalisation-tricycle-1-300x135.jpg 300w, https:\/\/2025.damius.com\/wp-content\/uploads\/2022\/01\/personnalisation-tricycle-1-768x347.jpg 768w, https:\/\/2025.damius.com\/wp-content\/uploads\/2022\/01\/personnalisation-tricycle-1-1200x541.jpg 1200w, https:\/\/2025.damius.com\/wp-content\/uploads\/2022\/01\/personnalisation-tricycle-1-600x271.jpg 600w, https:\/\/2025.damius.com\/wp-content\/uploads\/2022\/01\/personnalisation-tricycle-1.jpg 1241w\" sizes=\"auto, (max-width: 1024px) 100vw, 1024px\" \/><\/figure><\/div>\n\n<div class=\"wp-block-image\"><figure class=\"aligncenter size-large\"><img loading=\"lazy\" decoding=\"async\" width=\"1024\" height=\"603\" src=\"https:\/\/2025.damius.com\/wp-content\/uploads\/2022\/01\/personnalisation-tricycle-2-1024x603.jpg\" alt=\"\" class=\"wp-image-861\" srcset=\"https:\/\/2025.damius.com\/wp-content\/uploads\/2022\/01\/personnalisation-tricycle-2-1024x603.jpg 1024w, https:\/\/2025.damius.com\/wp-content\/uploads\/2022\/01\/personnalisation-tricycle-2-300x177.jpg 300w, https:\/\/2025.damius.com\/wp-content\/uploads\/2022\/01\/personnalisation-tricycle-2-768x452.jpg 768w, https:\/\/2025.damius.com\/wp-content\/uploads\/2022\/01\/personnalisation-tricycle-2-1200x706.jpg 1200w, https:\/\/2025.damius.com\/wp-content\/uploads\/2022\/01\/personnalisation-tricycle-2-600x353.jpg 600w, https:\/\/2025.damius.com\/wp-content\/uploads\/2022\/01\/personnalisation-tricycle-2.jpg 1235w\" sizes=\"auto, (max-width: 1024px) 100vw, 1024px\" \/><\/figure><\/div>\n\n<p>Sie werden direkt zu Ihrem Warenkorb weitergeleitet; bitte \u00fcberpr\u00fcfen Sie, ob die angezeigten Artikel Ihrer Auswahl entsprechen, und klicken Sie dann auf \u201eBESTELLUNG ABSCHLIESSEN\u201c.<em><\/em><\/p>\n\n<div class=\"wp-block-image\"><figure class=\"aligncenter size-large\"><img loading=\"lazy\" decoding=\"async\" width=\"1024\" height=\"621\" src=\"https:\/\/2025.damius.com\/wp-content\/uploads\/2022\/01\/panier_1-1024x621.jpg\" alt=\"\" class=\"wp-image-844\" srcset=\"https:\/\/2025.damius.com\/wp-content\/uploads\/2022\/01\/panier_1-1024x621.jpg 1024w, https:\/\/2025.damius.com\/wp-content\/uploads\/2022\/01\/panier_1-300x182.jpg 300w, https:\/\/2025.damius.com\/wp-content\/uploads\/2022\/01\/panier_1-768x466.jpg 768w, https:\/\/2025.damius.com\/wp-content\/uploads\/2022\/01\/panier_1-1200x728.jpg 1200w, https:\/\/2025.damius.com\/wp-content\/uploads\/2022\/01\/panier_1-600x364.jpg 600w, https:\/\/2025.damius.com\/wp-content\/uploads\/2022\/01\/panier_1.jpg 1269w\" sizes=\"auto, (max-width: 1024px) 100vw, 1024px\" \/><\/figure><\/div>\n\n<p><strong>&gt;&gt; Schritt 3 :<\/strong><\/p>\n\n<p>Jetzt m\u00fcssen Sie nur noch Ihre Bestellung abschlie\u00dfen. Geben Sie zun\u00e4chst Ihre Kontaktdaten ein (die Versandkosten werden automatisch berechnet, sobald Sie Land, Stadt und Postleitzahl eingegeben haben). W\u00e4hlen Sie anschlie\u00dfend Ihre bevorzugte Zahlungsmethode aus den verf\u00fcgbaren Optionen. Klicken Sie abschlie\u00dfend auf \u201eBESTELLUNG ABSCHLIESSEN\u201c.   <\/p>\n\n<div class=\"wp-block-image\"><figure class=\"aligncenter size-full\"><img loading=\"lazy\" decoding=\"async\" width=\"675\" height=\"460\" src=\"https:\/\/2025.damius.com\/wp-content\/uploads\/2022\/01\/onestep.jpg\" alt=\"\" class=\"wp-image-840\" srcset=\"https:\/\/2025.damius.com\/wp-content\/uploads\/2022\/01\/onestep.jpg 675w, https:\/\/2025.damius.com\/wp-content\/uploads\/2022\/01\/onestep-300x204.jpg 300w, https:\/\/2025.damius.com\/wp-content\/uploads\/2022\/01\/onestep-600x409.jpg 600w\" sizes=\"auto, (max-width: 675px) 100vw, 675px\" \/><\/figure><\/div>\n\n<p><strong>&gt;&gt; Schritt 4 :<\/strong><\/p>\n\n<p>Sie m\u00fcssen nun nur noch die Zahlung abschlie\u00dfen, und Ihre Bestellung ist beendet. Wenn Sie per Kreditkarte bezahlen, werden Sie automatisch auf die sichere Website unseres Bankpartners Banque Populaire weitergeleitet, wo Sie Ihre Bestellung durch Eingabe Ihrer Kreditkartendaten abschlie\u00dfen k\u00f6nnen. <\/p>\n\n<div class=\"wp-block-image\"><figure class=\"aligncenter size-full\"><img loading=\"lazy\" decoding=\"async\" width=\"631\" height=\"170\" src=\"https:\/\/2025.damius.com\/wp-content\/uploads\/2022\/01\/commande_termin_e.jpg\" alt=\"\" class=\"wp-image-865\" srcset=\"https:\/\/2025.damius.com\/wp-content\/uploads\/2022\/01\/commande_termin_e.jpg 631w, https:\/\/2025.damius.com\/wp-content\/uploads\/2022\/01\/commande_termin_e-300x81.jpg 300w, https:\/\/2025.damius.com\/wp-content\/uploads\/2022\/01\/commande_termin_e-600x162.jpg 600w\" sizes=\"auto, (max-width: 631px) 100vw, 631px\" \/><\/figure><\/div>\n\n<p>Haben Sie Fragen oder Probleme w\u00e4hrend des Online-Bestellvorgangs? Z\u00f6gern Sie nicht, uns unter 04 90 59 49 10 oder aus dem Ausland unter +33 490 594 910 <em>(geb\u00fchrenfrei)<\/em> zu kontaktieren.<em><\/em> <\/p>\n","protected":false},"excerpt":{"rendered":"<p>So k\u00f6nnen Sie eine Online-Bestellung auf unserer Website www.damius.com aufgeben. &gt;&gt; Schritt 1 : Sie erreichen unsere Dreir\u00e4der \u00fcber das Hauptmen\u00fc, indem Sie auf \u201eUnsere elektrischen Dreir\u00e4der\u201c klicken. Auf der Produktseite k\u00f6nnen Sie die Produktdetails \u00fcber die gelb markierten Tabs einsehen. Um die Konfiguration vorzunehmen, w\u00e4hlen Sie die Farbe aus und klicken Sie anschlie\u00dfend auf [&hellip;]<\/p>\n","protected":false},"author":1,"featured_media":0,"parent":0,"menu_order":0,"comment_status":"closed","ping_status":"closed","template":"","meta":{"_acf_changed":false,"_eb_attr":"","footnotes":""},"class_list":["post-2048","page","type-page","status-publish","hentry"],"acf":[],"yoast_head":"<!-- This site is optimized with the Yoast SEO plugin v27.3 - https:\/\/yoast.com\/product\/yoast-seo-wordpress\/ -->\n<title>Online-Shopping-Ratgeber auf unserer Website - Damius<\/title>\n<meta name=\"robots\" content=\"noindex, follow, max-snippet:-1, max-image-preview:large, max-video-preview:-1\" \/>\n<meta property=\"og:locale\" content=\"de_DE\" \/>\n<meta property=\"og:type\" content=\"article\" \/>\n<meta property=\"og:title\" content=\"Online-Shopping-Ratgeber auf unserer Website - Damius\" \/>\n<meta property=\"og:description\" content=\"So k\u00f6nnen Sie eine Online-Bestellung auf unserer Website www.damius.com aufgeben. &gt;&gt; Schritt 1 : Sie erreichen unsere Dreir\u00e4der \u00fcber das Hauptmen\u00fc, indem Sie auf \u201eUnsere elektrischen Dreir\u00e4der\u201c klicken. Auf der Produktseite k\u00f6nnen Sie die Produktdetails \u00fcber die gelb markierten Tabs einsehen. Um die Konfiguration vorzunehmen, w\u00e4hlen Sie die Farbe aus und klicken Sie anschlie\u00dfend auf [&hellip;]\" \/>\n<meta property=\"og:url\" content=\"https:\/\/2025.damius.com\/de\/online-shopping-ratgeber-auf-unserer-website\/\" \/>\n<meta property=\"og:site_name\" content=\"Damius\" \/>\n<meta property=\"article:modified_time\" content=\"2026-02-06T08:26:56+00:00\" \/>\n<meta property=\"og:image\" content=\"https:\/\/2025.damius.com\/wp-content\/uploads\/2022\/01\/menu-nos-tricycles.jpg\" \/>\n\t<meta property=\"og:image:width\" content=\"1269\" \/>\n\t<meta property=\"og:image:height\" content=\"167\" \/>\n\t<meta property=\"og:image:type\" content=\"image\/jpeg\" \/>\n<meta name=\"twitter:card\" content=\"summary_large_image\" \/>\n<meta name=\"twitter:label1\" content=\"Gesch\u00e4tzte Lesezeit\" \/>\n\t<meta name=\"twitter:data1\" content=\"1\u00a0Minute\" \/>\n<script type=\"application\/ld+json\" class=\"yoast-schema-graph\">{\"@context\":\"https:\\\/\\\/schema.org\",\"@graph\":[{\"@type\":\"WebPage\",\"@id\":\"https:\\\/\\\/2025.damius.com\\\/de\\\/online-shopping-ratgeber-auf-unserer-website\\\/\",\"url\":\"https:\\\/\\\/2025.damius.com\\\/de\\\/online-shopping-ratgeber-auf-unserer-website\\\/\",\"name\":\"Online-Shopping-Ratgeber auf unserer Website - Damius\",\"isPartOf\":{\"@id\":\"https:\\\/\\\/2025.damius.com\\\/#website\"},\"primaryImageOfPage\":{\"@id\":\"https:\\\/\\\/2025.damius.com\\\/de\\\/online-shopping-ratgeber-auf-unserer-website\\\/#primaryimage\"},\"image\":{\"@id\":\"https:\\\/\\\/2025.damius.com\\\/de\\\/online-shopping-ratgeber-auf-unserer-website\\\/#primaryimage\"},\"thumbnailUrl\":\"https:\\\/\\\/2025.damius.com\\\/wp-content\\\/uploads\\\/2022\\\/01\\\/menu-nos-tricycles-1024x135.jpg\",\"datePublished\":\"2026-02-04T17:38:19+00:00\",\"dateModified\":\"2026-02-06T08:26:56+00:00\",\"breadcrumb\":{\"@id\":\"https:\\\/\\\/2025.damius.com\\\/de\\\/online-shopping-ratgeber-auf-unserer-website\\\/#breadcrumb\"},\"inLanguage\":\"de\",\"potentialAction\":[{\"@type\":\"ReadAction\",\"target\":[\"https:\\\/\\\/2025.damius.com\\\/de\\\/online-shopping-ratgeber-auf-unserer-website\\\/\"]}]},{\"@type\":\"ImageObject\",\"inLanguage\":\"de\",\"@id\":\"https:\\\/\\\/2025.damius.com\\\/de\\\/online-shopping-ratgeber-auf-unserer-website\\\/#primaryimage\",\"url\":\"https:\\\/\\\/2025.damius.com\\\/wp-content\\\/uploads\\\/2022\\\/01\\\/menu-nos-tricycles-1024x135.jpg\",\"contentUrl\":\"https:\\\/\\\/2025.damius.com\\\/wp-content\\\/uploads\\\/2022\\\/01\\\/menu-nos-tricycles-1024x135.jpg\"},{\"@type\":\"BreadcrumbList\",\"@id\":\"https:\\\/\\\/2025.damius.com\\\/de\\\/online-shopping-ratgeber-auf-unserer-website\\\/#breadcrumb\",\"itemListElement\":[{\"@type\":\"ListItem\",\"position\":1,\"name\":\"Accueil\",\"item\":\"https:\\\/\\\/2025.damius.com\\\/de\\\/haus\\\/\"},{\"@type\":\"ListItem\",\"position\":2,\"name\":\"Online-Shopping-Ratgeber auf unserer Website\"}]},{\"@type\":\"WebSite\",\"@id\":\"https:\\\/\\\/2025.damius.com\\\/#website\",\"url\":\"https:\\\/\\\/2025.damius.com\\\/\",\"name\":\"Damius\",\"description\":\"\",\"publisher\":{\"@id\":\"https:\\\/\\\/2025.damius.com\\\/#organization\"},\"potentialAction\":[{\"@type\":\"SearchAction\",\"target\":{\"@type\":\"EntryPoint\",\"urlTemplate\":\"https:\\\/\\\/2025.damius.com\\\/?s={search_term_string}\"},\"query-input\":{\"@type\":\"PropertyValueSpecification\",\"valueRequired\":true,\"valueName\":\"search_term_string\"}}],\"inLanguage\":\"de\"},{\"@type\":\"Organization\",\"@id\":\"https:\\\/\\\/2025.damius.com\\\/#organization\",\"name\":\"Damius\",\"url\":\"https:\\\/\\\/2025.damius.com\\\/\",\"logo\":{\"@type\":\"ImageObject\",\"inLanguage\":\"de\",\"@id\":\"https:\\\/\\\/2025.damius.com\\\/#\\\/schema\\\/logo\\\/image\\\/\",\"url\":\"https:\\\/\\\/2025.damius.com\\\/wp-content\\\/uploads\\\/2022\\\/01\\\/Logo_Damius-1.jpg\",\"contentUrl\":\"https:\\\/\\\/2025.damius.com\\\/wp-content\\\/uploads\\\/2022\\\/01\\\/Logo_Damius-1.jpg\",\"width\":616,\"height\":143,\"caption\":\"Damius\"},\"image\":{\"@id\":\"https:\\\/\\\/2025.damius.com\\\/#\\\/schema\\\/logo\\\/image\\\/\"}}]}<\/script>\n<!-- \/ Yoast SEO plugin. -->","yoast_head_json":{"title":"Online-Shopping-Ratgeber auf unserer Website - Damius","robots":{"index":"noindex","follow":"follow","max-snippet":"max-snippet:-1","max-image-preview":"max-image-preview:large","max-video-preview":"max-video-preview:-1"},"og_locale":"de_DE","og_type":"article","og_title":"Online-Shopping-Ratgeber auf unserer Website - Damius","og_description":"So k\u00f6nnen Sie eine Online-Bestellung auf unserer Website www.damius.com aufgeben. &gt;&gt; Schritt 1 : Sie erreichen unsere Dreir\u00e4der \u00fcber das Hauptmen\u00fc, indem Sie auf \u201eUnsere elektrischen Dreir\u00e4der\u201c klicken. Auf der Produktseite k\u00f6nnen Sie die Produktdetails \u00fcber die gelb markierten Tabs einsehen. Um die Konfiguration vorzunehmen, w\u00e4hlen Sie die Farbe aus und klicken Sie anschlie\u00dfend auf [&hellip;]","og_url":"https:\/\/2025.damius.com\/de\/online-shopping-ratgeber-auf-unserer-website\/","og_site_name":"Damius","article_modified_time":"2026-02-06T08:26:56+00:00","og_image":[{"width":1269,"height":167,"url":"https:\/\/2025.damius.com\/wp-content\/uploads\/2022\/01\/menu-nos-tricycles.jpg","type":"image\/jpeg"}],"twitter_card":"summary_large_image","twitter_misc":{"Gesch\u00e4tzte Lesezeit":"1\u00a0Minute"},"schema":{"@context":"https:\/\/schema.org","@graph":[{"@type":"WebPage","@id":"https:\/\/2025.damius.com\/de\/online-shopping-ratgeber-auf-unserer-website\/","url":"https:\/\/2025.damius.com\/de\/online-shopping-ratgeber-auf-unserer-website\/","name":"Online-Shopping-Ratgeber auf unserer Website - Damius","isPartOf":{"@id":"https:\/\/2025.damius.com\/#website"},"primaryImageOfPage":{"@id":"https:\/\/2025.damius.com\/de\/online-shopping-ratgeber-auf-unserer-website\/#primaryimage"},"image":{"@id":"https:\/\/2025.damius.com\/de\/online-shopping-ratgeber-auf-unserer-website\/#primaryimage"},"thumbnailUrl":"https:\/\/2025.damius.com\/wp-content\/uploads\/2022\/01\/menu-nos-tricycles-1024x135.jpg","datePublished":"2026-02-04T17:38:19+00:00","dateModified":"2026-02-06T08:26:56+00:00","breadcrumb":{"@id":"https:\/\/2025.damius.com\/de\/online-shopping-ratgeber-auf-unserer-website\/#breadcrumb"},"inLanguage":"de","potentialAction":[{"@type":"ReadAction","target":["https:\/\/2025.damius.com\/de\/online-shopping-ratgeber-auf-unserer-website\/"]}]},{"@type":"ImageObject","inLanguage":"de","@id":"https:\/\/2025.damius.com\/de\/online-shopping-ratgeber-auf-unserer-website\/#primaryimage","url":"https:\/\/2025.damius.com\/wp-content\/uploads\/2022\/01\/menu-nos-tricycles-1024x135.jpg","contentUrl":"https:\/\/2025.damius.com\/wp-content\/uploads\/2022\/01\/menu-nos-tricycles-1024x135.jpg"},{"@type":"BreadcrumbList","@id":"https:\/\/2025.damius.com\/de\/online-shopping-ratgeber-auf-unserer-website\/#breadcrumb","itemListElement":[{"@type":"ListItem","position":1,"name":"Accueil","item":"https:\/\/2025.damius.com\/de\/haus\/"},{"@type":"ListItem","position":2,"name":"Online-Shopping-Ratgeber auf unserer Website"}]},{"@type":"WebSite","@id":"https:\/\/2025.damius.com\/#website","url":"https:\/\/2025.damius.com\/","name":"Damius","description":"","publisher":{"@id":"https:\/\/2025.damius.com\/#organization"},"potentialAction":[{"@type":"SearchAction","target":{"@type":"EntryPoint","urlTemplate":"https:\/\/2025.damius.com\/?s={search_term_string}"},"query-input":{"@type":"PropertyValueSpecification","valueRequired":true,"valueName":"search_term_string"}}],"inLanguage":"de"},{"@type":"Organization","@id":"https:\/\/2025.damius.com\/#organization","name":"Damius","url":"https:\/\/2025.damius.com\/","logo":{"@type":"ImageObject","inLanguage":"de","@id":"https:\/\/2025.damius.com\/#\/schema\/logo\/image\/","url":"https:\/\/2025.damius.com\/wp-content\/uploads\/2022\/01\/Logo_Damius-1.jpg","contentUrl":"https:\/\/2025.damius.com\/wp-content\/uploads\/2022\/01\/Logo_Damius-1.jpg","width":616,"height":143,"caption":"Damius"},"image":{"@id":"https:\/\/2025.damius.com\/#\/schema\/logo\/image\/"}}]}},"featured_image_src":null,"featured_image_src_square":null,"_links":{"self":[{"href":"https:\/\/2025.damius.com\/de\/wp-json\/wp\/v2\/pages\/2048","targetHints":{"allow":["GET"]}}],"collection":[{"href":"https:\/\/2025.damius.com\/de\/wp-json\/wp\/v2\/pages"}],"about":[{"href":"https:\/\/2025.damius.com\/de\/wp-json\/wp\/v2\/types\/page"}],"author":[{"embeddable":true,"href":"https:\/\/2025.damius.com\/de\/wp-json\/wp\/v2\/users\/1"}],"replies":[{"embeddable":true,"href":"https:\/\/2025.damius.com\/de\/wp-json\/wp\/v2\/comments?post=2048"}],"version-history":[{"count":1,"href":"https:\/\/2025.damius.com\/de\/wp-json\/wp\/v2\/pages\/2048\/revisions"}],"predecessor-version":[{"id":2049,"href":"https:\/\/2025.damius.com\/de\/wp-json\/wp\/v2\/pages\/2048\/revisions\/2049"}],"wp:attachment":[{"href":"https:\/\/2025.damius.com\/de\/wp-json\/wp\/v2\/media?parent=2048"}],"curies":[{"name":"wp","href":"https:\/\/api.w.org\/{rel}","templated":true}]}}