{"id":2114,"date":"2026-02-05T14:33:59","date_gmt":"2026-02-05T13:33:59","guid":{"rendered":"https:\/\/2025.damius.com\/verfuegbare-zahlungsmethoden\/"},"modified":"2026-02-06T09:09:08","modified_gmt":"2026-02-06T08:09:08","slug":"verfuegbare-zahlungsmethoden","status":"publish","type":"page","link":"https:\/\/2025.damius.com\/de\/verfuegbare-zahlungsmethoden\/","title":{"rendered":"Verf\u00fcgbare Zahlungsmethoden"},"content":{"rendered":"\n<div class=\"wp-block-media-text alignwide has-media-on-the-right is-stacked-on-mobile\" style=\"grid-template-columns:auto 15%\"><div class=\"wp-block-media-text__content\">\n<p>Wir bieten Ihnen eine breite Palette an Zahlungsm\u00f6glichkeiten, damit Sie Ihre Eink\u00e4ufe auf eine f\u00fcr Sie passende und vor allem einfache und sichere Weise bezahlen k\u00f6nnen.<\/p>\n\n\n\n<p>Wir legen besonderen Wert darauf, Ihnen bei Online-Transaktionen ein H\u00f6chstma\u00df an Sicherheit sowie die absolute Vertraulichkeit Ihrer Bankdaten zu gew\u00e4hrleisten. Deshalb arbeiten wir ausschlie\u00dflich mit zuverl\u00e4ssigen und anerkannten Partnern wie der Banque Populaire und Paypal zusammen.<\/p>\n\n\n\n<p>Nachfolgend finden Sie alle von uns angebotenen Zahlungsmethoden:<\/p>\n<\/div><figure class=\"wp-block-media-text__media\"><img loading=\"lazy\" decoding=\"async\" width=\"300\" height=\"355\" src=\"https:\/\/2025.damius.com\/wp-content\/uploads\/2022\/01\/cadenas.jpg\" alt=\"\" class=\"wp-image-755 size-full\" srcset=\"https:\/\/2025.damius.com\/wp-content\/uploads\/2022\/01\/cadenas.jpg 300w, https:\/\/2025.damius.com\/wp-content\/uploads\/2022\/01\/cadenas-254x300.jpg 254w\" sizes=\"auto, (max-width: 300px) 100vw, 300px\" \/><\/figure><\/div>\n\n<p class=\"has-text-color\" style=\"color:#0079be\"><strong><strong>&gt;&gt; Bezahlen Sie mit Ihrer Bankkarte (online g\u00fcltig f\u00fcr teilnahmeberechtigte L\u00e4nder).<\/strong><\/strong><\/p>\n\n<p><strong><strong>Zahlung per Bankkarte in einer Rate ohne Geb\u00fchren:<\/strong><\/strong><\/p>\n\n<p>Direkt, einfach, sicher, sofort und gesch\u00fctzt: Die Zahlung per Bankkarte ist der schnellste Weg, Ihre Eink\u00e4ufe zu bezahlen. Die Zahlung ist mit Carte Bleue, Visa, Eurocard oder Mastercard m\u00f6glich, unabh\u00e4ngig von Ihrer Bank.<\/p>\n<div class=\"wp-block-image\">\n<figure class=\"aligncenter size-full\"><img loading=\"lazy\" decoding=\"async\" width=\"725\" height=\"65\" src=\"https:\/\/2025.damius.com\/wp-content\/uploads\/2026\/02\/paiement_cb.jpg\" alt=\"\" class=\"wp-image-1552\" srcset=\"https:\/\/2025.damius.com\/wp-content\/uploads\/2026\/02\/paiement_cb.jpg 725w, https:\/\/2025.damius.com\/wp-content\/uploads\/2026\/02\/paiement_cb-300x27.jpg 300w, https:\/\/2025.damius.com\/wp-content\/uploads\/2026\/02\/paiement_cb-600x54.jpg 600w\" sizes=\"auto, (max-width: 725px) 100vw, 725px\" \/><\/figure>\n<\/div>\n<p>Die Seite zur Eingabe Ihrer Bankkartendaten ist eine vollst\u00e4ndig sichere Seite, die von der Banque Populaire (\u00fcber die Plattform SystemPay) verwaltet wird. Ihre Bankdaten bleiben daher w\u00e4hrend der gesamten Transaktion absolut vertraulich. M\u00f6glicherweise sehen Sie auch ein kleines Vorh\u00e4ngeschloss in Ihrer Navigationsleiste, das anzeigt, dass Sie \u00fcber eine sichere Verbindung verf\u00fcgen und keine andere Person auf diese Seite zugreifen kann.<\/p>\n\n<p>W\u00e4hrend der Transaktion werden alle Daten mit dem Secure Socket Layers (SSL)-System und dem 3D-Secure-Verfahren verschl\u00fcsselt; Ihre Bankkarte wird dann belastet, sobald Sie Ihre Bestellung abgeschlossen haben.<\/p>\n\n<p><strong>Zahlung per Bankkarte in 3 oder 6 Raten:<\/strong><\/p>\n\n<p>F\u00fcr Ihren Komfort und Ihre Sicherheit bieten wir Ihnen unabh\u00e4ngig von Ihrer Bank die M\u00f6glichkeit, Ihre Zahlung mit Ihrer Carte Bleue, Visa, Eurocard oder Mastercard in bis zu 6 Raten zu begleichen.<\/p>\n\n<p>Bei Ratenzahlung f\u00e4llt eine monatliche Verwaltungsgeb\u00fchr von 5 \u20ac an, n\u00e4mlich 15 \u20ac bei einer Zahlung in 3 Raten oder 30 \u20ac bei einer Zahlung in 6 Raten.<\/p>\n\n<p><span style=\"text-decoration: underline;\">Wichtig:<\/span> Zahlungen werden wie folgt abgewickelt:<\/p>\n\n<p>Die erste Monatsrate ist sofort nach Zahlungsbest\u00e4tigung f\u00e4llig.<br\/>Die folgenden Monatsraten sind jeweils im Abstand von 30 Tagen f\u00e4llig.<\/p>\n\n<p>Ein Zahlungsplan wird Ihnen auf der Zahlungsseite angezeigt, BEVOR Sie Ihre Bankkartendaten eingeben.<\/p>\n\n<div style=\"height:20px\" aria-hidden=\"true\" class=\"wp-block-spacer\"><\/div>\n\n<p class=\"has-text-color\" style=\"color:#0079be\"><strong>&gt;&gt; Zahlen Sie per Scheck in bis zu 6 Raten ohne Geb\u00fchren (gilt nur in Frankreich).<\/strong><\/p>\n\n<p>Unabh\u00e4ngig von der H\u00f6he Ihrer Bestellung bieten wir Ihnen auch die Zahlung per Scheck in 1, 3 oder 6 Raten an. Vorausgesetzt, Ihre Rechnungs- und Lieferadresse befinden sich in Frankreich und Ihre Bank hat ihren Sitz in Frankreich.<\/p>\n\n<p>Bei Ratenzahlung f\u00e4llt eine monatliche Verwaltungsgeb\u00fchr von 5 \u20ac an, n\u00e4mlich 15 \u20ac bei einer Zahlung in 3 Raten und 30 \u20ac bei einer Zahlung in 6 Raten.<\/p>\n\n<p>Um Ihre Bestellung so schnell wie m\u00f6glich zu erhalten, ist es ganz einfach: Senden Sie uns einfach Ihren\/Ihre Scheck(s) \u00fcber den Gesamtbetrag Ihrer Bestellung, <strong><span style=\"text-decoration: underline;\">zahlbar an DAMIUS<\/span><\/strong>, zusammen mit einem separaten Blatt Papier, auf dem Ihr vollst\u00e4ndiger Name und Ihre Bestellnummer stehen, an die folgende Adresse:<\/p>\n\n<p class=\"has-text-color\" style=\"color:#ff0004\"><strong><span style=\"text-decoration: underline;\"><strong>BITTE BEACHTEN SIE, dass gem\u00e4\u00df den gesetzlichen Bestimmungen alle Ihre Schecks auf den Tag der Bestellung datiert sein m\u00fcssen.<\/strong><\/span><\/strong><\/p>\n\n<p><strong>Scheck(s) zahlbar an DAMIUS<\/strong> <\/p>\n\n<p><span style=\"text-decoration: underline;\">Adresse :<\/span> <\/p>\n\n<p>DAMIUS &#8211; Tricycle EVASION<\/p>\n\n<p>33 avenue du Royaume-Uni<br\/>ZI les Moli\u00e8res<br\/>13140 MIRAMAS &#8211; France<br\/> <\/p>\n\n<p>Wichtig: Ihre Bestellung wird erst nach Eingang Ihres\/Ihrer Schecks bearbeitet, daher ist mit einer zus\u00e4tzlichen Lieferverz\u00f6gerung zu rechnen. Einer unserer Berater wird Sie per E-Mail oder Telefon kontaktieren, um Ihnen den erfolgreichen Eingang Ihrer Zahlung zu best\u00e4tigen. Bei Zahlung in mehreren Raten wird der erste Scheck nach Eingang Ihres Schreibens eingel\u00f6st, die folgenden Schecks werden im Abstand von jeweils 30 Tagen eingel\u00f6st. Bei Ratenzahlungen muss der Gesamtbetrag durch die Anzahl der Schecks geteilt werden, damit jede monatliche Rate gleich hoch ist. <\/p>\n\n<p>Wenn wir Ihren\/Ihre Scheck(s) nicht innerhalb von 7 Tagen erhalten, sind wir gezwungen, Ihre Bestellung zu stornieren.<\/p>\n\n<div style=\"height:20px\" aria-hidden=\"true\" class=\"wp-block-spacer\"><\/div>\n\n<p class=\"has-text-color\" style=\"color:#0079be\"><strong>&gt;&gt; Bezahlen Sie online in einer einzigen Rate geb\u00fchrenfrei mit PayPal.<\/strong> <\/p>\n\n<div class=\"wp-block-media-text alignwide has-media-on-the-right is-stacked-on-mobile\" style=\"grid-template-columns:auto 15%\"><div class=\"wp-block-media-text__content\">\n<p>Die sichere Zahlung via PayPal ist nicht nur schnell und einfach, sondern basiert auch auf den besten Systemen auf dem Markt, um Ihre Daten zu sch\u00fctzen und Betrug zu verhindern. Dies erm\u00f6glicht es Ihnen, online zu bezahlen, ohne dem H\u00e4ndler jemals Ihre Bankdaten mitzuteilen.<\/p>\n\n\n\n<p>Nachdem Sie PayPal auf unserer Zahlungsseite ausgew\u00e4hlt haben, m\u00fcssen Sie nur noch entscheiden, ob Sie Ihr PayPal-Konto verwenden oder direkt mit Ihrer Bankkarte bezahlen m\u00f6chten, ohne ein Konto erstellen zu m\u00fcssen.<\/p>\n<\/div><figure class=\"wp-block-media-text__media\"><img loading=\"lazy\" decoding=\"async\" width=\"1024\" height=\"576\" src=\"https:\/\/2025.damius.com\/wp-content\/uploads\/2022\/01\/PayPal-Logo-1024x576.png\" alt=\"\" class=\"wp-image-770 size-full\" srcset=\"https:\/\/2025.damius.com\/wp-content\/uploads\/2022\/01\/PayPal-Logo-1024x576.png 1024w, https:\/\/2025.damius.com\/wp-content\/uploads\/2022\/01\/PayPal-Logo-300x169.png 300w, https:\/\/2025.damius.com\/wp-content\/uploads\/2022\/01\/PayPal-Logo-768x432.png 768w, https:\/\/2025.damius.com\/wp-content\/uploads\/2022\/01\/PayPal-Logo-1536x864.png 1536w, https:\/\/2025.damius.com\/wp-content\/uploads\/2022\/01\/PayPal-Logo-2048x1152.png 2048w, https:\/\/2025.damius.com\/wp-content\/uploads\/2022\/01\/PayPal-Logo-1200x675.png 1200w, https:\/\/2025.damius.com\/wp-content\/uploads\/2022\/01\/PayPal-Logo-1980x1114.png 1980w, https:\/\/2025.damius.com\/wp-content\/uploads\/2022\/01\/PayPal-Logo-600x338.png 600w\" sizes=\"auto, (max-width: 1024px) 100vw, 1024px\" \/><\/figure><\/div>\n\n<div style=\"height:20px\" aria-hidden=\"true\" class=\"wp-block-spacer\"><\/div>\n\n<p class=\"has-text-color\" style=\"color:#0079be\"><strong>&gt;&gt; Zahlen Sie per Bank\u00fcberweisung in einer einzigen Rate ohne Geb\u00fchren.<\/strong><\/p>\n\n<p>Unabh\u00e4ngig von der H\u00f6he Ihrer Bestellung bieten wir Ihnen auch die M\u00f6glichkeit, Ihre Eink\u00e4ufe per Bank\u00fcberweisung zu bezahlen. Das ist ganz einfach; \u00fcberweisen Sie uns einfach den Betrag Ihrer Bestellung an die unten stehenden Bankdaten:<\/p>\n\n<p>IBAN : FR76 1460 7000 1866 0218 6396 928<br\/>BIC : CCBPFRPPMAR<\/p>\n\n<p>Wichtig: Da die Bearbeitung Ihrer Bestellung erst nach Zahlungseingang beginnt, ist mit einer zus\u00e4tzlichen Lieferverz\u00f6gerung zu rechnen. Einer unserer Berater wird Sie per E-Mail oder Telefon kontaktieren, um Ihnen den erfolgreichen Eingang Ihrer Zahlung zu best\u00e4tigen.<\/p>\n\n<p>Wenn wir Ihre \u00dcberweisung nicht innerhalb von 7 Tagen erhalten, sind wir gezwungen, Ihre Bestellung zu stornieren.<\/p>\n\n<p>\u00dcberweisungsgeb\u00fchren tr\u00e4gt der Kunde; geteilte Geb\u00fchren werden nicht akzeptiert.<\/p>\n","protected":false},"excerpt":{"rendered":"<p>Wir bieten Ihnen eine breite Palette an Zahlungsm\u00f6glichkeiten, damit Sie Ihre Eink\u00e4ufe auf eine f\u00fcr Sie passende und vor allem einfache und sichere Weise bezahlen k\u00f6nnen. Wir legen besonderen Wert darauf, Ihnen bei Online-Transaktionen ein H\u00f6chstma\u00df an Sicherheit sowie die absolute Vertraulichkeit Ihrer Bankdaten zu gew\u00e4hrleisten. Deshalb arbeiten wir ausschlie\u00dflich mit zuverl\u00e4ssigen und anerkannten Partnern [&hellip;]<\/p>\n","protected":false},"author":1,"featured_media":0,"parent":0,"menu_order":0,"comment_status":"closed","ping_status":"closed","template":"","meta":{"_acf_changed":false,"_eb_attr":"","footnotes":""},"class_list":["post-2114","page","type-page","status-publish","hentry"],"acf":[],"yoast_head":"<!-- This site is optimized with the Yoast SEO plugin v27.3 - https:\/\/yoast.com\/product\/yoast-seo-wordpress\/ -->\n<title>Verf\u00fcgbare Zahlungsmethoden - Damius<\/title>\n<meta name=\"robots\" content=\"noindex, follow, max-snippet:-1, max-image-preview:large, max-video-preview:-1\" \/>\n<meta property=\"og:locale\" content=\"de_DE\" \/>\n<meta property=\"og:type\" content=\"article\" \/>\n<meta property=\"og:title\" content=\"Verf\u00fcgbare Zahlungsmethoden - Damius\" \/>\n<meta property=\"og:description\" content=\"Wir bieten Ihnen eine breite Palette an Zahlungsm\u00f6glichkeiten, damit Sie Ihre Eink\u00e4ufe auf eine f\u00fcr Sie passende und vor allem einfache und sichere Weise bezahlen k\u00f6nnen. Wir legen besonderen Wert darauf, Ihnen bei Online-Transaktionen ein H\u00f6chstma\u00df an Sicherheit sowie die absolute Vertraulichkeit Ihrer Bankdaten zu gew\u00e4hrleisten. Deshalb arbeiten wir ausschlie\u00dflich mit zuverl\u00e4ssigen und anerkannten Partnern [&hellip;]\" \/>\n<meta property=\"og:url\" content=\"https:\/\/2025.damius.com\/de\/verfuegbare-zahlungsmethoden\/\" \/>\n<meta property=\"og:site_name\" content=\"Damius\" \/>\n<meta property=\"article:modified_time\" content=\"2026-02-06T08:09:08+00:00\" \/>\n<meta property=\"og:image\" content=\"https:\/\/2025.damius.com\/wp-content\/uploads\/2022\/01\/cadenas.jpg\" \/>\n\t<meta property=\"og:image:width\" content=\"300\" \/>\n\t<meta property=\"og:image:height\" content=\"355\" \/>\n\t<meta property=\"og:image:type\" content=\"image\/jpeg\" \/>\n<meta name=\"twitter:card\" content=\"summary_large_image\" \/>\n<meta name=\"twitter:label1\" content=\"Gesch\u00e4tzte Lesezeit\" \/>\n\t<meta name=\"twitter:data1\" content=\"4\u00a0Minuten\" \/>\n<script type=\"application\/ld+json\" class=\"yoast-schema-graph\">{\"@context\":\"https:\\\/\\\/schema.org\",\"@graph\":[{\"@type\":\"WebPage\",\"@id\":\"https:\\\/\\\/2025.damius.com\\\/de\\\/verfuegbare-zahlungsmethoden\\\/\",\"url\":\"https:\\\/\\\/2025.damius.com\\\/de\\\/verfuegbare-zahlungsmethoden\\\/\",\"name\":\"Verf\u00fcgbare Zahlungsmethoden - Damius\",\"isPartOf\":{\"@id\":\"https:\\\/\\\/2025.damius.com\\\/#website\"},\"primaryImageOfPage\":{\"@id\":\"https:\\\/\\\/2025.damius.com\\\/de\\\/verfuegbare-zahlungsmethoden\\\/#primaryimage\"},\"image\":{\"@id\":\"https:\\\/\\\/2025.damius.com\\\/de\\\/verfuegbare-zahlungsmethoden\\\/#primaryimage\"},\"thumbnailUrl\":\"https:\\\/\\\/2025.damius.com\\\/wp-content\\\/uploads\\\/2022\\\/01\\\/cadenas.jpg\",\"datePublished\":\"2026-02-05T13:33:59+00:00\",\"dateModified\":\"2026-02-06T08:09:08+00:00\",\"breadcrumb\":{\"@id\":\"https:\\\/\\\/2025.damius.com\\\/de\\\/verfuegbare-zahlungsmethoden\\\/#breadcrumb\"},\"inLanguage\":\"de\",\"potentialAction\":[{\"@type\":\"ReadAction\",\"target\":[\"https:\\\/\\\/2025.damius.com\\\/de\\\/verfuegbare-zahlungsmethoden\\\/\"]}]},{\"@type\":\"ImageObject\",\"inLanguage\":\"de\",\"@id\":\"https:\\\/\\\/2025.damius.com\\\/de\\\/verfuegbare-zahlungsmethoden\\\/#primaryimage\",\"url\":\"https:\\\/\\\/2025.damius.com\\\/wp-content\\\/uploads\\\/2022\\\/01\\\/cadenas.jpg\",\"contentUrl\":\"https:\\\/\\\/2025.damius.com\\\/wp-content\\\/uploads\\\/2022\\\/01\\\/cadenas.jpg\"},{\"@type\":\"BreadcrumbList\",\"@id\":\"https:\\\/\\\/2025.damius.com\\\/de\\\/verfuegbare-zahlungsmethoden\\\/#breadcrumb\",\"itemListElement\":[{\"@type\":\"ListItem\",\"position\":1,\"name\":\"Accueil\",\"item\":\"https:\\\/\\\/2025.damius.com\\\/de\\\/haus\\\/\"},{\"@type\":\"ListItem\",\"position\":2,\"name\":\"Verf\u00fcgbare Zahlungsmethoden\"}]},{\"@type\":\"WebSite\",\"@id\":\"https:\\\/\\\/2025.damius.com\\\/#website\",\"url\":\"https:\\\/\\\/2025.damius.com\\\/\",\"name\":\"Damius\",\"description\":\"\",\"publisher\":{\"@id\":\"https:\\\/\\\/2025.damius.com\\\/#organization\"},\"potentialAction\":[{\"@type\":\"SearchAction\",\"target\":{\"@type\":\"EntryPoint\",\"urlTemplate\":\"https:\\\/\\\/2025.damius.com\\\/?s={search_term_string}\"},\"query-input\":{\"@type\":\"PropertyValueSpecification\",\"valueRequired\":true,\"valueName\":\"search_term_string\"}}],\"inLanguage\":\"de\"},{\"@type\":\"Organization\",\"@id\":\"https:\\\/\\\/2025.damius.com\\\/#organization\",\"name\":\"Damius\",\"url\":\"https:\\\/\\\/2025.damius.com\\\/\",\"logo\":{\"@type\":\"ImageObject\",\"inLanguage\":\"de\",\"@id\":\"https:\\\/\\\/2025.damius.com\\\/#\\\/schema\\\/logo\\\/image\\\/\",\"url\":\"https:\\\/\\\/2025.damius.com\\\/wp-content\\\/uploads\\\/2022\\\/01\\\/Logo_Damius-1.jpg\",\"contentUrl\":\"https:\\\/\\\/2025.damius.com\\\/wp-content\\\/uploads\\\/2022\\\/01\\\/Logo_Damius-1.jpg\",\"width\":616,\"height\":143,\"caption\":\"Damius\"},\"image\":{\"@id\":\"https:\\\/\\\/2025.damius.com\\\/#\\\/schema\\\/logo\\\/image\\\/\"}}]}<\/script>\n<!-- \/ Yoast SEO plugin. -->","yoast_head_json":{"title":"Verf\u00fcgbare Zahlungsmethoden - Damius","robots":{"index":"noindex","follow":"follow","max-snippet":"max-snippet:-1","max-image-preview":"max-image-preview:large","max-video-preview":"max-video-preview:-1"},"og_locale":"de_DE","og_type":"article","og_title":"Verf\u00fcgbare Zahlungsmethoden - Damius","og_description":"Wir bieten Ihnen eine breite Palette an Zahlungsm\u00f6glichkeiten, damit Sie Ihre Eink\u00e4ufe auf eine f\u00fcr Sie passende und vor allem einfache und sichere Weise bezahlen k\u00f6nnen. Wir legen besonderen Wert darauf, Ihnen bei Online-Transaktionen ein H\u00f6chstma\u00df an Sicherheit sowie die absolute Vertraulichkeit Ihrer Bankdaten zu gew\u00e4hrleisten. Deshalb arbeiten wir ausschlie\u00dflich mit zuverl\u00e4ssigen und anerkannten Partnern [&hellip;]","og_url":"https:\/\/2025.damius.com\/de\/verfuegbare-zahlungsmethoden\/","og_site_name":"Damius","article_modified_time":"2026-02-06T08:09:08+00:00","og_image":[{"width":300,"height":355,"url":"https:\/\/2025.damius.com\/wp-content\/uploads\/2022\/01\/cadenas.jpg","type":"image\/jpeg"}],"twitter_card":"summary_large_image","twitter_misc":{"Gesch\u00e4tzte Lesezeit":"4\u00a0Minuten"},"schema":{"@context":"https:\/\/schema.org","@graph":[{"@type":"WebPage","@id":"https:\/\/2025.damius.com\/de\/verfuegbare-zahlungsmethoden\/","url":"https:\/\/2025.damius.com\/de\/verfuegbare-zahlungsmethoden\/","name":"Verf\u00fcgbare Zahlungsmethoden - Damius","isPartOf":{"@id":"https:\/\/2025.damius.com\/#website"},"primaryImageOfPage":{"@id":"https:\/\/2025.damius.com\/de\/verfuegbare-zahlungsmethoden\/#primaryimage"},"image":{"@id":"https:\/\/2025.damius.com\/de\/verfuegbare-zahlungsmethoden\/#primaryimage"},"thumbnailUrl":"https:\/\/2025.damius.com\/wp-content\/uploads\/2022\/01\/cadenas.jpg","datePublished":"2026-02-05T13:33:59+00:00","dateModified":"2026-02-06T08:09:08+00:00","breadcrumb":{"@id":"https:\/\/2025.damius.com\/de\/verfuegbare-zahlungsmethoden\/#breadcrumb"},"inLanguage":"de","potentialAction":[{"@type":"ReadAction","target":["https:\/\/2025.damius.com\/de\/verfuegbare-zahlungsmethoden\/"]}]},{"@type":"ImageObject","inLanguage":"de","@id":"https:\/\/2025.damius.com\/de\/verfuegbare-zahlungsmethoden\/#primaryimage","url":"https:\/\/2025.damius.com\/wp-content\/uploads\/2022\/01\/cadenas.jpg","contentUrl":"https:\/\/2025.damius.com\/wp-content\/uploads\/2022\/01\/cadenas.jpg"},{"@type":"BreadcrumbList","@id":"https:\/\/2025.damius.com\/de\/verfuegbare-zahlungsmethoden\/#breadcrumb","itemListElement":[{"@type":"ListItem","position":1,"name":"Accueil","item":"https:\/\/2025.damius.com\/de\/haus\/"},{"@type":"ListItem","position":2,"name":"Verf\u00fcgbare Zahlungsmethoden"}]},{"@type":"WebSite","@id":"https:\/\/2025.damius.com\/#website","url":"https:\/\/2025.damius.com\/","name":"Damius","description":"","publisher":{"@id":"https:\/\/2025.damius.com\/#organization"},"potentialAction":[{"@type":"SearchAction","target":{"@type":"EntryPoint","urlTemplate":"https:\/\/2025.damius.com\/?s={search_term_string}"},"query-input":{"@type":"PropertyValueSpecification","valueRequired":true,"valueName":"search_term_string"}}],"inLanguage":"de"},{"@type":"Organization","@id":"https:\/\/2025.damius.com\/#organization","name":"Damius","url":"https:\/\/2025.damius.com\/","logo":{"@type":"ImageObject","inLanguage":"de","@id":"https:\/\/2025.damius.com\/#\/schema\/logo\/image\/","url":"https:\/\/2025.damius.com\/wp-content\/uploads\/2022\/01\/Logo_Damius-1.jpg","contentUrl":"https:\/\/2025.damius.com\/wp-content\/uploads\/2022\/01\/Logo_Damius-1.jpg","width":616,"height":143,"caption":"Damius"},"image":{"@id":"https:\/\/2025.damius.com\/#\/schema\/logo\/image\/"}}]}},"featured_image_src":null,"featured_image_src_square":null,"_links":{"self":[{"href":"https:\/\/2025.damius.com\/de\/wp-json\/wp\/v2\/pages\/2114","targetHints":{"allow":["GET"]}}],"collection":[{"href":"https:\/\/2025.damius.com\/de\/wp-json\/wp\/v2\/pages"}],"about":[{"href":"https:\/\/2025.damius.com\/de\/wp-json\/wp\/v2\/types\/page"}],"author":[{"embeddable":true,"href":"https:\/\/2025.damius.com\/de\/wp-json\/wp\/v2\/users\/1"}],"replies":[{"embeddable":true,"href":"https:\/\/2025.damius.com\/de\/wp-json\/wp\/v2\/comments?post=2114"}],"version-history":[{"count":1,"href":"https:\/\/2025.damius.com\/de\/wp-json\/wp\/v2\/pages\/2114\/revisions"}],"predecessor-version":[{"id":2115,"href":"https:\/\/2025.damius.com\/de\/wp-json\/wp\/v2\/pages\/2114\/revisions\/2115"}],"wp:attachment":[{"href":"https:\/\/2025.damius.com\/de\/wp-json\/wp\/v2\/media?parent=2114"}],"curies":[{"name":"wp","href":"https:\/\/api.w.org\/{rel}","templated":true}]}}