{"id":2142,"date":"2026-02-05T17:41:33","date_gmt":"2026-02-05T16:41:33","guid":{"rendered":"https:\/\/2025.damius.com\/zufriedenheits-oder-geld-zurueck-garantie-ein-damius-dreirad-fuer-erwachsene-ausprobieren\/"},"modified":"2026-02-06T09:06:19","modified_gmt":"2026-02-06T08:06:19","slug":"zufriedenheits-oder-geld-zurueck-garantie-ein-damius-dreirad-fuer-erwachsene-ausprobieren","status":"publish","type":"page","link":"https:\/\/2025.damius.com\/de\/zufriedenheits-oder-geld-zurueck-garantie-ein-damius-dreirad-fuer-erwachsene-ausprobieren\/","title":{"rendered":"Zufriedenheits- oder Geld-zur\u00fcck-Garantie\u201c ein Damius-Dreirad f\u00fcr Erwachsene ausprobieren?"},"content":{"rendered":"\n<figure class=\"wp-block-embed is-type-video is-provider-youtube wp-block-embed-youtube wp-embed-aspect-16-9 wp-has-aspect-ratio\"><div class=\"wp-block-embed__wrapper\">\n<iframe loading=\"lazy\" title=\"Essayer un tricycle \u00e0 assistance \u00e9lectrique chez Damius, leader du tricycle adulte en France.\" width=\"580\" height=\"326\" src=\"https:\/\/www.youtube.com\/embed\/m8eIC3Dim5Y?feature=oembed\" frameborder=\"0\" allow=\"accelerometer; autoplay; clipboard-write; encrypted-media; gyroscope; picture-in-picture; web-share\" referrerpolicy=\"strict-origin-when-cross-origin\" allowfullscreen><\/iframe>\n<\/div><\/figure>\n\n<p><strong>Die \u201eZufrieden oder Geld zur\u00fcck\u201c-Richtlinie von Damius ist ein echter Service, sorgf\u00e4ltig durchdacht und optimiert, um Sie zufrieden zu stellen!<\/strong><\/p>\n\n<p>Endlich eine L\u00f6sung, um ein Erwachsenen-Dreirad zu Hause, im eigenen Tempo und kostenlos auszuprobieren!<br\/>Testen Sie das Dreirad bequem zu Hause \u2013 unter realen Bedingungen und in Ihrem eigenen Tempo. Sie haben 14 Tage Zeit, sich zu entscheiden (im Umkreis von 10 Kilometern).<br\/>Sollten Sie nicht zufrieden sein, erstatten wir Ihnen den vollen Kaufpreis und organisieren die kostenlose Abholung Ihres Dreirads durch <mark style=\"background-color:#fbff00\" class=\"has-inline-color has-primary-color\">unseren Spediteur \u2013 kein Umpacken n\u00f6tig!<\/mark> <\/p>\n\n<p><strong>Welche Vorteile bietet es?<\/strong><br\/>&#8211; Sie erhalten Ihr elektrisches Dreirad komplett montiert und sofort einsatzbereit nach Hause geliefert.<br\/>&#8211; Sie m\u00fcssen nicht extra anreisen, um es auszuprobieren \u2013 das Dreirad kommt zu Ihnen!<br\/>&#8211; Testen Sie es in Ruhe: Sie haben nach der Lieferung 14 Tage Zeit (bis zu 10 Kilometer), um sich mit dem Dreirad vertraut zu machen und Ihre Entscheidung zu treffen.<br\/>&#8211; Dank zahlreicher Videos wird die Probefahrt zum Kinderspiel!<br\/>&#8211; Falls Sie Ihr Dreirad nicht behalten m\u00f6chten, brauchen Sie Ihre Entscheidung nicht zu begr\u00fcnden. Geben Sie uns einfach Bescheid, und wir k\u00fcmmern uns um die kostenlose R\u00fcckgabe!<br\/>&#8211; Kostenlose R\u00fcckgabe und volle R\u00fcckerstattung, wenn Sie Ihr Dreirad nicht behalten m\u00f6chten, oder, um Missbrauch einzuschr\u00e4nken, eine Geb\u00fchr von 300 \u20ac, wenn Sie es gegen ein anderes Modell, eine andere Gr\u00f6\u00dfe, Farbe usw. umtauschen m\u00f6chten.<\/p>\n\n<p><strong>Warum bietet Damius einen solchen Service an?<br\/><br\/><\/strong>1\u202f104<br\/>Wir vermarkten unsere Produkte seit mehreren Jahren und haben verschiedene Vertriebsmodelle genutzt (Markenbotschafter, mobile Vertriebsmitarbeiter und Einzelhandelsgesch\u00e4fte). Dabei haben wir erhebliche Probleme festgestellt: schwieriges Management, oft nicht relevante Beratung, eingeschr\u00e4nkte Erreichbarkeit f\u00fcr Interessenten, da wir nicht \u00fcberall einen Teststandort anbieten k\u00f6nnen, begrenzte Testzeit und sehr kleine Testfl\u00e4chen (meist nur wenige Dutzend Meter auf einem Parkplatz). Deshalb wollten wir eine neue Methode einf\u00fchren, um unseren Kunden einen besseren Service zu bieten. <strong>Wir bieten Ihnen ein einzigartiges Erlebnis: Testen Sie unsere Produkte bequem von zu Hause aus \u2013 stressfrei und auf Ihrer Wunschroute<\/strong>. So k\u00f6nnen Sie sich von der Wirksamkeit des bestellten Produkts \u00fcberzeugen. Und damit der Service perfekt ist, \u00fcbernehmen wir die gesamte Produktr\u00fcckgabe sowie alle damit verbundenen Kosten und die Verantwortung f\u00fcr den Transport!    <\/p>\n\n<p><strong>Eine offizielle Zusage!<br\/><br\/><\/strong>Um gr\u00f6\u00dftm\u00f6gliche Transparenz zu gew\u00e4hrleisten und unser Engagement zu unterstreichen, haben wir unsere Geld-zur\u00fcck-Garantie in unsere Allgemeinen Gesch\u00e4ftsbedingungen aufgenommen. Diese Bedingungen werden Ihnen w\u00e4hrend des Kaufprozesses angezeigt und m\u00fcssen, wie gesetzlich vorgeschrieben, zur Best\u00e4tigung Ihrer Bestellung akzeptiert werden. Vor dem Kauf k\u00f6nnen Sie <a href=\"https:\/\/www.damius.com\/fr\/conditions-generales-de-ventes.html\">unsere Allgemeinen Gesch\u00e4ftsbedingungen hier einsehen<\/a> (Artikel 9: Geld-zur\u00fcck-Garantie \u2013 Widerrufsrecht).  <\/p>\n\n<p><strong>Welche Bedingungen m\u00fcssen erf\u00fcllt sein, um die \u201eZufriedenheits- oder Geld-zur\u00fcck-Garantie\u201c in Anspruch nehmen zu k\u00f6nnen?<br\/><br\/><\/strong>Die Abholadresse f\u00fcr das Dreirad muss in Frankreich liegen.<br\/>&#8211; Sie haben ab dem Lieferdatum Ihres Dreirads 14 Kalendertage Zeit, uns schriftlich (per E-Mail oder Brief) \u00fcber Ihren Widerruf zu informieren.<br\/>&#8211; Das Dreirad darf nicht mehr als 10 Kilometer auf dem Kilometerz\u00e4hler haben und muss sich in neuwertigem Zustand befinden (sauber, keine Kratzer oder Dellen, keine Gebrauchsspuren).<br\/>&#8211; Die Pr\u00fcfung(en) erfolgt\/werden auf einem sauberen, trockenen Untergrund (kein Regen, keine unbefestigten Wege oder Schotterpisten), um sicherzustellen, dass das Dreirad in neuwertigem Zustand bleibt.<br\/>&#8211; Alle Teile, Dokumente, Optionen und Zubeh\u00f6rteile m\u00fcssen bei der Abholung vorhanden sein.<br\/>&#8211; Dieser Service ist nur einmalig nutzbar.<br\/>&#8211; Bei einer einfachen Stornierung Ihrer Bestellung ist dieser Service kostenlos.<br\/>&#8211; Um Missbrauch vorzubeugen, wird eine Geb\u00fchr von 300 \u20ac erhoben, wenn Sie das erhaltene Dreirad gegen ein anderes Modell, eine andere Gr\u00f6\u00dfe, Farbe usw. umtauschen m\u00f6chten.<\/p>\n\n<p><strong>Wie funktioniert die R\u00fcckgabe?<\/strong><br\/>\u2013 Nach Eingang Ihrer Entscheidung kontaktieren wir Sie, um zu \u00fcberpr\u00fcfen, ob die oben genannten Bedingungen erf\u00fcllt sind.<br\/>\u2013 Sie ben\u00f6tigen Fotos verschiedener Teile des Dreirads, um dessen Zustand vor der R\u00fcckgabe zu dokumentieren.<br\/>\u2013 Anschlie\u00dfend beauftragen wir eine Spedition, das Dreirad direkt bei Ihnen abzuholen.<br\/>     &gt;&gt; Es kann mehrere Tage oder sogar Wochen dauern, bis der Zusteller verf\u00fcgbar ist und zu Ihnen nach Hause kommen kann.<br\/>     &gt;&gt; W\u00e4hrend dieser Zeit liegt die volle Verantwortung f\u00fcr das Dreirad bei Ihnen; Sie m\u00fcssen es sicher aufbewahren und vor Witterungseinfl\u00fcssen sch\u00fctzen.<br\/>     &gt;&gt; Wir informieren Sie \u00fcber den Abholtermin und bem\u00fchen uns, Ihnen die Ankunftszeit des Spediteurs mitzuteilen.<br\/>\u2013 Nach Eingang des Dreirads in unserem Werk pr\u00fcfen wir es und stellen sicher, dass alle Zubeh\u00f6rteile (Batterie, Schl\u00fcssel, optionales Zubeh\u00f6r) vorhanden sind.<br\/>\u2013 Sollte alles in Ordnung sein und sich das Dreirad in neuwertigem Zustand befinden, erstatten wir Ihnen umgehend den vollen Kaufpreis.<\/p>\n\n<p><strong>Die Pr\u00e4sentation und die Lernvideos: Das Detail, das den entscheidenden Unterschied ausmacht!<\/strong><\/p>\n\n<p>Weil wir Ihnen den bestm\u00f6glichen Service bieten m\u00f6chten, haben wir zw\u00f6lf Videos erstellt, die Sie sich vor der Lieferung Ihres Dreirads kostenlos ansehen k\u00f6nnen. So sind Sie bestens vorbereitet! In diesen Videos erhalten Sie Expertentipps f\u00fcr sicheres Fahren mit Ihrem Dreirad. Sie helfen Ihnen, sich wohlzuf\u00fchlen und sorgen f\u00fcr eine reibungslose Probefahrt zu Hause. Einige Videos geben Tipps f\u00fcr den Einstieg, andere erkl\u00e4ren die Bedienung von Zubeh\u00f6r und Steuerung. Sie haben jederzeit kostenlosen und unbegrenzten Zugriff auf diese Videos \u00fcber Links, mit denen Sie sie online ansehen k\u00f6nnen!    <\/p>\n","protected":false},"excerpt":{"rendered":"<p>Die \u201eZufrieden oder Geld zur\u00fcck\u201c-Richtlinie von Damius ist ein echter Service, sorgf\u00e4ltig durchdacht und optimiert, um Sie zufrieden zu stellen! Endlich eine L\u00f6sung, um ein Erwachsenen-Dreirad zu Hause, im eigenen Tempo und kostenlos auszuprobieren!Testen Sie das Dreirad bequem zu Hause \u2013 unter realen Bedingungen und in Ihrem eigenen Tempo. Sie haben 14 Tage Zeit, sich [&hellip;]<\/p>\n","protected":false},"author":1,"featured_media":0,"parent":0,"menu_order":0,"comment_status":"closed","ping_status":"closed","template":"","meta":{"_acf_changed":false,"_eb_attr":"","footnotes":""},"class_list":["post-2142","page","type-page","status-publish","hentry"],"acf":[],"yoast_head":"<!-- This site is optimized with the Yoast SEO plugin v27.3 - https:\/\/yoast.com\/product\/yoast-seo-wordpress\/ -->\n<title>Zufriedenheits- oder Geld-zur\u00fcck-Garantie\u201c ein Damius-Dreirad f\u00fcr Erwachsene ausprobieren? - Damius<\/title>\n<meta name=\"robots\" content=\"noindex, follow, max-snippet:-1, max-image-preview:large, max-video-preview:-1\" \/>\n<meta property=\"og:locale\" content=\"de_DE\" \/>\n<meta property=\"og:type\" content=\"article\" \/>\n<meta property=\"og:title\" content=\"Zufriedenheits- oder Geld-zur\u00fcck-Garantie\u201c ein Damius-Dreirad f\u00fcr Erwachsene ausprobieren? - Damius\" \/>\n<meta property=\"og:description\" content=\"Die \u201eZufrieden oder Geld zur\u00fcck\u201c-Richtlinie von Damius ist ein echter Service, sorgf\u00e4ltig durchdacht und optimiert, um Sie zufrieden zu stellen! Endlich eine L\u00f6sung, um ein Erwachsenen-Dreirad zu Hause, im eigenen Tempo und kostenlos auszuprobieren!Testen Sie das Dreirad bequem zu Hause \u2013 unter realen Bedingungen und in Ihrem eigenen Tempo. Sie haben 14 Tage Zeit, sich [&hellip;]\" \/>\n<meta property=\"og:url\" content=\"https:\/\/2025.damius.com\/de\/zufriedenheits-oder-geld-zurueck-garantie-ein-damius-dreirad-fuer-erwachsene-ausprobieren\/\" \/>\n<meta property=\"og:site_name\" content=\"Damius\" \/>\n<meta property=\"article:modified_time\" content=\"2026-02-06T08:06:19+00:00\" \/>\n<meta name=\"twitter:card\" content=\"summary_large_image\" \/>\n<meta name=\"twitter:label1\" content=\"Gesch\u00e4tzte Lesezeit\" \/>\n\t<meta name=\"twitter:data1\" content=\"4\u00a0Minuten\" \/>\n<script type=\"application\/ld+json\" class=\"yoast-schema-graph\">{\"@context\":\"https:\\\/\\\/schema.org\",\"@graph\":[{\"@type\":\"WebPage\",\"@id\":\"https:\\\/\\\/2025.damius.com\\\/de\\\/zufriedenheits-oder-geld-zurueck-garantie-ein-damius-dreirad-fuer-erwachsene-ausprobieren\\\/\",\"url\":\"https:\\\/\\\/2025.damius.com\\\/de\\\/zufriedenheits-oder-geld-zurueck-garantie-ein-damius-dreirad-fuer-erwachsene-ausprobieren\\\/\",\"name\":\"Zufriedenheits- oder Geld-zur\u00fcck-Garantie\u201c ein Damius-Dreirad f\u00fcr Erwachsene ausprobieren? - Damius\",\"isPartOf\":{\"@id\":\"https:\\\/\\\/2025.damius.com\\\/#website\"},\"datePublished\":\"2026-02-05T16:41:33+00:00\",\"dateModified\":\"2026-02-06T08:06:19+00:00\",\"breadcrumb\":{\"@id\":\"https:\\\/\\\/2025.damius.com\\\/de\\\/zufriedenheits-oder-geld-zurueck-garantie-ein-damius-dreirad-fuer-erwachsene-ausprobieren\\\/#breadcrumb\"},\"inLanguage\":\"de\",\"potentialAction\":[{\"@type\":\"ReadAction\",\"target\":[\"https:\\\/\\\/2025.damius.com\\\/de\\\/zufriedenheits-oder-geld-zurueck-garantie-ein-damius-dreirad-fuer-erwachsene-ausprobieren\\\/\"]}]},{\"@type\":\"BreadcrumbList\",\"@id\":\"https:\\\/\\\/2025.damius.com\\\/de\\\/zufriedenheits-oder-geld-zurueck-garantie-ein-damius-dreirad-fuer-erwachsene-ausprobieren\\\/#breadcrumb\",\"itemListElement\":[{\"@type\":\"ListItem\",\"position\":1,\"name\":\"Accueil\",\"item\":\"https:\\\/\\\/2025.damius.com\\\/de\\\/haus\\\/\"},{\"@type\":\"ListItem\",\"position\":2,\"name\":\"Zufriedenheits- oder Geld-zur\u00fcck-Garantie\u201c ein Damius-Dreirad f\u00fcr Erwachsene ausprobieren?\"}]},{\"@type\":\"WebSite\",\"@id\":\"https:\\\/\\\/2025.damius.com\\\/#website\",\"url\":\"https:\\\/\\\/2025.damius.com\\\/\",\"name\":\"Damius\",\"description\":\"\",\"publisher\":{\"@id\":\"https:\\\/\\\/2025.damius.com\\\/#organization\"},\"potentialAction\":[{\"@type\":\"SearchAction\",\"target\":{\"@type\":\"EntryPoint\",\"urlTemplate\":\"https:\\\/\\\/2025.damius.com\\\/?s={search_term_string}\"},\"query-input\":{\"@type\":\"PropertyValueSpecification\",\"valueRequired\":true,\"valueName\":\"search_term_string\"}}],\"inLanguage\":\"de\"},{\"@type\":\"Organization\",\"@id\":\"https:\\\/\\\/2025.damius.com\\\/#organization\",\"name\":\"Damius\",\"url\":\"https:\\\/\\\/2025.damius.com\\\/\",\"logo\":{\"@type\":\"ImageObject\",\"inLanguage\":\"de\",\"@id\":\"https:\\\/\\\/2025.damius.com\\\/#\\\/schema\\\/logo\\\/image\\\/\",\"url\":\"https:\\\/\\\/2025.damius.com\\\/wp-content\\\/uploads\\\/2022\\\/01\\\/Logo_Damius-1.jpg\",\"contentUrl\":\"https:\\\/\\\/2025.damius.com\\\/wp-content\\\/uploads\\\/2022\\\/01\\\/Logo_Damius-1.jpg\",\"width\":616,\"height\":143,\"caption\":\"Damius\"},\"image\":{\"@id\":\"https:\\\/\\\/2025.damius.com\\\/#\\\/schema\\\/logo\\\/image\\\/\"}}]}<\/script>\n<!-- \/ Yoast SEO plugin. -->","yoast_head_json":{"title":"Zufriedenheits- oder Geld-zur\u00fcck-Garantie\u201c ein Damius-Dreirad f\u00fcr Erwachsene ausprobieren? - Damius","robots":{"index":"noindex","follow":"follow","max-snippet":"max-snippet:-1","max-image-preview":"max-image-preview:large","max-video-preview":"max-video-preview:-1"},"og_locale":"de_DE","og_type":"article","og_title":"Zufriedenheits- oder Geld-zur\u00fcck-Garantie\u201c ein Damius-Dreirad f\u00fcr Erwachsene ausprobieren? - Damius","og_description":"Die \u201eZufrieden oder Geld zur\u00fcck\u201c-Richtlinie von Damius ist ein echter Service, sorgf\u00e4ltig durchdacht und optimiert, um Sie zufrieden zu stellen! Endlich eine L\u00f6sung, um ein Erwachsenen-Dreirad zu Hause, im eigenen Tempo und kostenlos auszuprobieren!Testen Sie das Dreirad bequem zu Hause \u2013 unter realen Bedingungen und in Ihrem eigenen Tempo. Sie haben 14 Tage Zeit, sich [&hellip;]","og_url":"https:\/\/2025.damius.com\/de\/zufriedenheits-oder-geld-zurueck-garantie-ein-damius-dreirad-fuer-erwachsene-ausprobieren\/","og_site_name":"Damius","article_modified_time":"2026-02-06T08:06:19+00:00","twitter_card":"summary_large_image","twitter_misc":{"Gesch\u00e4tzte Lesezeit":"4\u00a0Minuten"},"schema":{"@context":"https:\/\/schema.org","@graph":[{"@type":"WebPage","@id":"https:\/\/2025.damius.com\/de\/zufriedenheits-oder-geld-zurueck-garantie-ein-damius-dreirad-fuer-erwachsene-ausprobieren\/","url":"https:\/\/2025.damius.com\/de\/zufriedenheits-oder-geld-zurueck-garantie-ein-damius-dreirad-fuer-erwachsene-ausprobieren\/","name":"Zufriedenheits- oder Geld-zur\u00fcck-Garantie\u201c ein Damius-Dreirad f\u00fcr Erwachsene ausprobieren? - Damius","isPartOf":{"@id":"https:\/\/2025.damius.com\/#website"},"datePublished":"2026-02-05T16:41:33+00:00","dateModified":"2026-02-06T08:06:19+00:00","breadcrumb":{"@id":"https:\/\/2025.damius.com\/de\/zufriedenheits-oder-geld-zurueck-garantie-ein-damius-dreirad-fuer-erwachsene-ausprobieren\/#breadcrumb"},"inLanguage":"de","potentialAction":[{"@type":"ReadAction","target":["https:\/\/2025.damius.com\/de\/zufriedenheits-oder-geld-zurueck-garantie-ein-damius-dreirad-fuer-erwachsene-ausprobieren\/"]}]},{"@type":"BreadcrumbList","@id":"https:\/\/2025.damius.com\/de\/zufriedenheits-oder-geld-zurueck-garantie-ein-damius-dreirad-fuer-erwachsene-ausprobieren\/#breadcrumb","itemListElement":[{"@type":"ListItem","position":1,"name":"Accueil","item":"https:\/\/2025.damius.com\/de\/haus\/"},{"@type":"ListItem","position":2,"name":"Zufriedenheits- oder Geld-zur\u00fcck-Garantie\u201c ein Damius-Dreirad f\u00fcr Erwachsene ausprobieren?"}]},{"@type":"WebSite","@id":"https:\/\/2025.damius.com\/#website","url":"https:\/\/2025.damius.com\/","name":"Damius","description":"","publisher":{"@id":"https:\/\/2025.damius.com\/#organization"},"potentialAction":[{"@type":"SearchAction","target":{"@type":"EntryPoint","urlTemplate":"https:\/\/2025.damius.com\/?s={search_term_string}"},"query-input":{"@type":"PropertyValueSpecification","valueRequired":true,"valueName":"search_term_string"}}],"inLanguage":"de"},{"@type":"Organization","@id":"https:\/\/2025.damius.com\/#organization","name":"Damius","url":"https:\/\/2025.damius.com\/","logo":{"@type":"ImageObject","inLanguage":"de","@id":"https:\/\/2025.damius.com\/#\/schema\/logo\/image\/","url":"https:\/\/2025.damius.com\/wp-content\/uploads\/2022\/01\/Logo_Damius-1.jpg","contentUrl":"https:\/\/2025.damius.com\/wp-content\/uploads\/2022\/01\/Logo_Damius-1.jpg","width":616,"height":143,"caption":"Damius"},"image":{"@id":"https:\/\/2025.damius.com\/#\/schema\/logo\/image\/"}}]}},"featured_image_src":null,"featured_image_src_square":null,"_links":{"self":[{"href":"https:\/\/2025.damius.com\/de\/wp-json\/wp\/v2\/pages\/2142","targetHints":{"allow":["GET"]}}],"collection":[{"href":"https:\/\/2025.damius.com\/de\/wp-json\/wp\/v2\/pages"}],"about":[{"href":"https:\/\/2025.damius.com\/de\/wp-json\/wp\/v2\/types\/page"}],"author":[{"embeddable":true,"href":"https:\/\/2025.damius.com\/de\/wp-json\/wp\/v2\/users\/1"}],"replies":[{"embeddable":true,"href":"https:\/\/2025.damius.com\/de\/wp-json\/wp\/v2\/comments?post=2142"}],"version-history":[{"count":1,"href":"https:\/\/2025.damius.com\/de\/wp-json\/wp\/v2\/pages\/2142\/revisions"}],"predecessor-version":[{"id":2143,"href":"https:\/\/2025.damius.com\/de\/wp-json\/wp\/v2\/pages\/2142\/revisions\/2143"}],"wp:attachment":[{"href":"https:\/\/2025.damius.com\/de\/wp-json\/wp\/v2\/media?parent=2142"}],"curies":[{"name":"wp","href":"https:\/\/api.w.org\/{rel}","templated":true}]}}