{"id":2152,"date":"2026-02-05T18:08:58","date_gmt":"2026-02-05T17:08:58","guid":{"rendered":"https:\/\/2025.damius.com\/sofort-einsatzbereite-lieferung\/"},"modified":"2026-02-06T10:20:00","modified_gmt":"2026-02-06T09:20:00","slug":"sofort-einsatzbereite-lieferung","status":"publish","type":"page","link":"https:\/\/2025.damius.com\/de\/sofort-einsatzbereite-lieferung\/","title":{"rendered":"Sofort einsatzbereite Lieferung"},"content":{"rendered":"\n<div class=\"wp-block-media-text alignwide is-stacked-on-mobile is-image-fill-element\"><figure class=\"wp-block-media-text__media\"><img loading=\"lazy\" decoding=\"async\" width=\"600\" height=\"400\" src=\"https:\/\/2025.damius.com\/wp-content\/uploads\/2022\/01\/service-assemblage.jpg\" alt=\"\" class=\"wp-image-708 size-full\" style=\"object-position:50% 50%\" srcset=\"https:\/\/2025.damius.com\/wp-content\/uploads\/2022\/01\/service-assemblage.jpg 600w, https:\/\/2025.damius.com\/wp-content\/uploads\/2022\/01\/service-assemblage-300x200.jpg 300w\" sizes=\"auto, (max-width: 600px) 100vw, 600px\" \/><\/figure><div class=\"wp-block-media-text__content\">\n<h2 class=\"wp-block-heading\">Die Inspektion des elektrischen Dreirads,<br \/>bei der nichts dem Zufall \u00fcberlassen wird.<\/h2>\n\n\n\n<p>Die Montage eines elektrisch unterst\u00fctzten Dreirads f\u00fcr Erwachsene erfordert Fachkenntnisse und Werkzeuge. Wir verf\u00fcgen \u00fcber alle notwendigen Werkzeuge und F\u00e4higkeiten, um die Montage Ihres Dreirads unter optimalen Bedingungen zu pr\u00fcfen und abzuschlie\u00dfen. Das gesamte Dreirad wird vor der Pr\u00fcfung sorgf\u00e4ltig gepr\u00fcft. <strong>Es wird mit dem von Ihnen bestellten Zubeh\u00f6r<\/strong> <span style=\"text-decoration: underline\">und den gew\u00fcnschten Optionen nach genauen Vorgaben montiert<\/span>, und dabei werden mehrere Funktionspr\u00fcfungen durchgef\u00fchrt.<br \/><br \/>Wir sind stolz darauf, diese Vorbereitung in unseren eigenen R\u00e4umlichkeiten durchzuf\u00fchren, um ein hohes Ma\u00df an Qualit\u00e4tskontrolle zu gew\u00e4hrleisten. Abschlie\u00dfend wird jedes Dreirad vor dem Verpacken und Versenden gepr\u00fcft, eingestellt (Bremsen, Schaltung usw.) und unter realen Bedingungen getestet (Schaltung, Bremsen, Lenkung usw.).<br \/><br \/><a href=\"https:\/\/2025.damius.com\/votre-tricycle-monte-sur-mesure-et-livre-chez-vous-pret-a-lemploi-pour-1e\/\">Erfahren Sie mehr \u00fcber die Montage unserer Evasion-Dreir\u00e4der.<\/a><\/p>\n<\/div><\/div>\n\n<hr class=\"wp-block-separator has-css-opacity\" \/>\n\n<div class=\"wp-block-media-text alignwide has-media-on-the-right is-stacked-on-mobile is-image-fill-element\"><div class=\"wp-block-media-text__content\">\n<h2 class=\"wp-block-heading\">Ihr Dreirad wird geliefert<br \/>und Sie sind rundum beruhigt<\/h2>\n\n\n\n<p>Seit 2013 arbeiten wir mit dem Transportunternehmen GEODIS zusammen, das sich auf den Transport von sperrigen Paketen spezialisiert hat und <strong>eine effiziente Zustelll\u00f6sung f\u00fcr Privatkunden anbieten kann.<\/strong> Sie werden per E-Mail und SMS \u00fcber die Lieferung Ihres Dreirads in zwei Etappen informiert. Schritt 1: Sie werden benachrichtigt, sobald Ihr Paket in unserem Lager eintrifft. Schritt 2: Sie werden erneut benachrichtigt, sobald das Paket mit Ihrem dreir\u00e4drigen Erwachsenenfahrrad bei der Spedition eintrifft, die die Lieferung zu Ihnen nach Hause \u00fcbernimmt. <span style=\"text-decoration: underline\">Anschlie\u00dfend k\u00f6nnen Sie in einem Online-Kalender den gew\u00fcnschten Liefertermin ausw\u00e4hlen.<\/span><br \/><br \/>W\u00e4hrend des gesamten Transports sind wir f\u00fcr die Unversehrtheit Ihres Dreirads verantwortlich. Deshalb haben wir eine spezielle Verpackung f\u00fcr den Transport unserer Dreir\u00e4der entwickelt, bestehend aus einer von uns selbst hergestellten Holzpalette, auf der das Dreirad befestigt wird, und einem sehr stabilen Karton, der es umschlie\u00dft und sch\u00fctzt.<\/p>\n\n\n\n<p>Wir haben die volle Kontrolle \u00fcber den Lieferprozess und unsere L\u00f6sung erm\u00f6glicht es uns, Ihr Dreirad innerhalb von ca. 5 Tagen zu liefern, sofern das Dreirad auf Lager ist. Ihr Dreirad <strong>wird Ihnen komplett montiert und mit den gew\u00fcnschten<\/strong> Optionen nach Hause geliefert! Vor dem Versand wird das Produkt getestet, um sicherzustellen, dass es ordnungsgem\u00e4\u00df funktioniert.<br \/><br \/><a href=\"https:\/\/2025.damius.com\/votre-tricycle-monte-sur-mesure-et-livre-chez-vous-pret-a-lemploi-pour-1e\/\">Erfahren Sie mehr \u00fcber unsere Lieferbedingungen<\/a><\/p>\n<\/div><figure class=\"wp-block-media-text__media\"><img loading=\"lazy\" decoding=\"async\" width=\"600\" height=\"400\" src=\"https:\/\/2025.damius.com\/wp-content\/uploads\/2022\/01\/carton_allotricycle.jpg\" alt=\"\" class=\"wp-image-712 size-full\" style=\"object-position:50% 50%\" srcset=\"https:\/\/2025.damius.com\/wp-content\/uploads\/2022\/01\/carton_allotricycle.jpg 600w, https:\/\/2025.damius.com\/wp-content\/uploads\/2022\/01\/carton_allotricycle-300x200.jpg 300w\" sizes=\"auto, (max-width: 600px) 100vw, 600px\" \/><\/figure><\/div>\n","protected":false},"excerpt":{"rendered":"<p>Die Inspektion des elektrischen Dreirads,bei der nichts dem Zufall \u00fcberlassen wird. Die Montage eines elektrisch unterst\u00fctzten Dreirads f\u00fcr Erwachsene erfordert Fachkenntnisse und Werkzeuge. Wir verf\u00fcgen \u00fcber alle notwendigen Werkzeuge und F\u00e4higkeiten, um die Montage Ihres Dreirads unter optimalen Bedingungen zu pr\u00fcfen und abzuschlie\u00dfen. Das gesamte Dreirad wird vor der Pr\u00fcfung sorgf\u00e4ltig gepr\u00fcft. Es wird mit [&hellip;]<\/p>\n","protected":false},"author":1,"featured_media":0,"parent":0,"menu_order":0,"comment_status":"closed","ping_status":"closed","template":"","meta":{"_acf_changed":false,"_eb_attr":"","footnotes":""},"class_list":["post-2152","page","type-page","status-publish","hentry"],"acf":[],"yoast_head":"<!-- This site is optimized with the Yoast SEO plugin v27.3 - https:\/\/yoast.com\/product\/yoast-seo-wordpress\/ -->\n<title>Sofort einsatzbereite Lieferung - Damius<\/title>\n<meta name=\"robots\" content=\"noindex, follow, max-snippet:-1, max-image-preview:large, max-video-preview:-1\" \/>\n<meta property=\"og:locale\" content=\"de_DE\" \/>\n<meta property=\"og:type\" content=\"article\" \/>\n<meta property=\"og:title\" content=\"Sofort einsatzbereite Lieferung - Damius\" \/>\n<meta property=\"og:description\" content=\"Die Inspektion des elektrischen Dreirads,bei der nichts dem Zufall \u00fcberlassen wird. Die Montage eines elektrisch unterst\u00fctzten Dreirads f\u00fcr Erwachsene erfordert Fachkenntnisse und Werkzeuge. Wir verf\u00fcgen \u00fcber alle notwendigen Werkzeuge und F\u00e4higkeiten, um die Montage Ihres Dreirads unter optimalen Bedingungen zu pr\u00fcfen und abzuschlie\u00dfen. Das gesamte Dreirad wird vor der Pr\u00fcfung sorgf\u00e4ltig gepr\u00fcft. Es wird mit [&hellip;]\" \/>\n<meta property=\"og:url\" content=\"https:\/\/2025.damius.com\/de\/sofort-einsatzbereite-lieferung\/\" \/>\n<meta property=\"og:site_name\" content=\"Damius\" \/>\n<meta property=\"article:modified_time\" content=\"2026-02-06T09:20:00+00:00\" \/>\n<meta property=\"og:image\" content=\"https:\/\/2025.damius.com\/wp-content\/uploads\/2022\/01\/service-assemblage.jpg\" \/>\n\t<meta property=\"og:image:width\" content=\"600\" \/>\n\t<meta property=\"og:image:height\" content=\"400\" \/>\n\t<meta property=\"og:image:type\" content=\"image\/jpeg\" \/>\n<meta name=\"twitter:card\" content=\"summary_large_image\" \/>\n<meta name=\"twitter:label1\" content=\"Gesch\u00e4tzte Lesezeit\" \/>\n\t<meta name=\"twitter:data1\" content=\"2\u00a0Minuten\" \/>\n<script type=\"application\/ld+json\" class=\"yoast-schema-graph\">{\"@context\":\"https:\\\/\\\/schema.org\",\"@graph\":[{\"@type\":\"WebPage\",\"@id\":\"https:\\\/\\\/2025.damius.com\\\/de\\\/sofort-einsatzbereite-lieferung\\\/\",\"url\":\"https:\\\/\\\/2025.damius.com\\\/de\\\/sofort-einsatzbereite-lieferung\\\/\",\"name\":\"Sofort einsatzbereite Lieferung - Damius\",\"isPartOf\":{\"@id\":\"https:\\\/\\\/2025.damius.com\\\/#website\"},\"primaryImageOfPage\":{\"@id\":\"https:\\\/\\\/2025.damius.com\\\/de\\\/sofort-einsatzbereite-lieferung\\\/#primaryimage\"},\"image\":{\"@id\":\"https:\\\/\\\/2025.damius.com\\\/de\\\/sofort-einsatzbereite-lieferung\\\/#primaryimage\"},\"thumbnailUrl\":\"https:\\\/\\\/2025.damius.com\\\/wp-content\\\/uploads\\\/2022\\\/01\\\/service-assemblage.jpg\",\"datePublished\":\"2026-02-05T17:08:58+00:00\",\"dateModified\":\"2026-02-06T09:20:00+00:00\",\"breadcrumb\":{\"@id\":\"https:\\\/\\\/2025.damius.com\\\/de\\\/sofort-einsatzbereite-lieferung\\\/#breadcrumb\"},\"inLanguage\":\"de\",\"potentialAction\":[{\"@type\":\"ReadAction\",\"target\":[\"https:\\\/\\\/2025.damius.com\\\/de\\\/sofort-einsatzbereite-lieferung\\\/\"]}]},{\"@type\":\"ImageObject\",\"inLanguage\":\"de\",\"@id\":\"https:\\\/\\\/2025.damius.com\\\/de\\\/sofort-einsatzbereite-lieferung\\\/#primaryimage\",\"url\":\"https:\\\/\\\/2025.damius.com\\\/wp-content\\\/uploads\\\/2022\\\/01\\\/service-assemblage.jpg\",\"contentUrl\":\"https:\\\/\\\/2025.damius.com\\\/wp-content\\\/uploads\\\/2022\\\/01\\\/service-assemblage.jpg\"},{\"@type\":\"BreadcrumbList\",\"@id\":\"https:\\\/\\\/2025.damius.com\\\/de\\\/sofort-einsatzbereite-lieferung\\\/#breadcrumb\",\"itemListElement\":[{\"@type\":\"ListItem\",\"position\":1,\"name\":\"Accueil\",\"item\":\"https:\\\/\\\/2025.damius.com\\\/de\\\/haus\\\/\"},{\"@type\":\"ListItem\",\"position\":2,\"name\":\"Sofort einsatzbereite Lieferung\"}]},{\"@type\":\"WebSite\",\"@id\":\"https:\\\/\\\/2025.damius.com\\\/#website\",\"url\":\"https:\\\/\\\/2025.damius.com\\\/\",\"name\":\"Damius\",\"description\":\"\",\"publisher\":{\"@id\":\"https:\\\/\\\/2025.damius.com\\\/#organization\"},\"potentialAction\":[{\"@type\":\"SearchAction\",\"target\":{\"@type\":\"EntryPoint\",\"urlTemplate\":\"https:\\\/\\\/2025.damius.com\\\/?s={search_term_string}\"},\"query-input\":{\"@type\":\"PropertyValueSpecification\",\"valueRequired\":true,\"valueName\":\"search_term_string\"}}],\"inLanguage\":\"de\"},{\"@type\":\"Organization\",\"@id\":\"https:\\\/\\\/2025.damius.com\\\/#organization\",\"name\":\"Damius\",\"url\":\"https:\\\/\\\/2025.damius.com\\\/\",\"logo\":{\"@type\":\"ImageObject\",\"inLanguage\":\"de\",\"@id\":\"https:\\\/\\\/2025.damius.com\\\/#\\\/schema\\\/logo\\\/image\\\/\",\"url\":\"https:\\\/\\\/2025.damius.com\\\/wp-content\\\/uploads\\\/2022\\\/01\\\/Logo_Damius-1.jpg\",\"contentUrl\":\"https:\\\/\\\/2025.damius.com\\\/wp-content\\\/uploads\\\/2022\\\/01\\\/Logo_Damius-1.jpg\",\"width\":616,\"height\":143,\"caption\":\"Damius\"},\"image\":{\"@id\":\"https:\\\/\\\/2025.damius.com\\\/#\\\/schema\\\/logo\\\/image\\\/\"}}]}<\/script>\n<!-- \/ Yoast SEO plugin. -->","yoast_head_json":{"title":"Sofort einsatzbereite Lieferung - Damius","robots":{"index":"noindex","follow":"follow","max-snippet":"max-snippet:-1","max-image-preview":"max-image-preview:large","max-video-preview":"max-video-preview:-1"},"og_locale":"de_DE","og_type":"article","og_title":"Sofort einsatzbereite Lieferung - Damius","og_description":"Die Inspektion des elektrischen Dreirads,bei der nichts dem Zufall \u00fcberlassen wird. Die Montage eines elektrisch unterst\u00fctzten Dreirads f\u00fcr Erwachsene erfordert Fachkenntnisse und Werkzeuge. Wir verf\u00fcgen \u00fcber alle notwendigen Werkzeuge und F\u00e4higkeiten, um die Montage Ihres Dreirads unter optimalen Bedingungen zu pr\u00fcfen und abzuschlie\u00dfen. Das gesamte Dreirad wird vor der Pr\u00fcfung sorgf\u00e4ltig gepr\u00fcft. Es wird mit [&hellip;]","og_url":"https:\/\/2025.damius.com\/de\/sofort-einsatzbereite-lieferung\/","og_site_name":"Damius","article_modified_time":"2026-02-06T09:20:00+00:00","og_image":[{"width":600,"height":400,"url":"https:\/\/2025.damius.com\/wp-content\/uploads\/2022\/01\/service-assemblage.jpg","type":"image\/jpeg"}],"twitter_card":"summary_large_image","twitter_misc":{"Gesch\u00e4tzte Lesezeit":"2\u00a0Minuten"},"schema":{"@context":"https:\/\/schema.org","@graph":[{"@type":"WebPage","@id":"https:\/\/2025.damius.com\/de\/sofort-einsatzbereite-lieferung\/","url":"https:\/\/2025.damius.com\/de\/sofort-einsatzbereite-lieferung\/","name":"Sofort einsatzbereite Lieferung - Damius","isPartOf":{"@id":"https:\/\/2025.damius.com\/#website"},"primaryImageOfPage":{"@id":"https:\/\/2025.damius.com\/de\/sofort-einsatzbereite-lieferung\/#primaryimage"},"image":{"@id":"https:\/\/2025.damius.com\/de\/sofort-einsatzbereite-lieferung\/#primaryimage"},"thumbnailUrl":"https:\/\/2025.damius.com\/wp-content\/uploads\/2022\/01\/service-assemblage.jpg","datePublished":"2026-02-05T17:08:58+00:00","dateModified":"2026-02-06T09:20:00+00:00","breadcrumb":{"@id":"https:\/\/2025.damius.com\/de\/sofort-einsatzbereite-lieferung\/#breadcrumb"},"inLanguage":"de","potentialAction":[{"@type":"ReadAction","target":["https:\/\/2025.damius.com\/de\/sofort-einsatzbereite-lieferung\/"]}]},{"@type":"ImageObject","inLanguage":"de","@id":"https:\/\/2025.damius.com\/de\/sofort-einsatzbereite-lieferung\/#primaryimage","url":"https:\/\/2025.damius.com\/wp-content\/uploads\/2022\/01\/service-assemblage.jpg","contentUrl":"https:\/\/2025.damius.com\/wp-content\/uploads\/2022\/01\/service-assemblage.jpg"},{"@type":"BreadcrumbList","@id":"https:\/\/2025.damius.com\/de\/sofort-einsatzbereite-lieferung\/#breadcrumb","itemListElement":[{"@type":"ListItem","position":1,"name":"Accueil","item":"https:\/\/2025.damius.com\/de\/haus\/"},{"@type":"ListItem","position":2,"name":"Sofort einsatzbereite Lieferung"}]},{"@type":"WebSite","@id":"https:\/\/2025.damius.com\/#website","url":"https:\/\/2025.damius.com\/","name":"Damius","description":"","publisher":{"@id":"https:\/\/2025.damius.com\/#organization"},"potentialAction":[{"@type":"SearchAction","target":{"@type":"EntryPoint","urlTemplate":"https:\/\/2025.damius.com\/?s={search_term_string}"},"query-input":{"@type":"PropertyValueSpecification","valueRequired":true,"valueName":"search_term_string"}}],"inLanguage":"de"},{"@type":"Organization","@id":"https:\/\/2025.damius.com\/#organization","name":"Damius","url":"https:\/\/2025.damius.com\/","logo":{"@type":"ImageObject","inLanguage":"de","@id":"https:\/\/2025.damius.com\/#\/schema\/logo\/image\/","url":"https:\/\/2025.damius.com\/wp-content\/uploads\/2022\/01\/Logo_Damius-1.jpg","contentUrl":"https:\/\/2025.damius.com\/wp-content\/uploads\/2022\/01\/Logo_Damius-1.jpg","width":616,"height":143,"caption":"Damius"},"image":{"@id":"https:\/\/2025.damius.com\/#\/schema\/logo\/image\/"}}]}},"featured_image_src":null,"featured_image_src_square":null,"_links":{"self":[{"href":"https:\/\/2025.damius.com\/de\/wp-json\/wp\/v2\/pages\/2152","targetHints":{"allow":["GET"]}}],"collection":[{"href":"https:\/\/2025.damius.com\/de\/wp-json\/wp\/v2\/pages"}],"about":[{"href":"https:\/\/2025.damius.com\/de\/wp-json\/wp\/v2\/types\/page"}],"author":[{"embeddable":true,"href":"https:\/\/2025.damius.com\/de\/wp-json\/wp\/v2\/users\/1"}],"replies":[{"embeddable":true,"href":"https:\/\/2025.damius.com\/de\/wp-json\/wp\/v2\/comments?post=2152"}],"version-history":[{"count":2,"href":"https:\/\/2025.damius.com\/de\/wp-json\/wp\/v2\/pages\/2152\/revisions"}],"predecessor-version":[{"id":2247,"href":"https:\/\/2025.damius.com\/de\/wp-json\/wp\/v2\/pages\/2152\/revisions\/2247"}],"wp:attachment":[{"href":"https:\/\/2025.damius.com\/de\/wp-json\/wp\/v2\/media?parent=2152"}],"curies":[{"name":"wp","href":"https:\/\/api.w.org\/{rel}","templated":true}]}}