{"id":2168,"date":"2026-02-05T18:25:14","date_gmt":"2026-02-05T17:25:14","guid":{"rendered":"https:\/\/2025.damius.com\/unser-versprechen-an-sie-ihre-zufriedenheit\/"},"modified":"2026-02-09T10:30:38","modified_gmt":"2026-02-09T09:30:38","slug":"unser-versprechen-an-sie-ihre-zufriedenheit","status":"publish","type":"page","link":"https:\/\/2025.damius.com\/de\/unser-versprechen-an-sie-ihre-zufriedenheit\/","title":{"rendered":"Unser Versprechen an Sie: Ihre Zufriedenheit."},"content":{"rendered":"\n<div class=\"wp-block-media-text alignwide has-media-on-the-right is-stacked-on-mobile is-image-fill-element\"><div class=\"wp-block-media-text__content\">\n<h2 class=\"wp-block-heading\">Wir helfen Ihnen bei der Auswahl Ihres Dreirads<\/h2>\n\n\n\n<p> <br \/>M\u00f6chten Sie unseren Vertrieb kontaktieren? Einfacher geht&#8217;s nicht!<br \/>Rufen Sie uns an unter 04 90 59 49 10 (Option 1) oder schreiben Sie eine E-Mail an <a href=\"mailto:info@damius.com\">info@damius.com<\/a><\/p>\n\n\n\n<p>Der erste und wichtigste Schritt ist, sich vor dem Kauf gr\u00fcndlich zu informieren. Sie m\u00fcssen sicherstellen, dass das Dreirad, das Sie w\u00e4hlen, perfekt zu Ihnen passt und Ihren geplanten Einsatzzwecken in den kommenden Jahren erf\u00fcllt. Ob elektrisch unterst\u00fctzt oder nicht, faltbar oder nicht, f\u00fcr jedes Gel\u00e4nde oder nur f\u00fcr den Stadtverkehr \u2013 achten Sie unbedingt darauf, <strong>dass es die richtige Gr\u00f6\u00dfe f\u00fcr Ihre K\u00f6rpergr\u00f6\u00dfe und Ihr Gewicht hat!<\/strong>  <br \/><br \/>Alle Informationen, die Sie ben\u00f6tigen, finden Sie auf unseren Produktseiten f\u00fcr Dreir\u00e4der: \u201e<a href=\"https:\/\/www.damius.com\/fr\/nos-tricycles-et-velos\/tricycles-adulte.html\">Unsere elektrischen Dreir\u00e4der f\u00fcr Erwachsene<\/a>\u201c.<br \/><br \/>Sollten Sie Zweifel haben, z\u00f6gern Sie bitte nicht, uns per E-Mail unter <a href=\"mailto:info@damius.com\">info@damius.com<\/a> oder telefonisch unter 04 90 59 49 10 (Option 1) zu kontaktieren.<\/p>\n<\/div><figure class=\"wp-block-media-text__media\"><img loading=\"lazy\" decoding=\"async\" width=\"600\" height=\"400\" src=\"https:\/\/2025.damius.com\/wp-content\/uploads\/2022\/01\/service-renseignement.jpg\" alt=\"\" class=\"wp-image-684 size-full\" style=\"object-position:50% 50%\" srcset=\"https:\/\/2025.damius.com\/wp-content\/uploads\/2022\/01\/service-renseignement.jpg 600w, https:\/\/2025.damius.com\/wp-content\/uploads\/2022\/01\/service-renseignement-300x200.jpg 300w\" sizes=\"auto, (max-width: 600px) 100vw, 600px\" \/><\/figure><\/div>\n\n<div style=\"height:38px\" aria-hidden=\"true\" class=\"wp-block-spacer\"><\/div>\n\n<p>Auf unserem Blog finden Sie au\u00dferdem viele praktische Informationen. Klicken Sie dazu auf diesen Link: <a href=\"https:\/\/www.damius.com\/blog\">https:\/\/www.damius.com\/blog<\/a><\/p>\n\n<p>Noch Fragen? <a href=\"https:\/\/2025.damius.com\/toutes-les-informations-necessaires-pour-un-achat-en-confiance\/\">Kontaktieren Sie uns!<\/a><\/p>\n\n<p class=\"has-text-align-center\"><br \/><br \/><strong>Von 2016 bis 2025 stellten wir unsere Dreir\u00e4der selbst her; jetzt ist die Produktion ausgelagert!<\/strong><\/p>\n\n<figure class=\"wp-block-embed is-type-video is-provider-youtube wp-block-embed-youtube wp-embed-aspect-16-9 wp-has-aspect-ratio\"><div class=\"wp-block-embed__wrapper\">\n<iframe loading=\"lazy\" title=\"DAMIUS - Concepteur Fran\u00e7ais de tricycles \u00e9lectriques pour adulte\" width=\"580\" height=\"326\" src=\"https:\/\/www.youtube.com\/embed\/k-9JC2LkkJc?feature=oembed\" frameborder=\"0\" allow=\"accelerometer; autoplay; clipboard-write; encrypted-media; gyroscope; picture-in-picture; web-share\" referrerpolicy=\"strict-origin-when-cross-origin\" allowfullscreen><\/iframe>\n<\/div><\/figure>\n\n<figure class=\"wp-block-embed is-type-video is-provider-youtube wp-block-embed-youtube wp-embed-aspect-16-9 wp-has-aspect-ratio\"><div class=\"wp-block-embed__wrapper\">\n<iframe loading=\"lazy\" title=\"Produits mobilit\u00e9s Damius : Conception de tricycle \u00e9lectrique adulte.\" width=\"580\" height=\"326\" src=\"https:\/\/www.youtube.com\/embed\/XB6xgN5eUzk?feature=oembed\" frameborder=\"0\" allow=\"accelerometer; autoplay; clipboard-write; encrypted-media; gyroscope; picture-in-picture; web-share\" referrerpolicy=\"strict-origin-when-cross-origin\" allowfullscreen><\/iframe>\n<\/div><\/figure>\n","protected":false},"excerpt":{"rendered":"<p>Wir helfen Ihnen bei der Auswahl Ihres Dreirads M\u00f6chten Sie unseren Vertrieb kontaktieren? Einfacher geht&#8217;s nicht!Rufen Sie uns an unter 04 90 59 49 10 (Option 1) oder schreiben Sie eine E-Mail an info@damius.com Der erste und wichtigste Schritt ist, sich vor dem Kauf gr\u00fcndlich zu informieren. Sie m\u00fcssen sicherstellen, dass das Dreirad, das Sie [&hellip;]<\/p>\n","protected":false},"author":1,"featured_media":0,"parent":0,"menu_order":0,"comment_status":"closed","ping_status":"closed","template":"","meta":{"_acf_changed":false,"_eb_attr":"","footnotes":""},"class_list":["post-2168","page","type-page","status-publish","hentry"],"acf":[],"yoast_head":"<!-- This site is optimized with the Yoast SEO plugin v27.3 - https:\/\/yoast.com\/product\/yoast-seo-wordpress\/ -->\n<title>Unser Versprechen an Sie: Ihre Zufriedenheit. - Damius<\/title>\n<meta name=\"robots\" content=\"noindex, follow, max-snippet:-1, max-image-preview:large, max-video-preview:-1\" \/>\n<meta property=\"og:locale\" content=\"de_DE\" \/>\n<meta property=\"og:type\" content=\"article\" \/>\n<meta property=\"og:title\" content=\"Unser Versprechen an Sie: Ihre Zufriedenheit. - Damius\" \/>\n<meta property=\"og:description\" content=\"Wir helfen Ihnen bei der Auswahl Ihres Dreirads M\u00f6chten Sie unseren Vertrieb kontaktieren? Einfacher geht&#8217;s nicht!Rufen Sie uns an unter 04 90 59 49 10 (Option 1) oder schreiben Sie eine E-Mail an info@damius.com Der erste und wichtigste Schritt ist, sich vor dem Kauf gr\u00fcndlich zu informieren. Sie m\u00fcssen sicherstellen, dass das Dreirad, das Sie [&hellip;]\" \/>\n<meta property=\"og:url\" content=\"https:\/\/2025.damius.com\/de\/unser-versprechen-an-sie-ihre-zufriedenheit\/\" \/>\n<meta property=\"og:site_name\" content=\"Damius\" \/>\n<meta property=\"article:modified_time\" content=\"2026-02-09T09:30:38+00:00\" \/>\n<meta property=\"og:image\" content=\"https:\/\/2025.damius.com\/wp-content\/uploads\/2022\/01\/service-renseignement.jpg\" \/>\n\t<meta property=\"og:image:width\" content=\"600\" \/>\n\t<meta property=\"og:image:height\" content=\"400\" \/>\n\t<meta property=\"og:image:type\" content=\"image\/jpeg\" \/>\n<meta name=\"twitter:card\" content=\"summary_large_image\" \/>\n<meta name=\"twitter:label1\" content=\"Gesch\u00e4tzte Lesezeit\" \/>\n\t<meta name=\"twitter:data1\" content=\"1\u00a0Minute\" \/>\n<script type=\"application\/ld+json\" class=\"yoast-schema-graph\">{\"@context\":\"https:\\\/\\\/schema.org\",\"@graph\":[{\"@type\":\"WebPage\",\"@id\":\"https:\\\/\\\/2025.damius.com\\\/de\\\/unser-versprechen-an-sie-ihre-zufriedenheit\\\/\",\"url\":\"https:\\\/\\\/2025.damius.com\\\/de\\\/unser-versprechen-an-sie-ihre-zufriedenheit\\\/\",\"name\":\"Unser Versprechen an Sie: Ihre Zufriedenheit. - Damius\",\"isPartOf\":{\"@id\":\"https:\\\/\\\/2025.damius.com\\\/#website\"},\"primaryImageOfPage\":{\"@id\":\"https:\\\/\\\/2025.damius.com\\\/de\\\/unser-versprechen-an-sie-ihre-zufriedenheit\\\/#primaryimage\"},\"image\":{\"@id\":\"https:\\\/\\\/2025.damius.com\\\/de\\\/unser-versprechen-an-sie-ihre-zufriedenheit\\\/#primaryimage\"},\"thumbnailUrl\":\"https:\\\/\\\/2025.damius.com\\\/wp-content\\\/uploads\\\/2022\\\/01\\\/service-renseignement.jpg\",\"datePublished\":\"2026-02-05T17:25:14+00:00\",\"dateModified\":\"2026-02-09T09:30:38+00:00\",\"breadcrumb\":{\"@id\":\"https:\\\/\\\/2025.damius.com\\\/de\\\/unser-versprechen-an-sie-ihre-zufriedenheit\\\/#breadcrumb\"},\"inLanguage\":\"de\",\"potentialAction\":[{\"@type\":\"ReadAction\",\"target\":[\"https:\\\/\\\/2025.damius.com\\\/de\\\/unser-versprechen-an-sie-ihre-zufriedenheit\\\/\"]}]},{\"@type\":\"ImageObject\",\"inLanguage\":\"de\",\"@id\":\"https:\\\/\\\/2025.damius.com\\\/de\\\/unser-versprechen-an-sie-ihre-zufriedenheit\\\/#primaryimage\",\"url\":\"https:\\\/\\\/2025.damius.com\\\/wp-content\\\/uploads\\\/2022\\\/01\\\/service-renseignement.jpg\",\"contentUrl\":\"https:\\\/\\\/2025.damius.com\\\/wp-content\\\/uploads\\\/2022\\\/01\\\/service-renseignement.jpg\"},{\"@type\":\"BreadcrumbList\",\"@id\":\"https:\\\/\\\/2025.damius.com\\\/de\\\/unser-versprechen-an-sie-ihre-zufriedenheit\\\/#breadcrumb\",\"itemListElement\":[{\"@type\":\"ListItem\",\"position\":1,\"name\":\"Accueil\",\"item\":\"https:\\\/\\\/2025.damius.com\\\/de\\\/haus\\\/\"},{\"@type\":\"ListItem\",\"position\":2,\"name\":\"Unser Versprechen an Sie: Ihre Zufriedenheit.\"}]},{\"@type\":\"WebSite\",\"@id\":\"https:\\\/\\\/2025.damius.com\\\/#website\",\"url\":\"https:\\\/\\\/2025.damius.com\\\/\",\"name\":\"Damius\",\"description\":\"\",\"publisher\":{\"@id\":\"https:\\\/\\\/2025.damius.com\\\/#organization\"},\"potentialAction\":[{\"@type\":\"SearchAction\",\"target\":{\"@type\":\"EntryPoint\",\"urlTemplate\":\"https:\\\/\\\/2025.damius.com\\\/?s={search_term_string}\"},\"query-input\":{\"@type\":\"PropertyValueSpecification\",\"valueRequired\":true,\"valueName\":\"search_term_string\"}}],\"inLanguage\":\"de\"},{\"@type\":\"Organization\",\"@id\":\"https:\\\/\\\/2025.damius.com\\\/#organization\",\"name\":\"Damius\",\"url\":\"https:\\\/\\\/2025.damius.com\\\/\",\"logo\":{\"@type\":\"ImageObject\",\"inLanguage\":\"de\",\"@id\":\"https:\\\/\\\/2025.damius.com\\\/#\\\/schema\\\/logo\\\/image\\\/\",\"url\":\"https:\\\/\\\/2025.damius.com\\\/wp-content\\\/uploads\\\/2022\\\/01\\\/Logo_Damius-1.jpg\",\"contentUrl\":\"https:\\\/\\\/2025.damius.com\\\/wp-content\\\/uploads\\\/2022\\\/01\\\/Logo_Damius-1.jpg\",\"width\":616,\"height\":143,\"caption\":\"Damius\"},\"image\":{\"@id\":\"https:\\\/\\\/2025.damius.com\\\/#\\\/schema\\\/logo\\\/image\\\/\"}}]}<\/script>\n<!-- \/ Yoast SEO plugin. -->","yoast_head_json":{"title":"Unser Versprechen an Sie: Ihre Zufriedenheit. - Damius","robots":{"index":"noindex","follow":"follow","max-snippet":"max-snippet:-1","max-image-preview":"max-image-preview:large","max-video-preview":"max-video-preview:-1"},"og_locale":"de_DE","og_type":"article","og_title":"Unser Versprechen an Sie: Ihre Zufriedenheit. - Damius","og_description":"Wir helfen Ihnen bei der Auswahl Ihres Dreirads M\u00f6chten Sie unseren Vertrieb kontaktieren? Einfacher geht&#8217;s nicht!Rufen Sie uns an unter 04 90 59 49 10 (Option 1) oder schreiben Sie eine E-Mail an info@damius.com Der erste und wichtigste Schritt ist, sich vor dem Kauf gr\u00fcndlich zu informieren. Sie m\u00fcssen sicherstellen, dass das Dreirad, das Sie [&hellip;]","og_url":"https:\/\/2025.damius.com\/de\/unser-versprechen-an-sie-ihre-zufriedenheit\/","og_site_name":"Damius","article_modified_time":"2026-02-09T09:30:38+00:00","og_image":[{"width":600,"height":400,"url":"https:\/\/2025.damius.com\/wp-content\/uploads\/2022\/01\/service-renseignement.jpg","type":"image\/jpeg"}],"twitter_card":"summary_large_image","twitter_misc":{"Gesch\u00e4tzte Lesezeit":"1\u00a0Minute"},"schema":{"@context":"https:\/\/schema.org","@graph":[{"@type":"WebPage","@id":"https:\/\/2025.damius.com\/de\/unser-versprechen-an-sie-ihre-zufriedenheit\/","url":"https:\/\/2025.damius.com\/de\/unser-versprechen-an-sie-ihre-zufriedenheit\/","name":"Unser Versprechen an Sie: Ihre Zufriedenheit. - Damius","isPartOf":{"@id":"https:\/\/2025.damius.com\/#website"},"primaryImageOfPage":{"@id":"https:\/\/2025.damius.com\/de\/unser-versprechen-an-sie-ihre-zufriedenheit\/#primaryimage"},"image":{"@id":"https:\/\/2025.damius.com\/de\/unser-versprechen-an-sie-ihre-zufriedenheit\/#primaryimage"},"thumbnailUrl":"https:\/\/2025.damius.com\/wp-content\/uploads\/2022\/01\/service-renseignement.jpg","datePublished":"2026-02-05T17:25:14+00:00","dateModified":"2026-02-09T09:30:38+00:00","breadcrumb":{"@id":"https:\/\/2025.damius.com\/de\/unser-versprechen-an-sie-ihre-zufriedenheit\/#breadcrumb"},"inLanguage":"de","potentialAction":[{"@type":"ReadAction","target":["https:\/\/2025.damius.com\/de\/unser-versprechen-an-sie-ihre-zufriedenheit\/"]}]},{"@type":"ImageObject","inLanguage":"de","@id":"https:\/\/2025.damius.com\/de\/unser-versprechen-an-sie-ihre-zufriedenheit\/#primaryimage","url":"https:\/\/2025.damius.com\/wp-content\/uploads\/2022\/01\/service-renseignement.jpg","contentUrl":"https:\/\/2025.damius.com\/wp-content\/uploads\/2022\/01\/service-renseignement.jpg"},{"@type":"BreadcrumbList","@id":"https:\/\/2025.damius.com\/de\/unser-versprechen-an-sie-ihre-zufriedenheit\/#breadcrumb","itemListElement":[{"@type":"ListItem","position":1,"name":"Accueil","item":"https:\/\/2025.damius.com\/de\/haus\/"},{"@type":"ListItem","position":2,"name":"Unser Versprechen an Sie: Ihre Zufriedenheit."}]},{"@type":"WebSite","@id":"https:\/\/2025.damius.com\/#website","url":"https:\/\/2025.damius.com\/","name":"Damius","description":"","publisher":{"@id":"https:\/\/2025.damius.com\/#organization"},"potentialAction":[{"@type":"SearchAction","target":{"@type":"EntryPoint","urlTemplate":"https:\/\/2025.damius.com\/?s={search_term_string}"},"query-input":{"@type":"PropertyValueSpecification","valueRequired":true,"valueName":"search_term_string"}}],"inLanguage":"de"},{"@type":"Organization","@id":"https:\/\/2025.damius.com\/#organization","name":"Damius","url":"https:\/\/2025.damius.com\/","logo":{"@type":"ImageObject","inLanguage":"de","@id":"https:\/\/2025.damius.com\/#\/schema\/logo\/image\/","url":"https:\/\/2025.damius.com\/wp-content\/uploads\/2022\/01\/Logo_Damius-1.jpg","contentUrl":"https:\/\/2025.damius.com\/wp-content\/uploads\/2022\/01\/Logo_Damius-1.jpg","width":616,"height":143,"caption":"Damius"},"image":{"@id":"https:\/\/2025.damius.com\/#\/schema\/logo\/image\/"}}]}},"featured_image_src":null,"featured_image_src_square":null,"_links":{"self":[{"href":"https:\/\/2025.damius.com\/de\/wp-json\/wp\/v2\/pages\/2168","targetHints":{"allow":["GET"]}}],"collection":[{"href":"https:\/\/2025.damius.com\/de\/wp-json\/wp\/v2\/pages"}],"about":[{"href":"https:\/\/2025.damius.com\/de\/wp-json\/wp\/v2\/types\/page"}],"author":[{"embeddable":true,"href":"https:\/\/2025.damius.com\/de\/wp-json\/wp\/v2\/users\/1"}],"replies":[{"embeddable":true,"href":"https:\/\/2025.damius.com\/de\/wp-json\/wp\/v2\/comments?post=2168"}],"version-history":[{"count":2,"href":"https:\/\/2025.damius.com\/de\/wp-json\/wp\/v2\/pages\/2168\/revisions"}],"predecessor-version":[{"id":2339,"href":"https:\/\/2025.damius.com\/de\/wp-json\/wp\/v2\/pages\/2168\/revisions\/2339"}],"wp:attachment":[{"href":"https:\/\/2025.damius.com\/de\/wp-json\/wp\/v2\/media?parent=2168"}],"curies":[{"name":"wp","href":"https:\/\/api.w.org\/{rel}","templated":true}]}}