{"id":2187,"date":"2026-02-05T18:49:43","date_gmt":"2026-02-05T17:49:43","guid":{"rendered":"https:\/\/2025.damius.com\/was-ist-die-bicycode-kennzeichnung\/"},"modified":"2026-02-06T09:27:34","modified_gmt":"2026-02-06T08:27:34","slug":"was-ist-die-bicycode-kennzeichnung","status":"publish","type":"page","link":"https:\/\/2025.damius.com\/de\/was-ist-die-bicycode-kennzeichnung\/","title":{"rendered":"Was ist die BICYCODE\u00ae-Kennzeichnung?"},"content":{"rendered":"\n<div class=\"wp-block-media-text alignwide is-stacked-on-mobile\" style=\"grid-template-columns:43% auto\"><figure class=\"wp-block-media-text__media\"><img loading=\"lazy\" decoding=\"async\" width=\"1024\" height=\"726\" src=\"https:\/\/2025.damius.com\/wp-content\/uploads\/2026\/02\/bicycode_1-1024x726.jpg\" alt=\"\" class=\"wp-image-1554 size-full\" srcset=\"https:\/\/2025.damius.com\/wp-content\/uploads\/2026\/02\/bicycode_1-1024x726.jpg 1024w, https:\/\/2025.damius.com\/wp-content\/uploads\/2026\/02\/bicycode_1-300x213.jpg 300w, https:\/\/2025.damius.com\/wp-content\/uploads\/2026\/02\/bicycode_1-768x545.jpg 768w, https:\/\/2025.damius.com\/wp-content\/uploads\/2026\/02\/bicycode_1-1200x851.jpg 1200w, https:\/\/2025.damius.com\/wp-content\/uploads\/2026\/02\/bicycode_1-600x426.jpg 600w, https:\/\/2025.damius.com\/wp-content\/uploads\/2026\/02\/bicycode_1.jpg 1280w\" sizes=\"auto, (max-width: 1024px) 100vw, 1024px\" \/><\/figure><div class=\"wp-block-media-text__content\">\n<p>BICYCODE\u00ae ist das einzige von der franz\u00f6sischen Regierung anerkannte System zur Bek\u00e4mpfung von Fahrraddiebstahl und zum Umgang mit Hehlerware. Es wird vom Umweltministerium und dem Innenministerium unterst\u00fctzt. <\/p>\n\n\n\n<p><br\/>Unser Unternehmen ist als offizieller Betreiber zugelassen, daher gravieren wir unsere Dreir\u00e4der selbst, bevor wir sie an ihre Besitzer ausliefern.<\/p>\n\n\n\n<p><br\/>Im Falle eines Diebstahls kann diese Nummer der Polizei helfen, ein gestohlenes Dreirad zu finden und es seinem rechtm\u00e4\u00dfigen Besitzer zur\u00fcckzugeben. Ziel ist es auch, Diebstahl und illegalen Weiterverkauf zu bek\u00e4mpfen.<\/p>\n<\/div><\/div>\n\n<h2 class=\"wp-block-heading has-text-color has-link-color wp-elements-a3cc9a02ac6a73e8e4c5354c3411a963\" style=\"color:#3399cc\">Schritt #1: Anbringen der eindeutigen Bicyclecode-Nummer am Rahmen unserer Dreir\u00e4der f\u00fcr Erwachsene<\/h2>\n\n<p>Wir verwenden einen manipulationssicheren Klebstoff von Bicycode, mit dem wir unsere Dreir\u00e4der effizient und schnell vorschriftsgem\u00e4\u00df kennzeichnen k\u00f6nnen. Diese eindeutige Nummer verbessert die R\u00fcckverfolgbarkeit zus\u00e4tzlich zu den anderen Seriennummern (Rahmen, Motor, Akku). <\/p>\n\n<h2 class=\"wp-block-heading has-text-color has-link-color wp-elements-01fb83ed8b08c84880f6898e6aff231d\" style=\"color:#3399cc\">Schritt #2: Tragen Sie die Nummer in das Dreirad-Trackingblatt ein.<\/h2>\n\n<p>Jedes Damius-Dreirad verf\u00fcgt \u00fcber ein eigenes digitales Datenblatt, vergleichbar mit einer digitalen Geburtsurkunde. Dieses Datenblatt enth\u00e4lt die BICYCODE-Seriennummer und weitere Seriennummern, die Farbe, den Dreiradtyp, die verbauten Optionen und Zubeh\u00f6rteile, den Namen des Technikers, der die Montage durchgef\u00fchrt hat, das Datum der ersten Probefahrt, das Versanddatum und vieles mehr. Wir speichern all diese Details auf diesem internen Datenblatt, um die Herkunft des Dreirads bei Bedarf nachvollziehen zu k\u00f6nnen.  <\/p>\n\n<h2 class=\"wp-block-heading has-text-color has-link-color wp-elements-c9b479c2c97073ec6995b8310da5c4b6\" style=\"color:#3399cc\">Schritt #3: Registrierung in der nationalen BICYCODE\u00ae-Datenbank<\/h2>\n\n<p>Wir registrieren das Dreirad in der nationalen Akte, indem wir die Bicycode-Nummer, das Dreiradmodell, die Farbe, die Seriennummern des Rahmens, des Motors und der Batterie sowie die Kontaktdaten des Kunden (Name, Nachname, E-Mail-Adresse und Telefonnummer) angeben.<\/p>\n\n<h2 class=\"wp-block-heading has-text-color has-link-color wp-elements-494da5268f2d057ca3f73ddf7002182c\" style=\"color:#3399cc\">Schritt #4: Best\u00e4tigung durch den Kunden\/Eigent\u00fcmer<\/h2>\n\n<p>In diesem Schritt wird dem Besitzer eine E-Mail zur Best\u00e4tigung seiner Registrierung und Kontaktdaten, einschlie\u00dflich seiner Wohnadresse, zugesandt. Die Registrierung ist unerl\u00e4sslich, wenn Sie im Falle eines Diebstahls kontaktiert werden m\u00f6chten. Daher empfehlen wir Ihnen, sich umgehend nach Erhalt dieser E-Mail zu registrieren. Diese Datei ist ausschlie\u00dflich f\u00fcr die Strafverfolgungsbeh\u00f6rden zug\u00e4nglich, die Sie dann bei Bedarf kontaktieren k\u00f6nnen. Zuk\u00fcnftig k\u00f6nnen Sie Ihre Kontaktdaten (Adresse, E-Mail-Adresse oder Telefonnummer) \u00e4ndern, den Diebstahl Ihres Dreirads melden (dies erleichtert die Arbeit der Polizei) oder die \u00dcbertragung des Eigentums an einen neuen Besitzer mitteilen (der dann seine Kontaktdaten angeben kann) usw.    <\/p>\n\n<p><br\/>&gt;&gt; Weitere Informationen finden Sie auf der offiziellen Website: <a href=\"https:\/\/www.bicycode.eu\/\" target=\"_blank\" rel=\"noreferrer noopener\">www.bicycode.eu<\/a><\/p>\n","protected":false},"excerpt":{"rendered":"<p>BICYCODE\u00ae ist das einzige von der franz\u00f6sischen Regierung anerkannte System zur Bek\u00e4mpfung von Fahrraddiebstahl und zum Umgang mit Hehlerware. Es wird vom Umweltministerium und dem Innenministerium unterst\u00fctzt. Unser Unternehmen ist als offizieller Betreiber zugelassen, daher gravieren wir unsere Dreir\u00e4der selbst, bevor wir sie an ihre Besitzer ausliefern. Im Falle eines Diebstahls kann diese Nummer der [&hellip;]<\/p>\n","protected":false},"author":1,"featured_media":0,"parent":0,"menu_order":0,"comment_status":"closed","ping_status":"closed","template":"","meta":{"_acf_changed":false,"_eb_attr":"","footnotes":""},"class_list":["post-2187","page","type-page","status-publish","hentry"],"acf":[],"yoast_head":"<!-- This site is optimized with the Yoast SEO plugin v27.3 - https:\/\/yoast.com\/product\/yoast-seo-wordpress\/ -->\n<title>Was ist die BICYCODE\u00ae-Kennzeichnung? - Damius<\/title>\n<meta name=\"robots\" content=\"noindex, follow, max-snippet:-1, max-image-preview:large, max-video-preview:-1\" \/>\n<meta property=\"og:locale\" content=\"de_DE\" \/>\n<meta property=\"og:type\" content=\"article\" \/>\n<meta property=\"og:title\" content=\"Was ist die BICYCODE\u00ae-Kennzeichnung? - Damius\" \/>\n<meta property=\"og:description\" content=\"BICYCODE\u00ae ist das einzige von der franz\u00f6sischen Regierung anerkannte System zur Bek\u00e4mpfung von Fahrraddiebstahl und zum Umgang mit Hehlerware. Es wird vom Umweltministerium und dem Innenministerium unterst\u00fctzt. Unser Unternehmen ist als offizieller Betreiber zugelassen, daher gravieren wir unsere Dreir\u00e4der selbst, bevor wir sie an ihre Besitzer ausliefern. Im Falle eines Diebstahls kann diese Nummer der [&hellip;]\" \/>\n<meta property=\"og:url\" content=\"https:\/\/2025.damius.com\/de\/was-ist-die-bicycode-kennzeichnung\/\" \/>\n<meta property=\"og:site_name\" content=\"Damius\" \/>\n<meta property=\"article:modified_time\" content=\"2026-02-06T08:27:34+00:00\" \/>\n<meta property=\"og:image\" content=\"https:\/\/2025.damius.com\/wp-content\/uploads\/2026\/02\/bicycode_1.jpg\" \/>\n\t<meta property=\"og:image:width\" content=\"1280\" \/>\n\t<meta property=\"og:image:height\" content=\"908\" \/>\n\t<meta property=\"og:image:type\" content=\"image\/jpeg\" \/>\n<meta name=\"twitter:card\" content=\"summary_large_image\" \/>\n<meta name=\"twitter:label1\" content=\"Gesch\u00e4tzte Lesezeit\" \/>\n\t<meta name=\"twitter:data1\" content=\"2\u00a0Minuten\" \/>\n<script type=\"application\/ld+json\" class=\"yoast-schema-graph\">{\"@context\":\"https:\\\/\\\/schema.org\",\"@graph\":[{\"@type\":\"WebPage\",\"@id\":\"https:\\\/\\\/2025.damius.com\\\/de\\\/was-ist-die-bicycode-kennzeichnung\\\/\",\"url\":\"https:\\\/\\\/2025.damius.com\\\/de\\\/was-ist-die-bicycode-kennzeichnung\\\/\",\"name\":\"Was ist die BICYCODE\u00ae-Kennzeichnung? - Damius\",\"isPartOf\":{\"@id\":\"https:\\\/\\\/2025.damius.com\\\/#website\"},\"primaryImageOfPage\":{\"@id\":\"https:\\\/\\\/2025.damius.com\\\/de\\\/was-ist-die-bicycode-kennzeichnung\\\/#primaryimage\"},\"image\":{\"@id\":\"https:\\\/\\\/2025.damius.com\\\/de\\\/was-ist-die-bicycode-kennzeichnung\\\/#primaryimage\"},\"thumbnailUrl\":\"https:\\\/\\\/2025.damius.com\\\/wp-content\\\/uploads\\\/2026\\\/02\\\/bicycode_1-1024x726.jpg\",\"datePublished\":\"2026-02-05T17:49:43+00:00\",\"dateModified\":\"2026-02-06T08:27:34+00:00\",\"breadcrumb\":{\"@id\":\"https:\\\/\\\/2025.damius.com\\\/de\\\/was-ist-die-bicycode-kennzeichnung\\\/#breadcrumb\"},\"inLanguage\":\"de\",\"potentialAction\":[{\"@type\":\"ReadAction\",\"target\":[\"https:\\\/\\\/2025.damius.com\\\/de\\\/was-ist-die-bicycode-kennzeichnung\\\/\"]}]},{\"@type\":\"ImageObject\",\"inLanguage\":\"de\",\"@id\":\"https:\\\/\\\/2025.damius.com\\\/de\\\/was-ist-die-bicycode-kennzeichnung\\\/#primaryimage\",\"url\":\"https:\\\/\\\/2025.damius.com\\\/wp-content\\\/uploads\\\/2026\\\/02\\\/bicycode_1-1024x726.jpg\",\"contentUrl\":\"https:\\\/\\\/2025.damius.com\\\/wp-content\\\/uploads\\\/2026\\\/02\\\/bicycode_1-1024x726.jpg\"},{\"@type\":\"BreadcrumbList\",\"@id\":\"https:\\\/\\\/2025.damius.com\\\/de\\\/was-ist-die-bicycode-kennzeichnung\\\/#breadcrumb\",\"itemListElement\":[{\"@type\":\"ListItem\",\"position\":1,\"name\":\"Accueil\",\"item\":\"https:\\\/\\\/2025.damius.com\\\/de\\\/haus\\\/\"},{\"@type\":\"ListItem\",\"position\":2,\"name\":\"Was ist die BICYCODE\u00ae-Kennzeichnung?\"}]},{\"@type\":\"WebSite\",\"@id\":\"https:\\\/\\\/2025.damius.com\\\/#website\",\"url\":\"https:\\\/\\\/2025.damius.com\\\/\",\"name\":\"Damius\",\"description\":\"\",\"publisher\":{\"@id\":\"https:\\\/\\\/2025.damius.com\\\/#organization\"},\"potentialAction\":[{\"@type\":\"SearchAction\",\"target\":{\"@type\":\"EntryPoint\",\"urlTemplate\":\"https:\\\/\\\/2025.damius.com\\\/?s={search_term_string}\"},\"query-input\":{\"@type\":\"PropertyValueSpecification\",\"valueRequired\":true,\"valueName\":\"search_term_string\"}}],\"inLanguage\":\"de\"},{\"@type\":\"Organization\",\"@id\":\"https:\\\/\\\/2025.damius.com\\\/#organization\",\"name\":\"Damius\",\"url\":\"https:\\\/\\\/2025.damius.com\\\/\",\"logo\":{\"@type\":\"ImageObject\",\"inLanguage\":\"de\",\"@id\":\"https:\\\/\\\/2025.damius.com\\\/#\\\/schema\\\/logo\\\/image\\\/\",\"url\":\"https:\\\/\\\/2025.damius.com\\\/wp-content\\\/uploads\\\/2022\\\/01\\\/Logo_Damius-1.jpg\",\"contentUrl\":\"https:\\\/\\\/2025.damius.com\\\/wp-content\\\/uploads\\\/2022\\\/01\\\/Logo_Damius-1.jpg\",\"width\":616,\"height\":143,\"caption\":\"Damius\"},\"image\":{\"@id\":\"https:\\\/\\\/2025.damius.com\\\/#\\\/schema\\\/logo\\\/image\\\/\"}}]}<\/script>\n<!-- \/ Yoast SEO plugin. -->","yoast_head_json":{"title":"Was ist die BICYCODE\u00ae-Kennzeichnung? - Damius","robots":{"index":"noindex","follow":"follow","max-snippet":"max-snippet:-1","max-image-preview":"max-image-preview:large","max-video-preview":"max-video-preview:-1"},"og_locale":"de_DE","og_type":"article","og_title":"Was ist die BICYCODE\u00ae-Kennzeichnung? - Damius","og_description":"BICYCODE\u00ae ist das einzige von der franz\u00f6sischen Regierung anerkannte System zur Bek\u00e4mpfung von Fahrraddiebstahl und zum Umgang mit Hehlerware. Es wird vom Umweltministerium und dem Innenministerium unterst\u00fctzt. Unser Unternehmen ist als offizieller Betreiber zugelassen, daher gravieren wir unsere Dreir\u00e4der selbst, bevor wir sie an ihre Besitzer ausliefern. Im Falle eines Diebstahls kann diese Nummer der [&hellip;]","og_url":"https:\/\/2025.damius.com\/de\/was-ist-die-bicycode-kennzeichnung\/","og_site_name":"Damius","article_modified_time":"2026-02-06T08:27:34+00:00","og_image":[{"width":1280,"height":908,"url":"https:\/\/2025.damius.com\/wp-content\/uploads\/2026\/02\/bicycode_1.jpg","type":"image\/jpeg"}],"twitter_card":"summary_large_image","twitter_misc":{"Gesch\u00e4tzte Lesezeit":"2\u00a0Minuten"},"schema":{"@context":"https:\/\/schema.org","@graph":[{"@type":"WebPage","@id":"https:\/\/2025.damius.com\/de\/was-ist-die-bicycode-kennzeichnung\/","url":"https:\/\/2025.damius.com\/de\/was-ist-die-bicycode-kennzeichnung\/","name":"Was ist die BICYCODE\u00ae-Kennzeichnung? - Damius","isPartOf":{"@id":"https:\/\/2025.damius.com\/#website"},"primaryImageOfPage":{"@id":"https:\/\/2025.damius.com\/de\/was-ist-die-bicycode-kennzeichnung\/#primaryimage"},"image":{"@id":"https:\/\/2025.damius.com\/de\/was-ist-die-bicycode-kennzeichnung\/#primaryimage"},"thumbnailUrl":"https:\/\/2025.damius.com\/wp-content\/uploads\/2026\/02\/bicycode_1-1024x726.jpg","datePublished":"2026-02-05T17:49:43+00:00","dateModified":"2026-02-06T08:27:34+00:00","breadcrumb":{"@id":"https:\/\/2025.damius.com\/de\/was-ist-die-bicycode-kennzeichnung\/#breadcrumb"},"inLanguage":"de","potentialAction":[{"@type":"ReadAction","target":["https:\/\/2025.damius.com\/de\/was-ist-die-bicycode-kennzeichnung\/"]}]},{"@type":"ImageObject","inLanguage":"de","@id":"https:\/\/2025.damius.com\/de\/was-ist-die-bicycode-kennzeichnung\/#primaryimage","url":"https:\/\/2025.damius.com\/wp-content\/uploads\/2026\/02\/bicycode_1-1024x726.jpg","contentUrl":"https:\/\/2025.damius.com\/wp-content\/uploads\/2026\/02\/bicycode_1-1024x726.jpg"},{"@type":"BreadcrumbList","@id":"https:\/\/2025.damius.com\/de\/was-ist-die-bicycode-kennzeichnung\/#breadcrumb","itemListElement":[{"@type":"ListItem","position":1,"name":"Accueil","item":"https:\/\/2025.damius.com\/de\/haus\/"},{"@type":"ListItem","position":2,"name":"Was ist die BICYCODE\u00ae-Kennzeichnung?"}]},{"@type":"WebSite","@id":"https:\/\/2025.damius.com\/#website","url":"https:\/\/2025.damius.com\/","name":"Damius","description":"","publisher":{"@id":"https:\/\/2025.damius.com\/#organization"},"potentialAction":[{"@type":"SearchAction","target":{"@type":"EntryPoint","urlTemplate":"https:\/\/2025.damius.com\/?s={search_term_string}"},"query-input":{"@type":"PropertyValueSpecification","valueRequired":true,"valueName":"search_term_string"}}],"inLanguage":"de"},{"@type":"Organization","@id":"https:\/\/2025.damius.com\/#organization","name":"Damius","url":"https:\/\/2025.damius.com\/","logo":{"@type":"ImageObject","inLanguage":"de","@id":"https:\/\/2025.damius.com\/#\/schema\/logo\/image\/","url":"https:\/\/2025.damius.com\/wp-content\/uploads\/2022\/01\/Logo_Damius-1.jpg","contentUrl":"https:\/\/2025.damius.com\/wp-content\/uploads\/2022\/01\/Logo_Damius-1.jpg","width":616,"height":143,"caption":"Damius"},"image":{"@id":"https:\/\/2025.damius.com\/#\/schema\/logo\/image\/"}}]}},"featured_image_src":null,"featured_image_src_square":null,"_links":{"self":[{"href":"https:\/\/2025.damius.com\/de\/wp-json\/wp\/v2\/pages\/2187","targetHints":{"allow":["GET"]}}],"collection":[{"href":"https:\/\/2025.damius.com\/de\/wp-json\/wp\/v2\/pages"}],"about":[{"href":"https:\/\/2025.damius.com\/de\/wp-json\/wp\/v2\/types\/page"}],"author":[{"embeddable":true,"href":"https:\/\/2025.damius.com\/de\/wp-json\/wp\/v2\/users\/1"}],"replies":[{"embeddable":true,"href":"https:\/\/2025.damius.com\/de\/wp-json\/wp\/v2\/comments?post=2187"}],"version-history":[{"count":1,"href":"https:\/\/2025.damius.com\/de\/wp-json\/wp\/v2\/pages\/2187\/revisions"}],"predecessor-version":[{"id":2188,"href":"https:\/\/2025.damius.com\/de\/wp-json\/wp\/v2\/pages\/2187\/revisions\/2188"}],"wp:attachment":[{"href":"https:\/\/2025.damius.com\/de\/wp-json\/wp\/v2\/media?parent=2187"}],"curies":[{"name":"wp","href":"https:\/\/api.w.org\/{rel}","templated":true}]}}