{"id":2203,"date":"2026-02-05T19:10:33","date_gmt":"2026-02-05T18:10:33","guid":{"rendered":"https:\/\/2025.damius.com\/kundendienst\/"},"modified":"2026-02-05T19:10:33","modified_gmt":"2026-02-05T18:10:33","slug":"kundendienst","status":"publish","type":"page","link":"https:\/\/2025.damius.com\/de\/kundendienst\/","title":{"rendered":"Kundendienst"},"content":{"rendered":"\n<div class=\"wp-block-media-text alignwide is-stacked-on-mobile is-image-fill-element\"><figure class=\"wp-block-media-text__media\"><img loading=\"lazy\" decoding=\"async\" width=\"600\" height=\"400\" src=\"https:\/\/2025.damius.com\/wp-content\/uploads\/2022\/01\/service-sav.jpg\" alt=\"\" class=\"wp-image-690 size-full\" style=\"object-position:50% 50%\" srcset=\"https:\/\/2025.damius.com\/wp-content\/uploads\/2022\/01\/service-sav.jpg 600w, https:\/\/2025.damius.com\/wp-content\/uploads\/2022\/01\/service-sav-300x200.jpg 300w\" sizes=\"auto, (max-width: 600px) 100vw, 600px\" \/><\/figure><div class=\"wp-block-media-text__content\">\n<h2 class=\"wp-block-heading\">Unser Kundendienst <br\/>ist au\u00dferordentlich gr\u00fcndlich!<\/h2>\n\n\n\n<p> Sie m\u00f6chten unseren Kundenservice kontaktieren? Ganz einfach!<br\/>Rufen Sie uns unter 04 90 59 49 10 (Option 2) an oder senden Sie eine E-Mail an <a href=\"mailto:sav@damius.com\">sav@damius.com.<\/a> <\/p>\n\n\n\n<p>Als Entwickler unserer eigenen Produkte legen wir gro\u00dfen Wert auf einen eigenen Kundendienst. Der direkte Kontakt zu jedem Kunden, <strong>der ein Problem hat, ist uns sehr wichtig<\/strong>. So erhalten wir pr\u00e4zises Feedback, k\u00f6nnen schnellstm\u00f6glich eine L\u00f6sung finden und unsere Produktion kontinuierlich verbessern.  <br\/><br\/>Selbstverst\u00e4ndlich halten <span style=\"text-decoration: underline;\">wir alle Ersatzteile f\u00fcr unsere Modelle auf Lager<\/span>, von den technisch anspruchsvollsten Teilen bis hin zur kleinsten Schraube! Wir bieten unseren Kunden sowie Fachleuten, die Reparaturen oder Wartungsarbeiten durchf\u00fchren, au\u00dferdem die notwendigen Hinweise und Anweisungen f\u00fcr die korrekte Diagnose und den Austausch des jeweiligen Teils. <\/p>\n<\/div><\/div>\n\n<p>Dank unserer Expertise, Erfahrung und strengen Qualit\u00e4tsstandards k\u00f6nnen <strong>wir Ihnen \u00e4u\u00dferst wettbewerbsf\u00e4hige Garantiebedingungen anbieten<\/strong>. Diese beinhalten eine lebenslange Garantie auf unsere Rahmen (nur f\u00fcr Privatkunden; f\u00fcr professionelle Nutzer gilt eine zweij\u00e4hrige Garantie) und eine zweij\u00e4hrige Garantie auf alle anderen Komponenten (einschlie\u00dflich Motoren und Akkus), ausgenommen Verschlei\u00dfteile (Bremsbel\u00e4ge und -scheiben, Ketten, Reifen, Schl\u00e4uche, Lenkergriffe, Kabel und H\u00fcllen). <\/p>\n\n<p>Alle unsere Modelle <strong>wurden intelligent konzipiert<\/strong>, um zuk\u00fcnftige Wartungsarbeiten zu vereinfachen. Die Konstruktion ist daher \u00e4u\u00dferst robust und die Komponenten sind von h\u00f6chster Qualit\u00e4t, was eine nahezu vollst\u00e4ndige Zuverl\u00e4ssigkeit gew\u00e4hrleistet. Ob f\u00fcr Wartungsarbeiten oder im St\u00f6rungsfall: <span style=\"text-decoration: underline;\">Jede elektrische Komponente l\u00e4sst sich vom Benutzer leicht entfernen<\/span> (einfache Befestigung mit Kreuzschlitzschrauben und Schnellanschlusssteckern mit Steckverbindern). Unser elektronisches System mit Fehlercodes erm\u00f6glicht eine schnelle und einfache Diagnose.   <\/p>\n\n<p>Sollte ein Kunde trotz unserer Empfehlung nicht in der Lage sein, die Wartung oder Reparatur selbst durchzuf\u00fchren, <span style=\"text-decoration: underline;\">\u00fcbernehmen wir die Verantwortung f\u00fcr die Suche nach einem Reparaturdienstleister in der N\u00e4he seines Wohnorts, der die Arbeiten durchf\u00fchrt <\/span>(je nach Region k\u00f6nnen hierf\u00fcr auch Reparaturdienste vor Ort in Anspruch genommen werden).<\/p>\n\n<p>Unsere Priorit\u00e4t ist die vollste Zufriedenheit unserer Kunden!<\/p>\n\n<p><a href=\"https:\/\/2025.damius.com\/de\/garantie-und-kundendienst\/\">Erfahren Sie mehr \u00fcber unseren Kundendienst.<\/a><\/p>\n","protected":false},"excerpt":{"rendered":"<p>Unser Kundendienst ist au\u00dferordentlich gr\u00fcndlich! Sie m\u00f6chten unseren Kundenservice kontaktieren? Ganz einfach!Rufen Sie uns unter 04 90 59 49 10 (Option 2) an oder senden Sie eine E-Mail an sav@damius.com. Als Entwickler unserer eigenen Produkte legen wir gro\u00dfen Wert auf einen eigenen Kundendienst. Der direkte Kontakt zu jedem Kunden, der ein Problem hat, ist uns [&hellip;]<\/p>\n","protected":false},"author":1,"featured_media":0,"parent":0,"menu_order":0,"comment_status":"closed","ping_status":"closed","template":"","meta":{"_acf_changed":false,"_eb_attr":"","footnotes":""},"class_list":["post-2203","page","type-page","status-publish","hentry"],"acf":[],"yoast_head":"<!-- This site is optimized with the Yoast SEO plugin v27.3 - https:\/\/yoast.com\/product\/yoast-seo-wordpress\/ -->\n<title>Kundendienst - Damius<\/title>\n<meta name=\"robots\" content=\"noindex, follow, max-snippet:-1, max-image-preview:large, max-video-preview:-1\" \/>\n<meta property=\"og:locale\" content=\"de_DE\" \/>\n<meta property=\"og:type\" content=\"article\" \/>\n<meta property=\"og:title\" content=\"Kundendienst - Damius\" \/>\n<meta property=\"og:description\" content=\"Unser Kundendienst ist au\u00dferordentlich gr\u00fcndlich! Sie m\u00f6chten unseren Kundenservice kontaktieren? Ganz einfach!Rufen Sie uns unter 04 90 59 49 10 (Option 2) an oder senden Sie eine E-Mail an sav@damius.com. Als Entwickler unserer eigenen Produkte legen wir gro\u00dfen Wert auf einen eigenen Kundendienst. Der direkte Kontakt zu jedem Kunden, der ein Problem hat, ist uns [&hellip;]\" \/>\n<meta property=\"og:url\" content=\"https:\/\/2025.damius.com\/de\/kundendienst\/\" \/>\n<meta property=\"og:site_name\" content=\"Damius\" \/>\n<meta property=\"og:image\" content=\"https:\/\/2025.damius.com\/wp-content\/uploads\/2022\/01\/service-sav.jpg\" \/>\n\t<meta property=\"og:image:width\" content=\"600\" \/>\n\t<meta property=\"og:image:height\" content=\"400\" \/>\n\t<meta property=\"og:image:type\" content=\"image\/jpeg\" \/>\n<meta name=\"twitter:card\" content=\"summary_large_image\" \/>\n<meta name=\"twitter:label1\" content=\"Gesch\u00e4tzte Lesezeit\" \/>\n\t<meta name=\"twitter:data1\" content=\"2\u00a0Minuten\" \/>\n<script type=\"application\/ld+json\" class=\"yoast-schema-graph\">{\"@context\":\"https:\\\/\\\/schema.org\",\"@graph\":[{\"@type\":\"WebPage\",\"@id\":\"https:\\\/\\\/2025.damius.com\\\/de\\\/kundendienst\\\/\",\"url\":\"https:\\\/\\\/2025.damius.com\\\/de\\\/kundendienst\\\/\",\"name\":\"Kundendienst - Damius\",\"isPartOf\":{\"@id\":\"https:\\\/\\\/2025.damius.com\\\/#website\"},\"primaryImageOfPage\":{\"@id\":\"https:\\\/\\\/2025.damius.com\\\/de\\\/kundendienst\\\/#primaryimage\"},\"image\":{\"@id\":\"https:\\\/\\\/2025.damius.com\\\/de\\\/kundendienst\\\/#primaryimage\"},\"thumbnailUrl\":\"https:\\\/\\\/2025.damius.com\\\/wp-content\\\/uploads\\\/2022\\\/01\\\/service-sav.jpg\",\"datePublished\":\"2026-02-05T18:10:33+00:00\",\"breadcrumb\":{\"@id\":\"https:\\\/\\\/2025.damius.com\\\/de\\\/kundendienst\\\/#breadcrumb\"},\"inLanguage\":\"de\",\"potentialAction\":[{\"@type\":\"ReadAction\",\"target\":[\"https:\\\/\\\/2025.damius.com\\\/de\\\/kundendienst\\\/\"]}]},{\"@type\":\"ImageObject\",\"inLanguage\":\"de\",\"@id\":\"https:\\\/\\\/2025.damius.com\\\/de\\\/kundendienst\\\/#primaryimage\",\"url\":\"https:\\\/\\\/2025.damius.com\\\/wp-content\\\/uploads\\\/2022\\\/01\\\/service-sav.jpg\",\"contentUrl\":\"https:\\\/\\\/2025.damius.com\\\/wp-content\\\/uploads\\\/2022\\\/01\\\/service-sav.jpg\"},{\"@type\":\"BreadcrumbList\",\"@id\":\"https:\\\/\\\/2025.damius.com\\\/de\\\/kundendienst\\\/#breadcrumb\",\"itemListElement\":[{\"@type\":\"ListItem\",\"position\":1,\"name\":\"Accueil\",\"item\":\"https:\\\/\\\/2025.damius.com\\\/de\\\/haus\\\/\"},{\"@type\":\"ListItem\",\"position\":2,\"name\":\"Kundendienst\"}]},{\"@type\":\"WebSite\",\"@id\":\"https:\\\/\\\/2025.damius.com\\\/#website\",\"url\":\"https:\\\/\\\/2025.damius.com\\\/\",\"name\":\"Damius\",\"description\":\"\",\"publisher\":{\"@id\":\"https:\\\/\\\/2025.damius.com\\\/#organization\"},\"potentialAction\":[{\"@type\":\"SearchAction\",\"target\":{\"@type\":\"EntryPoint\",\"urlTemplate\":\"https:\\\/\\\/2025.damius.com\\\/?s={search_term_string}\"},\"query-input\":{\"@type\":\"PropertyValueSpecification\",\"valueRequired\":true,\"valueName\":\"search_term_string\"}}],\"inLanguage\":\"de\"},{\"@type\":\"Organization\",\"@id\":\"https:\\\/\\\/2025.damius.com\\\/#organization\",\"name\":\"Damius\",\"url\":\"https:\\\/\\\/2025.damius.com\\\/\",\"logo\":{\"@type\":\"ImageObject\",\"inLanguage\":\"de\",\"@id\":\"https:\\\/\\\/2025.damius.com\\\/#\\\/schema\\\/logo\\\/image\\\/\",\"url\":\"https:\\\/\\\/2025.damius.com\\\/wp-content\\\/uploads\\\/2022\\\/01\\\/Logo_Damius-1.jpg\",\"contentUrl\":\"https:\\\/\\\/2025.damius.com\\\/wp-content\\\/uploads\\\/2022\\\/01\\\/Logo_Damius-1.jpg\",\"width\":616,\"height\":143,\"caption\":\"Damius\"},\"image\":{\"@id\":\"https:\\\/\\\/2025.damius.com\\\/#\\\/schema\\\/logo\\\/image\\\/\"}}]}<\/script>\n<!-- \/ Yoast SEO plugin. -->","yoast_head_json":{"title":"Kundendienst - Damius","robots":{"index":"noindex","follow":"follow","max-snippet":"max-snippet:-1","max-image-preview":"max-image-preview:large","max-video-preview":"max-video-preview:-1"},"og_locale":"de_DE","og_type":"article","og_title":"Kundendienst - Damius","og_description":"Unser Kundendienst ist au\u00dferordentlich gr\u00fcndlich! Sie m\u00f6chten unseren Kundenservice kontaktieren? Ganz einfach!Rufen Sie uns unter 04 90 59 49 10 (Option 2) an oder senden Sie eine E-Mail an sav@damius.com. Als Entwickler unserer eigenen Produkte legen wir gro\u00dfen Wert auf einen eigenen Kundendienst. Der direkte Kontakt zu jedem Kunden, der ein Problem hat, ist uns [&hellip;]","og_url":"https:\/\/2025.damius.com\/de\/kundendienst\/","og_site_name":"Damius","og_image":[{"width":600,"height":400,"url":"https:\/\/2025.damius.com\/wp-content\/uploads\/2022\/01\/service-sav.jpg","type":"image\/jpeg"}],"twitter_card":"summary_large_image","twitter_misc":{"Gesch\u00e4tzte Lesezeit":"2\u00a0Minuten"},"schema":{"@context":"https:\/\/schema.org","@graph":[{"@type":"WebPage","@id":"https:\/\/2025.damius.com\/de\/kundendienst\/","url":"https:\/\/2025.damius.com\/de\/kundendienst\/","name":"Kundendienst - Damius","isPartOf":{"@id":"https:\/\/2025.damius.com\/#website"},"primaryImageOfPage":{"@id":"https:\/\/2025.damius.com\/de\/kundendienst\/#primaryimage"},"image":{"@id":"https:\/\/2025.damius.com\/de\/kundendienst\/#primaryimage"},"thumbnailUrl":"https:\/\/2025.damius.com\/wp-content\/uploads\/2022\/01\/service-sav.jpg","datePublished":"2026-02-05T18:10:33+00:00","breadcrumb":{"@id":"https:\/\/2025.damius.com\/de\/kundendienst\/#breadcrumb"},"inLanguage":"de","potentialAction":[{"@type":"ReadAction","target":["https:\/\/2025.damius.com\/de\/kundendienst\/"]}]},{"@type":"ImageObject","inLanguage":"de","@id":"https:\/\/2025.damius.com\/de\/kundendienst\/#primaryimage","url":"https:\/\/2025.damius.com\/wp-content\/uploads\/2022\/01\/service-sav.jpg","contentUrl":"https:\/\/2025.damius.com\/wp-content\/uploads\/2022\/01\/service-sav.jpg"},{"@type":"BreadcrumbList","@id":"https:\/\/2025.damius.com\/de\/kundendienst\/#breadcrumb","itemListElement":[{"@type":"ListItem","position":1,"name":"Accueil","item":"https:\/\/2025.damius.com\/de\/haus\/"},{"@type":"ListItem","position":2,"name":"Kundendienst"}]},{"@type":"WebSite","@id":"https:\/\/2025.damius.com\/#website","url":"https:\/\/2025.damius.com\/","name":"Damius","description":"","publisher":{"@id":"https:\/\/2025.damius.com\/#organization"},"potentialAction":[{"@type":"SearchAction","target":{"@type":"EntryPoint","urlTemplate":"https:\/\/2025.damius.com\/?s={search_term_string}"},"query-input":{"@type":"PropertyValueSpecification","valueRequired":true,"valueName":"search_term_string"}}],"inLanguage":"de"},{"@type":"Organization","@id":"https:\/\/2025.damius.com\/#organization","name":"Damius","url":"https:\/\/2025.damius.com\/","logo":{"@type":"ImageObject","inLanguage":"de","@id":"https:\/\/2025.damius.com\/#\/schema\/logo\/image\/","url":"https:\/\/2025.damius.com\/wp-content\/uploads\/2022\/01\/Logo_Damius-1.jpg","contentUrl":"https:\/\/2025.damius.com\/wp-content\/uploads\/2022\/01\/Logo_Damius-1.jpg","width":616,"height":143,"caption":"Damius"},"image":{"@id":"https:\/\/2025.damius.com\/#\/schema\/logo\/image\/"}}]}},"featured_image_src":null,"featured_image_src_square":null,"_links":{"self":[{"href":"https:\/\/2025.damius.com\/de\/wp-json\/wp\/v2\/pages\/2203","targetHints":{"allow":["GET"]}}],"collection":[{"href":"https:\/\/2025.damius.com\/de\/wp-json\/wp\/v2\/pages"}],"about":[{"href":"https:\/\/2025.damius.com\/de\/wp-json\/wp\/v2\/types\/page"}],"author":[{"embeddable":true,"href":"https:\/\/2025.damius.com\/de\/wp-json\/wp\/v2\/users\/1"}],"replies":[{"embeddable":true,"href":"https:\/\/2025.damius.com\/de\/wp-json\/wp\/v2\/comments?post=2203"}],"version-history":[{"count":1,"href":"https:\/\/2025.damius.com\/de\/wp-json\/wp\/v2\/pages\/2203\/revisions"}],"predecessor-version":[{"id":2204,"href":"https:\/\/2025.damius.com\/de\/wp-json\/wp\/v2\/pages\/2203\/revisions\/2204"}],"wp:attachment":[{"href":"https:\/\/2025.damius.com\/de\/wp-json\/wp\/v2\/media?parent=2203"}],"curies":[{"name":"wp","href":"https:\/\/api.w.org\/{rel}","templated":true}]}}