{"id":2244,"date":"2026-02-06T10:19:59","date_gmt":"2026-02-06T09:19:59","guid":{"rendered":"https:\/\/2025.damius.com\/ihr-individuell-gefertigtes-dreirad-fahrbereit-direkt-zu-ihnen-nach-hause-geliefert-fuer-nur-1-e\/"},"modified":"2026-02-06T11:45:47","modified_gmt":"2026-02-06T10:45:47","slug":"ihr-individuell-gefertigtes-dreirad-fahrbereit-direkt-zu-ihnen-nach-hause-geliefert-fuer-nur-1-e","status":"publish","type":"page","link":"https:\/\/2025.damius.com\/de\/ihr-individuell-gefertigtes-dreirad-fahrbereit-direkt-zu-ihnen-nach-hause-geliefert-fuer-nur-1-e\/","title":{"rendered":"Ihr individuell gefertigtes Dreirad, fahrbereit direkt zu Ihnen nach Hause geliefert, f\u00fcr nur 1 \u20ac!"},"content":{"rendered":"\n<div class=\"wp-block-columns coltroisimages is-layout-flex wp-container-core-columns-is-layout-9d6595d7 wp-block-columns-is-layout-flex\">\n<div class=\"wp-block-column is-layout-flow wp-block-column-is-layout-flow\">\n<figure class=\"wp-block-image size-full\"><img loading=\"lazy\" decoding=\"async\" width=\"600\" height=\"400\" src=\"https:\/\/2025.damius.com\/wp-content\/uploads\/2022\/01\/service-assemblage.jpg\" alt=\"\" class=\"wp-image-708\" srcset=\"https:\/\/2025.damius.com\/wp-content\/uploads\/2022\/01\/service-assemblage.jpg 600w, https:\/\/2025.damius.com\/wp-content\/uploads\/2022\/01\/service-assemblage-300x200.jpg 300w\" sizes=\"auto, (max-width: 600px) 100vw, 600px\" \/><\/figure>\n<\/div>\n\n\n\n<div class=\"wp-block-column is-layout-flow wp-block-column-is-layout-flow\">\n<figure class=\"wp-block-image size-full\"><img loading=\"lazy\" decoding=\"async\" width=\"393\" height=\"260\" src=\"https:\/\/2025.damius.com\/wp-content\/uploads\/2022\/01\/livraison-tricycle-damius-palette.jpg\" alt=\"\" class=\"wp-image-725\" srcset=\"https:\/\/2025.damius.com\/wp-content\/uploads\/2022\/01\/livraison-tricycle-damius-palette.jpg 393w, https:\/\/2025.damius.com\/wp-content\/uploads\/2022\/01\/livraison-tricycle-damius-palette-300x198.jpg 300w\" sizes=\"auto, (max-width: 393px) 100vw, 393px\" \/><\/figure>\n<\/div>\n\n\n\n<div class=\"wp-block-column is-layout-flow wp-block-column-is-layout-flow\">\n<figure class=\"wp-block-image size-full\"><img loading=\"lazy\" decoding=\"async\" width=\"600\" height=\"400\" src=\"https:\/\/2025.damius.com\/wp-content\/uploads\/2022\/01\/carton_allotricycle.jpg\" alt=\"\" class=\"wp-image-712\" srcset=\"https:\/\/2025.damius.com\/wp-content\/uploads\/2022\/01\/carton_allotricycle.jpg 600w, https:\/\/2025.damius.com\/wp-content\/uploads\/2022\/01\/carton_allotricycle-300x200.jpg 300w\" sizes=\"auto, (max-width: 600px) 100vw, 600px\" \/><\/figure>\n<\/div>\n<\/div>\n\n<p><strong>1 \u20ac ist zwar symbolisch, aber wichtig!<\/strong><\/p>\n\n<p>Wir sind stolz darauf, unsere Dreir\u00e4der komplett montiert und fahrbereit auszuliefern. Das ist keine Kleinigkeit; die Montage eines Evasion-Dreirads erfordert von einem qualifizierten und geschulten Techniker 6 Stunden. Details finden Sie unten:  <\/p>\n\n<ul class=\"wp-block-list\">\n<li>Vorbereitung des Rahmens vor und nach dem Lackieren<\/li>\n\n\n\n<li>Montage von Unterbaugruppen (Lenker, Sattel, R\u00e4der)<\/li>\n\n\n\n<li>Montage des Dreirads in seiner Gesamtheit<\/li>\n\n\n\n<li>Installation von Optionen und Zubeh\u00f6r<\/li>\n\n\n\n<li>Bicycode-Seriennummernmarkierung<\/li>\n\n\n\n<li>Einstellen der Bremsen und des Schaltwerks<\/li>\n\n\n\n<li>Das Dreirad wurde unter realen Bedingungen \u00fcber eine Strecke von ca. 2 km getestet.<\/li>\n\n\n\n<li>Verpackungsvorbereitung (Paletten- und Kartonbau)<\/li>\n\n\n\n<li>Endkontrolle, Qualit\u00e4tskontrolle und Verpackung des Dreirads<\/li>\n<\/ul>\n\n<p>Zus\u00e4tzlich zu diesen Serviceleistungen fallen Verpackungs- und Transportkosten an.<\/p>\n\n<p>Diese Leistungen (Montage, Verpackung, Versand) verursachen zwar erhebliche, aber notwendige Kosten, damit Sie Ihr Dreirad f\u00fcr Erwachsene schnellstm\u00f6glich erhalten. Deshalb \u00fcbernehmen wir diese Kosten vollst\u00e4ndig \u2013 bis auf diesen symbolischen Euro! <\/p>\n\n<p class=\"has-text-color\" style=\"color:#ff0004\"><em>Neben der erforderlichen Erfahrung und Expertise verursacht dieser Service f\u00fcr uns erhebliche Kosten in Bezug auf Arbeitsaufwand und Transport. Uns ist es jedoch sehr wichtig, dass Sie Ihr Dreirad direkt nach der Ankunft bei Ihnen zu Hause in bestm\u00f6glichem Zustand nutzen k\u00f6nnen. Deshalb bitten wir um einen symbolischen Beitrag von nur 1 \u20ac f\u00fcr die Montage und Lieferung Ihres Dreirads. <\/em><\/p>\n\n<p><strong>Das gesamte Team bedankt sich im Voraus f\u00fcr Ihre Unterst\u00fctzung.<\/strong><\/p>\n\n<div style=\"height:20px\" aria-hidden=\"true\" class=\"wp-block-spacer\"><\/div>\n\n<p class=\"has-text-color\" style=\"color:#0079be\"><strong>&gt;&gt; Kosten und Lieferzeiten:<\/strong><\/p>\n\n<p>Wir bearbeiten und versenden Bestellungen von Montag bis Freitag (au\u00dfer an Feiertagen). Bestellungen, die am Samstag, Sonntag oder Feiertag eingehen, werden am folgenden Werktag bearbeitet. <\/p>\n\n<p>Derzeit ist der Versand nach Frankreich (Festland), <strong>Korsika und Monaco f\u00fcr einen symbolischen Betrag von 1 \u20ac kostenlos<\/strong>. F\u00fcr Lieferungen au\u00dferhalb Frankreichs f\u00e4llt eine zus\u00e4tzliche Geb\u00fchr an. <\/p>\n\n<p>Informationen zum Lagerbestand und zur Verf\u00fcgbarkeit unserer Dreir\u00e4der finden Sie auf der jeweiligen Produktseite. Nach Versand des Dreirads aus unserem Lager betr\u00e4gt die Lieferzeit an Ihre Adresse 3 bis 5 Werktage. <\/p>\n\n<p><strong><span style=\"text-decoration: underline;\">VERSAND AUSSERHALB DES FRANKREICHER METROPOLITANISCHEN LANDES:<\/span><\/strong><\/p>\n\n<p>F\u00fcr Lieferungen in andere L\u00e4nder als Frankreich fallen zus\u00e4tzliche Versandkosten an.<br\/>Hier sind die Bedingungen f\u00fcr die Lieferung nach Hause:<\/p>\n\n<ul class=\"wp-block-list\">\n<li>Belgien, Niederlande, Luxemburg: Pauschalpreis von 100 \u20ac f\u00fcr Montage und Lieferung nach Hause<\/li>\n\n\n\n<li>Deutschland, \u00d6sterreich, Spanien, Portugal, Andorra, Italien: Pauschalpreis von 200 \u20ac f\u00fcr Montage und Lieferung nach Hause<\/li>\n\n\n\n<li>Schweiz: Pauschalpreis von 100 \u20ac f\u00fcr Montage und Hauslieferung, alle Steuern und Geb\u00fchren inklusive (MwSt., Z\u00f6lle, Transportkosten)<\/li>\n\n\n\n<li>Vereinigtes K\u00f6nigreich: Rechnung ohne MwSt., Pauschale von 100 \u20ac f\u00fcr Montage und Lieferung zu Ihnen nach Hause. Die MwSt. wird bei Lieferung f\u00e4llig. <\/li>\n<\/ul>\n\n<p class=\"has-text-color\" style=\"color:#ff0004\">&gt;&gt; F\u00fcr Lieferungen in andere L\u00e4nder als die oben genannten kontaktieren Sie uns bitte.<\/p>\n\n<div style=\"height:20px\" aria-hidden=\"true\" class=\"wp-block-spacer\"><\/div>\n\n<p class=\"has-text-color\" style=\"color:#0079be\"><strong>&gt;&gt; Verfolgen Sie Ihre Lieferung:<\/strong><\/p>\n\n<p>F\u00fcr den Versand unserer Dreir\u00e4der und um Sie \u00fcber den Fortschritt der Lieferung auf dem Laufenden zu halten, benachrichtigt Sie unser Transportpartner GEODIS in jeder Phase des Versands (Abholung des Pakets, Ankunft des Pakets in der Agentur usw.) per E-Mail oder SMS.<\/p>\n\n<p>Um in Echtzeit Lieferinformationen zu Ihrer Bestellung zu erhalten, halten Sie bitte Ihre Sendungsnummer bereit und gehen Sie auf die Website unseres Partner-Transporteurs.<\/p>\n\n<p><strong>GEODIS-TRACKING <\/strong>&gt;&gt; <a href=\"http:\/\/www.espacedestinataire.com\/\" target=\"_blank\" rel=\"noreferrer noopener\">www.espacedestinataire.com<\/a><\/p>\n\n<div style=\"height:20px\" aria-hidden=\"true\" class=\"wp-block-spacer\"><\/div>\n\n<p class=\"has-text-color\" style=\"color:#0079be\"><strong>&gt;&gt; Lieferung zu Ihnen nach Hause:<\/strong><\/p>\n\n<p><img loading=\"lazy\" decoding=\"async\" width=\"220\" height=\"103\" class=\"wp-image-731\" style=\"width: 220px;\" src=\"https:\/\/2025.damius.com\/wp-content\/uploads\/2022\/01\/geodis.jpg\" alt=\"\" srcset=\"https:\/\/2025.damius.com\/wp-content\/uploads\/2022\/01\/geodis.jpg 600w, https:\/\/2025.damius.com\/wp-content\/uploads\/2022\/01\/geodis-300x141.jpg 300w\" sizes=\"auto, (max-width: 220px) 100vw, 220px\" \/><br\/>Um Ihnen einen schnellen und sorgf\u00e4ltigen Versand zu garantieren, sind alle unsere Dreiradtransporte \u00fcber das Transportunternehmen GEODIS versichert.<\/p>\n\n<p>Sobald der Spediteur das Paket in unserer Werkstatt \u00fcbernommen hat, wird Ihr Dreirad innerhalb von maximal 5 Tagen* zu Ihnen nach Hause geliefert (Wochenenden und Feiertage ausgenommen).<\/p>\n\n<p>Der Zusteller h\u00e4lt Sie per E-Mail und SMS \u00fcber den Status Ihres Pakets auf dem Laufenden. Sobald das Paket beim Zustellst\u00fctzpunkt eingetroffen ist, k\u00f6nnen Sie den Liefertermin ausw\u00e4hlen. So stellen Sie sicher, dass Sie zu Hause sind, um Ihr Paket entgegenzunehmen.  <\/p>\n\n<p>Wir empfehlen Ihnen, den Zustand und den Inhalt Ihres Pakets im Beisein des Fahrers zu \u00fcberpr\u00fcfen, damit Sie etwaige Besch\u00e4digungen an der Verpackung oder am Produkt selbst auf dem Lieferschein vermerken k\u00f6nnen.<\/p>\n\n<div style=\"height:20px\" aria-hidden=\"true\" class=\"wp-block-spacer\"><\/div>\n\n<p class=\"has-text-color\" style=\"color:#0079be\"> <strong>&gt;&gt; Abholung pers\u00f6nlich in unserer Werkstatt:<\/strong><\/p>\n\n<p class=\"has-primary-color has-text-color\">F\u00fcr eine bequeme und benutzerfreundliche Lieferung haben Sie auch die M\u00f6glichkeit, Ihr vollst\u00e4ndig montiertes und betriebsbereites Dreirad vor Ort in unseren R\u00e4umlichkeiten in Miramas (13) abzuholen. Von Montag bis Samstag von 9:00 bis 12:00 Uhr und von 14:00 bis 16:00 Uhr (nur nach Vereinbarung) erreichen Sie uns unter 04 90 59 49 10.<\/p>\n","protected":false},"excerpt":{"rendered":"<p>1 \u20ac ist zwar symbolisch, aber wichtig! Wir sind stolz darauf, unsere Dreir\u00e4der komplett montiert und fahrbereit auszuliefern. Das ist keine Kleinigkeit; die Montage eines Evasion-Dreirads erfordert von einem qualifizierten und geschulten Techniker 6 Stunden. Details finden Sie unten: Zus\u00e4tzlich zu diesen Serviceleistungen fallen Verpackungs- und Transportkosten an. Diese Leistungen (Montage, Verpackung, Versand) verursachen zwar [&hellip;]<\/p>\n","protected":false},"author":1,"featured_media":0,"parent":0,"menu_order":0,"comment_status":"closed","ping_status":"closed","template":"","meta":{"_acf_changed":false,"_eb_attr":"","footnotes":""},"class_list":["post-2244","page","type-page","status-publish","hentry"],"acf":[],"yoast_head":"<!-- This site is optimized with the Yoast SEO plugin v27.3 - https:\/\/yoast.com\/product\/yoast-seo-wordpress\/ -->\n<title>Ihr individuell gefertigtes Dreirad, fahrbereit direkt zu Ihnen nach Hause geliefert, f\u00fcr nur 1 \u20ac! - Damius<\/title>\n<meta name=\"robots\" content=\"noindex, follow, max-snippet:-1, max-image-preview:large, max-video-preview:-1\" \/>\n<meta property=\"og:locale\" content=\"de_DE\" \/>\n<meta property=\"og:type\" content=\"article\" \/>\n<meta property=\"og:title\" content=\"Ihr individuell gefertigtes Dreirad, fahrbereit direkt zu Ihnen nach Hause geliefert, f\u00fcr nur 1 \u20ac! - Damius\" \/>\n<meta property=\"og:description\" content=\"1 \u20ac ist zwar symbolisch, aber wichtig! Wir sind stolz darauf, unsere Dreir\u00e4der komplett montiert und fahrbereit auszuliefern. Das ist keine Kleinigkeit; die Montage eines Evasion-Dreirads erfordert von einem qualifizierten und geschulten Techniker 6 Stunden. Details finden Sie unten: Zus\u00e4tzlich zu diesen Serviceleistungen fallen Verpackungs- und Transportkosten an. Diese Leistungen (Montage, Verpackung, Versand) verursachen zwar [&hellip;]\" \/>\n<meta property=\"og:url\" content=\"https:\/\/2025.damius.com\/de\/ihr-individuell-gefertigtes-dreirad-fahrbereit-direkt-zu-ihnen-nach-hause-geliefert-fuer-nur-1-e\/\" \/>\n<meta property=\"og:site_name\" content=\"Damius\" \/>\n<meta property=\"article:modified_time\" content=\"2026-02-06T10:45:47+00:00\" \/>\n<meta property=\"og:image\" content=\"https:\/\/2025.damius.com\/wp-content\/uploads\/2022\/01\/service-assemblage.jpg\" \/>\n\t<meta property=\"og:image:width\" content=\"600\" \/>\n\t<meta property=\"og:image:height\" content=\"400\" \/>\n\t<meta property=\"og:image:type\" content=\"image\/jpeg\" \/>\n<meta name=\"twitter:card\" content=\"summary_large_image\" \/>\n<meta name=\"twitter:label1\" content=\"Gesch\u00e4tzte Lesezeit\" \/>\n\t<meta name=\"twitter:data1\" content=\"3\u00a0Minuten\" \/>\n<script type=\"application\/ld+json\" class=\"yoast-schema-graph\">{\"@context\":\"https:\\\/\\\/schema.org\",\"@graph\":[{\"@type\":\"WebPage\",\"@id\":\"https:\\\/\\\/2025.damius.com\\\/de\\\/ihr-individuell-gefertigtes-dreirad-fahrbereit-direkt-zu-ihnen-nach-hause-geliefert-fuer-nur-1-e\\\/\",\"url\":\"https:\\\/\\\/2025.damius.com\\\/de\\\/ihr-individuell-gefertigtes-dreirad-fahrbereit-direkt-zu-ihnen-nach-hause-geliefert-fuer-nur-1-e\\\/\",\"name\":\"Ihr individuell gefertigtes Dreirad, fahrbereit direkt zu Ihnen nach Hause geliefert, f\u00fcr nur 1 \u20ac! - Damius\",\"isPartOf\":{\"@id\":\"https:\\\/\\\/2025.damius.com\\\/#website\"},\"primaryImageOfPage\":{\"@id\":\"https:\\\/\\\/2025.damius.com\\\/de\\\/ihr-individuell-gefertigtes-dreirad-fahrbereit-direkt-zu-ihnen-nach-hause-geliefert-fuer-nur-1-e\\\/#primaryimage\"},\"image\":{\"@id\":\"https:\\\/\\\/2025.damius.com\\\/de\\\/ihr-individuell-gefertigtes-dreirad-fahrbereit-direkt-zu-ihnen-nach-hause-geliefert-fuer-nur-1-e\\\/#primaryimage\"},\"thumbnailUrl\":\"https:\\\/\\\/2025.damius.com\\\/wp-content\\\/uploads\\\/2022\\\/01\\\/service-assemblage.jpg\",\"datePublished\":\"2026-02-06T09:19:59+00:00\",\"dateModified\":\"2026-02-06T10:45:47+00:00\",\"breadcrumb\":{\"@id\":\"https:\\\/\\\/2025.damius.com\\\/de\\\/ihr-individuell-gefertigtes-dreirad-fahrbereit-direkt-zu-ihnen-nach-hause-geliefert-fuer-nur-1-e\\\/#breadcrumb\"},\"inLanguage\":\"de\",\"potentialAction\":[{\"@type\":\"ReadAction\",\"target\":[\"https:\\\/\\\/2025.damius.com\\\/de\\\/ihr-individuell-gefertigtes-dreirad-fahrbereit-direkt-zu-ihnen-nach-hause-geliefert-fuer-nur-1-e\\\/\"]}]},{\"@type\":\"ImageObject\",\"inLanguage\":\"de\",\"@id\":\"https:\\\/\\\/2025.damius.com\\\/de\\\/ihr-individuell-gefertigtes-dreirad-fahrbereit-direkt-zu-ihnen-nach-hause-geliefert-fuer-nur-1-e\\\/#primaryimage\",\"url\":\"https:\\\/\\\/2025.damius.com\\\/wp-content\\\/uploads\\\/2022\\\/01\\\/service-assemblage.jpg\",\"contentUrl\":\"https:\\\/\\\/2025.damius.com\\\/wp-content\\\/uploads\\\/2022\\\/01\\\/service-assemblage.jpg\"},{\"@type\":\"BreadcrumbList\",\"@id\":\"https:\\\/\\\/2025.damius.com\\\/de\\\/ihr-individuell-gefertigtes-dreirad-fahrbereit-direkt-zu-ihnen-nach-hause-geliefert-fuer-nur-1-e\\\/#breadcrumb\",\"itemListElement\":[{\"@type\":\"ListItem\",\"position\":1,\"name\":\"Accueil\",\"item\":\"https:\\\/\\\/2025.damius.com\\\/de\\\/haus\\\/\"},{\"@type\":\"ListItem\",\"position\":2,\"name\":\"Ihr individuell gefertigtes Dreirad, fahrbereit direkt zu Ihnen nach Hause geliefert, f\u00fcr nur 1 \u20ac!\"}]},{\"@type\":\"WebSite\",\"@id\":\"https:\\\/\\\/2025.damius.com\\\/#website\",\"url\":\"https:\\\/\\\/2025.damius.com\\\/\",\"name\":\"Damius\",\"description\":\"\",\"publisher\":{\"@id\":\"https:\\\/\\\/2025.damius.com\\\/#organization\"},\"potentialAction\":[{\"@type\":\"SearchAction\",\"target\":{\"@type\":\"EntryPoint\",\"urlTemplate\":\"https:\\\/\\\/2025.damius.com\\\/?s={search_term_string}\"},\"query-input\":{\"@type\":\"PropertyValueSpecification\",\"valueRequired\":true,\"valueName\":\"search_term_string\"}}],\"inLanguage\":\"de\"},{\"@type\":\"Organization\",\"@id\":\"https:\\\/\\\/2025.damius.com\\\/#organization\",\"name\":\"Damius\",\"url\":\"https:\\\/\\\/2025.damius.com\\\/\",\"logo\":{\"@type\":\"ImageObject\",\"inLanguage\":\"de\",\"@id\":\"https:\\\/\\\/2025.damius.com\\\/#\\\/schema\\\/logo\\\/image\\\/\",\"url\":\"https:\\\/\\\/2025.damius.com\\\/wp-content\\\/uploads\\\/2022\\\/01\\\/Logo_Damius-1.jpg\",\"contentUrl\":\"https:\\\/\\\/2025.damius.com\\\/wp-content\\\/uploads\\\/2022\\\/01\\\/Logo_Damius-1.jpg\",\"width\":616,\"height\":143,\"caption\":\"Damius\"},\"image\":{\"@id\":\"https:\\\/\\\/2025.damius.com\\\/#\\\/schema\\\/logo\\\/image\\\/\"}}]}<\/script>\n<!-- \/ Yoast SEO plugin. -->","yoast_head_json":{"title":"Ihr individuell gefertigtes Dreirad, fahrbereit direkt zu Ihnen nach Hause geliefert, f\u00fcr nur 1 \u20ac! - Damius","robots":{"index":"noindex","follow":"follow","max-snippet":"max-snippet:-1","max-image-preview":"max-image-preview:large","max-video-preview":"max-video-preview:-1"},"og_locale":"de_DE","og_type":"article","og_title":"Ihr individuell gefertigtes Dreirad, fahrbereit direkt zu Ihnen nach Hause geliefert, f\u00fcr nur 1 \u20ac! - Damius","og_description":"1 \u20ac ist zwar symbolisch, aber wichtig! Wir sind stolz darauf, unsere Dreir\u00e4der komplett montiert und fahrbereit auszuliefern. Das ist keine Kleinigkeit; die Montage eines Evasion-Dreirads erfordert von einem qualifizierten und geschulten Techniker 6 Stunden. Details finden Sie unten: Zus\u00e4tzlich zu diesen Serviceleistungen fallen Verpackungs- und Transportkosten an. Diese Leistungen (Montage, Verpackung, Versand) verursachen zwar [&hellip;]","og_url":"https:\/\/2025.damius.com\/de\/ihr-individuell-gefertigtes-dreirad-fahrbereit-direkt-zu-ihnen-nach-hause-geliefert-fuer-nur-1-e\/","og_site_name":"Damius","article_modified_time":"2026-02-06T10:45:47+00:00","og_image":[{"width":600,"height":400,"url":"https:\/\/2025.damius.com\/wp-content\/uploads\/2022\/01\/service-assemblage.jpg","type":"image\/jpeg"}],"twitter_card":"summary_large_image","twitter_misc":{"Gesch\u00e4tzte Lesezeit":"3\u00a0Minuten"},"schema":{"@context":"https:\/\/schema.org","@graph":[{"@type":"WebPage","@id":"https:\/\/2025.damius.com\/de\/ihr-individuell-gefertigtes-dreirad-fahrbereit-direkt-zu-ihnen-nach-hause-geliefert-fuer-nur-1-e\/","url":"https:\/\/2025.damius.com\/de\/ihr-individuell-gefertigtes-dreirad-fahrbereit-direkt-zu-ihnen-nach-hause-geliefert-fuer-nur-1-e\/","name":"Ihr individuell gefertigtes Dreirad, fahrbereit direkt zu Ihnen nach Hause geliefert, f\u00fcr nur 1 \u20ac! - Damius","isPartOf":{"@id":"https:\/\/2025.damius.com\/#website"},"primaryImageOfPage":{"@id":"https:\/\/2025.damius.com\/de\/ihr-individuell-gefertigtes-dreirad-fahrbereit-direkt-zu-ihnen-nach-hause-geliefert-fuer-nur-1-e\/#primaryimage"},"image":{"@id":"https:\/\/2025.damius.com\/de\/ihr-individuell-gefertigtes-dreirad-fahrbereit-direkt-zu-ihnen-nach-hause-geliefert-fuer-nur-1-e\/#primaryimage"},"thumbnailUrl":"https:\/\/2025.damius.com\/wp-content\/uploads\/2022\/01\/service-assemblage.jpg","datePublished":"2026-02-06T09:19:59+00:00","dateModified":"2026-02-06T10:45:47+00:00","breadcrumb":{"@id":"https:\/\/2025.damius.com\/de\/ihr-individuell-gefertigtes-dreirad-fahrbereit-direkt-zu-ihnen-nach-hause-geliefert-fuer-nur-1-e\/#breadcrumb"},"inLanguage":"de","potentialAction":[{"@type":"ReadAction","target":["https:\/\/2025.damius.com\/de\/ihr-individuell-gefertigtes-dreirad-fahrbereit-direkt-zu-ihnen-nach-hause-geliefert-fuer-nur-1-e\/"]}]},{"@type":"ImageObject","inLanguage":"de","@id":"https:\/\/2025.damius.com\/de\/ihr-individuell-gefertigtes-dreirad-fahrbereit-direkt-zu-ihnen-nach-hause-geliefert-fuer-nur-1-e\/#primaryimage","url":"https:\/\/2025.damius.com\/wp-content\/uploads\/2022\/01\/service-assemblage.jpg","contentUrl":"https:\/\/2025.damius.com\/wp-content\/uploads\/2022\/01\/service-assemblage.jpg"},{"@type":"BreadcrumbList","@id":"https:\/\/2025.damius.com\/de\/ihr-individuell-gefertigtes-dreirad-fahrbereit-direkt-zu-ihnen-nach-hause-geliefert-fuer-nur-1-e\/#breadcrumb","itemListElement":[{"@type":"ListItem","position":1,"name":"Accueil","item":"https:\/\/2025.damius.com\/de\/haus\/"},{"@type":"ListItem","position":2,"name":"Ihr individuell gefertigtes Dreirad, fahrbereit direkt zu Ihnen nach Hause geliefert, f\u00fcr nur 1 \u20ac!"}]},{"@type":"WebSite","@id":"https:\/\/2025.damius.com\/#website","url":"https:\/\/2025.damius.com\/","name":"Damius","description":"","publisher":{"@id":"https:\/\/2025.damius.com\/#organization"},"potentialAction":[{"@type":"SearchAction","target":{"@type":"EntryPoint","urlTemplate":"https:\/\/2025.damius.com\/?s={search_term_string}"},"query-input":{"@type":"PropertyValueSpecification","valueRequired":true,"valueName":"search_term_string"}}],"inLanguage":"de"},{"@type":"Organization","@id":"https:\/\/2025.damius.com\/#organization","name":"Damius","url":"https:\/\/2025.damius.com\/","logo":{"@type":"ImageObject","inLanguage":"de","@id":"https:\/\/2025.damius.com\/#\/schema\/logo\/image\/","url":"https:\/\/2025.damius.com\/wp-content\/uploads\/2022\/01\/Logo_Damius-1.jpg","contentUrl":"https:\/\/2025.damius.com\/wp-content\/uploads\/2022\/01\/Logo_Damius-1.jpg","width":616,"height":143,"caption":"Damius"},"image":{"@id":"https:\/\/2025.damius.com\/#\/schema\/logo\/image\/"}}]}},"featured_image_src":null,"featured_image_src_square":null,"_links":{"self":[{"href":"https:\/\/2025.damius.com\/de\/wp-json\/wp\/v2\/pages\/2244","targetHints":{"allow":["GET"]}}],"collection":[{"href":"https:\/\/2025.damius.com\/de\/wp-json\/wp\/v2\/pages"}],"about":[{"href":"https:\/\/2025.damius.com\/de\/wp-json\/wp\/v2\/types\/page"}],"author":[{"embeddable":true,"href":"https:\/\/2025.damius.com\/de\/wp-json\/wp\/v2\/users\/1"}],"replies":[{"embeddable":true,"href":"https:\/\/2025.damius.com\/de\/wp-json\/wp\/v2\/comments?post=2244"}],"version-history":[{"count":7,"href":"https:\/\/2025.damius.com\/de\/wp-json\/wp\/v2\/pages\/2244\/revisions"}],"predecessor-version":[{"id":2315,"href":"https:\/\/2025.damius.com\/de\/wp-json\/wp\/v2\/pages\/2244\/revisions\/2315"}],"wp:attachment":[{"href":"https:\/\/2025.damius.com\/de\/wp-json\/wp\/v2\/media?parent=2244"}],"curies":[{"name":"wp","href":"https:\/\/api.w.org\/{rel}","templated":true}]}}