{"id":2274,"date":"2026-02-06T10:41:33","date_gmt":"2026-02-06T09:41:33","guid":{"rendered":"https:\/\/2025.damius.com\/kundenservice-alle-unsere-kontaktdaten\/"},"modified":"2026-02-06T10:41:34","modified_gmt":"2026-02-06T09:41:34","slug":"kundenservice-alle-unsere-kontaktdaten","status":"publish","type":"page","link":"https:\/\/2025.damius.com\/de\/kundenservice-alle-unsere-kontaktdaten\/","title":{"rendered":"Kundenservice \u2013 Alle unsere Kontaktdaten"},"content":{"rendered":"\n<div class=\"wp-block-media-text alignwide is-stacked-on-mobile\" style=\"grid-template-columns:19% auto\"><figure class=\"wp-block-media-text__media\"><img loading=\"lazy\" decoding=\"async\" width=\"590\" height=\"786\" src=\"https:\/\/2025.damius.com\/wp-content\/uploads\/2026\/02\/Aper_u-catalogue-tricycle-adulte-damius.jpg\" alt=\"\" class=\"wp-image-1766 size-full\" srcset=\"https:\/\/2025.damius.com\/wp-content\/uploads\/2026\/02\/Aper_u-catalogue-tricycle-adulte-damius.jpg 590w, https:\/\/2025.damius.com\/wp-content\/uploads\/2026\/02\/Aper_u-catalogue-tricycle-adulte-damius-225x300.jpg 225w, https:\/\/2025.damius.com\/wp-content\/uploads\/2026\/02\/Aper_u-catalogue-tricycle-adulte-damius-300x400.jpg 300w\" sizes=\"auto, (max-width: 590px) 100vw, 590px\" \/><\/figure><div class=\"wp-block-media-text__content\">\n<p><a href=\"https:\/\/2025.damius.com\/wp-content\/uploads\/2026\/02\/CatalogueDamius.pdf\" id=\"1765\" target=\"_blank\" rel=\"noreferrer noopener\"><strong>Laden Sie den Damius-Katalog hier herunter.<\/strong><\/a><\/p>\n\n\n\n<p>  <\/p>\n\n\n\n<p class=\"has-text-color has-link-color wp-elements-e3a5ac5ebf6cfb7b4f28bdfa716edc2d\" style=\"color:#ff0000\">Falls Sie eine gedruckte Version erhalten m\u00f6chten, kontaktieren Sie uns bitte oder geben Sie Ihre Postanschrift \u00fcber das Formular am Ende dieser Seite an.<\/p>\n\n\n\n<p>  <\/p>\n\n\n\n<p><strong>Ben\u00f6tigen Sie Beratung oder Informationen?<\/strong><br \/>Unsere Berater stehen Ihnen <strong>von Montag bis Freitag<\/strong> per E-Mail, Telefon oder Chat zur Verf\u00fcgung.<\/p>\n\n\n\n<p>  <\/p>\n\n\n\n<p><strong>Vertriebsabteilung \u2013 Montag bis Freitag, 9:00 bis 12:30 Uhr und 14:00 bis 17:30 Uhr:<\/strong><br \/><a href=\"mailto:info@damius.com\">info@damius.com<\/a> \u2013 +33 4 90 59 49 10 (Option 1)<\/p>\n\n\n\n<p><strong>Kundenservice \u2013 Montag bis Freitag, 9:00 bis 12:30 Uhr und 14:00 bis 17:30 Uhr:<\/strong><br \/><a href=\"mailto:sav@damius.com\">sav@damius.com<\/a> \u2013 +33 4 90 59 49 10 (Option 2)<\/p>\n<\/div><\/div>\n\n<div class=\"wp-block-media-text alignwide has-media-on-the-right is-stacked-on-mobile is-vertically-aligned-top\"><div class=\"wp-block-media-text__content\">\n<p><strong><strong>Besuchen Sie uns <mark style=\"color:#ff0000\" class=\"has-inline-color\">(nur nach Vereinbarung)<\/mark>!<\/strong><\/strong><\/p>\n\n\n\n<p><strong><strong>DAMIUS<br \/>33 avenue du Royaume-Uni<br \/>ZI les Moli\u00e8res<br \/>13140 MIRAMAS &#8211; France<\/strong><\/strong><\/p>\n\n\n\n<p><\/p>\n\n\n\n<p><strong>Sie k\u00f6nnen auch das untenstehende Formular verwenden:<\/strong><\/p>\n\n\n\n<div class=\"wpcf7 no-js\" id=\"wpcf7-f1011-o1\" lang=\"de-DE\" dir=\"ltr\" data-wpcf7-id=\"1011\">\n<div class=\"screen-reader-response\"><p role=\"status\" aria-live=\"polite\" aria-atomic=\"true\"><\/p> <ul><\/ul><\/div>\n<form action=\"\/de\/wp-json\/wp\/v2\/pages\/2274#wpcf7-f1011-o1\" method=\"post\" class=\"wpcf7-form init\" aria-label=\"Kontaktformular\" novalidate=\"novalidate\" data-status=\"init\">\n<fieldset class=\"hidden-fields-container\"><input type=\"hidden\" name=\"_wpcf7\" value=\"1011\" \/><input type=\"hidden\" name=\"_wpcf7_version\" value=\"6.1.5\" \/><input type=\"hidden\" name=\"_wpcf7_locale\" value=\"de_DE\" \/><input type=\"hidden\" name=\"_wpcf7_unit_tag\" value=\"wpcf7-f1011-o1\" \/><input type=\"hidden\" name=\"_wpcf7_container_post\" value=\"0\" \/><input type=\"hidden\" name=\"_wpcf7_posted_data_hash\" value=\"\" \/>\n<\/fieldset>\n<p><label> Name<br \/>\n<span class=\"wpcf7-form-control-wrap\" data-name=\"nom\"><input size=\"40\" maxlength=\"400\" class=\"wpcf7-form-control wpcf7-text wpcf7-validates-as-required\" aria-required=\"true\" aria-invalid=\"false\" value=\"\" type=\"text\" name=\"nom\" \/><\/span> <\/label>\n<\/p>\n<p><label> Vorname<br \/>\n<span class=\"wpcf7-form-control-wrap\" data-name=\"prenom\"><input size=\"40\" maxlength=\"400\" class=\"wpcf7-form-control wpcf7-text wpcf7-validates-as-required\" aria-required=\"true\" aria-invalid=\"false\" value=\"\" type=\"text\" name=\"prenom\" \/><\/span> <\/label>\n<\/p>\n<p><label> Email<br \/>\n<span class=\"wpcf7-form-control-wrap\" data-name=\"email\"><input size=\"40\" maxlength=\"400\" class=\"wpcf7-form-control wpcf7-email wpcf7-validates-as-required wpcf7-text wpcf7-validates-as-email\" aria-required=\"true\" aria-invalid=\"false\" value=\"\" type=\"email\" name=\"email\" \/><\/span> <\/label>\n<\/p>\n<p><label> Thema<br \/>\n<span class=\"wpcf7-form-control-wrap\" data-name=\"sujet\"><input size=\"40\" maxlength=\"400\" class=\"wpcf7-form-control wpcf7-text wpcf7-validates-as-required\" aria-required=\"true\" aria-invalid=\"false\" value=\"\" type=\"text\" name=\"sujet\" \/><\/span> <\/label>\n<\/p>\n<p><label> Meldung<br \/>\n<span class=\"wpcf7-form-control-wrap\" data-name=\"message\"><textarea cols=\"40\" rows=\"10\" maxlength=\"2000\" class=\"wpcf7-form-control wpcf7-textarea wpcf7-validates-as-required\" aria-required=\"true\" aria-invalid=\"false\" placeholder=\"Si vous souhaitez recevoir un catalogue par courrier, merci de nous indiquer votre adresse postale.\" name=\"message\"><\/textarea><\/span> <\/label><br \/>\n<span class=\"wpcf7-form-control-wrap kc_captcha cf7ic-toggle\" data-name=\"kc_captcha\"><span class=\"wpcf7-form-control wpcf7-radio\"><span class=\"captcha-image\" style=\"display: none;\"><span class=\"cf7ic_instructions\">Bitte beweise, dass du kein Spambot bist und w\u00e4hle das Symbol<span> Flugzeug<\/span>.<\/span><label><input aria-label=\"1\" type=\"radio\" name=\"kc_captcha\" value=\"bot\" \/><svg aria-hidden=\"true\" role=\"img\" xmlns=\"http:\/\/www.w3.org\/2000\/svg\" viewBox=\"0 0 512 512\"><path fill=\"currentColor\" d=\"M350 99c-54 0-98-35-166-35-25 0-47 4-68 12a56 56 0 004-24C118 24 95 1 66 0a56 56 0 00-34 102v386c0 13 11 24 24 24h16c13 0 24-11 24-24v-94c28-12 64-23 114-23 54 0 98 35 166 35 48 0 86-16 122-41 9-6 14-15 14-26V96c0-23-24-39-45-29-35 16-77 32-117 32z\"\/><\/svg><\/label><label><input aria-label=\"2\" type=\"radio\" name=\"kc_captcha\" value=\"bot\" \/><svg aria-hidden=\"true\" role=\"img\" xmlns=\"http:\/\/www.w3.org\/2000\/svg\" viewBox=\"0 0 640 512\"><path fill=\"currentColor\" d=\"M624 352h-16V244c0-13-5-25-14-34L494 110c-9-9-21-14-34-14h-44V48c0-26-21-48-48-48H48C22 0 0 22 0 48v320c0 27 22 48 48 48h16a96 96 0 00192 0h128a96 96 0 00192 0h48c9 0 16-7 16-16v-32c0-9-7-16-16-16zM160 464a48 48 0 110-96 48 48 0 010 96zm320 0a48 48 0 110-96 48 48 0 010 96zm80-208H416V144h44l100 100v12z\"\/><\/svg><\/label><label><input aria-label=\"3\" type=\"radio\" name=\"kc_captcha\" value=\"kc_human\" \/><svg aria-hidden=\"true\" role=\"img\" xmlns=\"http:\/\/www.w3.org\/2000\/svg\" viewBox=\"0 0 576 512\"><path fill=\"currentColor\" d=\"M472 200H360L256 6a12 12 0 00-10-6h-58c-8 0-14 7-12 15l34 185H100l-35-58a12 12 0 00-10-6H12c-8 0-13 7-12 14l21 106L0 362c-1 7 4 14 12 14h43c4 0 8-2 10-6l35-58h110l-34 185c-2 8 4 15 12 15h58a12 12 0 0010-6l104-194h112c57 0 104-25 104-56s-47-56-104-56z\"\/><\/svg><\/label>\r\n    <\/span>\r\n    <span style=\"display:none\">\r\n        <input type=\"text\" name=\"kc_honeypot\">\r\n    <\/span><\/span><\/span><br \/>\n<input class=\"wpcf7-form-control wpcf7-submit has-spinner\" type=\"submit\" value=\"Envoyer\" \/>\n<\/p><div class=\"wpcf7-response-output\" aria-hidden=\"true\"><\/div>\n<\/form>\n<\/div>\n\n<\/div><figure class=\"wp-block-media-text__media\"><img loading=\"lazy\" decoding=\"async\" width=\"512\" height=\"512\" src=\"https:\/\/2025.damius.com\/wp-content\/uploads\/2020\/09\/cropped-favicon-damius.png\" alt=\"\" class=\"wp-image-268 size-full\" srcset=\"https:\/\/2025.damius.com\/wp-content\/uploads\/2020\/09\/cropped-favicon-damius.png 512w, https:\/\/2025.damius.com\/wp-content\/uploads\/2020\/09\/cropped-favicon-damius-300x300.png 300w, https:\/\/2025.damius.com\/wp-content\/uploads\/2020\/09\/cropped-favicon-damius-150x150.png 150w, https:\/\/2025.damius.com\/wp-content\/uploads\/2020\/09\/cropped-favicon-damius-450x450.png 450w, https:\/\/2025.damius.com\/wp-content\/uploads\/2020\/09\/cropped-favicon-damius-100x100.png 100w, https:\/\/2025.damius.com\/wp-content\/uploads\/2020\/09\/cropped-favicon-damius-270x270.png 270w, https:\/\/2025.damius.com\/wp-content\/uploads\/2020\/09\/cropped-favicon-damius-192x192.png 192w, https:\/\/2025.damius.com\/wp-content\/uploads\/2020\/09\/cropped-favicon-damius-180x180.png 180w, https:\/\/2025.damius.com\/wp-content\/uploads\/2020\/09\/cropped-favicon-damius-32x32.png 32w\" sizes=\"auto, (max-width: 512px) 100vw, 512px\" \/><\/figure><\/div>\n","protected":false},"excerpt":{"rendered":"<p>Laden Sie den Damius-Katalog hier herunter. Falls Sie eine gedruckte Version erhalten m\u00f6chten, kontaktieren Sie uns bitte oder geben Sie Ihre Postanschrift \u00fcber das Formular am Ende dieser Seite an. Ben\u00f6tigen Sie Beratung oder Informationen?Unsere Berater stehen Ihnen von Montag bis Freitag per E-Mail, Telefon oder Chat zur Verf\u00fcgung. Vertriebsabteilung \u2013 Montag bis Freitag, 9:00 [&hellip;]<\/p>\n","protected":false},"author":1,"featured_media":0,"parent":0,"menu_order":0,"comment_status":"closed","ping_status":"closed","template":"","meta":{"_acf_changed":false,"_eb_attr":"","footnotes":""},"class_list":["post-2274","page","type-page","status-publish","hentry"],"acf":[],"yoast_head":"<!-- This site is optimized with the Yoast SEO plugin v27.3 - https:\/\/yoast.com\/product\/yoast-seo-wordpress\/ -->\n<title>Kundenservice \u2013 Alle unsere Kontaktdaten - Damius<\/title>\n<meta name=\"robots\" content=\"noindex, follow, max-snippet:-1, max-image-preview:large, max-video-preview:-1\" \/>\n<meta property=\"og:locale\" content=\"de_DE\" \/>\n<meta property=\"og:type\" content=\"article\" \/>\n<meta property=\"og:title\" content=\"Kundenservice \u2013 Alle unsere Kontaktdaten - Damius\" \/>\n<meta property=\"og:description\" content=\"Laden Sie den Damius-Katalog hier herunter. Falls Sie eine gedruckte Version erhalten m\u00f6chten, kontaktieren Sie uns bitte oder geben Sie Ihre Postanschrift \u00fcber das Formular am Ende dieser Seite an. Ben\u00f6tigen Sie Beratung oder Informationen?Unsere Berater stehen Ihnen von Montag bis Freitag per E-Mail, Telefon oder Chat zur Verf\u00fcgung. Vertriebsabteilung \u2013 Montag bis Freitag, 9:00 [&hellip;]\" \/>\n<meta property=\"og:url\" content=\"https:\/\/2025.damius.com\/de\/kundenservice-alle-unsere-kontaktdaten\/\" \/>\n<meta property=\"og:site_name\" content=\"Damius\" \/>\n<meta property=\"article:modified_time\" content=\"2026-02-06T09:41:34+00:00\" \/>\n<meta property=\"og:image\" content=\"https:\/\/2025.damius.com\/wp-content\/uploads\/2026\/02\/Aper_u-catalogue-tricycle-adulte-damius.jpg\" \/>\n\t<meta property=\"og:image:width\" content=\"590\" \/>\n\t<meta property=\"og:image:height\" content=\"786\" \/>\n\t<meta property=\"og:image:type\" content=\"image\/jpeg\" \/>\n<meta name=\"twitter:card\" content=\"summary_large_image\" \/>\n<meta name=\"twitter:label1\" content=\"Gesch\u00e4tzte Lesezeit\" \/>\n\t<meta name=\"twitter:data1\" content=\"1\u00a0Minute\" \/>\n<script type=\"application\/ld+json\" class=\"yoast-schema-graph\">{\"@context\":\"https:\\\/\\\/schema.org\",\"@graph\":[{\"@type\":\"WebPage\",\"@id\":\"https:\\\/\\\/2025.damius.com\\\/de\\\/kundenservice-alle-unsere-kontaktdaten\\\/\",\"url\":\"https:\\\/\\\/2025.damius.com\\\/de\\\/kundenservice-alle-unsere-kontaktdaten\\\/\",\"name\":\"Kundenservice \u2013 Alle unsere Kontaktdaten - Damius\",\"isPartOf\":{\"@id\":\"https:\\\/\\\/2025.damius.com\\\/#website\"},\"primaryImageOfPage\":{\"@id\":\"https:\\\/\\\/2025.damius.com\\\/de\\\/kundenservice-alle-unsere-kontaktdaten\\\/#primaryimage\"},\"image\":{\"@id\":\"https:\\\/\\\/2025.damius.com\\\/de\\\/kundenservice-alle-unsere-kontaktdaten\\\/#primaryimage\"},\"thumbnailUrl\":\"https:\\\/\\\/2025.damius.com\\\/wp-content\\\/uploads\\\/2026\\\/02\\\/Aper_u-catalogue-tricycle-adulte-damius.jpg\",\"datePublished\":\"2026-02-06T09:41:33+00:00\",\"dateModified\":\"2026-02-06T09:41:34+00:00\",\"breadcrumb\":{\"@id\":\"https:\\\/\\\/2025.damius.com\\\/de\\\/kundenservice-alle-unsere-kontaktdaten\\\/#breadcrumb\"},\"inLanguage\":\"de\",\"potentialAction\":[{\"@type\":\"ReadAction\",\"target\":[\"https:\\\/\\\/2025.damius.com\\\/de\\\/kundenservice-alle-unsere-kontaktdaten\\\/\"]}]},{\"@type\":\"ImageObject\",\"inLanguage\":\"de\",\"@id\":\"https:\\\/\\\/2025.damius.com\\\/de\\\/kundenservice-alle-unsere-kontaktdaten\\\/#primaryimage\",\"url\":\"https:\\\/\\\/2025.damius.com\\\/wp-content\\\/uploads\\\/2026\\\/02\\\/Aper_u-catalogue-tricycle-adulte-damius.jpg\",\"contentUrl\":\"https:\\\/\\\/2025.damius.com\\\/wp-content\\\/uploads\\\/2026\\\/02\\\/Aper_u-catalogue-tricycle-adulte-damius.jpg\"},{\"@type\":\"BreadcrumbList\",\"@id\":\"https:\\\/\\\/2025.damius.com\\\/de\\\/kundenservice-alle-unsere-kontaktdaten\\\/#breadcrumb\",\"itemListElement\":[{\"@type\":\"ListItem\",\"position\":1,\"name\":\"Accueil\",\"item\":\"https:\\\/\\\/2025.damius.com\\\/de\\\/haus\\\/\"},{\"@type\":\"ListItem\",\"position\":2,\"name\":\"Kundenservice \u2013 Alle unsere Kontaktdaten\"}]},{\"@type\":\"WebSite\",\"@id\":\"https:\\\/\\\/2025.damius.com\\\/#website\",\"url\":\"https:\\\/\\\/2025.damius.com\\\/\",\"name\":\"Damius\",\"description\":\"\",\"publisher\":{\"@id\":\"https:\\\/\\\/2025.damius.com\\\/#organization\"},\"potentialAction\":[{\"@type\":\"SearchAction\",\"target\":{\"@type\":\"EntryPoint\",\"urlTemplate\":\"https:\\\/\\\/2025.damius.com\\\/?s={search_term_string}\"},\"query-input\":{\"@type\":\"PropertyValueSpecification\",\"valueRequired\":true,\"valueName\":\"search_term_string\"}}],\"inLanguage\":\"de\"},{\"@type\":\"Organization\",\"@id\":\"https:\\\/\\\/2025.damius.com\\\/#organization\",\"name\":\"Damius\",\"url\":\"https:\\\/\\\/2025.damius.com\\\/\",\"logo\":{\"@type\":\"ImageObject\",\"inLanguage\":\"de\",\"@id\":\"https:\\\/\\\/2025.damius.com\\\/#\\\/schema\\\/logo\\\/image\\\/\",\"url\":\"https:\\\/\\\/2025.damius.com\\\/wp-content\\\/uploads\\\/2022\\\/01\\\/Logo_Damius-1.jpg\",\"contentUrl\":\"https:\\\/\\\/2025.damius.com\\\/wp-content\\\/uploads\\\/2022\\\/01\\\/Logo_Damius-1.jpg\",\"width\":616,\"height\":143,\"caption\":\"Damius\"},\"image\":{\"@id\":\"https:\\\/\\\/2025.damius.com\\\/#\\\/schema\\\/logo\\\/image\\\/\"}}]}<\/script>\n<!-- \/ Yoast SEO plugin. -->","yoast_head_json":{"title":"Kundenservice \u2013 Alle unsere Kontaktdaten - Damius","robots":{"index":"noindex","follow":"follow","max-snippet":"max-snippet:-1","max-image-preview":"max-image-preview:large","max-video-preview":"max-video-preview:-1"},"og_locale":"de_DE","og_type":"article","og_title":"Kundenservice \u2013 Alle unsere Kontaktdaten - Damius","og_description":"Laden Sie den Damius-Katalog hier herunter. Falls Sie eine gedruckte Version erhalten m\u00f6chten, kontaktieren Sie uns bitte oder geben Sie Ihre Postanschrift \u00fcber das Formular am Ende dieser Seite an. Ben\u00f6tigen Sie Beratung oder Informationen?Unsere Berater stehen Ihnen von Montag bis Freitag per E-Mail, Telefon oder Chat zur Verf\u00fcgung. Vertriebsabteilung \u2013 Montag bis Freitag, 9:00 [&hellip;]","og_url":"https:\/\/2025.damius.com\/de\/kundenservice-alle-unsere-kontaktdaten\/","og_site_name":"Damius","article_modified_time":"2026-02-06T09:41:34+00:00","og_image":[{"width":590,"height":786,"url":"https:\/\/2025.damius.com\/wp-content\/uploads\/2026\/02\/Aper_u-catalogue-tricycle-adulte-damius.jpg","type":"image\/jpeg"}],"twitter_card":"summary_large_image","twitter_misc":{"Gesch\u00e4tzte Lesezeit":"1\u00a0Minute"},"schema":{"@context":"https:\/\/schema.org","@graph":[{"@type":"WebPage","@id":"https:\/\/2025.damius.com\/de\/kundenservice-alle-unsere-kontaktdaten\/","url":"https:\/\/2025.damius.com\/de\/kundenservice-alle-unsere-kontaktdaten\/","name":"Kundenservice \u2013 Alle unsere Kontaktdaten - Damius","isPartOf":{"@id":"https:\/\/2025.damius.com\/#website"},"primaryImageOfPage":{"@id":"https:\/\/2025.damius.com\/de\/kundenservice-alle-unsere-kontaktdaten\/#primaryimage"},"image":{"@id":"https:\/\/2025.damius.com\/de\/kundenservice-alle-unsere-kontaktdaten\/#primaryimage"},"thumbnailUrl":"https:\/\/2025.damius.com\/wp-content\/uploads\/2026\/02\/Aper_u-catalogue-tricycle-adulte-damius.jpg","datePublished":"2026-02-06T09:41:33+00:00","dateModified":"2026-02-06T09:41:34+00:00","breadcrumb":{"@id":"https:\/\/2025.damius.com\/de\/kundenservice-alle-unsere-kontaktdaten\/#breadcrumb"},"inLanguage":"de","potentialAction":[{"@type":"ReadAction","target":["https:\/\/2025.damius.com\/de\/kundenservice-alle-unsere-kontaktdaten\/"]}]},{"@type":"ImageObject","inLanguage":"de","@id":"https:\/\/2025.damius.com\/de\/kundenservice-alle-unsere-kontaktdaten\/#primaryimage","url":"https:\/\/2025.damius.com\/wp-content\/uploads\/2026\/02\/Aper_u-catalogue-tricycle-adulte-damius.jpg","contentUrl":"https:\/\/2025.damius.com\/wp-content\/uploads\/2026\/02\/Aper_u-catalogue-tricycle-adulte-damius.jpg"},{"@type":"BreadcrumbList","@id":"https:\/\/2025.damius.com\/de\/kundenservice-alle-unsere-kontaktdaten\/#breadcrumb","itemListElement":[{"@type":"ListItem","position":1,"name":"Accueil","item":"https:\/\/2025.damius.com\/de\/haus\/"},{"@type":"ListItem","position":2,"name":"Kundenservice \u2013 Alle unsere Kontaktdaten"}]},{"@type":"WebSite","@id":"https:\/\/2025.damius.com\/#website","url":"https:\/\/2025.damius.com\/","name":"Damius","description":"","publisher":{"@id":"https:\/\/2025.damius.com\/#organization"},"potentialAction":[{"@type":"SearchAction","target":{"@type":"EntryPoint","urlTemplate":"https:\/\/2025.damius.com\/?s={search_term_string}"},"query-input":{"@type":"PropertyValueSpecification","valueRequired":true,"valueName":"search_term_string"}}],"inLanguage":"de"},{"@type":"Organization","@id":"https:\/\/2025.damius.com\/#organization","name":"Damius","url":"https:\/\/2025.damius.com\/","logo":{"@type":"ImageObject","inLanguage":"de","@id":"https:\/\/2025.damius.com\/#\/schema\/logo\/image\/","url":"https:\/\/2025.damius.com\/wp-content\/uploads\/2022\/01\/Logo_Damius-1.jpg","contentUrl":"https:\/\/2025.damius.com\/wp-content\/uploads\/2022\/01\/Logo_Damius-1.jpg","width":616,"height":143,"caption":"Damius"},"image":{"@id":"https:\/\/2025.damius.com\/#\/schema\/logo\/image\/"}}]}},"featured_image_src":null,"featured_image_src_square":null,"_links":{"self":[{"href":"https:\/\/2025.damius.com\/de\/wp-json\/wp\/v2\/pages\/2274","targetHints":{"allow":["GET"]}}],"collection":[{"href":"https:\/\/2025.damius.com\/de\/wp-json\/wp\/v2\/pages"}],"about":[{"href":"https:\/\/2025.damius.com\/de\/wp-json\/wp\/v2\/types\/page"}],"author":[{"embeddable":true,"href":"https:\/\/2025.damius.com\/de\/wp-json\/wp\/v2\/users\/1"}],"replies":[{"embeddable":true,"href":"https:\/\/2025.damius.com\/de\/wp-json\/wp\/v2\/comments?post=2274"}],"version-history":[{"count":2,"href":"https:\/\/2025.damius.com\/de\/wp-json\/wp\/v2\/pages\/2274\/revisions"}],"predecessor-version":[{"id":2277,"href":"https:\/\/2025.damius.com\/de\/wp-json\/wp\/v2\/pages\/2274\/revisions\/2277"}],"wp:attachment":[{"href":"https:\/\/2025.damius.com\/de\/wp-json\/wp\/v2\/media?parent=2274"}],"curies":[{"name":"wp","href":"https:\/\/api.w.org\/{rel}","templated":true}]}}