{"id":2336,"date":"2026-02-09T10:30:37","date_gmt":"2026-02-09T09:30:37","guid":{"rendered":"https:\/\/2025.damius.com\/alle-informationen-die-sie-fuer-einen-sicheren-kauf-benoetigen\/"},"modified":"2026-02-09T12:06:46","modified_gmt":"2026-02-09T11:06:46","slug":"alle-informationen-die-sie-fuer-einen-sicheren-kauf-benoetigen","status":"publish","type":"page","link":"https:\/\/2025.damius.com\/de\/alle-informationen-die-sie-fuer-einen-sicheren-kauf-benoetigen\/","title":{"rendered":"Alle Informationen, die Sie f\u00fcr einen sicheren Kauf ben\u00f6tigen!"},"content":{"rendered":"\n<div class=\"wp-block-essential-blocks-flex-container eb-flex-container-block root-eb-flex-container-5mr0u\"><div class=\"eb-parent-wrapper eb-parent-flex-container eb-parent-eb-flex-container-5mr0u \"><div class=\"eb-flex-container eb-flex-container-5mr0u\"><div class=\"eb-flex-container-inner\">\n<div class=\"wp-block-media-text alignwide is-stacked-on-mobile\" style=\"grid-template-columns:17% auto\"><figure class=\"wp-block-media-text__media\"><img loading=\"lazy\" decoding=\"async\" width=\"1024\" height=\"726\" src=\"https:\/\/2025.damius.com\/wp-content\/uploads\/2026\/02\/bicycode_1-1024x726.jpg\" alt=\"\" class=\"wp-image-1554 size-full\" srcset=\"https:\/\/2025.damius.com\/wp-content\/uploads\/2026\/02\/bicycode_1-1024x726.jpg 1024w, https:\/\/2025.damius.com\/wp-content\/uploads\/2026\/02\/bicycode_1-300x213.jpg 300w, https:\/\/2025.damius.com\/wp-content\/uploads\/2026\/02\/bicycode_1-768x545.jpg 768w, https:\/\/2025.damius.com\/wp-content\/uploads\/2026\/02\/bicycode_1-1200x851.jpg 1200w, https:\/\/2025.damius.com\/wp-content\/uploads\/2026\/02\/bicycode_1-600x426.jpg 600w, https:\/\/2025.damius.com\/wp-content\/uploads\/2026\/02\/bicycode_1.jpg 1280w\" sizes=\"auto, (max-width: 1024px) 100vw, 1024px\" \/><\/figure><div class=\"wp-block-media-text__content\">\n<p><strong><a href=\"https:\/\/2025.damius.com\/de\/was-ist-die-bicycode-kennzeichnung\/\" id=\"582\">Die BICYCODE\u00ae-Kennzeichnung bieten wir allen unseren Kunden kostenlos an!<\/a><\/strong><\/p>\n\n\n\n<p>BICYCODE\u00ae ist das einzige von der franz\u00f6sischen Regierung anerkannte System zur Bek\u00e4mpfung von Fahrraddiebstahl und zum Umgang mit Hehlerware. Es wird vom Umweltministerium und dem Innenministerium unterst\u00fctzt. <\/p>\n\n\n\n<p>Unser Unternehmen ist als offizieller Betreiber zugelassen, daher gravieren wir unsere Dreir\u00e4der selbst, bevor wir sie an ihre Besitzer ausliefern.<\/p>\n\n\n\n<p>Ziel dieses Systems ist es, im Falle eines Diebstahls die R\u00fcckgabe eines gestohlenen Dreirads an seinen Besitzer durch die Polizei\/Gendarmerie zu erm\u00f6glichen und so den Empfang und den illegalen Weiterverkauf zu bek\u00e4mpfen.<\/p>\n\n\n\n<p class=\"has-text-color\" style=\"color:#ff6600\"><a href=\"https:\/\/2025.damius.com\/de\/was-ist-die-bicycode-kennzeichnung\/\" id=\"582\"><strong>KLICKEN SIE HIER, UM MEHR ZU ERFAHREN!<\/strong><\/a><\/p>\n<\/div><\/div>\n<\/div><\/div><\/div><\/div>\n\n<div class=\"wp-block-essential-blocks-flex-container eb-flex-container-block root-eb-flex-container-faht8\"><div class=\"eb-parent-wrapper eb-parent-flex-container eb-parent-eb-flex-container-faht8 \"><div class=\"eb-flex-container eb-flex-container-faht8\"><div class=\"eb-flex-container-inner\">\n<div class=\"wp-block-media-text alignwide is-stacked-on-mobile\" style=\"grid-template-columns:17% auto\"><figure class=\"wp-block-media-text__media\"><img loading=\"lazy\" decoding=\"async\" width=\"210\" height=\"200\" src=\"https:\/\/2025.damius.com\/wp-content\/uploads\/2022\/01\/picto_sav.png\" alt=\"\" class=\"wp-image-783 size-full\" \/><\/figure><div class=\"wp-block-media-text__content\">\n<p><strong><a href=\"https:\/\/2025.damius.com\/de\/garantie-und-kundendienst\/\" id=\"584\">Garantie und Kundendienst<\/a><\/strong><\/p>\n\n\n\n<ul class=\"wp-block-list\">\n<li>Lange Garantiezeiten, vergleichbar mit denen der gr\u00f6\u00dften Hersteller, beispiellos f\u00fcr ein Dreirad<\/li>\n\n\n\n<li>Ein Dreirad, das auf Zuverl\u00e4ssigkeit, geringen Wartungsaufwand und einfache Reparatur ausgelegt ist.<\/li>\n\n\n\n<li>F\u00fcr den Fall eines Kundendienstes haben wir alles bestens vorbereitet!<\/li>\n<\/ul>\n\n\n\n<p class=\"has-text-color\" style=\"color:#ff6600\"><a href=\"https:\/\/2025.damius.com\/de\/garantie-und-kundendienst\/\" id=\"584\"><strong>KLICKEN SIE HIER, UM MEHR ZU ERFAHREN!<\/strong><\/a><\/p>\n<\/div><\/div>\n<\/div><\/div><\/div><\/div>\n\n<div class=\"wp-block-essential-blocks-flex-container eb-flex-container-block root-eb-flex-container-o2bhf\"><div class=\"eb-parent-wrapper eb-parent-flex-container eb-parent-eb-flex-container-o2bhf \"><div class=\"eb-flex-container eb-flex-container-o2bhf\"><div class=\"eb-flex-container-inner\">\n<div class=\"wp-block-media-text alignwide is-stacked-on-mobile\" style=\"grid-template-columns:17% auto\"><figure class=\"wp-block-media-text__media\"><img loading=\"lazy\" decoding=\"async\" width=\"400\" height=\"400\" src=\"https:\/\/2025.damius.com\/wp-content\/uploads\/2022\/01\/logo-avis-verifies.jpg\" alt=\"\" class=\"wp-image-779 size-full\" srcset=\"https:\/\/2025.damius.com\/wp-content\/uploads\/2022\/01\/logo-avis-verifies.jpg 400w, https:\/\/2025.damius.com\/wp-content\/uploads\/2022\/01\/logo-avis-verifies-50x50.jpg 50w, https:\/\/2025.damius.com\/wp-content\/uploads\/2022\/01\/logo-avis-verifies-100x100.jpg 100w, https:\/\/2025.damius.com\/wp-content\/uploads\/2022\/01\/logo-avis-verifies-150x150.jpg 150w, https:\/\/2025.damius.com\/wp-content\/uploads\/2022\/01\/logo-avis-verifies-300x300.jpg 300w\" sizes=\"auto, (max-width: 400px) 100vw, 400px\" \/><\/figure><div class=\"wp-block-media-text__content\">\n<p><strong><a href=\"http:\/\/www.avis-verifies.com\/avis-clients\/damius.com\">Kundenstimmen \u2013 unsere gr\u00f6\u00dfte Belohnung<\/a><\/strong><\/p>\n\n\n\n<ul class=\"wp-block-list\">\n<li>Seit 2012 sind wir Mitglied der unabh\u00e4ngigen Organisation Avis-V\u00e9rifi\u00e9s, die Kundenbewertungen nach dem Kauf sammelt.<\/li>\n\n\n\n<li>Wir haben keinen Zugriff auf diese Rezensionen, die alle ver\u00f6ffentlicht werden, egal ob positiv oder negativ.<\/li>\n\n\n\n<li>Wir wollen absolute Transparenz und die Zufriedenheit all unserer Kunden.<\/li>\n\n\n\n<li>Wir legen besonderen Wert auf die ge\u00e4u\u00dferten Meinungen.<\/li>\n\n\n\n<li>Rezensionen zu unseren Dreirad-Produktseiten finden Sie im Reiter \u201eKundenmeinungen\u201c.<\/li>\n<\/ul>\n\n\n\n<p class=\"has-text-color\" style=\"color:#ff6600\"><strong><a href=\"http:\/\/www.avis-verifies.com\/avis-clients\/damius.com\" target=\"_blank\" rel=\"noreferrer noopener\">ALLE KUNDENBEWERTUNGEN<strong> <\/strong>ANSEHEN!<\/a><\/strong><\/p>\n<\/div><\/div>\n<\/div><\/div><\/div><\/div>\n\n<div class=\"wp-block-essential-blocks-flex-container eb-flex-container-block root-eb-flex-container-9n6lk\"><div class=\"eb-parent-wrapper eb-parent-flex-container eb-parent-eb-flex-container-9n6lk \"><div class=\"eb-flex-container eb-flex-container-9n6lk\"><div class=\"eb-flex-container-inner\">\n<div class=\"wp-block-essential-blocks-flex-container eb-flex-container-block root-eb-flex-container-89gsj\"><div class=\"eb-parent-wrapper eb-parent-flex-container eb-parent-eb-flex-container-89gsj \"><div class=\"eb-flex-container eb-flex-container-89gsj\"><div class=\"eb-flex-container-inner\">\n<p class=\"has-text-align-left\"><a href=\"https:\/\/2025.damius.com\/de\/ihr-individuell-gefertigtes-dreirad-fahrbereit-direkt-zu-ihnen-nach-hause-geliefert-fuer-nur-1-e\/\"><strong>Wie funktioniert der Lieferprozess?<\/strong><\/a><\/p>\n\n\n\n<ul class=\"wp-block-list\">\n<li>Unsere Dreir\u00e4der werden komplett montiert, gepr\u00fcft und sofort einsatzbereit geliefert.<\/li>\n\n\n\n<li>Lieferung innerhalb des franz\u00f6sischen Festlands f\u00fcr einen symbolischen Betrag von 1 \u20ac<\/li>\n\n\n\n<li>Eine Lieferung innerhalb der EU ist gegen Aufpreis m\u00f6glich.<\/li>\n\n\n\n<li>Sendungsverfolgung und Vereinbarung eines Liefertermins mit unserem Spediteur GEODIS<\/li>\n<\/ul>\n\n\n\n<p class=\"has-text-color\" style=\"color:#ff6600\"><a href=\"https:\/\/2025.damius.com\/de\/ihr-individuell-gefertigtes-dreirad-fahrbereit-direkt-zu-ihnen-nach-hause-geliefert-fuer-nur-1-e\/\"><strong>KLICKEN SIE HIER, UM MEHR ZU ERFAHREN!<\/strong><\/a><\/p>\n<\/div><\/div><\/div><\/div>\n\n\n\n<div class=\"wp-block-essential-blocks-flex-container eb-flex-container-block root-eb-flex-container-bw5od\"><div class=\"eb-parent-wrapper eb-parent-flex-container eb-parent-eb-flex-container-bw5od \"><div class=\"eb-flex-container eb-flex-container-bw5od\"><div class=\"eb-flex-container-inner\">\n<p><a href=\"https:\/\/2025.damius.com\/de\/so-bestellen-sie-auf-unserer-website\/\"><strong>So bestellen Sie<\/strong><\/a><\/p>\n\n\n\n<ul class=\"wp-block-list\">\n<li>Sie k\u00f6nnen direkt online auf unserer Website bestellen.<\/li>\n\n\n\n<li>Sie k\u00f6nnen auch per Telefon, E-Mail oder Post bestellen.<\/li>\n\n\n\n<li>Rufen Sie uns an, bevor Sie eine Bestellung aufgeben, um die richtige Wahl zu treffen.<\/li>\n<\/ul>\n\n\n\n<p class=\"has-text-color\" style=\"color:#ff6600\"><a href=\"https:\/\/2025.damius.com\/de\/so-bestellen-sie-auf-unserer-website\/\"><strong>KLICKEN SIE HIER, UM MEHR ZU ERFAHREN!<\/strong><\/a><\/p>\n<\/div><\/div><\/div><\/div>\n<\/div><\/div><\/div><\/div>\n\n<div class=\"wp-block-essential-blocks-flex-container eb-flex-container-block root-eb-flex-container-l97dj\"><div class=\"eb-parent-wrapper eb-parent-flex-container eb-parent-eb-flex-container-l97dj \"><div class=\"eb-flex-container eb-flex-container-l97dj\"><div class=\"eb-flex-container-inner\">\n<div class=\"wp-block-essential-blocks-flex-container eb-flex-container-block root-eb-flex-container-a8qg2\"><div class=\"eb-parent-wrapper eb-parent-flex-container eb-parent-eb-flex-container-a8qg2 \"><div class=\"eb-flex-container eb-flex-container-a8qg2\"><div class=\"eb-flex-container-inner\">\n<p><a href=\"https:\/\/2025.damius.com\/de\/verfuegbare-zahlungsmethoden\/\"><strong>Zahlungsmethoden \u2013 Sichere Zahlung<\/strong><\/a><\/p>\n\n\n\n<ul class=\"wp-block-list\">\n<li>Die Zahlung kann per Online-Kreditkarte, Scheck oder Bank\u00fcberweisung erfolgen.<\/li>\n\n\n\n<li>Einfacher Zahlungsplan mit bis zu 6 Raten ohne Geb\u00fchren<\/li>\n\n\n\n<li>Bei Online-Kreditkartenzahlungen ist die Zahlungsseite sicher.<\/li>\n\n\n\n<li>Der Online-Zahlungsservice wird von der Banque Populaire bereitgestellt.<\/li>\n<\/ul>\n\n\n\n<p class=\"has-text-color\" style=\"color:#ff6600\"><a href=\"https:\/\/2025.damius.com\/de\/verfuegbare-zahlungsmethoden\/\"><strong>KLICKEN SIE HIER, UM MEHR ZU ERFAHREN!<\/strong><\/a><\/p>\n<\/div><\/div><\/div><\/div>\n\n\n\n<div class=\"wp-block-essential-blocks-flex-container eb-flex-container-block root-eb-flex-container-nh6yt\"><div class=\"eb-parent-wrapper eb-parent-flex-container eb-parent-eb-flex-container-nh6yt \"><div class=\"eb-flex-container eb-flex-container-nh6yt\"><div class=\"eb-flex-container-inner\">\n<p><a href=\"https:\/\/2025.damius.com\/de\/haufig-gestellte-fragen\/\"><strong>H\u00e4ufig gestellte Fragen?<\/strong><\/a><\/p>\n\n\n\n<ul class=\"wp-block-list\">\n<li>Schau dir den Abschnitt an; dort findest du viele Antworten.<\/li>\n\n\n\n<li>Stellen Sie uns Ihre Fragen, wenn Sie hier keine Antwort finden.<\/li>\n<\/ul>\n\n\n\n<p class=\"has-text-color\" style=\"color:#ff6600\"><a href=\"https:\/\/2025.damius.com\/de\/haufig-gestellte-fragen\/\"><strong>ZUGRIFF AUF DEN ABSCHNITT<\/strong><\/a><\/p>\n<\/div><\/div><\/div><\/div>\n<\/div><\/div><\/div><\/div>\n\n<div class=\"wp-block-essential-blocks-flex-container eb-flex-container-block root-eb-flex-container-adpqq\"><div class=\"eb-parent-wrapper eb-parent-flex-container eb-parent-eb-flex-container-adpqq \"><div class=\"eb-flex-container eb-flex-container-adpqq\"><div class=\"eb-flex-container-inner\">\n<div class=\"wp-block-media-text alignwide is-stacked-on-mobile\" style=\"grid-template-columns:17% auto\"><figure class=\"wp-block-media-text__media\"><img loading=\"lazy\" decoding=\"async\" width=\"388\" height=\"373\" src=\"https:\/\/2025.damius.com\/wp-content\/uploads\/2022\/01\/picto-tel.png\" alt=\"\" class=\"wp-image-775 size-full\" srcset=\"https:\/\/2025.damius.com\/wp-content\/uploads\/2022\/01\/picto-tel.png 388w, https:\/\/2025.damius.com\/wp-content\/uploads\/2022\/01\/picto-tel-300x288.png 300w\" sizes=\"auto, (max-width: 388px) 100vw, 388px\" \/><\/figure><div class=\"wp-block-media-text__content\">\n<p><strong><a href=\"https:\/\/2025.damius.com\/de\/kundenservice-alle-unsere-kontaktdaten\/\">Wie kann ich mit uns Kontakt aufnehmen?<\/a><\/strong><\/p>\n\n\n\n<ul class=\"wp-block-list\">\n<li>Telefonisch erreichbar unter 04 90 59 49 10 (aus dem Ausland +33 490 594 910) von Montag bis Freitag, von 9:00 bis 12:30 Uhr und von 14:00 bis 17:30 Uhr.<\/li>\n\n\n\n<li>Per E-Mail an <a href=\"mailto:info@damius.com\">info@damius.com<\/a><\/li>\n\n\n\n<li>Nutzen Sie unseren Online-Chat (unten rechts auf Ihrem Bildschirm), um live mit uns zu chatten.<\/li>\n\n\n\n<li>Per Post: DAMIUS \/ 33 avenue du Royaume-Uni \/ ZI les Moli\u00e8res \/ 13140 MIRAMAS<\/li>\n\n\n\n<li>\u00dcber unser Kontaktformular auf der Kontaktseite<\/li>\n<\/ul>\n\n\n\n<p class=\"has-text-color\" style=\"color:#ff6600\"><strong><a href=\"https:\/\/2025.damius.com\/de\/kundenservice-alle-unsere-kontaktdaten\/\">GEHE ZUR KONTAKTSEITE!<\/a><\/strong><\/p>\n<\/div><\/div>\n<\/div><\/div><\/div><\/div>\n","protected":false},"excerpt":{"rendered":"","protected":false},"author":1,"featured_media":0,"parent":0,"menu_order":0,"comment_status":"closed","ping_status":"closed","template":"","meta":{"_acf_changed":false,"_eb_attr":"","footnotes":""},"class_list":["post-2336","page","type-page","status-publish","hentry"],"acf":[],"yoast_head":"<!-- This site is optimized with the Yoast SEO plugin v27.3 - https:\/\/yoast.com\/product\/yoast-seo-wordpress\/ -->\n<title>Alle Informationen, die Sie f\u00fcr einen sicheren Kauf ben\u00f6tigen! - Damius<\/title>\n<meta name=\"robots\" content=\"noindex, follow, max-snippet:-1, max-image-preview:large, max-video-preview:-1\" \/>\n<meta property=\"og:locale\" content=\"de_DE\" \/>\n<meta property=\"og:type\" content=\"article\" \/>\n<meta property=\"og:title\" content=\"Alle Informationen, die Sie f\u00fcr einen sicheren Kauf ben\u00f6tigen! - Damius\" \/>\n<meta property=\"og:url\" content=\"https:\/\/2025.damius.com\/de\/alle-informationen-die-sie-fuer-einen-sicheren-kauf-benoetigen\/\" \/>\n<meta property=\"og:site_name\" content=\"Damius\" \/>\n<meta property=\"article:modified_time\" content=\"2026-02-09T11:06:46+00:00\" \/>\n<meta property=\"og:image\" content=\"https:\/\/2025.damius.com\/wp-content\/uploads\/2026\/02\/bicycode_1.jpg\" \/>\n\t<meta property=\"og:image:width\" content=\"1280\" \/>\n\t<meta property=\"og:image:height\" content=\"908\" \/>\n\t<meta property=\"og:image:type\" content=\"image\/jpeg\" \/>\n<meta name=\"twitter:card\" content=\"summary_large_image\" \/>\n<meta name=\"twitter:label1\" content=\"Gesch\u00e4tzte Lesezeit\" \/>\n\t<meta name=\"twitter:data1\" content=\"2\u00a0Minuten\" \/>\n<script type=\"application\/ld+json\" class=\"yoast-schema-graph\">{\"@context\":\"https:\\\/\\\/schema.org\",\"@graph\":[{\"@type\":\"WebPage\",\"@id\":\"https:\\\/\\\/2025.damius.com\\\/de\\\/alle-informationen-die-sie-fuer-einen-sicheren-kauf-benoetigen\\\/\",\"url\":\"https:\\\/\\\/2025.damius.com\\\/de\\\/alle-informationen-die-sie-fuer-einen-sicheren-kauf-benoetigen\\\/\",\"name\":\"Alle Informationen, die Sie f\u00fcr einen sicheren Kauf ben\u00f6tigen! - Damius\",\"isPartOf\":{\"@id\":\"https:\\\/\\\/2025.damius.com\\\/#website\"},\"primaryImageOfPage\":{\"@id\":\"https:\\\/\\\/2025.damius.com\\\/de\\\/alle-informationen-die-sie-fuer-einen-sicheren-kauf-benoetigen\\\/#primaryimage\"},\"image\":{\"@id\":\"https:\\\/\\\/2025.damius.com\\\/de\\\/alle-informationen-die-sie-fuer-einen-sicheren-kauf-benoetigen\\\/#primaryimage\"},\"thumbnailUrl\":\"https:\\\/\\\/2025.damius.com\\\/wp-content\\\/uploads\\\/2026\\\/02\\\/bicycode_1-1024x726.jpg\",\"datePublished\":\"2026-02-09T09:30:37+00:00\",\"dateModified\":\"2026-02-09T11:06:46+00:00\",\"breadcrumb\":{\"@id\":\"https:\\\/\\\/2025.damius.com\\\/de\\\/alle-informationen-die-sie-fuer-einen-sicheren-kauf-benoetigen\\\/#breadcrumb\"},\"inLanguage\":\"de\",\"potentialAction\":[{\"@type\":\"ReadAction\",\"target\":[\"https:\\\/\\\/2025.damius.com\\\/de\\\/alle-informationen-die-sie-fuer-einen-sicheren-kauf-benoetigen\\\/\"]}]},{\"@type\":\"ImageObject\",\"inLanguage\":\"de\",\"@id\":\"https:\\\/\\\/2025.damius.com\\\/de\\\/alle-informationen-die-sie-fuer-einen-sicheren-kauf-benoetigen\\\/#primaryimage\",\"url\":\"https:\\\/\\\/2025.damius.com\\\/wp-content\\\/uploads\\\/2026\\\/02\\\/bicycode_1-1024x726.jpg\",\"contentUrl\":\"https:\\\/\\\/2025.damius.com\\\/wp-content\\\/uploads\\\/2026\\\/02\\\/bicycode_1-1024x726.jpg\"},{\"@type\":\"BreadcrumbList\",\"@id\":\"https:\\\/\\\/2025.damius.com\\\/de\\\/alle-informationen-die-sie-fuer-einen-sicheren-kauf-benoetigen\\\/#breadcrumb\",\"itemListElement\":[{\"@type\":\"ListItem\",\"position\":1,\"name\":\"Accueil\",\"item\":\"https:\\\/\\\/2025.damius.com\\\/de\\\/haus\\\/\"},{\"@type\":\"ListItem\",\"position\":2,\"name\":\"Alle Informationen, die Sie f\u00fcr einen sicheren Kauf ben\u00f6tigen!\"}]},{\"@type\":\"WebSite\",\"@id\":\"https:\\\/\\\/2025.damius.com\\\/#website\",\"url\":\"https:\\\/\\\/2025.damius.com\\\/\",\"name\":\"Damius\",\"description\":\"\",\"publisher\":{\"@id\":\"https:\\\/\\\/2025.damius.com\\\/#organization\"},\"potentialAction\":[{\"@type\":\"SearchAction\",\"target\":{\"@type\":\"EntryPoint\",\"urlTemplate\":\"https:\\\/\\\/2025.damius.com\\\/?s={search_term_string}\"},\"query-input\":{\"@type\":\"PropertyValueSpecification\",\"valueRequired\":true,\"valueName\":\"search_term_string\"}}],\"inLanguage\":\"de\"},{\"@type\":\"Organization\",\"@id\":\"https:\\\/\\\/2025.damius.com\\\/#organization\",\"name\":\"Damius\",\"url\":\"https:\\\/\\\/2025.damius.com\\\/\",\"logo\":{\"@type\":\"ImageObject\",\"inLanguage\":\"de\",\"@id\":\"https:\\\/\\\/2025.damius.com\\\/#\\\/schema\\\/logo\\\/image\\\/\",\"url\":\"https:\\\/\\\/2025.damius.com\\\/wp-content\\\/uploads\\\/2022\\\/01\\\/Logo_Damius-1.jpg\",\"contentUrl\":\"https:\\\/\\\/2025.damius.com\\\/wp-content\\\/uploads\\\/2022\\\/01\\\/Logo_Damius-1.jpg\",\"width\":616,\"height\":143,\"caption\":\"Damius\"},\"image\":{\"@id\":\"https:\\\/\\\/2025.damius.com\\\/#\\\/schema\\\/logo\\\/image\\\/\"}}]}<\/script>\n<!-- \/ Yoast SEO plugin. -->","yoast_head_json":{"title":"Alle Informationen, die Sie f\u00fcr einen sicheren Kauf ben\u00f6tigen! - Damius","robots":{"index":"noindex","follow":"follow","max-snippet":"max-snippet:-1","max-image-preview":"max-image-preview:large","max-video-preview":"max-video-preview:-1"},"og_locale":"de_DE","og_type":"article","og_title":"Alle Informationen, die Sie f\u00fcr einen sicheren Kauf ben\u00f6tigen! - Damius","og_url":"https:\/\/2025.damius.com\/de\/alle-informationen-die-sie-fuer-einen-sicheren-kauf-benoetigen\/","og_site_name":"Damius","article_modified_time":"2026-02-09T11:06:46+00:00","og_image":[{"width":1280,"height":908,"url":"https:\/\/2025.damius.com\/wp-content\/uploads\/2026\/02\/bicycode_1.jpg","type":"image\/jpeg"}],"twitter_card":"summary_large_image","twitter_misc":{"Gesch\u00e4tzte Lesezeit":"2\u00a0Minuten"},"schema":{"@context":"https:\/\/schema.org","@graph":[{"@type":"WebPage","@id":"https:\/\/2025.damius.com\/de\/alle-informationen-die-sie-fuer-einen-sicheren-kauf-benoetigen\/","url":"https:\/\/2025.damius.com\/de\/alle-informationen-die-sie-fuer-einen-sicheren-kauf-benoetigen\/","name":"Alle Informationen, die Sie f\u00fcr einen sicheren Kauf ben\u00f6tigen! - Damius","isPartOf":{"@id":"https:\/\/2025.damius.com\/#website"},"primaryImageOfPage":{"@id":"https:\/\/2025.damius.com\/de\/alle-informationen-die-sie-fuer-einen-sicheren-kauf-benoetigen\/#primaryimage"},"image":{"@id":"https:\/\/2025.damius.com\/de\/alle-informationen-die-sie-fuer-einen-sicheren-kauf-benoetigen\/#primaryimage"},"thumbnailUrl":"https:\/\/2025.damius.com\/wp-content\/uploads\/2026\/02\/bicycode_1-1024x726.jpg","datePublished":"2026-02-09T09:30:37+00:00","dateModified":"2026-02-09T11:06:46+00:00","breadcrumb":{"@id":"https:\/\/2025.damius.com\/de\/alle-informationen-die-sie-fuer-einen-sicheren-kauf-benoetigen\/#breadcrumb"},"inLanguage":"de","potentialAction":[{"@type":"ReadAction","target":["https:\/\/2025.damius.com\/de\/alle-informationen-die-sie-fuer-einen-sicheren-kauf-benoetigen\/"]}]},{"@type":"ImageObject","inLanguage":"de","@id":"https:\/\/2025.damius.com\/de\/alle-informationen-die-sie-fuer-einen-sicheren-kauf-benoetigen\/#primaryimage","url":"https:\/\/2025.damius.com\/wp-content\/uploads\/2026\/02\/bicycode_1-1024x726.jpg","contentUrl":"https:\/\/2025.damius.com\/wp-content\/uploads\/2026\/02\/bicycode_1-1024x726.jpg"},{"@type":"BreadcrumbList","@id":"https:\/\/2025.damius.com\/de\/alle-informationen-die-sie-fuer-einen-sicheren-kauf-benoetigen\/#breadcrumb","itemListElement":[{"@type":"ListItem","position":1,"name":"Accueil","item":"https:\/\/2025.damius.com\/de\/haus\/"},{"@type":"ListItem","position":2,"name":"Alle Informationen, die Sie f\u00fcr einen sicheren Kauf ben\u00f6tigen!"}]},{"@type":"WebSite","@id":"https:\/\/2025.damius.com\/#website","url":"https:\/\/2025.damius.com\/","name":"Damius","description":"","publisher":{"@id":"https:\/\/2025.damius.com\/#organization"},"potentialAction":[{"@type":"SearchAction","target":{"@type":"EntryPoint","urlTemplate":"https:\/\/2025.damius.com\/?s={search_term_string}"},"query-input":{"@type":"PropertyValueSpecification","valueRequired":true,"valueName":"search_term_string"}}],"inLanguage":"de"},{"@type":"Organization","@id":"https:\/\/2025.damius.com\/#organization","name":"Damius","url":"https:\/\/2025.damius.com\/","logo":{"@type":"ImageObject","inLanguage":"de","@id":"https:\/\/2025.damius.com\/#\/schema\/logo\/image\/","url":"https:\/\/2025.damius.com\/wp-content\/uploads\/2022\/01\/Logo_Damius-1.jpg","contentUrl":"https:\/\/2025.damius.com\/wp-content\/uploads\/2022\/01\/Logo_Damius-1.jpg","width":616,"height":143,"caption":"Damius"},"image":{"@id":"https:\/\/2025.damius.com\/#\/schema\/logo\/image\/"}}]}},"featured_image_src":null,"featured_image_src_square":null,"_links":{"self":[{"href":"https:\/\/2025.damius.com\/de\/wp-json\/wp\/v2\/pages\/2336","targetHints":{"allow":["GET"]}}],"collection":[{"href":"https:\/\/2025.damius.com\/de\/wp-json\/wp\/v2\/pages"}],"about":[{"href":"https:\/\/2025.damius.com\/de\/wp-json\/wp\/v2\/types\/page"}],"author":[{"embeddable":true,"href":"https:\/\/2025.damius.com\/de\/wp-json\/wp\/v2\/users\/1"}],"replies":[{"embeddable":true,"href":"https:\/\/2025.damius.com\/de\/wp-json\/wp\/v2\/comments?post=2336"}],"version-history":[{"count":3,"href":"https:\/\/2025.damius.com\/de\/wp-json\/wp\/v2\/pages\/2336\/revisions"}],"predecessor-version":[{"id":2361,"href":"https:\/\/2025.damius.com\/de\/wp-json\/wp\/v2\/pages\/2336\/revisions\/2361"}],"wp:attachment":[{"href":"https:\/\/2025.damius.com\/de\/wp-json\/wp\/v2\/media?parent=2336"}],"curies":[{"name":"wp","href":"https:\/\/api.w.org\/{rel}","templated":true}]}}