{"id":2358,"date":"2026-02-09T12:06:44","date_gmt":"2026-02-09T11:06:44","guid":{"rendered":"https:\/\/2025.damius.com\/haufig-gestellte-fragen\/"},"modified":"2026-02-09T12:06:46","modified_gmt":"2026-02-09T11:06:46","slug":"haufig-gestellte-fragen","status":"publish","type":"page","link":"https:\/\/2025.damius.com\/de\/haufig-gestellte-fragen\/","title":{"rendered":"Haufig gestellte fragen"},"content":{"rendered":"\n<p><strong><strong><span style=\"text-decoration: underline\">&gt;&gt; Wo k\u00f6nnen wir Ihre Dreir\u00e4der besichtigen und ausprobieren?<\/span><\/strong><\/strong><\/p>\n\n<p>Wir verstehen, dass viele von Ihnen Ihr Dreirad vor der Bestellung gerne ansehen oder ausprobieren m\u00f6chten.<br \/>Deshalb bieten wir Ihnen einen Heimtest-Service an! Alle Informationen dazu finden Sie hier: <a href=\"https:\/\/www.damius.com\/fr\/comment-essayer-nos-tricycles.html\">Wie kann ich es ausprobieren?<\/a> <\/p>\n\n<p>Selbstverst\u00e4ndlich k\u00f6nnen Sie uns auch besuchen, allerdings nur nach vorheriger Terminvereinbarung, von Montag bis Freitag unter folgender Adresse:<\/p>\n\n<p>DAMIUS<br \/>33 avenue du Royaume-Uni<br \/>ZI les Moli\u00e8res<br \/>13140 MIRAMAS &#8211; France<\/p>\n\n<p class=\"has-text-color has-link-color wp-elements-0d572adc9124cb4179b187d5042d26e9\" style=\"color:#ff0000\"><strong>Vereinbaren Sie telefonisch unter 04 90 59 49 10 (Option 1) oder per E-Mail an <a href=\"mailto:info@damius.com\">info@damius.com<\/a> einen Termin.<\/strong><\/p>\n\n<p>Sie k\u00f6nnen die neuesten Innovationen und spezielles Zubeh\u00f6r exklusiv besichtigen und auf Wunsch auch unsere Werkst\u00e4tten besuchen!<\/p>\n\n<p>Dar\u00fcber hinaus k\u00f6nnen Sie alle unsere Modelle testen, um das f\u00fcr Sie am besten geeignete Dreirad zu vergleichen und auszuw\u00e4hlen.<\/p>\n\n<p>Ein Mitarbeiter bereitet Ihr Dreirad vor und weist Sie bei der ersten Einrichtung ein, um Ihnen jeglichen Komfort und ein beruhigendes Gef\u00fchl zu gew\u00e4hrleisten.<\/p>\n\n<p><span style=\"color:#ff0004\" class=\"has-inline-color\"><strong>Wichtig:<\/strong> Probefahrten mit dem Dreirad sind nur nach vorheriger Terminvereinbarung m\u00f6glich. Um einen Termin zu vereinbaren, kontaktieren Sie uns telefonisch unter 04 90 59 49 10 <em>(Nummer zum Normaltarif &#8211; aus dem Ausland +33 490 594 910)<\/em>.<\/span><\/p>\n\n<div style=\"height:20px\" aria-hidden=\"true\" class=\"wp-block-spacer\"><\/div>\n\n<p><strong><span style=\"text-decoration: underline\">&gt;&gt; Wie kann ich eine Bestellung aufgeben?<\/span><\/strong><\/p>\n\n<p><strong>* Im Internet<\/strong><\/p>\n\n<p>Sie k\u00f6nnen rund um die Uhr direkt online auf unserer Website<strong> <\/strong><a href=\"https:\/\/www.damius.com\/fr\/\"><strong>www.damius.com<\/strong><\/a> bestellen.<\/p>\n\n<p>Es ist ganz einfach, folgen Sie einfach diesen 4 Schritten:<br \/>Schritt 1: W\u00e4hlen Sie Ihren Artikel aus.<br \/>Schritt 2: Legen Sie die gew\u00fcnschten Artikel in Ihren Warenkorb.<br \/>Schritt 3: Geben Sie Ihre Lieferadresse ein und w\u00e4hlen Sie eine Zahlungsmethode.<br \/>Schritt 4: \u00dcberpr\u00fcfen Sie die Angaben und best\u00e4tigen Sie.<\/p>\n\n<p><strong>* Telefonisch<\/strong><\/p>\n\n<p>04 90 59 49 10<strong> <\/strong><em>(Nicht-Premium-Tarifnummer &#8211; aus dem Ausland <em>+33 490 594 910<\/em>)<\/em><\/p>\n\n<p>Es ist einfach und benutzerfreundlich! Sie k\u00f6nnen telefonisch von Montag bis Freitag von 9:00 bis 12:30 Uhr und von 14:00 bis 17:30 Uhr bestellen. Unsere Berater helfen Ihnen gerne mit einem L\u00e4cheln und versorgen Sie mit allen notwendigen Informationen f\u00fcr einen Kauf zu optimalen Konditionen.<\/p>\n\n<p><strong>* Per Post<\/strong><\/p>\n\n<p>DAMIUS<br \/>33 avenue du Royaume-Uni<br \/>ZI les Moli\u00e8res<br \/>13140 MIRAMAS &#8211; France<\/p>\n\n<p>Noch einfacher geht es: F\u00fcllen Sie einfach ein Bestellformular aus und senden Sie es zusammen mit Ihrer Zahlung an die oben genannte Adresse. Nach Eingang Ihrer Bestellung werden Sie telefonisch benachrichtigt und Ihre Bestellung wird anschlie\u00dfend innerhalb von 24 Stunden bearbeitet. <\/p>\n\n<p>Um Ihr Bestellformular zum Ausf\u00fcllen zu erhalten &gt;&gt; <a href=\"https:\/\/www.damius.com\/media\/wysiwyg\/bon-de-commande-courrier.pdf\" target=\"_blank\" rel=\"noreferrer noopener\">klicken Sie hier<\/a> oder fordern Sie es telefonisch unter 04 90 59 49 10 an <em>(Nicht-Premium-Tarifnummer &#8211; aus dem Ausland +33 490 594 910)<\/em>.<\/p>\n\n<div style=\"height:20px\" aria-hidden=\"true\" class=\"wp-block-spacer\"><\/div>\n\n<p><strong>&gt;&gt; Ich bin es nicht gewohnt, online zu bestellen, k\u00f6nnen Sie mir helfen?<\/strong><\/p>\n\n<p>Wenn Sie nicht gewohnt sind, im Internet einzukaufen, k\u00f6nnen Sie Ihre Bestellung schnell und einfach telefonisch unter 04 90 59 49 10 aufgeben <em><em>(keine Sonderrufnummer &#8211; aus dem Ausland +33 490 594 910).<\/em><\/em> Einer unserer Berater wird Ihnen gerne alle notwendigen Informationen zum Produkt, zur Lieferung und zum Kundendienst geben und Ihre Bestellung entgegennehmen. In diesem Fall kann die Zahlung per Scheck oder Bank\u00fcberweisung erfolgen.<\/p>\n\n<div style=\"height:20px\" aria-hidden=\"true\" class=\"wp-block-spacer\"><\/div>\n\n<p><strong>&gt;&gt; Ich m\u00f6chte nicht online bezahlen, gibt es andere Zahlungsmethoden?<\/strong><\/p>\n\n<p>Falls Sie nicht online per Kreditkarte bezahlen m\u00f6chten, stehen Ihnen andere Zahlungsm\u00f6glichkeiten zur Verf\u00fcgung. Sie haben die M\u00f6glichkeit, per Scheck (bis zu 6 Mal) oder per Bank\u00fcberweisung (in einer einzigen Zahlung) zu bezahlen.<\/p>\n\n<p>Erfahren Sie mehr \u00fcber <a href=\"https:\/\/www.damius.com\/fr\/infos-paiement.html\">unsere Zahlungsmethoden<\/a><\/p>\n\n<div style=\"height:20px\" aria-hidden=\"true\" class=\"wp-block-spacer\"><\/div>\n\n<p><strong>&gt;&gt; Wie lange betr\u00e4gt die Garantiezeit f\u00fcr Ihre Dreir\u00e4der?<\/strong><\/p>\n\n<p>Unsere Garantiebedingungen geh\u00f6ren zu den besten auf dem Markt:<\/p>\n\n<p>Lebenslange Garantie auf den Rahmen (nur f\u00fcr Privatpersonen. F\u00fcr professionelle Nutzer gilt eine 2-j\u00e4hrige Garantie auf den Rahmen).<br \/>Garantie auf den Elektromotor: 2 Jahre.<br \/>Garantie auf den Akku: 2 Jahre.<br \/>F\u00fcr alle anderen mechanischen und elektrischen Komponenten gilt eine 2-j\u00e4hrige Garantie.<\/p>\n\n<p>Verschlei\u00dfteile, die nicht von der Garantie abgedeckt sind: Bremsbel\u00e4ge und -scheiben, Ketten, Reifen, Schl\u00e4uche, Lenkergriffe, Kabel und H\u00fcllen<\/p>\n\n<p>Doch \u00fcber die Garantiezeitr\u00e4ume hinaus legen wir gro\u00dfen Wert auf die Bedingungen, unter denen die Garantie greift. Unsere Dreir\u00e4der wurden daher mit gr\u00f6\u00dfter Sorgfalt konstruiert; sie zeichnen sich durch beispielhafte Zuverl\u00e4ssigkeit aus, und im Falle eines Problems kann jedes Element vom Benutzer selbst entfernt und ausgetauscht werden. Somit l\u00e4sst sich das defekte Teil in den allermeisten F\u00e4llen schnell und einfach austauschen. In technisch anspruchsvolleren (und viel selteneren) F\u00e4llen greifen wir auf Reparaturwerkst\u00e4tten zur\u00fcck, die sich m\u00f6glichst nah an unseren Kunden befinden, manchmal sogar auf Heimreparaturwerkst\u00e4tten. Ziel ist es, das Dreirad so schnell und einfach wie m\u00f6glich zu reparieren!<\/p>\n\n<p>Erfahren Sie mehr \u00fcber <a href=\"https:\/\/www.damius.com\/fr\/garantie-sav.html\">unsere Garantiebedingungen<\/a>.<\/p>\n\n<div style=\"height:20px\" aria-hidden=\"true\" class=\"wp-block-spacer\"><\/div>\n\n<p><strong>&gt;&gt; Wie lange ist die Lebensdauer der Batterien in elektrischen Dreir\u00e4dern?<\/strong><\/p>\n\n<p>Die in unseren Elektrodreir\u00e4dern verbauten Lithiumbatterien haben eine nachgewiesene Lebensdauer von etwa 4 bis 7 Jahren. Dies entspricht 600 bis 800 Ladezyklen f\u00fcr Ihren Akku. Diese Informationen basieren auf unseren Erfahrungen und dem Feedback unserer Kunden; wir halten sie f\u00fcr die zuverl\u00e4ssigste Informationsquelle.<\/p>\n\n<div style=\"height:20px\" aria-hidden=\"true\" class=\"wp-block-spacer\"><\/div>\n\n<p><strong>&gt;&gt; Werden die Dreir\u00e4der montiert geliefert?<\/strong><\/p>\n\n<p>Ja, alle <a href=\"https:\/\/www.damius.com\/fr\/infos-montage-livraison.html\">unsere Dreir\u00e4der f\u00fcr Erwachsene werden komplett montiert<\/a>, eingestellt und sofort einsatzbereit geliefert. Dieser Eingriff wird in unseren Werkst\u00e4tten von spezialisierten Technikern durchgef\u00fchrt, was f\u00fcr unsere Kunden eine Garantie f\u00fcr Qualit\u00e4t und Vertrauen darstellt.<\/p>\n\n<p>Dar\u00fcber hinaus k\u00f6nnen Sie sich Ihr Dreirad direkt nach Hause liefern lassen oder es direkt bei uns abholen \u2013 wir freuen uns auf Ihren Besuch!<\/p>\n\n<p>Erfahren Sie mehr \u00fcber <a href=\"https:\/\/www.damius.com\/fr\/infos-montage-livraison.html\">unsere Lieferbedingungen<\/a><\/p>\n\n<div style=\"height:20px\" aria-hidden=\"true\" class=\"wp-block-spacer\"><\/div>\n\n<p><strong>&gt;&gt; Ist es m\u00f6glich, ein Dreirad nach Ma\u00df anfertigen zu lassen?<\/strong><\/p>\n\n<p>Wenn Sie Zubeh\u00f6r und Optionen ausw\u00e4hlen, die Ihr Dreirad erg\u00e4nzen sollen, werden diese an Ihrem Dreirad montiert, bevor es zu Ihnen nach Hause geliefert wird. Unsere Techniker sind aber auch in der Lage, Sonderanfertigungen mit speziellen Einbauten durchzuf\u00fchren, sodass Ihr Dreirad perfekt auf Ihre Bed\u00fcrfnisse abgestimmt ist. Kontaktieren Sie uns und teilen Sie uns Ihre W\u00fcnsche mit, wir werden unser Bestes tun, sie zu erf\u00fcllen! Je nach Situation wird sich ein Techniker mit Ihnen in Verbindung setzen, um die Konfiguration zu best\u00e4tigen.<\/p>\n\n<p>Bei speziellen W\u00fcnschen z\u00f6gern<a href=\"https:\/\/www.damius.com\/fr\/contacts.html\"> Sie bitte nicht, uns zu kontaktieren!<\/a><\/p>\n\n<div style=\"height:20px\" aria-hidden=\"true\" class=\"wp-block-spacer\"><\/div>\n\n<p><strong>&gt;&gt; Wie hoch sind die Lieferkosten?<\/strong><\/p>\n\n<p>Gute Neuigkeiten: Die Lieferung Ihres gebrauchsfertigen Dreirads nach Hause kostet in Frankreich nur 1 \u20ac! (G\u00fcltig f\u00fcr das franz\u00f6sische Festland, Korsika und Monaco).<\/p>\n\n<p>Ein Euro ist nicht viel, aber f\u00fcr uns stellen Montage, Verpackung und Versand einen sehr erheblichen Kostenfaktor dar!<\/p>\n\n<p>F\u00fcr Lieferungen in L\u00e4nder au\u00dferhalb Frankreichs fallen zus\u00e4tzliche Versandkosten an.<br \/>Hier sind die Bedingungen f\u00fcr Hauszustellungen au\u00dferhalb Frankreichs:<\/p>\n\n<p>Belgien, Luxemburg: Pauschalpreis von 100 \u20ac f\u00fcr Montage und Lieferung nach Hause<\/p>\n\n<p>&#8211; Niederlande: Pauschalpreis von 300 \u20ac f\u00fcr Montage und Lieferung nach Hause<\/p>\n\n<p>Deutschland, \u00d6sterreich, Spanien, Portugal, Andorra, Italien: Pauschalpreis von 200 \u20ac f\u00fcr Montage und Lieferung nach Hause<\/p>\n\n<p>&#8211; Schweiz: Pauschalpreis von 100 \u20ac f\u00fcr Montage und Hauslieferung, alle Steuern und Geb\u00fchren inklusive (Mehrwertsteuer, Z\u00f6lle, Transportkosten)<\/p>\n\n<p>&#8211; Vereinigtes K\u00f6nigreich: Rechnungsstellung exkl. MwSt., Pauschalgeb\u00fchr von 100 \u20ac f\u00fcr Montage und Lieferung zu Ihnen nach Hause. Bei Lieferung wird die Mehrwertsteuer f\u00e4llig.<\/p>\n\n<p>&gt;&gt; F\u00fcr Lieferungen in andere L\u00e4nder als die oben genannten kontaktieren Sie uns bitte.<\/p>\n\n<p>Erfahren Sie mehr \u00fcber <a href=\"https:\/\/www.damius.com\/fr\/infos-montage-livraison.html\">unsere Lieferbedingungen<\/a><\/p>\n\n<div style=\"height:20px\" aria-hidden=\"true\" class=\"wp-block-spacer\"><\/div>\n\n<p><strong>&gt;&gt; Wie lange dauert es, bis ich meine Bestellung erhalte?<\/strong><\/p>\n\n<p>Sofern das von Ihnen gew\u00e4hlte Dreirad und das gew\u00fcnschte Zubeh\u00f6r verf\u00fcgbar sind, dauert die Lieferung Ihrer Bestellung nach Hause 5 Werktage. Sobald Ihre Zahlung best\u00e4tigt ist, montieren wir Ihr Dreirad innerhalb von 48 Stunden. Sobald der Paketdienst das Paket \u00fcbernommen hat, k\u00f6nnen Ihre Artikel innerhalb von 72 Stunden bei Ihnen zu Hause eintreffen. Dieser Zeitraum variiert je nach dem von Ihnen beim Spediteur gew\u00e4hlten Liefertermin.<\/p>\n\n<p>Wir bem\u00fchen uns, die Verf\u00fcgbarkeitszeiten unserer Dreir\u00e4der auf der jeweiligen Produktseite anzugeben. Die Lieferzeiten werden Ihnen ebenfalls angezeigt, wenn Sie den Online-Bestellvorgang abschlie\u00dfen. Sollten Sie Zweifel haben oder sich vergewissern wollen, z\u00f6gern Sie bitte nicht, uns zu kontaktieren.<\/p>\n\n<p>Erfahren Sie mehr \u00fcber <a href=\"https:\/\/www.damius.com\/fr\/infos-montage-livraison.html\">unsere Lieferbedingungen<\/a><\/p>\n\n<div style=\"height:20px\" aria-hidden=\"true\" class=\"wp-block-spacer\"><\/div>\n\n<p><strong>&gt;&gt; Ich interessiere mich f\u00fcr ein Dreirad, wie kann ich herausfinden, ob es verf\u00fcgbar ist?<\/strong><\/p>\n\n<p>Die Verf\u00fcgbarkeit eines Dreirads l\u00e4sst sich ganz einfach im Produktdatenblatt pr\u00fcfen. Sollten Sie Fragen haben, z\u00f6gern Sie nicht, uns telefonisch unter 04 90 59 49 10 oder aus dem Ausland unter <em>+33 490 594 910<\/em> <em>(zum Ortstarif)<\/em> zu kontaktieren. Wir geben Ihnen gerne genauere Informationen.<\/p>\n\n<div style=\"height:20px\" aria-hidden=\"true\" class=\"wp-block-spacer\"><\/div>\n\n<p><strong>&gt;&gt; Wie funktioniert der Kundenservice?<\/strong><\/p>\n\n<p>Sollten Sie w\u00e4hrend der Garantiezeit und bei normalem Gebrauch ein Problem mit Ihrem Dreirad feststellen, werden wir das Problem gemeinsam diagnostizieren und Ihnen anschlie\u00dfend das\/die defekte(n) Teil(e) zusenden, damit Sie es\/sie austauschen k\u00f6nnen.<\/p>\n\n<p>Falls Sie Ihr Dreirad nicht selbst reparieren k\u00f6nnen, werden wir Sie je nach den Umst\u00e4nden an einen qualifizierten Reparaturbetrieb in der N\u00e4he Ihres Wohnorts weiterleiten, der die Instandsetzung Ihres Dreirads \u00fcbernimmt. Je nach Branche k\u00f6nnen darunter auch Handwerker f\u00fcr Hausreparaturen sein.<\/p>\n\n<p>Erfahren Sie mehr \u00fcber <a href=\"https:\/\/www.damius.com\/fr\/garantie-sav.html\">unseren Kundendienst.<\/a><\/p>\n\n<div style=\"height:20px\" aria-hidden=\"true\" class=\"wp-block-spacer\"><\/div>\n\n<p><strong>&gt;&gt; Wie pflege ich mein Dreirad richtig?<\/strong><strong><\/strong><\/p>\n\n<p>Damit Ihr Dreirad in gutem Zustand bleibt, stellen wir Ihnen eine Wartungsanleitung zur Verf\u00fcgung, die Sie \u00fcber alle wichtigen zu beachtenden Regeln informiert. Sollten Sie Zweifel haben, beachten Sie bitte, dass jede Fahrradwerkstatt berechtigt ist, Ihr Dreirad zu reparieren.<\/p>\n\n<p>Weitere wertvolle Informationen finden Sie auch in unserem Blog \u2013<a href=\"https:\/\/www.damius.com\/blog\/\"> klicken Sie hier!<\/a><\/p>\n","protected":false},"excerpt":{"rendered":"<p>&gt;&gt; Wo k\u00f6nnen wir Ihre Dreir\u00e4der besichtigen und ausprobieren? Wir verstehen, dass viele von Ihnen Ihr Dreirad vor der Bestellung gerne ansehen oder ausprobieren m\u00f6chten.Deshalb bieten wir Ihnen einen Heimtest-Service an! Alle Informationen dazu finden Sie hier: Wie kann ich es ausprobieren? Selbstverst\u00e4ndlich k\u00f6nnen Sie uns auch besuchen, allerdings nur nach vorheriger Terminvereinbarung, von Montag [&hellip;]<\/p>\n","protected":false},"author":1,"featured_media":0,"parent":0,"menu_order":0,"comment_status":"closed","ping_status":"closed","template":"","meta":{"_acf_changed":false,"_eb_attr":"","footnotes":""},"class_list":["post-2358","page","type-page","status-publish","hentry"],"acf":[],"yoast_head":"<!-- This site is optimized with the Yoast SEO plugin v27.3 - https:\/\/yoast.com\/product\/yoast-seo-wordpress\/ -->\n<title>Haufig gestellte fragen - Damius<\/title>\n<meta name=\"robots\" content=\"noindex, follow, max-snippet:-1, max-image-preview:large, max-video-preview:-1\" \/>\n<meta property=\"og:locale\" content=\"de_DE\" \/>\n<meta property=\"og:type\" content=\"article\" \/>\n<meta property=\"og:title\" content=\"Haufig gestellte fragen - Damius\" \/>\n<meta property=\"og:description\" content=\"&gt;&gt; Wo k\u00f6nnen wir Ihre Dreir\u00e4der besichtigen und ausprobieren? Wir verstehen, dass viele von Ihnen Ihr Dreirad vor der Bestellung gerne ansehen oder ausprobieren m\u00f6chten.Deshalb bieten wir Ihnen einen Heimtest-Service an! Alle Informationen dazu finden Sie hier: Wie kann ich es ausprobieren? Selbstverst\u00e4ndlich k\u00f6nnen Sie uns auch besuchen, allerdings nur nach vorheriger Terminvereinbarung, von Montag [&hellip;]\" \/>\n<meta property=\"og:url\" content=\"https:\/\/2025.damius.com\/de\/haufig-gestellte-fragen\/\" \/>\n<meta property=\"og:site_name\" content=\"Damius\" \/>\n<meta property=\"article:modified_time\" content=\"2026-02-09T11:06:46+00:00\" \/>\n<meta name=\"twitter:card\" content=\"summary_large_image\" \/>\n<meta name=\"twitter:label1\" content=\"Gesch\u00e4tzte Lesezeit\" \/>\n\t<meta name=\"twitter:data1\" content=\"8\u00a0Minuten\" \/>\n<script type=\"application\/ld+json\" class=\"yoast-schema-graph\">{\"@context\":\"https:\\\/\\\/schema.org\",\"@graph\":[{\"@type\":\"WebPage\",\"@id\":\"https:\\\/\\\/2025.damius.com\\\/de\\\/haufig-gestellte-fragen\\\/\",\"url\":\"https:\\\/\\\/2025.damius.com\\\/de\\\/haufig-gestellte-fragen\\\/\",\"name\":\"Haufig gestellte fragen - Damius\",\"isPartOf\":{\"@id\":\"https:\\\/\\\/2025.damius.com\\\/#website\"},\"datePublished\":\"2026-02-09T11:06:44+00:00\",\"dateModified\":\"2026-02-09T11:06:46+00:00\",\"breadcrumb\":{\"@id\":\"https:\\\/\\\/2025.damius.com\\\/de\\\/haufig-gestellte-fragen\\\/#breadcrumb\"},\"inLanguage\":\"de\",\"potentialAction\":[{\"@type\":\"ReadAction\",\"target\":[\"https:\\\/\\\/2025.damius.com\\\/de\\\/haufig-gestellte-fragen\\\/\"]}]},{\"@type\":\"BreadcrumbList\",\"@id\":\"https:\\\/\\\/2025.damius.com\\\/de\\\/haufig-gestellte-fragen\\\/#breadcrumb\",\"itemListElement\":[{\"@type\":\"ListItem\",\"position\":1,\"name\":\"Accueil\",\"item\":\"https:\\\/\\\/2025.damius.com\\\/de\\\/haus\\\/\"},{\"@type\":\"ListItem\",\"position\":2,\"name\":\"Haufig gestellte fragen\"}]},{\"@type\":\"WebSite\",\"@id\":\"https:\\\/\\\/2025.damius.com\\\/#website\",\"url\":\"https:\\\/\\\/2025.damius.com\\\/\",\"name\":\"Damius\",\"description\":\"\",\"publisher\":{\"@id\":\"https:\\\/\\\/2025.damius.com\\\/#organization\"},\"potentialAction\":[{\"@type\":\"SearchAction\",\"target\":{\"@type\":\"EntryPoint\",\"urlTemplate\":\"https:\\\/\\\/2025.damius.com\\\/?s={search_term_string}\"},\"query-input\":{\"@type\":\"PropertyValueSpecification\",\"valueRequired\":true,\"valueName\":\"search_term_string\"}}],\"inLanguage\":\"de\"},{\"@type\":\"Organization\",\"@id\":\"https:\\\/\\\/2025.damius.com\\\/#organization\",\"name\":\"Damius\",\"url\":\"https:\\\/\\\/2025.damius.com\\\/\",\"logo\":{\"@type\":\"ImageObject\",\"inLanguage\":\"de\",\"@id\":\"https:\\\/\\\/2025.damius.com\\\/#\\\/schema\\\/logo\\\/image\\\/\",\"url\":\"https:\\\/\\\/2025.damius.com\\\/wp-content\\\/uploads\\\/2022\\\/01\\\/Logo_Damius-1.jpg\",\"contentUrl\":\"https:\\\/\\\/2025.damius.com\\\/wp-content\\\/uploads\\\/2022\\\/01\\\/Logo_Damius-1.jpg\",\"width\":616,\"height\":143,\"caption\":\"Damius\"},\"image\":{\"@id\":\"https:\\\/\\\/2025.damius.com\\\/#\\\/schema\\\/logo\\\/image\\\/\"}}]}<\/script>\n<!-- \/ Yoast SEO plugin. -->","yoast_head_json":{"title":"Haufig gestellte fragen - Damius","robots":{"index":"noindex","follow":"follow","max-snippet":"max-snippet:-1","max-image-preview":"max-image-preview:large","max-video-preview":"max-video-preview:-1"},"og_locale":"de_DE","og_type":"article","og_title":"Haufig gestellte fragen - Damius","og_description":"&gt;&gt; Wo k\u00f6nnen wir Ihre Dreir\u00e4der besichtigen und ausprobieren? Wir verstehen, dass viele von Ihnen Ihr Dreirad vor der Bestellung gerne ansehen oder ausprobieren m\u00f6chten.Deshalb bieten wir Ihnen einen Heimtest-Service an! Alle Informationen dazu finden Sie hier: Wie kann ich es ausprobieren? Selbstverst\u00e4ndlich k\u00f6nnen Sie uns auch besuchen, allerdings nur nach vorheriger Terminvereinbarung, von Montag [&hellip;]","og_url":"https:\/\/2025.damius.com\/de\/haufig-gestellte-fragen\/","og_site_name":"Damius","article_modified_time":"2026-02-09T11:06:46+00:00","twitter_card":"summary_large_image","twitter_misc":{"Gesch\u00e4tzte Lesezeit":"8\u00a0Minuten"},"schema":{"@context":"https:\/\/schema.org","@graph":[{"@type":"WebPage","@id":"https:\/\/2025.damius.com\/de\/haufig-gestellte-fragen\/","url":"https:\/\/2025.damius.com\/de\/haufig-gestellte-fragen\/","name":"Haufig gestellte fragen - Damius","isPartOf":{"@id":"https:\/\/2025.damius.com\/#website"},"datePublished":"2026-02-09T11:06:44+00:00","dateModified":"2026-02-09T11:06:46+00:00","breadcrumb":{"@id":"https:\/\/2025.damius.com\/de\/haufig-gestellte-fragen\/#breadcrumb"},"inLanguage":"de","potentialAction":[{"@type":"ReadAction","target":["https:\/\/2025.damius.com\/de\/haufig-gestellte-fragen\/"]}]},{"@type":"BreadcrumbList","@id":"https:\/\/2025.damius.com\/de\/haufig-gestellte-fragen\/#breadcrumb","itemListElement":[{"@type":"ListItem","position":1,"name":"Accueil","item":"https:\/\/2025.damius.com\/de\/haus\/"},{"@type":"ListItem","position":2,"name":"Haufig gestellte fragen"}]},{"@type":"WebSite","@id":"https:\/\/2025.damius.com\/#website","url":"https:\/\/2025.damius.com\/","name":"Damius","description":"","publisher":{"@id":"https:\/\/2025.damius.com\/#organization"},"potentialAction":[{"@type":"SearchAction","target":{"@type":"EntryPoint","urlTemplate":"https:\/\/2025.damius.com\/?s={search_term_string}"},"query-input":{"@type":"PropertyValueSpecification","valueRequired":true,"valueName":"search_term_string"}}],"inLanguage":"de"},{"@type":"Organization","@id":"https:\/\/2025.damius.com\/#organization","name":"Damius","url":"https:\/\/2025.damius.com\/","logo":{"@type":"ImageObject","inLanguage":"de","@id":"https:\/\/2025.damius.com\/#\/schema\/logo\/image\/","url":"https:\/\/2025.damius.com\/wp-content\/uploads\/2022\/01\/Logo_Damius-1.jpg","contentUrl":"https:\/\/2025.damius.com\/wp-content\/uploads\/2022\/01\/Logo_Damius-1.jpg","width":616,"height":143,"caption":"Damius"},"image":{"@id":"https:\/\/2025.damius.com\/#\/schema\/logo\/image\/"}}]}},"featured_image_src":null,"featured_image_src_square":null,"_links":{"self":[{"href":"https:\/\/2025.damius.com\/de\/wp-json\/wp\/v2\/pages\/2358","targetHints":{"allow":["GET"]}}],"collection":[{"href":"https:\/\/2025.damius.com\/de\/wp-json\/wp\/v2\/pages"}],"about":[{"href":"https:\/\/2025.damius.com\/de\/wp-json\/wp\/v2\/types\/page"}],"author":[{"embeddable":true,"href":"https:\/\/2025.damius.com\/de\/wp-json\/wp\/v2\/users\/1"}],"replies":[{"embeddable":true,"href":"https:\/\/2025.damius.com\/de\/wp-json\/wp\/v2\/comments?post=2358"}],"version-history":[{"count":2,"href":"https:\/\/2025.damius.com\/de\/wp-json\/wp\/v2\/pages\/2358\/revisions"}],"predecessor-version":[{"id":2360,"href":"https:\/\/2025.damius.com\/de\/wp-json\/wp\/v2\/pages\/2358\/revisions\/2360"}],"wp:attachment":[{"href":"https:\/\/2025.damius.com\/de\/wp-json\/wp\/v2\/media?parent=2358"}],"curies":[{"name":"wp","href":"https:\/\/api.w.org\/{rel}","templated":true}]}}