{"id":2374,"date":"2026-02-09T14:53:23","date_gmt":"2026-02-09T13:53:23","guid":{"rendered":"https:\/\/2025.damius.com\/rechtlicher-hinweis\/"},"modified":"2026-02-09T14:53:23","modified_gmt":"2026-02-09T13:53:23","slug":"rechtlicher-hinweis","status":"publish","type":"page","link":"https:\/\/2025.damius.com\/de\/rechtlicher-hinweis\/","title":{"rendered":"Rechtlicher Hinweis"},"content":{"rendered":"\n<p><strong>www.damius.com <\/strong>wird herausgegeben von:<br\/><strong>DAMIUS SARL<\/strong>: Gesellschaft mit beschr\u00e4nkter Haftung mit einem Kapital von 120.000 \u20ac \u2013 Handelsregisternummer: Salon 788 684 694 00045<\/p>\n\n<p>Adresse: DAMIUS &#8211; Tricycle EVASION \/ 199 avenue des Oulivarello \/ Parc d&#8217;Activit\u00e9s de la Gandonne \/ 13300 SALON DE PROVENCE &#8211; Frankreich<br\/><br\/>E-Mail: <a href=\"mailto:info@damius.com\">info@damius.com<\/a><br\/>Tel.: +33 4 90 59 49 10 oder aus dem Ausland <em>+33 490 594 910<\/em><br\/><br\/>Manager: Damien Gran<br\/><br\/>Die Website wird von der <a href=\"https:\/\/www.perfea.fr\/\" target=\"_blank\" rel=\"noreferrer noopener\">Webagentur Perfea<\/a> gehostet und erstellt. Der Hauptsitz der Agentur befindet sich in 3, all\u00e9e Montgolfier &#8211; ZI le Tub\u00e9 &#8211; 13800 ISTRES &#8211; Frankreich.<br\/><br\/>Jegliche Nutzung dieser Website setzt die bedingungslose Akzeptanz der in diesem Warnhinweis enthaltenen Bedingungen durch alle Benutzer und Kunden voraus.<br\/><br\/><br\/><strong>1. Informationen auf der Website \u201ewww.damius.com\u201c<\/strong><br\/>DAMIUS SARL ist bestrebt, die Richtigkeit und Aktualit\u00e4t der auf dieser Website ver\u00f6ffentlichten Informationen zu gew\u00e4hrleisten und beh\u00e4lt sich das Recht vor, deren Inhalt jederzeit und ohne vorherige Ank\u00fcndigung zu korrigieren. DAMIUS SARL kann jedoch weder die Vollst\u00e4ndigkeit der Informationen garantieren noch ausschlie\u00dfen, dass diese von Dritten (z. B. durch Eingriffe oder Viren) ver\u00e4ndert wurden. Dar\u00fcber hinaus \u00fcbernimmt DAMIUS SARL keine Haftung f\u00fcr Fehler, Ungenauigkeiten oder Auslassungen in diesen Informationen.  <br\/><br\/>SARL DAMIUS lehnt jegliche Verantwortung f\u00fcr die Verwendung dieser Informationen und die daraus entstehenden Folgen ab.<br\/><br\/>Es ist strengstens untersagt, die auf dieser Website enthaltenen Informationen und Daten zu ver\u00f6ffentlichen, weiterzuverbreiten, erneut zu \u00fcbermitteln oder zu vervielf\u00e4ltigen, um sie an Dritte weiterzugeben. Jede Vervielf\u00e4ltigung oder allgemein jede unbefugte Nutzung der Informationen und Daten zieht rechtliche Konsequenzen nach sich, einschlie\u00dflich Anspr\u00fcchen wegen Urheberrechtsverletzung. <br\/><br\/>Es ist strengstens verboten, Daten von www.damius.com mithilfe automatisierter Datenabrufmethoden (Computerprogramme) zu sammeln. Jeder Versuch eines automatisierten Datenabrufs wird unverz\u00fcglich rechtliche Schritte nach sich ziehen. <br\/><br\/><br\/><strong>2. Achtung der Rechte an geistigem Eigentum<\/strong><br\/>Die Informationen auf www.damius.com<strong><\/strong> und alle auf der Website ausdr\u00fccklich genannten externen Feed-Anbieter sind Eigentum der SARL DAMIUS und dieser Anbieter und durch Urheber- und Schutzrechte des geistigen Eigentums gesch\u00fctzt.<br\/><br\/>Die Erlaubnis zum Herunterladen, Kopieren, Speichern und Bearbeiten von Webseiten, deren Inhalten oder den von den Anzeigetools generierten oder angezeigten Ergebnissen, ganz oder teilweise, wird ausschlie\u00dflich f\u00fcr den pers\u00f6nlichen, nicht-kommerziellen Gebrauch erteilt. Urheberrechtshinweise und Marken d\u00fcrfen nicht entfernt oder ver\u00e4ndert werden. <br\/><br\/>Alle Texte und Bilder auf dieser Website sind ausschlie\u00dfliches Eigentum der DAMIUS SARL. Das Kopieren und Verwenden von Inhalten der Website www.damius.com ist strengstens untersagt.<strong><\/strong> <br\/><br\/><br\/><strong>3. Verwendung von Cookies<\/strong><br\/>DAMIUS SARL kann \u201eCookies\u201c auf Ihrem Computer platzieren.<br\/><br\/>Ein Cookie erlaubt es uns nicht, Ihre pers\u00f6nlichen Daten zu speichern oder zu analysieren. Er zeichnet jedoch Informationen \u00fcber Ihre Aktivit\u00e4ten auf unserer Website auf. <br\/><br\/>Diese Informationen werden entweder f\u00fcr die Dauer Ihres Besuchs auf unserer Website oder f\u00fcr 30 Tage auf Ihrem Computer gespeichert, wenn Sie sich in Ihr Abonnentenkonto einloggen. <br\/><br\/>Dar\u00fcber hinaus werden die auf Ihrem Computer gespeicherten Cookies verschl\u00fcsselt, um eine h\u00f6here Sicherheit und einen besseren Schutz Ihrer Daten zu gew\u00e4hrleisten.<br\/><br\/>SARL DAMIUS weist Sie darauf hin, dass Sie der Speicherung von Cookies durch entsprechende Konfiguration Ihres Browsers widersprechen k\u00f6nnen.<br\/><br\/><br\/><strong>4. LINKS<\/strong><br\/>&#8211; Hyperlinks auf dieser Website zu anderen Websites begr\u00fcnden keine Verantwortung seitens SARL DAMIUS, insbesondere nicht f\u00fcr die Inhalte dieser Websites.<br\/><br\/>SARL DAMIUS ist nicht verantwortlich f\u00fcr Hyperlinks, die auf diese Website verweisen, und untersagt es jeder Person, einen solchen Link ohne ihre ausdr\u00fcckliche vorherige Genehmigung einzurichten.<br\/><br\/><br\/><strong>5. Urheberrecht SARL DAMIUS<\/strong><br\/>SARL DAMIUS ist Inhaberin bzw. Nutzungsberechtigte aller Rechte an den Logos, Marken, Kennzeichen sowie den Datenbanken und der Software, die f\u00fcr den Betrieb der Website www.damius.com verwendet werden. Jegliche vollst\u00e4ndige oder teilweise Wiedergabe oder Vervielf\u00e4ltigung der auf der Website www.damius.com verwendeten Logos, Marken, Kennzeichen und Datenbanken ohne die ausdr\u00fcckliche Genehmigung von SARL DAMIUS ist untersagt und stellt eine nach Art. L. 335-2 ff. des franz\u00f6sischen Gesetzes \u00fcber geistiges Eigentum strafbare Urheberrechtsverletzung dar. <br\/><br\/><br\/><strong>6. ANWENDBARES RECHT UND GERICHTSSTAND<\/strong><br\/>Die Nutzung der Website www.damius.com unterliegt franz\u00f6sischem Recht.<\/p>\n\n<p><strong><em>Profitieren Sie von 3 oder 4 Ratenzahlungen mit oder ohne Geb\u00fchren.<\/em><\/strong> <em>Dieses Angebot wird Ihnen von FRANFINANCE, dem Kreditgeber (719 807 406 R.C.S Nanterre \u2013 Orias Nr. 07 008 346), unterbreitet. Die Angebotsbedingungen finden Sie hier:<\/em> <a href=\"http:\/\/e-solutions.franfinance.com\/nxweb-avec-frais\" target=\"_blank\" rel=\"noreferrer noopener\">http:\/\/e-solutions.franfinance.com\/nxweb-avec-frais<\/a><br\/><a href=\"http:\/\/e-solutions.franfinance.com\/nxweb-sans-frais\" target=\"_blank\" rel=\"noreferrer noopener\">http:\/\/e-solutions.franfinance.com\/nxweb-sans-frais<\/a><\/p>\n","protected":false},"excerpt":{"rendered":"<p>www.damius.com wird herausgegeben von:DAMIUS SARL: Gesellschaft mit beschr\u00e4nkter Haftung mit einem Kapital von 120.000 \u20ac \u2013 Handelsregisternummer: Salon 788 684 694 00045 Adresse: DAMIUS &#8211; Tricycle EVASION \/ 199 avenue des Oulivarello \/ Parc d&#8217;Activit\u00e9s de la Gandonne \/ 13300 SALON DE PROVENCE &#8211; Frankreich E-Mail: info@damius.comTel.: +33 4 90 59 49 10 oder aus [&hellip;]<\/p>\n","protected":false},"author":1,"featured_media":0,"parent":0,"menu_order":0,"comment_status":"closed","ping_status":"closed","template":"","meta":{"_acf_changed":false,"_eb_attr":"","footnotes":""},"class_list":["post-2374","page","type-page","status-publish","hentry"],"acf":[],"yoast_head":"<!-- This site is optimized with the Yoast SEO plugin v27.3 - https:\/\/yoast.com\/product\/yoast-seo-wordpress\/ -->\n<title>Rechtlicher Hinweis - Damius<\/title>\n<meta name=\"robots\" content=\"noindex, follow, max-snippet:-1, max-image-preview:large, max-video-preview:-1\" \/>\n<meta property=\"og:locale\" content=\"de_DE\" \/>\n<meta property=\"og:type\" content=\"article\" \/>\n<meta property=\"og:title\" content=\"Rechtlicher Hinweis - Damius\" \/>\n<meta property=\"og:description\" content=\"www.damius.com wird herausgegeben von:DAMIUS SARL: Gesellschaft mit beschr\u00e4nkter Haftung mit einem Kapital von 120.000 \u20ac \u2013 Handelsregisternummer: Salon 788 684 694 00045 Adresse: DAMIUS &#8211; Tricycle EVASION \/ 199 avenue des Oulivarello \/ Parc d&#8217;Activit\u00e9s de la Gandonne \/ 13300 SALON DE PROVENCE &#8211; Frankreich E-Mail: info@damius.comTel.: +33 4 90 59 49 10 oder aus [&hellip;]\" \/>\n<meta property=\"og:url\" content=\"https:\/\/2025.damius.com\/de\/rechtlicher-hinweis\/\" \/>\n<meta property=\"og:site_name\" content=\"Damius\" \/>\n<meta name=\"twitter:card\" content=\"summary_large_image\" \/>\n<meta name=\"twitter:label1\" content=\"Gesch\u00e4tzte Lesezeit\" \/>\n\t<meta name=\"twitter:data1\" content=\"3\u00a0Minuten\" \/>\n<script type=\"application\/ld+json\" class=\"yoast-schema-graph\">{\"@context\":\"https:\\\/\\\/schema.org\",\"@graph\":[{\"@type\":\"WebPage\",\"@id\":\"https:\\\/\\\/2025.damius.com\\\/de\\\/rechtlicher-hinweis\\\/\",\"url\":\"https:\\\/\\\/2025.damius.com\\\/de\\\/rechtlicher-hinweis\\\/\",\"name\":\"Rechtlicher Hinweis - Damius\",\"isPartOf\":{\"@id\":\"https:\\\/\\\/2025.damius.com\\\/#website\"},\"datePublished\":\"2026-02-09T13:53:23+00:00\",\"breadcrumb\":{\"@id\":\"https:\\\/\\\/2025.damius.com\\\/de\\\/rechtlicher-hinweis\\\/#breadcrumb\"},\"inLanguage\":\"de\",\"potentialAction\":[{\"@type\":\"ReadAction\",\"target\":[\"https:\\\/\\\/2025.damius.com\\\/de\\\/rechtlicher-hinweis\\\/\"]}]},{\"@type\":\"BreadcrumbList\",\"@id\":\"https:\\\/\\\/2025.damius.com\\\/de\\\/rechtlicher-hinweis\\\/#breadcrumb\",\"itemListElement\":[{\"@type\":\"ListItem\",\"position\":1,\"name\":\"Accueil\",\"item\":\"https:\\\/\\\/2025.damius.com\\\/de\\\/haus\\\/\"},{\"@type\":\"ListItem\",\"position\":2,\"name\":\"Rechtlicher Hinweis\"}]},{\"@type\":\"WebSite\",\"@id\":\"https:\\\/\\\/2025.damius.com\\\/#website\",\"url\":\"https:\\\/\\\/2025.damius.com\\\/\",\"name\":\"Damius\",\"description\":\"\",\"publisher\":{\"@id\":\"https:\\\/\\\/2025.damius.com\\\/#organization\"},\"potentialAction\":[{\"@type\":\"SearchAction\",\"target\":{\"@type\":\"EntryPoint\",\"urlTemplate\":\"https:\\\/\\\/2025.damius.com\\\/?s={search_term_string}\"},\"query-input\":{\"@type\":\"PropertyValueSpecification\",\"valueRequired\":true,\"valueName\":\"search_term_string\"}}],\"inLanguage\":\"de\"},{\"@type\":\"Organization\",\"@id\":\"https:\\\/\\\/2025.damius.com\\\/#organization\",\"name\":\"Damius\",\"url\":\"https:\\\/\\\/2025.damius.com\\\/\",\"logo\":{\"@type\":\"ImageObject\",\"inLanguage\":\"de\",\"@id\":\"https:\\\/\\\/2025.damius.com\\\/#\\\/schema\\\/logo\\\/image\\\/\",\"url\":\"https:\\\/\\\/2025.damius.com\\\/wp-content\\\/uploads\\\/2022\\\/01\\\/Logo_Damius-1.jpg\",\"contentUrl\":\"https:\\\/\\\/2025.damius.com\\\/wp-content\\\/uploads\\\/2022\\\/01\\\/Logo_Damius-1.jpg\",\"width\":616,\"height\":143,\"caption\":\"Damius\"},\"image\":{\"@id\":\"https:\\\/\\\/2025.damius.com\\\/#\\\/schema\\\/logo\\\/image\\\/\"}}]}<\/script>\n<!-- \/ Yoast SEO plugin. -->","yoast_head_json":{"title":"Rechtlicher Hinweis - Damius","robots":{"index":"noindex","follow":"follow","max-snippet":"max-snippet:-1","max-image-preview":"max-image-preview:large","max-video-preview":"max-video-preview:-1"},"og_locale":"de_DE","og_type":"article","og_title":"Rechtlicher Hinweis - Damius","og_description":"www.damius.com wird herausgegeben von:DAMIUS SARL: Gesellschaft mit beschr\u00e4nkter Haftung mit einem Kapital von 120.000 \u20ac \u2013 Handelsregisternummer: Salon 788 684 694 00045 Adresse: DAMIUS &#8211; Tricycle EVASION \/ 199 avenue des Oulivarello \/ Parc d&#8217;Activit\u00e9s de la Gandonne \/ 13300 SALON DE PROVENCE &#8211; Frankreich E-Mail: info@damius.comTel.: +33 4 90 59 49 10 oder aus [&hellip;]","og_url":"https:\/\/2025.damius.com\/de\/rechtlicher-hinweis\/","og_site_name":"Damius","twitter_card":"summary_large_image","twitter_misc":{"Gesch\u00e4tzte Lesezeit":"3\u00a0Minuten"},"schema":{"@context":"https:\/\/schema.org","@graph":[{"@type":"WebPage","@id":"https:\/\/2025.damius.com\/de\/rechtlicher-hinweis\/","url":"https:\/\/2025.damius.com\/de\/rechtlicher-hinweis\/","name":"Rechtlicher Hinweis - Damius","isPartOf":{"@id":"https:\/\/2025.damius.com\/#website"},"datePublished":"2026-02-09T13:53:23+00:00","breadcrumb":{"@id":"https:\/\/2025.damius.com\/de\/rechtlicher-hinweis\/#breadcrumb"},"inLanguage":"de","potentialAction":[{"@type":"ReadAction","target":["https:\/\/2025.damius.com\/de\/rechtlicher-hinweis\/"]}]},{"@type":"BreadcrumbList","@id":"https:\/\/2025.damius.com\/de\/rechtlicher-hinweis\/#breadcrumb","itemListElement":[{"@type":"ListItem","position":1,"name":"Accueil","item":"https:\/\/2025.damius.com\/de\/haus\/"},{"@type":"ListItem","position":2,"name":"Rechtlicher Hinweis"}]},{"@type":"WebSite","@id":"https:\/\/2025.damius.com\/#website","url":"https:\/\/2025.damius.com\/","name":"Damius","description":"","publisher":{"@id":"https:\/\/2025.damius.com\/#organization"},"potentialAction":[{"@type":"SearchAction","target":{"@type":"EntryPoint","urlTemplate":"https:\/\/2025.damius.com\/?s={search_term_string}"},"query-input":{"@type":"PropertyValueSpecification","valueRequired":true,"valueName":"search_term_string"}}],"inLanguage":"de"},{"@type":"Organization","@id":"https:\/\/2025.damius.com\/#organization","name":"Damius","url":"https:\/\/2025.damius.com\/","logo":{"@type":"ImageObject","inLanguage":"de","@id":"https:\/\/2025.damius.com\/#\/schema\/logo\/image\/","url":"https:\/\/2025.damius.com\/wp-content\/uploads\/2022\/01\/Logo_Damius-1.jpg","contentUrl":"https:\/\/2025.damius.com\/wp-content\/uploads\/2022\/01\/Logo_Damius-1.jpg","width":616,"height":143,"caption":"Damius"},"image":{"@id":"https:\/\/2025.damius.com\/#\/schema\/logo\/image\/"}}]}},"featured_image_src":null,"featured_image_src_square":null,"_links":{"self":[{"href":"https:\/\/2025.damius.com\/de\/wp-json\/wp\/v2\/pages\/2374","targetHints":{"allow":["GET"]}}],"collection":[{"href":"https:\/\/2025.damius.com\/de\/wp-json\/wp\/v2\/pages"}],"about":[{"href":"https:\/\/2025.damius.com\/de\/wp-json\/wp\/v2\/types\/page"}],"author":[{"embeddable":true,"href":"https:\/\/2025.damius.com\/de\/wp-json\/wp\/v2\/users\/1"}],"replies":[{"embeddable":true,"href":"https:\/\/2025.damius.com\/de\/wp-json\/wp\/v2\/comments?post=2374"}],"version-history":[{"count":1,"href":"https:\/\/2025.damius.com\/de\/wp-json\/wp\/v2\/pages\/2374\/revisions"}],"predecessor-version":[{"id":2375,"href":"https:\/\/2025.damius.com\/de\/wp-json\/wp\/v2\/pages\/2374\/revisions\/2375"}],"wp:attachment":[{"href":"https:\/\/2025.damius.com\/de\/wp-json\/wp\/v2\/media?parent=2374"}],"curies":[{"name":"wp","href":"https:\/\/api.w.org\/{rel}","templated":true}]}}