{"id":2040,"date":"2026-02-04T18:08:06","date_gmt":"2026-02-04T17:08:06","guid":{"rendered":"https:\/\/2025.damius.com\/our-team\/"},"modified":"2026-02-04T18:08:06","modified_gmt":"2026-02-04T17:08:06","slug":"our-team","status":"publish","type":"page","link":"https:\/\/2025.damius.com\/en\/our-team\/","title":{"rendered":"Our team"},"content":{"rendered":"\n<p>Damien Gran &#8211; Designer of the Damius brand electric tricycles, quadricycles and bicycles, he is also the company manager<\/p>\n\n<p>S\u00e9bastien Lavialle &#8211; Production Manager, he also manages shipments<\/p>\n\n<p>J\u00e9r\u00e9my Bizot &#8211; After-Sales Service Manager<\/p>\n\n<p>Martine Gran &#8211; Manages accounting and administrative aspects<\/p>\n\n<p>Mathis &#8211; In charge of sales and customer trials<\/p>\n\n<p>Charly &#8211; In charge of sales and customer trials<\/p>\n\n<p>Cl\u00e9ment Osyda &#8211; In charge of Research and Development and 3D design of our products<\/p>\n\n<p>C\u00e9dric Fornieles &#8211; Tricycle assembly and testing<\/p>\n","protected":false},"excerpt":{"rendered":"<p>Damien Gran &#8211; Designer of the Damius brand electric tricycles, quadricycles and bicycles, he is also the company manager S\u00e9bastien Lavialle &#8211; Production Manager, he also manages shipments J\u00e9r\u00e9my Bizot &#8211; After-Sales Service Manager Martine Gran &#8211; Manages accounting and administrative aspects Mathis &#8211; In charge of sales and customer trials Charly &#8211; In charge [&hellip;]<\/p>\n","protected":false},"author":1,"featured_media":0,"parent":0,"menu_order":0,"comment_status":"closed","ping_status":"closed","template":"","meta":{"_acf_changed":false,"_eb_attr":"","footnotes":""},"class_list":["post-2040","page","type-page","status-publish","hentry"],"acf":[],"yoast_head":"<!-- This site is optimized with the Yoast SEO plugin v27.3 - https:\/\/yoast.com\/product\/yoast-seo-wordpress\/ -->\n<title>Our team - Damius<\/title>\n<meta name=\"robots\" content=\"noindex, follow, max-snippet:-1, max-image-preview:large, max-video-preview:-1\" \/>\n<meta property=\"og:locale\" content=\"en_US\" \/>\n<meta property=\"og:type\" content=\"article\" \/>\n<meta property=\"og:title\" content=\"Our team - Damius\" \/>\n<meta property=\"og:description\" content=\"Damien Gran &#8211; Designer of the Damius brand electric tricycles, quadricycles and bicycles, he is also the company manager S\u00e9bastien Lavialle &#8211; Production Manager, he also manages shipments J\u00e9r\u00e9my Bizot &#8211; After-Sales Service Manager Martine Gran &#8211; Manages accounting and administrative aspects Mathis &#8211; In charge of sales and customer trials Charly &#8211; In charge [&hellip;]\" \/>\n<meta property=\"og:url\" content=\"https:\/\/2025.damius.com\/en\/our-team\/\" \/>\n<meta property=\"og:site_name\" content=\"Damius\" \/>\n<meta name=\"twitter:card\" content=\"summary_large_image\" \/>\n<script type=\"application\/ld+json\" class=\"yoast-schema-graph\">{\"@context\":\"https:\\\/\\\/schema.org\",\"@graph\":[{\"@type\":\"WebPage\",\"@id\":\"https:\\\/\\\/2025.damius.com\\\/en\\\/our-team\\\/\",\"url\":\"https:\\\/\\\/2025.damius.com\\\/en\\\/our-team\\\/\",\"name\":\"Our team - Damius\",\"isPartOf\":{\"@id\":\"https:\\\/\\\/2025.damius.com\\\/#website\"},\"datePublished\":\"2026-02-04T17:08:06+00:00\",\"breadcrumb\":{\"@id\":\"https:\\\/\\\/2025.damius.com\\\/en\\\/our-team\\\/#breadcrumb\"},\"inLanguage\":\"en-US\",\"potentialAction\":[{\"@type\":\"ReadAction\",\"target\":[\"https:\\\/\\\/2025.damius.com\\\/en\\\/our-team\\\/\"]}]},{\"@type\":\"BreadcrumbList\",\"@id\":\"https:\\\/\\\/2025.damius.com\\\/en\\\/our-team\\\/#breadcrumb\",\"itemListElement\":[{\"@type\":\"ListItem\",\"position\":1,\"name\":\"Accueil\",\"item\":\"https:\\\/\\\/2025.damius.com\\\/en\\\/\"},{\"@type\":\"ListItem\",\"position\":2,\"name\":\"Our team\"}]},{\"@type\":\"WebSite\",\"@id\":\"https:\\\/\\\/2025.damius.com\\\/#website\",\"url\":\"https:\\\/\\\/2025.damius.com\\\/\",\"name\":\"Damius\",\"description\":\"\",\"publisher\":{\"@id\":\"https:\\\/\\\/2025.damius.com\\\/#organization\"},\"potentialAction\":[{\"@type\":\"SearchAction\",\"target\":{\"@type\":\"EntryPoint\",\"urlTemplate\":\"https:\\\/\\\/2025.damius.com\\\/?s={search_term_string}\"},\"query-input\":{\"@type\":\"PropertyValueSpecification\",\"valueRequired\":true,\"valueName\":\"search_term_string\"}}],\"inLanguage\":\"en-US\"},{\"@type\":\"Organization\",\"@id\":\"https:\\\/\\\/2025.damius.com\\\/#organization\",\"name\":\"Damius\",\"url\":\"https:\\\/\\\/2025.damius.com\\\/\",\"logo\":{\"@type\":\"ImageObject\",\"inLanguage\":\"en-US\",\"@id\":\"https:\\\/\\\/2025.damius.com\\\/#\\\/schema\\\/logo\\\/image\\\/\",\"url\":\"https:\\\/\\\/2025.damius.com\\\/wp-content\\\/uploads\\\/2022\\\/01\\\/Logo_Damius-1.jpg\",\"contentUrl\":\"https:\\\/\\\/2025.damius.com\\\/wp-content\\\/uploads\\\/2022\\\/01\\\/Logo_Damius-1.jpg\",\"width\":616,\"height\":143,\"caption\":\"Damius\"},\"image\":{\"@id\":\"https:\\\/\\\/2025.damius.com\\\/#\\\/schema\\\/logo\\\/image\\\/\"}}]}<\/script>\n<!-- \/ Yoast SEO plugin. -->","yoast_head_json":{"title":"Our team - Damius","robots":{"index":"noindex","follow":"follow","max-snippet":"max-snippet:-1","max-image-preview":"max-image-preview:large","max-video-preview":"max-video-preview:-1"},"og_locale":"en_US","og_type":"article","og_title":"Our team - Damius","og_description":"Damien Gran &#8211; Designer of the Damius brand electric tricycles, quadricycles and bicycles, he is also the company manager S\u00e9bastien Lavialle &#8211; Production Manager, he also manages shipments J\u00e9r\u00e9my Bizot &#8211; After-Sales Service Manager Martine Gran &#8211; Manages accounting and administrative aspects Mathis &#8211; In charge of sales and customer trials Charly &#8211; In charge [&hellip;]","og_url":"https:\/\/2025.damius.com\/en\/our-team\/","og_site_name":"Damius","twitter_card":"summary_large_image","schema":{"@context":"https:\/\/schema.org","@graph":[{"@type":"WebPage","@id":"https:\/\/2025.damius.com\/en\/our-team\/","url":"https:\/\/2025.damius.com\/en\/our-team\/","name":"Our team - Damius","isPartOf":{"@id":"https:\/\/2025.damius.com\/#website"},"datePublished":"2026-02-04T17:08:06+00:00","breadcrumb":{"@id":"https:\/\/2025.damius.com\/en\/our-team\/#breadcrumb"},"inLanguage":"en-US","potentialAction":[{"@type":"ReadAction","target":["https:\/\/2025.damius.com\/en\/our-team\/"]}]},{"@type":"BreadcrumbList","@id":"https:\/\/2025.damius.com\/en\/our-team\/#breadcrumb","itemListElement":[{"@type":"ListItem","position":1,"name":"Accueil","item":"https:\/\/2025.damius.com\/en\/"},{"@type":"ListItem","position":2,"name":"Our team"}]},{"@type":"WebSite","@id":"https:\/\/2025.damius.com\/#website","url":"https:\/\/2025.damius.com\/","name":"Damius","description":"","publisher":{"@id":"https:\/\/2025.damius.com\/#organization"},"potentialAction":[{"@type":"SearchAction","target":{"@type":"EntryPoint","urlTemplate":"https:\/\/2025.damius.com\/?s={search_term_string}"},"query-input":{"@type":"PropertyValueSpecification","valueRequired":true,"valueName":"search_term_string"}}],"inLanguage":"en-US"},{"@type":"Organization","@id":"https:\/\/2025.damius.com\/#organization","name":"Damius","url":"https:\/\/2025.damius.com\/","logo":{"@type":"ImageObject","inLanguage":"en-US","@id":"https:\/\/2025.damius.com\/#\/schema\/logo\/image\/","url":"https:\/\/2025.damius.com\/wp-content\/uploads\/2022\/01\/Logo_Damius-1.jpg","contentUrl":"https:\/\/2025.damius.com\/wp-content\/uploads\/2022\/01\/Logo_Damius-1.jpg","width":616,"height":143,"caption":"Damius"},"image":{"@id":"https:\/\/2025.damius.com\/#\/schema\/logo\/image\/"}}]}},"featured_image_src":null,"featured_image_src_square":null,"_links":{"self":[{"href":"https:\/\/2025.damius.com\/en\/wp-json\/wp\/v2\/pages\/2040","targetHints":{"allow":["GET"]}}],"collection":[{"href":"https:\/\/2025.damius.com\/en\/wp-json\/wp\/v2\/pages"}],"about":[{"href":"https:\/\/2025.damius.com\/en\/wp-json\/wp\/v2\/types\/page"}],"author":[{"embeddable":true,"href":"https:\/\/2025.damius.com\/en\/wp-json\/wp\/v2\/users\/1"}],"replies":[{"embeddable":true,"href":"https:\/\/2025.damius.com\/en\/wp-json\/wp\/v2\/comments?post=2040"}],"version-history":[{"count":1,"href":"https:\/\/2025.damius.com\/en\/wp-json\/wp\/v2\/pages\/2040\/revisions"}],"predecessor-version":[{"id":2041,"href":"https:\/\/2025.damius.com\/en\/wp-json\/wp\/v2\/pages\/2040\/revisions\/2041"}],"wp:attachment":[{"href":"https:\/\/2025.damius.com\/en\/wp-json\/wp\/v2\/media?parent=2040"}],"curies":[{"name":"wp","href":"https:\/\/api.w.org\/{rel}","templated":true}]}}