{"id":2144,"date":"2026-02-05T17:47:43","date_gmt":"2026-02-05T16:47:43","guid":{"rendered":"https:\/\/2025.damius.com\/try-out-a-damius-adult-tricycle-thanks-to-the-satisfied-or-refunded-guarantee\/"},"modified":"2026-02-06T09:06:19","modified_gmt":"2026-02-06T08:06:19","slug":"try-out-a-damius-adult-tricycle-thanks-to-the-satisfied-or-refunded-guarantee","status":"publish","type":"page","link":"https:\/\/2025.damius.com\/en\/try-out-a-damius-adult-tricycle-thanks-to-the-satisfied-or-refunded-guarantee\/","title":{"rendered":"Try out a Damius adult tricycle thanks to the &#8220;Satisfied or Refunded&#8221; guarantee?"},"content":{"rendered":"\n<figure class=\"wp-block-embed is-type-video is-provider-youtube wp-block-embed-youtube wp-embed-aspect-16-9 wp-has-aspect-ratio\"><div class=\"wp-block-embed__wrapper\">\n<iframe loading=\"lazy\" title=\"Essayer un tricycle \u00e0 assistance \u00e9lectrique chez Damius, leader du tricycle adulte en France.\" width=\"580\" height=\"326\" src=\"https:\/\/www.youtube.com\/embed\/m8eIC3Dim5Y?feature=oembed\" frameborder=\"0\" allow=\"accelerometer; autoplay; clipboard-write; encrypted-media; gyroscope; picture-in-picture; web-share\" referrerpolicy=\"strict-origin-when-cross-origin\" allowfullscreen><\/iframe>\n<\/div><\/figure>\n\n<p><strong>The &#8220;Satisfied or Refunded&#8221; policy at Damius is a real service, carefully considered and optimized to satisfy you!<\/strong><\/p>\n\n<p>Finally, a solution to try an adult tricycle at home, at your own pace and free of charge!<br\/>Enjoy a home trial, in real-world conditions and without being rushed by time. You have 14 days to decide (within a limit of 10 kilometers traveled).<br\/>If you are not satisfied, we will give you a full refund and we will arrange for the free collection of your tricycle via our carrier, <mark style=\"background-color:#fbff00\" class=\"has-inline-color has-primary-color\">without you having to repack it!<\/mark><\/p>\n\n<p><strong>What are the advantages?<\/strong><br\/>&#8211; You receive your electric tricycle at home, 100% assembled and completely ready to use.<br\/>&#8211; No need to travel to try it out; the tricycle comes to you!<br\/>&#8211; Test it at your own pace; you have 14 days after delivery (within a limit of 10 kilometers) to get a feel for it and make your decision.<br\/>&#8211; A test ride made easy thanks to numerous videos provided!<br\/>&#8211; If you do not wish to keep your tricycle, there is no need to justify your decision, simply let us know and we will arrange for its return free of charge!<br\/>&#8211; Free return and full refund if you do not wish to keep your tricycle or, to limit abuse, a \u20ac300 fee if you wish to exchange it for another model, size, color, etc.<\/p>\n\n<p><strong>Why does Damius offer such a service?<br\/><br\/><\/strong>We have been marketing our products for several years now and we have gone through different sales models (ambassador clients, traveling sales, reseller stores). We have observed major problems with each of these methods: difficult management, advice not always relevant, difficulties in getting around for interested people, since we cannot offer a trial solution near each person, limited trial time and very small trial area (generally a few dozen meters in a parking lot). C&#8217;est pourquoi nous avons souhait\u00e9 mettre en place une nouvelle m\u00e9thode pour satisfaire au mieux les personnes int\u00e9ress\u00e9es. We offer <strong>a unique experience by allowing you to test our products at home, stress-free and on the route that interests you<\/strong>, thus ensuring the effectiveness of the product you ordered. And to guarantee perfect service, we handle the product return and assume all costs and responsibilities associated with it during transport! <\/p>\n\n<p><strong>An official commitment!<br\/><br\/><\/strong>In order to be as transparent as possible and to prove our commitment, we have integrated the conditions of &#8220;Satisfied or Refunded&#8221; into our general terms and conditions of sale. These conditions are presented to you during the purchase process and, as required by law, you must accept them to validate your order. Before purchasing, you can easily consult<a href=\"https:\/\/www.damius.com\/fr\/conditions-generales-de-ventes.html\"> our general terms and conditions of sale by clicking here<\/a> (Article 9. Satisfaction Guaranteed or Your Money Back &#8211; Right of Withdrawal).<\/p>\n\n<p><strong>What are the conditions to be met to benefit from the &#8220;Satisfied or Refunded&#8221; guarantee?<br\/><br\/><\/strong>&#8211; The address for collecting the tricycle must be in France<br\/>&#8211; You have 14 calendar days from the delivery of your tricycle to notify us of your wish to withdraw in writing (email or letter)<br\/>&#8211; The tricycle must not have more than 10 kilometers on the odometer and must be in new condition (clean, no scratches or dents, no signs of wear)<br\/>&#8211; The test(s) will have been carried out on a clean, dry surface (no rain, no dirt or gravel paths) to ensure the tricycle remains in like-new condition.<br\/>&#8211; All parts, documents, options, and accessories must be present at the time of collection.<br\/>&#8211; This service is limited to one use only.<br\/>&#8211; This service is free for a simple cancellation of your order.<br\/>&#8211; To prevent abuse, a \u20ac300 fee applies if you wish to exchange the tricycle you received for a different model, size, color, etc.<\/p>\n\n<p><strong>How does the return process work?<\/strong><br\/>&#8211; Upon receiving your decision, we will contact you to verify that the conditions listed above have been met.<br\/>&#8211; You will need to provide us with photos of various parts of the tricycle to document its condition before return.<br\/>&#8211; We will then arrange for a carrier to collect the tricycle directly from your home.<br\/>     &gt;&gt; It may take several days or even weeks before the carrier is available and can come to your home.<br\/>     &gt;&gt; During this period, the tricycle is entirely your responsibility; you must keep it safe and protected from the elements.<br\/>     &gt;&gt; We will inform you of the collection date and will do our best to let you know the carrier&#8217;s arrival time.<br\/>&#8211; Upon receipt of the tricycle at our factory, we will inspect it and verify that all accessories are present (battery, keys, any optional extras).<br\/>&#8211; If everything is in order and the tricycle is in new condition, we will immediately issue a full refund for your order.<\/p>\n\n<p><strong>The presentation and learning videos: the detail that makes all the difference!<\/strong><\/p>\n\n<p>Because we owe you the best possible service, we have made about ten videos that you can watch for free before receiving your tricycle so that you are fully prepared on the big day! In these videos, you&#8217;ll benefit from our expert advice on how to successfully ride a tricycle. They&#8217;ll help you get into the right frame of mind so your home trial goes as smoothly as possible.  Some videos will give you tips on how to get started, and others will explain how to use the accessories and controls. You will have free and open access to these videos through links allowing you to watch them online at any time!<\/p>\n","protected":false},"excerpt":{"rendered":"<p>The &#8220;Satisfied or Refunded&#8221; policy at Damius is a real service, carefully considered and optimized to satisfy you! Finally, a solution to try an adult tricycle at home, at your own pace and free of charge!Enjoy a home trial, in real-world conditions and without being rushed by time. You have 14 days to decide (within [&hellip;]<\/p>\n","protected":false},"author":1,"featured_media":0,"parent":0,"menu_order":0,"comment_status":"closed","ping_status":"closed","template":"","meta":{"_acf_changed":false,"_eb_attr":"","footnotes":""},"class_list":["post-2144","page","type-page","status-publish","hentry"],"acf":[],"yoast_head":"<!-- This site is optimized with the Yoast SEO plugin v27.3 - https:\/\/yoast.com\/product\/yoast-seo-wordpress\/ -->\n<title>Try out a Damius adult tricycle thanks to the &quot;Satisfied or Refunded&quot; guarantee? - Damius<\/title>\n<meta name=\"robots\" content=\"noindex, follow, max-snippet:-1, max-image-preview:large, max-video-preview:-1\" \/>\n<meta property=\"og:locale\" content=\"en_US\" \/>\n<meta property=\"og:type\" content=\"article\" \/>\n<meta property=\"og:title\" content=\"Try out a Damius adult tricycle thanks to the &quot;Satisfied or Refunded&quot; guarantee? - Damius\" \/>\n<meta property=\"og:description\" content=\"The &#8220;Satisfied or Refunded&#8221; policy at Damius is a real service, carefully considered and optimized to satisfy you! Finally, a solution to try an adult tricycle at home, at your own pace and free of charge!Enjoy a home trial, in real-world conditions and without being rushed by time. You have 14 days to decide (within [&hellip;]\" \/>\n<meta property=\"og:url\" content=\"https:\/\/2025.damius.com\/en\/try-out-a-damius-adult-tricycle-thanks-to-the-satisfied-or-refunded-guarantee\/\" \/>\n<meta property=\"og:site_name\" content=\"Damius\" \/>\n<meta property=\"article:modified_time\" content=\"2026-02-06T08:06:19+00:00\" \/>\n<meta name=\"twitter:card\" content=\"summary_large_image\" \/>\n<meta name=\"twitter:label1\" content=\"Est. reading time\" \/>\n\t<meta name=\"twitter:data1\" content=\"5 minutes\" \/>\n<script type=\"application\/ld+json\" class=\"yoast-schema-graph\">{\"@context\":\"https:\\\/\\\/schema.org\",\"@graph\":[{\"@type\":\"WebPage\",\"@id\":\"https:\\\/\\\/2025.damius.com\\\/en\\\/try-out-a-damius-adult-tricycle-thanks-to-the-satisfied-or-refunded-guarantee\\\/\",\"url\":\"https:\\\/\\\/2025.damius.com\\\/en\\\/try-out-a-damius-adult-tricycle-thanks-to-the-satisfied-or-refunded-guarantee\\\/\",\"name\":\"Try out a Damius adult tricycle thanks to the \\\"Satisfied or Refunded\\\" guarantee? - Damius\",\"isPartOf\":{\"@id\":\"https:\\\/\\\/2025.damius.com\\\/#website\"},\"datePublished\":\"2026-02-05T16:47:43+00:00\",\"dateModified\":\"2026-02-06T08:06:19+00:00\",\"breadcrumb\":{\"@id\":\"https:\\\/\\\/2025.damius.com\\\/en\\\/try-out-a-damius-adult-tricycle-thanks-to-the-satisfied-or-refunded-guarantee\\\/#breadcrumb\"},\"inLanguage\":\"en-US\",\"potentialAction\":[{\"@type\":\"ReadAction\",\"target\":[\"https:\\\/\\\/2025.damius.com\\\/en\\\/try-out-a-damius-adult-tricycle-thanks-to-the-satisfied-or-refunded-guarantee\\\/\"]}]},{\"@type\":\"BreadcrumbList\",\"@id\":\"https:\\\/\\\/2025.damius.com\\\/en\\\/try-out-a-damius-adult-tricycle-thanks-to-the-satisfied-or-refunded-guarantee\\\/#breadcrumb\",\"itemListElement\":[{\"@type\":\"ListItem\",\"position\":1,\"name\":\"Accueil\",\"item\":\"https:\\\/\\\/2025.damius.com\\\/en\\\/\"},{\"@type\":\"ListItem\",\"position\":2,\"name\":\"Try out a Damius adult tricycle thanks to the \u00ab\u00a0Satisfied or Refunded\u00a0\u00bb guarantee?\"}]},{\"@type\":\"WebSite\",\"@id\":\"https:\\\/\\\/2025.damius.com\\\/#website\",\"url\":\"https:\\\/\\\/2025.damius.com\\\/\",\"name\":\"Damius\",\"description\":\"\",\"publisher\":{\"@id\":\"https:\\\/\\\/2025.damius.com\\\/#organization\"},\"potentialAction\":[{\"@type\":\"SearchAction\",\"target\":{\"@type\":\"EntryPoint\",\"urlTemplate\":\"https:\\\/\\\/2025.damius.com\\\/?s={search_term_string}\"},\"query-input\":{\"@type\":\"PropertyValueSpecification\",\"valueRequired\":true,\"valueName\":\"search_term_string\"}}],\"inLanguage\":\"en-US\"},{\"@type\":\"Organization\",\"@id\":\"https:\\\/\\\/2025.damius.com\\\/#organization\",\"name\":\"Damius\",\"url\":\"https:\\\/\\\/2025.damius.com\\\/\",\"logo\":{\"@type\":\"ImageObject\",\"inLanguage\":\"en-US\",\"@id\":\"https:\\\/\\\/2025.damius.com\\\/#\\\/schema\\\/logo\\\/image\\\/\",\"url\":\"https:\\\/\\\/2025.damius.com\\\/wp-content\\\/uploads\\\/2022\\\/01\\\/Logo_Damius-1.jpg\",\"contentUrl\":\"https:\\\/\\\/2025.damius.com\\\/wp-content\\\/uploads\\\/2022\\\/01\\\/Logo_Damius-1.jpg\",\"width\":616,\"height\":143,\"caption\":\"Damius\"},\"image\":{\"@id\":\"https:\\\/\\\/2025.damius.com\\\/#\\\/schema\\\/logo\\\/image\\\/\"}}]}<\/script>\n<!-- \/ Yoast SEO plugin. -->","yoast_head_json":{"title":"Try out a Damius adult tricycle thanks to the \"Satisfied or Refunded\" guarantee? - Damius","robots":{"index":"noindex","follow":"follow","max-snippet":"max-snippet:-1","max-image-preview":"max-image-preview:large","max-video-preview":"max-video-preview:-1"},"og_locale":"en_US","og_type":"article","og_title":"Try out a Damius adult tricycle thanks to the \"Satisfied or Refunded\" guarantee? - Damius","og_description":"The &#8220;Satisfied or Refunded&#8221; policy at Damius is a real service, carefully considered and optimized to satisfy you! Finally, a solution to try an adult tricycle at home, at your own pace and free of charge!Enjoy a home trial, in real-world conditions and without being rushed by time. You have 14 days to decide (within [&hellip;]","og_url":"https:\/\/2025.damius.com\/en\/try-out-a-damius-adult-tricycle-thanks-to-the-satisfied-or-refunded-guarantee\/","og_site_name":"Damius","article_modified_time":"2026-02-06T08:06:19+00:00","twitter_card":"summary_large_image","twitter_misc":{"Est. reading time":"5 minutes"},"schema":{"@context":"https:\/\/schema.org","@graph":[{"@type":"WebPage","@id":"https:\/\/2025.damius.com\/en\/try-out-a-damius-adult-tricycle-thanks-to-the-satisfied-or-refunded-guarantee\/","url":"https:\/\/2025.damius.com\/en\/try-out-a-damius-adult-tricycle-thanks-to-the-satisfied-or-refunded-guarantee\/","name":"Try out a Damius adult tricycle thanks to the \"Satisfied or Refunded\" guarantee? - Damius","isPartOf":{"@id":"https:\/\/2025.damius.com\/#website"},"datePublished":"2026-02-05T16:47:43+00:00","dateModified":"2026-02-06T08:06:19+00:00","breadcrumb":{"@id":"https:\/\/2025.damius.com\/en\/try-out-a-damius-adult-tricycle-thanks-to-the-satisfied-or-refunded-guarantee\/#breadcrumb"},"inLanguage":"en-US","potentialAction":[{"@type":"ReadAction","target":["https:\/\/2025.damius.com\/en\/try-out-a-damius-adult-tricycle-thanks-to-the-satisfied-or-refunded-guarantee\/"]}]},{"@type":"BreadcrumbList","@id":"https:\/\/2025.damius.com\/en\/try-out-a-damius-adult-tricycle-thanks-to-the-satisfied-or-refunded-guarantee\/#breadcrumb","itemListElement":[{"@type":"ListItem","position":1,"name":"Accueil","item":"https:\/\/2025.damius.com\/en\/"},{"@type":"ListItem","position":2,"name":"Try out a Damius adult tricycle thanks to the \u00ab\u00a0Satisfied or Refunded\u00a0\u00bb guarantee?"}]},{"@type":"WebSite","@id":"https:\/\/2025.damius.com\/#website","url":"https:\/\/2025.damius.com\/","name":"Damius","description":"","publisher":{"@id":"https:\/\/2025.damius.com\/#organization"},"potentialAction":[{"@type":"SearchAction","target":{"@type":"EntryPoint","urlTemplate":"https:\/\/2025.damius.com\/?s={search_term_string}"},"query-input":{"@type":"PropertyValueSpecification","valueRequired":true,"valueName":"search_term_string"}}],"inLanguage":"en-US"},{"@type":"Organization","@id":"https:\/\/2025.damius.com\/#organization","name":"Damius","url":"https:\/\/2025.damius.com\/","logo":{"@type":"ImageObject","inLanguage":"en-US","@id":"https:\/\/2025.damius.com\/#\/schema\/logo\/image\/","url":"https:\/\/2025.damius.com\/wp-content\/uploads\/2022\/01\/Logo_Damius-1.jpg","contentUrl":"https:\/\/2025.damius.com\/wp-content\/uploads\/2022\/01\/Logo_Damius-1.jpg","width":616,"height":143,"caption":"Damius"},"image":{"@id":"https:\/\/2025.damius.com\/#\/schema\/logo\/image\/"}}]}},"featured_image_src":null,"featured_image_src_square":null,"_links":{"self":[{"href":"https:\/\/2025.damius.com\/en\/wp-json\/wp\/v2\/pages\/2144","targetHints":{"allow":["GET"]}}],"collection":[{"href":"https:\/\/2025.damius.com\/en\/wp-json\/wp\/v2\/pages"}],"about":[{"href":"https:\/\/2025.damius.com\/en\/wp-json\/wp\/v2\/types\/page"}],"author":[{"embeddable":true,"href":"https:\/\/2025.damius.com\/en\/wp-json\/wp\/v2\/users\/1"}],"replies":[{"embeddable":true,"href":"https:\/\/2025.damius.com\/en\/wp-json\/wp\/v2\/comments?post=2144"}],"version-history":[{"count":1,"href":"https:\/\/2025.damius.com\/en\/wp-json\/wp\/v2\/pages\/2144\/revisions"}],"predecessor-version":[{"id":2145,"href":"https:\/\/2025.damius.com\/en\/wp-json\/wp\/v2\/pages\/2144\/revisions\/2145"}],"wp:attachment":[{"href":"https:\/\/2025.damius.com\/en\/wp-json\/wp\/v2\/media?parent=2144"}],"curies":[{"name":"wp","href":"https:\/\/api.w.org\/{rel}","templated":true}]}}