{"id":2248,"date":"2026-02-06T10:26:03","date_gmt":"2026-02-06T09:26:03","guid":{"rendered":"https:\/\/2025.damius.com\/your-tricycle-delivered-to-your-home-ready-to-use-for-1e\/"},"modified":"2026-02-06T11:43:48","modified_gmt":"2026-02-06T10:43:48","slug":"your-tricycle-delivered-to-your-home-ready-to-use-for-1e","status":"publish","type":"page","link":"https:\/\/2025.damius.com\/en\/your-tricycle-delivered-to-your-home-ready-to-use-for-1e\/","title":{"rendered":"Your tricycle delivered to your home &amp; ready to use for 1\u20ac!"},"content":{"rendered":"\n<div class=\"wp-block-columns coltroisimages is-layout-flex wp-container-core-columns-is-layout-9d6595d7 wp-block-columns-is-layout-flex\">\n<div class=\"wp-block-column is-layout-flow wp-block-column-is-layout-flow\">\n<figure class=\"wp-block-image size-full\"><img loading=\"lazy\" decoding=\"async\" width=\"600\" height=\"400\" src=\"https:\/\/2025.damius.com\/wp-content\/uploads\/2022\/01\/service-assemblage.jpg\" alt=\"\" class=\"wp-image-708\" srcset=\"https:\/\/2025.damius.com\/wp-content\/uploads\/2022\/01\/service-assemblage.jpg 600w, https:\/\/2025.damius.com\/wp-content\/uploads\/2022\/01\/service-assemblage-300x200.jpg 300w\" sizes=\"auto, (max-width: 600px) 100vw, 600px\" \/><\/figure>\n<\/div>\n\n\n\n<div class=\"wp-block-column is-layout-flow wp-block-column-is-layout-flow\">\n<figure class=\"wp-block-image size-full\"><img loading=\"lazy\" decoding=\"async\" width=\"393\" height=\"260\" src=\"https:\/\/2025.damius.com\/wp-content\/uploads\/2022\/01\/livraison-tricycle-damius-palette.jpg\" alt=\"\" class=\"wp-image-725\" srcset=\"https:\/\/2025.damius.com\/wp-content\/uploads\/2022\/01\/livraison-tricycle-damius-palette.jpg 393w, https:\/\/2025.damius.com\/wp-content\/uploads\/2022\/01\/livraison-tricycle-damius-palette-300x198.jpg 300w\" sizes=\"auto, (max-width: 393px) 100vw, 393px\" \/><\/figure>\n<\/div>\n\n\n\n<div class=\"wp-block-column is-layout-flow wp-block-column-is-layout-flow\">\n<figure class=\"wp-block-image size-full\"><img loading=\"lazy\" decoding=\"async\" width=\"600\" height=\"400\" src=\"https:\/\/2025.damius.com\/wp-content\/uploads\/2022\/01\/carton_allotricycle.jpg\" alt=\"\" class=\"wp-image-712\" srcset=\"https:\/\/2025.damius.com\/wp-content\/uploads\/2022\/01\/carton_allotricycle.jpg 600w, https:\/\/2025.damius.com\/wp-content\/uploads\/2022\/01\/carton_allotricycle-300x200.jpg 300w\" sizes=\"auto, (max-width: 600px) 100vw, 600px\" \/><\/figure>\n<\/div>\n<\/div>\n\n<p><strong>\u20ac1 is symbolic, but it&#8217;s important!<\/strong><\/p>\n\n<p>We pride ourselves on delivering our tricycles fully assembled and ready to ride. This is no small feat; assembling an Evasion tricycle requires 6 hours for a qualified and trained technician. Details are provided below:  <\/p>\n\n<ul class=\"wp-block-list\">\n<li>Preparing the frame before and after painting<\/li>\n\n\n\n<li>Assembly of sub-assemblies (handlebars, saddle, wheels)<\/li>\n\n\n\n<li>Assembly of the tricycle in its entirety<\/li>\n\n\n\n<li>Installation of options and accessories<\/li>\n\n\n\n<li>Bicycode serial number marking<\/li>\n\n\n\n<li>Adjusting the brakes and derailleur<\/li>\n\n\n\n<li>Testing the tricycle in real-world conditions over approximately 2km<\/li>\n\n\n\n<li>Packaging preparation (pallet and carton construction)<\/li>\n\n\n\n<li>Final checks, quality control and packaging of the tricycle<\/li>\n<\/ul>\n\n<p>In addition to all this service, there are packaging and transport costs.<\/p>\n\n<p>All these services (assembly, packaging, shipping) represent a significant but necessary cost for us to ensure you receive your adult tricycle as quickly as possible. That&#8217;s why we cover these costs entirely, except for this symbolic \u20ac1! <\/p>\n\n<p class=\"has-text-color\" style=\"color:#ff0004\"><em>Beyond the experience and expertise required, this service represents a significant cost for us in terms of labor and transportation. However, it is essential to us that you can use your tricycle in the best possible conditions as soon as it arrives at your home, which is why we ask for a symbolic contribution of just \u20ac1 for the assembly and delivery of your tricycle. <\/em><\/p>\n\n<p><strong>The entire team thanks you in advance for your support.<\/strong><\/p>\n\n<div style=\"height:20px\" aria-hidden=\"true\" class=\"wp-block-spacer\"><\/div>\n\n<p class=\"has-text-color\" style=\"color:#0079be\"><strong>&gt;&gt; Cost and delivery times:<\/strong><\/p>\n\n<p>We process and ship orders Monday through Friday (excluding public holidays). Orders placed on a Saturday, Sunday, or public holiday will be processed the following business day. <\/p>\n\n<p>Currently, shipping is free <strong>for a symbolic \u20ac1 to mainland France, Corsica, and Monaco<\/strong>. Shipments outside of France are possible for an additional fee. <\/p>\n\n<p>Information regarding the stock and availability of our tricycles is indicated on each product page. After the tricycle leaves our premises, please allow 3 to 5 business days for delivery to your address. <\/p>\n\n<p><strong><span style=\"text-decoration: underline;\">SHIPPING OUTSIDE OF METROPOLITAN FRANCE:<\/span><\/strong><\/p>\n\n<p>For shipments to countries other than France, an additional shipping charge will apply.<br\/>Here are the conditions for home delivery:<\/p>\n\n<ul class=\"wp-block-list\">\n<li>Belgium, Netherlands, Luxembourg: Flat rate of \u20ac100 for assembly and home delivery<\/li>\n\n\n\n<li>Germany, Austria, Spain, Portugal, Andorra, Italy: Flat rate of \u20ac200 for assembly and home delivery<\/li>\n\n\n\n<li>Switzerland: Flat rate of \u20ac100 for assembly and home delivery, all taxes and fees included (VAT, customs duties, transit fees)<\/li>\n\n\n\n<li>United Kingdom: VAT-exclusive invoice, \u20ac100 flat fee for assembly and delivery to your home. You will be liable for VAT upon delivery. <\/li>\n<\/ul>\n\n<p class=\"has-text-color\" style=\"color:#ff0004\">&gt;&gt; For delivery to a country other than those mentioned above, please contact us.<\/p>\n\n<div style=\"height:20px\" aria-hidden=\"true\" class=\"wp-block-spacer\"><\/div>\n\n<p class=\"has-text-color\" style=\"color:#0079be\"><strong>&gt;&gt; Track your delivery:<\/strong><\/p>\n\n<p>For the shipment of our tricycles and to keep you informed about the progress of the delivery, our carrier partner GEODIS notifies you by email or SMS at each stage of the shipment (collection of the package, arrival of the package at the agency, etc.).<\/p>\n\n<p>To access real-time delivery information for your order, have your shipping number ready and go to our partner carrier&#8217;s website.<\/p>\n\n<p><strong>GEODIS TRACKING <\/strong>&gt;&gt; <a href=\"http:\/\/www.espacedestinataire.com\/\" target=\"_blank\" rel=\"noreferrer noopener\">www.espacedestinataire.com<\/a><\/p>\n\n<div style=\"height:20px\" aria-hidden=\"true\" class=\"wp-block-spacer\"><\/div>\n\n<p class=\"has-text-color\" style=\"color:#0079be\"><strong>&gt;&gt; Delivery to your home:<\/strong><\/p>\n\n<p><img loading=\"lazy\" decoding=\"async\" width=\"220\" height=\"103\" class=\"wp-image-731\" style=\"width: 220px;\" src=\"https:\/\/2025.damius.com\/wp-content\/uploads\/2022\/01\/geodis.jpg\" alt=\"\" srcset=\"https:\/\/2025.damius.com\/wp-content\/uploads\/2022\/01\/geodis.jpg 600w, https:\/\/2025.damius.com\/wp-content\/uploads\/2022\/01\/geodis-300x141.jpg 300w\" sizes=\"auto, (max-width: 220px) 100vw, 220px\" \/><br\/>To guarantee you a fast and careful shipment, all our tricycle shipments are insured by the transport company GEODIS.<\/p>\n\n<p>After the carrier takes charge of the package at our workshop, your tricycle will be delivered to your home in a maximum of 5 days* (excluding weekends and public holidays).<\/p>\n\n<p>The carrier will keep you informed by email and text message about the package&#8217;s progress. Once the package arrives at the delivery agency, you can choose the delivery date. This ensures you&#8217;ll be home to receive your package.  <\/p>\n\n<p>We advise you to check the condition and contents of your package in the presence of the driver so that you can make reservations on the delivery slip if you notice any damage to the packaging or the product itself.<\/p>\n\n<div style=\"height:20px\" aria-hidden=\"true\" class=\"wp-block-spacer\"><\/div>\n\n<p class=\"has-text-color\" style=\"color:#0079be\"> <strong>&gt;&gt; Collection in person at our workshop:<\/strong><\/p>\n\n<p class=\"has-primary-color has-text-color\">Pour une livraison pratique et conviviale, vous avez \u00e9galement la possibilit\u00e9 de r\u00e9cup\u00e9rer votre tricycle enti\u00e8rement mont\u00e9 et pr\u00eat \u00e0 l\u2019emploi sur place dans nos locaux situ\u00e9s \u00e0 MIRAMAS (13) &#8211; Du lundi au samedi de 9h00 \u00e0 12h00 et de 14h00 \u00e0 16h00 <mark style=\"background-color:rgba(0, 0, 0, 0);color:#ff0000\" class=\"has-inline-color\">(sur rendez-vous uniquement)<\/mark>, nous sommes joignables au 04 90 59 49 10.<\/p>\n","protected":false},"excerpt":{"rendered":"<p>\u20ac1 is symbolic, but it&#8217;s important! We pride ourselves on delivering our tricycles fully assembled and ready to ride. This is no small feat; assembling an Evasion tricycle requires 6 hours for a qualified and trained technician. Details are provided below: In addition to all this service, there are packaging and transport costs. All these [&hellip;]<\/p>\n","protected":false},"author":1,"featured_media":0,"parent":0,"menu_order":0,"comment_status":"closed","ping_status":"closed","template":"","meta":{"_acf_changed":false,"_eb_attr":"","footnotes":""},"class_list":["post-2248","page","type-page","status-publish","hentry"],"acf":[],"yoast_head":"<!-- This site is optimized with the Yoast SEO plugin v27.3 - https:\/\/yoast.com\/product\/yoast-seo-wordpress\/ -->\n<title>Your tricycle delivered to your home &amp; ready to use for 1\u20ac! - Damius<\/title>\n<meta name=\"robots\" content=\"noindex, follow, max-snippet:-1, max-image-preview:large, max-video-preview:-1\" \/>\n<meta property=\"og:locale\" content=\"en_US\" \/>\n<meta property=\"og:type\" content=\"article\" \/>\n<meta property=\"og:title\" content=\"Your tricycle delivered to your home &amp; ready to use for 1\u20ac! - Damius\" \/>\n<meta property=\"og:description\" content=\"\u20ac1 is symbolic, but it&#8217;s important! We pride ourselves on delivering our tricycles fully assembled and ready to ride. This is no small feat; assembling an Evasion tricycle requires 6 hours for a qualified and trained technician. Details are provided below: In addition to all this service, there are packaging and transport costs. All these [&hellip;]\" \/>\n<meta property=\"og:url\" content=\"https:\/\/2025.damius.com\/en\/your-tricycle-delivered-to-your-home-ready-to-use-for-1e\/\" \/>\n<meta property=\"og:site_name\" content=\"Damius\" \/>\n<meta property=\"article:modified_time\" content=\"2026-02-06T10:43:48+00:00\" \/>\n<meta property=\"og:image\" content=\"https:\/\/2025.damius.com\/wp-content\/uploads\/2022\/01\/service-assemblage.jpg\" \/>\n\t<meta property=\"og:image:width\" content=\"600\" \/>\n\t<meta property=\"og:image:height\" content=\"400\" \/>\n\t<meta property=\"og:image:type\" content=\"image\/jpeg\" \/>\n<meta name=\"twitter:card\" content=\"summary_large_image\" \/>\n<meta name=\"twitter:label1\" content=\"Est. reading time\" \/>\n\t<meta name=\"twitter:data1\" content=\"3 minutes\" \/>\n<script type=\"application\/ld+json\" class=\"yoast-schema-graph\">{\"@context\":\"https:\\\/\\\/schema.org\",\"@graph\":[{\"@type\":\"WebPage\",\"@id\":\"https:\\\/\\\/2025.damius.com\\\/en\\\/your-tricycle-delivered-to-your-home-ready-to-use-for-1e\\\/\",\"url\":\"https:\\\/\\\/2025.damius.com\\\/en\\\/your-tricycle-delivered-to-your-home-ready-to-use-for-1e\\\/\",\"name\":\"Your tricycle delivered to your home &amp; ready to use for 1\u20ac! - Damius\",\"isPartOf\":{\"@id\":\"https:\\\/\\\/2025.damius.com\\\/#website\"},\"primaryImageOfPage\":{\"@id\":\"https:\\\/\\\/2025.damius.com\\\/en\\\/your-tricycle-delivered-to-your-home-ready-to-use-for-1e\\\/#primaryimage\"},\"image\":{\"@id\":\"https:\\\/\\\/2025.damius.com\\\/en\\\/your-tricycle-delivered-to-your-home-ready-to-use-for-1e\\\/#primaryimage\"},\"thumbnailUrl\":\"https:\\\/\\\/2025.damius.com\\\/wp-content\\\/uploads\\\/2022\\\/01\\\/service-assemblage.jpg\",\"datePublished\":\"2026-02-06T09:26:03+00:00\",\"dateModified\":\"2026-02-06T10:43:48+00:00\",\"breadcrumb\":{\"@id\":\"https:\\\/\\\/2025.damius.com\\\/en\\\/your-tricycle-delivered-to-your-home-ready-to-use-for-1e\\\/#breadcrumb\"},\"inLanguage\":\"en-US\",\"potentialAction\":[{\"@type\":\"ReadAction\",\"target\":[\"https:\\\/\\\/2025.damius.com\\\/en\\\/your-tricycle-delivered-to-your-home-ready-to-use-for-1e\\\/\"]}]},{\"@type\":\"ImageObject\",\"inLanguage\":\"en-US\",\"@id\":\"https:\\\/\\\/2025.damius.com\\\/en\\\/your-tricycle-delivered-to-your-home-ready-to-use-for-1e\\\/#primaryimage\",\"url\":\"https:\\\/\\\/2025.damius.com\\\/wp-content\\\/uploads\\\/2022\\\/01\\\/service-assemblage.jpg\",\"contentUrl\":\"https:\\\/\\\/2025.damius.com\\\/wp-content\\\/uploads\\\/2022\\\/01\\\/service-assemblage.jpg\"},{\"@type\":\"BreadcrumbList\",\"@id\":\"https:\\\/\\\/2025.damius.com\\\/en\\\/your-tricycle-delivered-to-your-home-ready-to-use-for-1e\\\/#breadcrumb\",\"itemListElement\":[{\"@type\":\"ListItem\",\"position\":1,\"name\":\"Accueil\",\"item\":\"https:\\\/\\\/2025.damius.com\\\/en\\\/\"},{\"@type\":\"ListItem\",\"position\":2,\"name\":\"Your tricycle delivered to your home &amp; ready to use for 1\u20ac!\"}]},{\"@type\":\"WebSite\",\"@id\":\"https:\\\/\\\/2025.damius.com\\\/#website\",\"url\":\"https:\\\/\\\/2025.damius.com\\\/\",\"name\":\"Damius\",\"description\":\"\",\"publisher\":{\"@id\":\"https:\\\/\\\/2025.damius.com\\\/#organization\"},\"potentialAction\":[{\"@type\":\"SearchAction\",\"target\":{\"@type\":\"EntryPoint\",\"urlTemplate\":\"https:\\\/\\\/2025.damius.com\\\/?s={search_term_string}\"},\"query-input\":{\"@type\":\"PropertyValueSpecification\",\"valueRequired\":true,\"valueName\":\"search_term_string\"}}],\"inLanguage\":\"en-US\"},{\"@type\":\"Organization\",\"@id\":\"https:\\\/\\\/2025.damius.com\\\/#organization\",\"name\":\"Damius\",\"url\":\"https:\\\/\\\/2025.damius.com\\\/\",\"logo\":{\"@type\":\"ImageObject\",\"inLanguage\":\"en-US\",\"@id\":\"https:\\\/\\\/2025.damius.com\\\/#\\\/schema\\\/logo\\\/image\\\/\",\"url\":\"https:\\\/\\\/2025.damius.com\\\/wp-content\\\/uploads\\\/2022\\\/01\\\/Logo_Damius-1.jpg\",\"contentUrl\":\"https:\\\/\\\/2025.damius.com\\\/wp-content\\\/uploads\\\/2022\\\/01\\\/Logo_Damius-1.jpg\",\"width\":616,\"height\":143,\"caption\":\"Damius\"},\"image\":{\"@id\":\"https:\\\/\\\/2025.damius.com\\\/#\\\/schema\\\/logo\\\/image\\\/\"}}]}<\/script>\n<!-- \/ Yoast SEO plugin. -->","yoast_head_json":{"title":"Your tricycle delivered to your home &amp; ready to use for 1\u20ac! - Damius","robots":{"index":"noindex","follow":"follow","max-snippet":"max-snippet:-1","max-image-preview":"max-image-preview:large","max-video-preview":"max-video-preview:-1"},"og_locale":"en_US","og_type":"article","og_title":"Your tricycle delivered to your home &amp; ready to use for 1\u20ac! - Damius","og_description":"\u20ac1 is symbolic, but it&#8217;s important! We pride ourselves on delivering our tricycles fully assembled and ready to ride. This is no small feat; assembling an Evasion tricycle requires 6 hours for a qualified and trained technician. Details are provided below: In addition to all this service, there are packaging and transport costs. All these [&hellip;]","og_url":"https:\/\/2025.damius.com\/en\/your-tricycle-delivered-to-your-home-ready-to-use-for-1e\/","og_site_name":"Damius","article_modified_time":"2026-02-06T10:43:48+00:00","og_image":[{"width":600,"height":400,"url":"https:\/\/2025.damius.com\/wp-content\/uploads\/2022\/01\/service-assemblage.jpg","type":"image\/jpeg"}],"twitter_card":"summary_large_image","twitter_misc":{"Est. reading time":"3 minutes"},"schema":{"@context":"https:\/\/schema.org","@graph":[{"@type":"WebPage","@id":"https:\/\/2025.damius.com\/en\/your-tricycle-delivered-to-your-home-ready-to-use-for-1e\/","url":"https:\/\/2025.damius.com\/en\/your-tricycle-delivered-to-your-home-ready-to-use-for-1e\/","name":"Your tricycle delivered to your home &amp; ready to use for 1\u20ac! - Damius","isPartOf":{"@id":"https:\/\/2025.damius.com\/#website"},"primaryImageOfPage":{"@id":"https:\/\/2025.damius.com\/en\/your-tricycle-delivered-to-your-home-ready-to-use-for-1e\/#primaryimage"},"image":{"@id":"https:\/\/2025.damius.com\/en\/your-tricycle-delivered-to-your-home-ready-to-use-for-1e\/#primaryimage"},"thumbnailUrl":"https:\/\/2025.damius.com\/wp-content\/uploads\/2022\/01\/service-assemblage.jpg","datePublished":"2026-02-06T09:26:03+00:00","dateModified":"2026-02-06T10:43:48+00:00","breadcrumb":{"@id":"https:\/\/2025.damius.com\/en\/your-tricycle-delivered-to-your-home-ready-to-use-for-1e\/#breadcrumb"},"inLanguage":"en-US","potentialAction":[{"@type":"ReadAction","target":["https:\/\/2025.damius.com\/en\/your-tricycle-delivered-to-your-home-ready-to-use-for-1e\/"]}]},{"@type":"ImageObject","inLanguage":"en-US","@id":"https:\/\/2025.damius.com\/en\/your-tricycle-delivered-to-your-home-ready-to-use-for-1e\/#primaryimage","url":"https:\/\/2025.damius.com\/wp-content\/uploads\/2022\/01\/service-assemblage.jpg","contentUrl":"https:\/\/2025.damius.com\/wp-content\/uploads\/2022\/01\/service-assemblage.jpg"},{"@type":"BreadcrumbList","@id":"https:\/\/2025.damius.com\/en\/your-tricycle-delivered-to-your-home-ready-to-use-for-1e\/#breadcrumb","itemListElement":[{"@type":"ListItem","position":1,"name":"Accueil","item":"https:\/\/2025.damius.com\/en\/"},{"@type":"ListItem","position":2,"name":"Your tricycle delivered to your home &amp; ready to use for 1\u20ac!"}]},{"@type":"WebSite","@id":"https:\/\/2025.damius.com\/#website","url":"https:\/\/2025.damius.com\/","name":"Damius","description":"","publisher":{"@id":"https:\/\/2025.damius.com\/#organization"},"potentialAction":[{"@type":"SearchAction","target":{"@type":"EntryPoint","urlTemplate":"https:\/\/2025.damius.com\/?s={search_term_string}"},"query-input":{"@type":"PropertyValueSpecification","valueRequired":true,"valueName":"search_term_string"}}],"inLanguage":"en-US"},{"@type":"Organization","@id":"https:\/\/2025.damius.com\/#organization","name":"Damius","url":"https:\/\/2025.damius.com\/","logo":{"@type":"ImageObject","inLanguage":"en-US","@id":"https:\/\/2025.damius.com\/#\/schema\/logo\/image\/","url":"https:\/\/2025.damius.com\/wp-content\/uploads\/2022\/01\/Logo_Damius-1.jpg","contentUrl":"https:\/\/2025.damius.com\/wp-content\/uploads\/2022\/01\/Logo_Damius-1.jpg","width":616,"height":143,"caption":"Damius"},"image":{"@id":"https:\/\/2025.damius.com\/#\/schema\/logo\/image\/"}}]}},"featured_image_src":null,"featured_image_src_square":null,"_links":{"self":[{"href":"https:\/\/2025.damius.com\/en\/wp-json\/wp\/v2\/pages\/2248","targetHints":{"allow":["GET"]}}],"collection":[{"href":"https:\/\/2025.damius.com\/en\/wp-json\/wp\/v2\/pages"}],"about":[{"href":"https:\/\/2025.damius.com\/en\/wp-json\/wp\/v2\/types\/page"}],"author":[{"embeddable":true,"href":"https:\/\/2025.damius.com\/en\/wp-json\/wp\/v2\/users\/1"}],"replies":[{"embeddable":true,"href":"https:\/\/2025.damius.com\/en\/wp-json\/wp\/v2\/comments?post=2248"}],"version-history":[{"count":3,"href":"https:\/\/2025.damius.com\/en\/wp-json\/wp\/v2\/pages\/2248\/revisions"}],"predecessor-version":[{"id":2310,"href":"https:\/\/2025.damius.com\/en\/wp-json\/wp\/v2\/pages\/2248\/revisions\/2310"}],"wp:attachment":[{"href":"https:\/\/2025.damius.com\/en\/wp-json\/wp\/v2\/media?parent=2248"}],"curies":[{"name":"wp","href":"https:\/\/api.w.org\/{rel}","templated":true}]}}