{"id":2352,"date":"2026-02-09T11:38:35","date_gmt":"2026-02-09T10:38:35","guid":{"rendered":"https:\/\/2025.damius.com\/frequently-asked-questions\/"},"modified":"2026-02-09T11:39:02","modified_gmt":"2026-02-09T10:39:02","slug":"frequently-asked-questions","status":"publish","type":"page","link":"https:\/\/2025.damius.com\/en\/frequently-asked-questions\/","title":{"rendered":"Frequently Asked Questions"},"content":{"rendered":"\n<p><strong><strong><span style=\"text-decoration: underline;\">&gt;&gt; Where can we check out and test ride your tricycles?<\/span><\/strong><\/strong><\/p>\n\n<p>We understand that many of you would like to see or try out your tricycle before ordering it.<br\/>That&#8217;s why we offer a home trial service! You can find all the information about this service here: <a href=\"https:\/\/www.damius.com\/fr\/comment-essayer-nos-tricycles.html\">How to try it out?<\/a> <\/p>\n\n<p>Of course, if you prefer to visit us, we welcome you, by appointment only, to our home from Monday to Friday at the following address:<\/p>\n\n<p>DAMIUS<br\/>33 avenue du Royaume-Uni<br\/>ZI les Moli\u00e8res<br\/>13140 MIRAMAS &#8211; France<\/p>\n\n<p class=\"has-text-color has-link-color wp-elements-fb36f97df72a333423fb62729c60de67\" style=\"color:#ff0000\"><strong>Make an appointment by phone at 04 90 59 49 10 (option 1) or by email at <a href=\"mailto:info@damius.com\">info@damius.com<\/a><\/strong><\/p>\n\n<p>You will be able to see the latest innovations and specific accessories exclusively, and you can also visit our workshops if you wish!<\/p>\n\n<p>In addition, all our models are available for testing so that you can compare and choose the tricycle that suits you best.<\/p>\n\n<p>An attendant will prepare your tricycle and guide you during the initial setup to ensure all the necessary comfort and peace of mind.<\/p>\n\n<p><span style=\"color:#ff0004\" class=\"has-inline-color\"><strong>Important:<\/strong> Tricycle trials are by prior appointment only. To make an appointment, contact us by phone at 04 90 59 49 10<em> (non-premium rate number &#8211; from abroad +33 490 594 910)<\/em>.<\/span><\/p>\n\n<div style=\"height:20px\" aria-hidden=\"true\" class=\"wp-block-spacer\"><\/div>\n\n<p><strong><span style=\"text-decoration: underline;\">&gt;&gt; How do I place an order?<\/span><\/strong><\/p>\n\n<p><strong>* On the Internet<\/strong><\/p>\n\n<p>You can order directly online 24\/7 on our website<strong> <\/strong><a href=\"https:\/\/www.damius.com\/fr\/\"><strong>www.damius.com<\/strong><\/a><\/p>\n\n<p>It&#8217;s very simple, just follow these 4 steps:<br\/>Step 1: Choose your item<br\/>Step 2: Add the desired item(s) to your cart<br\/>Step 3: Enter your delivery address and choose a payment method<br\/>Step 4: Check the accuracy of the information and confirm<\/p>\n\n<p><strong>* By telephone<\/strong><\/p>\n\n<p>04 90 59 49 10<strong> <\/strong><em>(non-premium rate number &#8211; from abroad <em>+33 490 594 910<\/em>)<\/em><\/p>\n\n<p>It&#8217;s simple and user-friendly! You can order by phone from Monday to Friday from 9:00am to 12:30pm and from 2:00pm to 5:30pm. Our advisors will assist you with a smile and provide you with all the necessary information for a purchase under the best conditions.<\/p>\n\n<p><strong>* By mail<\/strong><\/p>\n\n<p>DAMIUS<br\/>33 avenue du Royaume-Uni<br\/>ZI les Moli\u00e8res<br\/>13140 MIRAMAS &#8211; France<\/p>\n\n<p>It&#8217;s even easier, simply fill out an order form and send it to us along with your payment to the address above. It&#8217;s even easier, simply fill out an order form and send it to us along with your payment to the address above. <\/p>\n\n<p>To obtain your order form to fill in &gt;&gt; <a href=\"https:\/\/www.damius.com\/media\/wysiwyg\/bon-de-commande-courrier.pdf\" target=\"_blank\" rel=\"noreferrer noopener\">click here<\/a> or request it by phone at 04 90 59 49 10 <em>(non-premium rate number &#8211; from abroad +33 490 594 910)<\/em>.<\/p>\n\n<div style=\"height:20px\" aria-hidden=\"true\" class=\"wp-block-spacer\"><\/div>\n\n<p><strong>&gt;&gt; I&#8217;m not used to ordering online, can you help me?<\/strong><\/p>\n\n<p>If you are not used to making purchases on the Internet, you can place your order quickly and easily by phone at 04 90 59 49 10 <em><em>(non-premium rate number &#8211; from abroad +33 490 594 910).<\/em><\/em> One of our advisors will be happy to provide you with all the necessary information regarding the product, delivery and after-sales service and will be able to take your order. In this case, payment can be made by check or bank transfer.<\/p>\n\n<div style=\"height:20px\" aria-hidden=\"true\" class=\"wp-block-spacer\"><\/div>\n\n<p><strong>&gt;&gt; I do not wish to make a payment online, are there other payment methods?<\/strong><\/p>\n\n<p>If you do not wish to make an online payment by credit card, other payment options are available. You have the option to pay by check (up to 6 times) or by bank transfer (in 1 payment).<\/p>\n\n<p>Learn more about <a href=\"https:\/\/www.damius.com\/fr\/infos-paiement.html\">our payment methods<\/a><\/p>\n\n<div style=\"height:20px\" aria-hidden=\"true\" class=\"wp-block-spacer\"><\/div>\n\n<p><strong>&gt;&gt; How long is the warranty on your tricycles?<\/strong><\/p>\n\n<p>Our warranty conditions are among the best on the market:<\/p>\n\n<p>Lifetime frame warranty (for private individuals only. Frames are guaranteed for 2 years for professionals)<br\/>Electric motor warranty: 2 years<br\/>Battery warranty: 2 years<br\/>Other mechanical or electrical components are guaranteed for 2 years<\/p>\n\n<p>Wear parts not covered by warranty: brake pads and discs, chains, tires, inner tubes, handlebar grips, cables and housing<\/p>\n\n<p>But beyond the warranty periods, we attach great importance to the conditions under which the warranty takes place. Thus, our tricycles have been designed with the greatest care; they benefit from exemplary reliability, and in case of a problem, each element is removable and replaceable by the user himself. Thus, in the vast majority of cases, the defective part is quickly and easily replaced. In more technical (and much rarer) cases, we use repairers located as close as possible to our customers, sometimes even home repairers. The goal is to repair the tricycle as quickly and easily as possible!<\/p>\n\n<p>Learn more about <a href=\"https:\/\/www.damius.com\/fr\/garantie-sav.html\">our warranty conditions<\/a><\/p>\n\n<div style=\"height:20px\" aria-hidden=\"true\" class=\"wp-block-spacer\"><\/div>\n\n<p><strong>&gt;&gt; What is the lifespan of the batteries in electric tricycles?<\/strong><\/p>\n\n<p>The lithium batteries equipping our electric tricycles have a proven lifespan of approximately 4 to 7 years. This represents between 600 and 800 recharge cycles for your battery. Ces informations sont issues de notre exp\u00e9rience et du retour de nos clients, il nous semble que c&#8217;est la plus fiable des informations \ud83d\ude42<\/p>\n\n<div style=\"height:20px\" aria-hidden=\"true\" class=\"wp-block-spacer\"><\/div>\n\n<p><strong>&gt;&gt; Are the tricycles delivered assembled?<\/strong><\/p>\n\n<p>Yes, all <a href=\"https:\/\/www.damius.com\/fr\/infos-montage-livraison.html\">our adult tricycles are delivered fully assembled<\/a>, adjusted and ready to use. This intervention is carried out in our workshops by specialized technicians, which represents a guarantee of quality and trust for our customers.<\/p>\n\n<p>In addition, you can choose to receive your tricycle directly at your home or come and collect it from us directly, we will welcome you with great pleasure!<\/p>\n\n<p>Learn more about <a href=\"https:\/\/www.damius.com\/fr\/infos-montage-livraison.html\">our delivery conditions<\/a><\/p>\n\n<div style=\"height:20px\" aria-hidden=\"true\" class=\"wp-block-spacer\"><\/div>\n\n<p><strong>&gt;&gt; Is it possible to have a custom-made tricycle built?<\/strong><\/p>\n\n<p>If you choose accessories and options to complement your tricycle, they will be installed on your tricycle before being shipped to your home. But our technicians are also able to carry out custom assemblies with special installations so that your tricycle is perfectly adapted to your needs. Contact us to tell us your wishes, we will do our best to make them happen! Depending on the situation, a technician will call you to validate the configuration with you.<\/p>\n\n<p>For any specific requests, <a href=\"https:\/\/www.damius.com\/fr\/contacts.html\">please do not hesitate to contact us!<\/a><\/p>\n\n<div style=\"height:20px\" aria-hidden=\"true\" class=\"wp-block-spacer\"><\/div>\n\n<p><strong>&gt;&gt; How much does delivery cost?<\/strong><\/p>\n\n<p>Good news, home delivery of your ready-to-use tricycle in France costs only \u20ac1! (valable pour la France m\u00e9tropolitaine, la Corse, Monaco).<\/p>\n\n<p>\u20ac1 is not much, but for us the assembly, packaging and shipping service represents a very significant cost!<\/p>\n\n<p>For shipments to countries other than France, an additional shipping charge will apply.<br\/>Here are the conditions for home delivery outside of France:<\/p>\n\n<p>&#8211; Belgium, Luxembourg: Flat rate of \u20ac100 for assembly and home delivery<\/p>\n\n<p>&#8211; Netherlands: Flat rate of \u20ac300 for assembly and home delivery<\/p>\n\n<p>&#8211; Germany, Austria, Spain, Portugal, Andorra, Italy: Flat rate of \u20ac200 for assembly and home delivery<\/p>\n\n<p>&#8211; Switzerland: Flat rate of \u20ac100 for assembly and home delivery, all taxes and fees included (VAT, customs duties, transit fees)<\/p>\n\n<p>&#8211; United Kingdom: Invoicing excluding VAT, flat fee of \u20ac100 for assembly and delivery to your home. You will be liable for VAT upon delivery.<\/p>\n\n<p>&gt;&gt; For delivery to a country other than those mentioned above, please contact us.<\/p>\n\n<p>Learn more about <a href=\"https:\/\/www.damius.com\/fr\/infos-montage-livraison.html\">our delivery conditions<\/a><\/p>\n\n<div style=\"height:20px\" aria-hidden=\"true\" class=\"wp-block-spacer\"><\/div>\n\n<p><strong>&gt;&gt; How long will it take to receive my order?<\/strong><\/p>\n\n<p>If the tricycle you have chosen and the desired accessories are available, it takes 5 working days to receive your order at home. Once your payment is validated, we will assemble your tricycle within 48 hours. After the carrier takes charge of the package, your items can arrive at your home within 72 hours. This timeframe varies depending on the delivery date you choose with the carrier.<\/p>\n\n<p>We do our best to indicate the availability times of our tricycles on their respective product page. Delivery times are also indicated when you complete the online ordering process. Si vous avez le moindre doute ou si vous souhaitez \u00eatre rassur\u00e9(e), n&#8217;h\u00e9sitez surtout pas \u00e0 nous contacter.<\/p>\n\n<p>Learn more about <a href=\"https:\/\/www.damius.com\/fr\/infos-montage-livraison.html\">our delivery conditions<\/a><\/p>\n\n<div style=\"height:20px\" aria-hidden=\"true\" class=\"wp-block-spacer\"><\/div>\n\n<p><strong>&gt;&gt; I am interested in a tricycle, how can I find out if it is available?<\/strong><\/p>\n\n<p>It&#8217;s easy, to find out the availability of a tricycle, simply refer to its product sheet, if you have any doubt, do not hesitate to contact us by phone at 04 90 59 49 10 or from abroad <em>+33 490 594 910<\/em> <em>(cost of a local call)<\/em> we will be happy to provide you with more precise information.<\/p>\n\n<div style=\"height:20px\" aria-hidden=\"true\" class=\"wp-block-spacer\"><\/div>\n\n<p><strong>&gt;&gt; How does customer service work?<\/strong><\/p>\n\n<p>If you experience a problem with your tricycle during the warranty period and under normal use, we will diagnose the problem together and then send you the defective part(s) so that you can replace them.<\/p>\n\n<p>If you are unable to repair your tricycle yourself, and depending on the circumstances, we will redirect you to a qualified repairer as close as possible to your home to take care of the restoration of your tricycle. Depending on the sector, this may involve home repairers.<\/p>\n\n<p>Learn more about<a href=\"https:\/\/www.damius.com\/fr\/garantie-sav.html\"> our After-Sales Service<\/a><\/p>\n\n<div style=\"height:20px\" aria-hidden=\"true\" class=\"wp-block-spacer\"><\/div>\n\n<p><strong>&gt;&gt; How do I properly maintain my tricycle?<\/strong><strong><\/strong><\/p>\n\n<p>To keep your tricycle in good condition, we provide you with a maintenance guide informing you of all the important rules to follow. If you have any doubts, please note that any bike shop is authorized to service your tricycle.<\/p>\n\n<p>You can also find valuable information on <a href=\"https:\/\/www.damius.com\/blog\/\">our blog by clicking here!<\/a><\/p>\n","protected":false},"excerpt":{"rendered":"<p>&gt;&gt; Where can we check out and test ride your tricycles? We understand that many of you would like to see or try out your tricycle before ordering it.That&#8217;s why we offer a home trial service! You can find all the information about this service here: How to try it out? Of course, if you [&hellip;]<\/p>\n","protected":false},"author":1,"featured_media":0,"parent":0,"menu_order":0,"comment_status":"closed","ping_status":"closed","template":"","meta":{"_acf_changed":false,"_eb_attr":"","footnotes":""},"class_list":["post-2352","page","type-page","status-publish","hentry"],"acf":[],"yoast_head":"<!-- This site is optimized with the Yoast SEO plugin v27.3 - https:\/\/yoast.com\/product\/yoast-seo-wordpress\/ -->\n<title>Frequently Asked Questions - Damius<\/title>\n<meta name=\"robots\" content=\"noindex, follow, max-snippet:-1, max-image-preview:large, max-video-preview:-1\" \/>\n<meta property=\"og:locale\" content=\"en_US\" \/>\n<meta property=\"og:type\" content=\"article\" \/>\n<meta property=\"og:title\" content=\"Frequently Asked Questions - Damius\" \/>\n<meta property=\"og:description\" content=\"&gt;&gt; Where can we check out and test ride your tricycles? We understand that many of you would like to see or try out your tricycle before ordering it.That&#8217;s why we offer a home trial service! You can find all the information about this service here: How to try it out? Of course, if you [&hellip;]\" \/>\n<meta property=\"og:url\" content=\"https:\/\/2025.damius.com\/en\/frequently-asked-questions\/\" \/>\n<meta property=\"og:site_name\" content=\"Damius\" \/>\n<meta property=\"article:modified_time\" content=\"2026-02-09T10:39:02+00:00\" \/>\n<meta name=\"twitter:card\" content=\"summary_large_image\" \/>\n<meta name=\"twitter:label1\" content=\"Est. reading time\" \/>\n\t<meta name=\"twitter:data1\" content=\"7 minutes\" \/>\n<script type=\"application\/ld+json\" class=\"yoast-schema-graph\">{\"@context\":\"https:\\\/\\\/schema.org\",\"@graph\":[{\"@type\":\"WebPage\",\"@id\":\"https:\\\/\\\/2025.damius.com\\\/en\\\/frequently-asked-questions\\\/\",\"url\":\"https:\\\/\\\/2025.damius.com\\\/en\\\/frequently-asked-questions\\\/\",\"name\":\"Frequently Asked Questions - Damius\",\"isPartOf\":{\"@id\":\"https:\\\/\\\/2025.damius.com\\\/#website\"},\"datePublished\":\"2026-02-09T10:38:35+00:00\",\"dateModified\":\"2026-02-09T10:39:02+00:00\",\"breadcrumb\":{\"@id\":\"https:\\\/\\\/2025.damius.com\\\/en\\\/frequently-asked-questions\\\/#breadcrumb\"},\"inLanguage\":\"en-US\",\"potentialAction\":[{\"@type\":\"ReadAction\",\"target\":[\"https:\\\/\\\/2025.damius.com\\\/en\\\/frequently-asked-questions\\\/\"]}]},{\"@type\":\"BreadcrumbList\",\"@id\":\"https:\\\/\\\/2025.damius.com\\\/en\\\/frequently-asked-questions\\\/#breadcrumb\",\"itemListElement\":[{\"@type\":\"ListItem\",\"position\":1,\"name\":\"Accueil\",\"item\":\"https:\\\/\\\/2025.damius.com\\\/en\\\/\"},{\"@type\":\"ListItem\",\"position\":2,\"name\":\"Frequently Asked Questions\"}]},{\"@type\":\"WebSite\",\"@id\":\"https:\\\/\\\/2025.damius.com\\\/#website\",\"url\":\"https:\\\/\\\/2025.damius.com\\\/\",\"name\":\"Damius\",\"description\":\"\",\"publisher\":{\"@id\":\"https:\\\/\\\/2025.damius.com\\\/#organization\"},\"potentialAction\":[{\"@type\":\"SearchAction\",\"target\":{\"@type\":\"EntryPoint\",\"urlTemplate\":\"https:\\\/\\\/2025.damius.com\\\/?s={search_term_string}\"},\"query-input\":{\"@type\":\"PropertyValueSpecification\",\"valueRequired\":true,\"valueName\":\"search_term_string\"}}],\"inLanguage\":\"en-US\"},{\"@type\":\"Organization\",\"@id\":\"https:\\\/\\\/2025.damius.com\\\/#organization\",\"name\":\"Damius\",\"url\":\"https:\\\/\\\/2025.damius.com\\\/\",\"logo\":{\"@type\":\"ImageObject\",\"inLanguage\":\"en-US\",\"@id\":\"https:\\\/\\\/2025.damius.com\\\/#\\\/schema\\\/logo\\\/image\\\/\",\"url\":\"https:\\\/\\\/2025.damius.com\\\/wp-content\\\/uploads\\\/2022\\\/01\\\/Logo_Damius-1.jpg\",\"contentUrl\":\"https:\\\/\\\/2025.damius.com\\\/wp-content\\\/uploads\\\/2022\\\/01\\\/Logo_Damius-1.jpg\",\"width\":616,\"height\":143,\"caption\":\"Damius\"},\"image\":{\"@id\":\"https:\\\/\\\/2025.damius.com\\\/#\\\/schema\\\/logo\\\/image\\\/\"}}]}<\/script>\n<!-- \/ Yoast SEO plugin. -->","yoast_head_json":{"title":"Frequently Asked Questions - Damius","robots":{"index":"noindex","follow":"follow","max-snippet":"max-snippet:-1","max-image-preview":"max-image-preview:large","max-video-preview":"max-video-preview:-1"},"og_locale":"en_US","og_type":"article","og_title":"Frequently Asked Questions - Damius","og_description":"&gt;&gt; Where can we check out and test ride your tricycles? We understand that many of you would like to see or try out your tricycle before ordering it.That&#8217;s why we offer a home trial service! You can find all the information about this service here: How to try it out? Of course, if you [&hellip;]","og_url":"https:\/\/2025.damius.com\/en\/frequently-asked-questions\/","og_site_name":"Damius","article_modified_time":"2026-02-09T10:39:02+00:00","twitter_card":"summary_large_image","twitter_misc":{"Est. reading time":"7 minutes"},"schema":{"@context":"https:\/\/schema.org","@graph":[{"@type":"WebPage","@id":"https:\/\/2025.damius.com\/en\/frequently-asked-questions\/","url":"https:\/\/2025.damius.com\/en\/frequently-asked-questions\/","name":"Frequently Asked Questions - Damius","isPartOf":{"@id":"https:\/\/2025.damius.com\/#website"},"datePublished":"2026-02-09T10:38:35+00:00","dateModified":"2026-02-09T10:39:02+00:00","breadcrumb":{"@id":"https:\/\/2025.damius.com\/en\/frequently-asked-questions\/#breadcrumb"},"inLanguage":"en-US","potentialAction":[{"@type":"ReadAction","target":["https:\/\/2025.damius.com\/en\/frequently-asked-questions\/"]}]},{"@type":"BreadcrumbList","@id":"https:\/\/2025.damius.com\/en\/frequently-asked-questions\/#breadcrumb","itemListElement":[{"@type":"ListItem","position":1,"name":"Accueil","item":"https:\/\/2025.damius.com\/en\/"},{"@type":"ListItem","position":2,"name":"Frequently Asked Questions"}]},{"@type":"WebSite","@id":"https:\/\/2025.damius.com\/#website","url":"https:\/\/2025.damius.com\/","name":"Damius","description":"","publisher":{"@id":"https:\/\/2025.damius.com\/#organization"},"potentialAction":[{"@type":"SearchAction","target":{"@type":"EntryPoint","urlTemplate":"https:\/\/2025.damius.com\/?s={search_term_string}"},"query-input":{"@type":"PropertyValueSpecification","valueRequired":true,"valueName":"search_term_string"}}],"inLanguage":"en-US"},{"@type":"Organization","@id":"https:\/\/2025.damius.com\/#organization","name":"Damius","url":"https:\/\/2025.damius.com\/","logo":{"@type":"ImageObject","inLanguage":"en-US","@id":"https:\/\/2025.damius.com\/#\/schema\/logo\/image\/","url":"https:\/\/2025.damius.com\/wp-content\/uploads\/2022\/01\/Logo_Damius-1.jpg","contentUrl":"https:\/\/2025.damius.com\/wp-content\/uploads\/2022\/01\/Logo_Damius-1.jpg","width":616,"height":143,"caption":"Damius"},"image":{"@id":"https:\/\/2025.damius.com\/#\/schema\/logo\/image\/"}}]}},"featured_image_src":null,"featured_image_src_square":null,"_links":{"self":[{"href":"https:\/\/2025.damius.com\/en\/wp-json\/wp\/v2\/pages\/2352","targetHints":{"allow":["GET"]}}],"collection":[{"href":"https:\/\/2025.damius.com\/en\/wp-json\/wp\/v2\/pages"}],"about":[{"href":"https:\/\/2025.damius.com\/en\/wp-json\/wp\/v2\/types\/page"}],"author":[{"embeddable":true,"href":"https:\/\/2025.damius.com\/en\/wp-json\/wp\/v2\/users\/1"}],"replies":[{"embeddable":true,"href":"https:\/\/2025.damius.com\/en\/wp-json\/wp\/v2\/comments?post=2352"}],"version-history":[{"count":4,"href":"https:\/\/2025.damius.com\/en\/wp-json\/wp\/v2\/pages\/2352\/revisions"}],"predecessor-version":[{"id":2357,"href":"https:\/\/2025.damius.com\/en\/wp-json\/wp\/v2\/pages\/2352\/revisions\/2357"}],"wp:attachment":[{"href":"https:\/\/2025.damius.com\/en\/wp-json\/wp\/v2\/media?parent=2352"}],"curies":[{"name":"wp","href":"https:\/\/api.w.org\/{rel}","templated":true}]}}