{"id":2376,"date":"2026-02-09T14:58:48","date_gmt":"2026-02-09T13:58:48","guid":{"rendered":"https:\/\/2025.damius.com\/legal-information\/"},"modified":"2026-02-09T14:58:48","modified_gmt":"2026-02-09T13:58:48","slug":"legal-information","status":"publish","type":"page","link":"https:\/\/2025.damius.com\/en\/legal-information\/","title":{"rendered":"Legal information"},"content":{"rendered":"\n<p><strong>www.damius.com<\/strong> is published by:<br\/><strong>SARL DAMIUS<\/strong>: Limited Liability Company with capital of \u20ac120,000 &#8211; RCS: Salon 788 684 694 00045<\/p>\n\n<p>Address : DAMIUS &#8211; Tricycle EVASION \/ 199 avenue des Oulivarello \/ Parc d&#8217;Activit\u00e9s de la Gandonne \/ 13300 SALON DE PROVENCE &#8211; France<br\/><br\/>Email: <a href=\"mailto:info@damius.com\">info@damius.com<\/a><br\/>Tel: 04 90 59 49 10 or from abroad <em>+33 490 594 910<\/em><br\/><br\/>Manager: Damien Gran<br\/><br\/>The website is hosted and was created by the <a href=\"https:\/\/www.perfea.fr\/\" target=\"_blank\" rel=\"noreferrer noopener\">Perfea Web Agency<\/a> whose headquarters is at 3, all\u00e9e Montgolfier &#8211; ZI le Tub\u00e9 &#8211; 13800 ISTRES &#8211; France<br\/><br\/>Any use of the website constitutes unconditional acceptance on the part of all Internet users and customers of the information contained in this warning.<br\/><br\/><br\/><strong>1. INFORMATION AVAILABLE ON THE \u201cwww.damius.com\u201d SITE<\/strong><br\/>SARL DAMIUS strives to ensure the accuracy and updating of the information published on this site, the content of which it reserves the right to correct at any time and without notice. However, it cannot guarantee its completeness or the absence of modification by a third party (intrusion, virus). Furthermore, it declines all responsibility in the event of error, inaccuracy or omission in this information.  <br\/><br\/>SARL DAMIUS declines all responsibility for the use that may be made of this information and the consequences that may result therefrom.<br\/><br\/>It is strictly prohibited to publish, rebroadcast, retransmit or reproduce the information and data contained on this site with the aim of transmitting it to a third party. Any reproduction or more generally any unauthorized use of information and data entails the responsibility of the user and may result in legal proceedings based in particular on an action for infringement. <br\/><br\/>In particular, it is prohibited to use any means of automatic recovery (computer program) to collect the data present on www.damius.com. Any attempt at automatic recovery will immediately result in a complaint being filed. <br\/><br\/><br\/><strong>2. RESPECT FOR INTELLECTUAL PROPERTY RIGHTS<\/strong><br\/>The information on www.damius.com<strong><\/strong> and any external feed provider specifically mentioned on the site is the property of SARL DAMIUS and these providers and is protected by copyright and intellectual property laws.<br\/><br\/>Permission to download, copy, save and edit web pages, their contents or the results generated or viewed by the display tools, partially or entirely, is granted for personal, non-commercial use only. Copyright notices or trademark names must not be omitted or altered. <br\/><br\/>All texts and images present on this site are the exclusive property of SARL DAMIUS. It is strictly prohibited to copy and use any content present on the site www.damius.com<strong><\/strong>. <br\/><br\/><br\/><strong>3. USE OF COOKIES<\/strong><br\/>SARL DAMIUS may install \u201ccookies\u201d on your computer.<br\/><br\/>The duration of retention of this information on your computer is either the duration of your visit to our site, or 30 days if you connect to your subscriber account <br\/><br\/>La dur\u00e9e de conservation de ces informations sur votre ordinateur est soit la dur\u00e9e de visite sur notre site, soit de 30 jours si vous vous connectez \u00e0 votre compte abonn\u00e9 <br\/><br\/>In addition, for greater security and protection of your data, cookies placed on your computer are encrypted.<br\/><br\/>SARL DAMIUS informs you that you can oppose the recording of cookies by configuring your browser.<br\/><br\/><br\/><strong>4. LINKS<\/strong><br\/>&#8211; The hypertext links set up on the site towards other sites cannot engage the responsibility of SARL DAMIUS, particularly with regard to the content of these sites.<br\/><br\/>&#8211; SARL DAMIUS is not responsible for hypertext links pointing to this site and prohibits any person from setting up such a link without their express prior authorization.<br\/><br\/><br\/><strong>5. COPYRIGHT SARL DAMIUS<\/strong><br\/>SARL DAMIUS is the holder and\/or has authorization to use all the rights relating to the logos, brands, distinctive signs as well as the databases and software used in the operation of the site www.damius.com. Any total or partial representation or reproduction of logos, brands, distinctive signs as well as the databases used on the site www.damius.com by any process whatsoever without the express authorization of SARL DAMIUS is prohibited and would constitute an infringement punishable by articles L. 335-2 et seq. of the Intellectual Property Code. <br\/><br\/><br\/><strong>6. APPLICABLE LAW AND ATTRIBUTION OF JURISDICTION<\/strong><br\/>Use of the website www.damius.com is governed by French law.<\/p>\n\n<p><strong><em>Benefit from 3 or 4 installment payments with or without fees<\/em><\/strong>, <em>an offer provided by FRANFINANCE, the Lender (719 807 406 R.C.S Nanterre \u2013 Orias No. 07 008 346). See offer terms and conditions:<\/em> <a href=\"http:\/\/e-solutions.franfinance.com\/nxweb-avec-frais\" target=\"_blank\" rel=\"noreferrer noopener\">http:\/\/e-solutions.franfinance.com\/nxweb-avec-frais<\/a><br\/><a href=\"http:\/\/e-solutions.franfinance.com\/nxweb-sans-frais\" target=\"_blank\" rel=\"noreferrer noopener\">http:\/\/e-solutions.franfinance.com\/nxweb-sans-frais<\/a><\/p>\n","protected":false},"excerpt":{"rendered":"<p>www.damius.com is published by:SARL DAMIUS: Limited Liability Company with capital of \u20ac120,000 &#8211; RCS: Salon 788 684 694 00045 Address : DAMIUS &#8211; Tricycle EVASION \/ 199 avenue des Oulivarello \/ Parc d&#8217;Activit\u00e9s de la Gandonne \/ 13300 SALON DE PROVENCE &#8211; France Email: info@damius.comTel: 04 90 59 49 10 or from abroad +33 490 [&hellip;]<\/p>\n","protected":false},"author":1,"featured_media":0,"parent":0,"menu_order":0,"comment_status":"closed","ping_status":"closed","template":"","meta":{"_acf_changed":false,"_eb_attr":"","footnotes":""},"class_list":["post-2376","page","type-page","status-publish","hentry"],"acf":[],"yoast_head":"<!-- This site is optimized with the Yoast SEO plugin v27.3 - https:\/\/yoast.com\/product\/yoast-seo-wordpress\/ -->\n<title>Legal information - Damius<\/title>\n<meta name=\"robots\" content=\"noindex, follow, max-snippet:-1, max-image-preview:large, max-video-preview:-1\" \/>\n<meta property=\"og:locale\" content=\"en_US\" \/>\n<meta property=\"og:type\" content=\"article\" \/>\n<meta property=\"og:title\" content=\"Legal information - Damius\" \/>\n<meta property=\"og:description\" content=\"www.damius.com is published by:SARL DAMIUS: Limited Liability Company with capital of \u20ac120,000 &#8211; RCS: Salon 788 684 694 00045 Address : DAMIUS &#8211; Tricycle EVASION \/ 199 avenue des Oulivarello \/ Parc d&#8217;Activit\u00e9s de la Gandonne \/ 13300 SALON DE PROVENCE &#8211; France Email: info@damius.comTel: 04 90 59 49 10 or from abroad +33 490 [&hellip;]\" \/>\n<meta property=\"og:url\" content=\"https:\/\/2025.damius.com\/en\/legal-information\/\" \/>\n<meta property=\"og:site_name\" content=\"Damius\" \/>\n<meta name=\"twitter:card\" content=\"summary_large_image\" \/>\n<meta name=\"twitter:label1\" content=\"Est. reading time\" \/>\n\t<meta name=\"twitter:data1\" content=\"4 minutes\" \/>\n<script type=\"application\/ld+json\" class=\"yoast-schema-graph\">{\"@context\":\"https:\\\/\\\/schema.org\",\"@graph\":[{\"@type\":\"WebPage\",\"@id\":\"https:\\\/\\\/2025.damius.com\\\/en\\\/legal-information\\\/\",\"url\":\"https:\\\/\\\/2025.damius.com\\\/en\\\/legal-information\\\/\",\"name\":\"Legal information - Damius\",\"isPartOf\":{\"@id\":\"https:\\\/\\\/2025.damius.com\\\/#website\"},\"datePublished\":\"2026-02-09T13:58:48+00:00\",\"breadcrumb\":{\"@id\":\"https:\\\/\\\/2025.damius.com\\\/en\\\/legal-information\\\/#breadcrumb\"},\"inLanguage\":\"en-US\",\"potentialAction\":[{\"@type\":\"ReadAction\",\"target\":[\"https:\\\/\\\/2025.damius.com\\\/en\\\/legal-information\\\/\"]}]},{\"@type\":\"BreadcrumbList\",\"@id\":\"https:\\\/\\\/2025.damius.com\\\/en\\\/legal-information\\\/#breadcrumb\",\"itemListElement\":[{\"@type\":\"ListItem\",\"position\":1,\"name\":\"Accueil\",\"item\":\"https:\\\/\\\/2025.damius.com\\\/en\\\/\"},{\"@type\":\"ListItem\",\"position\":2,\"name\":\"Legal information\"}]},{\"@type\":\"WebSite\",\"@id\":\"https:\\\/\\\/2025.damius.com\\\/#website\",\"url\":\"https:\\\/\\\/2025.damius.com\\\/\",\"name\":\"Damius\",\"description\":\"\",\"publisher\":{\"@id\":\"https:\\\/\\\/2025.damius.com\\\/#organization\"},\"potentialAction\":[{\"@type\":\"SearchAction\",\"target\":{\"@type\":\"EntryPoint\",\"urlTemplate\":\"https:\\\/\\\/2025.damius.com\\\/?s={search_term_string}\"},\"query-input\":{\"@type\":\"PropertyValueSpecification\",\"valueRequired\":true,\"valueName\":\"search_term_string\"}}],\"inLanguage\":\"en-US\"},{\"@type\":\"Organization\",\"@id\":\"https:\\\/\\\/2025.damius.com\\\/#organization\",\"name\":\"Damius\",\"url\":\"https:\\\/\\\/2025.damius.com\\\/\",\"logo\":{\"@type\":\"ImageObject\",\"inLanguage\":\"en-US\",\"@id\":\"https:\\\/\\\/2025.damius.com\\\/#\\\/schema\\\/logo\\\/image\\\/\",\"url\":\"https:\\\/\\\/2025.damius.com\\\/wp-content\\\/uploads\\\/2022\\\/01\\\/Logo_Damius-1.jpg\",\"contentUrl\":\"https:\\\/\\\/2025.damius.com\\\/wp-content\\\/uploads\\\/2022\\\/01\\\/Logo_Damius-1.jpg\",\"width\":616,\"height\":143,\"caption\":\"Damius\"},\"image\":{\"@id\":\"https:\\\/\\\/2025.damius.com\\\/#\\\/schema\\\/logo\\\/image\\\/\"}}]}<\/script>\n<!-- \/ Yoast SEO plugin. -->","yoast_head_json":{"title":"Legal information - Damius","robots":{"index":"noindex","follow":"follow","max-snippet":"max-snippet:-1","max-image-preview":"max-image-preview:large","max-video-preview":"max-video-preview:-1"},"og_locale":"en_US","og_type":"article","og_title":"Legal information - Damius","og_description":"www.damius.com is published by:SARL DAMIUS: Limited Liability Company with capital of \u20ac120,000 &#8211; RCS: Salon 788 684 694 00045 Address : DAMIUS &#8211; Tricycle EVASION \/ 199 avenue des Oulivarello \/ Parc d&#8217;Activit\u00e9s de la Gandonne \/ 13300 SALON DE PROVENCE &#8211; France Email: info@damius.comTel: 04 90 59 49 10 or from abroad +33 490 [&hellip;]","og_url":"https:\/\/2025.damius.com\/en\/legal-information\/","og_site_name":"Damius","twitter_card":"summary_large_image","twitter_misc":{"Est. reading time":"4 minutes"},"schema":{"@context":"https:\/\/schema.org","@graph":[{"@type":"WebPage","@id":"https:\/\/2025.damius.com\/en\/legal-information\/","url":"https:\/\/2025.damius.com\/en\/legal-information\/","name":"Legal information - Damius","isPartOf":{"@id":"https:\/\/2025.damius.com\/#website"},"datePublished":"2026-02-09T13:58:48+00:00","breadcrumb":{"@id":"https:\/\/2025.damius.com\/en\/legal-information\/#breadcrumb"},"inLanguage":"en-US","potentialAction":[{"@type":"ReadAction","target":["https:\/\/2025.damius.com\/en\/legal-information\/"]}]},{"@type":"BreadcrumbList","@id":"https:\/\/2025.damius.com\/en\/legal-information\/#breadcrumb","itemListElement":[{"@type":"ListItem","position":1,"name":"Accueil","item":"https:\/\/2025.damius.com\/en\/"},{"@type":"ListItem","position":2,"name":"Legal information"}]},{"@type":"WebSite","@id":"https:\/\/2025.damius.com\/#website","url":"https:\/\/2025.damius.com\/","name":"Damius","description":"","publisher":{"@id":"https:\/\/2025.damius.com\/#organization"},"potentialAction":[{"@type":"SearchAction","target":{"@type":"EntryPoint","urlTemplate":"https:\/\/2025.damius.com\/?s={search_term_string}"},"query-input":{"@type":"PropertyValueSpecification","valueRequired":true,"valueName":"search_term_string"}}],"inLanguage":"en-US"},{"@type":"Organization","@id":"https:\/\/2025.damius.com\/#organization","name":"Damius","url":"https:\/\/2025.damius.com\/","logo":{"@type":"ImageObject","inLanguage":"en-US","@id":"https:\/\/2025.damius.com\/#\/schema\/logo\/image\/","url":"https:\/\/2025.damius.com\/wp-content\/uploads\/2022\/01\/Logo_Damius-1.jpg","contentUrl":"https:\/\/2025.damius.com\/wp-content\/uploads\/2022\/01\/Logo_Damius-1.jpg","width":616,"height":143,"caption":"Damius"},"image":{"@id":"https:\/\/2025.damius.com\/#\/schema\/logo\/image\/"}}]}},"featured_image_src":null,"featured_image_src_square":null,"_links":{"self":[{"href":"https:\/\/2025.damius.com\/en\/wp-json\/wp\/v2\/pages\/2376","targetHints":{"allow":["GET"]}}],"collection":[{"href":"https:\/\/2025.damius.com\/en\/wp-json\/wp\/v2\/pages"}],"about":[{"href":"https:\/\/2025.damius.com\/en\/wp-json\/wp\/v2\/types\/page"}],"author":[{"embeddable":true,"href":"https:\/\/2025.damius.com\/en\/wp-json\/wp\/v2\/users\/1"}],"replies":[{"embeddable":true,"href":"https:\/\/2025.damius.com\/en\/wp-json\/wp\/v2\/comments?post=2376"}],"version-history":[{"count":1,"href":"https:\/\/2025.damius.com\/en\/wp-json\/wp\/v2\/pages\/2376\/revisions"}],"predecessor-version":[{"id":2377,"href":"https:\/\/2025.damius.com\/en\/wp-json\/wp\/v2\/pages\/2376\/revisions\/2377"}],"wp:attachment":[{"href":"https:\/\/2025.damius.com\/en\/wp-json\/wp\/v2\/media?parent=2376"}],"curies":[{"name":"wp","href":"https:\/\/api.w.org\/{rel}","templated":true}]}}