{"id":1946,"date":"2026-02-04T15:59:58","date_gmt":"2026-02-04T14:59:58","guid":{"rendered":"https:\/\/2025.damius.com\/conocernos-mejor\/"},"modified":"2026-02-06T10:45:31","modified_gmt":"2026-02-06T09:45:31","slug":"conocernos-mejor","status":"publish","type":"page","link":"https:\/\/2025.damius.com\/es\/conocernos-mejor\/","title":{"rendered":"Conocernos mejor"},"content":{"rendered":"\n<div class=\"wp-block-media-text alignwide is-stacked-on-mobile is-image-fill-element\"><figure class=\"wp-block-media-text__media\"><img loading=\"lazy\" decoding=\"async\" width=\"600\" height=\"430\" src=\"https:\/\/2025.damius.com\/wp-content\/uploads\/2022\/01\/tricycle-evasion-notre-histoire.jpg\" alt=\"\" class=\"wp-image-627 size-full\" style=\"object-position:50% 50%\" srcset=\"https:\/\/2025.damius.com\/wp-content\/uploads\/2022\/01\/tricycle-evasion-notre-histoire.jpg 600w, https:\/\/2025.damius.com\/wp-content\/uploads\/2022\/01\/tricycle-evasion-notre-histoire-300x215.jpg 300w\" sizes=\"auto, (max-width: 600px) 100vw, 600px\" \/><\/figure><div class=\"wp-block-media-text__content\">\n<h2 class=\"wp-block-heading\">Nuestra Historia, Nuestro ADN<\/h2>\n\n\n\n<p>\u00a1Nuestra historia con los triciclos comenz\u00f3 a finales de 2012! Inicialmente, nuestra empresa se posicion\u00f3 como distribuidora de triciclos existentes y triciclos el\u00e9ctricos. R\u00e1pidamente alcanzamos el \u00e9xito, y gracias a la interacci\u00f3n con <strong>los clientes y a las pruebas de productos<\/strong>, nos motivamos cada vez m\u00e1s para ofrecer productos en constante mejora. Devolver a las personas su independencia y la oportunidad de escaparse con triciclos el\u00e9ctricos le da a nuestro trabajo un significado muy especial, y estamos muy orgullosos de ello.   <\/p>\n\n\n\n<p>Gracias a nuestra constante atenci\u00f3n a las necesidades de nuestros clientes y a nuestro af\u00e1n por hacer las cosas bien, nos dimos cuenta de que los triciclos disponibles en el mercado <span style=\"text-decoration: underline\">no se adaptaban perfectamente a sus usuarios previstos<\/span>. Inestabilidad, dificultad de manejo, asistencia el\u00e9ctrica demasiado brusca&#8230; Obviamente, no todos presentaban todos estos defectos de dise\u00f1o, pero ninguno era perfecto. Tras experimentar dificultades con el servicio posventa de algunos proveedores que no pudieron proporcionarnos repuestos para sus triciclos, comprendimos que se trataba de triciclos importados, lo que explicaba la dificultad que tuvieron estos proveedores para ayudarnos a diagnosticar los problemas y suministrar las piezas defectuosas.  <\/p>\n<\/div><\/div>\n\n<p><br \/><br \/>Por eso <strong>ahora desarrollamos nuestros propios triciclos el\u00e9ctricos<\/strong>, basados \u200b\u200ben rigurosas especificaciones que definen, tanto para nosotros como para nuestros clientes, \u00a1el triciclo el\u00e9ctrico perfecto! En 2016, creamos el triciclo Evasion, que ahora es el referente en el sector de los triciclos el\u00e9ctricos; nuestros clientes lo atestiguan, y estamos muy orgullosos de ello. <br \/><br \/>En 2019 se lanz\u00f3 la marca <strong>DAMIUS <\/strong>con la ambici\u00f3n de desarrollar otros productos relacionados con la movilidad. R\u00e1pidamente, surgieron otros triciclos para adultos y el\u00e9ctricos: Evasion, Evasion Evo, Essentiel y Essentiel Fatbike. <\/p>\n\n<hr class=\"wp-block-separator has-css-opacity\" \/>\n\n<div class=\"wp-block-media-text alignwide has-media-on-the-right is-stacked-on-mobile is-image-fill-element\"><div class=\"wp-block-media-text__content\">\n<h2 class=\"wp-block-heading\">Nuestro equipo = \u00a1Nuestra experiencia!<\/h2>\n\n\n\n<p>Gracias a su experiencia en el sector del ciclismo, nuestra empresa destaca por su conocimiento de las t\u00e9cnicas de fabricaci\u00f3n, materiales y componentes a utilizar para dise\u00f1ar los mejores triciclos el\u00e9ctricos.<br \/><span style=\"text-decoration: underline\">Su profesionalidad y sentido de servicio tambi\u00e9n forman parte de su ADN.<\/span><br \/><br \/>Su director, Damien Gran, se dedic\u00f3 al automovilismo, donde construy\u00f3 y desarroll\u00f3 coches de rally. Su experiencia le permite ahora crear <strong><a href=\"https:\/\/2025.damius.com\/es\/garantia-y-servicio-posventa\/\" id=\"584\">triciclos el\u00e9ctricos de alta calidad<\/a><\/strong> y, sobre todo, dise\u00f1arlos para satisfacer a sus usuarios. Para \u00e9l, el dise\u00f1o debe inspirarse directamente en la funcionalidad; esta es tambi\u00e9n una de las caracter\u00edsticas que definen nuestros triciclos. Por ello, el dise\u00f1o del chasis se ha estudiado para que sea, ante todo, pr\u00e1ctico, pero tambi\u00e9n moderno y aerodin\u00e1mico.   <\/p>\n<\/div><figure class=\"wp-block-media-text__media\"><img loading=\"lazy\" decoding=\"async\" width=\"600\" height=\"370\" src=\"https:\/\/2025.damius.com\/wp-content\/uploads\/2022\/01\/equipe-tricycle-evasion.jpg\" alt=\"\" class=\"wp-image-623 size-full\" style=\"object-position:50% 50%\" srcset=\"https:\/\/2025.damius.com\/wp-content\/uploads\/2022\/01\/equipe-tricycle-evasion.jpg 600w, https:\/\/2025.damius.com\/wp-content\/uploads\/2022\/01\/equipe-tricycle-evasion-300x185.jpg 300w\" sizes=\"auto, (max-width: 600px) 100vw, 600px\" \/><\/figure><\/div>\n\n<p> <br \/><strong>Toda la fase de dise\u00f1o<\/strong> se gestiona internamente en la empresa desde 2016. El equipo de I+D est\u00e1 formado por Damien y Cl\u00e9ment. Contamos con herramientas de dise\u00f1o avanzadas (Solidworks, impresora 3D, equipos de mecanizado y soldadura) que nos permiten modelar nuestras ideas y prototiparlas antes de integrarlas en la gama de productos (mejora continua de triciclos existentes y nuevos modelos). Esta fase nos permite estudiar y desarrollar dise\u00f1os 3D antes de pasar a la fabricaci\u00f3n de un primer prototipo y, posteriormente, a la producci\u00f3n en serie. Este proceso permite realizar <span style=\"text-decoration: underline\">correcciones inmediatas y un lanzamiento r\u00e1pido de la producci\u00f3n si es necesario<\/span>.    <br \/><br \/>S\u00e9bastien se encarga de la gesti\u00f3n del taller. Almacenamos toda nuestra gama de productos en nuestras instalaciones para garantizar una trazabilidad impecable y la m\u00e1xima disponibilidad. <br \/>C\u00e9dric termina el montaje de los triciclos y procede al montaje de los accesorios seg\u00fan las peticiones de nuestros clientes.<br \/>S\u00e9bastien y C\u00e9dric se encargan luego de los ajustes y la prueba en carretera para garantizar el correcto funcionamiento del triciclo el\u00e9ctrico.<br \/>Finalmente, proceden a embalar el triciclo para adultos sobre un pal\u00e9 de madera espec\u00edfico protegido por una gran caja de cart\u00f3n.<br \/>J\u00e9r\u00e9my se encarga del servicio posventa, responde a las solicitudes de los clientes por correo electr\u00f3nico o por tel\u00e9fono y tambi\u00e9n se encarga del env\u00edo de piezas de repuesto.<br \/>Mathis y Charly conforman nuestro equipo de ventas. Son quienes le brindar\u00e1n informaci\u00f3n y le ayudar\u00e1n a elegir el triciclo el\u00e9ctrico ideal para sus necesidades. Tambi\u00e9n supervisan <strong>las pruebas de conducci\u00f3n de nuestros clientes.<\/strong>  <br \/><br \/>\u00a1El equipo que hemos reunido re\u00fane <span style=\"text-decoration: underline\">competencias diversas y variadas<\/span>, imprescindibles para satisfacer plenamente a los clientes que depositan su confianza en nosotros!<br \/><br \/>\u00bfAlguna pregunta? <a href=\"https:\/\/2025.damius.com\/contact\/\">\u00a1Cont\u00e1ctanos!<\/a><\/p>\n\n<p>Desde finales de 2025, externalizamos la fabricaci\u00f3n de nuestros triciclos, pero entre 2016 y 2025, \u00a1los fabricamos nosotros mismos! Compru\u00e9belo usted mismo en los v\u00eddeos a continuaci\u00f3n \ud83d\ude42 Gracias a nuestra amplia experiencia como fabricantes (fabricaci\u00f3n de cuadros y ruedas, mecanizado de piezas y ensamblaje completo) y al dise\u00f1o y control de calidad internos, podemos ofrecer triciclos para adultos de alta calidad y bien equipados a precios m\u00e1s asequibles que antes. <\/p>\n\n<p class=\"has-text-align-center\"><strong>Planta de fabricaci\u00f3n de triciclos el\u00e9ctricos marca DAMIUS para adultos en Miramas del 2023 al 2025<\/strong><\/p>\n\n<figure class=\"wp-block-embed is-type-video is-provider-youtube wp-block-embed-youtube wp-embed-aspect-16-9 wp-has-aspect-ratio\"><div class=\"wp-block-embed__wrapper\">\n<iframe loading=\"lazy\" title=\"DAMIUS - Concepteur Fran\u00e7ais de tricycles \u00e9lectriques pour adulte\" width=\"580\" height=\"326\" src=\"https:\/\/www.youtube.com\/embed\/k-9JC2LkkJc?feature=oembed\" frameborder=\"0\" allow=\"accelerometer; autoplay; clipboard-write; encrypted-media; gyroscope; picture-in-picture; web-share\" referrerpolicy=\"strict-origin-when-cross-origin\" allowfullscreen><\/iframe>\n<\/div><\/figure>\n\n<p class=\"has-text-align-center\"><br \/><strong>Planta de fabricaci\u00f3n de triciclos Damius de 2016 a 2023<\/strong><\/p>\n\n<figure class=\"wp-block-embed is-type-video is-provider-youtube wp-block-embed-youtube wp-embed-aspect-16-9 wp-has-aspect-ratio\"><div class=\"wp-block-embed__wrapper\">\n<iframe loading=\"lazy\" title=\"Produits mobilit\u00e9s Damius : Conception de tricycle \u00e9lectrique adulte.\" width=\"580\" height=\"326\" src=\"https:\/\/www.youtube.com\/embed\/XB6xgN5eUzk?feature=oembed\" frameborder=\"0\" allow=\"accelerometer; autoplay; clipboard-write; encrypted-media; gyroscope; picture-in-picture; web-share\" referrerpolicy=\"strict-origin-when-cross-origin\" allowfullscreen><\/iframe>\n<\/div><\/figure>\n","protected":false},"excerpt":{"rendered":"<p>Nuestra Historia, Nuestro ADN \u00a1Nuestra historia con los triciclos comenz\u00f3 a finales de 2012! Inicialmente, nuestra empresa se posicion\u00f3 como distribuidora de triciclos existentes y triciclos el\u00e9ctricos. R\u00e1pidamente alcanzamos el \u00e9xito, y gracias a la interacci\u00f3n con los clientes y a las pruebas de productos, nos motivamos cada vez m\u00e1s para ofrecer productos en constante [&hellip;]<\/p>\n","protected":false},"author":1,"featured_media":0,"parent":0,"menu_order":0,"comment_status":"closed","ping_status":"closed","template":"","meta":{"_acf_changed":false,"_eb_attr":"","footnotes":""},"class_list":["post-1946","page","type-page","status-publish","hentry"],"acf":[],"yoast_head":"<!-- This site is optimized with the Yoast SEO plugin v27.3 - https:\/\/yoast.com\/product\/yoast-seo-wordpress\/ -->\n<title>Conocernos mejor - Damius<\/title>\n<meta name=\"robots\" content=\"noindex, follow, max-snippet:-1, max-image-preview:large, max-video-preview:-1\" \/>\n<meta property=\"og:locale\" content=\"es_ES\" \/>\n<meta property=\"og:type\" content=\"article\" \/>\n<meta property=\"og:title\" content=\"Conocernos mejor - Damius\" \/>\n<meta property=\"og:description\" content=\"Nuestra Historia, Nuestro ADN \u00a1Nuestra historia con los triciclos comenz\u00f3 a finales de 2012! Inicialmente, nuestra empresa se posicion\u00f3 como distribuidora de triciclos existentes y triciclos el\u00e9ctricos. R\u00e1pidamente alcanzamos el \u00e9xito, y gracias a la interacci\u00f3n con los clientes y a las pruebas de productos, nos motivamos cada vez m\u00e1s para ofrecer productos en constante [&hellip;]\" \/>\n<meta property=\"og:url\" content=\"https:\/\/2025.damius.com\/es\/conocernos-mejor\/\" \/>\n<meta property=\"og:site_name\" content=\"Damius\" \/>\n<meta property=\"article:modified_time\" content=\"2026-02-06T09:45:31+00:00\" \/>\n<meta property=\"og:image\" content=\"https:\/\/2025.damius.com\/wp-content\/uploads\/2022\/01\/tricycle-evasion-notre-histoire.jpg\" \/>\n\t<meta property=\"og:image:width\" content=\"600\" \/>\n\t<meta property=\"og:image:height\" content=\"430\" \/>\n\t<meta property=\"og:image:type\" content=\"image\/jpeg\" \/>\n<meta name=\"twitter:card\" content=\"summary_large_image\" \/>\n<meta name=\"twitter:label1\" content=\"Tiempo de lectura\" \/>\n\t<meta name=\"twitter:data1\" content=\"4 minutos\" \/>\n<script type=\"application\/ld+json\" class=\"yoast-schema-graph\">{\"@context\":\"https:\\\/\\\/schema.org\",\"@graph\":[{\"@type\":\"WebPage\",\"@id\":\"https:\\\/\\\/2025.damius.com\\\/es\\\/conocernos-mejor\\\/\",\"url\":\"https:\\\/\\\/2025.damius.com\\\/es\\\/conocernos-mejor\\\/\",\"name\":\"Conocernos mejor - Damius\",\"isPartOf\":{\"@id\":\"https:\\\/\\\/2025.damius.com\\\/#website\"},\"primaryImageOfPage\":{\"@id\":\"https:\\\/\\\/2025.damius.com\\\/es\\\/conocernos-mejor\\\/#primaryimage\"},\"image\":{\"@id\":\"https:\\\/\\\/2025.damius.com\\\/es\\\/conocernos-mejor\\\/#primaryimage\"},\"thumbnailUrl\":\"https:\\\/\\\/2025.damius.com\\\/wp-content\\\/uploads\\\/2022\\\/01\\\/tricycle-evasion-notre-histoire.jpg\",\"datePublished\":\"2026-02-04T14:59:58+00:00\",\"dateModified\":\"2026-02-06T09:45:31+00:00\",\"breadcrumb\":{\"@id\":\"https:\\\/\\\/2025.damius.com\\\/es\\\/conocernos-mejor\\\/#breadcrumb\"},\"inLanguage\":\"es\",\"potentialAction\":[{\"@type\":\"ReadAction\",\"target\":[\"https:\\\/\\\/2025.damius.com\\\/es\\\/conocernos-mejor\\\/\"]}]},{\"@type\":\"ImageObject\",\"inLanguage\":\"es\",\"@id\":\"https:\\\/\\\/2025.damius.com\\\/es\\\/conocernos-mejor\\\/#primaryimage\",\"url\":\"https:\\\/\\\/2025.damius.com\\\/wp-content\\\/uploads\\\/2022\\\/01\\\/tricycle-evasion-notre-histoire.jpg\",\"contentUrl\":\"https:\\\/\\\/2025.damius.com\\\/wp-content\\\/uploads\\\/2022\\\/01\\\/tricycle-evasion-notre-histoire.jpg\"},{\"@type\":\"BreadcrumbList\",\"@id\":\"https:\\\/\\\/2025.damius.com\\\/es\\\/conocernos-mejor\\\/#breadcrumb\",\"itemListElement\":[{\"@type\":\"ListItem\",\"position\":1,\"name\":\"Accueil\",\"item\":\"https:\\\/\\\/2025.damius.com\\\/es\\\/hogar\\\/\"},{\"@type\":\"ListItem\",\"position\":2,\"name\":\"Conocernos mejor\"}]},{\"@type\":\"WebSite\",\"@id\":\"https:\\\/\\\/2025.damius.com\\\/#website\",\"url\":\"https:\\\/\\\/2025.damius.com\\\/\",\"name\":\"Damius\",\"description\":\"\",\"publisher\":{\"@id\":\"https:\\\/\\\/2025.damius.com\\\/#organization\"},\"potentialAction\":[{\"@type\":\"SearchAction\",\"target\":{\"@type\":\"EntryPoint\",\"urlTemplate\":\"https:\\\/\\\/2025.damius.com\\\/?s={search_term_string}\"},\"query-input\":{\"@type\":\"PropertyValueSpecification\",\"valueRequired\":true,\"valueName\":\"search_term_string\"}}],\"inLanguage\":\"es\"},{\"@type\":\"Organization\",\"@id\":\"https:\\\/\\\/2025.damius.com\\\/#organization\",\"name\":\"Damius\",\"url\":\"https:\\\/\\\/2025.damius.com\\\/\",\"logo\":{\"@type\":\"ImageObject\",\"inLanguage\":\"es\",\"@id\":\"https:\\\/\\\/2025.damius.com\\\/#\\\/schema\\\/logo\\\/image\\\/\",\"url\":\"https:\\\/\\\/2025.damius.com\\\/wp-content\\\/uploads\\\/2022\\\/01\\\/Logo_Damius-1.jpg\",\"contentUrl\":\"https:\\\/\\\/2025.damius.com\\\/wp-content\\\/uploads\\\/2022\\\/01\\\/Logo_Damius-1.jpg\",\"width\":616,\"height\":143,\"caption\":\"Damius\"},\"image\":{\"@id\":\"https:\\\/\\\/2025.damius.com\\\/#\\\/schema\\\/logo\\\/image\\\/\"}}]}<\/script>\n<!-- \/ Yoast SEO plugin. -->","yoast_head_json":{"title":"Conocernos mejor - Damius","robots":{"index":"noindex","follow":"follow","max-snippet":"max-snippet:-1","max-image-preview":"max-image-preview:large","max-video-preview":"max-video-preview:-1"},"og_locale":"es_ES","og_type":"article","og_title":"Conocernos mejor - Damius","og_description":"Nuestra Historia, Nuestro ADN \u00a1Nuestra historia con los triciclos comenz\u00f3 a finales de 2012! Inicialmente, nuestra empresa se posicion\u00f3 como distribuidora de triciclos existentes y triciclos el\u00e9ctricos. R\u00e1pidamente alcanzamos el \u00e9xito, y gracias a la interacci\u00f3n con los clientes y a las pruebas de productos, nos motivamos cada vez m\u00e1s para ofrecer productos en constante [&hellip;]","og_url":"https:\/\/2025.damius.com\/es\/conocernos-mejor\/","og_site_name":"Damius","article_modified_time":"2026-02-06T09:45:31+00:00","og_image":[{"width":600,"height":430,"url":"https:\/\/2025.damius.com\/wp-content\/uploads\/2022\/01\/tricycle-evasion-notre-histoire.jpg","type":"image\/jpeg"}],"twitter_card":"summary_large_image","twitter_misc":{"Tiempo de lectura":"4 minutos"},"schema":{"@context":"https:\/\/schema.org","@graph":[{"@type":"WebPage","@id":"https:\/\/2025.damius.com\/es\/conocernos-mejor\/","url":"https:\/\/2025.damius.com\/es\/conocernos-mejor\/","name":"Conocernos mejor - Damius","isPartOf":{"@id":"https:\/\/2025.damius.com\/#website"},"primaryImageOfPage":{"@id":"https:\/\/2025.damius.com\/es\/conocernos-mejor\/#primaryimage"},"image":{"@id":"https:\/\/2025.damius.com\/es\/conocernos-mejor\/#primaryimage"},"thumbnailUrl":"https:\/\/2025.damius.com\/wp-content\/uploads\/2022\/01\/tricycle-evasion-notre-histoire.jpg","datePublished":"2026-02-04T14:59:58+00:00","dateModified":"2026-02-06T09:45:31+00:00","breadcrumb":{"@id":"https:\/\/2025.damius.com\/es\/conocernos-mejor\/#breadcrumb"},"inLanguage":"es","potentialAction":[{"@type":"ReadAction","target":["https:\/\/2025.damius.com\/es\/conocernos-mejor\/"]}]},{"@type":"ImageObject","inLanguage":"es","@id":"https:\/\/2025.damius.com\/es\/conocernos-mejor\/#primaryimage","url":"https:\/\/2025.damius.com\/wp-content\/uploads\/2022\/01\/tricycle-evasion-notre-histoire.jpg","contentUrl":"https:\/\/2025.damius.com\/wp-content\/uploads\/2022\/01\/tricycle-evasion-notre-histoire.jpg"},{"@type":"BreadcrumbList","@id":"https:\/\/2025.damius.com\/es\/conocernos-mejor\/#breadcrumb","itemListElement":[{"@type":"ListItem","position":1,"name":"Accueil","item":"https:\/\/2025.damius.com\/es\/hogar\/"},{"@type":"ListItem","position":2,"name":"Conocernos mejor"}]},{"@type":"WebSite","@id":"https:\/\/2025.damius.com\/#website","url":"https:\/\/2025.damius.com\/","name":"Damius","description":"","publisher":{"@id":"https:\/\/2025.damius.com\/#organization"},"potentialAction":[{"@type":"SearchAction","target":{"@type":"EntryPoint","urlTemplate":"https:\/\/2025.damius.com\/?s={search_term_string}"},"query-input":{"@type":"PropertyValueSpecification","valueRequired":true,"valueName":"search_term_string"}}],"inLanguage":"es"},{"@type":"Organization","@id":"https:\/\/2025.damius.com\/#organization","name":"Damius","url":"https:\/\/2025.damius.com\/","logo":{"@type":"ImageObject","inLanguage":"es","@id":"https:\/\/2025.damius.com\/#\/schema\/logo\/image\/","url":"https:\/\/2025.damius.com\/wp-content\/uploads\/2022\/01\/Logo_Damius-1.jpg","contentUrl":"https:\/\/2025.damius.com\/wp-content\/uploads\/2022\/01\/Logo_Damius-1.jpg","width":616,"height":143,"caption":"Damius"},"image":{"@id":"https:\/\/2025.damius.com\/#\/schema\/logo\/image\/"}}]}},"featured_image_src":null,"featured_image_src_square":null,"_links":{"self":[{"href":"https:\/\/2025.damius.com\/es\/wp-json\/wp\/v2\/pages\/1946","targetHints":{"allow":["GET"]}}],"collection":[{"href":"https:\/\/2025.damius.com\/es\/wp-json\/wp\/v2\/pages"}],"about":[{"href":"https:\/\/2025.damius.com\/es\/wp-json\/wp\/v2\/types\/page"}],"author":[{"embeddable":true,"href":"https:\/\/2025.damius.com\/es\/wp-json\/wp\/v2\/users\/1"}],"replies":[{"embeddable":true,"href":"https:\/\/2025.damius.com\/es\/wp-json\/wp\/v2\/comments?post=1946"}],"version-history":[{"count":4,"href":"https:\/\/2025.damius.com\/es\/wp-json\/wp\/v2\/pages\/1946\/revisions"}],"predecessor-version":[{"id":2300,"href":"https:\/\/2025.damius.com\/es\/wp-json\/wp\/v2\/pages\/1946\/revisions\/2300"}],"wp:attachment":[{"href":"https:\/\/2025.damius.com\/es\/wp-json\/wp\/v2\/media?parent=1946"}],"curies":[{"name":"wp","href":"https:\/\/api.w.org\/{rel}","templated":true}]}}