{"id":1974,"date":"2026-02-04T16:52:36","date_gmt":"2026-02-04T15:52:36","guid":{"rendered":"https:\/\/2025.damius.com\/como-realizar-un-pedido-en-nuestra-web\/"},"modified":"2026-02-06T09:25:03","modified_gmt":"2026-02-06T08:25:03","slug":"como-realizar-un-pedido-en-nuestra-web","status":"publish","type":"page","link":"https:\/\/2025.damius.com\/es\/como-realizar-un-pedido-en-nuestra-web\/","title":{"rendered":"C\u00f3mo realizar un pedido en nuestra web"},"content":{"rendered":"\n<p class=\"has-text-color\" style=\"color:#0079be\"><strong>&gt;&gt; En Internet<\/strong><\/p>\n\n<p>7 d\u00edas a la semana, 24 horas al d\u00eda, es r\u00e1pido y c\u00f3modo, puedes hacer tu pedido directamente en l\u00ednea en nuestro sitio web <a href=\"https:\/\/www.damius.com\/fr\/\">www.damius.com<\/a><\/p>\n\n<p>Para ello es muy sencillo, s\u00f3lo tienes que seguir estos pasos:<\/p>\n\n<p><strong>Paso 1:<\/strong> Vaya a la p\u00e1gina \u201c<a href=\"https:\/\/2025.damius.com\/fabrication-francaise-tricycle-electrique-evasion-damius\/\">Nuestros Triciclos El\u00e9ctricos<\/a>\u201d, accesible desde el men\u00fa superior.<br\/><strong>Paso 2:<\/strong> Elige el modelo que te interesa de la lista y haz clic en el bot\u00f3n amarillo \u00abPrecio \/ M\u00e1s detalles\u00bb.<br\/><strong>Paso 3: <\/strong>Consulta la ficha del producto, encontrar\u00e1s mucha informaci\u00f3n disponible en las pesta\u00f1as del men\u00fa horizontal amarillo.<br\/><strong>Paso 4: <\/strong>Si deseas realizar un pedido elige el color entre los ofertados y haz clic en el bot\u00f3n azul \u201cCOMPRAR\u201d.<br\/><strong>Paso 5: <\/strong>Configure su triciclo con los accesorios disponibles desplaz\u00e1ndose hacia abajo en la p\u00e1gina y haciendo clic en \u00abAgregar este accesorio\u00bb para los que desee agregar.<br\/><strong>Paso 6: <\/strong>Una vez que hayas elegido tus accesorios, o si no quieres ninguno, despl\u00e1zate hasta el final de la p\u00e1gina. Encontrar\u00e1s un bot\u00f3n verde que dice \u00abFINALIZAR TU PEDIDO\u00bb; haz clic en \u00e9l.<br\/><strong>Paso 7: <\/strong>Su triciclo se a\u00f1adir\u00e1 a su cesta junto con los accesorios seleccionados. A continuaci\u00f3n, podr\u00e1 revisar su pedido. Haga clic en el bot\u00f3n verde \u00abFINALIZAR PEDIDO\u00bb. <br\/><strong>Paso 8: <\/strong>Siga los pasos en la p\u00e1gina de entrada completando sus datos y eligiendo su m\u00e9todo de pago preferido, marque la casilla de T\u00e9rminos y Condiciones y haga clic en el bot\u00f3n naranja \u00abREALIZAR PEDIDO\u00bb.<br\/><strong>Paso 9: <\/strong>Para pagos con tarjeta de cr\u00e9dito o PayPal, complete su pago en la p\u00e1gina siguiente. Para pagos con cheque o transferencia bancaria, recibir\u00e1 un correo electr\u00f3nico nuestro. <br\/><strong>Paso 10: <\/strong>Una vez realizado su pedido, recibir\u00e1 un correo electr\u00f3nico de confirmaci\u00f3n en cuesti\u00f3n de minutos. Revise su carpeta de correo no deseado, ya que podr\u00eda ser un correo de marketing.<\/p>\n\n<p class=\"has-text-color\" style=\"color:#0079be\"><strong>&gt;&gt; Por tel\u00e9fono<\/strong><\/p>\n\n<p><strong>04 90 59 49 10<\/strong> <em>(n\u00famero gratuito)<\/em> &#8211; desde el extranjero +33 490 594 910<strong><\/strong><\/p>\n\n<p>\u00a1Es sencillo y amigable! De lunes a s\u00e1bado, de 9:00 a 12:30 y de 14:00 a 17:30, nuestros asesores le brindar\u00e1n toda la informaci\u00f3n necesaria sobre la disponibilidad de los art\u00edculos y la fecha de entrega prevista, y le ayudar\u00e1n con una sonrisa para que compre en las mejores condiciones. <\/p>\n\n<p class=\"has-text-color\" style=\"color:#0079be\"><strong>&gt;&gt; Por correo<\/strong><\/p>\n\n<p><strong>DAMIUS &#8211; TRICYCLE EVASION<br\/>199 avenue des Oulivarello<br\/>Parc d&#8217;Activit\u00e9s de la Gandonne<br\/>13300 SALON DE PROVENCE &#8211; France<\/strong><\/p>\n\n<p>Es a\u00fan m\u00e1s f\u00e1cil: simplemente complete un formulario de pedido y env\u00edenoslo junto con su pago a la direcci\u00f3n indicada anteriormente. Al recibirlo, le notificaremos por tel\u00e9fono y su pedido se procesar\u00e1 en 24 horas. <\/p>\n\n<p>Para imprimir su formulario de pedido a rellenar &gt;&gt; <a href=\"\/wp-content\/uploads\/2022\/01\/bon-de-commande-courrier.pdf\" target=\"_blank\" rel=\"noreferrer noopener\">haga clic aqu\u00ed<\/a> o solic\u00edtelo por tel\u00e9fono al <strong>04 90 59 49 10<\/strong> <em>(n\u00famero de tarifa no premium &#8211; desde el extranjero +33 490 594 910)<\/em> y se lo enviaremos.<\/p>\n\n<p class=\"has-text-color\" style=\"color:#0079be\"><strong>&gt;&gt; En nuestras instalaciones<\/strong><\/p>\n\n<p>Al venir a ver o probar un triciclo con nosotros, tiene la oportunidad de comprar su triciclo directamente en el sitio y pagar con cheque.<\/p>\n\n<p>Un asesor le solicitar\u00e1 la informaci\u00f3n necesaria y se encargar\u00e1 de redactar el formulario de pedido.<\/p>\n\n<p class=\"has-text-color\" style=\"color:#ff0004\"><strong>ATENCI\u00d3N &#8211; SOLO CON CITA PREVIA, GRACIAS<\/strong><\/p>\n\n<p><strong>DAMIUS &#8211; TRICYCLE EVASION<br\/>199 avenue des Oulivarello<br\/>Parc d&#8217;Activit\u00e9s de la Gandonne<br\/>13300 SALON DE PROVENCE &#8211; France<\/strong><\/p>\n\n<p><strong>Tel\u00e9fono: 04 90 59 49 10<\/strong><\/p>\n","protected":false},"excerpt":{"rendered":"<p>&gt;&gt; En Internet 7 d\u00edas a la semana, 24 horas al d\u00eda, es r\u00e1pido y c\u00f3modo, puedes hacer tu pedido directamente en l\u00ednea en nuestro sitio web www.damius.com Para ello es muy sencillo, s\u00f3lo tienes que seguir estos pasos: Paso 1: Vaya a la p\u00e1gina \u201cNuestros Triciclos El\u00e9ctricos\u201d, accesible desde el men\u00fa superior.Paso 2: Elige [&hellip;]<\/p>\n","protected":false},"author":1,"featured_media":0,"parent":0,"menu_order":0,"comment_status":"closed","ping_status":"closed","template":"","meta":{"_acf_changed":false,"_eb_attr":"","footnotes":""},"class_list":["post-1974","page","type-page","status-publish","hentry"],"acf":[],"yoast_head":"<!-- This site is optimized with the Yoast SEO plugin v27.3 - https:\/\/yoast.com\/product\/yoast-seo-wordpress\/ -->\n<title>C\u00f3mo realizar un pedido en nuestra web - Damius<\/title>\n<meta name=\"robots\" content=\"noindex, follow, max-snippet:-1, max-image-preview:large, max-video-preview:-1\" \/>\n<meta property=\"og:locale\" content=\"es_ES\" \/>\n<meta property=\"og:type\" content=\"article\" \/>\n<meta property=\"og:title\" content=\"C\u00f3mo realizar un pedido en nuestra web - Damius\" \/>\n<meta property=\"og:description\" content=\"&gt;&gt; En Internet 7 d\u00edas a la semana, 24 horas al d\u00eda, es r\u00e1pido y c\u00f3modo, puedes hacer tu pedido directamente en l\u00ednea en nuestro sitio web www.damius.com Para ello es muy sencillo, s\u00f3lo tienes que seguir estos pasos: Paso 1: Vaya a la p\u00e1gina \u201cNuestros Triciclos El\u00e9ctricos\u201d, accesible desde el men\u00fa superior.Paso 2: Elige [&hellip;]\" \/>\n<meta property=\"og:url\" content=\"https:\/\/2025.damius.com\/es\/como-realizar-un-pedido-en-nuestra-web\/\" \/>\n<meta property=\"og:site_name\" content=\"Damius\" \/>\n<meta property=\"article:modified_time\" content=\"2026-02-06T08:25:03+00:00\" \/>\n<meta name=\"twitter:card\" content=\"summary_large_image\" \/>\n<meta name=\"twitter:label1\" content=\"Tiempo de lectura\" \/>\n\t<meta name=\"twitter:data1\" content=\"3 minutos\" \/>\n<script type=\"application\/ld+json\" class=\"yoast-schema-graph\">{\"@context\":\"https:\\\/\\\/schema.org\",\"@graph\":[{\"@type\":\"WebPage\",\"@id\":\"https:\\\/\\\/2025.damius.com\\\/es\\\/como-realizar-un-pedido-en-nuestra-web\\\/\",\"url\":\"https:\\\/\\\/2025.damius.com\\\/es\\\/como-realizar-un-pedido-en-nuestra-web\\\/\",\"name\":\"C\u00f3mo realizar un pedido en nuestra web - Damius\",\"isPartOf\":{\"@id\":\"https:\\\/\\\/2025.damius.com\\\/#website\"},\"datePublished\":\"2026-02-04T15:52:36+00:00\",\"dateModified\":\"2026-02-06T08:25:03+00:00\",\"breadcrumb\":{\"@id\":\"https:\\\/\\\/2025.damius.com\\\/es\\\/como-realizar-un-pedido-en-nuestra-web\\\/#breadcrumb\"},\"inLanguage\":\"es\",\"potentialAction\":[{\"@type\":\"ReadAction\",\"target\":[\"https:\\\/\\\/2025.damius.com\\\/es\\\/como-realizar-un-pedido-en-nuestra-web\\\/\"]}]},{\"@type\":\"BreadcrumbList\",\"@id\":\"https:\\\/\\\/2025.damius.com\\\/es\\\/como-realizar-un-pedido-en-nuestra-web\\\/#breadcrumb\",\"itemListElement\":[{\"@type\":\"ListItem\",\"position\":1,\"name\":\"Accueil\",\"item\":\"https:\\\/\\\/2025.damius.com\\\/es\\\/hogar\\\/\"},{\"@type\":\"ListItem\",\"position\":2,\"name\":\"C\u00f3mo realizar un pedido en nuestra web\"}]},{\"@type\":\"WebSite\",\"@id\":\"https:\\\/\\\/2025.damius.com\\\/#website\",\"url\":\"https:\\\/\\\/2025.damius.com\\\/\",\"name\":\"Damius\",\"description\":\"\",\"publisher\":{\"@id\":\"https:\\\/\\\/2025.damius.com\\\/#organization\"},\"potentialAction\":[{\"@type\":\"SearchAction\",\"target\":{\"@type\":\"EntryPoint\",\"urlTemplate\":\"https:\\\/\\\/2025.damius.com\\\/?s={search_term_string}\"},\"query-input\":{\"@type\":\"PropertyValueSpecification\",\"valueRequired\":true,\"valueName\":\"search_term_string\"}}],\"inLanguage\":\"es\"},{\"@type\":\"Organization\",\"@id\":\"https:\\\/\\\/2025.damius.com\\\/#organization\",\"name\":\"Damius\",\"url\":\"https:\\\/\\\/2025.damius.com\\\/\",\"logo\":{\"@type\":\"ImageObject\",\"inLanguage\":\"es\",\"@id\":\"https:\\\/\\\/2025.damius.com\\\/#\\\/schema\\\/logo\\\/image\\\/\",\"url\":\"https:\\\/\\\/2025.damius.com\\\/wp-content\\\/uploads\\\/2022\\\/01\\\/Logo_Damius-1.jpg\",\"contentUrl\":\"https:\\\/\\\/2025.damius.com\\\/wp-content\\\/uploads\\\/2022\\\/01\\\/Logo_Damius-1.jpg\",\"width\":616,\"height\":143,\"caption\":\"Damius\"},\"image\":{\"@id\":\"https:\\\/\\\/2025.damius.com\\\/#\\\/schema\\\/logo\\\/image\\\/\"}}]}<\/script>\n<!-- \/ Yoast SEO plugin. -->","yoast_head_json":{"title":"C\u00f3mo realizar un pedido en nuestra web - Damius","robots":{"index":"noindex","follow":"follow","max-snippet":"max-snippet:-1","max-image-preview":"max-image-preview:large","max-video-preview":"max-video-preview:-1"},"og_locale":"es_ES","og_type":"article","og_title":"C\u00f3mo realizar un pedido en nuestra web - Damius","og_description":"&gt;&gt; En Internet 7 d\u00edas a la semana, 24 horas al d\u00eda, es r\u00e1pido y c\u00f3modo, puedes hacer tu pedido directamente en l\u00ednea en nuestro sitio web www.damius.com Para ello es muy sencillo, s\u00f3lo tienes que seguir estos pasos: Paso 1: Vaya a la p\u00e1gina \u201cNuestros Triciclos El\u00e9ctricos\u201d, accesible desde el men\u00fa superior.Paso 2: Elige [&hellip;]","og_url":"https:\/\/2025.damius.com\/es\/como-realizar-un-pedido-en-nuestra-web\/","og_site_name":"Damius","article_modified_time":"2026-02-06T08:25:03+00:00","twitter_card":"summary_large_image","twitter_misc":{"Tiempo de lectura":"3 minutos"},"schema":{"@context":"https:\/\/schema.org","@graph":[{"@type":"WebPage","@id":"https:\/\/2025.damius.com\/es\/como-realizar-un-pedido-en-nuestra-web\/","url":"https:\/\/2025.damius.com\/es\/como-realizar-un-pedido-en-nuestra-web\/","name":"C\u00f3mo realizar un pedido en nuestra web - Damius","isPartOf":{"@id":"https:\/\/2025.damius.com\/#website"},"datePublished":"2026-02-04T15:52:36+00:00","dateModified":"2026-02-06T08:25:03+00:00","breadcrumb":{"@id":"https:\/\/2025.damius.com\/es\/como-realizar-un-pedido-en-nuestra-web\/#breadcrumb"},"inLanguage":"es","potentialAction":[{"@type":"ReadAction","target":["https:\/\/2025.damius.com\/es\/como-realizar-un-pedido-en-nuestra-web\/"]}]},{"@type":"BreadcrumbList","@id":"https:\/\/2025.damius.com\/es\/como-realizar-un-pedido-en-nuestra-web\/#breadcrumb","itemListElement":[{"@type":"ListItem","position":1,"name":"Accueil","item":"https:\/\/2025.damius.com\/es\/hogar\/"},{"@type":"ListItem","position":2,"name":"C\u00f3mo realizar un pedido en nuestra web"}]},{"@type":"WebSite","@id":"https:\/\/2025.damius.com\/#website","url":"https:\/\/2025.damius.com\/","name":"Damius","description":"","publisher":{"@id":"https:\/\/2025.damius.com\/#organization"},"potentialAction":[{"@type":"SearchAction","target":{"@type":"EntryPoint","urlTemplate":"https:\/\/2025.damius.com\/?s={search_term_string}"},"query-input":{"@type":"PropertyValueSpecification","valueRequired":true,"valueName":"search_term_string"}}],"inLanguage":"es"},{"@type":"Organization","@id":"https:\/\/2025.damius.com\/#organization","name":"Damius","url":"https:\/\/2025.damius.com\/","logo":{"@type":"ImageObject","inLanguage":"es","@id":"https:\/\/2025.damius.com\/#\/schema\/logo\/image\/","url":"https:\/\/2025.damius.com\/wp-content\/uploads\/2022\/01\/Logo_Damius-1.jpg","contentUrl":"https:\/\/2025.damius.com\/wp-content\/uploads\/2022\/01\/Logo_Damius-1.jpg","width":616,"height":143,"caption":"Damius"},"image":{"@id":"https:\/\/2025.damius.com\/#\/schema\/logo\/image\/"}}]}},"featured_image_src":null,"featured_image_src_square":null,"_links":{"self":[{"href":"https:\/\/2025.damius.com\/es\/wp-json\/wp\/v2\/pages\/1974","targetHints":{"allow":["GET"]}}],"collection":[{"href":"https:\/\/2025.damius.com\/es\/wp-json\/wp\/v2\/pages"}],"about":[{"href":"https:\/\/2025.damius.com\/es\/wp-json\/wp\/v2\/types\/page"}],"author":[{"embeddable":true,"href":"https:\/\/2025.damius.com\/es\/wp-json\/wp\/v2\/users\/1"}],"replies":[{"embeddable":true,"href":"https:\/\/2025.damius.com\/es\/wp-json\/wp\/v2\/comments?post=1974"}],"version-history":[{"count":1,"href":"https:\/\/2025.damius.com\/es\/wp-json\/wp\/v2\/pages\/1974\/revisions"}],"predecessor-version":[{"id":1975,"href":"https:\/\/2025.damius.com\/es\/wp-json\/wp\/v2\/pages\/1974\/revisions\/1975"}],"wp:attachment":[{"href":"https:\/\/2025.damius.com\/es\/wp-json\/wp\/v2\/media?parent=1974"}],"curies":[{"name":"wp","href":"https:\/\/api.w.org\/{rel}","templated":true}]}}