{"id":1989,"date":"2026-02-04T17:31:55","date_gmt":"2026-02-04T16:31:55","guid":{"rendered":"https:\/\/2025.damius.com\/diseno-frances-triciclo-electrico-evasion-damius\/"},"modified":"2026-02-04T17:31:55","modified_gmt":"2026-02-04T16:31:55","slug":"diseno-frances-triciclo-electrico-evasion-damius","status":"publish","type":"page","link":"https:\/\/2025.damius.com\/es\/diseno-frances-triciclo-electrico-evasion-damius\/","title":{"rendered":"Dise\u00f1o franc\u00e9s &#8211; Triciclo el\u00e9ctrico Evasion &#8211; Damius"},"content":{"rendered":"\n<div class=\"wp-block-media-text alignwide is-stacked-on-mobile\"><figure class=\"wp-block-media-text__media\"><img loading=\"lazy\" decoding=\"async\" width=\"600\" height=\"400\" src=\"https:\/\/2025.damius.com\/wp-content\/uploads\/2022\/01\/tricycle-fabrication-france.jpg\" alt=\"\" class=\"wp-image-638 size-full\" srcset=\"https:\/\/2025.damius.com\/wp-content\/uploads\/2022\/01\/tricycle-fabrication-france.jpg 600w, https:\/\/2025.damius.com\/wp-content\/uploads\/2022\/01\/tricycle-fabrication-france-300x200.jpg 300w\" sizes=\"auto, (max-width: 600px) 100vw, 600px\" \/><\/figure><div class=\"wp-block-media-text__content\">\n<h2 class=\"wp-block-heading\">\u00bfDise\u00f1o franc\u00e9s? \u00a1Origen garantizado! <\/h2>\n\n\n\n<p>Este ha sido nuestro principio rector desde el inicio del proyecto. De hecho, \u00e9ramos conscientes de la insatisfacci\u00f3n de quienes, sin saberlo, compraban productos de baja calidad o mal dise\u00f1ados, con un dise\u00f1o bastante b\u00e1sico. <\/p>\n\n\n\n<p>En base a esta observaci\u00f3n, <strong>hemos decidido ofrecer triciclos el\u00e9ctricos muy bien dise\u00f1ados<\/strong>, <span style=\"text-decoration: underline;\">satisfaciendo plenamente las necesidades de las personas a las que est\u00e1n destinados<\/span>, con una alta calidad de fabricaci\u00f3n, un equipamiento adecuado y duradero y un eficiente servicio postventa. <\/p>\n\n\n\n<p>Nuestra experiencia, riguroso dise\u00f1o y control de calidad, la selecci\u00f3n de los mejores proveedores y <strong>la satisfacci\u00f3n del cliente <\/strong>son los ingredientes de la receta \u00abDAMIUS\u00bb. El resultado est\u00e1 a la altura de nuestras expectativas; lo comprobar\u00e1 usted mismo al ver nuestros productos, probarlos, hablar con nuestros clientes o leer sus rese\u00f1as y comentarios. <\/p>\n\n\n\n<p><a href=\"https:\/\/www.damius.com\/fr\/le-tricycle-francais-electrique-evasion2.html\">\u00a1Descubre nuestro triciclo el\u00e9ctrico Evasion!<\/a><\/p>\n<\/div><\/div>\n\n<p>Como prueba de nuestro compromiso con la calidad, <span style=\"text-decoration: underline;\">ofrecemos condiciones de garant\u00eda comparables a las de los principales fabricantes.<\/span> Nuestros cuadros tienen garant\u00eda de por vida, mientras que nuestros motores el\u00e9ctricos, bater\u00edas y dem\u00e1s componentes mec\u00e1nicos o el\u00e9ctricos tienen una garant\u00eda de 2 a\u00f1os. <\/p>\n\n<p><span style=\"text-decoration: underline;\">Para lograrlo gestionamos el dise\u00f1o y utilizamos los mejores proveedores:<\/span><\/p>\n\n<ul class=\"wp-block-list\">\n<li>Nos encargamos de todos los aspectos del dise\u00f1o de nuestros triciclos, incluido el desarrollo de prototipos.<\/li>\n\n\n\n<li>Los cuadros son fabricados por una f\u00e1brica especializada en la producci\u00f3n de cuadros para triciclos y bicicletas especiales.<\/li>\n\n\n\n<li>El triciclo se ensambla completamente en una f\u00e1brica especializada en el montaje de bicicletas, por mec\u00e1nicos capacitados y con experiencia.<\/li>\n\n\n\n<li>Los triciclos son probados despu\u00e9s del montaje por nuestros t\u00e9cnicos, quienes tambi\u00e9n se encargan del embalaje y el env\u00edo.<\/li>\n\n\n\n<li>Las bater\u00edas se fabrican en el sur de Francia por un profesional especializado utilizando c\u00e9lulas de litio de las principales marcas.<\/li>\n\n\n\n<li>Las cajas de almacenamiento opcionales se fabrican en una empresa francesa en la regi\u00f3n de Gard.<\/li>\n<\/ul>\n\n<p class=\"has-text-align-center\"><br\/><strong>De 2016 a 2025 fabricamos nuestros propios triciclos; \u00a1ahora la producci\u00f3n est\u00e1 subcontratada!<\/strong><\/p>\n\n<figure class=\"wp-block-embed is-type-video is-provider-youtube wp-block-embed-youtube wp-embed-aspect-16-9 wp-has-aspect-ratio\"><div class=\"wp-block-embed__wrapper\">\n<iframe loading=\"lazy\" title=\"D\u00e9couvrez le processus de fabrication d\u2019un tricycle \u00e9lectrique pour adulte\" width=\"580\" height=\"326\" src=\"https:\/\/www.youtube.com\/embed\/K7tQEzN98Dw?feature=oembed\" frameborder=\"0\" allow=\"accelerometer; autoplay; clipboard-write; encrypted-media; gyroscope; picture-in-picture; web-share\" referrerpolicy=\"strict-origin-when-cross-origin\" allowfullscreen><\/iframe>\n<\/div><\/figure>\n","protected":false},"excerpt":{"rendered":"<p>\u00bfDise\u00f1o franc\u00e9s? \u00a1Origen garantizado! Este ha sido nuestro principio rector desde el inicio del proyecto. De hecho, \u00e9ramos conscientes de la insatisfacci\u00f3n de quienes, sin saberlo, compraban productos de baja calidad o mal dise\u00f1ados, con un dise\u00f1o bastante b\u00e1sico. En base a esta observaci\u00f3n, hemos decidido ofrecer triciclos el\u00e9ctricos muy bien dise\u00f1ados, satisfaciendo plenamente las [&hellip;]<\/p>\n","protected":false},"author":1,"featured_media":0,"parent":0,"menu_order":0,"comment_status":"closed","ping_status":"closed","template":"","meta":{"_acf_changed":false,"_eb_attr":"","footnotes":""},"class_list":["post-1989","page","type-page","status-publish","hentry"],"acf":[],"yoast_head":"<!-- This site is optimized with the Yoast SEO plugin v27.3 - https:\/\/yoast.com\/product\/yoast-seo-wordpress\/ -->\n<title>Dise\u00f1o franc\u00e9s - Triciclo el\u00e9ctrico Evasion - Damius - Damius<\/title>\n<meta name=\"robots\" content=\"noindex, follow, max-snippet:-1, max-image-preview:large, max-video-preview:-1\" \/>\n<meta property=\"og:locale\" content=\"es_ES\" \/>\n<meta property=\"og:type\" content=\"article\" \/>\n<meta property=\"og:title\" content=\"Dise\u00f1o franc\u00e9s - Triciclo el\u00e9ctrico Evasion - Damius - Damius\" \/>\n<meta property=\"og:description\" content=\"\u00bfDise\u00f1o franc\u00e9s? \u00a1Origen garantizado! Este ha sido nuestro principio rector desde el inicio del proyecto. De hecho, \u00e9ramos conscientes de la insatisfacci\u00f3n de quienes, sin saberlo, compraban productos de baja calidad o mal dise\u00f1ados, con un dise\u00f1o bastante b\u00e1sico. En base a esta observaci\u00f3n, hemos decidido ofrecer triciclos el\u00e9ctricos muy bien dise\u00f1ados, satisfaciendo plenamente las [&hellip;]\" \/>\n<meta property=\"og:url\" content=\"https:\/\/2025.damius.com\/es\/diseno-frances-triciclo-electrico-evasion-damius\/\" \/>\n<meta property=\"og:site_name\" content=\"Damius\" \/>\n<meta property=\"og:image\" content=\"https:\/\/2025.damius.com\/wp-content\/uploads\/2022\/01\/tricycle-fabrication-france.jpg\" \/>\n\t<meta property=\"og:image:width\" content=\"600\" \/>\n\t<meta property=\"og:image:height\" content=\"400\" \/>\n\t<meta property=\"og:image:type\" content=\"image\/jpeg\" \/>\n<meta name=\"twitter:card\" content=\"summary_large_image\" \/>\n<meta name=\"twitter:label1\" content=\"Tiempo de lectura\" \/>\n\t<meta name=\"twitter:data1\" content=\"2 minutos\" \/>\n<script type=\"application\/ld+json\" class=\"yoast-schema-graph\">{\"@context\":\"https:\\\/\\\/schema.org\",\"@graph\":[{\"@type\":\"WebPage\",\"@id\":\"https:\\\/\\\/2025.damius.com\\\/es\\\/diseno-frances-triciclo-electrico-evasion-damius\\\/\",\"url\":\"https:\\\/\\\/2025.damius.com\\\/es\\\/diseno-frances-triciclo-electrico-evasion-damius\\\/\",\"name\":\"Dise\u00f1o franc\u00e9s - Triciclo el\u00e9ctrico Evasion - Damius - Damius\",\"isPartOf\":{\"@id\":\"https:\\\/\\\/2025.damius.com\\\/#website\"},\"primaryImageOfPage\":{\"@id\":\"https:\\\/\\\/2025.damius.com\\\/es\\\/diseno-frances-triciclo-electrico-evasion-damius\\\/#primaryimage\"},\"image\":{\"@id\":\"https:\\\/\\\/2025.damius.com\\\/es\\\/diseno-frances-triciclo-electrico-evasion-damius\\\/#primaryimage\"},\"thumbnailUrl\":\"https:\\\/\\\/2025.damius.com\\\/wp-content\\\/uploads\\\/2022\\\/01\\\/tricycle-fabrication-france.jpg\",\"datePublished\":\"2026-02-04T16:31:55+00:00\",\"breadcrumb\":{\"@id\":\"https:\\\/\\\/2025.damius.com\\\/es\\\/diseno-frances-triciclo-electrico-evasion-damius\\\/#breadcrumb\"},\"inLanguage\":\"es\",\"potentialAction\":[{\"@type\":\"ReadAction\",\"target\":[\"https:\\\/\\\/2025.damius.com\\\/es\\\/diseno-frances-triciclo-electrico-evasion-damius\\\/\"]}]},{\"@type\":\"ImageObject\",\"inLanguage\":\"es\",\"@id\":\"https:\\\/\\\/2025.damius.com\\\/es\\\/diseno-frances-triciclo-electrico-evasion-damius\\\/#primaryimage\",\"url\":\"https:\\\/\\\/2025.damius.com\\\/wp-content\\\/uploads\\\/2022\\\/01\\\/tricycle-fabrication-france.jpg\",\"contentUrl\":\"https:\\\/\\\/2025.damius.com\\\/wp-content\\\/uploads\\\/2022\\\/01\\\/tricycle-fabrication-france.jpg\"},{\"@type\":\"BreadcrumbList\",\"@id\":\"https:\\\/\\\/2025.damius.com\\\/es\\\/diseno-frances-triciclo-electrico-evasion-damius\\\/#breadcrumb\",\"itemListElement\":[{\"@type\":\"ListItem\",\"position\":1,\"name\":\"Accueil\",\"item\":\"https:\\\/\\\/2025.damius.com\\\/es\\\/hogar\\\/\"},{\"@type\":\"ListItem\",\"position\":2,\"name\":\"Dise\u00f1o franc\u00e9s &#8211; Triciclo el\u00e9ctrico Evasion &#8211; Damius\"}]},{\"@type\":\"WebSite\",\"@id\":\"https:\\\/\\\/2025.damius.com\\\/#website\",\"url\":\"https:\\\/\\\/2025.damius.com\\\/\",\"name\":\"Damius\",\"description\":\"\",\"publisher\":{\"@id\":\"https:\\\/\\\/2025.damius.com\\\/#organization\"},\"potentialAction\":[{\"@type\":\"SearchAction\",\"target\":{\"@type\":\"EntryPoint\",\"urlTemplate\":\"https:\\\/\\\/2025.damius.com\\\/?s={search_term_string}\"},\"query-input\":{\"@type\":\"PropertyValueSpecification\",\"valueRequired\":true,\"valueName\":\"search_term_string\"}}],\"inLanguage\":\"es\"},{\"@type\":\"Organization\",\"@id\":\"https:\\\/\\\/2025.damius.com\\\/#organization\",\"name\":\"Damius\",\"url\":\"https:\\\/\\\/2025.damius.com\\\/\",\"logo\":{\"@type\":\"ImageObject\",\"inLanguage\":\"es\",\"@id\":\"https:\\\/\\\/2025.damius.com\\\/#\\\/schema\\\/logo\\\/image\\\/\",\"url\":\"https:\\\/\\\/2025.damius.com\\\/wp-content\\\/uploads\\\/2022\\\/01\\\/Logo_Damius-1.jpg\",\"contentUrl\":\"https:\\\/\\\/2025.damius.com\\\/wp-content\\\/uploads\\\/2022\\\/01\\\/Logo_Damius-1.jpg\",\"width\":616,\"height\":143,\"caption\":\"Damius\"},\"image\":{\"@id\":\"https:\\\/\\\/2025.damius.com\\\/#\\\/schema\\\/logo\\\/image\\\/\"}}]}<\/script>\n<!-- \/ Yoast SEO plugin. -->","yoast_head_json":{"title":"Dise\u00f1o franc\u00e9s - Triciclo el\u00e9ctrico Evasion - Damius - Damius","robots":{"index":"noindex","follow":"follow","max-snippet":"max-snippet:-1","max-image-preview":"max-image-preview:large","max-video-preview":"max-video-preview:-1"},"og_locale":"es_ES","og_type":"article","og_title":"Dise\u00f1o franc\u00e9s - Triciclo el\u00e9ctrico Evasion - Damius - Damius","og_description":"\u00bfDise\u00f1o franc\u00e9s? \u00a1Origen garantizado! Este ha sido nuestro principio rector desde el inicio del proyecto. De hecho, \u00e9ramos conscientes de la insatisfacci\u00f3n de quienes, sin saberlo, compraban productos de baja calidad o mal dise\u00f1ados, con un dise\u00f1o bastante b\u00e1sico. En base a esta observaci\u00f3n, hemos decidido ofrecer triciclos el\u00e9ctricos muy bien dise\u00f1ados, satisfaciendo plenamente las [&hellip;]","og_url":"https:\/\/2025.damius.com\/es\/diseno-frances-triciclo-electrico-evasion-damius\/","og_site_name":"Damius","og_image":[{"width":600,"height":400,"url":"https:\/\/2025.damius.com\/wp-content\/uploads\/2022\/01\/tricycle-fabrication-france.jpg","type":"image\/jpeg"}],"twitter_card":"summary_large_image","twitter_misc":{"Tiempo de lectura":"2 minutos"},"schema":{"@context":"https:\/\/schema.org","@graph":[{"@type":"WebPage","@id":"https:\/\/2025.damius.com\/es\/diseno-frances-triciclo-electrico-evasion-damius\/","url":"https:\/\/2025.damius.com\/es\/diseno-frances-triciclo-electrico-evasion-damius\/","name":"Dise\u00f1o franc\u00e9s - Triciclo el\u00e9ctrico Evasion - Damius - Damius","isPartOf":{"@id":"https:\/\/2025.damius.com\/#website"},"primaryImageOfPage":{"@id":"https:\/\/2025.damius.com\/es\/diseno-frances-triciclo-electrico-evasion-damius\/#primaryimage"},"image":{"@id":"https:\/\/2025.damius.com\/es\/diseno-frances-triciclo-electrico-evasion-damius\/#primaryimage"},"thumbnailUrl":"https:\/\/2025.damius.com\/wp-content\/uploads\/2022\/01\/tricycle-fabrication-france.jpg","datePublished":"2026-02-04T16:31:55+00:00","breadcrumb":{"@id":"https:\/\/2025.damius.com\/es\/diseno-frances-triciclo-electrico-evasion-damius\/#breadcrumb"},"inLanguage":"es","potentialAction":[{"@type":"ReadAction","target":["https:\/\/2025.damius.com\/es\/diseno-frances-triciclo-electrico-evasion-damius\/"]}]},{"@type":"ImageObject","inLanguage":"es","@id":"https:\/\/2025.damius.com\/es\/diseno-frances-triciclo-electrico-evasion-damius\/#primaryimage","url":"https:\/\/2025.damius.com\/wp-content\/uploads\/2022\/01\/tricycle-fabrication-france.jpg","contentUrl":"https:\/\/2025.damius.com\/wp-content\/uploads\/2022\/01\/tricycle-fabrication-france.jpg"},{"@type":"BreadcrumbList","@id":"https:\/\/2025.damius.com\/es\/diseno-frances-triciclo-electrico-evasion-damius\/#breadcrumb","itemListElement":[{"@type":"ListItem","position":1,"name":"Accueil","item":"https:\/\/2025.damius.com\/es\/hogar\/"},{"@type":"ListItem","position":2,"name":"Dise\u00f1o franc\u00e9s &#8211; Triciclo el\u00e9ctrico Evasion &#8211; Damius"}]},{"@type":"WebSite","@id":"https:\/\/2025.damius.com\/#website","url":"https:\/\/2025.damius.com\/","name":"Damius","description":"","publisher":{"@id":"https:\/\/2025.damius.com\/#organization"},"potentialAction":[{"@type":"SearchAction","target":{"@type":"EntryPoint","urlTemplate":"https:\/\/2025.damius.com\/?s={search_term_string}"},"query-input":{"@type":"PropertyValueSpecification","valueRequired":true,"valueName":"search_term_string"}}],"inLanguage":"es"},{"@type":"Organization","@id":"https:\/\/2025.damius.com\/#organization","name":"Damius","url":"https:\/\/2025.damius.com\/","logo":{"@type":"ImageObject","inLanguage":"es","@id":"https:\/\/2025.damius.com\/#\/schema\/logo\/image\/","url":"https:\/\/2025.damius.com\/wp-content\/uploads\/2022\/01\/Logo_Damius-1.jpg","contentUrl":"https:\/\/2025.damius.com\/wp-content\/uploads\/2022\/01\/Logo_Damius-1.jpg","width":616,"height":143,"caption":"Damius"},"image":{"@id":"https:\/\/2025.damius.com\/#\/schema\/logo\/image\/"}}]}},"featured_image_src":null,"featured_image_src_square":null,"_links":{"self":[{"href":"https:\/\/2025.damius.com\/es\/wp-json\/wp\/v2\/pages\/1989","targetHints":{"allow":["GET"]}}],"collection":[{"href":"https:\/\/2025.damius.com\/es\/wp-json\/wp\/v2\/pages"}],"about":[{"href":"https:\/\/2025.damius.com\/es\/wp-json\/wp\/v2\/types\/page"}],"author":[{"embeddable":true,"href":"https:\/\/2025.damius.com\/es\/wp-json\/wp\/v2\/users\/1"}],"replies":[{"embeddable":true,"href":"https:\/\/2025.damius.com\/es\/wp-json\/wp\/v2\/comments?post=1989"}],"version-history":[{"count":1,"href":"https:\/\/2025.damius.com\/es\/wp-json\/wp\/v2\/pages\/1989\/revisions"}],"predecessor-version":[{"id":1990,"href":"https:\/\/2025.damius.com\/es\/wp-json\/wp\/v2\/pages\/1989\/revisions\/1990"}],"wp:attachment":[{"href":"https:\/\/2025.damius.com\/es\/wp-json\/wp\/v2\/media?parent=1989"}],"curies":[{"name":"wp","href":"https:\/\/api.w.org\/{rel}","templated":true}]}}