{"id":2066,"date":"2026-02-04T18:56:53","date_gmt":"2026-02-04T17:56:53","guid":{"rendered":"https:\/\/2025.damius.com\/guia-de-compras-online-en-nuestra-web\/"},"modified":"2026-02-06T09:26:56","modified_gmt":"2026-02-06T08:26:56","slug":"guia-de-compras-online-en-nuestra-web","status":"publish","type":"page","link":"https:\/\/2025.damius.com\/es\/guia-de-compras-online-en-nuestra-web\/","title":{"rendered":"Gu\u00eda de compras online en nuestra web"},"content":{"rendered":"\n<p><strong>A continuaci\u00f3n te explicamos c\u00f3mo realizar un pedido en l\u00ednea en nuestro sitio web www.damius.com<\/strong><\/p>\n\n<p><strong>&gt;&gt; Paso 1 :<\/strong><\/p>\n\n<p>Accede a nuestros triciclos desde el men\u00fa principal haciendo clic en \u201c<a href=\"https:\/\/www.damius.com\/fr\/le-tricycle-francais-electrique-evasion2.html\">Nuestros triciclos el\u00e9ctricos<\/a>\u201d.<\/p>\n\n<div class=\"wp-block-image\"><figure class=\"aligncenter size-large\"><img loading=\"lazy\" decoding=\"async\" width=\"1024\" height=\"135\" src=\"https:\/\/2025.damius.com\/wp-content\/uploads\/2022\/01\/menu-nos-tricycles-1024x135.jpg\" alt=\"\" class=\"wp-image-856\" srcset=\"https:\/\/2025.damius.com\/wp-content\/uploads\/2022\/01\/menu-nos-tricycles-1024x135.jpg 1024w, https:\/\/2025.damius.com\/wp-content\/uploads\/2022\/01\/menu-nos-tricycles-300x39.jpg 300w, https:\/\/2025.damius.com\/wp-content\/uploads\/2022\/01\/menu-nos-tricycles-768x101.jpg 768w, https:\/\/2025.damius.com\/wp-content\/uploads\/2022\/01\/menu-nos-tricycles-1200x158.jpg 1200w, https:\/\/2025.damius.com\/wp-content\/uploads\/2022\/01\/menu-nos-tricycles-600x79.jpg 600w, https:\/\/2025.damius.com\/wp-content\/uploads\/2022\/01\/menu-nos-tricycles.jpg 1269w\" sizes=\"auto, (max-width: 1024px) 100vw, 1024px\" \/><\/figure><\/div>\n\n<p>Una vez en la p\u00e1gina del producto, puede ver los detalles del producto a trav\u00e9s de las pesta\u00f1as (en amarillo). Para proceder a la configuraci\u00f3n elija el color y luego haga clic en el bot\u00f3n \u201cCOMPRAR\u201d.<\/p>\n\n<div class=\"wp-block-image\"><figure class=\"aligncenter size-large\"><img loading=\"lazy\" decoding=\"async\" width=\"1024\" height=\"564\" src=\"https:\/\/2025.damius.com\/wp-content\/uploads\/2022\/01\/selection-tricycle-1024x564.jpg\" alt=\"\" class=\"wp-image-852\" srcset=\"https:\/\/2025.damius.com\/wp-content\/uploads\/2022\/01\/selection-tricycle-1024x564.jpg 1024w, https:\/\/2025.damius.com\/wp-content\/uploads\/2022\/01\/selection-tricycle-300x165.jpg 300w, https:\/\/2025.damius.com\/wp-content\/uploads\/2022\/01\/selection-tricycle-768x423.jpg 768w, https:\/\/2025.damius.com\/wp-content\/uploads\/2022\/01\/selection-tricycle-1200x661.jpg 1200w, https:\/\/2025.damius.com\/wp-content\/uploads\/2022\/01\/selection-tricycle-600x331.jpg 600w, https:\/\/2025.damius.com\/wp-content\/uploads\/2022\/01\/selection-tricycle.jpg 1274w\" sizes=\"auto, (max-width: 1024px) 100vw, 1024px\" \/><\/figure><\/div>\n\n<p><strong>&gt;&gt; Paso 2 :<\/strong><\/p>\n\n<p>Configura tu triciclo seleccionando las opciones deseadas y despl\u00e1zate hasta el final de la p\u00e1gina para encontrar el bot\u00f3n verde \u00abFinalizar tu pedido\u00bb, haz clic en \u00e9l.<\/p>\n\n<div class=\"wp-block-image\"><figure class=\"aligncenter size-large\"><img loading=\"lazy\" decoding=\"async\" width=\"1024\" height=\"462\" src=\"https:\/\/2025.damius.com\/wp-content\/uploads\/2022\/01\/personnalisation-tricycle-1-1024x462.jpg\" alt=\"\" class=\"wp-image-848\" srcset=\"https:\/\/2025.damius.com\/wp-content\/uploads\/2022\/01\/personnalisation-tricycle-1-1024x462.jpg 1024w, https:\/\/2025.damius.com\/wp-content\/uploads\/2022\/01\/personnalisation-tricycle-1-300x135.jpg 300w, https:\/\/2025.damius.com\/wp-content\/uploads\/2022\/01\/personnalisation-tricycle-1-768x347.jpg 768w, https:\/\/2025.damius.com\/wp-content\/uploads\/2022\/01\/personnalisation-tricycle-1-1200x541.jpg 1200w, https:\/\/2025.damius.com\/wp-content\/uploads\/2022\/01\/personnalisation-tricycle-1-600x271.jpg 600w, https:\/\/2025.damius.com\/wp-content\/uploads\/2022\/01\/personnalisation-tricycle-1.jpg 1241w\" sizes=\"auto, (max-width: 1024px) 100vw, 1024px\" \/><\/figure><\/div>\n\n<div class=\"wp-block-image\"><figure class=\"aligncenter size-large\"><img loading=\"lazy\" decoding=\"async\" width=\"1024\" height=\"603\" src=\"https:\/\/2025.damius.com\/wp-content\/uploads\/2022\/01\/personnalisation-tricycle-2-1024x603.jpg\" alt=\"\" class=\"wp-image-861\" srcset=\"https:\/\/2025.damius.com\/wp-content\/uploads\/2022\/01\/personnalisation-tricycle-2-1024x603.jpg 1024w, https:\/\/2025.damius.com\/wp-content\/uploads\/2022\/01\/personnalisation-tricycle-2-300x177.jpg 300w, https:\/\/2025.damius.com\/wp-content\/uploads\/2022\/01\/personnalisation-tricycle-2-768x452.jpg 768w, https:\/\/2025.damius.com\/wp-content\/uploads\/2022\/01\/personnalisation-tricycle-2-1200x706.jpg 1200w, https:\/\/2025.damius.com\/wp-content\/uploads\/2022\/01\/personnalisation-tricycle-2-600x353.jpg 600w, https:\/\/2025.damius.com\/wp-content\/uploads\/2022\/01\/personnalisation-tricycle-2.jpg 1235w\" sizes=\"auto, (max-width: 1024px) 100vw, 1024px\" \/><\/figure><\/div>\n\n<p>Ser\u00e1s redirigido directamente a tu carrito de compra, por favor comprueba que el(los) art\u00edculo(s) presente(s) corresponden a tu selecci\u00f3n y luego haz clic en \u201cFINALIZAR TU PEDIDO\u201d.<em><\/em><\/p>\n\n<div class=\"wp-block-image\"><figure class=\"aligncenter size-large\"><img loading=\"lazy\" decoding=\"async\" width=\"1024\" height=\"621\" src=\"https:\/\/2025.damius.com\/wp-content\/uploads\/2022\/01\/panier_1-1024x621.jpg\" alt=\"\" class=\"wp-image-844\" srcset=\"https:\/\/2025.damius.com\/wp-content\/uploads\/2022\/01\/panier_1-1024x621.jpg 1024w, https:\/\/2025.damius.com\/wp-content\/uploads\/2022\/01\/panier_1-300x182.jpg 300w, https:\/\/2025.damius.com\/wp-content\/uploads\/2022\/01\/panier_1-768x466.jpg 768w, https:\/\/2025.damius.com\/wp-content\/uploads\/2022\/01\/panier_1-1200x728.jpg 1200w, https:\/\/2025.damius.com\/wp-content\/uploads\/2022\/01\/panier_1-600x364.jpg 600w, https:\/\/2025.damius.com\/wp-content\/uploads\/2022\/01\/panier_1.jpg 1269w\" sizes=\"auto, (max-width: 1024px) 100vw, 1024px\" \/><\/figure><\/div>\n\n<p><strong>&gt;&gt; Paso 3 :<\/strong><\/p>\n\n<p>Ahora solo queda finalizar tu pedido. Primero, ingresa tus datos (los costos de env\u00edo se calcular\u00e1n autom\u00e1ticamente despu\u00e9s de ingresar el pa\u00eds, ciudad y c\u00f3digo postal). A continuaci\u00f3n, elige el m\u00e9todo de pago que m\u00e1s te convenga entre las distintas opciones disponibles. Finalmente, haga clic en \u00abREALIZAR PEDIDO\u00bb<\/p>\n\n<div class=\"wp-block-image\"><figure class=\"aligncenter size-full\"><img loading=\"lazy\" decoding=\"async\" width=\"675\" height=\"460\" src=\"https:\/\/2025.damius.com\/wp-content\/uploads\/2022\/01\/onestep.jpg\" alt=\"\" class=\"wp-image-840\" srcset=\"https:\/\/2025.damius.com\/wp-content\/uploads\/2022\/01\/onestep.jpg 675w, https:\/\/2025.damius.com\/wp-content\/uploads\/2022\/01\/onestep-300x204.jpg 300w, https:\/\/2025.damius.com\/wp-content\/uploads\/2022\/01\/onestep-600x409.jpg 600w\" sizes=\"auto, (max-width: 675px) 100vw, 675px\" \/><\/figure><\/div>\n\n<p><strong>&gt;&gt; Paso 4 :<\/strong><\/p>\n\n<p>Ahora solo tienes que realizar el pago y tu pedido estar\u00e1 completo. Si ha elegido pagar en l\u00ednea con tarjeta de cr\u00e9dito, ser\u00e1 redirigido autom\u00e1ticamente al sitio web seguro de nuestro socio bancario, Banque Populaire, para finalizar sus compras ingresando los n\u00fameros de su tarjeta de cr\u00e9dito.<\/p>\n\n<div class=\"wp-block-image\"><figure class=\"aligncenter size-full\"><img loading=\"lazy\" decoding=\"async\" width=\"631\" height=\"170\" src=\"https:\/\/2025.damius.com\/wp-content\/uploads\/2022\/01\/commande_termin_e.jpg\" alt=\"\" class=\"wp-image-865\" srcset=\"https:\/\/2025.damius.com\/wp-content\/uploads\/2022\/01\/commande_termin_e.jpg 631w, https:\/\/2025.damius.com\/wp-content\/uploads\/2022\/01\/commande_termin_e-300x81.jpg 300w, https:\/\/2025.damius.com\/wp-content\/uploads\/2022\/01\/commande_termin_e-600x162.jpg 600w\" sizes=\"auto, (max-width: 631px) 100vw, 631px\" \/><\/figure><\/div>\n\n<p>\u00bfTienes alguna duda o problema durante el proceso de pedido online? No dude en ponerse en contacto con nosotros en el n\u00famero 04 90 59 49 10 o desde el extranjero en el n\u00famero +33 490 594 910 <em>(llamada gratuita).<\/em><\/p>\n","protected":false},"excerpt":{"rendered":"<p>A continuaci\u00f3n te explicamos c\u00f3mo realizar un pedido en l\u00ednea en nuestro sitio web www.damius.com &gt;&gt; Paso 1 : Accede a nuestros triciclos desde el men\u00fa principal haciendo clic en \u201cNuestros triciclos el\u00e9ctricos\u201d. Una vez en la p\u00e1gina del producto, puede ver los detalles del producto a trav\u00e9s de las pesta\u00f1as (en amarillo). Para proceder [&hellip;]<\/p>\n","protected":false},"author":1,"featured_media":0,"parent":0,"menu_order":0,"comment_status":"closed","ping_status":"closed","template":"","meta":{"_acf_changed":false,"_eb_attr":"","footnotes":""},"class_list":["post-2066","page","type-page","status-publish","hentry"],"acf":[],"yoast_head":"<!-- This site is optimized with the Yoast SEO plugin v27.3 - https:\/\/yoast.com\/product\/yoast-seo-wordpress\/ -->\n<title>Gu\u00eda de compras online en nuestra web - Damius<\/title>\n<meta name=\"robots\" content=\"noindex, follow, max-snippet:-1, max-image-preview:large, max-video-preview:-1\" \/>\n<meta property=\"og:locale\" content=\"es_ES\" \/>\n<meta property=\"og:type\" content=\"article\" \/>\n<meta property=\"og:title\" content=\"Gu\u00eda de compras online en nuestra web - Damius\" \/>\n<meta property=\"og:description\" content=\"A continuaci\u00f3n te explicamos c\u00f3mo realizar un pedido en l\u00ednea en nuestro sitio web www.damius.com &gt;&gt; Paso 1 : Accede a nuestros triciclos desde el men\u00fa principal haciendo clic en \u201cNuestros triciclos el\u00e9ctricos\u201d. Una vez en la p\u00e1gina del producto, puede ver los detalles del producto a trav\u00e9s de las pesta\u00f1as (en amarillo). Para proceder [&hellip;]\" \/>\n<meta property=\"og:url\" content=\"https:\/\/2025.damius.com\/es\/guia-de-compras-online-en-nuestra-web\/\" \/>\n<meta property=\"og:site_name\" content=\"Damius\" \/>\n<meta property=\"article:modified_time\" content=\"2026-02-06T08:26:56+00:00\" \/>\n<meta property=\"og:image\" content=\"https:\/\/2025.damius.com\/wp-content\/uploads\/2022\/01\/menu-nos-tricycles.jpg\" \/>\n\t<meta property=\"og:image:width\" content=\"1269\" \/>\n\t<meta property=\"og:image:height\" content=\"167\" \/>\n\t<meta property=\"og:image:type\" content=\"image\/jpeg\" \/>\n<meta name=\"twitter:card\" content=\"summary_large_image\" \/>\n<meta name=\"twitter:label1\" content=\"Tiempo de lectura\" \/>\n\t<meta name=\"twitter:data1\" content=\"1 minuto\" \/>\n<script type=\"application\/ld+json\" class=\"yoast-schema-graph\">{\"@context\":\"https:\\\/\\\/schema.org\",\"@graph\":[{\"@type\":\"WebPage\",\"@id\":\"https:\\\/\\\/2025.damius.com\\\/es\\\/guia-de-compras-online-en-nuestra-web\\\/\",\"url\":\"https:\\\/\\\/2025.damius.com\\\/es\\\/guia-de-compras-online-en-nuestra-web\\\/\",\"name\":\"Gu\u00eda de compras online en nuestra web - Damius\",\"isPartOf\":{\"@id\":\"https:\\\/\\\/2025.damius.com\\\/#website\"},\"primaryImageOfPage\":{\"@id\":\"https:\\\/\\\/2025.damius.com\\\/es\\\/guia-de-compras-online-en-nuestra-web\\\/#primaryimage\"},\"image\":{\"@id\":\"https:\\\/\\\/2025.damius.com\\\/es\\\/guia-de-compras-online-en-nuestra-web\\\/#primaryimage\"},\"thumbnailUrl\":\"https:\\\/\\\/2025.damius.com\\\/wp-content\\\/uploads\\\/2022\\\/01\\\/menu-nos-tricycles-1024x135.jpg\",\"datePublished\":\"2026-02-04T17:56:53+00:00\",\"dateModified\":\"2026-02-06T08:26:56+00:00\",\"breadcrumb\":{\"@id\":\"https:\\\/\\\/2025.damius.com\\\/es\\\/guia-de-compras-online-en-nuestra-web\\\/#breadcrumb\"},\"inLanguage\":\"es\",\"potentialAction\":[{\"@type\":\"ReadAction\",\"target\":[\"https:\\\/\\\/2025.damius.com\\\/es\\\/guia-de-compras-online-en-nuestra-web\\\/\"]}]},{\"@type\":\"ImageObject\",\"inLanguage\":\"es\",\"@id\":\"https:\\\/\\\/2025.damius.com\\\/es\\\/guia-de-compras-online-en-nuestra-web\\\/#primaryimage\",\"url\":\"https:\\\/\\\/2025.damius.com\\\/wp-content\\\/uploads\\\/2022\\\/01\\\/menu-nos-tricycles-1024x135.jpg\",\"contentUrl\":\"https:\\\/\\\/2025.damius.com\\\/wp-content\\\/uploads\\\/2022\\\/01\\\/menu-nos-tricycles-1024x135.jpg\"},{\"@type\":\"BreadcrumbList\",\"@id\":\"https:\\\/\\\/2025.damius.com\\\/es\\\/guia-de-compras-online-en-nuestra-web\\\/#breadcrumb\",\"itemListElement\":[{\"@type\":\"ListItem\",\"position\":1,\"name\":\"Accueil\",\"item\":\"https:\\\/\\\/2025.damius.com\\\/es\\\/hogar\\\/\"},{\"@type\":\"ListItem\",\"position\":2,\"name\":\"Gu\u00eda de compras online en nuestra web\"}]},{\"@type\":\"WebSite\",\"@id\":\"https:\\\/\\\/2025.damius.com\\\/#website\",\"url\":\"https:\\\/\\\/2025.damius.com\\\/\",\"name\":\"Damius\",\"description\":\"\",\"publisher\":{\"@id\":\"https:\\\/\\\/2025.damius.com\\\/#organization\"},\"potentialAction\":[{\"@type\":\"SearchAction\",\"target\":{\"@type\":\"EntryPoint\",\"urlTemplate\":\"https:\\\/\\\/2025.damius.com\\\/?s={search_term_string}\"},\"query-input\":{\"@type\":\"PropertyValueSpecification\",\"valueRequired\":true,\"valueName\":\"search_term_string\"}}],\"inLanguage\":\"es\"},{\"@type\":\"Organization\",\"@id\":\"https:\\\/\\\/2025.damius.com\\\/#organization\",\"name\":\"Damius\",\"url\":\"https:\\\/\\\/2025.damius.com\\\/\",\"logo\":{\"@type\":\"ImageObject\",\"inLanguage\":\"es\",\"@id\":\"https:\\\/\\\/2025.damius.com\\\/#\\\/schema\\\/logo\\\/image\\\/\",\"url\":\"https:\\\/\\\/2025.damius.com\\\/wp-content\\\/uploads\\\/2022\\\/01\\\/Logo_Damius-1.jpg\",\"contentUrl\":\"https:\\\/\\\/2025.damius.com\\\/wp-content\\\/uploads\\\/2022\\\/01\\\/Logo_Damius-1.jpg\",\"width\":616,\"height\":143,\"caption\":\"Damius\"},\"image\":{\"@id\":\"https:\\\/\\\/2025.damius.com\\\/#\\\/schema\\\/logo\\\/image\\\/\"}}]}<\/script>\n<!-- \/ Yoast SEO plugin. -->","yoast_head_json":{"title":"Gu\u00eda de compras online en nuestra web - Damius","robots":{"index":"noindex","follow":"follow","max-snippet":"max-snippet:-1","max-image-preview":"max-image-preview:large","max-video-preview":"max-video-preview:-1"},"og_locale":"es_ES","og_type":"article","og_title":"Gu\u00eda de compras online en nuestra web - Damius","og_description":"A continuaci\u00f3n te explicamos c\u00f3mo realizar un pedido en l\u00ednea en nuestro sitio web www.damius.com &gt;&gt; Paso 1 : Accede a nuestros triciclos desde el men\u00fa principal haciendo clic en \u201cNuestros triciclos el\u00e9ctricos\u201d. Una vez en la p\u00e1gina del producto, puede ver los detalles del producto a trav\u00e9s de las pesta\u00f1as (en amarillo). Para proceder [&hellip;]","og_url":"https:\/\/2025.damius.com\/es\/guia-de-compras-online-en-nuestra-web\/","og_site_name":"Damius","article_modified_time":"2026-02-06T08:26:56+00:00","og_image":[{"width":1269,"height":167,"url":"https:\/\/2025.damius.com\/wp-content\/uploads\/2022\/01\/menu-nos-tricycles.jpg","type":"image\/jpeg"}],"twitter_card":"summary_large_image","twitter_misc":{"Tiempo de lectura":"1 minuto"},"schema":{"@context":"https:\/\/schema.org","@graph":[{"@type":"WebPage","@id":"https:\/\/2025.damius.com\/es\/guia-de-compras-online-en-nuestra-web\/","url":"https:\/\/2025.damius.com\/es\/guia-de-compras-online-en-nuestra-web\/","name":"Gu\u00eda de compras online en nuestra web - Damius","isPartOf":{"@id":"https:\/\/2025.damius.com\/#website"},"primaryImageOfPage":{"@id":"https:\/\/2025.damius.com\/es\/guia-de-compras-online-en-nuestra-web\/#primaryimage"},"image":{"@id":"https:\/\/2025.damius.com\/es\/guia-de-compras-online-en-nuestra-web\/#primaryimage"},"thumbnailUrl":"https:\/\/2025.damius.com\/wp-content\/uploads\/2022\/01\/menu-nos-tricycles-1024x135.jpg","datePublished":"2026-02-04T17:56:53+00:00","dateModified":"2026-02-06T08:26:56+00:00","breadcrumb":{"@id":"https:\/\/2025.damius.com\/es\/guia-de-compras-online-en-nuestra-web\/#breadcrumb"},"inLanguage":"es","potentialAction":[{"@type":"ReadAction","target":["https:\/\/2025.damius.com\/es\/guia-de-compras-online-en-nuestra-web\/"]}]},{"@type":"ImageObject","inLanguage":"es","@id":"https:\/\/2025.damius.com\/es\/guia-de-compras-online-en-nuestra-web\/#primaryimage","url":"https:\/\/2025.damius.com\/wp-content\/uploads\/2022\/01\/menu-nos-tricycles-1024x135.jpg","contentUrl":"https:\/\/2025.damius.com\/wp-content\/uploads\/2022\/01\/menu-nos-tricycles-1024x135.jpg"},{"@type":"BreadcrumbList","@id":"https:\/\/2025.damius.com\/es\/guia-de-compras-online-en-nuestra-web\/#breadcrumb","itemListElement":[{"@type":"ListItem","position":1,"name":"Accueil","item":"https:\/\/2025.damius.com\/es\/hogar\/"},{"@type":"ListItem","position":2,"name":"Gu\u00eda de compras online en nuestra web"}]},{"@type":"WebSite","@id":"https:\/\/2025.damius.com\/#website","url":"https:\/\/2025.damius.com\/","name":"Damius","description":"","publisher":{"@id":"https:\/\/2025.damius.com\/#organization"},"potentialAction":[{"@type":"SearchAction","target":{"@type":"EntryPoint","urlTemplate":"https:\/\/2025.damius.com\/?s={search_term_string}"},"query-input":{"@type":"PropertyValueSpecification","valueRequired":true,"valueName":"search_term_string"}}],"inLanguage":"es"},{"@type":"Organization","@id":"https:\/\/2025.damius.com\/#organization","name":"Damius","url":"https:\/\/2025.damius.com\/","logo":{"@type":"ImageObject","inLanguage":"es","@id":"https:\/\/2025.damius.com\/#\/schema\/logo\/image\/","url":"https:\/\/2025.damius.com\/wp-content\/uploads\/2022\/01\/Logo_Damius-1.jpg","contentUrl":"https:\/\/2025.damius.com\/wp-content\/uploads\/2022\/01\/Logo_Damius-1.jpg","width":616,"height":143,"caption":"Damius"},"image":{"@id":"https:\/\/2025.damius.com\/#\/schema\/logo\/image\/"}}]}},"featured_image_src":null,"featured_image_src_square":null,"_links":{"self":[{"href":"https:\/\/2025.damius.com\/es\/wp-json\/wp\/v2\/pages\/2066","targetHints":{"allow":["GET"]}}],"collection":[{"href":"https:\/\/2025.damius.com\/es\/wp-json\/wp\/v2\/pages"}],"about":[{"href":"https:\/\/2025.damius.com\/es\/wp-json\/wp\/v2\/types\/page"}],"author":[{"embeddable":true,"href":"https:\/\/2025.damius.com\/es\/wp-json\/wp\/v2\/users\/1"}],"replies":[{"embeddable":true,"href":"https:\/\/2025.damius.com\/es\/wp-json\/wp\/v2\/comments?post=2066"}],"version-history":[{"count":1,"href":"https:\/\/2025.damius.com\/es\/wp-json\/wp\/v2\/pages\/2066\/revisions"}],"predecessor-version":[{"id":2067,"href":"https:\/\/2025.damius.com\/es\/wp-json\/wp\/v2\/pages\/2066\/revisions\/2067"}],"wp:attachment":[{"href":"https:\/\/2025.damius.com\/es\/wp-json\/wp\/v2\/media?parent=2066"}],"curies":[{"name":"wp","href":"https:\/\/api.w.org\/{rel}","templated":true}]}}