{"id":2127,"date":"2026-02-05T14:44:33","date_gmt":"2026-02-05T13:44:33","guid":{"rendered":"https:\/\/2025.damius.com\/metodos-de-pago-disponibles-para-ustedles-moyens-de-paiement-a-votre-disposition\/"},"modified":"2026-02-06T09:09:08","modified_gmt":"2026-02-06T08:09:08","slug":"metodos-de-pago-disponibles-para-ustedles-moyens-de-paiement-a-votre-disposition","status":"publish","type":"page","link":"https:\/\/2025.damius.com\/es\/metodos-de-pago-disponibles-para-ustedles-moyens-de-paiement-a-votre-disposition\/","title":{"rendered":"M\u00e9todos de pago disponibles para ustedLes moyens de paiement \u00e0 votre disposition"},"content":{"rendered":"\n<div class=\"wp-block-media-text alignwide has-media-on-the-right is-stacked-on-mobile\" style=\"grid-template-columns:auto 15%\"><div class=\"wp-block-media-text__content\">\n<p>Te ofrecemos una amplia gama de opciones de pago para que puedas pagar tus compras de la forma que m\u00e1s te convenga y, sobre todo, sea sencilla y segura.<\/p>\n\n\n\n<p>Nos comprometemos especialmente a garantizarle el m\u00e1ximo nivel de seguridad en sus transacciones en l\u00ednea y la total confidencialidad de su informaci\u00f3n bancaria. Por eso, nos hemos asociado exclusivamente con empresas confiables y de prestigio como Banque Populaire y PayPal. <\/p>\n\n\n\n<p>Descubre a continuaci\u00f3n todos los m\u00e9todos de pago que ofrecemos:<\/p>\n<\/div><figure class=\"wp-block-media-text__media\"><img loading=\"lazy\" decoding=\"async\" width=\"300\" height=\"355\" src=\"https:\/\/2025.damius.com\/wp-content\/uploads\/2022\/01\/cadenas.jpg\" alt=\"\" class=\"wp-image-755 size-full\" srcset=\"https:\/\/2025.damius.com\/wp-content\/uploads\/2022\/01\/cadenas.jpg 300w, https:\/\/2025.damius.com\/wp-content\/uploads\/2022\/01\/cadenas-254x300.jpg 254w\" sizes=\"auto, (max-width: 300px) 100vw, 300px\" \/><\/figure><\/div>\n\n<p class=\"has-text-color\" style=\"color:#0079be\"><strong><strong>&gt;&gt; Pague con su tarjeta bancaria (v\u00e1lido en l\u00ednea para los pa\u00edses elegibles)<\/strong><\/strong><\/p>\n\n<p><strong><strong>Pago con tarjeta bancaria en 1 plazo sin comisiones:<\/strong><\/strong><\/p>\n\n<p>El pago directo, sencillo, seguro, inmediato y protegido con tarjeta bancaria es la forma m\u00e1s r\u00e1pida de pagar tus compras. Puedes realizarlo con Carte Bleue, Visa, Eurocard o Mastercard, independientemente de tu banco. <\/p>\n<div class=\"wp-block-image\">\n<figure class=\"aligncenter size-full\"><img loading=\"lazy\" decoding=\"async\" width=\"725\" height=\"65\" src=\"https:\/\/2025.damius.com\/wp-content\/uploads\/2026\/02\/paiement_cb.jpg\" alt=\"\" class=\"wp-image-1552\" srcset=\"https:\/\/2025.damius.com\/wp-content\/uploads\/2026\/02\/paiement_cb.jpg 725w, https:\/\/2025.damius.com\/wp-content\/uploads\/2026\/02\/paiement_cb-300x27.jpg 300w, https:\/\/2025.damius.com\/wp-content\/uploads\/2026\/02\/paiement_cb-600x54.jpg 600w\" sizes=\"auto, (max-width: 725px) 100vw, 725px\" \/><\/figure>\n<\/div>\n<p>La p\u00e1gina donde introduce los datos de su tarjeta bancaria es totalmente segura, gestionada por Banque Populaire (a trav\u00e9s de la plataforma SystemPay). Por lo tanto, sus datos bancarios se mantienen completamente confidenciales durante toda la transacci\u00f3n. Tambi\u00e9n ver\u00e1 aparecer un peque\u00f1o icono de candado en la barra de direcciones, lo que indica que se encuentra en una conexi\u00f3n segura y que nadie m\u00e1s puede acceder a esta p\u00e1gina.  <\/p>\n\n<p>Durante la transacci\u00f3n, todos los datos se encriptan con el sistema Secure Socket Layers (SSL) y el proceso 3D-Secure; el cargo en su tarjeta bancaria se realiza una vez completado el pedido.<\/p>\n\n<p><strong>Pago con tarjeta bancaria en 3 o 6 cuotas:<\/strong><\/p>\n\n<p>Para su comodidad y tranquilidad, sea cual sea su banco, le ofrecemos la posibilidad de fraccionar su pago en hasta 6 cuotas con su Carte Bleue, Visa, Eurocard o Mastercard.<\/p>\n\n<p>Se aplica una comisi\u00f3n de gesti\u00f3n mensual de 5\u20ac para los pagos a plazos, es decir, 15\u20ac para un pago en 3 plazos o 30\u20ac para un pago en 6 plazos.<\/p>\n\n<p><span style=\"text-decoration: underline;\">Importante: <\/span>Los pagos se realizan de la siguiente manera:<\/p>\n\n<p>&#8211; El primer pago mensual vence inmediatamente despu\u00e9s de la confirmaci\u00f3n del pago.<br\/>&#8211; Los pagos mensuales subsiguientes vencen con 30 d\u00edas de diferencia.<\/p>\n\n<p>Se le mostrar\u00e1 un cronograma de pagos en la p\u00e1gina de pago ANTES de ingresar los detalles de su tarjeta bancaria.<\/p>\n\n<div style=\"height:20px\" aria-hidden=\"true\" class=\"wp-block-spacer\"><\/div>\n\n<p class=\"has-text-color\" style=\"color:#0079be\"><strong>&gt;&gt; Pague con cheque en hasta 6 cuotas sin comisiones (v\u00e1lido solo en Francia)<\/strong><\/p>\n\n<p>Tambi\u00e9n est\u00e1 disponible el pago con cheque en 1, 3 o 6 plazos, independientemente del importe del pedido. Esto siempre que sus direcciones de facturaci\u00f3n y entrega est\u00e9n ubicadas en Francia continental y su banco tenga sede en Francia. <\/p>\n\n<p>Se aplica una comisi\u00f3n de gesti\u00f3n mensual de 5\u20ac para los pagos a plazos, es decir, 15\u20ac para un pago en 3 plazos y 30\u20ac para un pago en 6 plazos.<\/p>\n\n<p>Para recibir su pedido lo m\u00e1s r\u00e1pido posible, es muy sencillo: solo tiene que enviarnos su(s) cheque(s) por el importe total de su pedido, <strong><span style=\"text-decoration: underline;\">a nombre de DAMIUS<\/span><\/strong>, junto con una hoja aparte con su nombre completo y n\u00famero de pedido, a la siguiente direcci\u00f3n:<\/p>\n\n<p class=\"has-text-color\" style=\"color:#ff0004\"><strong><span style=\"text-decoration: underline;\"><strong>TENGA EN CUENTA que, de acuerdo con las disposiciones legales, todos sus cheques deben estar fechados el d\u00eda del pedido.<\/strong><\/span><\/strong><\/p>\n\n<p><strong>Cheque(s) a nombre de DAMIUS<\/strong> <\/p>\n\n<p><span style=\"text-decoration: underline;\">DIRECCI\u00d3N :<\/span> <\/p>\n\n<p>DAMIUS &#8211; Tricycle EVASION<\/p>\n\n<p>33 avenue du Royaume-Uni<br\/>ZI les Moli\u00e8res<br\/>13140 MIRAMAS &#8211; France<br\/> <\/p>\n\n<p><span style=\"text-decoration: underline;\">Importante: <\/span>Su pedido solo se procesar\u00e1 tras la recepci\u00f3n de su(s) cheque(s), por lo que es posible que haya un retraso adicional en la entrega. Uno de nuestros asesores se pondr\u00e1 en contacto con usted por correo electr\u00f3nico o tel\u00e9fono para confirmar la recepci\u00f3n de su pago. Para pagos a plazos, el primer cheque se cobrar\u00e1 al recibir su carta y los siguientes se cobrar\u00e1n con 30 d\u00edas de diferencia. Para pagos a plazos, el importe total debe dividirse entre el n\u00famero de cheques para que cada pago mensual sea igual.    <\/p>\n\n<p>Si no recibimos su(s) cheque(s) dentro de 7 d\u00edas, nos veremos obligados a cancelar su pedido.<\/p>\n\n<div style=\"height:20px\" aria-hidden=\"true\" class=\"wp-block-spacer\"><\/div>\n\n<p class=\"has-text-color\" style=\"color:#0079be\"><strong>&gt;&gt; Pague en l\u00ednea en una sola cuota sin comisiones usando PayPal<\/strong> <\/p>\n\n<div class=\"wp-block-media-text alignwide has-media-on-the-right is-stacked-on-mobile\" style=\"grid-template-columns:auto 15%\"><div class=\"wp-block-media-text__content\">\n<p>Tan r\u00e1pido como f\u00e1cil de usar, el pago seguro a trav\u00e9s de PayPal se basa en los mejores sistemas del mercado para proteger tus datos y prevenir el fraude. Esto te permite pagar en l\u00ednea sin compartir tus datos bancarios con el comercio. <\/p>\n\n\n\n<p>Despu\u00e9s de seleccionar PayPal en nuestra p\u00e1gina de pago, todo lo que tiene que hacer es elegir si desea utilizar su cuenta PayPal o pagar directamente con su tarjeta bancaria sin crear una cuenta.<\/p>\n<\/div><figure class=\"wp-block-media-text__media\"><img loading=\"lazy\" decoding=\"async\" width=\"1024\" height=\"576\" src=\"https:\/\/2025.damius.com\/wp-content\/uploads\/2022\/01\/PayPal-Logo-1024x576.png\" alt=\"\" class=\"wp-image-770 size-full\" srcset=\"https:\/\/2025.damius.com\/wp-content\/uploads\/2022\/01\/PayPal-Logo-1024x576.png 1024w, https:\/\/2025.damius.com\/wp-content\/uploads\/2022\/01\/PayPal-Logo-300x169.png 300w, https:\/\/2025.damius.com\/wp-content\/uploads\/2022\/01\/PayPal-Logo-768x432.png 768w, https:\/\/2025.damius.com\/wp-content\/uploads\/2022\/01\/PayPal-Logo-1536x864.png 1536w, https:\/\/2025.damius.com\/wp-content\/uploads\/2022\/01\/PayPal-Logo-2048x1152.png 2048w, https:\/\/2025.damius.com\/wp-content\/uploads\/2022\/01\/PayPal-Logo-1200x675.png 1200w, https:\/\/2025.damius.com\/wp-content\/uploads\/2022\/01\/PayPal-Logo-1980x1114.png 1980w, https:\/\/2025.damius.com\/wp-content\/uploads\/2022\/01\/PayPal-Logo-600x338.png 600w\" sizes=\"auto, (max-width: 1024px) 100vw, 1024px\" \/><\/figure><\/div>\n\n<div style=\"height:20px\" aria-hidden=\"true\" class=\"wp-block-spacer\"><\/div>\n\n<p class=\"has-text-color\" style=\"color:#0079be\"><strong>&gt;&gt; Paga mediante transferencia bancaria en un solo plazo sin comisiones<\/strong><\/p>\n\n<p>Independientemente del importe de su pedido, tambi\u00e9n ofrecemos la opci\u00f3n de pagar mediante transferencia bancaria. Es muy f\u00e1cil: simplemente env\u00edenos una transferencia por el importe de su pedido utilizando los datos bancarios que aparecen a continuaci\u00f3n: <\/p>\n\n<p>IBAN : FR76 1460 7000 1866 0218 6396 928<br\/>BIC : CCBPFRPPMAR<\/p>\n\n<p><span style=\"text-decoration: underline;\">Importante:<\/span> Su pedido solo se procesar\u00e1 una vez recibido el pago, por lo que es posible que la entrega se retrase. Uno de nuestros asesores se pondr\u00e1 en contacto con usted por correo electr\u00f3nico o tel\u00e9fono para confirmar la recepci\u00f3n de su pago. <\/p>\n\n<p>Si no recibimos su transferencia dentro de 7 d\u00edas, nos veremos obligados a cancelar su pedido.<\/p>\n\n<p>Los gastos de transferencia son responsabilidad del cliente, no se aceptan tarifas compartidas.<\/p>\n","protected":false},"excerpt":{"rendered":"<p>Te ofrecemos una amplia gama de opciones de pago para que puedas pagar tus compras de la forma que m\u00e1s te convenga y, sobre todo, sea sencilla y segura. Nos comprometemos especialmente a garantizarle el m\u00e1ximo nivel de seguridad en sus transacciones en l\u00ednea y la total confidencialidad de su informaci\u00f3n bancaria. Por eso, nos [&hellip;]<\/p>\n","protected":false},"author":1,"featured_media":0,"parent":0,"menu_order":0,"comment_status":"closed","ping_status":"closed","template":"","meta":{"_acf_changed":false,"_eb_attr":"","footnotes":""},"class_list":["post-2127","page","type-page","status-publish","hentry"],"acf":[],"yoast_head":"<!-- This site is optimized with the Yoast SEO plugin v27.3 - https:\/\/yoast.com\/product\/yoast-seo-wordpress\/ -->\n<title>M\u00e9todos de pago disponibles para ustedLes moyens de paiement \u00e0 votre disposition - Damius<\/title>\n<meta name=\"robots\" content=\"noindex, follow, max-snippet:-1, max-image-preview:large, max-video-preview:-1\" \/>\n<meta property=\"og:locale\" content=\"es_ES\" \/>\n<meta property=\"og:type\" content=\"article\" \/>\n<meta property=\"og:title\" content=\"M\u00e9todos de pago disponibles para ustedLes moyens de paiement \u00e0 votre disposition - Damius\" \/>\n<meta property=\"og:description\" content=\"Te ofrecemos una amplia gama de opciones de pago para que puedas pagar tus compras de la forma que m\u00e1s te convenga y, sobre todo, sea sencilla y segura. Nos comprometemos especialmente a garantizarle el m\u00e1ximo nivel de seguridad en sus transacciones en l\u00ednea y la total confidencialidad de su informaci\u00f3n bancaria. Por eso, nos [&hellip;]\" \/>\n<meta property=\"og:url\" content=\"https:\/\/2025.damius.com\/es\/metodos-de-pago-disponibles-para-ustedles-moyens-de-paiement-a-votre-disposition\/\" \/>\n<meta property=\"og:site_name\" content=\"Damius\" \/>\n<meta property=\"article:modified_time\" content=\"2026-02-06T08:09:08+00:00\" \/>\n<meta property=\"og:image\" content=\"https:\/\/2025.damius.com\/wp-content\/uploads\/2022\/01\/cadenas.jpg\" \/>\n\t<meta property=\"og:image:width\" content=\"300\" \/>\n\t<meta property=\"og:image:height\" content=\"355\" \/>\n\t<meta property=\"og:image:type\" content=\"image\/jpeg\" \/>\n<meta name=\"twitter:card\" content=\"summary_large_image\" \/>\n<meta name=\"twitter:label1\" content=\"Tiempo de lectura\" \/>\n\t<meta name=\"twitter:data1\" content=\"4 minutos\" \/>\n<script type=\"application\/ld+json\" class=\"yoast-schema-graph\">{\"@context\":\"https:\\\/\\\/schema.org\",\"@graph\":[{\"@type\":\"WebPage\",\"@id\":\"https:\\\/\\\/2025.damius.com\\\/es\\\/metodos-de-pago-disponibles-para-ustedles-moyens-de-paiement-a-votre-disposition\\\/\",\"url\":\"https:\\\/\\\/2025.damius.com\\\/es\\\/metodos-de-pago-disponibles-para-ustedles-moyens-de-paiement-a-votre-disposition\\\/\",\"name\":\"M\u00e9todos de pago disponibles para ustedLes moyens de paiement \u00e0 votre disposition - Damius\",\"isPartOf\":{\"@id\":\"https:\\\/\\\/2025.damius.com\\\/#website\"},\"primaryImageOfPage\":{\"@id\":\"https:\\\/\\\/2025.damius.com\\\/es\\\/metodos-de-pago-disponibles-para-ustedles-moyens-de-paiement-a-votre-disposition\\\/#primaryimage\"},\"image\":{\"@id\":\"https:\\\/\\\/2025.damius.com\\\/es\\\/metodos-de-pago-disponibles-para-ustedles-moyens-de-paiement-a-votre-disposition\\\/#primaryimage\"},\"thumbnailUrl\":\"https:\\\/\\\/2025.damius.com\\\/wp-content\\\/uploads\\\/2022\\\/01\\\/cadenas.jpg\",\"datePublished\":\"2026-02-05T13:44:33+00:00\",\"dateModified\":\"2026-02-06T08:09:08+00:00\",\"breadcrumb\":{\"@id\":\"https:\\\/\\\/2025.damius.com\\\/es\\\/metodos-de-pago-disponibles-para-ustedles-moyens-de-paiement-a-votre-disposition\\\/#breadcrumb\"},\"inLanguage\":\"es\",\"potentialAction\":[{\"@type\":\"ReadAction\",\"target\":[\"https:\\\/\\\/2025.damius.com\\\/es\\\/metodos-de-pago-disponibles-para-ustedles-moyens-de-paiement-a-votre-disposition\\\/\"]}]},{\"@type\":\"ImageObject\",\"inLanguage\":\"es\",\"@id\":\"https:\\\/\\\/2025.damius.com\\\/es\\\/metodos-de-pago-disponibles-para-ustedles-moyens-de-paiement-a-votre-disposition\\\/#primaryimage\",\"url\":\"https:\\\/\\\/2025.damius.com\\\/wp-content\\\/uploads\\\/2022\\\/01\\\/cadenas.jpg\",\"contentUrl\":\"https:\\\/\\\/2025.damius.com\\\/wp-content\\\/uploads\\\/2022\\\/01\\\/cadenas.jpg\"},{\"@type\":\"BreadcrumbList\",\"@id\":\"https:\\\/\\\/2025.damius.com\\\/es\\\/metodos-de-pago-disponibles-para-ustedles-moyens-de-paiement-a-votre-disposition\\\/#breadcrumb\",\"itemListElement\":[{\"@type\":\"ListItem\",\"position\":1,\"name\":\"Accueil\",\"item\":\"https:\\\/\\\/2025.damius.com\\\/es\\\/hogar\\\/\"},{\"@type\":\"ListItem\",\"position\":2,\"name\":\"M\u00e9todos de pago disponibles para ustedLes moyens de paiement \u00e0 votre disposition\"}]},{\"@type\":\"WebSite\",\"@id\":\"https:\\\/\\\/2025.damius.com\\\/#website\",\"url\":\"https:\\\/\\\/2025.damius.com\\\/\",\"name\":\"Damius\",\"description\":\"\",\"publisher\":{\"@id\":\"https:\\\/\\\/2025.damius.com\\\/#organization\"},\"potentialAction\":[{\"@type\":\"SearchAction\",\"target\":{\"@type\":\"EntryPoint\",\"urlTemplate\":\"https:\\\/\\\/2025.damius.com\\\/?s={search_term_string}\"},\"query-input\":{\"@type\":\"PropertyValueSpecification\",\"valueRequired\":true,\"valueName\":\"search_term_string\"}}],\"inLanguage\":\"es\"},{\"@type\":\"Organization\",\"@id\":\"https:\\\/\\\/2025.damius.com\\\/#organization\",\"name\":\"Damius\",\"url\":\"https:\\\/\\\/2025.damius.com\\\/\",\"logo\":{\"@type\":\"ImageObject\",\"inLanguage\":\"es\",\"@id\":\"https:\\\/\\\/2025.damius.com\\\/#\\\/schema\\\/logo\\\/image\\\/\",\"url\":\"https:\\\/\\\/2025.damius.com\\\/wp-content\\\/uploads\\\/2022\\\/01\\\/Logo_Damius-1.jpg\",\"contentUrl\":\"https:\\\/\\\/2025.damius.com\\\/wp-content\\\/uploads\\\/2022\\\/01\\\/Logo_Damius-1.jpg\",\"width\":616,\"height\":143,\"caption\":\"Damius\"},\"image\":{\"@id\":\"https:\\\/\\\/2025.damius.com\\\/#\\\/schema\\\/logo\\\/image\\\/\"}}]}<\/script>\n<!-- \/ Yoast SEO plugin. -->","yoast_head_json":{"title":"M\u00e9todos de pago disponibles para ustedLes moyens de paiement \u00e0 votre disposition - Damius","robots":{"index":"noindex","follow":"follow","max-snippet":"max-snippet:-1","max-image-preview":"max-image-preview:large","max-video-preview":"max-video-preview:-1"},"og_locale":"es_ES","og_type":"article","og_title":"M\u00e9todos de pago disponibles para ustedLes moyens de paiement \u00e0 votre disposition - Damius","og_description":"Te ofrecemos una amplia gama de opciones de pago para que puedas pagar tus compras de la forma que m\u00e1s te convenga y, sobre todo, sea sencilla y segura. Nos comprometemos especialmente a garantizarle el m\u00e1ximo nivel de seguridad en sus transacciones en l\u00ednea y la total confidencialidad de su informaci\u00f3n bancaria. Por eso, nos [&hellip;]","og_url":"https:\/\/2025.damius.com\/es\/metodos-de-pago-disponibles-para-ustedles-moyens-de-paiement-a-votre-disposition\/","og_site_name":"Damius","article_modified_time":"2026-02-06T08:09:08+00:00","og_image":[{"width":300,"height":355,"url":"https:\/\/2025.damius.com\/wp-content\/uploads\/2022\/01\/cadenas.jpg","type":"image\/jpeg"}],"twitter_card":"summary_large_image","twitter_misc":{"Tiempo de lectura":"4 minutos"},"schema":{"@context":"https:\/\/schema.org","@graph":[{"@type":"WebPage","@id":"https:\/\/2025.damius.com\/es\/metodos-de-pago-disponibles-para-ustedles-moyens-de-paiement-a-votre-disposition\/","url":"https:\/\/2025.damius.com\/es\/metodos-de-pago-disponibles-para-ustedles-moyens-de-paiement-a-votre-disposition\/","name":"M\u00e9todos de pago disponibles para ustedLes moyens de paiement \u00e0 votre disposition - Damius","isPartOf":{"@id":"https:\/\/2025.damius.com\/#website"},"primaryImageOfPage":{"@id":"https:\/\/2025.damius.com\/es\/metodos-de-pago-disponibles-para-ustedles-moyens-de-paiement-a-votre-disposition\/#primaryimage"},"image":{"@id":"https:\/\/2025.damius.com\/es\/metodos-de-pago-disponibles-para-ustedles-moyens-de-paiement-a-votre-disposition\/#primaryimage"},"thumbnailUrl":"https:\/\/2025.damius.com\/wp-content\/uploads\/2022\/01\/cadenas.jpg","datePublished":"2026-02-05T13:44:33+00:00","dateModified":"2026-02-06T08:09:08+00:00","breadcrumb":{"@id":"https:\/\/2025.damius.com\/es\/metodos-de-pago-disponibles-para-ustedles-moyens-de-paiement-a-votre-disposition\/#breadcrumb"},"inLanguage":"es","potentialAction":[{"@type":"ReadAction","target":["https:\/\/2025.damius.com\/es\/metodos-de-pago-disponibles-para-ustedles-moyens-de-paiement-a-votre-disposition\/"]}]},{"@type":"ImageObject","inLanguage":"es","@id":"https:\/\/2025.damius.com\/es\/metodos-de-pago-disponibles-para-ustedles-moyens-de-paiement-a-votre-disposition\/#primaryimage","url":"https:\/\/2025.damius.com\/wp-content\/uploads\/2022\/01\/cadenas.jpg","contentUrl":"https:\/\/2025.damius.com\/wp-content\/uploads\/2022\/01\/cadenas.jpg"},{"@type":"BreadcrumbList","@id":"https:\/\/2025.damius.com\/es\/metodos-de-pago-disponibles-para-ustedles-moyens-de-paiement-a-votre-disposition\/#breadcrumb","itemListElement":[{"@type":"ListItem","position":1,"name":"Accueil","item":"https:\/\/2025.damius.com\/es\/hogar\/"},{"@type":"ListItem","position":2,"name":"M\u00e9todos de pago disponibles para ustedLes moyens de paiement \u00e0 votre disposition"}]},{"@type":"WebSite","@id":"https:\/\/2025.damius.com\/#website","url":"https:\/\/2025.damius.com\/","name":"Damius","description":"","publisher":{"@id":"https:\/\/2025.damius.com\/#organization"},"potentialAction":[{"@type":"SearchAction","target":{"@type":"EntryPoint","urlTemplate":"https:\/\/2025.damius.com\/?s={search_term_string}"},"query-input":{"@type":"PropertyValueSpecification","valueRequired":true,"valueName":"search_term_string"}}],"inLanguage":"es"},{"@type":"Organization","@id":"https:\/\/2025.damius.com\/#organization","name":"Damius","url":"https:\/\/2025.damius.com\/","logo":{"@type":"ImageObject","inLanguage":"es","@id":"https:\/\/2025.damius.com\/#\/schema\/logo\/image\/","url":"https:\/\/2025.damius.com\/wp-content\/uploads\/2022\/01\/Logo_Damius-1.jpg","contentUrl":"https:\/\/2025.damius.com\/wp-content\/uploads\/2022\/01\/Logo_Damius-1.jpg","width":616,"height":143,"caption":"Damius"},"image":{"@id":"https:\/\/2025.damius.com\/#\/schema\/logo\/image\/"}}]}},"featured_image_src":null,"featured_image_src_square":null,"_links":{"self":[{"href":"https:\/\/2025.damius.com\/es\/wp-json\/wp\/v2\/pages\/2127","targetHints":{"allow":["GET"]}}],"collection":[{"href":"https:\/\/2025.damius.com\/es\/wp-json\/wp\/v2\/pages"}],"about":[{"href":"https:\/\/2025.damius.com\/es\/wp-json\/wp\/v2\/types\/page"}],"author":[{"embeddable":true,"href":"https:\/\/2025.damius.com\/es\/wp-json\/wp\/v2\/users\/1"}],"replies":[{"embeddable":true,"href":"https:\/\/2025.damius.com\/es\/wp-json\/wp\/v2\/comments?post=2127"}],"version-history":[{"count":1,"href":"https:\/\/2025.damius.com\/es\/wp-json\/wp\/v2\/pages\/2127\/revisions"}],"predecessor-version":[{"id":2131,"href":"https:\/\/2025.damius.com\/es\/wp-json\/wp\/v2\/pages\/2127\/revisions\/2131"}],"wp:attachment":[{"href":"https:\/\/2025.damius.com\/es\/wp-json\/wp\/v2\/media?parent=2127"}],"curies":[{"name":"wp","href":"https:\/\/api.w.org\/{rel}","templated":true}]}}