{"id":2132,"date":"2026-02-05T17:30:02","date_gmt":"2026-02-05T16:30:02","guid":{"rendered":"https:\/\/2025.damius.com\/quieres-probar-un-triciclo-para-adultos-damius-gracias-a-la-garantia-satisfecho-o-reembolsado\/"},"modified":"2026-02-06T09:06:19","modified_gmt":"2026-02-06T08:06:19","slug":"quieres-probar-un-triciclo-para-adultos-damius-gracias-a-la-garantia-satisfecho-o-reembolsado","status":"publish","type":"page","link":"https:\/\/2025.damius.com\/es\/quieres-probar-un-triciclo-para-adultos-damius-gracias-a-la-garantia-satisfecho-o-reembolsado\/","title":{"rendered":"\u00bfQuieres probar un triciclo para adultos Damius gracias a la garant\u00eda \u201cSatisfecho o Reembolsado\u201d?"},"content":{"rendered":"\n<figure class=\"wp-block-embed is-type-video is-provider-youtube wp-block-embed-youtube wp-embed-aspect-16-9 wp-has-aspect-ratio\"><div class=\"wp-block-embed__wrapper\">\n<iframe loading=\"lazy\" title=\"Essayer un tricycle \u00e0 assistance \u00e9lectrique chez Damius, leader du tricycle adulte en France.\" width=\"580\" height=\"326\" src=\"https:\/\/www.youtube.com\/embed\/m8eIC3Dim5Y?feature=oembed\" frameborder=\"0\" allow=\"accelerometer; autoplay; clipboard-write; encrypted-media; gyroscope; picture-in-picture; web-share\" referrerpolicy=\"strict-origin-when-cross-origin\" allowfullscreen><\/iframe>\n<\/div><\/figure>\n\n<p><strong>La pol\u00edtica \u00abSatisfecho o Reembolsado\u00bb de Damius es un servicio real, cuidadosamente pensado y optimizado para satisfacerte.<\/strong><\/p>\n\n<p>\u00a1Por fin, una soluci\u00f3n para probar un triciclo para adultos en casa, a tu ritmo y gratis!<br\/>Disfruta de una prueba en casa, en condiciones reales y a tu propio ritmo. Tienes 14 d\u00edas para decidir (en un radio de 10 kil\u00f3metros).<br\/>Si no quedas satisfecho, te reembolsaremos el importe \u00edntegro y organizaremos la recogida gratuita de tu triciclo a trav\u00e9s de nuestro transportista, <mark style=\"background-color:#fbff00\" class=\"has-inline-color has-primary-color\">\u00a1sin necesidad de reembalarlo!<\/mark> <\/p>\n\n<p>\u00bfCu\u00e1les son las ventajas?<br\/>&#8211; Recibes tu triciclo el\u00e9ctrico en casa, 100 % montado y listo para usar.<br\/>&#8211; No necesitas desplazarte para probarlo; \u00a1el triciclo va a ti!<br\/>&#8211; Pru\u00e9balo a tu propio ritmo; tienes 14 d\u00edas desde la entrega (en un l\u00edmite de 10 kil\u00f3metros) para familiarizarte con \u00e9l y tomar una decisi\u00f3n.<br\/>&#8211; \u00a1Pru\u00e9balo f\u00e1cilmente gracias a los numerosos v\u00eddeos incluidos!<br\/>&#8211; Si no desea conservar su triciclo, no es necesario que justifique su decisi\u00f3n, simplemente h\u00e1ganoslo saber y gestionaremos su devoluci\u00f3n sin coste alguno.<br\/>&#8211; Devoluci\u00f3n gratuita y reembolso completo si no deseas conservar tu triciclo o, para limitar el abuso, una tarifa de 300 \u20ac si deseas cambiarlo por otro modelo, talla, color, etc.<\/p>\n\n<p><strong>\u00bfPor qu\u00e9 Damius ofrece este servicio?<br\/><br\/><\/strong>Llevamos varios a\u00f1os comercializando nuestros productos y hemos utilizado diversos modelos de venta (embajadores de marca, representantes de ventas m\u00f3viles y tiendas f\u00edsicas). Hemos identificado importantes problemas con cada uno de estos m\u00e9todos: gesti\u00f3n compleja, asesoramiento no siempre relevante, dificultad para que los interesados \u200b\u200bse desplacen, ya que no podemos ofrecer un lugar de prueba cerca de todos, tiempo de prueba limitado y un \u00e1rea de prueba muy peque\u00f1a (generalmente de solo unas pocas decenas de metros en un estacionamiento). Por eso, quisimos implementar un nuevo m\u00e9todo para brindar un mejor servicio a nuestros clientes. Le ofrecemos <strong>una experiencia \u00fanica probando nuestros productos en la comodidad de su hogar, sin estr\u00e9s, y en su ruta preferida, permiti\u00e9ndole verificar la eficacia del producto que solicit\u00f3<\/strong>. Y para garantizar un servicio perfecto, gestionamos la devoluci\u00f3n del producto y asumimos todos los costos y responsabilidades asociados durante el transporte.    <\/p>\n\n<p><strong>\u00a1Un compromiso oficial!<br\/><br\/><\/strong>Para ser lo m\u00e1s transparentes posible y demostrar nuestro compromiso, hemos incorporado nuestra \u00abGarant\u00eda de Devoluci\u00f3n de Dinero\u00bb a nuestras condiciones generales de venta. Estas condiciones se le presentan durante el proceso de compra y, como exige la ley, debe aceptarlas para validar su pedido. Antes de comprar, puede consultar f\u00e1cilmente <a href=\"https:\/\/www.damius.com\/fr\/conditions-generales-de-ventes.html\">nuestras condiciones generales de venta haciendo clic aqu\u00ed <\/a>(Art\u00edculo 9. Garant\u00eda de Devoluci\u00f3n de Dinero &#8211; Derecho de Desistimiento).  <\/p>\n\n<p><strong>\u00bfCu\u00e1les son las condiciones a cumplir para beneficiarse de la garant\u00eda \u201cSatisfecho o Reembolsado\u201d?<br\/><br\/><\/strong>&#8211; La direcci\u00f3n para recoger el triciclo debe estar en Francia<br\/>&#8211; Dispone de 14 d\u00edas naturales desde la entrega de su triciclo para comunicarnos su deseo de desistimiento por escrito (correo electr\u00f3nico o carta)<br\/>&#8211; El triciclo no debe tener m\u00e1s de 10 kil\u00f3metros en el od\u00f3metro y debe estar en estado nuevo (limpio, sin rayones ni abolladuras, sin signos de desgaste)<br\/>&#8211; La(s) prueba(s) se realizar\u00e1(n) en una superficie limpia y seca (sin lluvia, tierra ni caminos de grava) para garantizar que el triciclo se mantenga como nuevo.<br\/>&#8211; Todas las piezas, documentos, opciones y accesorios deben estar presentes en el momento de la recogida.<br\/>&#8211; Este servicio est\u00e1 limitado a un solo uso.<br\/>&#8211; Este servicio es gratuito para una simple cancelaci\u00f3n de su pedido.<br\/>&#8211; Para evitar abusos, se aplica un cargo de 300 \u20ac si desea cambiar el triciclo recibido por un modelo, talla, color, etc. diferente.<\/p>\n\n<p><strong>\u00bfC\u00f3mo funciona el proceso de devoluci\u00f3n?<\/strong><br\/>&#8211; Tras recibir su decisi\u00f3n, nos pondremos en contacto con usted para verificar que se cumplan las condiciones mencionadas anteriormente.<br\/>&#8211; Deber\u00e1 proporcionarnos fotos de varias partes del triciclo para documentar su estado antes de la devoluci\u00f3n.<br\/>&#8211; Nos encargaremos de que un transportista recoja el triciclo directamente en su domicilio.<br\/>     &gt;&gt; Pueden pasar varios d\u00edas o incluso semanas antes de que el transportista est\u00e9 disponible y pueda acudir a su domicilio.<br\/>     &gt;&gt; Durante este per\u00edodo, el triciclo es completamente responsabilidad suya; debe mantenerlo seguro y protegido de los elementos.<br\/>     &gt;&gt; Le informaremos de la fecha de recogida y haremos todo lo posible para informarle de la hora de llegada del transportista.<br\/>&#8211; Al recibir el triciclo en nuestra f\u00e1brica, lo inspeccionaremos y verificaremos que tenga todos los accesorios (bater\u00eda, llaves y cualquier accesorio opcional).<br\/>&#8211; Si todo est\u00e1 en orden y el triciclo est\u00e1 como nuevo, le reembolsaremos inmediatamente el importe \u00edntegro de su pedido.<\/p>\n\n<p><strong>Los v\u00eddeos de presentaci\u00f3n y aprendizaje: \u00a1el detalle que marca la diferencia!<\/strong><\/p>\n\n<p>Porque te debemos el mejor servicio posible, hemos creado una docena de videos que puedes ver gratis antes de recibir tu triciclo, \u00a1para que est\u00e9s completamente preparado el d\u00eda de la entrega! En estos videos, te beneficiar\u00e1s de nuestros consejos de expertos sobre c\u00f3mo conducir tu triciclo con \u00e9xito. Te ayudar\u00e1n a sentirte c\u00f3modo y a garantizar que tu prueba en casa transcurra sin problemas. Algunos videos ofrecen consejos para empezar, mientras que otros explican c\u00f3mo usar los accesorios y controles. Tendr\u00e1s acceso gratuito e ilimitado a estos videos mediante enlaces que te permiten verlos en l\u00ednea en cualquier momento.    <\/p>\n","protected":false},"excerpt":{"rendered":"<p>La pol\u00edtica \u00abSatisfecho o Reembolsado\u00bb de Damius es un servicio real, cuidadosamente pensado y optimizado para satisfacerte. \u00a1Por fin, una soluci\u00f3n para probar un triciclo para adultos en casa, a tu ritmo y gratis!Disfruta de una prueba en casa, en condiciones reales y a tu propio ritmo. Tienes 14 d\u00edas para decidir (en un radio [&hellip;]<\/p>\n","protected":false},"author":1,"featured_media":0,"parent":0,"menu_order":0,"comment_status":"closed","ping_status":"closed","template":"","meta":{"_acf_changed":false,"_eb_attr":"","footnotes":""},"class_list":["post-2132","page","type-page","status-publish","hentry"],"acf":[],"yoast_head":"<!-- This site is optimized with the Yoast SEO plugin v27.3 - https:\/\/yoast.com\/product\/yoast-seo-wordpress\/ -->\n<title>\u00bfQuieres probar un triciclo para adultos Damius gracias a la garant\u00eda \u201cSatisfecho o Reembolsado\u201d? - Damius<\/title>\n<meta name=\"robots\" content=\"noindex, follow, max-snippet:-1, max-image-preview:large, max-video-preview:-1\" \/>\n<meta property=\"og:locale\" content=\"es_ES\" \/>\n<meta property=\"og:type\" content=\"article\" \/>\n<meta property=\"og:title\" content=\"\u00bfQuieres probar un triciclo para adultos Damius gracias a la garant\u00eda \u201cSatisfecho o Reembolsado\u201d? - Damius\" \/>\n<meta property=\"og:description\" content=\"La pol\u00edtica \u00abSatisfecho o Reembolsado\u00bb de Damius es un servicio real, cuidadosamente pensado y optimizado para satisfacerte. \u00a1Por fin, una soluci\u00f3n para probar un triciclo para adultos en casa, a tu ritmo y gratis!Disfruta de una prueba en casa, en condiciones reales y a tu propio ritmo. Tienes 14 d\u00edas para decidir (en un radio [&hellip;]\" \/>\n<meta property=\"og:url\" content=\"https:\/\/2025.damius.com\/es\/quieres-probar-un-triciclo-para-adultos-damius-gracias-a-la-garantia-satisfecho-o-reembolsado\/\" \/>\n<meta property=\"og:site_name\" content=\"Damius\" \/>\n<meta property=\"article:modified_time\" content=\"2026-02-06T08:06:19+00:00\" \/>\n<meta name=\"twitter:card\" content=\"summary_large_image\" \/>\n<meta name=\"twitter:label1\" content=\"Tiempo de lectura\" \/>\n\t<meta name=\"twitter:data1\" content=\"5 minutos\" \/>\n<script type=\"application\/ld+json\" class=\"yoast-schema-graph\">{\"@context\":\"https:\\\/\\\/schema.org\",\"@graph\":[{\"@type\":\"WebPage\",\"@id\":\"https:\\\/\\\/2025.damius.com\\\/es\\\/quieres-probar-un-triciclo-para-adultos-damius-gracias-a-la-garantia-satisfecho-o-reembolsado\\\/\",\"url\":\"https:\\\/\\\/2025.damius.com\\\/es\\\/quieres-probar-un-triciclo-para-adultos-damius-gracias-a-la-garantia-satisfecho-o-reembolsado\\\/\",\"name\":\"\u00bfQuieres probar un triciclo para adultos Damius gracias a la garant\u00eda \u201cSatisfecho o Reembolsado\u201d? - Damius\",\"isPartOf\":{\"@id\":\"https:\\\/\\\/2025.damius.com\\\/#website\"},\"datePublished\":\"2026-02-05T16:30:02+00:00\",\"dateModified\":\"2026-02-06T08:06:19+00:00\",\"breadcrumb\":{\"@id\":\"https:\\\/\\\/2025.damius.com\\\/es\\\/quieres-probar-un-triciclo-para-adultos-damius-gracias-a-la-garantia-satisfecho-o-reembolsado\\\/#breadcrumb\"},\"inLanguage\":\"es\",\"potentialAction\":[{\"@type\":\"ReadAction\",\"target\":[\"https:\\\/\\\/2025.damius.com\\\/es\\\/quieres-probar-un-triciclo-para-adultos-damius-gracias-a-la-garantia-satisfecho-o-reembolsado\\\/\"]}]},{\"@type\":\"BreadcrumbList\",\"@id\":\"https:\\\/\\\/2025.damius.com\\\/es\\\/quieres-probar-un-triciclo-para-adultos-damius-gracias-a-la-garantia-satisfecho-o-reembolsado\\\/#breadcrumb\",\"itemListElement\":[{\"@type\":\"ListItem\",\"position\":1,\"name\":\"Accueil\",\"item\":\"https:\\\/\\\/2025.damius.com\\\/es\\\/hogar\\\/\"},{\"@type\":\"ListItem\",\"position\":2,\"name\":\"\u00bfQuieres probar un triciclo para adultos Damius gracias a la garant\u00eda \u201cSatisfecho o Reembolsado\u201d?\"}]},{\"@type\":\"WebSite\",\"@id\":\"https:\\\/\\\/2025.damius.com\\\/#website\",\"url\":\"https:\\\/\\\/2025.damius.com\\\/\",\"name\":\"Damius\",\"description\":\"\",\"publisher\":{\"@id\":\"https:\\\/\\\/2025.damius.com\\\/#organization\"},\"potentialAction\":[{\"@type\":\"SearchAction\",\"target\":{\"@type\":\"EntryPoint\",\"urlTemplate\":\"https:\\\/\\\/2025.damius.com\\\/?s={search_term_string}\"},\"query-input\":{\"@type\":\"PropertyValueSpecification\",\"valueRequired\":true,\"valueName\":\"search_term_string\"}}],\"inLanguage\":\"es\"},{\"@type\":\"Organization\",\"@id\":\"https:\\\/\\\/2025.damius.com\\\/#organization\",\"name\":\"Damius\",\"url\":\"https:\\\/\\\/2025.damius.com\\\/\",\"logo\":{\"@type\":\"ImageObject\",\"inLanguage\":\"es\",\"@id\":\"https:\\\/\\\/2025.damius.com\\\/#\\\/schema\\\/logo\\\/image\\\/\",\"url\":\"https:\\\/\\\/2025.damius.com\\\/wp-content\\\/uploads\\\/2022\\\/01\\\/Logo_Damius-1.jpg\",\"contentUrl\":\"https:\\\/\\\/2025.damius.com\\\/wp-content\\\/uploads\\\/2022\\\/01\\\/Logo_Damius-1.jpg\",\"width\":616,\"height\":143,\"caption\":\"Damius\"},\"image\":{\"@id\":\"https:\\\/\\\/2025.damius.com\\\/#\\\/schema\\\/logo\\\/image\\\/\"}}]}<\/script>\n<!-- \/ Yoast SEO plugin. -->","yoast_head_json":{"title":"\u00bfQuieres probar un triciclo para adultos Damius gracias a la garant\u00eda \u201cSatisfecho o Reembolsado\u201d? - Damius","robots":{"index":"noindex","follow":"follow","max-snippet":"max-snippet:-1","max-image-preview":"max-image-preview:large","max-video-preview":"max-video-preview:-1"},"og_locale":"es_ES","og_type":"article","og_title":"\u00bfQuieres probar un triciclo para adultos Damius gracias a la garant\u00eda \u201cSatisfecho o Reembolsado\u201d? - Damius","og_description":"La pol\u00edtica \u00abSatisfecho o Reembolsado\u00bb de Damius es un servicio real, cuidadosamente pensado y optimizado para satisfacerte. \u00a1Por fin, una soluci\u00f3n para probar un triciclo para adultos en casa, a tu ritmo y gratis!Disfruta de una prueba en casa, en condiciones reales y a tu propio ritmo. Tienes 14 d\u00edas para decidir (en un radio [&hellip;]","og_url":"https:\/\/2025.damius.com\/es\/quieres-probar-un-triciclo-para-adultos-damius-gracias-a-la-garantia-satisfecho-o-reembolsado\/","og_site_name":"Damius","article_modified_time":"2026-02-06T08:06:19+00:00","twitter_card":"summary_large_image","twitter_misc":{"Tiempo de lectura":"5 minutos"},"schema":{"@context":"https:\/\/schema.org","@graph":[{"@type":"WebPage","@id":"https:\/\/2025.damius.com\/es\/quieres-probar-un-triciclo-para-adultos-damius-gracias-a-la-garantia-satisfecho-o-reembolsado\/","url":"https:\/\/2025.damius.com\/es\/quieres-probar-un-triciclo-para-adultos-damius-gracias-a-la-garantia-satisfecho-o-reembolsado\/","name":"\u00bfQuieres probar un triciclo para adultos Damius gracias a la garant\u00eda \u201cSatisfecho o Reembolsado\u201d? - Damius","isPartOf":{"@id":"https:\/\/2025.damius.com\/#website"},"datePublished":"2026-02-05T16:30:02+00:00","dateModified":"2026-02-06T08:06:19+00:00","breadcrumb":{"@id":"https:\/\/2025.damius.com\/es\/quieres-probar-un-triciclo-para-adultos-damius-gracias-a-la-garantia-satisfecho-o-reembolsado\/#breadcrumb"},"inLanguage":"es","potentialAction":[{"@type":"ReadAction","target":["https:\/\/2025.damius.com\/es\/quieres-probar-un-triciclo-para-adultos-damius-gracias-a-la-garantia-satisfecho-o-reembolsado\/"]}]},{"@type":"BreadcrumbList","@id":"https:\/\/2025.damius.com\/es\/quieres-probar-un-triciclo-para-adultos-damius-gracias-a-la-garantia-satisfecho-o-reembolsado\/#breadcrumb","itemListElement":[{"@type":"ListItem","position":1,"name":"Accueil","item":"https:\/\/2025.damius.com\/es\/hogar\/"},{"@type":"ListItem","position":2,"name":"\u00bfQuieres probar un triciclo para adultos Damius gracias a la garant\u00eda \u201cSatisfecho o Reembolsado\u201d?"}]},{"@type":"WebSite","@id":"https:\/\/2025.damius.com\/#website","url":"https:\/\/2025.damius.com\/","name":"Damius","description":"","publisher":{"@id":"https:\/\/2025.damius.com\/#organization"},"potentialAction":[{"@type":"SearchAction","target":{"@type":"EntryPoint","urlTemplate":"https:\/\/2025.damius.com\/?s={search_term_string}"},"query-input":{"@type":"PropertyValueSpecification","valueRequired":true,"valueName":"search_term_string"}}],"inLanguage":"es"},{"@type":"Organization","@id":"https:\/\/2025.damius.com\/#organization","name":"Damius","url":"https:\/\/2025.damius.com\/","logo":{"@type":"ImageObject","inLanguage":"es","@id":"https:\/\/2025.damius.com\/#\/schema\/logo\/image\/","url":"https:\/\/2025.damius.com\/wp-content\/uploads\/2022\/01\/Logo_Damius-1.jpg","contentUrl":"https:\/\/2025.damius.com\/wp-content\/uploads\/2022\/01\/Logo_Damius-1.jpg","width":616,"height":143,"caption":"Damius"},"image":{"@id":"https:\/\/2025.damius.com\/#\/schema\/logo\/image\/"}}]}},"featured_image_src":null,"featured_image_src_square":null,"_links":{"self":[{"href":"https:\/\/2025.damius.com\/es\/wp-json\/wp\/v2\/pages\/2132","targetHints":{"allow":["GET"]}}],"collection":[{"href":"https:\/\/2025.damius.com\/es\/wp-json\/wp\/v2\/pages"}],"about":[{"href":"https:\/\/2025.damius.com\/es\/wp-json\/wp\/v2\/types\/page"}],"author":[{"embeddable":true,"href":"https:\/\/2025.damius.com\/es\/wp-json\/wp\/v2\/users\/1"}],"replies":[{"embeddable":true,"href":"https:\/\/2025.damius.com\/es\/wp-json\/wp\/v2\/comments?post=2132"}],"version-history":[{"count":1,"href":"https:\/\/2025.damius.com\/es\/wp-json\/wp\/v2\/pages\/2132\/revisions"}],"predecessor-version":[{"id":2136,"href":"https:\/\/2025.damius.com\/es\/wp-json\/wp\/v2\/pages\/2132\/revisions\/2136"}],"wp:attachment":[{"href":"https:\/\/2025.damius.com\/es\/wp-json\/wp\/v2\/media?parent=2132"}],"curies":[{"name":"wp","href":"https:\/\/api.w.org\/{rel}","templated":true}]}}