{"id":2160,"date":"2026-02-05T18:15:06","date_gmt":"2026-02-05T17:15:06","guid":{"rendered":"https:\/\/2025.damius.com\/entrega-lista-para-usar\/"},"modified":"2026-02-06T09:50:49","modified_gmt":"2026-02-06T08:50:49","slug":"entrega-lista-para-usar","status":"publish","type":"page","link":"https:\/\/2025.damius.com\/es\/entrega-lista-para-usar\/","title":{"rendered":"Entrega lista para usar"},"content":{"rendered":"\n<div class=\"wp-block-media-text alignwide is-stacked-on-mobile is-image-fill-element\"><figure class=\"wp-block-media-text__media\"><img loading=\"lazy\" decoding=\"async\" width=\"600\" height=\"400\" src=\"https:\/\/2025.damius.com\/wp-content\/uploads\/2022\/01\/service-assemblage.jpg\" alt=\"\" class=\"wp-image-708 size-full\" style=\"object-position:50% 50%\" srcset=\"https:\/\/2025.damius.com\/wp-content\/uploads\/2022\/01\/service-assemblage.jpg 600w, https:\/\/2025.damius.com\/wp-content\/uploads\/2022\/01\/service-assemblage-300x200.jpg 300w\" sizes=\"auto, (max-width: 600px) 100vw, 600px\" \/><\/figure><div class=\"wp-block-media-text__content\">\n<h2 class=\"wp-block-heading\">La inspecci\u00f3n del triciclo el\u00e9ctrico,<br \/>durante la cual nada se deja al azar.<\/h2>\n\n\n\n<p>El montaje de un triciclo el\u00e9ctrico para adultos requiere habilidades y herramientas profesionales. Contamos con todas las herramientas y la experiencia necesarias para verificar y completar el montaje de su triciclo en \u00f3ptimas condiciones. Todo el triciclo se inspecciona meticulosamente antes de la prueba. <span style=\"text-decoration: underline\">Su triciclo se ensambla con los accesorios y opciones que solicit\u00f3<\/span>, <strong>cumpliendo con las especificaciones precisas<\/strong>, y se realizan varias comprobaciones funcionales durante el proceso.  <br \/><br \/>Nos enorgullecemos de realizar esta preparaci\u00f3n en nuestras propias instalaciones para garantizar un alto nivel de control de calidad. Finalmente, cada triciclo se revisa, ajusta (frenos, desviador, etc.) y <strong>prueba en condiciones reales<\/strong> (cambio de marchas, frenado, direcci\u00f3n, etc.) antes de ser empaquetado y enviado. <br \/><br \/><a href=\"https:\/\/2025.damius.com\/votre-tricycle-monte-sur-mesure-et-livre-chez-vous-pret-a-lemploi-pour-1e\/\">Conozca m\u00e1s sobre el montaje de nuestros triciclos Evasion<\/a><\/p>\n<\/div><\/div>\n\n<hr class=\"wp-block-separator has-css-opacity\" \/>\n\n<div class=\"wp-block-media-text alignwide has-media-on-the-right is-stacked-on-mobile is-image-fill-element\"><div class=\"wp-block-media-text__content\">\n<h2 class=\"wp-block-heading\">Tu bicicleta de 3 ruedas entregada con total tranquilidad<\/h2>\n\n\n\n<p>Desde 2013, colaboramos con la empresa de transporte GEODIS, especialista en el env\u00edo de paquetes grandes, que ha implementado <strong>una soluci\u00f3n de entrega eficiente para particulares<\/strong>. Le mantenemos informado por correo electr\u00f3nico y SMS sobre la entrega de su triciclo en dos etapas. Etapa 1: Se le notifica cuando su paquete se recoge en nuestro almac\u00e9n. Etapa 2: Se le notifica de nuevo cuando el paquete con su bicicleta de tres ruedas para adultos llega a la agencia que se encargar\u00e1 de la entrega a domicilio. A continuaci\u00f3n, <span style=\"text-decoration: underline\">puede elegir la fecha de entrega que prefiera en un calendario en l\u00ednea.<\/span>  <br \/><br \/>Durante todo el transporte somos responsables de la integridad de tu triciclo, por eso hemos desarrollado un embalaje espec\u00edfico para el transporte de nuestros triciclos compuesto por un palet de madera que nosotros mismos fabricamos sobre el que se fija el triciclo y una caja de cart\u00f3n muy resistente que lo envuelve y lo protege.<\/p>\n\n\n\n<p>Dominamos a la perfecci\u00f3n el proceso de entrega y nuestra soluci\u00f3n nos permite entregar su triciclo en aproximadamente 5 d\u00edas si est\u00e1 en stock. \u00a1Su triciclo se <strong>entregar\u00e1 en su domicilio completamente ensamblado<\/strong> con las opciones que haya elegido! Antes del env\u00edo, lo revisaremos para garantizar su correcto funcionamiento.  <br \/><br \/><a href=\"https:\/\/2025.damius.com\/votre-tricycle-monte-sur-mesure-et-livre-chez-vous-pret-a-lemploi-pour-1e\/\">Conozca m\u00e1s sobre nuestras condiciones de entrega<\/a><\/p>\n<\/div><figure class=\"wp-block-media-text__media\"><img loading=\"lazy\" decoding=\"async\" width=\"600\" height=\"400\" src=\"https:\/\/2025.damius.com\/wp-content\/uploads\/2022\/01\/carton_allotricycle.jpg\" alt=\"\" class=\"wp-image-712 size-full\" style=\"object-position:50% 50%\" srcset=\"https:\/\/2025.damius.com\/wp-content\/uploads\/2022\/01\/carton_allotricycle.jpg 600w, https:\/\/2025.damius.com\/wp-content\/uploads\/2022\/01\/carton_allotricycle-300x200.jpg 300w\" sizes=\"auto, (max-width: 600px) 100vw, 600px\" \/><\/figure><\/div>\n","protected":false},"excerpt":{"rendered":"<p>La inspecci\u00f3n del triciclo el\u00e9ctrico,durante la cual nada se deja al azar. El montaje de un triciclo el\u00e9ctrico para adultos requiere habilidades y herramientas profesionales. Contamos con todas las herramientas y la experiencia necesarias para verificar y completar el montaje de su triciclo en \u00f3ptimas condiciones. Todo el triciclo se inspecciona meticulosamente antes de la [&hellip;]<\/p>\n","protected":false},"author":1,"featured_media":0,"parent":0,"menu_order":0,"comment_status":"closed","ping_status":"closed","template":"","meta":{"_acf_changed":false,"_eb_attr":"","footnotes":""},"class_list":["post-2160","page","type-page","status-publish","hentry"],"acf":[],"yoast_head":"<!-- This site is optimized with the Yoast SEO plugin v27.3 - https:\/\/yoast.com\/product\/yoast-seo-wordpress\/ -->\n<title>Entrega lista para usar - Damius<\/title>\n<meta name=\"robots\" content=\"noindex, follow, max-snippet:-1, max-image-preview:large, max-video-preview:-1\" \/>\n<meta property=\"og:locale\" content=\"es_ES\" \/>\n<meta property=\"og:type\" content=\"article\" \/>\n<meta property=\"og:title\" content=\"Entrega lista para usar - Damius\" \/>\n<meta property=\"og:description\" content=\"La inspecci\u00f3n del triciclo el\u00e9ctrico,durante la cual nada se deja al azar. El montaje de un triciclo el\u00e9ctrico para adultos requiere habilidades y herramientas profesionales. Contamos con todas las herramientas y la experiencia necesarias para verificar y completar el montaje de su triciclo en \u00f3ptimas condiciones. Todo el triciclo se inspecciona meticulosamente antes de la [&hellip;]\" \/>\n<meta property=\"og:url\" content=\"https:\/\/2025.damius.com\/es\/entrega-lista-para-usar\/\" \/>\n<meta property=\"og:site_name\" content=\"Damius\" \/>\n<meta property=\"article:modified_time\" content=\"2026-02-06T08:50:49+00:00\" \/>\n<meta property=\"og:image\" content=\"https:\/\/2025.damius.com\/wp-content\/uploads\/2022\/01\/service-assemblage.jpg\" \/>\n\t<meta property=\"og:image:width\" content=\"600\" \/>\n\t<meta property=\"og:image:height\" content=\"400\" \/>\n\t<meta property=\"og:image:type\" content=\"image\/jpeg\" \/>\n<meta name=\"twitter:card\" content=\"summary_large_image\" \/>\n<meta name=\"twitter:label1\" content=\"Tiempo de lectura\" \/>\n\t<meta name=\"twitter:data1\" content=\"2 minutos\" \/>\n<script type=\"application\/ld+json\" class=\"yoast-schema-graph\">{\"@context\":\"https:\\\/\\\/schema.org\",\"@graph\":[{\"@type\":\"WebPage\",\"@id\":\"https:\\\/\\\/2025.damius.com\\\/es\\\/entrega-lista-para-usar\\\/\",\"url\":\"https:\\\/\\\/2025.damius.com\\\/es\\\/entrega-lista-para-usar\\\/\",\"name\":\"Entrega lista para usar - Damius\",\"isPartOf\":{\"@id\":\"https:\\\/\\\/2025.damius.com\\\/#website\"},\"primaryImageOfPage\":{\"@id\":\"https:\\\/\\\/2025.damius.com\\\/es\\\/entrega-lista-para-usar\\\/#primaryimage\"},\"image\":{\"@id\":\"https:\\\/\\\/2025.damius.com\\\/es\\\/entrega-lista-para-usar\\\/#primaryimage\"},\"thumbnailUrl\":\"https:\\\/\\\/2025.damius.com\\\/wp-content\\\/uploads\\\/2022\\\/01\\\/service-assemblage.jpg\",\"datePublished\":\"2026-02-05T17:15:06+00:00\",\"dateModified\":\"2026-02-06T08:50:49+00:00\",\"breadcrumb\":{\"@id\":\"https:\\\/\\\/2025.damius.com\\\/es\\\/entrega-lista-para-usar\\\/#breadcrumb\"},\"inLanguage\":\"es\",\"potentialAction\":[{\"@type\":\"ReadAction\",\"target\":[\"https:\\\/\\\/2025.damius.com\\\/es\\\/entrega-lista-para-usar\\\/\"]}]},{\"@type\":\"ImageObject\",\"inLanguage\":\"es\",\"@id\":\"https:\\\/\\\/2025.damius.com\\\/es\\\/entrega-lista-para-usar\\\/#primaryimage\",\"url\":\"https:\\\/\\\/2025.damius.com\\\/wp-content\\\/uploads\\\/2022\\\/01\\\/service-assemblage.jpg\",\"contentUrl\":\"https:\\\/\\\/2025.damius.com\\\/wp-content\\\/uploads\\\/2022\\\/01\\\/service-assemblage.jpg\"},{\"@type\":\"BreadcrumbList\",\"@id\":\"https:\\\/\\\/2025.damius.com\\\/es\\\/entrega-lista-para-usar\\\/#breadcrumb\",\"itemListElement\":[{\"@type\":\"ListItem\",\"position\":1,\"name\":\"Accueil\",\"item\":\"https:\\\/\\\/2025.damius.com\\\/es\\\/hogar\\\/\"},{\"@type\":\"ListItem\",\"position\":2,\"name\":\"Entrega lista para usar\"}]},{\"@type\":\"WebSite\",\"@id\":\"https:\\\/\\\/2025.damius.com\\\/#website\",\"url\":\"https:\\\/\\\/2025.damius.com\\\/\",\"name\":\"Damius\",\"description\":\"\",\"publisher\":{\"@id\":\"https:\\\/\\\/2025.damius.com\\\/#organization\"},\"potentialAction\":[{\"@type\":\"SearchAction\",\"target\":{\"@type\":\"EntryPoint\",\"urlTemplate\":\"https:\\\/\\\/2025.damius.com\\\/?s={search_term_string}\"},\"query-input\":{\"@type\":\"PropertyValueSpecification\",\"valueRequired\":true,\"valueName\":\"search_term_string\"}}],\"inLanguage\":\"es\"},{\"@type\":\"Organization\",\"@id\":\"https:\\\/\\\/2025.damius.com\\\/#organization\",\"name\":\"Damius\",\"url\":\"https:\\\/\\\/2025.damius.com\\\/\",\"logo\":{\"@type\":\"ImageObject\",\"inLanguage\":\"es\",\"@id\":\"https:\\\/\\\/2025.damius.com\\\/#\\\/schema\\\/logo\\\/image\\\/\",\"url\":\"https:\\\/\\\/2025.damius.com\\\/wp-content\\\/uploads\\\/2022\\\/01\\\/Logo_Damius-1.jpg\",\"contentUrl\":\"https:\\\/\\\/2025.damius.com\\\/wp-content\\\/uploads\\\/2022\\\/01\\\/Logo_Damius-1.jpg\",\"width\":616,\"height\":143,\"caption\":\"Damius\"},\"image\":{\"@id\":\"https:\\\/\\\/2025.damius.com\\\/#\\\/schema\\\/logo\\\/image\\\/\"}}]}<\/script>\n<!-- \/ Yoast SEO plugin. -->","yoast_head_json":{"title":"Entrega lista para usar - Damius","robots":{"index":"noindex","follow":"follow","max-snippet":"max-snippet:-1","max-image-preview":"max-image-preview:large","max-video-preview":"max-video-preview:-1"},"og_locale":"es_ES","og_type":"article","og_title":"Entrega lista para usar - Damius","og_description":"La inspecci\u00f3n del triciclo el\u00e9ctrico,durante la cual nada se deja al azar. El montaje de un triciclo el\u00e9ctrico para adultos requiere habilidades y herramientas profesionales. Contamos con todas las herramientas y la experiencia necesarias para verificar y completar el montaje de su triciclo en \u00f3ptimas condiciones. Todo el triciclo se inspecciona meticulosamente antes de la [&hellip;]","og_url":"https:\/\/2025.damius.com\/es\/entrega-lista-para-usar\/","og_site_name":"Damius","article_modified_time":"2026-02-06T08:50:49+00:00","og_image":[{"width":600,"height":400,"url":"https:\/\/2025.damius.com\/wp-content\/uploads\/2022\/01\/service-assemblage.jpg","type":"image\/jpeg"}],"twitter_card":"summary_large_image","twitter_misc":{"Tiempo de lectura":"2 minutos"},"schema":{"@context":"https:\/\/schema.org","@graph":[{"@type":"WebPage","@id":"https:\/\/2025.damius.com\/es\/entrega-lista-para-usar\/","url":"https:\/\/2025.damius.com\/es\/entrega-lista-para-usar\/","name":"Entrega lista para usar - Damius","isPartOf":{"@id":"https:\/\/2025.damius.com\/#website"},"primaryImageOfPage":{"@id":"https:\/\/2025.damius.com\/es\/entrega-lista-para-usar\/#primaryimage"},"image":{"@id":"https:\/\/2025.damius.com\/es\/entrega-lista-para-usar\/#primaryimage"},"thumbnailUrl":"https:\/\/2025.damius.com\/wp-content\/uploads\/2022\/01\/service-assemblage.jpg","datePublished":"2026-02-05T17:15:06+00:00","dateModified":"2026-02-06T08:50:49+00:00","breadcrumb":{"@id":"https:\/\/2025.damius.com\/es\/entrega-lista-para-usar\/#breadcrumb"},"inLanguage":"es","potentialAction":[{"@type":"ReadAction","target":["https:\/\/2025.damius.com\/es\/entrega-lista-para-usar\/"]}]},{"@type":"ImageObject","inLanguage":"es","@id":"https:\/\/2025.damius.com\/es\/entrega-lista-para-usar\/#primaryimage","url":"https:\/\/2025.damius.com\/wp-content\/uploads\/2022\/01\/service-assemblage.jpg","contentUrl":"https:\/\/2025.damius.com\/wp-content\/uploads\/2022\/01\/service-assemblage.jpg"},{"@type":"BreadcrumbList","@id":"https:\/\/2025.damius.com\/es\/entrega-lista-para-usar\/#breadcrumb","itemListElement":[{"@type":"ListItem","position":1,"name":"Accueil","item":"https:\/\/2025.damius.com\/es\/hogar\/"},{"@type":"ListItem","position":2,"name":"Entrega lista para usar"}]},{"@type":"WebSite","@id":"https:\/\/2025.damius.com\/#website","url":"https:\/\/2025.damius.com\/","name":"Damius","description":"","publisher":{"@id":"https:\/\/2025.damius.com\/#organization"},"potentialAction":[{"@type":"SearchAction","target":{"@type":"EntryPoint","urlTemplate":"https:\/\/2025.damius.com\/?s={search_term_string}"},"query-input":{"@type":"PropertyValueSpecification","valueRequired":true,"valueName":"search_term_string"}}],"inLanguage":"es"},{"@type":"Organization","@id":"https:\/\/2025.damius.com\/#organization","name":"Damius","url":"https:\/\/2025.damius.com\/","logo":{"@type":"ImageObject","inLanguage":"es","@id":"https:\/\/2025.damius.com\/#\/schema\/logo\/image\/","url":"https:\/\/2025.damius.com\/wp-content\/uploads\/2022\/01\/Logo_Damius-1.jpg","contentUrl":"https:\/\/2025.damius.com\/wp-content\/uploads\/2022\/01\/Logo_Damius-1.jpg","width":616,"height":143,"caption":"Damius"},"image":{"@id":"https:\/\/2025.damius.com\/#\/schema\/logo\/image\/"}}]}},"featured_image_src":null,"featured_image_src_square":null,"_links":{"self":[{"href":"https:\/\/2025.damius.com\/es\/wp-json\/wp\/v2\/pages\/2160","targetHints":{"allow":["GET"]}}],"collection":[{"href":"https:\/\/2025.damius.com\/es\/wp-json\/wp\/v2\/pages"}],"about":[{"href":"https:\/\/2025.damius.com\/es\/wp-json\/wp\/v2\/types\/page"}],"author":[{"embeddable":true,"href":"https:\/\/2025.damius.com\/es\/wp-json\/wp\/v2\/users\/1"}],"replies":[{"embeddable":true,"href":"https:\/\/2025.damius.com\/es\/wp-json\/wp\/v2\/comments?post=2160"}],"version-history":[{"count":2,"href":"https:\/\/2025.damius.com\/es\/wp-json\/wp\/v2\/pages\/2160\/revisions"}],"predecessor-version":[{"id":2237,"href":"https:\/\/2025.damius.com\/es\/wp-json\/wp\/v2\/pages\/2160\/revisions\/2237"}],"wp:attachment":[{"href":"https:\/\/2025.damius.com\/es\/wp-json\/wp\/v2\/media?parent=2160"}],"curies":[{"name":"wp","href":"https:\/\/api.w.org\/{rel}","templated":true}]}}