{"id":2194,"date":"2026-02-05T18:54:36","date_gmt":"2026-02-05T17:54:36","guid":{"rendered":"https:\/\/2025.damius.com\/que-es-el-marcado-bicycode\/"},"modified":"2026-02-06T09:27:34","modified_gmt":"2026-02-06T08:27:34","slug":"que-es-el-marcado-bicycode","status":"publish","type":"page","link":"https:\/\/2025.damius.com\/es\/que-es-el-marcado-bicycode\/","title":{"rendered":"\u00bfQu\u00e9 es el marcado BICYCODE\u00ae?"},"content":{"rendered":"\n<div class=\"wp-block-media-text alignwide is-stacked-on-mobile\" style=\"grid-template-columns:43% auto\"><figure class=\"wp-block-media-text__media\"><img loading=\"lazy\" decoding=\"async\" width=\"1024\" height=\"726\" src=\"https:\/\/2025.damius.com\/wp-content\/uploads\/2026\/02\/bicycode_1-1024x726.jpg\" alt=\"\" class=\"wp-image-1554 size-full\" srcset=\"https:\/\/2025.damius.com\/wp-content\/uploads\/2026\/02\/bicycode_1-1024x726.jpg 1024w, https:\/\/2025.damius.com\/wp-content\/uploads\/2026\/02\/bicycode_1-300x213.jpg 300w, https:\/\/2025.damius.com\/wp-content\/uploads\/2026\/02\/bicycode_1-768x545.jpg 768w, https:\/\/2025.damius.com\/wp-content\/uploads\/2026\/02\/bicycode_1-1200x851.jpg 1200w, https:\/\/2025.damius.com\/wp-content\/uploads\/2026\/02\/bicycode_1-600x426.jpg 600w, https:\/\/2025.damius.com\/wp-content\/uploads\/2026\/02\/bicycode_1.jpg 1280w\" sizes=\"auto, (max-width: 1024px) 100vw, 1024px\" \/><\/figure><div class=\"wp-block-media-text__content\">\n<p>BICYCODE\u00ae es el \u00daNICO sistema reconocido por el gobierno franc\u00e9s para combatir el robo de bicicletas y la gesti\u00f3n de objetos robados. Cuenta con el apoyo del Ministerio de Medio Ambiente y el Ministerio del Interior. <\/p>\n\n\n\n<p><br\/>Nuestra empresa est\u00e1 homologada como operador oficial, por lo que grabamos nosotros mismos nuestros triciclos antes de enviarlos a sus propietarios.<\/p>\n\n\n\n<p><br\/>El objetivo de este sistema es permitir, en caso de robo, la devoluci\u00f3n de un triciclo robado a su propietario por parte de los servicios de polic\u00eda\/gendarmer\u00eda, y as\u00ed combatir la receptaci\u00f3n y la reventa ilegal.<\/p>\n<\/div><\/div>\n\n<h2 class=\"wp-block-heading has-text-color has-link-color wp-elements-63c53e065baba4360dc09f8746d657a6\" style=\"color:#3399cc\">Paso #1: Marcar el n\u00famero \u00fanico de Bicycode en el cuadro de nuestros triciclos para adultos<\/h2>\n\n<p>Utilizamos un adhesivo de seguridad de Bicycode, que nos permite marcar nuestros triciclos de forma eficiente y r\u00e1pida, de acuerdo con la normativa. Este n\u00famero \u00fanico, adem\u00e1s de los dem\u00e1s n\u00fameros de serie que utilizamos (cuadro, motor y bater\u00eda), mejora la trazabilidad. <\/p>\n\n<h2 class=\"wp-block-heading has-text-color has-link-color wp-elements-45c65612215ef0252baddab4317906a5\" style=\"color:#3399cc\">Paso #2: Ingrese el n\u00famero en la hoja de seguimiento del triciclo<\/h2>\n\n<p>Cada triciclo Damius cuenta con su propia hoja de seguimiento digital, similar a un certificado de nacimiento digital. Esta hoja incluye el n\u00famero de serie BICYCODE y otros n\u00fameros de serie, el color, el tipo de triciclo, las opciones y accesorios instalados, el nombre del t\u00e9cnico que realiz\u00f3 el montaje, la fecha de la primera prueba en condiciones reales, la fecha de env\u00edo, etc. Guardamos todos estos datos en esta hoja interna para poder rastrear el origen del triciclo si es necesario.  <\/p>\n\n<h2 class=\"wp-block-heading has-text-color has-link-color wp-elements-8f387cab32ab2184da687410cefde351\" style=\"color:#3399cc\">Paso #3: Registro en la base de datos nacional BICYCODE\u00ae<\/h2>\n\n<p>Registramos el triciclo en el fichero nacional indicando el n\u00famero Bicycode, el modelo del triciclo, el color, los n\u00fameros de serie del cuadro, del motor y de la bater\u00eda, pero tambi\u00e9n los datos de contacto del cliente propietario (nombre, apellidos, correo electr\u00f3nico y tel\u00e9fono).<\/p>\n\n<h2 class=\"wp-block-heading has-text-color has-link-color wp-elements-3f30eec53ba1807ce27d67a9ba046bd2\" style=\"color:#3399cc\">Paso #4: Validaci\u00f3n por parte del cliente\/propietario<\/h2>\n\n<p>Para este paso, se env\u00eda un correo electr\u00f3nico al propietario para confirmar su registro y sus datos de contacto, incluyendo su domicilio. El registro es esencial si desea que nos pongamos en contacto con usted en caso de robo. Por lo tanto, le recomendamos que se registre en cuanto reciba este correo electr\u00f3nico. Este archivo solo es accesible para las fuerzas del orden, quienes podr\u00e1n contactarle si es necesario. En el futuro, podr\u00e1 modificar sus datos de contacto (cambio de domicilio, correo electr\u00f3nico o n\u00famero de tel\u00e9fono), denunciar el robo de su triciclo (esto facilitar\u00e1 la labor policial) o indicar que ha transferido la propiedad de su triciclo a un nuevo propietario (quien podr\u00e1 proporcionar sus datos de contacto), etc.    <\/p>\n\n<p><br\/>&gt;&gt; Para obtener m\u00e1s informaci\u00f3n, visite el sitio web oficial: <a href=\"https:\/\/www.bicycode.eu\/\" target=\"_blank\" rel=\"noreferrer noopener\">www.bicycode.eu<\/a><\/p>\n","protected":false},"excerpt":{"rendered":"<p>BICYCODE\u00ae es el \u00daNICO sistema reconocido por el gobierno franc\u00e9s para combatir el robo de bicicletas y la gesti\u00f3n de objetos robados. Cuenta con el apoyo del Ministerio de Medio Ambiente y el Ministerio del Interior. Nuestra empresa est\u00e1 homologada como operador oficial, por lo que grabamos nosotros mismos nuestros triciclos antes de enviarlos a [&hellip;]<\/p>\n","protected":false},"author":1,"featured_media":0,"parent":0,"menu_order":0,"comment_status":"closed","ping_status":"closed","template":"","meta":{"_acf_changed":false,"_eb_attr":"","footnotes":""},"class_list":["post-2194","page","type-page","status-publish","hentry"],"acf":[],"yoast_head":"<!-- This site is optimized with the Yoast SEO plugin v27.3 - https:\/\/yoast.com\/product\/yoast-seo-wordpress\/ -->\n<title>\u00bfQu\u00e9 es el marcado BICYCODE\u00ae? - Damius<\/title>\n<meta name=\"robots\" content=\"noindex, follow, max-snippet:-1, max-image-preview:large, max-video-preview:-1\" \/>\n<meta property=\"og:locale\" content=\"es_ES\" \/>\n<meta property=\"og:type\" content=\"article\" \/>\n<meta property=\"og:title\" content=\"\u00bfQu\u00e9 es el marcado BICYCODE\u00ae? - Damius\" \/>\n<meta property=\"og:description\" content=\"BICYCODE\u00ae es el \u00daNICO sistema reconocido por el gobierno franc\u00e9s para combatir el robo de bicicletas y la gesti\u00f3n de objetos robados. Cuenta con el apoyo del Ministerio de Medio Ambiente y el Ministerio del Interior. Nuestra empresa est\u00e1 homologada como operador oficial, por lo que grabamos nosotros mismos nuestros triciclos antes de enviarlos a [&hellip;]\" \/>\n<meta property=\"og:url\" content=\"https:\/\/2025.damius.com\/es\/que-es-el-marcado-bicycode\/\" \/>\n<meta property=\"og:site_name\" content=\"Damius\" \/>\n<meta property=\"article:modified_time\" content=\"2026-02-06T08:27:34+00:00\" \/>\n<meta property=\"og:image\" content=\"https:\/\/2025.damius.com\/wp-content\/uploads\/2026\/02\/bicycode_1.jpg\" \/>\n\t<meta property=\"og:image:width\" content=\"1280\" \/>\n\t<meta property=\"og:image:height\" content=\"908\" \/>\n\t<meta property=\"og:image:type\" content=\"image\/jpeg\" \/>\n<meta name=\"twitter:card\" content=\"summary_large_image\" \/>\n<meta name=\"twitter:label1\" content=\"Tiempo de lectura\" \/>\n\t<meta name=\"twitter:data1\" content=\"2 minutos\" \/>\n<script type=\"application\/ld+json\" class=\"yoast-schema-graph\">{\"@context\":\"https:\\\/\\\/schema.org\",\"@graph\":[{\"@type\":\"WebPage\",\"@id\":\"https:\\\/\\\/2025.damius.com\\\/es\\\/que-es-el-marcado-bicycode\\\/\",\"url\":\"https:\\\/\\\/2025.damius.com\\\/es\\\/que-es-el-marcado-bicycode\\\/\",\"name\":\"\u00bfQu\u00e9 es el marcado BICYCODE\u00ae? - Damius\",\"isPartOf\":{\"@id\":\"https:\\\/\\\/2025.damius.com\\\/#website\"},\"primaryImageOfPage\":{\"@id\":\"https:\\\/\\\/2025.damius.com\\\/es\\\/que-es-el-marcado-bicycode\\\/#primaryimage\"},\"image\":{\"@id\":\"https:\\\/\\\/2025.damius.com\\\/es\\\/que-es-el-marcado-bicycode\\\/#primaryimage\"},\"thumbnailUrl\":\"https:\\\/\\\/2025.damius.com\\\/wp-content\\\/uploads\\\/2026\\\/02\\\/bicycode_1-1024x726.jpg\",\"datePublished\":\"2026-02-05T17:54:36+00:00\",\"dateModified\":\"2026-02-06T08:27:34+00:00\",\"breadcrumb\":{\"@id\":\"https:\\\/\\\/2025.damius.com\\\/es\\\/que-es-el-marcado-bicycode\\\/#breadcrumb\"},\"inLanguage\":\"es\",\"potentialAction\":[{\"@type\":\"ReadAction\",\"target\":[\"https:\\\/\\\/2025.damius.com\\\/es\\\/que-es-el-marcado-bicycode\\\/\"]}]},{\"@type\":\"ImageObject\",\"inLanguage\":\"es\",\"@id\":\"https:\\\/\\\/2025.damius.com\\\/es\\\/que-es-el-marcado-bicycode\\\/#primaryimage\",\"url\":\"https:\\\/\\\/2025.damius.com\\\/wp-content\\\/uploads\\\/2026\\\/02\\\/bicycode_1-1024x726.jpg\",\"contentUrl\":\"https:\\\/\\\/2025.damius.com\\\/wp-content\\\/uploads\\\/2026\\\/02\\\/bicycode_1-1024x726.jpg\"},{\"@type\":\"BreadcrumbList\",\"@id\":\"https:\\\/\\\/2025.damius.com\\\/es\\\/que-es-el-marcado-bicycode\\\/#breadcrumb\",\"itemListElement\":[{\"@type\":\"ListItem\",\"position\":1,\"name\":\"Accueil\",\"item\":\"https:\\\/\\\/2025.damius.com\\\/es\\\/hogar\\\/\"},{\"@type\":\"ListItem\",\"position\":2,\"name\":\"\u00bfQu\u00e9 es el marcado BICYCODE\u00ae?\"}]},{\"@type\":\"WebSite\",\"@id\":\"https:\\\/\\\/2025.damius.com\\\/#website\",\"url\":\"https:\\\/\\\/2025.damius.com\\\/\",\"name\":\"Damius\",\"description\":\"\",\"publisher\":{\"@id\":\"https:\\\/\\\/2025.damius.com\\\/#organization\"},\"potentialAction\":[{\"@type\":\"SearchAction\",\"target\":{\"@type\":\"EntryPoint\",\"urlTemplate\":\"https:\\\/\\\/2025.damius.com\\\/?s={search_term_string}\"},\"query-input\":{\"@type\":\"PropertyValueSpecification\",\"valueRequired\":true,\"valueName\":\"search_term_string\"}}],\"inLanguage\":\"es\"},{\"@type\":\"Organization\",\"@id\":\"https:\\\/\\\/2025.damius.com\\\/#organization\",\"name\":\"Damius\",\"url\":\"https:\\\/\\\/2025.damius.com\\\/\",\"logo\":{\"@type\":\"ImageObject\",\"inLanguage\":\"es\",\"@id\":\"https:\\\/\\\/2025.damius.com\\\/#\\\/schema\\\/logo\\\/image\\\/\",\"url\":\"https:\\\/\\\/2025.damius.com\\\/wp-content\\\/uploads\\\/2022\\\/01\\\/Logo_Damius-1.jpg\",\"contentUrl\":\"https:\\\/\\\/2025.damius.com\\\/wp-content\\\/uploads\\\/2022\\\/01\\\/Logo_Damius-1.jpg\",\"width\":616,\"height\":143,\"caption\":\"Damius\"},\"image\":{\"@id\":\"https:\\\/\\\/2025.damius.com\\\/#\\\/schema\\\/logo\\\/image\\\/\"}}]}<\/script>\n<!-- \/ Yoast SEO plugin. -->","yoast_head_json":{"title":"\u00bfQu\u00e9 es el marcado BICYCODE\u00ae? - Damius","robots":{"index":"noindex","follow":"follow","max-snippet":"max-snippet:-1","max-image-preview":"max-image-preview:large","max-video-preview":"max-video-preview:-1"},"og_locale":"es_ES","og_type":"article","og_title":"\u00bfQu\u00e9 es el marcado BICYCODE\u00ae? - Damius","og_description":"BICYCODE\u00ae es el \u00daNICO sistema reconocido por el gobierno franc\u00e9s para combatir el robo de bicicletas y la gesti\u00f3n de objetos robados. Cuenta con el apoyo del Ministerio de Medio Ambiente y el Ministerio del Interior. Nuestra empresa est\u00e1 homologada como operador oficial, por lo que grabamos nosotros mismos nuestros triciclos antes de enviarlos a [&hellip;]","og_url":"https:\/\/2025.damius.com\/es\/que-es-el-marcado-bicycode\/","og_site_name":"Damius","article_modified_time":"2026-02-06T08:27:34+00:00","og_image":[{"width":1280,"height":908,"url":"https:\/\/2025.damius.com\/wp-content\/uploads\/2026\/02\/bicycode_1.jpg","type":"image\/jpeg"}],"twitter_card":"summary_large_image","twitter_misc":{"Tiempo de lectura":"2 minutos"},"schema":{"@context":"https:\/\/schema.org","@graph":[{"@type":"WebPage","@id":"https:\/\/2025.damius.com\/es\/que-es-el-marcado-bicycode\/","url":"https:\/\/2025.damius.com\/es\/que-es-el-marcado-bicycode\/","name":"\u00bfQu\u00e9 es el marcado BICYCODE\u00ae? - Damius","isPartOf":{"@id":"https:\/\/2025.damius.com\/#website"},"primaryImageOfPage":{"@id":"https:\/\/2025.damius.com\/es\/que-es-el-marcado-bicycode\/#primaryimage"},"image":{"@id":"https:\/\/2025.damius.com\/es\/que-es-el-marcado-bicycode\/#primaryimage"},"thumbnailUrl":"https:\/\/2025.damius.com\/wp-content\/uploads\/2026\/02\/bicycode_1-1024x726.jpg","datePublished":"2026-02-05T17:54:36+00:00","dateModified":"2026-02-06T08:27:34+00:00","breadcrumb":{"@id":"https:\/\/2025.damius.com\/es\/que-es-el-marcado-bicycode\/#breadcrumb"},"inLanguage":"es","potentialAction":[{"@type":"ReadAction","target":["https:\/\/2025.damius.com\/es\/que-es-el-marcado-bicycode\/"]}]},{"@type":"ImageObject","inLanguage":"es","@id":"https:\/\/2025.damius.com\/es\/que-es-el-marcado-bicycode\/#primaryimage","url":"https:\/\/2025.damius.com\/wp-content\/uploads\/2026\/02\/bicycode_1-1024x726.jpg","contentUrl":"https:\/\/2025.damius.com\/wp-content\/uploads\/2026\/02\/bicycode_1-1024x726.jpg"},{"@type":"BreadcrumbList","@id":"https:\/\/2025.damius.com\/es\/que-es-el-marcado-bicycode\/#breadcrumb","itemListElement":[{"@type":"ListItem","position":1,"name":"Accueil","item":"https:\/\/2025.damius.com\/es\/hogar\/"},{"@type":"ListItem","position":2,"name":"\u00bfQu\u00e9 es el marcado BICYCODE\u00ae?"}]},{"@type":"WebSite","@id":"https:\/\/2025.damius.com\/#website","url":"https:\/\/2025.damius.com\/","name":"Damius","description":"","publisher":{"@id":"https:\/\/2025.damius.com\/#organization"},"potentialAction":[{"@type":"SearchAction","target":{"@type":"EntryPoint","urlTemplate":"https:\/\/2025.damius.com\/?s={search_term_string}"},"query-input":{"@type":"PropertyValueSpecification","valueRequired":true,"valueName":"search_term_string"}}],"inLanguage":"es"},{"@type":"Organization","@id":"https:\/\/2025.damius.com\/#organization","name":"Damius","url":"https:\/\/2025.damius.com\/","logo":{"@type":"ImageObject","inLanguage":"es","@id":"https:\/\/2025.damius.com\/#\/schema\/logo\/image\/","url":"https:\/\/2025.damius.com\/wp-content\/uploads\/2022\/01\/Logo_Damius-1.jpg","contentUrl":"https:\/\/2025.damius.com\/wp-content\/uploads\/2022\/01\/Logo_Damius-1.jpg","width":616,"height":143,"caption":"Damius"},"image":{"@id":"https:\/\/2025.damius.com\/#\/schema\/logo\/image\/"}}]}},"featured_image_src":null,"featured_image_src_square":null,"_links":{"self":[{"href":"https:\/\/2025.damius.com\/es\/wp-json\/wp\/v2\/pages\/2194","targetHints":{"allow":["GET"]}}],"collection":[{"href":"https:\/\/2025.damius.com\/es\/wp-json\/wp\/v2\/pages"}],"about":[{"href":"https:\/\/2025.damius.com\/es\/wp-json\/wp\/v2\/types\/page"}],"author":[{"embeddable":true,"href":"https:\/\/2025.damius.com\/es\/wp-json\/wp\/v2\/users\/1"}],"replies":[{"embeddable":true,"href":"https:\/\/2025.damius.com\/es\/wp-json\/wp\/v2\/comments?post=2194"}],"version-history":[{"count":1,"href":"https:\/\/2025.damius.com\/es\/wp-json\/wp\/v2\/pages\/2194\/revisions"}],"predecessor-version":[{"id":2196,"href":"https:\/\/2025.damius.com\/es\/wp-json\/wp\/v2\/pages\/2194\/revisions\/2196"}],"wp:attachment":[{"href":"https:\/\/2025.damius.com\/es\/wp-json\/wp\/v2\/media?parent=2194"}],"curies":[{"name":"wp","href":"https:\/\/api.w.org\/{rel}","templated":true}]}}