{"id":2198,"date":"2026-02-05T19:01:48","date_gmt":"2026-02-05T18:01:48","guid":{"rendered":"https:\/\/2025.damius.com\/servicio-posventa\/"},"modified":"2026-02-05T19:01:48","modified_gmt":"2026-02-05T18:01:48","slug":"servicio-posventa","status":"publish","type":"page","link":"https:\/\/2025.damius.com\/es\/servicio-posventa\/","title":{"rendered":"Servicio posventa"},"content":{"rendered":"\n<div class=\"wp-block-media-text alignwide is-stacked-on-mobile is-image-fill-element\"><figure class=\"wp-block-media-text__media\"><img loading=\"lazy\" decoding=\"async\" width=\"600\" height=\"400\" src=\"https:\/\/2025.damius.com\/wp-content\/uploads\/2022\/01\/service-sav.jpg\" alt=\"\" class=\"wp-image-690 size-full\" style=\"object-position:50% 50%\" srcset=\"https:\/\/2025.damius.com\/wp-content\/uploads\/2022\/01\/service-sav.jpg 600w, https:\/\/2025.damius.com\/wp-content\/uploads\/2022\/01\/service-sav-300x200.jpg 300w\" sizes=\"auto, (max-width: 600px) 100vw, 600px\" \/><\/figure><div class=\"wp-block-media-text__content\">\n<h2 class=\"wp-block-heading\">\u00a1Nuestro Servicio Postventa <br\/>es excepcionalmente riguroso!<\/h2>\n\n\n\n<p> \u00bfNecesitas contactar con nuestro servicio de atenci\u00f3n al cliente? \u00a1Es muy f\u00e1cil! Llama al 04 90 59 49 10 (opci\u00f3n 2) o env\u00eda un correo electr\u00f3nico a <a href=\"mailto:sav@damius.com\">sav@damius.com<\/a> <\/p>\n\n\n\n<p>Como dise\u00f1adores de nuestros propios productos, nos enorgullecemos de ofrecer nuestro propio servicio posventa. De hecho, es fundamental para nosotros estar <strong>en contacto directo con cualquier cliente que tenga un problema<\/strong>. Esto nos permite recibir informaci\u00f3n precisa de nuestros clientes, ser lo m\u00e1s eficientes posible para encontrar una soluci\u00f3n r\u00e1pida y, adem\u00e1s, mejorar nuestra producci\u00f3n lo m\u00e1s r\u00e1pido posible.  <br\/><br\/>Naturalmente, mantenemos <span style=\"text-decoration: underline;\">en stock todos los repuestos para nuestros modelos<\/span>, desde las piezas m\u00e1s t\u00e9cnicas hasta el tornillo m\u00e1s peque\u00f1o. Tambi\u00e9n ofrecemos a nuestros clientes, o a los profesionales que realizan reparaciones o mantenimiento, el asesoramiento y las instrucciones necesarias para un diagn\u00f3stico y reemplazo adecuados de la pieza en cuesti\u00f3n. <\/p>\n<\/div><\/div>\n\n<p>Nuestra experiencia, conocimientos y rigurosos est\u00e1ndares nos permiten ofrecerle <strong>condiciones de garant\u00eda muy competitivas.<\/strong> Estas incluyen una garant\u00eda de por vida para nuestros cuadros (solo para particulares; los cuadros tienen una garant\u00eda de 2 a\u00f1os para profesionales) y una garant\u00eda de 2 a\u00f1os para todos los dem\u00e1s componentes (incluidos motores y bater\u00edas), excluyendo las piezas de desgaste (pastillas y discos de freno, cadenas, neum\u00e1ticos, c\u00e1maras, pu\u00f1os, cables y fundas). <\/p>\n\n<p>Todos nuestros modelos han <strong>sido dise\u00f1ados inteligentemente<\/strong> para anticipar y facilitar el mantenimiento futuro. Por lo tanto, su dise\u00f1o es muy robusto y los componentes son de calidad superior, lo que garantiza una fiabilidad casi total. Ya sea para mantenimiento o en caso de aver\u00eda, <span style=\"text-decoration: underline;\">cada componente el\u00e9ctrico es f\u00e1cilmente extra\u00edble por el usuario<\/span> (fijaci\u00f3n sencilla con tornillos de cabeza Phillips y conectores el\u00e9ctricos de conexi\u00f3n r\u00e1pida con llave). Nuestro sistema electr\u00f3nico, equipado con c\u00f3digos de error, permite un diagn\u00f3stico r\u00e1pido y sencillo.   <\/p>\n\n<p>En el caso de que un cliente no pueda realizar el mantenimiento o la reparaci\u00f3n por s\u00ed mismo a pesar de <span style=\"text-decoration: underline;\">nuestros consejos, nos encargaremos de encontrar un reparador cerca de su domicilio para realizar la intervenci\u00f3n<\/span> (dependiendo de la regi\u00f3n, esto puede implicar reparadores a domicilio).<\/p>\n\n<p>\u00a1Nuestra prioridad es la satisfacci\u00f3n total de nuestros clientes!<\/p>\n\n<p><a href=\"https:\/\/2025.damius.com\/es\/garantia-y-servicio-posventa\/\">Conozca m\u00e1s sobre nuestro Servicio Postventa<\/a><\/p>\n","protected":false},"excerpt":{"rendered":"<p>\u00a1Nuestro Servicio Postventa es excepcionalmente riguroso! \u00bfNecesitas contactar con nuestro servicio de atenci\u00f3n al cliente? \u00a1Es muy f\u00e1cil! Llama al 04 90 59 49 10 (opci\u00f3n 2) o env\u00eda un correo electr\u00f3nico a sav@damius.com Como dise\u00f1adores de nuestros propios productos, nos enorgullecemos de ofrecer nuestro propio servicio posventa. De hecho, es fundamental para nosotros estar [&hellip;]<\/p>\n","protected":false},"author":1,"featured_media":0,"parent":0,"menu_order":0,"comment_status":"closed","ping_status":"closed","template":"","meta":{"_acf_changed":false,"_eb_attr":"","footnotes":""},"class_list":["post-2198","page","type-page","status-publish","hentry"],"acf":[],"yoast_head":"<!-- This site is optimized with the Yoast SEO plugin v27.3 - https:\/\/yoast.com\/product\/yoast-seo-wordpress\/ -->\n<title>Servicio posventa - Damius<\/title>\n<meta name=\"robots\" content=\"noindex, follow, max-snippet:-1, max-image-preview:large, max-video-preview:-1\" \/>\n<meta property=\"og:locale\" content=\"es_ES\" \/>\n<meta property=\"og:type\" content=\"article\" \/>\n<meta property=\"og:title\" content=\"Servicio posventa - Damius\" \/>\n<meta property=\"og:description\" content=\"\u00a1Nuestro Servicio Postventa es excepcionalmente riguroso! \u00bfNecesitas contactar con nuestro servicio de atenci\u00f3n al cliente? \u00a1Es muy f\u00e1cil! Llama al 04 90 59 49 10 (opci\u00f3n 2) o env\u00eda un correo electr\u00f3nico a sav@damius.com Como dise\u00f1adores de nuestros propios productos, nos enorgullecemos de ofrecer nuestro propio servicio posventa. De hecho, es fundamental para nosotros estar [&hellip;]\" \/>\n<meta property=\"og:url\" content=\"https:\/\/2025.damius.com\/es\/servicio-posventa\/\" \/>\n<meta property=\"og:site_name\" content=\"Damius\" \/>\n<meta property=\"og:image\" content=\"https:\/\/2025.damius.com\/wp-content\/uploads\/2022\/01\/service-sav.jpg\" \/>\n\t<meta property=\"og:image:width\" content=\"600\" \/>\n\t<meta property=\"og:image:height\" content=\"400\" \/>\n\t<meta property=\"og:image:type\" content=\"image\/jpeg\" \/>\n<meta name=\"twitter:card\" content=\"summary_large_image\" \/>\n<meta name=\"twitter:label1\" content=\"Tiempo de lectura\" \/>\n\t<meta name=\"twitter:data1\" content=\"2 minutos\" \/>\n<script type=\"application\/ld+json\" class=\"yoast-schema-graph\">{\"@context\":\"https:\\\/\\\/schema.org\",\"@graph\":[{\"@type\":\"WebPage\",\"@id\":\"https:\\\/\\\/2025.damius.com\\\/es\\\/servicio-posventa\\\/\",\"url\":\"https:\\\/\\\/2025.damius.com\\\/es\\\/servicio-posventa\\\/\",\"name\":\"Servicio posventa - Damius\",\"isPartOf\":{\"@id\":\"https:\\\/\\\/2025.damius.com\\\/#website\"},\"primaryImageOfPage\":{\"@id\":\"https:\\\/\\\/2025.damius.com\\\/es\\\/servicio-posventa\\\/#primaryimage\"},\"image\":{\"@id\":\"https:\\\/\\\/2025.damius.com\\\/es\\\/servicio-posventa\\\/#primaryimage\"},\"thumbnailUrl\":\"https:\\\/\\\/2025.damius.com\\\/wp-content\\\/uploads\\\/2022\\\/01\\\/service-sav.jpg\",\"datePublished\":\"2026-02-05T18:01:48+00:00\",\"breadcrumb\":{\"@id\":\"https:\\\/\\\/2025.damius.com\\\/es\\\/servicio-posventa\\\/#breadcrumb\"},\"inLanguage\":\"es\",\"potentialAction\":[{\"@type\":\"ReadAction\",\"target\":[\"https:\\\/\\\/2025.damius.com\\\/es\\\/servicio-posventa\\\/\"]}]},{\"@type\":\"ImageObject\",\"inLanguage\":\"es\",\"@id\":\"https:\\\/\\\/2025.damius.com\\\/es\\\/servicio-posventa\\\/#primaryimage\",\"url\":\"https:\\\/\\\/2025.damius.com\\\/wp-content\\\/uploads\\\/2022\\\/01\\\/service-sav.jpg\",\"contentUrl\":\"https:\\\/\\\/2025.damius.com\\\/wp-content\\\/uploads\\\/2022\\\/01\\\/service-sav.jpg\"},{\"@type\":\"BreadcrumbList\",\"@id\":\"https:\\\/\\\/2025.damius.com\\\/es\\\/servicio-posventa\\\/#breadcrumb\",\"itemListElement\":[{\"@type\":\"ListItem\",\"position\":1,\"name\":\"Accueil\",\"item\":\"https:\\\/\\\/2025.damius.com\\\/es\\\/hogar\\\/\"},{\"@type\":\"ListItem\",\"position\":2,\"name\":\"Servicio posventa\"}]},{\"@type\":\"WebSite\",\"@id\":\"https:\\\/\\\/2025.damius.com\\\/#website\",\"url\":\"https:\\\/\\\/2025.damius.com\\\/\",\"name\":\"Damius\",\"description\":\"\",\"publisher\":{\"@id\":\"https:\\\/\\\/2025.damius.com\\\/#organization\"},\"potentialAction\":[{\"@type\":\"SearchAction\",\"target\":{\"@type\":\"EntryPoint\",\"urlTemplate\":\"https:\\\/\\\/2025.damius.com\\\/?s={search_term_string}\"},\"query-input\":{\"@type\":\"PropertyValueSpecification\",\"valueRequired\":true,\"valueName\":\"search_term_string\"}}],\"inLanguage\":\"es\"},{\"@type\":\"Organization\",\"@id\":\"https:\\\/\\\/2025.damius.com\\\/#organization\",\"name\":\"Damius\",\"url\":\"https:\\\/\\\/2025.damius.com\\\/\",\"logo\":{\"@type\":\"ImageObject\",\"inLanguage\":\"es\",\"@id\":\"https:\\\/\\\/2025.damius.com\\\/#\\\/schema\\\/logo\\\/image\\\/\",\"url\":\"https:\\\/\\\/2025.damius.com\\\/wp-content\\\/uploads\\\/2022\\\/01\\\/Logo_Damius-1.jpg\",\"contentUrl\":\"https:\\\/\\\/2025.damius.com\\\/wp-content\\\/uploads\\\/2022\\\/01\\\/Logo_Damius-1.jpg\",\"width\":616,\"height\":143,\"caption\":\"Damius\"},\"image\":{\"@id\":\"https:\\\/\\\/2025.damius.com\\\/#\\\/schema\\\/logo\\\/image\\\/\"}}]}<\/script>\n<!-- \/ Yoast SEO plugin. -->","yoast_head_json":{"title":"Servicio posventa - Damius","robots":{"index":"noindex","follow":"follow","max-snippet":"max-snippet:-1","max-image-preview":"max-image-preview:large","max-video-preview":"max-video-preview:-1"},"og_locale":"es_ES","og_type":"article","og_title":"Servicio posventa - Damius","og_description":"\u00a1Nuestro Servicio Postventa es excepcionalmente riguroso! \u00bfNecesitas contactar con nuestro servicio de atenci\u00f3n al cliente? \u00a1Es muy f\u00e1cil! Llama al 04 90 59 49 10 (opci\u00f3n 2) o env\u00eda un correo electr\u00f3nico a sav@damius.com Como dise\u00f1adores de nuestros propios productos, nos enorgullecemos de ofrecer nuestro propio servicio posventa. De hecho, es fundamental para nosotros estar [&hellip;]","og_url":"https:\/\/2025.damius.com\/es\/servicio-posventa\/","og_site_name":"Damius","og_image":[{"width":600,"height":400,"url":"https:\/\/2025.damius.com\/wp-content\/uploads\/2022\/01\/service-sav.jpg","type":"image\/jpeg"}],"twitter_card":"summary_large_image","twitter_misc":{"Tiempo de lectura":"2 minutos"},"schema":{"@context":"https:\/\/schema.org","@graph":[{"@type":"WebPage","@id":"https:\/\/2025.damius.com\/es\/servicio-posventa\/","url":"https:\/\/2025.damius.com\/es\/servicio-posventa\/","name":"Servicio posventa - Damius","isPartOf":{"@id":"https:\/\/2025.damius.com\/#website"},"primaryImageOfPage":{"@id":"https:\/\/2025.damius.com\/es\/servicio-posventa\/#primaryimage"},"image":{"@id":"https:\/\/2025.damius.com\/es\/servicio-posventa\/#primaryimage"},"thumbnailUrl":"https:\/\/2025.damius.com\/wp-content\/uploads\/2022\/01\/service-sav.jpg","datePublished":"2026-02-05T18:01:48+00:00","breadcrumb":{"@id":"https:\/\/2025.damius.com\/es\/servicio-posventa\/#breadcrumb"},"inLanguage":"es","potentialAction":[{"@type":"ReadAction","target":["https:\/\/2025.damius.com\/es\/servicio-posventa\/"]}]},{"@type":"ImageObject","inLanguage":"es","@id":"https:\/\/2025.damius.com\/es\/servicio-posventa\/#primaryimage","url":"https:\/\/2025.damius.com\/wp-content\/uploads\/2022\/01\/service-sav.jpg","contentUrl":"https:\/\/2025.damius.com\/wp-content\/uploads\/2022\/01\/service-sav.jpg"},{"@type":"BreadcrumbList","@id":"https:\/\/2025.damius.com\/es\/servicio-posventa\/#breadcrumb","itemListElement":[{"@type":"ListItem","position":1,"name":"Accueil","item":"https:\/\/2025.damius.com\/es\/hogar\/"},{"@type":"ListItem","position":2,"name":"Servicio posventa"}]},{"@type":"WebSite","@id":"https:\/\/2025.damius.com\/#website","url":"https:\/\/2025.damius.com\/","name":"Damius","description":"","publisher":{"@id":"https:\/\/2025.damius.com\/#organization"},"potentialAction":[{"@type":"SearchAction","target":{"@type":"EntryPoint","urlTemplate":"https:\/\/2025.damius.com\/?s={search_term_string}"},"query-input":{"@type":"PropertyValueSpecification","valueRequired":true,"valueName":"search_term_string"}}],"inLanguage":"es"},{"@type":"Organization","@id":"https:\/\/2025.damius.com\/#organization","name":"Damius","url":"https:\/\/2025.damius.com\/","logo":{"@type":"ImageObject","inLanguage":"es","@id":"https:\/\/2025.damius.com\/#\/schema\/logo\/image\/","url":"https:\/\/2025.damius.com\/wp-content\/uploads\/2022\/01\/Logo_Damius-1.jpg","contentUrl":"https:\/\/2025.damius.com\/wp-content\/uploads\/2022\/01\/Logo_Damius-1.jpg","width":616,"height":143,"caption":"Damius"},"image":{"@id":"https:\/\/2025.damius.com\/#\/schema\/logo\/image\/"}}]}},"featured_image_src":null,"featured_image_src_square":null,"_links":{"self":[{"href":"https:\/\/2025.damius.com\/es\/wp-json\/wp\/v2\/pages\/2198","targetHints":{"allow":["GET"]}}],"collection":[{"href":"https:\/\/2025.damius.com\/es\/wp-json\/wp\/v2\/pages"}],"about":[{"href":"https:\/\/2025.damius.com\/es\/wp-json\/wp\/v2\/types\/page"}],"author":[{"embeddable":true,"href":"https:\/\/2025.damius.com\/es\/wp-json\/wp\/v2\/users\/1"}],"replies":[{"embeddable":true,"href":"https:\/\/2025.damius.com\/es\/wp-json\/wp\/v2\/comments?post=2198"}],"version-history":[{"count":1,"href":"https:\/\/2025.damius.com\/es\/wp-json\/wp\/v2\/pages\/2198\/revisions"}],"predecessor-version":[{"id":2199,"href":"https:\/\/2025.damius.com\/es\/wp-json\/wp\/v2\/pages\/2198\/revisions\/2199"}],"wp:attachment":[{"href":"https:\/\/2025.damius.com\/es\/wp-json\/wp\/v2\/media?parent=2198"}],"curies":[{"name":"wp","href":"https:\/\/api.w.org\/{rel}","templated":true}]}}