{"id":2234,"date":"2026-02-06T09:50:48","date_gmt":"2026-02-06T08:50:48","guid":{"rendered":"https:\/\/2025.damius.com\/tu-triciclo-personalizado-entregado-en-tu-puerta-listo-para-usar-por-solo-1e\/"},"modified":"2026-02-06T11:46:47","modified_gmt":"2026-02-06T10:46:47","slug":"tu-triciclo-personalizado-entregado-en-tu-puerta-listo-para-usar-por-solo-1e","status":"publish","type":"page","link":"https:\/\/2025.damius.com\/es\/tu-triciclo-personalizado-entregado-en-tu-puerta-listo-para-usar-por-solo-1e\/","title":{"rendered":"\u00a1Tu triciclo personalizado, entregado en tu puerta listo para usar, por s\u00f3lo 1\u20ac!"},"content":{"rendered":"\n<div class=\"wp-block-columns coltroisimages is-layout-flex wp-container-core-columns-is-layout-9d6595d7 wp-block-columns-is-layout-flex\">\n<div class=\"wp-block-column is-layout-flow wp-block-column-is-layout-flow\">\n<figure class=\"wp-block-image size-full\"><img loading=\"lazy\" decoding=\"async\" width=\"600\" height=\"400\" src=\"https:\/\/2025.damius.com\/wp-content\/uploads\/2022\/01\/service-assemblage.jpg\" alt=\"\" class=\"wp-image-708\" srcset=\"https:\/\/2025.damius.com\/wp-content\/uploads\/2022\/01\/service-assemblage.jpg 600w, https:\/\/2025.damius.com\/wp-content\/uploads\/2022\/01\/service-assemblage-300x200.jpg 300w\" sizes=\"auto, (max-width: 600px) 100vw, 600px\" \/><\/figure>\n<\/div>\n\n\n\n<div class=\"wp-block-column is-layout-flow wp-block-column-is-layout-flow\">\n<figure class=\"wp-block-image size-full\"><img loading=\"lazy\" decoding=\"async\" width=\"393\" height=\"260\" src=\"https:\/\/2025.damius.com\/wp-content\/uploads\/2022\/01\/livraison-tricycle-damius-palette.jpg\" alt=\"\" class=\"wp-image-725\" srcset=\"https:\/\/2025.damius.com\/wp-content\/uploads\/2022\/01\/livraison-tricycle-damius-palette.jpg 393w, https:\/\/2025.damius.com\/wp-content\/uploads\/2022\/01\/livraison-tricycle-damius-palette-300x198.jpg 300w\" sizes=\"auto, (max-width: 393px) 100vw, 393px\" \/><\/figure>\n<\/div>\n\n\n\n<div class=\"wp-block-column is-layout-flow wp-block-column-is-layout-flow\">\n<figure class=\"wp-block-image size-full\"><img loading=\"lazy\" decoding=\"async\" width=\"600\" height=\"400\" src=\"https:\/\/2025.damius.com\/wp-content\/uploads\/2022\/01\/carton_allotricycle.jpg\" alt=\"\" class=\"wp-image-712\" srcset=\"https:\/\/2025.damius.com\/wp-content\/uploads\/2022\/01\/carton_allotricycle.jpg 600w, https:\/\/2025.damius.com\/wp-content\/uploads\/2022\/01\/carton_allotricycle-300x200.jpg 300w\" sizes=\"auto, (max-width: 600px) 100vw, 600px\" \/><\/figure>\n<\/div>\n<\/div>\n\n<p><strong>1\u20ac es simb\u00f3lico, \u00a1pero es importante!<\/strong><\/p>\n\n<p>Nos enorgullecemos de entregar nuestros triciclos completamente ensamblados y listos para usar. No es poca cosa; ensamblar un triciclo Evasion requiere 6 horas de trabajo por parte de un t\u00e9cnico calificado y capacitado. A continuaci\u00f3n, se detallan los detalles:  <\/p>\n\n<ul class=\"wp-block-list\">\n<li>Preparaci\u00f3n del marco antes y despu\u00e9s de pintar.<\/li>\n\n\n\n<li>Montaje de subconjuntos (manillar, sill\u00edn, ruedas)<\/li>\n\n\n\n<li>Montaje del triciclo en su totalidad<\/li>\n\n\n\n<li>Instalaci\u00f3n de opciones y accesorios<\/li>\n\n\n\n<li>Marcado del n\u00famero de serie de Bicycode<\/li>\n\n\n\n<li>Ajuste de los frenos y el descarrilador<\/li>\n\n\n\n<li>Probando el triciclo en condiciones reales durante aproximadamente 2 km<\/li>\n\n\n\n<li>Preparaci\u00f3n del embalaje (construcci\u00f3n de palets y cajas)<\/li>\n\n\n\n<li>Controles finales, control de calidad y embalaje del triciclo<\/li>\n<\/ul>\n\n<p>Adem\u00e1s de todo este servicio, hay costes de embalaje y transporte.<\/p>\n\n<p>Todos estos servicios (montaje, embalaje, env\u00edo) suponen un coste significativo, pero necesario, para garantizar que recibas tu triciclo para adultos lo antes posible. Por eso, cubrimos todos estos costes, \u00a1excepto ese simb\u00f3lico 1 \u20ac! <\/p>\n\n<p class=\"has-text-color\" style=\"color:#ff0004\"><em>Adem\u00e1s de la experiencia y los conocimientos necesarios, este servicio supone un coste considerable en mano de obra y transporte. Sin embargo, es fundamental que pueda utilizar su triciclo en las mejores condiciones desde su llegada a su domicilio, por lo que le solicitamos una contribuci\u00f3n simb\u00f3lica de tan solo 1 \u20ac para el montaje y la entrega de su triciclo. <\/em><\/p>\n\n<p><strong>Todo el equipo le agradece de antemano su apoyo.<\/strong><\/p>\n\n<div style=\"height:20px\" aria-hidden=\"true\" class=\"wp-block-spacer\"><\/div>\n\n<p class=\"has-text-color\" style=\"color:#0079be\"><strong>&gt;&gt; Costos y tiempos de entrega:<\/strong><\/p>\n\n<p>Procesamos y enviamos pedidos de lunes a viernes (excepto festivos). Los pedidos realizados los s\u00e1bados, domingos o festivos se procesar\u00e1n el siguiente d\u00eda h\u00e1bil. <\/p>\n\n<p>Actualmente, el env\u00edo es gratuito por un precio simb\u00f3lico <strong>de 1 \u20ac a Francia continental, C\u00f3rcega y M\u00f3naco<\/strong>. Los env\u00edos fuera de Francia tienen un coste adicional. <\/p>\n\n<p>La informaci\u00f3n sobre el stock y la disponibilidad de nuestros triciclos se indica en la p\u00e1gina de cada producto. Una vez que el triciclo salga de nuestras instalaciones, el plazo de entrega en su domicilio es de 3 a 5 d\u00edas laborables. <\/p>\n\n<p><strong><span style=\"text-decoration: underline;\">ENV\u00cdOS FUERA DE FRANCIA METROPOLITANA:<\/span><\/strong><\/p>\n\n<p>Para env\u00edos fuera de Francia, se aplicar\u00e1 un cargo adicional por env\u00edo.<br\/>Condiciones de entrega a domicilio:<\/p>\n\n<ul class=\"wp-block-list\">\n<li>B\u00e9lgica, Pa\u00edses Bajos, Luxemburgo: Tarifa plana de 100 \u20ac para montaje y entrega a domicilio<\/li>\n\n\n\n<li>Alemania, Austria, Espa\u00f1a, Portugal, Andorra, Italia: Tarifa plana de 200 \u20ac para montaje y entrega a domicilio<\/li>\n\n\n\n<li>Suiza: Tarifa plana de 100 \u20ac para montaje y entrega a domicilio, todos los impuestos y tasas incluidos (IVA, derechos de aduana, gastos de tr\u00e1nsito)<\/li>\n\n\n\n<li>Reino Unido: Factura sin IVA, tarifa fija de 100 \u20ac por montaje y entrega a domicilio. Deber\u00e1 abonar el IVA en el momento de la entrega. <\/li>\n<\/ul>\n\n<p class=\"has-text-color\" style=\"color:#ff0004\">&gt;&gt; Para env\u00edos a un pa\u00eds distinto a los mencionados anteriormente, por favor cont\u00e1ctenos.<\/p>\n\n<div style=\"height:20px\" aria-hidden=\"true\" class=\"wp-block-spacer\"><\/div>\n\n<p class=\"has-text-color\" style=\"color:#0079be\"><strong>&gt;&gt; Seguimiento de su entrega:<\/strong><\/p>\n\n<p>Para el env\u00edo de nuestros triciclos y para mantenerle informado sobre el progreso de la entrega, nuestro socio transportista GEODIS le notifica por correo electr\u00f3nico o SMS en cada etapa del env\u00edo (recogida del paquete, llegada del paquete a la agencia, etc.).<\/p>\n\n<p>Para acceder a la informaci\u00f3n de entrega en tiempo real de su pedido, tenga a mano su n\u00famero de env\u00edo y visite el sitio web de nuestro transportista asociado.<\/p>\n\n<p><strong>SEGUIMIENTO GEODIS <\/strong>&gt;&gt; <a href=\"http:\/\/www.espacedestinataire.com\/\" target=\"_blank\" rel=\"noreferrer noopener\">www.espacedestinataire.com<\/a><\/p>\n\n<div style=\"height:20px\" aria-hidden=\"true\" class=\"wp-block-spacer\"><\/div>\n\n<p class=\"has-text-color\" style=\"color:#0079be\"><strong>&gt;&gt; Entrega a tu domicilio:<\/strong><\/p>\n\n<p><img loading=\"lazy\" decoding=\"async\" width=\"220\" height=\"103\" class=\"wp-image-731\" style=\"width: 220px;\" src=\"https:\/\/2025.damius.com\/wp-content\/uploads\/2022\/01\/geodis.jpg\" alt=\"\" srcset=\"https:\/\/2025.damius.com\/wp-content\/uploads\/2022\/01\/geodis.jpg 600w, https:\/\/2025.damius.com\/wp-content\/uploads\/2022\/01\/geodis-300x141.jpg 300w\" sizes=\"auto, (max-width: 220px) 100vw, 220px\" \/><br\/>Para garantizarle un env\u00edo r\u00e1pido y cuidadoso, todos nuestros env\u00edos de triciclo est\u00e1n asegurados por la empresa de transporte GEODIS.<\/p>\n\n<p>Una vez que el transportista se haga cargo del paquete en nuestro taller, tu triciclo ser\u00e1 entregado en tu domicilio en un m\u00e1ximo de 5 d\u00edas* (excluyendo fines de semana y festivos).<\/p>\n\n<p>El transportista te mantendr\u00e1 informado por correo electr\u00f3nico y SMS sobre el progreso de tu paquete. Una vez que el paquete llegue a la agencia de reparto, podr\u00e1s elegir la fecha de entrega. Esto te garantiza estar en casa para recibirlo.  <\/p>\n\n<p>Le aconsejamos que compruebe el estado y el contenido de su paquete en presencia del conductor para que pueda hacer reservas en el albar\u00e1n de entrega si observa alg\u00fan da\u00f1o en el embalaje o en el propio producto.<\/p>\n\n<div style=\"height:20px\" aria-hidden=\"true\" class=\"wp-block-spacer\"><\/div>\n\n<p class=\"has-text-color\" style=\"color:#0079be\"> <strong>&gt;&gt; Recogida presencial en nuestro taller:<\/strong><\/p>\n\n<p class=\"has-primary-color has-text-color\">Para una entrega c\u00f3moda y sencilla, tambi\u00e9n tiene la posibilidad de recoger su triciclo totalmente montado y listo para usar en nuestras instalaciones situadas en MIRAMAS (13) &#8211; De lunes a s\u00e1bado de 9:00 a 12:00 horas y de 14:00 a 16:00 horas (s\u00f3lo con cita previa), puede contactarnos en el 04 90 59 49 10.<\/p>\n","protected":false},"excerpt":{"rendered":"<p>1\u20ac es simb\u00f3lico, \u00a1pero es importante! Nos enorgullecemos de entregar nuestros triciclos completamente ensamblados y listos para usar. No es poca cosa; ensamblar un triciclo Evasion requiere 6 horas de trabajo por parte de un t\u00e9cnico calificado y capacitado. A continuaci\u00f3n, se detallan los detalles: Adem\u00e1s de todo este servicio, hay costes de embalaje y [&hellip;]<\/p>\n","protected":false},"author":1,"featured_media":0,"parent":0,"menu_order":0,"comment_status":"closed","ping_status":"closed","template":"","meta":{"_acf_changed":false,"_eb_attr":"","footnotes":""},"class_list":["post-2234","page","type-page","status-publish","hentry"],"acf":[],"yoast_head":"<!-- This site is optimized with the Yoast SEO plugin v27.3 - https:\/\/yoast.com\/product\/yoast-seo-wordpress\/ -->\n<title>\u00a1Tu triciclo personalizado, entregado en tu puerta listo para usar, por s\u00f3lo 1\u20ac! - Damius<\/title>\n<meta name=\"robots\" content=\"noindex, follow, max-snippet:-1, max-image-preview:large, max-video-preview:-1\" \/>\n<meta property=\"og:locale\" content=\"es_ES\" \/>\n<meta property=\"og:type\" content=\"article\" \/>\n<meta property=\"og:title\" content=\"\u00a1Tu triciclo personalizado, entregado en tu puerta listo para usar, por s\u00f3lo 1\u20ac! - Damius\" \/>\n<meta property=\"og:description\" content=\"1\u20ac es simb\u00f3lico, \u00a1pero es importante! Nos enorgullecemos de entregar nuestros triciclos completamente ensamblados y listos para usar. No es poca cosa; ensamblar un triciclo Evasion requiere 6 horas de trabajo por parte de un t\u00e9cnico calificado y capacitado. A continuaci\u00f3n, se detallan los detalles: Adem\u00e1s de todo este servicio, hay costes de embalaje y [&hellip;]\" \/>\n<meta property=\"og:url\" content=\"https:\/\/2025.damius.com\/es\/tu-triciclo-personalizado-entregado-en-tu-puerta-listo-para-usar-por-solo-1e\/\" \/>\n<meta property=\"og:site_name\" content=\"Damius\" \/>\n<meta property=\"article:modified_time\" content=\"2026-02-06T10:46:47+00:00\" \/>\n<meta property=\"og:image\" content=\"https:\/\/2025.damius.com\/wp-content\/uploads\/2022\/01\/service-assemblage.jpg\" \/>\n\t<meta property=\"og:image:width\" content=\"600\" \/>\n\t<meta property=\"og:image:height\" content=\"400\" \/>\n\t<meta property=\"og:image:type\" content=\"image\/jpeg\" \/>\n<meta name=\"twitter:card\" content=\"summary_large_image\" \/>\n<meta name=\"twitter:label1\" content=\"Tiempo de lectura\" \/>\n\t<meta name=\"twitter:data1\" content=\"4 minutos\" \/>\n<script type=\"application\/ld+json\" class=\"yoast-schema-graph\">{\"@context\":\"https:\\\/\\\/schema.org\",\"@graph\":[{\"@type\":\"WebPage\",\"@id\":\"https:\\\/\\\/2025.damius.com\\\/es\\\/tu-triciclo-personalizado-entregado-en-tu-puerta-listo-para-usar-por-solo-1e\\\/\",\"url\":\"https:\\\/\\\/2025.damius.com\\\/es\\\/tu-triciclo-personalizado-entregado-en-tu-puerta-listo-para-usar-por-solo-1e\\\/\",\"name\":\"\u00a1Tu triciclo personalizado, entregado en tu puerta listo para usar, por s\u00f3lo 1\u20ac! - Damius\",\"isPartOf\":{\"@id\":\"https:\\\/\\\/2025.damius.com\\\/#website\"},\"primaryImageOfPage\":{\"@id\":\"https:\\\/\\\/2025.damius.com\\\/es\\\/tu-triciclo-personalizado-entregado-en-tu-puerta-listo-para-usar-por-solo-1e\\\/#primaryimage\"},\"image\":{\"@id\":\"https:\\\/\\\/2025.damius.com\\\/es\\\/tu-triciclo-personalizado-entregado-en-tu-puerta-listo-para-usar-por-solo-1e\\\/#primaryimage\"},\"thumbnailUrl\":\"https:\\\/\\\/2025.damius.com\\\/wp-content\\\/uploads\\\/2022\\\/01\\\/service-assemblage.jpg\",\"datePublished\":\"2026-02-06T08:50:48+00:00\",\"dateModified\":\"2026-02-06T10:46:47+00:00\",\"breadcrumb\":{\"@id\":\"https:\\\/\\\/2025.damius.com\\\/es\\\/tu-triciclo-personalizado-entregado-en-tu-puerta-listo-para-usar-por-solo-1e\\\/#breadcrumb\"},\"inLanguage\":\"es\",\"potentialAction\":[{\"@type\":\"ReadAction\",\"target\":[\"https:\\\/\\\/2025.damius.com\\\/es\\\/tu-triciclo-personalizado-entregado-en-tu-puerta-listo-para-usar-por-solo-1e\\\/\"]}]},{\"@type\":\"ImageObject\",\"inLanguage\":\"es\",\"@id\":\"https:\\\/\\\/2025.damius.com\\\/es\\\/tu-triciclo-personalizado-entregado-en-tu-puerta-listo-para-usar-por-solo-1e\\\/#primaryimage\",\"url\":\"https:\\\/\\\/2025.damius.com\\\/wp-content\\\/uploads\\\/2022\\\/01\\\/service-assemblage.jpg\",\"contentUrl\":\"https:\\\/\\\/2025.damius.com\\\/wp-content\\\/uploads\\\/2022\\\/01\\\/service-assemblage.jpg\"},{\"@type\":\"BreadcrumbList\",\"@id\":\"https:\\\/\\\/2025.damius.com\\\/es\\\/tu-triciclo-personalizado-entregado-en-tu-puerta-listo-para-usar-por-solo-1e\\\/#breadcrumb\",\"itemListElement\":[{\"@type\":\"ListItem\",\"position\":1,\"name\":\"Accueil\",\"item\":\"https:\\\/\\\/2025.damius.com\\\/es\\\/hogar\\\/\"},{\"@type\":\"ListItem\",\"position\":2,\"name\":\"\u00a1Tu triciclo personalizado, entregado en tu puerta listo para usar, por s\u00f3lo 1\u20ac!\"}]},{\"@type\":\"WebSite\",\"@id\":\"https:\\\/\\\/2025.damius.com\\\/#website\",\"url\":\"https:\\\/\\\/2025.damius.com\\\/\",\"name\":\"Damius\",\"description\":\"\",\"publisher\":{\"@id\":\"https:\\\/\\\/2025.damius.com\\\/#organization\"},\"potentialAction\":[{\"@type\":\"SearchAction\",\"target\":{\"@type\":\"EntryPoint\",\"urlTemplate\":\"https:\\\/\\\/2025.damius.com\\\/?s={search_term_string}\"},\"query-input\":{\"@type\":\"PropertyValueSpecification\",\"valueRequired\":true,\"valueName\":\"search_term_string\"}}],\"inLanguage\":\"es\"},{\"@type\":\"Organization\",\"@id\":\"https:\\\/\\\/2025.damius.com\\\/#organization\",\"name\":\"Damius\",\"url\":\"https:\\\/\\\/2025.damius.com\\\/\",\"logo\":{\"@type\":\"ImageObject\",\"inLanguage\":\"es\",\"@id\":\"https:\\\/\\\/2025.damius.com\\\/#\\\/schema\\\/logo\\\/image\\\/\",\"url\":\"https:\\\/\\\/2025.damius.com\\\/wp-content\\\/uploads\\\/2022\\\/01\\\/Logo_Damius-1.jpg\",\"contentUrl\":\"https:\\\/\\\/2025.damius.com\\\/wp-content\\\/uploads\\\/2022\\\/01\\\/Logo_Damius-1.jpg\",\"width\":616,\"height\":143,\"caption\":\"Damius\"},\"image\":{\"@id\":\"https:\\\/\\\/2025.damius.com\\\/#\\\/schema\\\/logo\\\/image\\\/\"}}]}<\/script>\n<!-- \/ Yoast SEO plugin. -->","yoast_head_json":{"title":"\u00a1Tu triciclo personalizado, entregado en tu puerta listo para usar, por s\u00f3lo 1\u20ac! - Damius","robots":{"index":"noindex","follow":"follow","max-snippet":"max-snippet:-1","max-image-preview":"max-image-preview:large","max-video-preview":"max-video-preview:-1"},"og_locale":"es_ES","og_type":"article","og_title":"\u00a1Tu triciclo personalizado, entregado en tu puerta listo para usar, por s\u00f3lo 1\u20ac! - Damius","og_description":"1\u20ac es simb\u00f3lico, \u00a1pero es importante! Nos enorgullecemos de entregar nuestros triciclos completamente ensamblados y listos para usar. No es poca cosa; ensamblar un triciclo Evasion requiere 6 horas de trabajo por parte de un t\u00e9cnico calificado y capacitado. A continuaci\u00f3n, se detallan los detalles: Adem\u00e1s de todo este servicio, hay costes de embalaje y [&hellip;]","og_url":"https:\/\/2025.damius.com\/es\/tu-triciclo-personalizado-entregado-en-tu-puerta-listo-para-usar-por-solo-1e\/","og_site_name":"Damius","article_modified_time":"2026-02-06T10:46:47+00:00","og_image":[{"width":600,"height":400,"url":"https:\/\/2025.damius.com\/wp-content\/uploads\/2022\/01\/service-assemblage.jpg","type":"image\/jpeg"}],"twitter_card":"summary_large_image","twitter_misc":{"Tiempo de lectura":"4 minutos"},"schema":{"@context":"https:\/\/schema.org","@graph":[{"@type":"WebPage","@id":"https:\/\/2025.damius.com\/es\/tu-triciclo-personalizado-entregado-en-tu-puerta-listo-para-usar-por-solo-1e\/","url":"https:\/\/2025.damius.com\/es\/tu-triciclo-personalizado-entregado-en-tu-puerta-listo-para-usar-por-solo-1e\/","name":"\u00a1Tu triciclo personalizado, entregado en tu puerta listo para usar, por s\u00f3lo 1\u20ac! - Damius","isPartOf":{"@id":"https:\/\/2025.damius.com\/#website"},"primaryImageOfPage":{"@id":"https:\/\/2025.damius.com\/es\/tu-triciclo-personalizado-entregado-en-tu-puerta-listo-para-usar-por-solo-1e\/#primaryimage"},"image":{"@id":"https:\/\/2025.damius.com\/es\/tu-triciclo-personalizado-entregado-en-tu-puerta-listo-para-usar-por-solo-1e\/#primaryimage"},"thumbnailUrl":"https:\/\/2025.damius.com\/wp-content\/uploads\/2022\/01\/service-assemblage.jpg","datePublished":"2026-02-06T08:50:48+00:00","dateModified":"2026-02-06T10:46:47+00:00","breadcrumb":{"@id":"https:\/\/2025.damius.com\/es\/tu-triciclo-personalizado-entregado-en-tu-puerta-listo-para-usar-por-solo-1e\/#breadcrumb"},"inLanguage":"es","potentialAction":[{"@type":"ReadAction","target":["https:\/\/2025.damius.com\/es\/tu-triciclo-personalizado-entregado-en-tu-puerta-listo-para-usar-por-solo-1e\/"]}]},{"@type":"ImageObject","inLanguage":"es","@id":"https:\/\/2025.damius.com\/es\/tu-triciclo-personalizado-entregado-en-tu-puerta-listo-para-usar-por-solo-1e\/#primaryimage","url":"https:\/\/2025.damius.com\/wp-content\/uploads\/2022\/01\/service-assemblage.jpg","contentUrl":"https:\/\/2025.damius.com\/wp-content\/uploads\/2022\/01\/service-assemblage.jpg"},{"@type":"BreadcrumbList","@id":"https:\/\/2025.damius.com\/es\/tu-triciclo-personalizado-entregado-en-tu-puerta-listo-para-usar-por-solo-1e\/#breadcrumb","itemListElement":[{"@type":"ListItem","position":1,"name":"Accueil","item":"https:\/\/2025.damius.com\/es\/hogar\/"},{"@type":"ListItem","position":2,"name":"\u00a1Tu triciclo personalizado, entregado en tu puerta listo para usar, por s\u00f3lo 1\u20ac!"}]},{"@type":"WebSite","@id":"https:\/\/2025.damius.com\/#website","url":"https:\/\/2025.damius.com\/","name":"Damius","description":"","publisher":{"@id":"https:\/\/2025.damius.com\/#organization"},"potentialAction":[{"@type":"SearchAction","target":{"@type":"EntryPoint","urlTemplate":"https:\/\/2025.damius.com\/?s={search_term_string}"},"query-input":{"@type":"PropertyValueSpecification","valueRequired":true,"valueName":"search_term_string"}}],"inLanguage":"es"},{"@type":"Organization","@id":"https:\/\/2025.damius.com\/#organization","name":"Damius","url":"https:\/\/2025.damius.com\/","logo":{"@type":"ImageObject","inLanguage":"es","@id":"https:\/\/2025.damius.com\/#\/schema\/logo\/image\/","url":"https:\/\/2025.damius.com\/wp-content\/uploads\/2022\/01\/Logo_Damius-1.jpg","contentUrl":"https:\/\/2025.damius.com\/wp-content\/uploads\/2022\/01\/Logo_Damius-1.jpg","width":616,"height":143,"caption":"Damius"},"image":{"@id":"https:\/\/2025.damius.com\/#\/schema\/logo\/image\/"}}]}},"featured_image_src":null,"featured_image_src_square":null,"_links":{"self":[{"href":"https:\/\/2025.damius.com\/es\/wp-json\/wp\/v2\/pages\/2234","targetHints":{"allow":["GET"]}}],"collection":[{"href":"https:\/\/2025.damius.com\/es\/wp-json\/wp\/v2\/pages"}],"about":[{"href":"https:\/\/2025.damius.com\/es\/wp-json\/wp\/v2\/types\/page"}],"author":[{"embeddable":true,"href":"https:\/\/2025.damius.com\/es\/wp-json\/wp\/v2\/users\/1"}],"replies":[{"embeddable":true,"href":"https:\/\/2025.damius.com\/es\/wp-json\/wp\/v2\/comments?post=2234"}],"version-history":[{"count":3,"href":"https:\/\/2025.damius.com\/es\/wp-json\/wp\/v2\/pages\/2234\/revisions"}],"predecessor-version":[{"id":2317,"href":"https:\/\/2025.damius.com\/es\/wp-json\/wp\/v2\/pages\/2234\/revisions\/2317"}],"wp:attachment":[{"href":"https:\/\/2025.damius.com\/es\/wp-json\/wp\/v2\/media?parent=2234"}],"curies":[{"name":"wp","href":"https:\/\/api.w.org\/{rel}","templated":true}]}}