{"id":2292,"date":"2026-02-06T10:45:31","date_gmt":"2026-02-06T09:45:31","guid":{"rendered":"https:\/\/2025.damius.com\/atencion-al-cliente-todos-nuestros-datos-de-contacto\/"},"modified":"2026-02-06T10:45:31","modified_gmt":"2026-02-06T09:45:31","slug":"atencion-al-cliente-todos-nuestros-datos-de-contacto","status":"publish","type":"page","link":"https:\/\/2025.damius.com\/es\/atencion-al-cliente-todos-nuestros-datos-de-contacto\/","title":{"rendered":"Atenci\u00f3n al cliente &#8211; Todos nuestros datos de contacto"},"content":{"rendered":"\n<div class=\"wp-block-media-text alignwide is-stacked-on-mobile\" style=\"grid-template-columns:19% auto\"><figure class=\"wp-block-media-text__media\"><img loading=\"lazy\" decoding=\"async\" width=\"590\" height=\"786\" src=\"https:\/\/2025.damius.com\/wp-content\/uploads\/2026\/02\/Aper_u-catalogue-tricycle-adulte-damius.jpg\" alt=\"\" class=\"wp-image-1766 size-full\" srcset=\"https:\/\/2025.damius.com\/wp-content\/uploads\/2026\/02\/Aper_u-catalogue-tricycle-adulte-damius.jpg 590w, https:\/\/2025.damius.com\/wp-content\/uploads\/2026\/02\/Aper_u-catalogue-tricycle-adulte-damius-225x300.jpg 225w, https:\/\/2025.damius.com\/wp-content\/uploads\/2026\/02\/Aper_u-catalogue-tricycle-adulte-damius-300x400.jpg 300w\" sizes=\"auto, (max-width: 590px) 100vw, 590px\" \/><\/figure><div class=\"wp-block-media-text__content\">\n<p><a href=\"https:\/\/2025.damius.com\/wp-content\/uploads\/2026\/02\/CatalogueDamius.pdf\" id=\"1765\" target=\"_blank\" rel=\"noreferrer noopener\"><strong>Descarga el cat\u00e1logo Damius haciendo clic aqu\u00ed<\/strong><\/a><\/p>\n\n\n\n<p>  <\/p>\n\n\n\n<p class=\"has-text-color has-link-color wp-elements-460baf17962a8b4550ef61bd5b405de7\" style=\"color:#ff0000\">Si desea recibir una copia impresa, p\u00f3ngase en contacto con nosotros o proporcione su direcci\u00f3n postal utilizando el formulario al final de esta p\u00e1gina.<\/p>\n\n\n\n<p>  <\/p>\n\n\n\n<p><strong>\u00bfNecesitas asesoramiento o informaci\u00f3n?<\/strong><br \/>Nuestros asesores est\u00e1n disponibles por correo electr\u00f3nico, tel\u00e9fono o chat <strong>de lunes a viernes.<\/strong><\/p>\n\n\n\n<p>  <\/p>\n\n\n\n<p><strong>Departamento Comercial &#8211; Lunes a viernes, de 9:00 a 12:30 y de 14:00 a 17:30:<\/strong><br \/><a href=\"mailto:info@damius.com\">info@damius.com<\/a> &#8211; +33 4 90 59 49 10 opci\u00f3n 1<\/p>\n\n\n\n<p><strong>Atenci\u00f3n al cliente &#8211; Lunes a viernes, de 9:00 a 12:30 y de 14:00 a 17:30:<\/strong><br \/><a href=\"mailto:sav@damius.com\">sav@damius.com<\/a> &#8211; +33 4 90 59 49 10 opci\u00f3n 2<\/p>\n<\/div><\/div>\n\n<div class=\"wp-block-media-text alignwide has-media-on-the-right is-stacked-on-mobile is-vertically-aligned-top\"><div class=\"wp-block-media-text__content\">\n<p><strong><strong>\u00a1Ven a visitarnos <mark style=\"color:#ff0000\" class=\"has-inline-color\">(s\u00f3lo con cita previa)<\/mark>!<\/strong><\/strong><\/p>\n\n\n\n<p><strong><strong>DAMIUS<br \/>33 avenue du Royaume-Uni<br \/>ZI les Moli\u00e8res<br \/>13140 MIRAMAS &#8211; France<\/strong><\/strong><\/p>\n\n\n\n<p><\/p>\n\n\n\n<p><strong>Tambi\u00e9n puede utilizar el siguiente formulario:<\/strong><\/p>\n\n\n\n<div class=\"wpcf7 no-js\" id=\"wpcf7-f837-o1\" lang=\"fr-FR\" dir=\"ltr\" data-wpcf7-id=\"837\">\n<div class=\"screen-reader-response\"><p role=\"status\" aria-live=\"polite\" aria-atomic=\"true\"><\/p> <ul><\/ul><\/div>\n<form action=\"\/es\/wp-json\/wp\/v2\/pages\/2292#wpcf7-f837-o1\" method=\"post\" class=\"wpcf7-form init\" aria-label=\"Formulaire de contact\" novalidate=\"novalidate\" data-status=\"init\">\n<fieldset class=\"hidden-fields-container\"><input type=\"hidden\" name=\"_wpcf7\" value=\"837\" \/><input type=\"hidden\" name=\"_wpcf7_version\" value=\"6.1.5\" \/><input type=\"hidden\" name=\"_wpcf7_locale\" value=\"fr_FR\" \/><input type=\"hidden\" name=\"_wpcf7_unit_tag\" value=\"wpcf7-f837-o1\" \/><input type=\"hidden\" name=\"_wpcf7_container_post\" value=\"0\" \/><input type=\"hidden\" name=\"_wpcf7_posted_data_hash\" value=\"\" \/>\n<\/fieldset>\n<p><label> Nom<br \/>\n<span class=\"wpcf7-form-control-wrap\" data-name=\"nom\"><input size=\"40\" maxlength=\"400\" class=\"wpcf7-form-control wpcf7-text wpcf7-validates-as-required\" aria-required=\"true\" aria-invalid=\"false\" value=\"\" type=\"text\" name=\"nom\" \/><\/span> <\/label>\n<\/p>\n<p><label> Prenom<br \/>\n<span class=\"wpcf7-form-control-wrap\" data-name=\"prenom\"><input size=\"40\" maxlength=\"400\" class=\"wpcf7-form-control wpcf7-text wpcf7-validates-as-required\" aria-required=\"true\" aria-invalid=\"false\" value=\"\" type=\"text\" name=\"prenom\" \/><\/span> <\/label>\n<\/p>\n<p><label> Email<br \/>\n<span class=\"wpcf7-form-control-wrap\" data-name=\"email\"><input size=\"40\" maxlength=\"400\" class=\"wpcf7-form-control wpcf7-email wpcf7-validates-as-required wpcf7-text wpcf7-validates-as-email\" aria-required=\"true\" aria-invalid=\"false\" value=\"\" type=\"email\" name=\"email\" \/><\/span> <\/label>\n<\/p>\n<p><label> Sujet<br \/>\n<span class=\"wpcf7-form-control-wrap\" data-name=\"sujet\"><input size=\"40\" maxlength=\"400\" class=\"wpcf7-form-control wpcf7-text wpcf7-validates-as-required\" aria-required=\"true\" aria-invalid=\"false\" value=\"\" type=\"text\" name=\"sujet\" \/><\/span> <\/label>\n<\/p>\n<p><label> Message<br \/>\n<span class=\"wpcf7-form-control-wrap\" data-name=\"message\"><textarea cols=\"40\" rows=\"10\" maxlength=\"2000\" class=\"wpcf7-form-control wpcf7-textarea wpcf7-validates-as-required\" aria-required=\"true\" aria-invalid=\"false\" placeholder=\"Si vous souhaitez recevoir un catalogue par courrier, merci de nous indiquer votre adresse postale.\" name=\"message\"><\/textarea><\/span> <\/label><br \/>\n<span class=\"wpcf7-form-control-wrap kc_captcha cf7ic-toggle\" data-name=\"kc_captcha\"><span class=\"wpcf7-form-control wpcf7-radio\"><span class=\"captcha-image\" style=\"display: none;\"><span class=\"cf7ic_instructions\">Veuillez prouver que vous \u00eates humain en s\u00e9lectionnant<span> l\u2019\u00e9toile<\/span>.<\/span><label><input aria-label=\"1\" type=\"radio\" name=\"kc_captcha\" value=\"bot\" \/><svg aria-hidden=\"true\" role=\"img\" xmlns=\"http:\/\/www.w3.org\/2000\/svg\" viewBox=\"0 0 576 512\"><path fill=\"currentColor\" d=\"M488 313v143c0 13-11 24-24 24H348c-7 0-12-5-12-12V356c0-7-5-12-12-12h-72c-7 0-12 5-12 12v112c0 7-5 12-12 12H112c-13 0-24-11-24-24V313c0-4 2-7 4-10l188-154c5-4 11-4 16 0l188 154c2 3 4 6 4 10zm84-61l-84-69V44c0-6-5-12-12-12h-56c-7 0-12 6-12 12v73l-89-74a48 48 0 00-61 0L4 252c-5 4-5 12-1 17l25 31c5 5 12 5 17 1l235-193c5-4 11-4 16 0l235 193c5 5 13 4 17-1l25-31c4-6 4-13-1-17z\"\/><\/svg><\/label><label><input aria-label=\"2\" type=\"radio\" name=\"kc_captcha\" value=\"kc_human\" \/><svg aria-hidden=\"true\" role=\"img\" xmlns=\"http:\/\/www.w3.org\/2000\/svg\" viewBox=\"0 0 576 512\"><path fill=\"currentColor\" d=\"M259 18l-65 132-146 22c-26 3-37 36-18 54l106 103-25 146c-5 26 23 46 46 33l131-68 131 68c23 13 51-7 46-33l-25-146 106-103c19-18 8-51-18-54l-146-22-65-132a32 32 0 00-58 0z\"\/><\/svg><\/label><label><input aria-label=\"3\" type=\"radio\" name=\"kc_captcha\" value=\"bot\" \/><svg aria-hidden=\"true\" role=\"img\" xmlns=\"http:\/\/www.w3.org\/2000\/svg\" viewBox=\"0 0 384 512\"><path fill=\"currentColor\" d=\"M377 375l-83-87h34c21 0 32-25 17-40l-82-88h33c21 0 32-25 18-40L210 8c-10-11-26-11-36 0L70 120c-14 15-3 40 18 40h33l-82 88c-15 15-4 40 17 40h34L7 375c-15 16-4 41 17 41h120c0 33-11 49-34 68-12 9-5 28 10 28h144c15 0 22-19 10-28-20-16-34-32-34-68h120c21 0 32-25 17-41z\"\/><\/svg><\/label>\r\n    <\/span>\r\n    <span style=\"display:none\">\r\n        <input type=\"text\" name=\"kc_honeypot\">\r\n    <\/span><\/span><\/span><br \/>\n<input class=\"wpcf7-form-control wpcf7-submit has-spinner\" type=\"submit\" value=\"Envoyer\" \/>\n<\/p><div class=\"wpcf7-response-output\" aria-hidden=\"true\"><\/div>\n<\/form>\n<\/div>\n\n<\/div><figure class=\"wp-block-media-text__media\"><img loading=\"lazy\" decoding=\"async\" width=\"512\" height=\"512\" src=\"https:\/\/2025.damius.com\/wp-content\/uploads\/2020\/09\/cropped-favicon-damius.png\" alt=\"\" class=\"wp-image-268 size-full\" srcset=\"https:\/\/2025.damius.com\/wp-content\/uploads\/2020\/09\/cropped-favicon-damius.png 512w, https:\/\/2025.damius.com\/wp-content\/uploads\/2020\/09\/cropped-favicon-damius-300x300.png 300w, https:\/\/2025.damius.com\/wp-content\/uploads\/2020\/09\/cropped-favicon-damius-150x150.png 150w, https:\/\/2025.damius.com\/wp-content\/uploads\/2020\/09\/cropped-favicon-damius-450x450.png 450w, https:\/\/2025.damius.com\/wp-content\/uploads\/2020\/09\/cropped-favicon-damius-100x100.png 100w, https:\/\/2025.damius.com\/wp-content\/uploads\/2020\/09\/cropped-favicon-damius-270x270.png 270w, https:\/\/2025.damius.com\/wp-content\/uploads\/2020\/09\/cropped-favicon-damius-192x192.png 192w, https:\/\/2025.damius.com\/wp-content\/uploads\/2020\/09\/cropped-favicon-damius-180x180.png 180w, https:\/\/2025.damius.com\/wp-content\/uploads\/2020\/09\/cropped-favicon-damius-32x32.png 32w\" sizes=\"auto, (max-width: 512px) 100vw, 512px\" \/><\/figure><\/div>\n","protected":false},"excerpt":{"rendered":"<p>Descarga el cat\u00e1logo Damius haciendo clic aqu\u00ed Si desea recibir una copia impresa, p\u00f3ngase en contacto con nosotros o proporcione su direcci\u00f3n postal utilizando el formulario al final de esta p\u00e1gina. \u00bfNecesitas asesoramiento o informaci\u00f3n?Nuestros asesores est\u00e1n disponibles por correo electr\u00f3nico, tel\u00e9fono o chat de lunes a viernes. Departamento Comercial &#8211; Lunes a viernes, de [&hellip;]<\/p>\n","protected":false},"author":1,"featured_media":0,"parent":0,"menu_order":0,"comment_status":"closed","ping_status":"closed","template":"","meta":{"_acf_changed":false,"_eb_attr":"","footnotes":""},"class_list":["post-2292","page","type-page","status-publish","hentry"],"acf":[],"yoast_head":"<!-- This site is optimized with the Yoast SEO plugin v27.3 - https:\/\/yoast.com\/product\/yoast-seo-wordpress\/ -->\n<title>Atenci\u00f3n al cliente - Todos nuestros datos de contacto - Damius<\/title>\n<meta name=\"robots\" content=\"noindex, follow, max-snippet:-1, max-image-preview:large, max-video-preview:-1\" \/>\n<meta property=\"og:locale\" content=\"es_ES\" \/>\n<meta property=\"og:type\" content=\"article\" \/>\n<meta property=\"og:title\" content=\"Atenci\u00f3n al cliente - Todos nuestros datos de contacto - Damius\" \/>\n<meta property=\"og:description\" content=\"Descarga el cat\u00e1logo Damius haciendo clic aqu\u00ed Si desea recibir una copia impresa, p\u00f3ngase en contacto con nosotros o proporcione su direcci\u00f3n postal utilizando el formulario al final de esta p\u00e1gina. \u00bfNecesitas asesoramiento o informaci\u00f3n?Nuestros asesores est\u00e1n disponibles por correo electr\u00f3nico, tel\u00e9fono o chat de lunes a viernes. Departamento Comercial &#8211; Lunes a viernes, de [&hellip;]\" \/>\n<meta property=\"og:url\" content=\"https:\/\/2025.damius.com\/es\/atencion-al-cliente-todos-nuestros-datos-de-contacto\/\" \/>\n<meta property=\"og:site_name\" content=\"Damius\" \/>\n<meta property=\"og:image\" content=\"https:\/\/2025.damius.com\/wp-content\/uploads\/2026\/02\/Aper_u-catalogue-tricycle-adulte-damius.jpg\" \/>\n\t<meta property=\"og:image:width\" content=\"590\" \/>\n\t<meta property=\"og:image:height\" content=\"786\" \/>\n\t<meta property=\"og:image:type\" content=\"image\/jpeg\" \/>\n<meta name=\"twitter:card\" content=\"summary_large_image\" \/>\n<meta name=\"twitter:label1\" content=\"Tiempo de lectura\" \/>\n\t<meta name=\"twitter:data1\" content=\"1 minuto\" \/>\n<script type=\"application\/ld+json\" class=\"yoast-schema-graph\">{\"@context\":\"https:\\\/\\\/schema.org\",\"@graph\":[{\"@type\":\"WebPage\",\"@id\":\"https:\\\/\\\/2025.damius.com\\\/es\\\/atencion-al-cliente-todos-nuestros-datos-de-contacto\\\/\",\"url\":\"https:\\\/\\\/2025.damius.com\\\/es\\\/atencion-al-cliente-todos-nuestros-datos-de-contacto\\\/\",\"name\":\"Atenci\u00f3n al cliente - Todos nuestros datos de contacto - Damius\",\"isPartOf\":{\"@id\":\"https:\\\/\\\/2025.damius.com\\\/#website\"},\"primaryImageOfPage\":{\"@id\":\"https:\\\/\\\/2025.damius.com\\\/es\\\/atencion-al-cliente-todos-nuestros-datos-de-contacto\\\/#primaryimage\"},\"image\":{\"@id\":\"https:\\\/\\\/2025.damius.com\\\/es\\\/atencion-al-cliente-todos-nuestros-datos-de-contacto\\\/#primaryimage\"},\"thumbnailUrl\":\"https:\\\/\\\/2025.damius.com\\\/wp-content\\\/uploads\\\/2026\\\/02\\\/Aper_u-catalogue-tricycle-adulte-damius.jpg\",\"datePublished\":\"2026-02-06T09:45:31+00:00\",\"breadcrumb\":{\"@id\":\"https:\\\/\\\/2025.damius.com\\\/es\\\/atencion-al-cliente-todos-nuestros-datos-de-contacto\\\/#breadcrumb\"},\"inLanguage\":\"es\",\"potentialAction\":[{\"@type\":\"ReadAction\",\"target\":[\"https:\\\/\\\/2025.damius.com\\\/es\\\/atencion-al-cliente-todos-nuestros-datos-de-contacto\\\/\"]}]},{\"@type\":\"ImageObject\",\"inLanguage\":\"es\",\"@id\":\"https:\\\/\\\/2025.damius.com\\\/es\\\/atencion-al-cliente-todos-nuestros-datos-de-contacto\\\/#primaryimage\",\"url\":\"https:\\\/\\\/2025.damius.com\\\/wp-content\\\/uploads\\\/2026\\\/02\\\/Aper_u-catalogue-tricycle-adulte-damius.jpg\",\"contentUrl\":\"https:\\\/\\\/2025.damius.com\\\/wp-content\\\/uploads\\\/2026\\\/02\\\/Aper_u-catalogue-tricycle-adulte-damius.jpg\"},{\"@type\":\"BreadcrumbList\",\"@id\":\"https:\\\/\\\/2025.damius.com\\\/es\\\/atencion-al-cliente-todos-nuestros-datos-de-contacto\\\/#breadcrumb\",\"itemListElement\":[{\"@type\":\"ListItem\",\"position\":1,\"name\":\"Accueil\",\"item\":\"https:\\\/\\\/2025.damius.com\\\/es\\\/hogar\\\/\"},{\"@type\":\"ListItem\",\"position\":2,\"name\":\"Atenci\u00f3n al cliente &#8211; Todos nuestros datos de contacto\"}]},{\"@type\":\"WebSite\",\"@id\":\"https:\\\/\\\/2025.damius.com\\\/#website\",\"url\":\"https:\\\/\\\/2025.damius.com\\\/\",\"name\":\"Damius\",\"description\":\"\",\"publisher\":{\"@id\":\"https:\\\/\\\/2025.damius.com\\\/#organization\"},\"potentialAction\":[{\"@type\":\"SearchAction\",\"target\":{\"@type\":\"EntryPoint\",\"urlTemplate\":\"https:\\\/\\\/2025.damius.com\\\/?s={search_term_string}\"},\"query-input\":{\"@type\":\"PropertyValueSpecification\",\"valueRequired\":true,\"valueName\":\"search_term_string\"}}],\"inLanguage\":\"es\"},{\"@type\":\"Organization\",\"@id\":\"https:\\\/\\\/2025.damius.com\\\/#organization\",\"name\":\"Damius\",\"url\":\"https:\\\/\\\/2025.damius.com\\\/\",\"logo\":{\"@type\":\"ImageObject\",\"inLanguage\":\"es\",\"@id\":\"https:\\\/\\\/2025.damius.com\\\/#\\\/schema\\\/logo\\\/image\\\/\",\"url\":\"https:\\\/\\\/2025.damius.com\\\/wp-content\\\/uploads\\\/2022\\\/01\\\/Logo_Damius-1.jpg\",\"contentUrl\":\"https:\\\/\\\/2025.damius.com\\\/wp-content\\\/uploads\\\/2022\\\/01\\\/Logo_Damius-1.jpg\",\"width\":616,\"height\":143,\"caption\":\"Damius\"},\"image\":{\"@id\":\"https:\\\/\\\/2025.damius.com\\\/#\\\/schema\\\/logo\\\/image\\\/\"}}]}<\/script>\n<!-- \/ Yoast SEO plugin. -->","yoast_head_json":{"title":"Atenci\u00f3n al cliente - Todos nuestros datos de contacto - Damius","robots":{"index":"noindex","follow":"follow","max-snippet":"max-snippet:-1","max-image-preview":"max-image-preview:large","max-video-preview":"max-video-preview:-1"},"og_locale":"es_ES","og_type":"article","og_title":"Atenci\u00f3n al cliente - Todos nuestros datos de contacto - Damius","og_description":"Descarga el cat\u00e1logo Damius haciendo clic aqu\u00ed Si desea recibir una copia impresa, p\u00f3ngase en contacto con nosotros o proporcione su direcci\u00f3n postal utilizando el formulario al final de esta p\u00e1gina. \u00bfNecesitas asesoramiento o informaci\u00f3n?Nuestros asesores est\u00e1n disponibles por correo electr\u00f3nico, tel\u00e9fono o chat de lunes a viernes. Departamento Comercial &#8211; Lunes a viernes, de [&hellip;]","og_url":"https:\/\/2025.damius.com\/es\/atencion-al-cliente-todos-nuestros-datos-de-contacto\/","og_site_name":"Damius","og_image":[{"width":590,"height":786,"url":"https:\/\/2025.damius.com\/wp-content\/uploads\/2026\/02\/Aper_u-catalogue-tricycle-adulte-damius.jpg","type":"image\/jpeg"}],"twitter_card":"summary_large_image","twitter_misc":{"Tiempo de lectura":"1 minuto"},"schema":{"@context":"https:\/\/schema.org","@graph":[{"@type":"WebPage","@id":"https:\/\/2025.damius.com\/es\/atencion-al-cliente-todos-nuestros-datos-de-contacto\/","url":"https:\/\/2025.damius.com\/es\/atencion-al-cliente-todos-nuestros-datos-de-contacto\/","name":"Atenci\u00f3n al cliente - Todos nuestros datos de contacto - Damius","isPartOf":{"@id":"https:\/\/2025.damius.com\/#website"},"primaryImageOfPage":{"@id":"https:\/\/2025.damius.com\/es\/atencion-al-cliente-todos-nuestros-datos-de-contacto\/#primaryimage"},"image":{"@id":"https:\/\/2025.damius.com\/es\/atencion-al-cliente-todos-nuestros-datos-de-contacto\/#primaryimage"},"thumbnailUrl":"https:\/\/2025.damius.com\/wp-content\/uploads\/2026\/02\/Aper_u-catalogue-tricycle-adulte-damius.jpg","datePublished":"2026-02-06T09:45:31+00:00","breadcrumb":{"@id":"https:\/\/2025.damius.com\/es\/atencion-al-cliente-todos-nuestros-datos-de-contacto\/#breadcrumb"},"inLanguage":"es","potentialAction":[{"@type":"ReadAction","target":["https:\/\/2025.damius.com\/es\/atencion-al-cliente-todos-nuestros-datos-de-contacto\/"]}]},{"@type":"ImageObject","inLanguage":"es","@id":"https:\/\/2025.damius.com\/es\/atencion-al-cliente-todos-nuestros-datos-de-contacto\/#primaryimage","url":"https:\/\/2025.damius.com\/wp-content\/uploads\/2026\/02\/Aper_u-catalogue-tricycle-adulte-damius.jpg","contentUrl":"https:\/\/2025.damius.com\/wp-content\/uploads\/2026\/02\/Aper_u-catalogue-tricycle-adulte-damius.jpg"},{"@type":"BreadcrumbList","@id":"https:\/\/2025.damius.com\/es\/atencion-al-cliente-todos-nuestros-datos-de-contacto\/#breadcrumb","itemListElement":[{"@type":"ListItem","position":1,"name":"Accueil","item":"https:\/\/2025.damius.com\/es\/hogar\/"},{"@type":"ListItem","position":2,"name":"Atenci\u00f3n al cliente &#8211; Todos nuestros datos de contacto"}]},{"@type":"WebSite","@id":"https:\/\/2025.damius.com\/#website","url":"https:\/\/2025.damius.com\/","name":"Damius","description":"","publisher":{"@id":"https:\/\/2025.damius.com\/#organization"},"potentialAction":[{"@type":"SearchAction","target":{"@type":"EntryPoint","urlTemplate":"https:\/\/2025.damius.com\/?s={search_term_string}"},"query-input":{"@type":"PropertyValueSpecification","valueRequired":true,"valueName":"search_term_string"}}],"inLanguage":"es"},{"@type":"Organization","@id":"https:\/\/2025.damius.com\/#organization","name":"Damius","url":"https:\/\/2025.damius.com\/","logo":{"@type":"ImageObject","inLanguage":"es","@id":"https:\/\/2025.damius.com\/#\/schema\/logo\/image\/","url":"https:\/\/2025.damius.com\/wp-content\/uploads\/2022\/01\/Logo_Damius-1.jpg","contentUrl":"https:\/\/2025.damius.com\/wp-content\/uploads\/2022\/01\/Logo_Damius-1.jpg","width":616,"height":143,"caption":"Damius"},"image":{"@id":"https:\/\/2025.damius.com\/#\/schema\/logo\/image\/"}}]}},"featured_image_src":null,"featured_image_src_square":null,"_links":{"self":[{"href":"https:\/\/2025.damius.com\/es\/wp-json\/wp\/v2\/pages\/2292","targetHints":{"allow":["GET"]}}],"collection":[{"href":"https:\/\/2025.damius.com\/es\/wp-json\/wp\/v2\/pages"}],"about":[{"href":"https:\/\/2025.damius.com\/es\/wp-json\/wp\/v2\/types\/page"}],"author":[{"embeddable":true,"href":"https:\/\/2025.damius.com\/es\/wp-json\/wp\/v2\/users\/1"}],"replies":[{"embeddable":true,"href":"https:\/\/2025.damius.com\/es\/wp-json\/wp\/v2\/comments?post=2292"}],"version-history":[{"count":2,"href":"https:\/\/2025.damius.com\/es\/wp-json\/wp\/v2\/pages\/2292\/revisions"}],"predecessor-version":[{"id":2299,"href":"https:\/\/2025.damius.com\/es\/wp-json\/wp\/v2\/pages\/2292\/revisions\/2299"}],"wp:attachment":[{"href":"https:\/\/2025.damius.com\/es\/wp-json\/wp\/v2\/media?parent=2292"}],"curies":[{"name":"wp","href":"https:\/\/api.w.org\/{rel}","templated":true}]}}