{"id":2321,"date":"2026-02-06T11:54:57","date_gmt":"2026-02-06T10:54:57","guid":{"rendered":"https:\/\/2025.damius.com\/toda-la-informacion-que-necesitas-para-una-compra-segura\/"},"modified":"2026-02-09T14:33:06","modified_gmt":"2026-02-09T13:33:06","slug":"toda-la-informacion-que-necesitas-para-una-compra-segura","status":"publish","type":"page","link":"https:\/\/2025.damius.com\/es\/toda-la-informacion-que-necesitas-para-una-compra-segura\/","title":{"rendered":"\u00a1Toda la informaci\u00f3n que necesitas para una compra segura!"},"content":{"rendered":"\n<div class=\"wp-block-essential-blocks-flex-container eb-flex-container-block root-eb-flex-container-5mr0u\"><div class=\"eb-parent-wrapper eb-parent-flex-container eb-parent-eb-flex-container-5mr0u \"><div class=\"eb-flex-container eb-flex-container-5mr0u\"><div class=\"eb-flex-container-inner\">\n<div class=\"wp-block-media-text alignwide is-stacked-on-mobile\" style=\"grid-template-columns:17% auto\"><figure class=\"wp-block-media-text__media\"><img loading=\"lazy\" decoding=\"async\" width=\"1024\" height=\"726\" src=\"https:\/\/2025.damius.com\/wp-content\/uploads\/2026\/02\/bicycode_1-1024x726.jpg\" alt=\"\" class=\"wp-image-1554 size-full\" srcset=\"https:\/\/2025.damius.com\/wp-content\/uploads\/2026\/02\/bicycode_1-1024x726.jpg 1024w, https:\/\/2025.damius.com\/wp-content\/uploads\/2026\/02\/bicycode_1-300x213.jpg 300w, https:\/\/2025.damius.com\/wp-content\/uploads\/2026\/02\/bicycode_1-768x545.jpg 768w, https:\/\/2025.damius.com\/wp-content\/uploads\/2026\/02\/bicycode_1-1200x851.jpg 1200w, https:\/\/2025.damius.com\/wp-content\/uploads\/2026\/02\/bicycode_1-600x426.jpg 600w, https:\/\/2025.damius.com\/wp-content\/uploads\/2026\/02\/bicycode_1.jpg 1280w\" sizes=\"auto, (max-width: 1024px) 100vw, 1024px\" \/><\/figure><div class=\"wp-block-media-text__content\">\n<p><strong><a href=\"https:\/\/2025.damius.com\/es\/que-es-el-marcado-bicycode\/\" id=\"582\">\u00a1Marcado BICYCODE\u00ae gratuito para todos nuestros clientes!<\/a><\/strong><\/p>\n\n\n\n<p>BICYCODE\u00ae es el \u00daNICO sistema reconocido por el gobierno franc\u00e9s para combatir el robo de bicicletas y la gesti\u00f3n de objetos robados. Cuenta con el apoyo del Ministerio de Medio Ambiente y el Ministerio del Interior. <\/p>\n\n\n\n<p>Nuestra empresa est\u00e1 homologada como operador oficial, por lo que grabamos nosotros mismos nuestros triciclos antes de enviarlos a sus propietarios.<\/p>\n\n\n\n<p>El objetivo de este sistema es permitir, en caso de robo, la devoluci\u00f3n de un triciclo robado a su propietario por parte de los servicios de polic\u00eda\/gendarmer\u00eda, y as\u00ed combatir la receptaci\u00f3n y la reventa ilegal.<\/p>\n\n\n\n<p class=\"has-text-color\" style=\"color:#ff6600\"><a href=\"https:\/\/2025.damius.com\/es\/que-es-el-marcado-bicycode\/\" id=\"582\"><strong>\u00a1HAGA CLIC AQU\u00cd PARA SABER M\u00c1S!<\/strong><\/a><\/p>\n<\/div><\/div>\n<\/div><\/div><\/div><\/div>\n\n<div class=\"wp-block-essential-blocks-flex-container eb-flex-container-block root-eb-flex-container-faht8\"><div class=\"eb-parent-wrapper eb-parent-flex-container eb-parent-eb-flex-container-faht8 \"><div class=\"eb-flex-container eb-flex-container-faht8\"><div class=\"eb-flex-container-inner\">\n<div class=\"wp-block-media-text alignwide is-stacked-on-mobile\" style=\"grid-template-columns:17% auto\"><figure class=\"wp-block-media-text__media\"><img loading=\"lazy\" decoding=\"async\" width=\"210\" height=\"200\" src=\"https:\/\/2025.damius.com\/wp-content\/uploads\/2022\/01\/picto_sav.png\" alt=\"\" class=\"wp-image-783 size-full\" \/><\/figure><div class=\"wp-block-media-text__content\">\n<p><strong><a href=\"https:\/\/2025.damius.com\/es\/garantia-y-servicio-posventa\/\" id=\"584\">Garant\u00eda y servicio posventa<\/a><\/strong><\/p>\n\n\n\n<ul class=\"wp-block-list\">\n<li>Largos per\u00edodos de garant\u00eda, a la altura de los mayores fabricantes, algo sin precedentes para un triciclo.<\/li>\n\n\n\n<li>Un triciclo dise\u00f1ado para ser confiable, con bajo mantenimiento y f\u00e1cil reparaci\u00f3n.<\/li>\n\n\n\n<li>En caso de servicio postventa \u00a1lo tenemos todo previsto!<\/li>\n<\/ul>\n\n\n\n<p class=\"has-text-color\" style=\"color:#ff6600\"><a href=\"https:\/\/2025.damius.com\/es\/garantia-y-servicio-posventa\/\" id=\"584\"><strong>\u00a1HAGA CLIC AQU\u00cd PARA SABER M\u00c1S!<\/strong><\/a><\/p>\n<\/div><\/div>\n<\/div><\/div><\/div><\/div>\n\n<div class=\"wp-block-essential-blocks-flex-container eb-flex-container-block root-eb-flex-container-o2bhf\"><div class=\"eb-parent-wrapper eb-parent-flex-container eb-parent-eb-flex-container-o2bhf \"><div class=\"eb-flex-container eb-flex-container-o2bhf\"><div class=\"eb-flex-container-inner\">\n<div class=\"wp-block-media-text alignwide is-stacked-on-mobile\" style=\"grid-template-columns:17% auto\"><figure class=\"wp-block-media-text__media\"><img loading=\"lazy\" decoding=\"async\" width=\"400\" height=\"400\" src=\"https:\/\/2025.damius.com\/wp-content\/uploads\/2022\/01\/logo-avis-verifies.jpg\" alt=\"\" class=\"wp-image-779 size-full\" srcset=\"https:\/\/2025.damius.com\/wp-content\/uploads\/2022\/01\/logo-avis-verifies.jpg 400w, https:\/\/2025.damius.com\/wp-content\/uploads\/2022\/01\/logo-avis-verifies-50x50.jpg 50w, https:\/\/2025.damius.com\/wp-content\/uploads\/2022\/01\/logo-avis-verifies-100x100.jpg 100w, https:\/\/2025.damius.com\/wp-content\/uploads\/2022\/01\/logo-avis-verifies-150x150.jpg 150w, https:\/\/2025.damius.com\/wp-content\/uploads\/2022\/01\/logo-avis-verifies-300x300.jpg 300w\" sizes=\"auto, (max-width: 400px) 100vw, 400px\" \/><\/figure><div class=\"wp-block-media-text__content\">\n<p><strong><a href=\"http:\/\/www.avis-verifies.com\/avis-clients\/damius.com\">Testimonios, nuestra mayor recompensa<\/a><\/strong><\/p>\n\n\n\n<ul class=\"wp-block-list\">\n<li>Estamos afiliados desde 2012 a la organizaci\u00f3n independiente Avis-V\u00e9rifi\u00e9s, que recopila opiniones de clientes despu\u00e9s de su compra.<\/li>\n\n\n\n<li>No tenemos acceso a estas rese\u00f1as, que est\u00e1n todas publicadas, ya sean positivas o negativas.<\/li>\n\n\n\n<li>Queremos total transparencia y la satisfacci\u00f3n de todos nuestros clientes.<\/li>\n\n\n\n<li>Nous accordons une attention toute particuli\u00e8re aux avis \u00e9mis<\/li>\n\n\n\n<li>Puede encontrar rese\u00f1as de nuestras p\u00e1ginas de productos de triciclo en la pesta\u00f1a \u00abTestimonios\u00bb.<\/li>\n<\/ul>\n\n\n\n<p class=\"has-text-color\" style=\"color:#ff6600\"><strong><a href=\"http:\/\/www.avis-verifies.com\/avis-clients\/damius.com\" target=\"_blank\" rel=\"noreferrer noopener\">\u00a1ACCEDA<strong> A <\/strong>TODAS LAS OPINIONES DE LOS CLIENTES!<\/a><\/strong><\/p>\n<\/div><\/div>\n<\/div><\/div><\/div><\/div>\n\n<div class=\"wp-block-essential-blocks-flex-container eb-flex-container-block root-eb-flex-container-9n6lk\"><div class=\"eb-parent-wrapper eb-parent-flex-container eb-parent-eb-flex-container-9n6lk \"><div class=\"eb-flex-container eb-flex-container-9n6lk\"><div class=\"eb-flex-container-inner\">\n<div class=\"wp-block-essential-blocks-flex-container eb-flex-container-block root-eb-flex-container-89gsj\"><div class=\"eb-parent-wrapper eb-parent-flex-container eb-parent-eb-flex-container-89gsj \"><div class=\"eb-flex-container eb-flex-container-89gsj\"><div class=\"eb-flex-container-inner\">\n<p class=\"has-text-align-left\"><a href=\"https:\/\/2025.damius.com\/es\/tu-triciclo-personalizado-entregado-en-tu-puerta-listo-para-usar-por-solo-1e\/\"><strong>\u00bfC\u00f3mo funciona el proceso de entrega?<\/strong><\/a><\/p>\n\n\n\n<ul class=\"wp-block-list\">\n<li>Nos tricycles sont livr\u00e9s enti\u00e8rement mont\u00e9s, test\u00e9s et pr\u00eats \u00e0 l&#8217;emploi<\/li>\n\n\n\n<li>Livraison en France m\u00e9tropolitaine pour 1\u20ac symbolique<\/li>\n\n\n\n<li>Livraison en UE possible avec suppl\u00e9ment<\/li>\n\n\n\n<li>Seguimiento del env\u00edo y programaci\u00f3n de la cita de entrega con nuestro transportista GEODIS<\/li>\n<\/ul>\n\n\n\n<p class=\"has-text-color\" style=\"color:#ff6600\"><a href=\"https:\/\/2025.damius.com\/es\/tu-triciclo-personalizado-entregado-en-tu-puerta-listo-para-usar-por-solo-1e\/\"><strong>CLIQUEZ ICI POUR EN SAVOIR PLUS !<\/strong><\/a><\/p>\n<\/div><\/div><\/div><\/div>\n\n\n\n<div class=\"wp-block-essential-blocks-flex-container eb-flex-container-block root-eb-flex-container-bw5od\"><div class=\"eb-parent-wrapper eb-parent-flex-container eb-parent-eb-flex-container-bw5od \"><div class=\"eb-flex-container eb-flex-container-bw5od\"><div class=\"eb-flex-container-inner\">\n<p><a href=\"https:\/\/2025.damius.com\/es\/como-realizar-un-pedido-en-nuestra-web\/\"><strong>C\u00f3mo hacer un pedido<\/strong><\/a><\/p>\n\n\n\n<ul class=\"wp-block-list\">\n<li>Puedes realizar tu pedido directamente online en nuestra web.<\/li>\n\n\n\n<li>Tambi\u00e9n puedes realizar tu pedido por tel\u00e9fono, email o correo postal.<\/li>\n\n\n\n<li>Ll\u00e1manos antes de realizar cualquier pedido para hacer la elecci\u00f3n correcta.<\/li>\n<\/ul>\n\n\n\n<p class=\"has-text-color\" style=\"color:#ff6600\"><a href=\"https:\/\/2025.damius.com\/es\/como-realizar-un-pedido-en-nuestra-web\/\"><strong>\u00a1HAGA CLIC AQU\u00cd PARA SABER M\u00c1S!<\/strong><\/a><\/p>\n<\/div><\/div><\/div><\/div>\n<\/div><\/div><\/div><\/div>\n\n<div class=\"wp-block-essential-blocks-flex-container eb-flex-container-block root-eb-flex-container-l97dj\"><div class=\"eb-parent-wrapper eb-parent-flex-container eb-parent-eb-flex-container-l97dj \"><div class=\"eb-flex-container eb-flex-container-l97dj\"><div class=\"eb-flex-container-inner\">\n<div class=\"wp-block-essential-blocks-flex-container eb-flex-container-block root-eb-flex-container-a8qg2\"><div class=\"eb-parent-wrapper eb-parent-flex-container eb-parent-eb-flex-container-a8qg2 \"><div class=\"eb-flex-container eb-flex-container-a8qg2\"><div class=\"eb-flex-container-inner\">\n<p><a href=\"https:\/\/2025.damius.com\/es\/metodos-de-pago-disponibles-para-ustedles-moyens-de-paiement-a-votre-disposition\/\"><strong>M\u00e9todos de pago &#8211; Pago seguro<\/strong><\/a><\/p>\n\n\n\n<ul class=\"wp-block-list\">\n<li>El pago es posible con tarjeta de cr\u00e9dito en l\u00ednea, cheque(s) o transferencia bancaria.<\/li>\n\n\n\n<li>Plan de pago f\u00e1cil hasta 6 cuotas sin comisiones<\/li>\n\n\n\n<li>Para pagos con tarjeta de cr\u00e9dito en l\u00ednea, la p\u00e1gina de pago es segura.<\/li>\n\n\n\n<li>El servicio de pago en l\u00ednea lo proporciona Banque Populaire.<\/li>\n<\/ul>\n\n\n\n<p class=\"has-text-color\" style=\"color:#ff6600\"><a href=\"https:\/\/2025.damius.com\/es\/metodos-de-pago-disponibles-para-ustedles-moyens-de-paiement-a-votre-disposition\/\"><strong>\u00a1HAGA CLIC AQU\u00cd PARA SABER M\u00c1S!<\/strong><\/a><\/p>\n<\/div><\/div><\/div><\/div>\n\n\n\n<div class=\"wp-block-essential-blocks-flex-container eb-flex-container-block root-eb-flex-container-nh6yt\"><div class=\"eb-parent-wrapper eb-parent-flex-container eb-parent-eb-flex-container-nh6yt \"><div class=\"eb-flex-container eb-flex-container-nh6yt\"><div class=\"eb-flex-container-inner\">\n<p><a href=\"https:\/\/2025.damius.com\/es\/preguntas-frecuentes\/\"><strong>\u00bfPreguntas frecuentes?<\/strong><\/a><\/p>\n\n\n\n<ul class=\"wp-block-list\">\n<li>Consulta la secci\u00f3n; encontrar\u00e1s muchas respuestas all\u00ed.<\/li>\n\n\n\n<li>Preg\u00fantanos tus dudas si no encuentras la respuesta aqu\u00ed.<\/li>\n<\/ul>\n\n\n\n<p class=\"has-text-color\" style=\"color:#ff6600\"><a href=\"https:\/\/2025.damius.com\/es\/preguntas-frecuentes\/\"><strong>ACCEDER A LA SECCI\u00d3N<\/strong><\/a><\/p>\n<\/div><\/div><\/div><\/div>\n<\/div><\/div><\/div><\/div>\n\n<div class=\"wp-block-essential-blocks-flex-container eb-flex-container-block root-eb-flex-container-adpqq\"><div class=\"eb-parent-wrapper eb-parent-flex-container eb-parent-eb-flex-container-adpqq \"><div class=\"eb-flex-container eb-flex-container-adpqq\"><div class=\"eb-flex-container-inner\">\n<div class=\"wp-block-media-text alignwide is-stacked-on-mobile\" style=\"grid-template-columns:17% auto\"><figure class=\"wp-block-media-text__media\"><img loading=\"lazy\" decoding=\"async\" width=\"388\" height=\"373\" src=\"https:\/\/2025.damius.com\/wp-content\/uploads\/2022\/01\/picto-tel.png\" alt=\"\" class=\"wp-image-775 size-full\" srcset=\"https:\/\/2025.damius.com\/wp-content\/uploads\/2022\/01\/picto-tel.png 388w, https:\/\/2025.damius.com\/wp-content\/uploads\/2022\/01\/picto-tel-300x288.png 300w\" sizes=\"auto, (max-width: 388px) 100vw, 388px\" \/><\/figure><div class=\"wp-block-media-text__content\">\n<p><strong><a href=\"https:\/\/2025.damius.com\/es\/atencion-al-cliente-todos-nuestros-datos-de-contacto\/\">\u00bfC\u00f3mo puedo contactarnos?<\/a><\/strong><\/p>\n\n\n\n<ul class=\"wp-block-list\">\n<li>Por tel\u00e9fono al 04 90 59 49 10 (desde el extranjero +33 490 594 910) de lunes a viernes, de 9:00 a 12:30 horas y de 14:00 a 17:30 horas.<\/li>\n\n\n\n<li>Por correo electr\u00f3nico a <a href=\"mailto:info@damius.com\">info@damius.com<\/a><\/li>\n\n\n\n<li>Utilice nuestro chat en l\u00ednea (abajo a la derecha de su pantalla) para chatear en vivo con nosotros<\/li>\n\n\n\n<li>Por correo: DAMIUS \/ 33 Avenue du Royaume-Uni \/ ZI les Moli\u00e8res \/ 13140 MIRAMAS<\/li>\n\n\n\n<li>A trav\u00e9s de nuestro formulario de contacto en la p\u00e1gina de contacto<\/li>\n<\/ul>\n\n\n\n<p class=\"has-text-color\" style=\"color:#ff6600\"><strong><a href=\"https:\/\/2025.damius.com\/es\/atencion-al-cliente-todos-nuestros-datos-de-contacto\/\">\u00a1VAYA A LA P\u00c1GINA DE CONTACTO!<\/a><\/strong><\/p>\n<\/div><\/div>\n<\/div><\/div><\/div><\/div>\n","protected":false},"excerpt":{"rendered":"","protected":false},"author":1,"featured_media":0,"parent":0,"menu_order":0,"comment_status":"closed","ping_status":"closed","template":"","meta":{"_acf_changed":false,"_eb_attr":"","footnotes":""},"class_list":["post-2321","page","type-page","status-publish","hentry"],"acf":[],"yoast_head":"<!-- This site is optimized with the Yoast SEO plugin v27.3 - https:\/\/yoast.com\/product\/yoast-seo-wordpress\/ -->\n<title>\u00a1Toda la informaci\u00f3n que necesitas para una compra segura! - Damius<\/title>\n<meta name=\"robots\" content=\"noindex, follow, max-snippet:-1, max-image-preview:large, max-video-preview:-1\" \/>\n<meta property=\"og:locale\" content=\"es_ES\" \/>\n<meta property=\"og:type\" content=\"article\" \/>\n<meta property=\"og:title\" content=\"\u00a1Toda la informaci\u00f3n que necesitas para una compra segura! - Damius\" \/>\n<meta property=\"og:url\" content=\"https:\/\/2025.damius.com\/es\/toda-la-informacion-que-necesitas-para-una-compra-segura\/\" \/>\n<meta property=\"og:site_name\" content=\"Damius\" \/>\n<meta property=\"article:modified_time\" content=\"2026-02-09T13:33:06+00:00\" \/>\n<meta property=\"og:image\" content=\"https:\/\/2025.damius.com\/wp-content\/uploads\/2026\/02\/bicycode_1.jpg\" \/>\n\t<meta property=\"og:image:width\" content=\"1280\" \/>\n\t<meta property=\"og:image:height\" content=\"908\" \/>\n\t<meta property=\"og:image:type\" content=\"image\/jpeg\" \/>\n<meta name=\"twitter:card\" content=\"summary_large_image\" \/>\n<meta name=\"twitter:label1\" content=\"Tiempo de lectura\" \/>\n\t<meta name=\"twitter:data1\" content=\"3 minutos\" \/>\n<script type=\"application\/ld+json\" class=\"yoast-schema-graph\">{\"@context\":\"https:\\\/\\\/schema.org\",\"@graph\":[{\"@type\":\"WebPage\",\"@id\":\"https:\\\/\\\/2025.damius.com\\\/es\\\/toda-la-informacion-que-necesitas-para-una-compra-segura\\\/\",\"url\":\"https:\\\/\\\/2025.damius.com\\\/es\\\/toda-la-informacion-que-necesitas-para-una-compra-segura\\\/\",\"name\":\"\u00a1Toda la informaci\u00f3n que necesitas para una compra segura! - Damius\",\"isPartOf\":{\"@id\":\"https:\\\/\\\/2025.damius.com\\\/#website\"},\"primaryImageOfPage\":{\"@id\":\"https:\\\/\\\/2025.damius.com\\\/es\\\/toda-la-informacion-que-necesitas-para-una-compra-segura\\\/#primaryimage\"},\"image\":{\"@id\":\"https:\\\/\\\/2025.damius.com\\\/es\\\/toda-la-informacion-que-necesitas-para-una-compra-segura\\\/#primaryimage\"},\"thumbnailUrl\":\"https:\\\/\\\/2025.damius.com\\\/wp-content\\\/uploads\\\/2026\\\/02\\\/bicycode_1-1024x726.jpg\",\"datePublished\":\"2026-02-06T10:54:57+00:00\",\"dateModified\":\"2026-02-09T13:33:06+00:00\",\"breadcrumb\":{\"@id\":\"https:\\\/\\\/2025.damius.com\\\/es\\\/toda-la-informacion-que-necesitas-para-una-compra-segura\\\/#breadcrumb\"},\"inLanguage\":\"es\",\"potentialAction\":[{\"@type\":\"ReadAction\",\"target\":[\"https:\\\/\\\/2025.damius.com\\\/es\\\/toda-la-informacion-que-necesitas-para-una-compra-segura\\\/\"]}]},{\"@type\":\"ImageObject\",\"inLanguage\":\"es\",\"@id\":\"https:\\\/\\\/2025.damius.com\\\/es\\\/toda-la-informacion-que-necesitas-para-una-compra-segura\\\/#primaryimage\",\"url\":\"https:\\\/\\\/2025.damius.com\\\/wp-content\\\/uploads\\\/2026\\\/02\\\/bicycode_1-1024x726.jpg\",\"contentUrl\":\"https:\\\/\\\/2025.damius.com\\\/wp-content\\\/uploads\\\/2026\\\/02\\\/bicycode_1-1024x726.jpg\"},{\"@type\":\"BreadcrumbList\",\"@id\":\"https:\\\/\\\/2025.damius.com\\\/es\\\/toda-la-informacion-que-necesitas-para-una-compra-segura\\\/#breadcrumb\",\"itemListElement\":[{\"@type\":\"ListItem\",\"position\":1,\"name\":\"Accueil\",\"item\":\"https:\\\/\\\/2025.damius.com\\\/es\\\/hogar\\\/\"},{\"@type\":\"ListItem\",\"position\":2,\"name\":\"\u00a1Toda la informaci\u00f3n que necesitas para una compra segura!\"}]},{\"@type\":\"WebSite\",\"@id\":\"https:\\\/\\\/2025.damius.com\\\/#website\",\"url\":\"https:\\\/\\\/2025.damius.com\\\/\",\"name\":\"Damius\",\"description\":\"\",\"publisher\":{\"@id\":\"https:\\\/\\\/2025.damius.com\\\/#organization\"},\"potentialAction\":[{\"@type\":\"SearchAction\",\"target\":{\"@type\":\"EntryPoint\",\"urlTemplate\":\"https:\\\/\\\/2025.damius.com\\\/?s={search_term_string}\"},\"query-input\":{\"@type\":\"PropertyValueSpecification\",\"valueRequired\":true,\"valueName\":\"search_term_string\"}}],\"inLanguage\":\"es\"},{\"@type\":\"Organization\",\"@id\":\"https:\\\/\\\/2025.damius.com\\\/#organization\",\"name\":\"Damius\",\"url\":\"https:\\\/\\\/2025.damius.com\\\/\",\"logo\":{\"@type\":\"ImageObject\",\"inLanguage\":\"es\",\"@id\":\"https:\\\/\\\/2025.damius.com\\\/#\\\/schema\\\/logo\\\/image\\\/\",\"url\":\"https:\\\/\\\/2025.damius.com\\\/wp-content\\\/uploads\\\/2022\\\/01\\\/Logo_Damius-1.jpg\",\"contentUrl\":\"https:\\\/\\\/2025.damius.com\\\/wp-content\\\/uploads\\\/2022\\\/01\\\/Logo_Damius-1.jpg\",\"width\":616,\"height\":143,\"caption\":\"Damius\"},\"image\":{\"@id\":\"https:\\\/\\\/2025.damius.com\\\/#\\\/schema\\\/logo\\\/image\\\/\"}}]}<\/script>\n<!-- \/ Yoast SEO plugin. -->","yoast_head_json":{"title":"\u00a1Toda la informaci\u00f3n que necesitas para una compra segura! - Damius","robots":{"index":"noindex","follow":"follow","max-snippet":"max-snippet:-1","max-image-preview":"max-image-preview:large","max-video-preview":"max-video-preview:-1"},"og_locale":"es_ES","og_type":"article","og_title":"\u00a1Toda la informaci\u00f3n que necesitas para una compra segura! - Damius","og_url":"https:\/\/2025.damius.com\/es\/toda-la-informacion-que-necesitas-para-una-compra-segura\/","og_site_name":"Damius","article_modified_time":"2026-02-09T13:33:06+00:00","og_image":[{"width":1280,"height":908,"url":"https:\/\/2025.damius.com\/wp-content\/uploads\/2026\/02\/bicycode_1.jpg","type":"image\/jpeg"}],"twitter_card":"summary_large_image","twitter_misc":{"Tiempo de lectura":"3 minutos"},"schema":{"@context":"https:\/\/schema.org","@graph":[{"@type":"WebPage","@id":"https:\/\/2025.damius.com\/es\/toda-la-informacion-que-necesitas-para-una-compra-segura\/","url":"https:\/\/2025.damius.com\/es\/toda-la-informacion-que-necesitas-para-una-compra-segura\/","name":"\u00a1Toda la informaci\u00f3n que necesitas para una compra segura! - Damius","isPartOf":{"@id":"https:\/\/2025.damius.com\/#website"},"primaryImageOfPage":{"@id":"https:\/\/2025.damius.com\/es\/toda-la-informacion-que-necesitas-para-una-compra-segura\/#primaryimage"},"image":{"@id":"https:\/\/2025.damius.com\/es\/toda-la-informacion-que-necesitas-para-una-compra-segura\/#primaryimage"},"thumbnailUrl":"https:\/\/2025.damius.com\/wp-content\/uploads\/2026\/02\/bicycode_1-1024x726.jpg","datePublished":"2026-02-06T10:54:57+00:00","dateModified":"2026-02-09T13:33:06+00:00","breadcrumb":{"@id":"https:\/\/2025.damius.com\/es\/toda-la-informacion-que-necesitas-para-una-compra-segura\/#breadcrumb"},"inLanguage":"es","potentialAction":[{"@type":"ReadAction","target":["https:\/\/2025.damius.com\/es\/toda-la-informacion-que-necesitas-para-una-compra-segura\/"]}]},{"@type":"ImageObject","inLanguage":"es","@id":"https:\/\/2025.damius.com\/es\/toda-la-informacion-que-necesitas-para-una-compra-segura\/#primaryimage","url":"https:\/\/2025.damius.com\/wp-content\/uploads\/2026\/02\/bicycode_1-1024x726.jpg","contentUrl":"https:\/\/2025.damius.com\/wp-content\/uploads\/2026\/02\/bicycode_1-1024x726.jpg"},{"@type":"BreadcrumbList","@id":"https:\/\/2025.damius.com\/es\/toda-la-informacion-que-necesitas-para-una-compra-segura\/#breadcrumb","itemListElement":[{"@type":"ListItem","position":1,"name":"Accueil","item":"https:\/\/2025.damius.com\/es\/hogar\/"},{"@type":"ListItem","position":2,"name":"\u00a1Toda la informaci\u00f3n que necesitas para una compra segura!"}]},{"@type":"WebSite","@id":"https:\/\/2025.damius.com\/#website","url":"https:\/\/2025.damius.com\/","name":"Damius","description":"","publisher":{"@id":"https:\/\/2025.damius.com\/#organization"},"potentialAction":[{"@type":"SearchAction","target":{"@type":"EntryPoint","urlTemplate":"https:\/\/2025.damius.com\/?s={search_term_string}"},"query-input":{"@type":"PropertyValueSpecification","valueRequired":true,"valueName":"search_term_string"}}],"inLanguage":"es"},{"@type":"Organization","@id":"https:\/\/2025.damius.com\/#organization","name":"Damius","url":"https:\/\/2025.damius.com\/","logo":{"@type":"ImageObject","inLanguage":"es","@id":"https:\/\/2025.damius.com\/#\/schema\/logo\/image\/","url":"https:\/\/2025.damius.com\/wp-content\/uploads\/2022\/01\/Logo_Damius-1.jpg","contentUrl":"https:\/\/2025.damius.com\/wp-content\/uploads\/2022\/01\/Logo_Damius-1.jpg","width":616,"height":143,"caption":"Damius"},"image":{"@id":"https:\/\/2025.damius.com\/#\/schema\/logo\/image\/"}}]}},"featured_image_src":null,"featured_image_src_square":null,"_links":{"self":[{"href":"https:\/\/2025.damius.com\/es\/wp-json\/wp\/v2\/pages\/2321","targetHints":{"allow":["GET"]}}],"collection":[{"href":"https:\/\/2025.damius.com\/es\/wp-json\/wp\/v2\/pages"}],"about":[{"href":"https:\/\/2025.damius.com\/es\/wp-json\/wp\/v2\/types\/page"}],"author":[{"embeddable":true,"href":"https:\/\/2025.damius.com\/es\/wp-json\/wp\/v2\/users\/1"}],"replies":[{"embeddable":true,"href":"https:\/\/2025.damius.com\/es\/wp-json\/wp\/v2\/comments?post=2321"}],"version-history":[{"count":3,"href":"https:\/\/2025.damius.com\/es\/wp-json\/wp\/v2\/pages\/2321\/revisions"}],"predecessor-version":[{"id":2369,"href":"https:\/\/2025.damius.com\/es\/wp-json\/wp\/v2\/pages\/2321\/revisions\/2369"}],"wp:attachment":[{"href":"https:\/\/2025.damius.com\/es\/wp-json\/wp\/v2\/media?parent=2321"}],"curies":[{"name":"wp","href":"https:\/\/api.w.org\/{rel}","templated":true}]}}