{"id":2370,"date":"2026-02-09T14:40:43","date_gmt":"2026-02-09T13:40:43","guid":{"rendered":"https:\/\/2025.damius.com\/aviso-legal\/"},"modified":"2026-02-09T14:40:43","modified_gmt":"2026-02-09T13:40:43","slug":"aviso-legal","status":"publish","type":"page","link":"https:\/\/2025.damius.com\/es\/aviso-legal\/","title":{"rendered":"Aviso legal"},"content":{"rendered":"\n<p><strong>www.damius.com<\/strong> es publicado por:<br\/><strong>DAMIUS SARL<\/strong>: Sociedad de Responsabilidad Limitada con un capital de 120.000 \u20ac &#8211; RCS: Salon 788 684 694 00045<\/p>\n\n<p>Direcci\u00f3n: DAMIUS &#8211; Triciclo EVASION \/ 199 Avenue des Oulivarello \/ Parc d&#8217;Activit\u00e9s de la Gandonne \/ 13300 SALON DE PROVENCE &#8211; Francia<br\/><br\/>Correo electr\u00f3nico:<a href=\"mailto:info@damius.com\"> info@damius.com<\/a><br\/>Tel.: 04 90 59 49 10 o desde el extranjero <em>+33 490 594 910<\/em><br\/><br\/>Gerente: Damien Gran<br\/><br\/>El sitio web est\u00e1 alojado y fue creado por <a href=\"https:\/\/www.perfea.fr\/\" target=\"_blank\" rel=\"noreferrer noopener\">la agencia web Perfea<\/a>, cuya sede se encuentra en 3, all\u00e9e Montgolfier &#8211; ZI le Tub\u00e9 &#8211; 13800 ISTRES &#8211; Francia.<br\/><br\/>Cualquier uso de este sitio web constituye la aceptaci\u00f3n incondicional por parte de todos los usuarios y clientes de los t\u00e9rminos y condiciones contenidos en este aviso.<br\/><br\/><br\/><strong>1. INFORMACI\u00d3N DISPONIBLE EN EL SITIO WEB \u00abwww.damius.com\u00bb<\/strong><br\/>DAMIUS SARL se esfuerza por garantizar la exactitud y actualidad de la informaci\u00f3n publicada en este sitio web y se reserva el derecho de corregir su contenido en cualquier momento sin previo aviso. Sin embargo, no puede garantizar su integridad ni que no haya sido alterada por terceros (intrusi\u00f3n, virus). Asimismo, declina toda responsabilidad por cualquier error, inexactitud u omisi\u00f3n en esta informaci\u00f3n.  <br\/><br\/>SARL DAMIUS declina toda responsabilidad por el uso que pueda hacerse de esta informaci\u00f3n y de las consecuencias que puedan derivarse de ello.<br\/><br\/>Queda estrictamente prohibido publicar, redistribuir, retransmitir o reproducir la informaci\u00f3n y los datos contenidos en este sitio con el fin de transmitirlos a terceros. Cualquier reproducci\u00f3n o, en general, cualquier uso no autorizado de la informaci\u00f3n y los datos generar\u00e1 responsabilidades para el usuario y podr\u00e1 dar lugar a procedimientos legales, incluyendo demandas por infracci\u00f3n de derechos de autor. <br\/><br\/>Est\u00e1 estrictamente prohibido utilizar cualquier m\u00e9todo automatizado de recuperaci\u00f3n de datos (programa inform\u00e1tico) para recopilar datos de www.damius.com. Cualquier intento de recuperaci\u00f3n automatizada de datos conllevar\u00e1 acciones legales inmediatas. <br\/><br\/><br\/><strong>2. RESPETO A LOS DERECHOS DE PROPIEDAD INTELECTUAL<\/strong><br\/>La informaci\u00f3n de www.damius.com<strong><\/strong> y de cualquier proveedor de feeds externo mencionado espec\u00edficamente en el sitio es propiedad de SARL DAMIUS y de dichos proveedores, y est\u00e1 protegida por las leyes de derechos de autor y propiedad intelectual.<br\/><br\/>El permiso para descargar, copiar, guardar y editar p\u00e1ginas web, su contenido o los resultados generados o mostrados por las herramientas de visualizaci\u00f3n, total o parcialmente, se concede exclusivamente para uso personal y no comercial. Los avisos de derechos de autor y las marcas registradas no deben omitirse ni alterarse. <br\/><br\/>Todos los textos e im\u00e1genes de este sitio son propiedad exclusiva de DAMIUS SARL. Queda estrictamente prohibida la copia y el uso de cualquier contenido del sitio web www.damius.com<strong><\/strong>. <br\/><br\/><br\/><strong>3. USO DE COOKIES<\/strong><br\/>DAMIUS SARL podr\u00e1 instalar cookies en su ordenador.<br\/><br\/>Una cookie no nos permite almacenar ni analizar sus datos personales. Sin embargo, s\u00ed registra informaci\u00f3n sobre la actividad de navegaci\u00f3n de su ordenador en nuestro sitio. <br\/><br\/>Esta informaci\u00f3n se almacenar\u00e1 en su computadora durante su visita a nuestro sitio o durante 30 d\u00edas si inicia sesi\u00f3n en su cuenta de suscriptor. <br\/><br\/>Adem\u00e1s, para una mayor seguridad y protecci\u00f3n de sus datos, las cookies colocadas en su ordenador est\u00e1n encriptadas.<br\/><br\/>SARL DAMIUS le informa que puede oponerse al registro de cookies configurando su navegador.<br\/><br\/><br\/><strong>4. ENLACES<\/strong><br\/>Los hiperv\u00ednculos de este sitio a otros sitios web no implican ninguna responsabilidad por parte de SARL DAMIUS, en particular respecto al contenido de dichos sitios.<br\/><br\/>&#8211; SARL DAMIUS no es responsable de los hiperv\u00ednculos que apuntan a este sitio y proh\u00edbe a cualquier persona establecer dicho enlace sin su autorizaci\u00f3n previa y expresa.<br\/><br\/><br\/><strong>5. DERECHOS DE AUTOR DE SARL DAMIUS<\/strong><br\/>SARL DAMIUS es propietaria y\/o tiene derecho a utilizar todos los derechos relacionados con los logotipos, marcas, signos distintivos, as\u00ed como las bases de datos y el software utilizados en el funcionamiento del sitio web www.damius.com. Cualquier representaci\u00f3n o reproducci\u00f3n total o parcial de los logotipos, marcas, signos distintivos y bases de datos utilizados en el sitio web www.damius.com, por cualquier medio, sin la autorizaci\u00f3n expresa de SARL DAMIUS, est\u00e1 prohibida y constituye una infracci\u00f3n sancionada por los art\u00edculos L. 335-2 y siguientes del C\u00f3digo de la Propiedad Intelectual franc\u00e9s. <br\/><br\/><br\/><strong>6. LEY APLICABLE Y JURISDICCI\u00d3N<\/strong><br\/>El uso del sitio web www.damius.com se rige por la legislaci\u00f3n francesa.<\/p>\n\n<p><strong><em>Benef\u00edciese de 3 o 4 pagos a plazos con o sin comisiones<\/em><\/strong>, <em>una oferta de FRANFINANCE, el prestamista (719 807 406 R.C.S Nanterre \u2013 Orias n.\u00b0 07 008 346). Consulte los t\u00e9rminos y condiciones de la oferta:<\/em> <a href=\"http:\/\/e-solutions.franfinance.com\/nxweb-avec-frais\" target=\"_blank\" rel=\"noreferrer noopener\">http:\/\/e-solutions.franfinance.com\/nxweb-avec-frais<\/a><br\/><a href=\"http:\/\/e-solutions.franfinance.com\/nxweb-sans-frais\" target=\"_blank\" rel=\"noreferrer noopener\">http:\/\/e-solutions.franfinance.com\/nxweb-sans-frais<\/a><\/p>\n","protected":false},"excerpt":{"rendered":"<p>www.damius.com es publicado por:DAMIUS SARL: Sociedad de Responsabilidad Limitada con un capital de 120.000 \u20ac &#8211; RCS: Salon 788 684 694 00045 Direcci\u00f3n: DAMIUS &#8211; Triciclo EVASION \/ 199 Avenue des Oulivarello \/ Parc d&#8217;Activit\u00e9s de la Gandonne \/ 13300 SALON DE PROVENCE &#8211; Francia Correo electr\u00f3nico: info@damius.comTel.: 04 90 59 49 10 o desde [&hellip;]<\/p>\n","protected":false},"author":1,"featured_media":0,"parent":0,"menu_order":0,"comment_status":"closed","ping_status":"closed","template":"","meta":{"_acf_changed":false,"_eb_attr":"","footnotes":""},"class_list":["post-2370","page","type-page","status-publish","hentry"],"acf":[],"yoast_head":"<!-- This site is optimized with the Yoast SEO plugin v27.3 - https:\/\/yoast.com\/product\/yoast-seo-wordpress\/ -->\n<title>Aviso legal - Damius<\/title>\n<meta name=\"robots\" content=\"noindex, follow, max-snippet:-1, max-image-preview:large, max-video-preview:-1\" \/>\n<meta property=\"og:locale\" content=\"es_ES\" \/>\n<meta property=\"og:type\" content=\"article\" \/>\n<meta property=\"og:title\" content=\"Aviso legal - Damius\" \/>\n<meta property=\"og:description\" content=\"www.damius.com es publicado por:DAMIUS SARL: Sociedad de Responsabilidad Limitada con un capital de 120.000 \u20ac &#8211; RCS: Salon 788 684 694 00045 Direcci\u00f3n: DAMIUS &#8211; Triciclo EVASION \/ 199 Avenue des Oulivarello \/ Parc d&#8217;Activit\u00e9s de la Gandonne \/ 13300 SALON DE PROVENCE &#8211; Francia Correo electr\u00f3nico: info@damius.comTel.: 04 90 59 49 10 o desde [&hellip;]\" \/>\n<meta property=\"og:url\" content=\"https:\/\/2025.damius.com\/es\/aviso-legal\/\" \/>\n<meta property=\"og:site_name\" content=\"Damius\" \/>\n<meta name=\"twitter:card\" content=\"summary_large_image\" \/>\n<meta name=\"twitter:label1\" content=\"Tiempo de lectura\" \/>\n\t<meta name=\"twitter:data1\" content=\"4 minutos\" \/>\n<script type=\"application\/ld+json\" class=\"yoast-schema-graph\">{\"@context\":\"https:\\\/\\\/schema.org\",\"@graph\":[{\"@type\":\"WebPage\",\"@id\":\"https:\\\/\\\/2025.damius.com\\\/es\\\/aviso-legal\\\/\",\"url\":\"https:\\\/\\\/2025.damius.com\\\/es\\\/aviso-legal\\\/\",\"name\":\"Aviso legal - Damius\",\"isPartOf\":{\"@id\":\"https:\\\/\\\/2025.damius.com\\\/#website\"},\"datePublished\":\"2026-02-09T13:40:43+00:00\",\"breadcrumb\":{\"@id\":\"https:\\\/\\\/2025.damius.com\\\/es\\\/aviso-legal\\\/#breadcrumb\"},\"inLanguage\":\"es\",\"potentialAction\":[{\"@type\":\"ReadAction\",\"target\":[\"https:\\\/\\\/2025.damius.com\\\/es\\\/aviso-legal\\\/\"]}]},{\"@type\":\"BreadcrumbList\",\"@id\":\"https:\\\/\\\/2025.damius.com\\\/es\\\/aviso-legal\\\/#breadcrumb\",\"itemListElement\":[{\"@type\":\"ListItem\",\"position\":1,\"name\":\"Accueil\",\"item\":\"https:\\\/\\\/2025.damius.com\\\/es\\\/hogar\\\/\"},{\"@type\":\"ListItem\",\"position\":2,\"name\":\"Aviso legal\"}]},{\"@type\":\"WebSite\",\"@id\":\"https:\\\/\\\/2025.damius.com\\\/#website\",\"url\":\"https:\\\/\\\/2025.damius.com\\\/\",\"name\":\"Damius\",\"description\":\"\",\"publisher\":{\"@id\":\"https:\\\/\\\/2025.damius.com\\\/#organization\"},\"potentialAction\":[{\"@type\":\"SearchAction\",\"target\":{\"@type\":\"EntryPoint\",\"urlTemplate\":\"https:\\\/\\\/2025.damius.com\\\/?s={search_term_string}\"},\"query-input\":{\"@type\":\"PropertyValueSpecification\",\"valueRequired\":true,\"valueName\":\"search_term_string\"}}],\"inLanguage\":\"es\"},{\"@type\":\"Organization\",\"@id\":\"https:\\\/\\\/2025.damius.com\\\/#organization\",\"name\":\"Damius\",\"url\":\"https:\\\/\\\/2025.damius.com\\\/\",\"logo\":{\"@type\":\"ImageObject\",\"inLanguage\":\"es\",\"@id\":\"https:\\\/\\\/2025.damius.com\\\/#\\\/schema\\\/logo\\\/image\\\/\",\"url\":\"https:\\\/\\\/2025.damius.com\\\/wp-content\\\/uploads\\\/2022\\\/01\\\/Logo_Damius-1.jpg\",\"contentUrl\":\"https:\\\/\\\/2025.damius.com\\\/wp-content\\\/uploads\\\/2022\\\/01\\\/Logo_Damius-1.jpg\",\"width\":616,\"height\":143,\"caption\":\"Damius\"},\"image\":{\"@id\":\"https:\\\/\\\/2025.damius.com\\\/#\\\/schema\\\/logo\\\/image\\\/\"}}]}<\/script>\n<!-- \/ Yoast SEO plugin. -->","yoast_head_json":{"title":"Aviso legal - Damius","robots":{"index":"noindex","follow":"follow","max-snippet":"max-snippet:-1","max-image-preview":"max-image-preview:large","max-video-preview":"max-video-preview:-1"},"og_locale":"es_ES","og_type":"article","og_title":"Aviso legal - Damius","og_description":"www.damius.com es publicado por:DAMIUS SARL: Sociedad de Responsabilidad Limitada con un capital de 120.000 \u20ac &#8211; RCS: Salon 788 684 694 00045 Direcci\u00f3n: DAMIUS &#8211; Triciclo EVASION \/ 199 Avenue des Oulivarello \/ Parc d&#8217;Activit\u00e9s de la Gandonne \/ 13300 SALON DE PROVENCE &#8211; Francia Correo electr\u00f3nico: info@damius.comTel.: 04 90 59 49 10 o desde [&hellip;]","og_url":"https:\/\/2025.damius.com\/es\/aviso-legal\/","og_site_name":"Damius","twitter_card":"summary_large_image","twitter_misc":{"Tiempo de lectura":"4 minutos"},"schema":{"@context":"https:\/\/schema.org","@graph":[{"@type":"WebPage","@id":"https:\/\/2025.damius.com\/es\/aviso-legal\/","url":"https:\/\/2025.damius.com\/es\/aviso-legal\/","name":"Aviso legal - Damius","isPartOf":{"@id":"https:\/\/2025.damius.com\/#website"},"datePublished":"2026-02-09T13:40:43+00:00","breadcrumb":{"@id":"https:\/\/2025.damius.com\/es\/aviso-legal\/#breadcrumb"},"inLanguage":"es","potentialAction":[{"@type":"ReadAction","target":["https:\/\/2025.damius.com\/es\/aviso-legal\/"]}]},{"@type":"BreadcrumbList","@id":"https:\/\/2025.damius.com\/es\/aviso-legal\/#breadcrumb","itemListElement":[{"@type":"ListItem","position":1,"name":"Accueil","item":"https:\/\/2025.damius.com\/es\/hogar\/"},{"@type":"ListItem","position":2,"name":"Aviso legal"}]},{"@type":"WebSite","@id":"https:\/\/2025.damius.com\/#website","url":"https:\/\/2025.damius.com\/","name":"Damius","description":"","publisher":{"@id":"https:\/\/2025.damius.com\/#organization"},"potentialAction":[{"@type":"SearchAction","target":{"@type":"EntryPoint","urlTemplate":"https:\/\/2025.damius.com\/?s={search_term_string}"},"query-input":{"@type":"PropertyValueSpecification","valueRequired":true,"valueName":"search_term_string"}}],"inLanguage":"es"},{"@type":"Organization","@id":"https:\/\/2025.damius.com\/#organization","name":"Damius","url":"https:\/\/2025.damius.com\/","logo":{"@type":"ImageObject","inLanguage":"es","@id":"https:\/\/2025.damius.com\/#\/schema\/logo\/image\/","url":"https:\/\/2025.damius.com\/wp-content\/uploads\/2022\/01\/Logo_Damius-1.jpg","contentUrl":"https:\/\/2025.damius.com\/wp-content\/uploads\/2022\/01\/Logo_Damius-1.jpg","width":616,"height":143,"caption":"Damius"},"image":{"@id":"https:\/\/2025.damius.com\/#\/schema\/logo\/image\/"}}]}},"featured_image_src":null,"featured_image_src_square":null,"_links":{"self":[{"href":"https:\/\/2025.damius.com\/es\/wp-json\/wp\/v2\/pages\/2370","targetHints":{"allow":["GET"]}}],"collection":[{"href":"https:\/\/2025.damius.com\/es\/wp-json\/wp\/v2\/pages"}],"about":[{"href":"https:\/\/2025.damius.com\/es\/wp-json\/wp\/v2\/types\/page"}],"author":[{"embeddable":true,"href":"https:\/\/2025.damius.com\/es\/wp-json\/wp\/v2\/users\/1"}],"replies":[{"embeddable":true,"href":"https:\/\/2025.damius.com\/es\/wp-json\/wp\/v2\/comments?post=2370"}],"version-history":[{"count":1,"href":"https:\/\/2025.damius.com\/es\/wp-json\/wp\/v2\/pages\/2370\/revisions"}],"predecessor-version":[{"id":2371,"href":"https:\/\/2025.damius.com\/es\/wp-json\/wp\/v2\/pages\/2370\/revisions\/2371"}],"wp:attachment":[{"href":"https:\/\/2025.damius.com\/es\/wp-json\/wp\/v2\/media?parent=2370"}],"curies":[{"name":"wp","href":"https:\/\/api.w.org\/{rel}","templated":true}]}}