{"id":1942,"date":"2026-02-04T15:51:59","date_gmt":"2026-02-04T14:51:59","guid":{"rendered":"https:\/\/2025.damius.com\/conoscersi-meglio\/"},"modified":"2026-02-06T10:43:33","modified_gmt":"2026-02-06T09:43:33","slug":"conoscersi-meglio","status":"publish","type":"page","link":"https:\/\/2025.damius.com\/it\/conoscersi-meglio\/","title":{"rendered":"Conoscersi meglio"},"content":{"rendered":"\n<div class=\"wp-block-media-text alignwide is-stacked-on-mobile is-image-fill-element\"><figure class=\"wp-block-media-text__media\"><img loading=\"lazy\" decoding=\"async\" width=\"600\" height=\"430\" src=\"https:\/\/2025.damius.com\/wp-content\/uploads\/2022\/01\/tricycle-evasion-notre-histoire.jpg\" alt=\"\" class=\"wp-image-627 size-full\" style=\"object-position:50% 50%\" srcset=\"https:\/\/2025.damius.com\/wp-content\/uploads\/2022\/01\/tricycle-evasion-notre-histoire.jpg 600w, https:\/\/2025.damius.com\/wp-content\/uploads\/2022\/01\/tricycle-evasion-notre-histoire-300x215.jpg 300w\" sizes=\"auto, (max-width: 600px) 100vw, 600px\" \/><\/figure><div class=\"wp-block-media-text__content\">\n<h2 class=\"wp-block-heading\">La nostra storia, il nostro DNA<\/h2>\n\n\n\n<p>La nostra storia con i tricicli \u00e8 iniziata alla fine del 2012! Inizialmente, la nostra azienda si \u00e8 posizionata come rivenditore di tricicli esistenti e tricicli elettrici. Abbiamo rapidamente raggiunto il successo e, <strong>grazie alle interazioni con i clienti e ai test di prodotto<\/strong>, siamo diventati sempre pi\u00f9 motivati \u200b\u200ba offrire prodotti in continuo miglioramento. Restituire alle persone la loro indipendenza e l&#8217;opportunit\u00e0 di evadere con i tricicli elettrici conferisce al nostro lavoro un significato molto speciale, e ne siamo molto orgogliosi.   <\/p>\n\n\n\n<p>Grazie alla nostra costante attenzione alle esigenze dei clienti e al nostro desiderio di fare le cose per bene, ci siamo resi conto che i tricicli disponibili sul mercato n<span style=\"text-decoration: underline\">on erano perfettamente adatti agli utenti a cui erano destinati<\/span>. Instabilit\u00e0, difficolt\u00e0 di manovrabilit\u00e0, assistenza elettrica eccessivamente brusca&#8230; Ovviamente, non tutti presentavano tutti questi difetti di progettazione, ma nessuno era perfetto. Dopo aver riscontrato difficolt\u00e0 con il servizio post-vendita di alcuni fornitori che non erano in grado di fornirci i pezzi di ricambio per i loro tricicli, abbiamo capito che si trattava di tricicli importati, il che spiegava la difficolt\u00e0 che questi fornitori avevano nell&#8217;aiutarci a diagnosticare i problemi e a fornire i pezzi difettosi.  <\/p>\n<\/div><\/div>\n\n<p><br \/><br \/>Ecco perch\u00e9 ora <strong>sviluppiamo i nostri tricicli elettrici<\/strong>, basati su specifiche rigorose che definiscono, ai nostri occhi e agli occhi dei nostri clienti, il triciclo elettrico perfetto! Nel 2016 abbiamo creato il triciclo Evasion, che oggi \u00e8 IL punto di riferimento nel campo dei tricicli a pedalata assistita; i nostri clienti possono confermarlo e ne siamo molto orgogliosi. <br \/><br \/>Il 2019 ha segnato il lancio del marchio <strong>DAMIUS<\/strong>, con l&#8217;ambizione di sviluppare altri prodotti legati alla mobilit\u00e0. Ben presto sono nati altri tricicli per adulti ed elettrici: Evasion, Evasion Evo, Essentiel, Essentiel Fatbike! <\/p>\n\n<hr class=\"wp-block-separator has-css-opacity\" \/>\n\n<div class=\"wp-block-media-text alignwide has-media-on-the-right is-stacked-on-mobile is-image-fill-element\"><div class=\"wp-block-media-text__content\">\n<h2 class=\"wp-block-heading\">Il nostro team = La nostra competenza!<\/h2>\n\n\n\n<p>Grazie all&#8217;esperienza maturata nel settore ciclistico, la nostra azienda si distingue per la conoscenza delle tecniche di produzione, dei materiali e dei componenti da utilizzare per progettare i migliori tricicli elettrici.<br \/><span style=\"text-decoration: underline\">Anche la sua professionalit\u00e0 e il suo senso del servizio fanno parte del suo DNA.<\/span><br \/><br \/>In passato, il suo direttore, Damien Gran, si occupava di motorsport, dove costruiva e sviluppava auto da rally. La sua esperienza gli permette ora <strong><a href=\"https:\/\/2025.damius.com\/it\/garanzia-e-servizio-post-vendita\/\" id=\"584\">di creare tricicli elettrici di alta qualit\u00e0 e<\/a><\/strong>, soprattutto, di saperli progettare in base alle esigenze degli utenti a cui sono destinati. Per lui, il design deve essere direttamente ispirato alla funzionalit\u00e0; questa \u00e8 anche una delle caratteristiche distintive dei nostri tricicli. Pertanto, il design del telaio \u00e8 stato studiato per essere principalmente pratico da usare, ma anche moderno e aerodinamico.   <\/p>\n<\/div><figure class=\"wp-block-media-text__media\"><img loading=\"lazy\" decoding=\"async\" width=\"600\" height=\"370\" src=\"https:\/\/2025.damius.com\/wp-content\/uploads\/2022\/01\/equipe-tricycle-evasion.jpg\" alt=\"\" class=\"wp-image-623 size-full\" style=\"object-position:50% 50%\" srcset=\"https:\/\/2025.damius.com\/wp-content\/uploads\/2022\/01\/equipe-tricycle-evasion.jpg 600w, https:\/\/2025.damius.com\/wp-content\/uploads\/2022\/01\/equipe-tricycle-evasion-300x185.jpg 300w\" sizes=\"auto, (max-width: 600px) 100vw, 600px\" \/><\/figure><\/div>\n\n<p> <br \/><strong>L&#8217;intera fase di progettazione<\/strong> \u00e8 gestita internamente dall&#8217;azienda dal 2016. Il team di Ricerca e Sviluppo \u00e8 composto da Damien e Cl\u00e9ment. Disponiamo di strumenti di progettazione avanzati (Solidworks, stampante 3D, attrezzature di lavorazione e saldatura) che ci consentono di modellare le nostre idee e di prototiparle prima di integrarle nella gamma prodotti (miglioramento continuo dei tricicli esistenti, nuovi modelli). Questa fase ci consente di studiare e sviluppare progetti 3D prima di passare alla produzione di un primo prototipo e poi alla produzione in serie. Questo processo <span style=\"text-decoration: underline\">consente correzioni immediate e un rapido lancio in produzione, se necessario<\/span>.    <br \/><br \/>S\u00e9bastien \u00e8 responsabile della gestione del laboratorio. L&#8217;intera gamma di prodotti \u00e8 stoccata nei nostri locali per garantire una tracciabilit\u00e0 impeccabile e la migliore disponibilit\u00e0 possibile. <br \/>C\u00e9dric termina il montaggio dei tricicli e procede al montaggio degli accessori in base alle richieste dei nostri clienti.<br \/>S\u00e9bastien e C\u00e9dric si occupano poi delle regolazioni e della prova su strada per garantire il corretto funzionamento del triciclo elettrico.<br \/>Infine, procedono ad imballare il triciclo per adulti su un apposito pallet di legno protetto da una grande scatola di cartone.<br \/>J\u00e9r\u00e9my si occupa del servizio post-vendita; risponde alle richieste dei clienti via e-mail o telefono e si occupa anche della spedizione dei pezzi di ricambio!<br \/>Mathis e Charly compongono il nostro team di vendita. Sono loro a fornirvi informazioni e ad aiutarvi a scegliere il triciclo elettrico pi\u00f9 adatto alle vostre esigenze.<strong> Supervisionano anche i test drive dei nostri clienti<\/strong>.  <br \/><br \/>Il team che abbiamo formato riunisce competenze diverse e variegate, essenziali per soddisfare appieno i clienti che ripongono in noi la loro fiducia!<br \/><br \/>Hai domande? <a href=\"https:\/\/2025.damius.com\/contact\/\">Contattaci!<\/a><\/p>\n\n<p>Dalla fine del 2025 abbiamo esternalizzato la produzione dei nostri tricicli, ma tra il 2016 e il 2025 li abbiamo prodotti noi stessi! Guardate voi stessi nei video qui sotto \ud83d\ude42 Grazie alla nostra vasta esperienza come produttori (realizzazione di telai e ruote, lavorazione meccanica dei componenti e assemblaggio al 100%) e mantenendo la progettazione e il controllo qualit\u00e0 interni, siamo in grado di offrire tricicli per adulti di alta qualit\u00e0 e ben equipaggiati a prezzi pi\u00f9 accessibili di prima! <\/p>\n\n<p class=\"has-text-align-center\"><strong>Stabilimento di produzione di tricicli elettrici per adulti del marchio DAMIUS a Miramas dal 2023 al 2025<\/strong><\/p>\n\n<figure class=\"wp-block-embed is-type-video is-provider-youtube wp-block-embed-youtube wp-embed-aspect-16-9 wp-has-aspect-ratio\"><div class=\"wp-block-embed__wrapper\">\n<iframe loading=\"lazy\" title=\"DAMIUS - Concepteur Fran\u00e7ais de tricycles \u00e9lectriques pour adulte\" width=\"580\" height=\"326\" src=\"https:\/\/www.youtube.com\/embed\/k-9JC2LkkJc?feature=oembed\" frameborder=\"0\" allow=\"accelerometer; autoplay; clipboard-write; encrypted-media; gyroscope; picture-in-picture; web-share\" referrerpolicy=\"strict-origin-when-cross-origin\" allowfullscreen><\/iframe>\n<\/div><\/figure>\n\n<p class=\"has-text-align-center\"><br \/><strong>Stabilimento di produzione di tricicli Damius dal 2016 al 2023<\/strong><\/p>\n\n<figure class=\"wp-block-embed is-type-video is-provider-youtube wp-block-embed-youtube wp-embed-aspect-16-9 wp-has-aspect-ratio\"><div class=\"wp-block-embed__wrapper\">\n<iframe loading=\"lazy\" title=\"Produits mobilit\u00e9s Damius : Conception de tricycle \u00e9lectrique adulte.\" width=\"580\" height=\"326\" src=\"https:\/\/www.youtube.com\/embed\/XB6xgN5eUzk?feature=oembed\" frameborder=\"0\" allow=\"accelerometer; autoplay; clipboard-write; encrypted-media; gyroscope; picture-in-picture; web-share\" referrerpolicy=\"strict-origin-when-cross-origin\" allowfullscreen><\/iframe>\n<\/div><\/figure>\n","protected":false},"excerpt":{"rendered":"<p>La nostra storia, il nostro DNA La nostra storia con i tricicli \u00e8 iniziata alla fine del 2012! Inizialmente, la nostra azienda si \u00e8 posizionata come rivenditore di tricicli esistenti e tricicli elettrici. Abbiamo rapidamente raggiunto il successo e, grazie alle interazioni con i clienti e ai test di prodotto, siamo diventati sempre pi\u00f9 motivati [&hellip;]<\/p>\n","protected":false},"author":1,"featured_media":0,"parent":0,"menu_order":0,"comment_status":"closed","ping_status":"closed","template":"","meta":{"_acf_changed":false,"_eb_attr":"","footnotes":""},"class_list":["post-1942","page","type-page","status-publish","hentry"],"acf":[],"yoast_head":"<!-- This site is optimized with the Yoast SEO plugin v27.3 - https:\/\/yoast.com\/product\/yoast-seo-wordpress\/ -->\n<title>Conoscersi meglio - Damius<\/title>\n<meta name=\"robots\" content=\"noindex, follow, max-snippet:-1, max-image-preview:large, max-video-preview:-1\" \/>\n<meta property=\"og:locale\" content=\"it_IT\" \/>\n<meta property=\"og:type\" content=\"article\" \/>\n<meta property=\"og:title\" content=\"Conoscersi meglio - Damius\" \/>\n<meta property=\"og:description\" content=\"La nostra storia, il nostro DNA La nostra storia con i tricicli \u00e8 iniziata alla fine del 2012! Inizialmente, la nostra azienda si \u00e8 posizionata come rivenditore di tricicli esistenti e tricicli elettrici. Abbiamo rapidamente raggiunto il successo e, grazie alle interazioni con i clienti e ai test di prodotto, siamo diventati sempre pi\u00f9 motivati [&hellip;]\" \/>\n<meta property=\"og:url\" content=\"https:\/\/2025.damius.com\/it\/conoscersi-meglio\/\" \/>\n<meta property=\"og:site_name\" content=\"Damius\" \/>\n<meta property=\"article:modified_time\" content=\"2026-02-06T09:43:33+00:00\" \/>\n<meta property=\"og:image\" content=\"https:\/\/2025.damius.com\/wp-content\/uploads\/2022\/01\/tricycle-evasion-notre-histoire.jpg\" \/>\n\t<meta property=\"og:image:width\" content=\"600\" \/>\n\t<meta property=\"og:image:height\" content=\"430\" \/>\n\t<meta property=\"og:image:type\" content=\"image\/jpeg\" \/>\n<meta name=\"twitter:card\" content=\"summary_large_image\" \/>\n<meta name=\"twitter:label1\" content=\"Tempo di lettura stimato\" \/>\n\t<meta name=\"twitter:data1\" content=\"4 minuti\" \/>\n<script type=\"application\/ld+json\" class=\"yoast-schema-graph\">{\"@context\":\"https:\\\/\\\/schema.org\",\"@graph\":[{\"@type\":\"WebPage\",\"@id\":\"https:\\\/\\\/2025.damius.com\\\/it\\\/conoscersi-meglio\\\/\",\"url\":\"https:\\\/\\\/2025.damius.com\\\/it\\\/conoscersi-meglio\\\/\",\"name\":\"Conoscersi meglio - Damius\",\"isPartOf\":{\"@id\":\"https:\\\/\\\/2025.damius.com\\\/#website\"},\"primaryImageOfPage\":{\"@id\":\"https:\\\/\\\/2025.damius.com\\\/it\\\/conoscersi-meglio\\\/#primaryimage\"},\"image\":{\"@id\":\"https:\\\/\\\/2025.damius.com\\\/it\\\/conoscersi-meglio\\\/#primaryimage\"},\"thumbnailUrl\":\"https:\\\/\\\/2025.damius.com\\\/wp-content\\\/uploads\\\/2022\\\/01\\\/tricycle-evasion-notre-histoire.jpg\",\"datePublished\":\"2026-02-04T14:51:59+00:00\",\"dateModified\":\"2026-02-06T09:43:33+00:00\",\"breadcrumb\":{\"@id\":\"https:\\\/\\\/2025.damius.com\\\/it\\\/conoscersi-meglio\\\/#breadcrumb\"},\"inLanguage\":\"it-IT\",\"potentialAction\":[{\"@type\":\"ReadAction\",\"target\":[\"https:\\\/\\\/2025.damius.com\\\/it\\\/conoscersi-meglio\\\/\"]}]},{\"@type\":\"ImageObject\",\"inLanguage\":\"it-IT\",\"@id\":\"https:\\\/\\\/2025.damius.com\\\/it\\\/conoscersi-meglio\\\/#primaryimage\",\"url\":\"https:\\\/\\\/2025.damius.com\\\/wp-content\\\/uploads\\\/2022\\\/01\\\/tricycle-evasion-notre-histoire.jpg\",\"contentUrl\":\"https:\\\/\\\/2025.damius.com\\\/wp-content\\\/uploads\\\/2022\\\/01\\\/tricycle-evasion-notre-histoire.jpg\"},{\"@type\":\"BreadcrumbList\",\"@id\":\"https:\\\/\\\/2025.damius.com\\\/it\\\/conoscersi-meglio\\\/#breadcrumb\",\"itemListElement\":[{\"@type\":\"ListItem\",\"position\":1,\"name\":\"Accueil\",\"item\":\"https:\\\/\\\/2025.damius.com\\\/it\\\/casa\\\/\"},{\"@type\":\"ListItem\",\"position\":2,\"name\":\"Conoscersi meglio\"}]},{\"@type\":\"WebSite\",\"@id\":\"https:\\\/\\\/2025.damius.com\\\/#website\",\"url\":\"https:\\\/\\\/2025.damius.com\\\/\",\"name\":\"Damius\",\"description\":\"\",\"publisher\":{\"@id\":\"https:\\\/\\\/2025.damius.com\\\/#organization\"},\"potentialAction\":[{\"@type\":\"SearchAction\",\"target\":{\"@type\":\"EntryPoint\",\"urlTemplate\":\"https:\\\/\\\/2025.damius.com\\\/?s={search_term_string}\"},\"query-input\":{\"@type\":\"PropertyValueSpecification\",\"valueRequired\":true,\"valueName\":\"search_term_string\"}}],\"inLanguage\":\"it-IT\"},{\"@type\":\"Organization\",\"@id\":\"https:\\\/\\\/2025.damius.com\\\/#organization\",\"name\":\"Damius\",\"url\":\"https:\\\/\\\/2025.damius.com\\\/\",\"logo\":{\"@type\":\"ImageObject\",\"inLanguage\":\"it-IT\",\"@id\":\"https:\\\/\\\/2025.damius.com\\\/#\\\/schema\\\/logo\\\/image\\\/\",\"url\":\"https:\\\/\\\/2025.damius.com\\\/wp-content\\\/uploads\\\/2022\\\/01\\\/Logo_Damius-1.jpg\",\"contentUrl\":\"https:\\\/\\\/2025.damius.com\\\/wp-content\\\/uploads\\\/2022\\\/01\\\/Logo_Damius-1.jpg\",\"width\":616,\"height\":143,\"caption\":\"Damius\"},\"image\":{\"@id\":\"https:\\\/\\\/2025.damius.com\\\/#\\\/schema\\\/logo\\\/image\\\/\"}}]}<\/script>\n<!-- \/ Yoast SEO plugin. -->","yoast_head_json":{"title":"Conoscersi meglio - Damius","robots":{"index":"noindex","follow":"follow","max-snippet":"max-snippet:-1","max-image-preview":"max-image-preview:large","max-video-preview":"max-video-preview:-1"},"og_locale":"it_IT","og_type":"article","og_title":"Conoscersi meglio - Damius","og_description":"La nostra storia, il nostro DNA La nostra storia con i tricicli \u00e8 iniziata alla fine del 2012! Inizialmente, la nostra azienda si \u00e8 posizionata come rivenditore di tricicli esistenti e tricicli elettrici. Abbiamo rapidamente raggiunto il successo e, grazie alle interazioni con i clienti e ai test di prodotto, siamo diventati sempre pi\u00f9 motivati [&hellip;]","og_url":"https:\/\/2025.damius.com\/it\/conoscersi-meglio\/","og_site_name":"Damius","article_modified_time":"2026-02-06T09:43:33+00:00","og_image":[{"width":600,"height":430,"url":"https:\/\/2025.damius.com\/wp-content\/uploads\/2022\/01\/tricycle-evasion-notre-histoire.jpg","type":"image\/jpeg"}],"twitter_card":"summary_large_image","twitter_misc":{"Tempo di lettura stimato":"4 minuti"},"schema":{"@context":"https:\/\/schema.org","@graph":[{"@type":"WebPage","@id":"https:\/\/2025.damius.com\/it\/conoscersi-meglio\/","url":"https:\/\/2025.damius.com\/it\/conoscersi-meglio\/","name":"Conoscersi meglio - Damius","isPartOf":{"@id":"https:\/\/2025.damius.com\/#website"},"primaryImageOfPage":{"@id":"https:\/\/2025.damius.com\/it\/conoscersi-meglio\/#primaryimage"},"image":{"@id":"https:\/\/2025.damius.com\/it\/conoscersi-meglio\/#primaryimage"},"thumbnailUrl":"https:\/\/2025.damius.com\/wp-content\/uploads\/2022\/01\/tricycle-evasion-notre-histoire.jpg","datePublished":"2026-02-04T14:51:59+00:00","dateModified":"2026-02-06T09:43:33+00:00","breadcrumb":{"@id":"https:\/\/2025.damius.com\/it\/conoscersi-meglio\/#breadcrumb"},"inLanguage":"it-IT","potentialAction":[{"@type":"ReadAction","target":["https:\/\/2025.damius.com\/it\/conoscersi-meglio\/"]}]},{"@type":"ImageObject","inLanguage":"it-IT","@id":"https:\/\/2025.damius.com\/it\/conoscersi-meglio\/#primaryimage","url":"https:\/\/2025.damius.com\/wp-content\/uploads\/2022\/01\/tricycle-evasion-notre-histoire.jpg","contentUrl":"https:\/\/2025.damius.com\/wp-content\/uploads\/2022\/01\/tricycle-evasion-notre-histoire.jpg"},{"@type":"BreadcrumbList","@id":"https:\/\/2025.damius.com\/it\/conoscersi-meglio\/#breadcrumb","itemListElement":[{"@type":"ListItem","position":1,"name":"Accueil","item":"https:\/\/2025.damius.com\/it\/casa\/"},{"@type":"ListItem","position":2,"name":"Conoscersi meglio"}]},{"@type":"WebSite","@id":"https:\/\/2025.damius.com\/#website","url":"https:\/\/2025.damius.com\/","name":"Damius","description":"","publisher":{"@id":"https:\/\/2025.damius.com\/#organization"},"potentialAction":[{"@type":"SearchAction","target":{"@type":"EntryPoint","urlTemplate":"https:\/\/2025.damius.com\/?s={search_term_string}"},"query-input":{"@type":"PropertyValueSpecification","valueRequired":true,"valueName":"search_term_string"}}],"inLanguage":"it-IT"},{"@type":"Organization","@id":"https:\/\/2025.damius.com\/#organization","name":"Damius","url":"https:\/\/2025.damius.com\/","logo":{"@type":"ImageObject","inLanguage":"it-IT","@id":"https:\/\/2025.damius.com\/#\/schema\/logo\/image\/","url":"https:\/\/2025.damius.com\/wp-content\/uploads\/2022\/01\/Logo_Damius-1.jpg","contentUrl":"https:\/\/2025.damius.com\/wp-content\/uploads\/2022\/01\/Logo_Damius-1.jpg","width":616,"height":143,"caption":"Damius"},"image":{"@id":"https:\/\/2025.damius.com\/#\/schema\/logo\/image\/"}}]}},"featured_image_src":null,"featured_image_src_square":null,"_links":{"self":[{"href":"https:\/\/2025.damius.com\/it\/wp-json\/wp\/v2\/pages\/1942","targetHints":{"allow":["GET"]}}],"collection":[{"href":"https:\/\/2025.damius.com\/it\/wp-json\/wp\/v2\/pages"}],"about":[{"href":"https:\/\/2025.damius.com\/it\/wp-json\/wp\/v2\/types\/page"}],"author":[{"embeddable":true,"href":"https:\/\/2025.damius.com\/it\/wp-json\/wp\/v2\/users\/1"}],"replies":[{"embeddable":true,"href":"https:\/\/2025.damius.com\/it\/wp-json\/wp\/v2\/comments?post=1942"}],"version-history":[{"count":4,"href":"https:\/\/2025.damius.com\/it\/wp-json\/wp\/v2\/pages\/1942\/revisions"}],"predecessor-version":[{"id":2289,"href":"https:\/\/2025.damius.com\/it\/wp-json\/wp\/v2\/pages\/1942\/revisions\/2289"}],"wp:attachment":[{"href":"https:\/\/2025.damius.com\/it\/wp-json\/wp\/v2\/media?parent=1942"}],"curies":[{"name":"wp","href":"https:\/\/api.w.org\/{rel}","templated":true}]}}