{"id":2036,"date":"2026-02-04T18:04:01","date_gmt":"2026-02-04T17:04:01","guid":{"rendered":"https:\/\/2025.damius.com\/il-nostro-team\/"},"modified":"2026-02-04T18:04:01","modified_gmt":"2026-02-04T17:04:01","slug":"il-nostro-team","status":"publish","type":"page","link":"https:\/\/2025.damius.com\/it\/il-nostro-team\/","title":{"rendered":"Il nostro team"},"content":{"rendered":"\n<p>Damien Gran &#8211; Progettista dei tricicli, quadricicli e biciclette elettriche del marchio Damius, \u00e8 anche il responsabile dell&#8217;azienda<\/p>\n\n<p>S\u00e9bastien Lavialle &#8211; Responsabile della produzione, gestisce anche le spedizioni<\/p>\n\n<p>J\u00e9r\u00e9my Bizot &#8211; Responsable du service apr\u00e8s-vente<\/p>\n\n<p>Martine Gran &#8211; Gestisce gli aspetti contabili e amministrativi<\/p>\n\n<p>Mathis &#8211; Responsabile delle vendite e delle prove con i clienti<\/p>\n\n<p>Charly &#8211; Responsabile delle vendite e delle prove con i clienti<\/p>\n\n<p>Cl\u00e9ment Osyda &#8211; Responsabile della Ricerca e Sviluppo e della progettazione 3D dei nostri prodotti<\/p>\n\n<p>C\u00e9dric Fornieles &#8211; Montaggio e collaudo del triciclo<\/p>\n","protected":false},"excerpt":{"rendered":"<p>Damien Gran &#8211; Progettista dei tricicli, quadricicli e biciclette elettriche del marchio Damius, \u00e8 anche il responsabile dell&#8217;azienda S\u00e9bastien Lavialle &#8211; Responsabile della produzione, gestisce anche le spedizioni J\u00e9r\u00e9my Bizot &#8211; Responsable du service apr\u00e8s-vente Martine Gran &#8211; Gestisce gli aspetti contabili e amministrativi Mathis &#8211; Responsabile delle vendite e delle prove con i clienti [&hellip;]<\/p>\n","protected":false},"author":1,"featured_media":0,"parent":0,"menu_order":0,"comment_status":"closed","ping_status":"closed","template":"","meta":{"_acf_changed":false,"_eb_attr":"","footnotes":""},"class_list":["post-2036","page","type-page","status-publish","hentry"],"acf":[],"yoast_head":"<!-- This site is optimized with the Yoast SEO plugin v27.3 - https:\/\/yoast.com\/product\/yoast-seo-wordpress\/ -->\n<title>Il nostro team - Damius<\/title>\n<meta name=\"robots\" content=\"noindex, follow, max-snippet:-1, max-image-preview:large, max-video-preview:-1\" \/>\n<meta property=\"og:locale\" content=\"it_IT\" \/>\n<meta property=\"og:type\" content=\"article\" \/>\n<meta property=\"og:title\" content=\"Il nostro team - Damius\" \/>\n<meta property=\"og:description\" content=\"Damien Gran &#8211; Progettista dei tricicli, quadricicli e biciclette elettriche del marchio Damius, \u00e8 anche il responsabile dell&#8217;azienda S\u00e9bastien Lavialle &#8211; Responsabile della produzione, gestisce anche le spedizioni J\u00e9r\u00e9my Bizot &#8211; Responsable du service apr\u00e8s-vente Martine Gran &#8211; Gestisce gli aspetti contabili e amministrativi Mathis &#8211; Responsabile delle vendite e delle prove con i clienti [&hellip;]\" \/>\n<meta property=\"og:url\" content=\"https:\/\/2025.damius.com\/it\/il-nostro-team\/\" \/>\n<meta property=\"og:site_name\" content=\"Damius\" \/>\n<meta name=\"twitter:card\" content=\"summary_large_image\" \/>\n<script type=\"application\/ld+json\" class=\"yoast-schema-graph\">{\"@context\":\"https:\\\/\\\/schema.org\",\"@graph\":[{\"@type\":\"WebPage\",\"@id\":\"https:\\\/\\\/2025.damius.com\\\/it\\\/il-nostro-team\\\/\",\"url\":\"https:\\\/\\\/2025.damius.com\\\/it\\\/il-nostro-team\\\/\",\"name\":\"Il nostro team - Damius\",\"isPartOf\":{\"@id\":\"https:\\\/\\\/2025.damius.com\\\/#website\"},\"datePublished\":\"2026-02-04T17:04:01+00:00\",\"breadcrumb\":{\"@id\":\"https:\\\/\\\/2025.damius.com\\\/it\\\/il-nostro-team\\\/#breadcrumb\"},\"inLanguage\":\"it-IT\",\"potentialAction\":[{\"@type\":\"ReadAction\",\"target\":[\"https:\\\/\\\/2025.damius.com\\\/it\\\/il-nostro-team\\\/\"]}]},{\"@type\":\"BreadcrumbList\",\"@id\":\"https:\\\/\\\/2025.damius.com\\\/it\\\/il-nostro-team\\\/#breadcrumb\",\"itemListElement\":[{\"@type\":\"ListItem\",\"position\":1,\"name\":\"Accueil\",\"item\":\"https:\\\/\\\/2025.damius.com\\\/it\\\/casa\\\/\"},{\"@type\":\"ListItem\",\"position\":2,\"name\":\"Il nostro team\"}]},{\"@type\":\"WebSite\",\"@id\":\"https:\\\/\\\/2025.damius.com\\\/#website\",\"url\":\"https:\\\/\\\/2025.damius.com\\\/\",\"name\":\"Damius\",\"description\":\"\",\"publisher\":{\"@id\":\"https:\\\/\\\/2025.damius.com\\\/#organization\"},\"potentialAction\":[{\"@type\":\"SearchAction\",\"target\":{\"@type\":\"EntryPoint\",\"urlTemplate\":\"https:\\\/\\\/2025.damius.com\\\/?s={search_term_string}\"},\"query-input\":{\"@type\":\"PropertyValueSpecification\",\"valueRequired\":true,\"valueName\":\"search_term_string\"}}],\"inLanguage\":\"it-IT\"},{\"@type\":\"Organization\",\"@id\":\"https:\\\/\\\/2025.damius.com\\\/#organization\",\"name\":\"Damius\",\"url\":\"https:\\\/\\\/2025.damius.com\\\/\",\"logo\":{\"@type\":\"ImageObject\",\"inLanguage\":\"it-IT\",\"@id\":\"https:\\\/\\\/2025.damius.com\\\/#\\\/schema\\\/logo\\\/image\\\/\",\"url\":\"https:\\\/\\\/2025.damius.com\\\/wp-content\\\/uploads\\\/2022\\\/01\\\/Logo_Damius-1.jpg\",\"contentUrl\":\"https:\\\/\\\/2025.damius.com\\\/wp-content\\\/uploads\\\/2022\\\/01\\\/Logo_Damius-1.jpg\",\"width\":616,\"height\":143,\"caption\":\"Damius\"},\"image\":{\"@id\":\"https:\\\/\\\/2025.damius.com\\\/#\\\/schema\\\/logo\\\/image\\\/\"}}]}<\/script>\n<!-- \/ Yoast SEO plugin. -->","yoast_head_json":{"title":"Il nostro team - Damius","robots":{"index":"noindex","follow":"follow","max-snippet":"max-snippet:-1","max-image-preview":"max-image-preview:large","max-video-preview":"max-video-preview:-1"},"og_locale":"it_IT","og_type":"article","og_title":"Il nostro team - Damius","og_description":"Damien Gran &#8211; Progettista dei tricicli, quadricicli e biciclette elettriche del marchio Damius, \u00e8 anche il responsabile dell&#8217;azienda S\u00e9bastien Lavialle &#8211; Responsabile della produzione, gestisce anche le spedizioni J\u00e9r\u00e9my Bizot &#8211; Responsable du service apr\u00e8s-vente Martine Gran &#8211; Gestisce gli aspetti contabili e amministrativi Mathis &#8211; Responsabile delle vendite e delle prove con i clienti [&hellip;]","og_url":"https:\/\/2025.damius.com\/it\/il-nostro-team\/","og_site_name":"Damius","twitter_card":"summary_large_image","schema":{"@context":"https:\/\/schema.org","@graph":[{"@type":"WebPage","@id":"https:\/\/2025.damius.com\/it\/il-nostro-team\/","url":"https:\/\/2025.damius.com\/it\/il-nostro-team\/","name":"Il nostro team - Damius","isPartOf":{"@id":"https:\/\/2025.damius.com\/#website"},"datePublished":"2026-02-04T17:04:01+00:00","breadcrumb":{"@id":"https:\/\/2025.damius.com\/it\/il-nostro-team\/#breadcrumb"},"inLanguage":"it-IT","potentialAction":[{"@type":"ReadAction","target":["https:\/\/2025.damius.com\/it\/il-nostro-team\/"]}]},{"@type":"BreadcrumbList","@id":"https:\/\/2025.damius.com\/it\/il-nostro-team\/#breadcrumb","itemListElement":[{"@type":"ListItem","position":1,"name":"Accueil","item":"https:\/\/2025.damius.com\/it\/casa\/"},{"@type":"ListItem","position":2,"name":"Il nostro team"}]},{"@type":"WebSite","@id":"https:\/\/2025.damius.com\/#website","url":"https:\/\/2025.damius.com\/","name":"Damius","description":"","publisher":{"@id":"https:\/\/2025.damius.com\/#organization"},"potentialAction":[{"@type":"SearchAction","target":{"@type":"EntryPoint","urlTemplate":"https:\/\/2025.damius.com\/?s={search_term_string}"},"query-input":{"@type":"PropertyValueSpecification","valueRequired":true,"valueName":"search_term_string"}}],"inLanguage":"it-IT"},{"@type":"Organization","@id":"https:\/\/2025.damius.com\/#organization","name":"Damius","url":"https:\/\/2025.damius.com\/","logo":{"@type":"ImageObject","inLanguage":"it-IT","@id":"https:\/\/2025.damius.com\/#\/schema\/logo\/image\/","url":"https:\/\/2025.damius.com\/wp-content\/uploads\/2022\/01\/Logo_Damius-1.jpg","contentUrl":"https:\/\/2025.damius.com\/wp-content\/uploads\/2022\/01\/Logo_Damius-1.jpg","width":616,"height":143,"caption":"Damius"},"image":{"@id":"https:\/\/2025.damius.com\/#\/schema\/logo\/image\/"}}]}},"featured_image_src":null,"featured_image_src_square":null,"_links":{"self":[{"href":"https:\/\/2025.damius.com\/it\/wp-json\/wp\/v2\/pages\/2036","targetHints":{"allow":["GET"]}}],"collection":[{"href":"https:\/\/2025.damius.com\/it\/wp-json\/wp\/v2\/pages"}],"about":[{"href":"https:\/\/2025.damius.com\/it\/wp-json\/wp\/v2\/types\/page"}],"author":[{"embeddable":true,"href":"https:\/\/2025.damius.com\/it\/wp-json\/wp\/v2\/users\/1"}],"replies":[{"embeddable":true,"href":"https:\/\/2025.damius.com\/it\/wp-json\/wp\/v2\/comments?post=2036"}],"version-history":[{"count":1,"href":"https:\/\/2025.damius.com\/it\/wp-json\/wp\/v2\/pages\/2036\/revisions"}],"predecessor-version":[{"id":2037,"href":"https:\/\/2025.damius.com\/it\/wp-json\/wp\/v2\/pages\/2036\/revisions\/2037"}],"wp:attachment":[{"href":"https:\/\/2025.damius.com\/it\/wp-json\/wp\/v2\/media?parent=2036"}],"curies":[{"name":"wp","href":"https:\/\/api.w.org\/{rel}","templated":true}]}}