{"id":2119,"date":"2026-02-05T14:39:32","date_gmt":"2026-02-05T13:39:32","guid":{"rendered":"https:\/\/2025.damius.com\/metodi-di-pagamento-a-tua-disposizione\/"},"modified":"2026-02-06T09:09:08","modified_gmt":"2026-02-06T08:09:08","slug":"metodi-di-pagamento-a-tua-disposizione","status":"publish","type":"page","link":"https:\/\/2025.damius.com\/it\/metodi-di-pagamento-a-tua-disposizione\/","title":{"rendered":"Metodi di pagamento a tua disposizione"},"content":{"rendered":"\n<div class=\"wp-block-media-text alignwide has-media-on-the-right is-stacked-on-mobile\" style=\"grid-template-columns:auto 15%\"><div class=\"wp-block-media-text__content\">\n<p>Offriamo un&#8217;ampia gamma di opzioni di pagamento affinch\u00e9 tu possa pagare i tuoi acquisti nel modo pi\u00f9 adatto a te e, soprattutto, in modo semplice e sicuro.<\/p>\n\n\n\n<p>Ci impegniamo in modo particolare a garantirti il \u200b\u200bmassimo livello di sicurezza possibile per le transazioni online e la completa riservatezza dei tuoi dati bancari. Per questo motivo collaboriamo esclusivamente con aziende affidabili e rinomate come Banque Populaire e PayPal. <\/p>\n\n\n\n<p>Scopri qui sotto tutti i metodi di pagamento che offriamo:<\/p>\n<\/div><figure class=\"wp-block-media-text__media\"><img loading=\"lazy\" decoding=\"async\" width=\"300\" height=\"355\" src=\"https:\/\/2025.damius.com\/wp-content\/uploads\/2022\/01\/cadenas.jpg\" alt=\"\" class=\"wp-image-755 size-full\" srcset=\"https:\/\/2025.damius.com\/wp-content\/uploads\/2022\/01\/cadenas.jpg 300w, https:\/\/2025.damius.com\/wp-content\/uploads\/2022\/01\/cadenas-254x300.jpg 254w\" sizes=\"auto, (max-width: 300px) 100vw, 300px\" \/><\/figure><\/div>\n\n<p class=\"has-text-color\" style=\"color:#0079be\"><strong><strong>&gt;&gt; Payez avec votre carte bancaire (valable en ligne pour les pays autoris\u00e9s)<\/strong><\/strong><\/p>\n\n<p><strong><strong>Pagamento con carta di credito in un&#8217;unica soluzione senza commissioni:<\/strong><\/strong><\/p>\n\n<p>Diretto, semplice, sicuro, immediato e protetto, il pagamento con carta di credito \u00e8 il modo pi\u00f9 veloce per pagare i tuoi acquisti. Puoi effettuare il pagamento con Carte Bleue, Visa, Eurocard o Mastercard, indipendentemente dalla tua banca. <\/p>\n<div class=\"wp-block-image\">\n<figure class=\"aligncenter size-full\"><img loading=\"lazy\" decoding=\"async\" width=\"725\" height=\"65\" src=\"https:\/\/2025.damius.com\/wp-content\/uploads\/2026\/02\/paiement_cb.jpg\" alt=\"\" class=\"wp-image-1552\" srcset=\"https:\/\/2025.damius.com\/wp-content\/uploads\/2026\/02\/paiement_cb.jpg 725w, https:\/\/2025.damius.com\/wp-content\/uploads\/2026\/02\/paiement_cb-300x27.jpg 300w, https:\/\/2025.damius.com\/wp-content\/uploads\/2026\/02\/paiement_cb-600x54.jpg 600w\" sizes=\"auto, (max-width: 725px) 100vw, 725px\" \/><\/figure>\n<\/div>\n<p>La pagina in cui inserisci i dati della tua carta di credito \u00e8 una pagina completamente sicura, gestita da Banque Populaire (tramite la piattaforma SystemPay). I tuoi dati bancari rimangono quindi completamente riservati per tutta la durata della transazione. Vedrai anche una piccola icona a forma di lucchetto nella barra degli indirizzi, a indicare che ti trovi su una connessione sicura e che nessun altro pu\u00f2 accedere a questa pagina.  <\/p>\n\n<p>Durante la transazione, tutti i dati vengono crittografati con il sistema Secure Socket Layers (SSL) e il processo 3D-Secure; l&#8217;addebito sulla tua carta di credito avviene una volta completato l&#8217;ordine.<\/p>\n\n<p><strong>Pagamento con carta di credito in 3 o 6 rate:<\/strong><\/p>\n\n<p>Per la tua comodit\u00e0 e tranquillit\u00e0, indipendentemente dalla tua banca, ti offriamo la possibilit\u00e0 di dilazionare il pagamento fino a 6 rate con la tua Carte Bleue, Visa, Eurocard o Mastercard.<\/p>\n\n<p>Per i pagamenti rateali si applica una commissione di gestione mensile di 5 \u20ac, ovvero 15 \u20ac per un pagamento in 3 rate o 30 \u20ac per un pagamento in 6 rate.<\/p>\n\n<p><span style=\"text-decoration: underline;\">Importante: <\/span>i pagamenti vengono riscossi come segue:<\/p>\n\n<p>&#8211; La prima rata mensile \u00e8 dovuta immediatamente alla conferma del pagamento.<br\/>&#8211; Le rate mensili successive sono dovute a distanza di 30 giorni.<\/p>\n\n<p>Nella pagina di pagamento ti verr\u00e0 mostrato un programma di pagamento PRIMA di inserire i dati della tua carta di credito.<\/p>\n\n<div style=\"height:20px\" aria-hidden=\"true\" class=\"wp-block-spacer\"><\/div>\n\n<p class=\"has-text-color\" style=\"color:#0079be\"><strong>&gt;&gt; Paga con assegno fino a 6 rate senza commissioni (valido solo in Francia)<\/strong><\/p>\n\n<p>\u00c8 disponibile anche il pagamento tramite assegno in 1, 3 o 6 rate, indipendentemente dall&#8217;importo dell&#8217;ordine. Questo a condizione che gli indirizzi di fatturazione e consegna siano situati nella Francia metropolitana e che la banca abbia sede in Francia. <\/p>\n\n<p>Per i pagamenti rateali si applica una commissione di gestione mensile di 5 \u20ac, ovvero 15 \u20ac per un pagamento in 3 rate e 30 \u20ac per un pagamento in 6 rate.<\/p>\n\n<p>Per ricevere il tuo ordine il pi\u00f9 rapidamente possibile, \u00e8 molto semplice: inviaci semplicemente il\/i tuo\/i assegno\/i che coprono l&#8217;importo totale del tuo ordine, <strong><span style=\"text-decoration: underline;\">intestato a DAMIUS,<\/span><\/strong> insieme a un foglio separato con il tuo nome completo e il numero dell&#8217;ordine, al seguente indirizzo:<\/p>\n\n<p class=\"has-text-color\" style=\"color:#ff0004\"><strong><span style=\"text-decoration: underline;\"><strong>ATTENZIONE: in conformit\u00e0 con le disposizioni di legge, tutti gli assegni devono essere datati il \u200b\u200bgiorno dell&#8217;ordine.<\/strong><\/span><\/strong><\/p>\n\n<p><strong>Assegno(i) intestato a DAMIUS<\/strong> <\/p>\n\n<p><span style=\"text-decoration: underline;\">Indirizzo :<\/span> <\/p>\n\n<p>DAMIUS &#8211; Tricycle EVASION<\/p>\n\n<p>33 avenue du Royaume-Uni<br\/>ZI les Moli\u00e8res<br\/>13140 MIRAMAS &#8211; France<br\/> <\/p>\n\n<p><span style=\"text-decoration: underline;\">Importante:<\/span> il tuo ordine verr\u00e0 elaborato solo al ricevimento dell&#8217;assegno\/degli assegni, pertanto \u00e8 possibile che si verifichi un ritardo nella consegna. Un nostro consulente ti contatter\u00e0 via e-mail o telefono per confermare la ricezione del pagamento. Per i pagamenti rateali, il primo assegno verr\u00e0 incassato al ricevimento della tua lettera e gli assegni successivi verranno incassati a 30 giorni di distanza. Per i pagamenti rateali, l&#8217;importo totale deve essere diviso per il numero di assegni in modo che ogni rata mensile sia la stessa.    <\/p>\n\n<p>Se non riceveremo il\/i tuo\/i assegno\/i entro 7 giorni, saremo costretti ad annullare il tuo ordine.<\/p>\n\n<div style=\"height:20px\" aria-hidden=\"true\" class=\"wp-block-spacer\"><\/div>\n\n<p class=\"has-text-color\" style=\"color:#0079be\"><strong>&gt;&gt; Paga online in un&#8217;unica rata senza commissioni tramite PayPal<\/strong> <\/p>\n\n<div class=\"wp-block-media-text alignwide has-media-on-the-right is-stacked-on-mobile\" style=\"grid-template-columns:auto 15%\"><div class=\"wp-block-media-text__content\">\n<p>Veloce e semplice da usare, il pagamento sicuro tramite PayPal si basa sui migliori sistemi sul mercato per proteggere i tuoi dati e prevenire le frodi. Questo ti consente di pagare online senza mai condividere i tuoi dati bancari con il commerciante. <\/p>\n\n\n\n<p>Dopo aver selezionato PayPal sulla nostra pagina di pagamento, non ti resta che scegliere se vuoi utilizzare il tuo account PayPal o pagare direttamente con la tua carta di credito senza creare un account.<\/p>\n<\/div><figure class=\"wp-block-media-text__media\"><img loading=\"lazy\" decoding=\"async\" width=\"1024\" height=\"576\" src=\"https:\/\/2025.damius.com\/wp-content\/uploads\/2022\/01\/PayPal-Logo-1024x576.png\" alt=\"\" class=\"wp-image-770 size-full\" srcset=\"https:\/\/2025.damius.com\/wp-content\/uploads\/2022\/01\/PayPal-Logo-1024x576.png 1024w, https:\/\/2025.damius.com\/wp-content\/uploads\/2022\/01\/PayPal-Logo-300x169.png 300w, https:\/\/2025.damius.com\/wp-content\/uploads\/2022\/01\/PayPal-Logo-768x432.png 768w, https:\/\/2025.damius.com\/wp-content\/uploads\/2022\/01\/PayPal-Logo-1536x864.png 1536w, https:\/\/2025.damius.com\/wp-content\/uploads\/2022\/01\/PayPal-Logo-2048x1152.png 2048w, https:\/\/2025.damius.com\/wp-content\/uploads\/2022\/01\/PayPal-Logo-1200x675.png 1200w, https:\/\/2025.damius.com\/wp-content\/uploads\/2022\/01\/PayPal-Logo-1980x1114.png 1980w, https:\/\/2025.damius.com\/wp-content\/uploads\/2022\/01\/PayPal-Logo-600x338.png 600w\" sizes=\"auto, (max-width: 1024px) 100vw, 1024px\" \/><\/figure><\/div>\n\n<div style=\"height:20px\" aria-hidden=\"true\" class=\"wp-block-spacer\"><\/div>\n\n<p class=\"has-text-color\" style=\"color:#0079be\"><strong>&gt;&gt; Paga tramite bonifico bancario in un&#8217;unica soluzione senza commissioni<\/strong><\/p>\n\n<p>Indipendentemente dall&#8217;importo del tuo ordine, offriamo anche la possibilit\u00e0 di pagare tramite bonifico bancario. \u00c8 semplice: inviaci un bonifico bancario per l&#8217;importo del tuo ordine utilizzando le seguenti coordinate bancarie: <\/p>\n\n<p>IBAN : FR76 1460 7000 1866 0218 6396 928<br\/>BIC : CCBPFRPPMAR<\/p>\n\n<p><span style=\"text-decoration: underline;\">Importante:<\/span> il tuo ordine verr\u00e0 elaborato solo al ricevimento del pagamento, pertanto potrebbero verificarsi ritardi nella consegna. Un nostro consulente ti contatter\u00e0 via e-mail o telefono per confermare la ricezione del pagamento. <\/p>\n\n<p>Se non riceveremo il tuo bonifico entro 7 giorni, saremo costretti ad annullare il tuo ordine.<\/p>\n\n<p>Le spese di trasferimento sono a carico del cliente; non si accettano spese condivise.<\/p>\n","protected":false},"excerpt":{"rendered":"<p>Offriamo un&#8217;ampia gamma di opzioni di pagamento affinch\u00e9 tu possa pagare i tuoi acquisti nel modo pi\u00f9 adatto a te e, soprattutto, in modo semplice e sicuro. Ci impegniamo in modo particolare a garantirti il \u200b\u200bmassimo livello di sicurezza possibile per le transazioni online e la completa riservatezza dei tuoi dati bancari. Per questo motivo [&hellip;]<\/p>\n","protected":false},"author":1,"featured_media":0,"parent":0,"menu_order":0,"comment_status":"closed","ping_status":"closed","template":"","meta":{"_acf_changed":false,"_eb_attr":"","footnotes":""},"class_list":["post-2119","page","type-page","status-publish","hentry"],"acf":[],"yoast_head":"<!-- This site is optimized with the Yoast SEO plugin v27.3 - https:\/\/yoast.com\/product\/yoast-seo-wordpress\/ -->\n<title>Metodi di pagamento a tua disposizione - Damius<\/title>\n<meta name=\"robots\" content=\"noindex, follow, max-snippet:-1, max-image-preview:large, max-video-preview:-1\" \/>\n<meta property=\"og:locale\" content=\"it_IT\" \/>\n<meta property=\"og:type\" content=\"article\" \/>\n<meta property=\"og:title\" content=\"Metodi di pagamento a tua disposizione - Damius\" \/>\n<meta property=\"og:description\" content=\"Offriamo un&#8217;ampia gamma di opzioni di pagamento affinch\u00e9 tu possa pagare i tuoi acquisti nel modo pi\u00f9 adatto a te e, soprattutto, in modo semplice e sicuro. Ci impegniamo in modo particolare a garantirti il \u200b\u200bmassimo livello di sicurezza possibile per le transazioni online e la completa riservatezza dei tuoi dati bancari. Per questo motivo [&hellip;]\" \/>\n<meta property=\"og:url\" content=\"https:\/\/2025.damius.com\/it\/metodi-di-pagamento-a-tua-disposizione\/\" \/>\n<meta property=\"og:site_name\" content=\"Damius\" \/>\n<meta property=\"article:modified_time\" content=\"2026-02-06T08:09:08+00:00\" \/>\n<meta property=\"og:image\" content=\"https:\/\/2025.damius.com\/wp-content\/uploads\/2022\/01\/cadenas.jpg\" \/>\n\t<meta property=\"og:image:width\" content=\"300\" \/>\n\t<meta property=\"og:image:height\" content=\"355\" \/>\n\t<meta property=\"og:image:type\" content=\"image\/jpeg\" \/>\n<meta name=\"twitter:card\" content=\"summary_large_image\" \/>\n<meta name=\"twitter:label1\" content=\"Tempo di lettura stimato\" \/>\n\t<meta name=\"twitter:data1\" content=\"4 minuti\" \/>\n<script type=\"application\/ld+json\" class=\"yoast-schema-graph\">{\"@context\":\"https:\\\/\\\/schema.org\",\"@graph\":[{\"@type\":\"WebPage\",\"@id\":\"https:\\\/\\\/2025.damius.com\\\/it\\\/metodi-di-pagamento-a-tua-disposizione\\\/\",\"url\":\"https:\\\/\\\/2025.damius.com\\\/it\\\/metodi-di-pagamento-a-tua-disposizione\\\/\",\"name\":\"Metodi di pagamento a tua disposizione - Damius\",\"isPartOf\":{\"@id\":\"https:\\\/\\\/2025.damius.com\\\/#website\"},\"primaryImageOfPage\":{\"@id\":\"https:\\\/\\\/2025.damius.com\\\/it\\\/metodi-di-pagamento-a-tua-disposizione\\\/#primaryimage\"},\"image\":{\"@id\":\"https:\\\/\\\/2025.damius.com\\\/it\\\/metodi-di-pagamento-a-tua-disposizione\\\/#primaryimage\"},\"thumbnailUrl\":\"https:\\\/\\\/2025.damius.com\\\/wp-content\\\/uploads\\\/2022\\\/01\\\/cadenas.jpg\",\"datePublished\":\"2026-02-05T13:39:32+00:00\",\"dateModified\":\"2026-02-06T08:09:08+00:00\",\"breadcrumb\":{\"@id\":\"https:\\\/\\\/2025.damius.com\\\/it\\\/metodi-di-pagamento-a-tua-disposizione\\\/#breadcrumb\"},\"inLanguage\":\"it-IT\",\"potentialAction\":[{\"@type\":\"ReadAction\",\"target\":[\"https:\\\/\\\/2025.damius.com\\\/it\\\/metodi-di-pagamento-a-tua-disposizione\\\/\"]}]},{\"@type\":\"ImageObject\",\"inLanguage\":\"it-IT\",\"@id\":\"https:\\\/\\\/2025.damius.com\\\/it\\\/metodi-di-pagamento-a-tua-disposizione\\\/#primaryimage\",\"url\":\"https:\\\/\\\/2025.damius.com\\\/wp-content\\\/uploads\\\/2022\\\/01\\\/cadenas.jpg\",\"contentUrl\":\"https:\\\/\\\/2025.damius.com\\\/wp-content\\\/uploads\\\/2022\\\/01\\\/cadenas.jpg\"},{\"@type\":\"BreadcrumbList\",\"@id\":\"https:\\\/\\\/2025.damius.com\\\/it\\\/metodi-di-pagamento-a-tua-disposizione\\\/#breadcrumb\",\"itemListElement\":[{\"@type\":\"ListItem\",\"position\":1,\"name\":\"Accueil\",\"item\":\"https:\\\/\\\/2025.damius.com\\\/it\\\/casa\\\/\"},{\"@type\":\"ListItem\",\"position\":2,\"name\":\"Metodi di pagamento a tua disposizione\"}]},{\"@type\":\"WebSite\",\"@id\":\"https:\\\/\\\/2025.damius.com\\\/#website\",\"url\":\"https:\\\/\\\/2025.damius.com\\\/\",\"name\":\"Damius\",\"description\":\"\",\"publisher\":{\"@id\":\"https:\\\/\\\/2025.damius.com\\\/#organization\"},\"potentialAction\":[{\"@type\":\"SearchAction\",\"target\":{\"@type\":\"EntryPoint\",\"urlTemplate\":\"https:\\\/\\\/2025.damius.com\\\/?s={search_term_string}\"},\"query-input\":{\"@type\":\"PropertyValueSpecification\",\"valueRequired\":true,\"valueName\":\"search_term_string\"}}],\"inLanguage\":\"it-IT\"},{\"@type\":\"Organization\",\"@id\":\"https:\\\/\\\/2025.damius.com\\\/#organization\",\"name\":\"Damius\",\"url\":\"https:\\\/\\\/2025.damius.com\\\/\",\"logo\":{\"@type\":\"ImageObject\",\"inLanguage\":\"it-IT\",\"@id\":\"https:\\\/\\\/2025.damius.com\\\/#\\\/schema\\\/logo\\\/image\\\/\",\"url\":\"https:\\\/\\\/2025.damius.com\\\/wp-content\\\/uploads\\\/2022\\\/01\\\/Logo_Damius-1.jpg\",\"contentUrl\":\"https:\\\/\\\/2025.damius.com\\\/wp-content\\\/uploads\\\/2022\\\/01\\\/Logo_Damius-1.jpg\",\"width\":616,\"height\":143,\"caption\":\"Damius\"},\"image\":{\"@id\":\"https:\\\/\\\/2025.damius.com\\\/#\\\/schema\\\/logo\\\/image\\\/\"}}]}<\/script>\n<!-- \/ Yoast SEO plugin. -->","yoast_head_json":{"title":"Metodi di pagamento a tua disposizione - Damius","robots":{"index":"noindex","follow":"follow","max-snippet":"max-snippet:-1","max-image-preview":"max-image-preview:large","max-video-preview":"max-video-preview:-1"},"og_locale":"it_IT","og_type":"article","og_title":"Metodi di pagamento a tua disposizione - Damius","og_description":"Offriamo un&#8217;ampia gamma di opzioni di pagamento affinch\u00e9 tu possa pagare i tuoi acquisti nel modo pi\u00f9 adatto a te e, soprattutto, in modo semplice e sicuro. Ci impegniamo in modo particolare a garantirti il \u200b\u200bmassimo livello di sicurezza possibile per le transazioni online e la completa riservatezza dei tuoi dati bancari. Per questo motivo [&hellip;]","og_url":"https:\/\/2025.damius.com\/it\/metodi-di-pagamento-a-tua-disposizione\/","og_site_name":"Damius","article_modified_time":"2026-02-06T08:09:08+00:00","og_image":[{"width":300,"height":355,"url":"https:\/\/2025.damius.com\/wp-content\/uploads\/2022\/01\/cadenas.jpg","type":"image\/jpeg"}],"twitter_card":"summary_large_image","twitter_misc":{"Tempo di lettura stimato":"4 minuti"},"schema":{"@context":"https:\/\/schema.org","@graph":[{"@type":"WebPage","@id":"https:\/\/2025.damius.com\/it\/metodi-di-pagamento-a-tua-disposizione\/","url":"https:\/\/2025.damius.com\/it\/metodi-di-pagamento-a-tua-disposizione\/","name":"Metodi di pagamento a tua disposizione - Damius","isPartOf":{"@id":"https:\/\/2025.damius.com\/#website"},"primaryImageOfPage":{"@id":"https:\/\/2025.damius.com\/it\/metodi-di-pagamento-a-tua-disposizione\/#primaryimage"},"image":{"@id":"https:\/\/2025.damius.com\/it\/metodi-di-pagamento-a-tua-disposizione\/#primaryimage"},"thumbnailUrl":"https:\/\/2025.damius.com\/wp-content\/uploads\/2022\/01\/cadenas.jpg","datePublished":"2026-02-05T13:39:32+00:00","dateModified":"2026-02-06T08:09:08+00:00","breadcrumb":{"@id":"https:\/\/2025.damius.com\/it\/metodi-di-pagamento-a-tua-disposizione\/#breadcrumb"},"inLanguage":"it-IT","potentialAction":[{"@type":"ReadAction","target":["https:\/\/2025.damius.com\/it\/metodi-di-pagamento-a-tua-disposizione\/"]}]},{"@type":"ImageObject","inLanguage":"it-IT","@id":"https:\/\/2025.damius.com\/it\/metodi-di-pagamento-a-tua-disposizione\/#primaryimage","url":"https:\/\/2025.damius.com\/wp-content\/uploads\/2022\/01\/cadenas.jpg","contentUrl":"https:\/\/2025.damius.com\/wp-content\/uploads\/2022\/01\/cadenas.jpg"},{"@type":"BreadcrumbList","@id":"https:\/\/2025.damius.com\/it\/metodi-di-pagamento-a-tua-disposizione\/#breadcrumb","itemListElement":[{"@type":"ListItem","position":1,"name":"Accueil","item":"https:\/\/2025.damius.com\/it\/casa\/"},{"@type":"ListItem","position":2,"name":"Metodi di pagamento a tua disposizione"}]},{"@type":"WebSite","@id":"https:\/\/2025.damius.com\/#website","url":"https:\/\/2025.damius.com\/","name":"Damius","description":"","publisher":{"@id":"https:\/\/2025.damius.com\/#organization"},"potentialAction":[{"@type":"SearchAction","target":{"@type":"EntryPoint","urlTemplate":"https:\/\/2025.damius.com\/?s={search_term_string}"},"query-input":{"@type":"PropertyValueSpecification","valueRequired":true,"valueName":"search_term_string"}}],"inLanguage":"it-IT"},{"@type":"Organization","@id":"https:\/\/2025.damius.com\/#organization","name":"Damius","url":"https:\/\/2025.damius.com\/","logo":{"@type":"ImageObject","inLanguage":"it-IT","@id":"https:\/\/2025.damius.com\/#\/schema\/logo\/image\/","url":"https:\/\/2025.damius.com\/wp-content\/uploads\/2022\/01\/Logo_Damius-1.jpg","contentUrl":"https:\/\/2025.damius.com\/wp-content\/uploads\/2022\/01\/Logo_Damius-1.jpg","width":616,"height":143,"caption":"Damius"},"image":{"@id":"https:\/\/2025.damius.com\/#\/schema\/logo\/image\/"}}]}},"featured_image_src":null,"featured_image_src_square":null,"_links":{"self":[{"href":"https:\/\/2025.damius.com\/it\/wp-json\/wp\/v2\/pages\/2119","targetHints":{"allow":["GET"]}}],"collection":[{"href":"https:\/\/2025.damius.com\/it\/wp-json\/wp\/v2\/pages"}],"about":[{"href":"https:\/\/2025.damius.com\/it\/wp-json\/wp\/v2\/types\/page"}],"author":[{"embeddable":true,"href":"https:\/\/2025.damius.com\/it\/wp-json\/wp\/v2\/users\/1"}],"replies":[{"embeddable":true,"href":"https:\/\/2025.damius.com\/it\/wp-json\/wp\/v2\/comments?post=2119"}],"version-history":[{"count":1,"href":"https:\/\/2025.damius.com\/it\/wp-json\/wp\/v2\/pages\/2119\/revisions"}],"predecessor-version":[{"id":2123,"href":"https:\/\/2025.damius.com\/it\/wp-json\/wp\/v2\/pages\/2119\/revisions\/2123"}],"wp:attachment":[{"href":"https:\/\/2025.damius.com\/it\/wp-json\/wp\/v2\/media?parent=2119"}],"curies":[{"name":"wp","href":"https:\/\/api.w.org\/{rel}","templated":true}]}}