{"id":2166,"date":"2026-02-05T18:22:27","date_gmt":"2026-02-05T17:22:27","guid":{"rendered":"https:\/\/2025.damius.com\/il-nostro-impegno-per-la-vostra-soddisfazione\/"},"modified":"2026-02-06T12:07:54","modified_gmt":"2026-02-06T11:07:54","slug":"il-nostro-impegno-per-la-vostra-soddisfazione","status":"publish","type":"page","link":"https:\/\/2025.damius.com\/it\/il-nostro-impegno-per-la-vostra-soddisfazione\/","title":{"rendered":"Il nostro impegno per la vostra soddisfazione."},"content":{"rendered":"\n<div class=\"wp-block-media-text alignwide has-media-on-the-right is-stacked-on-mobile is-image-fill-element\"><div class=\"wp-block-media-text__content\">\n<h2 class=\"wp-block-heading\">Ti guidiamo nella scelta del tuo triciclo<\/h2>\n\n\n\n<p> <br \/>Vuoi contattare il nostro ufficio commerciale? Non potrebbe essere pi\u00f9 semplice!<br \/>Chiama lo 04 90 59 49 10 (opzione 1) o invia un&#8217;e-mail a <a href=\"mailto:info@damius.com\">info@damius.com<\/a> <\/p>\n\n\n\n<p>Il primo e pi\u00f9 importante passo \u00e8 raccogliere informazioni prima di effettuare qualsiasi acquisto. Devi assicurarti che il triciclo che scegli sia perfetto e adatto all&#8217;uso che intendi fare negli anni a venire. Che si tratti di un triciclo elettrico a pedalata assistita o meno, pieghevole o meno, progettato per tutti i terreni o solo per l&#8217;uso urbano, devi anche assicurarti <strong>che sia della misura giusta per la tua altezza e il tuo peso!<\/strong>  <br \/><br \/>Troverai tutte le informazioni di cui hai bisogno sulle pagine dei nostri prodotti tricicli: &#8220;<a href=\"https:\/\/www.damius.com\/fr\/nos-tricycles-et-velos\/tricycles-adulte.html\">I nostri tricicli elettrici per adulti<\/a>&#8220;<br \/><br \/>In caso di dubbi, non esitate a contattarci via e-mail all&#8217;indirizzo <a href=\"mailto:info@damius.com\">info@damius<\/a>.com o telefonicamente al numero 04 90 59 49 10 (opzione 1).<\/p>\n<\/div><figure class=\"wp-block-media-text__media\"><img loading=\"lazy\" decoding=\"async\" width=\"600\" height=\"400\" src=\"https:\/\/2025.damius.com\/wp-content\/uploads\/2022\/01\/service-renseignement.jpg\" alt=\"\" class=\"wp-image-684 size-full\" style=\"object-position:50% 50%\" srcset=\"https:\/\/2025.damius.com\/wp-content\/uploads\/2022\/01\/service-renseignement.jpg 600w, https:\/\/2025.damius.com\/wp-content\/uploads\/2022\/01\/service-renseignement-300x200.jpg 300w\" sizes=\"auto, (max-width: 600px) 100vw, 600px\" \/><\/figure><\/div>\n\n<div style=\"height:38px\" aria-hidden=\"true\" class=\"wp-block-spacer\"><\/div>\n\n<p>Troverete anche tante informazioni pratiche sul nostro blog cliccando su questo link: <a href=\"https:\/\/www.damius.com\/blog\">https:\/\/www.damius.com\/blog<\/a><\/p>\n\n<p>Hai domande? <a href=\"https:\/\/2025.damius.com\/toutes-les-informations-necessaires-pour-un-achat-en-confiance\/\">Contattaci!<\/a><\/p>\n\n<p class=\"has-text-align-center\"><br \/><br \/><strong>Dal 2016 al 2025 abbiamo prodotto i nostri tricicli; ora la produzione \u00e8 esternalizzata!<\/strong><\/p>\n\n<figure class=\"wp-block-embed is-type-video is-provider-youtube wp-block-embed-youtube wp-embed-aspect-16-9 wp-has-aspect-ratio\"><div class=\"wp-block-embed__wrapper\">\n<iframe loading=\"lazy\" title=\"DAMIUS - Concepteur Fran\u00e7ais de tricycles \u00e9lectriques pour adulte\" width=\"580\" height=\"326\" src=\"https:\/\/www.youtube.com\/embed\/k-9JC2LkkJc?feature=oembed\" frameborder=\"0\" allow=\"accelerometer; autoplay; clipboard-write; encrypted-media; gyroscope; picture-in-picture; web-share\" referrerpolicy=\"strict-origin-when-cross-origin\" allowfullscreen><\/iframe>\n<\/div><\/figure>\n\n<figure class=\"wp-block-embed is-type-video is-provider-youtube wp-block-embed-youtube wp-embed-aspect-16-9 wp-has-aspect-ratio\"><div class=\"wp-block-embed__wrapper\">\n<iframe loading=\"lazy\" title=\"Produits mobilit\u00e9s Damius : Conception de tricycle \u00e9lectrique adulte.\" width=\"580\" height=\"326\" src=\"https:\/\/www.youtube.com\/embed\/XB6xgN5eUzk?feature=oembed\" frameborder=\"0\" allow=\"accelerometer; autoplay; clipboard-write; encrypted-media; gyroscope; picture-in-picture; web-share\" referrerpolicy=\"strict-origin-when-cross-origin\" allowfullscreen><\/iframe>\n<\/div><\/figure>\n","protected":false},"excerpt":{"rendered":"<p>Ti guidiamo nella scelta del tuo triciclo Vuoi contattare il nostro ufficio commerciale? Non potrebbe essere pi\u00f9 semplice!Chiama lo 04 90 59 49 10 (opzione 1) o invia un&#8217;e-mail a info@damius.com Il primo e pi\u00f9 importante passo \u00e8 raccogliere informazioni prima di effettuare qualsiasi acquisto. Devi assicurarti che il triciclo che scegli sia perfetto e [&hellip;]<\/p>\n","protected":false},"author":1,"featured_media":0,"parent":0,"menu_order":0,"comment_status":"closed","ping_status":"closed","template":"","meta":{"_acf_changed":false,"_eb_attr":"","footnotes":""},"class_list":["post-2166","page","type-page","status-publish","hentry"],"acf":[],"yoast_head":"<!-- This site is optimized with the Yoast SEO plugin v27.3 - https:\/\/yoast.com\/product\/yoast-seo-wordpress\/ -->\n<title>Il nostro impegno per la vostra soddisfazione. - Damius<\/title>\n<meta name=\"robots\" content=\"noindex, follow, max-snippet:-1, max-image-preview:large, max-video-preview:-1\" \/>\n<meta property=\"og:locale\" content=\"it_IT\" \/>\n<meta property=\"og:type\" content=\"article\" \/>\n<meta property=\"og:title\" content=\"Il nostro impegno per la vostra soddisfazione. - Damius\" \/>\n<meta property=\"og:description\" content=\"Ti guidiamo nella scelta del tuo triciclo Vuoi contattare il nostro ufficio commerciale? Non potrebbe essere pi\u00f9 semplice!Chiama lo 04 90 59 49 10 (opzione 1) o invia un&#8217;e-mail a info@damius.com Il primo e pi\u00f9 importante passo \u00e8 raccogliere informazioni prima di effettuare qualsiasi acquisto. Devi assicurarti che il triciclo che scegli sia perfetto e [&hellip;]\" \/>\n<meta property=\"og:url\" content=\"https:\/\/2025.damius.com\/it\/il-nostro-impegno-per-la-vostra-soddisfazione\/\" \/>\n<meta property=\"og:site_name\" content=\"Damius\" \/>\n<meta property=\"article:modified_time\" content=\"2026-02-06T11:07:54+00:00\" \/>\n<meta property=\"og:image\" content=\"https:\/\/2025.damius.com\/wp-content\/uploads\/2022\/01\/service-renseignement.jpg\" \/>\n\t<meta property=\"og:image:width\" content=\"600\" \/>\n\t<meta property=\"og:image:height\" content=\"400\" \/>\n\t<meta property=\"og:image:type\" content=\"image\/jpeg\" \/>\n<meta name=\"twitter:card\" content=\"summary_large_image\" \/>\n<meta name=\"twitter:label1\" content=\"Tempo di lettura stimato\" \/>\n\t<meta name=\"twitter:data1\" content=\"1 minuto\" \/>\n<script type=\"application\/ld+json\" class=\"yoast-schema-graph\">{\"@context\":\"https:\\\/\\\/schema.org\",\"@graph\":[{\"@type\":\"WebPage\",\"@id\":\"https:\\\/\\\/2025.damius.com\\\/it\\\/il-nostro-impegno-per-la-vostra-soddisfazione\\\/\",\"url\":\"https:\\\/\\\/2025.damius.com\\\/it\\\/il-nostro-impegno-per-la-vostra-soddisfazione\\\/\",\"name\":\"Il nostro impegno per la vostra soddisfazione. - Damius\",\"isPartOf\":{\"@id\":\"https:\\\/\\\/2025.damius.com\\\/#website\"},\"primaryImageOfPage\":{\"@id\":\"https:\\\/\\\/2025.damius.com\\\/it\\\/il-nostro-impegno-per-la-vostra-soddisfazione\\\/#primaryimage\"},\"image\":{\"@id\":\"https:\\\/\\\/2025.damius.com\\\/it\\\/il-nostro-impegno-per-la-vostra-soddisfazione\\\/#primaryimage\"},\"thumbnailUrl\":\"https:\\\/\\\/2025.damius.com\\\/wp-content\\\/uploads\\\/2022\\\/01\\\/service-renseignement.jpg\",\"datePublished\":\"2026-02-05T17:22:27+00:00\",\"dateModified\":\"2026-02-06T11:07:54+00:00\",\"breadcrumb\":{\"@id\":\"https:\\\/\\\/2025.damius.com\\\/it\\\/il-nostro-impegno-per-la-vostra-soddisfazione\\\/#breadcrumb\"},\"inLanguage\":\"it-IT\",\"potentialAction\":[{\"@type\":\"ReadAction\",\"target\":[\"https:\\\/\\\/2025.damius.com\\\/it\\\/il-nostro-impegno-per-la-vostra-soddisfazione\\\/\"]}]},{\"@type\":\"ImageObject\",\"inLanguage\":\"it-IT\",\"@id\":\"https:\\\/\\\/2025.damius.com\\\/it\\\/il-nostro-impegno-per-la-vostra-soddisfazione\\\/#primaryimage\",\"url\":\"https:\\\/\\\/2025.damius.com\\\/wp-content\\\/uploads\\\/2022\\\/01\\\/service-renseignement.jpg\",\"contentUrl\":\"https:\\\/\\\/2025.damius.com\\\/wp-content\\\/uploads\\\/2022\\\/01\\\/service-renseignement.jpg\"},{\"@type\":\"BreadcrumbList\",\"@id\":\"https:\\\/\\\/2025.damius.com\\\/it\\\/il-nostro-impegno-per-la-vostra-soddisfazione\\\/#breadcrumb\",\"itemListElement\":[{\"@type\":\"ListItem\",\"position\":1,\"name\":\"Accueil\",\"item\":\"https:\\\/\\\/2025.damius.com\\\/it\\\/casa\\\/\"},{\"@type\":\"ListItem\",\"position\":2,\"name\":\"Il nostro impegno per la vostra soddisfazione.\"}]},{\"@type\":\"WebSite\",\"@id\":\"https:\\\/\\\/2025.damius.com\\\/#website\",\"url\":\"https:\\\/\\\/2025.damius.com\\\/\",\"name\":\"Damius\",\"description\":\"\",\"publisher\":{\"@id\":\"https:\\\/\\\/2025.damius.com\\\/#organization\"},\"potentialAction\":[{\"@type\":\"SearchAction\",\"target\":{\"@type\":\"EntryPoint\",\"urlTemplate\":\"https:\\\/\\\/2025.damius.com\\\/?s={search_term_string}\"},\"query-input\":{\"@type\":\"PropertyValueSpecification\",\"valueRequired\":true,\"valueName\":\"search_term_string\"}}],\"inLanguage\":\"it-IT\"},{\"@type\":\"Organization\",\"@id\":\"https:\\\/\\\/2025.damius.com\\\/#organization\",\"name\":\"Damius\",\"url\":\"https:\\\/\\\/2025.damius.com\\\/\",\"logo\":{\"@type\":\"ImageObject\",\"inLanguage\":\"it-IT\",\"@id\":\"https:\\\/\\\/2025.damius.com\\\/#\\\/schema\\\/logo\\\/image\\\/\",\"url\":\"https:\\\/\\\/2025.damius.com\\\/wp-content\\\/uploads\\\/2022\\\/01\\\/Logo_Damius-1.jpg\",\"contentUrl\":\"https:\\\/\\\/2025.damius.com\\\/wp-content\\\/uploads\\\/2022\\\/01\\\/Logo_Damius-1.jpg\",\"width\":616,\"height\":143,\"caption\":\"Damius\"},\"image\":{\"@id\":\"https:\\\/\\\/2025.damius.com\\\/#\\\/schema\\\/logo\\\/image\\\/\"}}]}<\/script>\n<!-- \/ Yoast SEO plugin. -->","yoast_head_json":{"title":"Il nostro impegno per la vostra soddisfazione. - Damius","robots":{"index":"noindex","follow":"follow","max-snippet":"max-snippet:-1","max-image-preview":"max-image-preview:large","max-video-preview":"max-video-preview:-1"},"og_locale":"it_IT","og_type":"article","og_title":"Il nostro impegno per la vostra soddisfazione. - Damius","og_description":"Ti guidiamo nella scelta del tuo triciclo Vuoi contattare il nostro ufficio commerciale? Non potrebbe essere pi\u00f9 semplice!Chiama lo 04 90 59 49 10 (opzione 1) o invia un&#8217;e-mail a info@damius.com Il primo e pi\u00f9 importante passo \u00e8 raccogliere informazioni prima di effettuare qualsiasi acquisto. Devi assicurarti che il triciclo che scegli sia perfetto e [&hellip;]","og_url":"https:\/\/2025.damius.com\/it\/il-nostro-impegno-per-la-vostra-soddisfazione\/","og_site_name":"Damius","article_modified_time":"2026-02-06T11:07:54+00:00","og_image":[{"width":600,"height":400,"url":"https:\/\/2025.damius.com\/wp-content\/uploads\/2022\/01\/service-renseignement.jpg","type":"image\/jpeg"}],"twitter_card":"summary_large_image","twitter_misc":{"Tempo di lettura stimato":"1 minuto"},"schema":{"@context":"https:\/\/schema.org","@graph":[{"@type":"WebPage","@id":"https:\/\/2025.damius.com\/it\/il-nostro-impegno-per-la-vostra-soddisfazione\/","url":"https:\/\/2025.damius.com\/it\/il-nostro-impegno-per-la-vostra-soddisfazione\/","name":"Il nostro impegno per la vostra soddisfazione. - Damius","isPartOf":{"@id":"https:\/\/2025.damius.com\/#website"},"primaryImageOfPage":{"@id":"https:\/\/2025.damius.com\/it\/il-nostro-impegno-per-la-vostra-soddisfazione\/#primaryimage"},"image":{"@id":"https:\/\/2025.damius.com\/it\/il-nostro-impegno-per-la-vostra-soddisfazione\/#primaryimage"},"thumbnailUrl":"https:\/\/2025.damius.com\/wp-content\/uploads\/2022\/01\/service-renseignement.jpg","datePublished":"2026-02-05T17:22:27+00:00","dateModified":"2026-02-06T11:07:54+00:00","breadcrumb":{"@id":"https:\/\/2025.damius.com\/it\/il-nostro-impegno-per-la-vostra-soddisfazione\/#breadcrumb"},"inLanguage":"it-IT","potentialAction":[{"@type":"ReadAction","target":["https:\/\/2025.damius.com\/it\/il-nostro-impegno-per-la-vostra-soddisfazione\/"]}]},{"@type":"ImageObject","inLanguage":"it-IT","@id":"https:\/\/2025.damius.com\/it\/il-nostro-impegno-per-la-vostra-soddisfazione\/#primaryimage","url":"https:\/\/2025.damius.com\/wp-content\/uploads\/2022\/01\/service-renseignement.jpg","contentUrl":"https:\/\/2025.damius.com\/wp-content\/uploads\/2022\/01\/service-renseignement.jpg"},{"@type":"BreadcrumbList","@id":"https:\/\/2025.damius.com\/it\/il-nostro-impegno-per-la-vostra-soddisfazione\/#breadcrumb","itemListElement":[{"@type":"ListItem","position":1,"name":"Accueil","item":"https:\/\/2025.damius.com\/it\/casa\/"},{"@type":"ListItem","position":2,"name":"Il nostro impegno per la vostra soddisfazione."}]},{"@type":"WebSite","@id":"https:\/\/2025.damius.com\/#website","url":"https:\/\/2025.damius.com\/","name":"Damius","description":"","publisher":{"@id":"https:\/\/2025.damius.com\/#organization"},"potentialAction":[{"@type":"SearchAction","target":{"@type":"EntryPoint","urlTemplate":"https:\/\/2025.damius.com\/?s={search_term_string}"},"query-input":{"@type":"PropertyValueSpecification","valueRequired":true,"valueName":"search_term_string"}}],"inLanguage":"it-IT"},{"@type":"Organization","@id":"https:\/\/2025.damius.com\/#organization","name":"Damius","url":"https:\/\/2025.damius.com\/","logo":{"@type":"ImageObject","inLanguage":"it-IT","@id":"https:\/\/2025.damius.com\/#\/schema\/logo\/image\/","url":"https:\/\/2025.damius.com\/wp-content\/uploads\/2022\/01\/Logo_Damius-1.jpg","contentUrl":"https:\/\/2025.damius.com\/wp-content\/uploads\/2022\/01\/Logo_Damius-1.jpg","width":616,"height":143,"caption":"Damius"},"image":{"@id":"https:\/\/2025.damius.com\/#\/schema\/logo\/image\/"}}]}},"featured_image_src":null,"featured_image_src_square":null,"_links":{"self":[{"href":"https:\/\/2025.damius.com\/it\/wp-json\/wp\/v2\/pages\/2166","targetHints":{"allow":["GET"]}}],"collection":[{"href":"https:\/\/2025.damius.com\/it\/wp-json\/wp\/v2\/pages"}],"about":[{"href":"https:\/\/2025.damius.com\/it\/wp-json\/wp\/v2\/types\/page"}],"author":[{"embeddable":true,"href":"https:\/\/2025.damius.com\/it\/wp-json\/wp\/v2\/users\/1"}],"replies":[{"embeddable":true,"href":"https:\/\/2025.damius.com\/it\/wp-json\/wp\/v2\/comments?post=2166"}],"version-history":[{"count":2,"href":"https:\/\/2025.damius.com\/it\/wp-json\/wp\/v2\/pages\/2166\/revisions"}],"predecessor-version":[{"id":2333,"href":"https:\/\/2025.damius.com\/it\/wp-json\/wp\/v2\/pages\/2166\/revisions\/2333"}],"wp:attachment":[{"href":"https:\/\/2025.damius.com\/it\/wp-json\/wp\/v2\/media?parent=2166"}],"curies":[{"name":"wp","href":"https:\/\/api.w.org\/{rel}","templated":true}]}}