{"id":2190,"date":"2026-02-05T18:52:19","date_gmt":"2026-02-05T17:52:19","guid":{"rendered":"https:\/\/2025.damius.com\/che-cosa-e-il-marchio-bicycode\/"},"modified":"2026-02-06T09:27:34","modified_gmt":"2026-02-06T08:27:34","slug":"che-cosa-e-il-marchio-bicycode","status":"publish","type":"page","link":"https:\/\/2025.damius.com\/it\/che-cosa-e-il-marchio-bicycode\/","title":{"rendered":"Che cosa \u00e8 il marchio BICYCODE\u00ae?"},"content":{"rendered":"\n<div class=\"wp-block-media-text alignwide is-stacked-on-mobile\" style=\"grid-template-columns:43% auto\"><figure class=\"wp-block-media-text__media\"><img loading=\"lazy\" decoding=\"async\" width=\"1024\" height=\"726\" src=\"https:\/\/2025.damius.com\/wp-content\/uploads\/2026\/02\/bicycode_1-1024x726.jpg\" alt=\"\" class=\"wp-image-1554 size-full\" srcset=\"https:\/\/2025.damius.com\/wp-content\/uploads\/2026\/02\/bicycode_1-1024x726.jpg 1024w, https:\/\/2025.damius.com\/wp-content\/uploads\/2026\/02\/bicycode_1-300x213.jpg 300w, https:\/\/2025.damius.com\/wp-content\/uploads\/2026\/02\/bicycode_1-768x545.jpg 768w, https:\/\/2025.damius.com\/wp-content\/uploads\/2026\/02\/bicycode_1-1200x851.jpg 1200w, https:\/\/2025.damius.com\/wp-content\/uploads\/2026\/02\/bicycode_1-600x426.jpg 600w, https:\/\/2025.damius.com\/wp-content\/uploads\/2026\/02\/bicycode_1.jpg 1280w\" sizes=\"auto, (max-width: 1024px) 100vw, 1024px\" \/><\/figure><div class=\"wp-block-media-text__content\">\n<p>BICYCODE\u00ae \u00e8 l&#8217;UNICO sistema riconosciuto dal governo francese per la lotta al furto di biciclette e al riciclaggio di beni rubati. \u00c8 supportato dal Ministero dell&#8217;Ambiente e dal Ministero dell&#8217;Interno. <\/p>\n\n\n\n<p><br\/>La nostra azienda \u00e8 autorizzata come operatore ufficiale, per questo motivo incidiamo personalmente i nostri tricicli prima di spedirli ai rispettivi proprietari.<\/p>\n\n\n\n<p><br\/>Lo scopo di questo sistema \u00e8 quello di consentire, in caso di furto, la restituzione del triciclo rubato al proprietario da parte dei servizi di polizia\/gendarmeria, contrastando cos\u00ec la ricettazione e la rivendita illegale.<\/p>\n<\/div><\/div>\n\n<h2 class=\"wp-block-heading has-text-color has-link-color wp-elements-94cb003cfb247da033b66b61d1ac2b80\" style=\"color:#3399cc\">Fase #1: contrassegnare il numero univoco Bicycode sul telaio dei nostri tricicli per adulti<\/h2>\n\n<p>Utilizziamo un adesivo antimanomissione fornito da Bicycode, che ci consente di marcare i nostri tricicli in modo efficiente e rapido, in conformit\u00e0 con le normative. Questo numero univoco ne migliora la tracciabilit\u00e0, in aggiunta agli altri numeri di serie che utilizziamo (telaio, motore, batteria). <\/p>\n\n<h2 class=\"wp-block-heading has-text-color has-link-color wp-elements-8247fdd537028ff6add8c9181fcdea8c\" style=\"color:#3399cc\">Fase #2: inserire il numero sul foglio di tracciamento del triciclo<\/h2>\n\n<p>Ogni triciclo Damius ha il suo foglio di tracciamento digitale, un po&#8217; come un certificato di nascita digitale. Questo foglio include il numero di serie BICYCODE e altri numeri di serie, il colore, il tipo di triciclo, gli optional e gli accessori installati, il nome del tecnico che ha eseguito il montaggio, la data del primo test pratico, la data di spedizione e cos\u00ec via. Conserviamo tutti questi dettagli su questo foglio interno in modo da poter risalire all&#8217;origine del triciclo, se necessario.  <\/p>\n\n<h2 class=\"wp-block-heading has-text-color has-link-color wp-elements-d274ea8dad9cb50cf3de7ab5f4848b4e\" style=\"color:#3399cc\">Fase #3: Registrazione nel database nazionale BICYCODE\u00ae<\/h2>\n\n<p>Registriamo il triciclo nell&#8217;archivio nazionale indicando il numero Bicycode, il modello del triciclo, il colore, i numeri di serie del telaio, del motore e della batteria, ma anche i dati di contatto del cliente proprietario (nome, cognome, email e telefono).<\/p>\n\n<h2 class=\"wp-block-heading has-text-color has-link-color wp-elements-1e0ee0e213bf53cc78a257131894148c\" style=\"color:#3399cc\">Fase #4: convalida da parte del cliente\/proprietario<\/h2>\n\n<p>Per questa fase, verr\u00e0 inviata un&#8217;e-mail al proprietario per confermare la registrazione e le informazioni di contatto, incluso il suo indirizzo di residenza. La registrazione \u00e8 essenziale se si desidera essere contattati in caso di furto. Pertanto, si consiglia di registrarsi non appena si riceve questa e-mail. Questo file \u00e8 accessibile SOLO alle forze dell&#8217;ordine, che potranno quindi contattarvi se necessario. In futuro, sar\u00e0 possibile modificare le proprie informazioni di contatto (cambio di indirizzo, e-mail o numero di telefono), segnalare il furto del triciclo (ci\u00f2 faciliter\u00e0 il lavoro delle forze dell&#8217;ordine) o indicare di aver trasferito la propriet\u00e0 del triciclo a un nuovo proprietario (che potr\u00e0 quindi fornire le proprie informazioni di contatto), ecc.    <\/p>\n\n<p><br\/>&gt;&gt; Per maggiori informazioni, visita il sito ufficiale: <a href=\"https:\/\/www.bicycode.eu\/\" target=\"_blank\" rel=\"noreferrer noopener\">www.bicycode.eu<\/a><\/p>\n","protected":false},"excerpt":{"rendered":"<p>BICYCODE\u00ae \u00e8 l&#8217;UNICO sistema riconosciuto dal governo francese per la lotta al furto di biciclette e al riciclaggio di beni rubati. \u00c8 supportato dal Ministero dell&#8217;Ambiente e dal Ministero dell&#8217;Interno. La nostra azienda \u00e8 autorizzata come operatore ufficiale, per questo motivo incidiamo personalmente i nostri tricicli prima di spedirli ai rispettivi proprietari. Lo scopo di [&hellip;]<\/p>\n","protected":false},"author":1,"featured_media":0,"parent":0,"menu_order":0,"comment_status":"closed","ping_status":"closed","template":"","meta":{"_acf_changed":false,"_eb_attr":"","footnotes":""},"class_list":["post-2190","page","type-page","status-publish","hentry"],"acf":[],"yoast_head":"<!-- This site is optimized with the Yoast SEO plugin v27.3 - https:\/\/yoast.com\/product\/yoast-seo-wordpress\/ -->\n<title>Che cosa \u00e8 il marchio BICYCODE\u00ae? - Damius<\/title>\n<meta name=\"robots\" content=\"noindex, follow, max-snippet:-1, max-image-preview:large, max-video-preview:-1\" \/>\n<meta property=\"og:locale\" content=\"it_IT\" \/>\n<meta property=\"og:type\" content=\"article\" \/>\n<meta property=\"og:title\" content=\"Che cosa \u00e8 il marchio BICYCODE\u00ae? - Damius\" \/>\n<meta property=\"og:description\" content=\"BICYCODE\u00ae \u00e8 l&#8217;UNICO sistema riconosciuto dal governo francese per la lotta al furto di biciclette e al riciclaggio di beni rubati. \u00c8 supportato dal Ministero dell&#8217;Ambiente e dal Ministero dell&#8217;Interno. La nostra azienda \u00e8 autorizzata come operatore ufficiale, per questo motivo incidiamo personalmente i nostri tricicli prima di spedirli ai rispettivi proprietari. Lo scopo di [&hellip;]\" \/>\n<meta property=\"og:url\" content=\"https:\/\/2025.damius.com\/it\/che-cosa-e-il-marchio-bicycode\/\" \/>\n<meta property=\"og:site_name\" content=\"Damius\" \/>\n<meta property=\"article:modified_time\" content=\"2026-02-06T08:27:34+00:00\" \/>\n<meta property=\"og:image\" content=\"https:\/\/2025.damius.com\/wp-content\/uploads\/2026\/02\/bicycode_1.jpg\" \/>\n\t<meta property=\"og:image:width\" content=\"1280\" \/>\n\t<meta property=\"og:image:height\" content=\"908\" \/>\n\t<meta property=\"og:image:type\" content=\"image\/jpeg\" \/>\n<meta name=\"twitter:card\" content=\"summary_large_image\" \/>\n<meta name=\"twitter:label1\" content=\"Tempo di lettura stimato\" \/>\n\t<meta name=\"twitter:data1\" content=\"2 minuti\" \/>\n<script type=\"application\/ld+json\" class=\"yoast-schema-graph\">{\"@context\":\"https:\\\/\\\/schema.org\",\"@graph\":[{\"@type\":\"WebPage\",\"@id\":\"https:\\\/\\\/2025.damius.com\\\/it\\\/che-cosa-e-il-marchio-bicycode\\\/\",\"url\":\"https:\\\/\\\/2025.damius.com\\\/it\\\/che-cosa-e-il-marchio-bicycode\\\/\",\"name\":\"Che cosa \u00e8 il marchio BICYCODE\u00ae? - Damius\",\"isPartOf\":{\"@id\":\"https:\\\/\\\/2025.damius.com\\\/#website\"},\"primaryImageOfPage\":{\"@id\":\"https:\\\/\\\/2025.damius.com\\\/it\\\/che-cosa-e-il-marchio-bicycode\\\/#primaryimage\"},\"image\":{\"@id\":\"https:\\\/\\\/2025.damius.com\\\/it\\\/che-cosa-e-il-marchio-bicycode\\\/#primaryimage\"},\"thumbnailUrl\":\"https:\\\/\\\/2025.damius.com\\\/wp-content\\\/uploads\\\/2026\\\/02\\\/bicycode_1-1024x726.jpg\",\"datePublished\":\"2026-02-05T17:52:19+00:00\",\"dateModified\":\"2026-02-06T08:27:34+00:00\",\"breadcrumb\":{\"@id\":\"https:\\\/\\\/2025.damius.com\\\/it\\\/che-cosa-e-il-marchio-bicycode\\\/#breadcrumb\"},\"inLanguage\":\"it-IT\",\"potentialAction\":[{\"@type\":\"ReadAction\",\"target\":[\"https:\\\/\\\/2025.damius.com\\\/it\\\/che-cosa-e-il-marchio-bicycode\\\/\"]}]},{\"@type\":\"ImageObject\",\"inLanguage\":\"it-IT\",\"@id\":\"https:\\\/\\\/2025.damius.com\\\/it\\\/che-cosa-e-il-marchio-bicycode\\\/#primaryimage\",\"url\":\"https:\\\/\\\/2025.damius.com\\\/wp-content\\\/uploads\\\/2026\\\/02\\\/bicycode_1-1024x726.jpg\",\"contentUrl\":\"https:\\\/\\\/2025.damius.com\\\/wp-content\\\/uploads\\\/2026\\\/02\\\/bicycode_1-1024x726.jpg\"},{\"@type\":\"BreadcrumbList\",\"@id\":\"https:\\\/\\\/2025.damius.com\\\/it\\\/che-cosa-e-il-marchio-bicycode\\\/#breadcrumb\",\"itemListElement\":[{\"@type\":\"ListItem\",\"position\":1,\"name\":\"Accueil\",\"item\":\"https:\\\/\\\/2025.damius.com\\\/it\\\/casa\\\/\"},{\"@type\":\"ListItem\",\"position\":2,\"name\":\"Che cosa \u00e8 il marchio BICYCODE\u00ae?\"}]},{\"@type\":\"WebSite\",\"@id\":\"https:\\\/\\\/2025.damius.com\\\/#website\",\"url\":\"https:\\\/\\\/2025.damius.com\\\/\",\"name\":\"Damius\",\"description\":\"\",\"publisher\":{\"@id\":\"https:\\\/\\\/2025.damius.com\\\/#organization\"},\"potentialAction\":[{\"@type\":\"SearchAction\",\"target\":{\"@type\":\"EntryPoint\",\"urlTemplate\":\"https:\\\/\\\/2025.damius.com\\\/?s={search_term_string}\"},\"query-input\":{\"@type\":\"PropertyValueSpecification\",\"valueRequired\":true,\"valueName\":\"search_term_string\"}}],\"inLanguage\":\"it-IT\"},{\"@type\":\"Organization\",\"@id\":\"https:\\\/\\\/2025.damius.com\\\/#organization\",\"name\":\"Damius\",\"url\":\"https:\\\/\\\/2025.damius.com\\\/\",\"logo\":{\"@type\":\"ImageObject\",\"inLanguage\":\"it-IT\",\"@id\":\"https:\\\/\\\/2025.damius.com\\\/#\\\/schema\\\/logo\\\/image\\\/\",\"url\":\"https:\\\/\\\/2025.damius.com\\\/wp-content\\\/uploads\\\/2022\\\/01\\\/Logo_Damius-1.jpg\",\"contentUrl\":\"https:\\\/\\\/2025.damius.com\\\/wp-content\\\/uploads\\\/2022\\\/01\\\/Logo_Damius-1.jpg\",\"width\":616,\"height\":143,\"caption\":\"Damius\"},\"image\":{\"@id\":\"https:\\\/\\\/2025.damius.com\\\/#\\\/schema\\\/logo\\\/image\\\/\"}}]}<\/script>\n<!-- \/ Yoast SEO plugin. -->","yoast_head_json":{"title":"Che cosa \u00e8 il marchio BICYCODE\u00ae? - Damius","robots":{"index":"noindex","follow":"follow","max-snippet":"max-snippet:-1","max-image-preview":"max-image-preview:large","max-video-preview":"max-video-preview:-1"},"og_locale":"it_IT","og_type":"article","og_title":"Che cosa \u00e8 il marchio BICYCODE\u00ae? - Damius","og_description":"BICYCODE\u00ae \u00e8 l&#8217;UNICO sistema riconosciuto dal governo francese per la lotta al furto di biciclette e al riciclaggio di beni rubati. \u00c8 supportato dal Ministero dell&#8217;Ambiente e dal Ministero dell&#8217;Interno. La nostra azienda \u00e8 autorizzata come operatore ufficiale, per questo motivo incidiamo personalmente i nostri tricicli prima di spedirli ai rispettivi proprietari. Lo scopo di [&hellip;]","og_url":"https:\/\/2025.damius.com\/it\/che-cosa-e-il-marchio-bicycode\/","og_site_name":"Damius","article_modified_time":"2026-02-06T08:27:34+00:00","og_image":[{"width":1280,"height":908,"url":"https:\/\/2025.damius.com\/wp-content\/uploads\/2026\/02\/bicycode_1.jpg","type":"image\/jpeg"}],"twitter_card":"summary_large_image","twitter_misc":{"Tempo di lettura stimato":"2 minuti"},"schema":{"@context":"https:\/\/schema.org","@graph":[{"@type":"WebPage","@id":"https:\/\/2025.damius.com\/it\/che-cosa-e-il-marchio-bicycode\/","url":"https:\/\/2025.damius.com\/it\/che-cosa-e-il-marchio-bicycode\/","name":"Che cosa \u00e8 il marchio BICYCODE\u00ae? - Damius","isPartOf":{"@id":"https:\/\/2025.damius.com\/#website"},"primaryImageOfPage":{"@id":"https:\/\/2025.damius.com\/it\/che-cosa-e-il-marchio-bicycode\/#primaryimage"},"image":{"@id":"https:\/\/2025.damius.com\/it\/che-cosa-e-il-marchio-bicycode\/#primaryimage"},"thumbnailUrl":"https:\/\/2025.damius.com\/wp-content\/uploads\/2026\/02\/bicycode_1-1024x726.jpg","datePublished":"2026-02-05T17:52:19+00:00","dateModified":"2026-02-06T08:27:34+00:00","breadcrumb":{"@id":"https:\/\/2025.damius.com\/it\/che-cosa-e-il-marchio-bicycode\/#breadcrumb"},"inLanguage":"it-IT","potentialAction":[{"@type":"ReadAction","target":["https:\/\/2025.damius.com\/it\/che-cosa-e-il-marchio-bicycode\/"]}]},{"@type":"ImageObject","inLanguage":"it-IT","@id":"https:\/\/2025.damius.com\/it\/che-cosa-e-il-marchio-bicycode\/#primaryimage","url":"https:\/\/2025.damius.com\/wp-content\/uploads\/2026\/02\/bicycode_1-1024x726.jpg","contentUrl":"https:\/\/2025.damius.com\/wp-content\/uploads\/2026\/02\/bicycode_1-1024x726.jpg"},{"@type":"BreadcrumbList","@id":"https:\/\/2025.damius.com\/it\/che-cosa-e-il-marchio-bicycode\/#breadcrumb","itemListElement":[{"@type":"ListItem","position":1,"name":"Accueil","item":"https:\/\/2025.damius.com\/it\/casa\/"},{"@type":"ListItem","position":2,"name":"Che cosa \u00e8 il marchio BICYCODE\u00ae?"}]},{"@type":"WebSite","@id":"https:\/\/2025.damius.com\/#website","url":"https:\/\/2025.damius.com\/","name":"Damius","description":"","publisher":{"@id":"https:\/\/2025.damius.com\/#organization"},"potentialAction":[{"@type":"SearchAction","target":{"@type":"EntryPoint","urlTemplate":"https:\/\/2025.damius.com\/?s={search_term_string}"},"query-input":{"@type":"PropertyValueSpecification","valueRequired":true,"valueName":"search_term_string"}}],"inLanguage":"it-IT"},{"@type":"Organization","@id":"https:\/\/2025.damius.com\/#organization","name":"Damius","url":"https:\/\/2025.damius.com\/","logo":{"@type":"ImageObject","inLanguage":"it-IT","@id":"https:\/\/2025.damius.com\/#\/schema\/logo\/image\/","url":"https:\/\/2025.damius.com\/wp-content\/uploads\/2022\/01\/Logo_Damius-1.jpg","contentUrl":"https:\/\/2025.damius.com\/wp-content\/uploads\/2022\/01\/Logo_Damius-1.jpg","width":616,"height":143,"caption":"Damius"},"image":{"@id":"https:\/\/2025.damius.com\/#\/schema\/logo\/image\/"}}]}},"featured_image_src":null,"featured_image_src_square":null,"_links":{"self":[{"href":"https:\/\/2025.damius.com\/it\/wp-json\/wp\/v2\/pages\/2190","targetHints":{"allow":["GET"]}}],"collection":[{"href":"https:\/\/2025.damius.com\/it\/wp-json\/wp\/v2\/pages"}],"about":[{"href":"https:\/\/2025.damius.com\/it\/wp-json\/wp\/v2\/types\/page"}],"author":[{"embeddable":true,"href":"https:\/\/2025.damius.com\/it\/wp-json\/wp\/v2\/users\/1"}],"replies":[{"embeddable":true,"href":"https:\/\/2025.damius.com\/it\/wp-json\/wp\/v2\/comments?post=2190"}],"version-history":[{"count":1,"href":"https:\/\/2025.damius.com\/it\/wp-json\/wp\/v2\/pages\/2190\/revisions"}],"predecessor-version":[{"id":2192,"href":"https:\/\/2025.damius.com\/it\/wp-json\/wp\/v2\/pages\/2190\/revisions\/2192"}],"wp:attachment":[{"href":"https:\/\/2025.damius.com\/it\/wp-json\/wp\/v2\/media?parent=2190"}],"curies":[{"name":"wp","href":"https:\/\/api.w.org\/{rel}","templated":true}]}}