{"id":2201,"date":"2026-02-05T19:05:32","date_gmt":"2026-02-05T18:05:32","guid":{"rendered":"https:\/\/2025.damius.com\/servizio-post-vendita\/"},"modified":"2026-02-05T19:05:32","modified_gmt":"2026-02-05T18:05:32","slug":"servizio-post-vendita","status":"publish","type":"page","link":"https:\/\/2025.damius.com\/it\/servizio-post-vendita\/","title":{"rendered":"Servizio post-vendita"},"content":{"rendered":"\n<div class=\"wp-block-media-text alignwide is-stacked-on-mobile is-image-fill-element\"><figure class=\"wp-block-media-text__media\"><img loading=\"lazy\" decoding=\"async\" width=\"600\" height=\"400\" src=\"https:\/\/2025.damius.com\/wp-content\/uploads\/2022\/01\/service-sav.jpg\" alt=\"\" class=\"wp-image-690 size-full\" style=\"object-position:50% 50%\" srcset=\"https:\/\/2025.damius.com\/wp-content\/uploads\/2022\/01\/service-sav.jpg 600w, https:\/\/2025.damius.com\/wp-content\/uploads\/2022\/01\/service-sav-300x200.jpg 300w\" sizes=\"auto, (max-width: 600px) 100vw, 600px\" \/><\/figure><div class=\"wp-block-media-text__content\">\n<h2 class=\"wp-block-heading\">Il nostro servizio post-vendita<br\/>\u00e8 eccezionalmente rigoroso!<\/h2>\n\n\n\n<p> Hai bisogno di contattare il nostro servizio clienti? \u00c8 facile!<br\/>Chiama lo 04 90 59 49 10 (opzione 2) o invia un&#8217;e-mail a <a href=\"mailto:sav@damius.com\">sav@damius.com<\/a> <\/p>\n\n\n\n<p>In qualit\u00e0 di progettisti dei nostri prodotti, siamo orgogliosi di offrire un servizio post-vendita interno. Per noi, infatti, \u00e8 essenziale essere in contatto diretto con <strong>qualsiasi cliente che riscontri un problema<\/strong>. Questo ci consente di ricevere un feedback preciso dai nostri clienti, di essere il pi\u00f9 efficienti possibile nel trovare una soluzione rapida e di migliorare la nostra produzione il pi\u00f9 rapidamente possibile.  <br\/><br\/>Naturalmente teniamo <span style=\"text-decoration: underline;\">a magazzino tutti i pezzi di ricambio per i nostri modelli<\/span>, dai particolari pi\u00f9 tecnici fino alla vite pi\u00f9 piccola! Forniamo inoltre ai nostri clienti, o ai professionisti che effettuano riparazioni o manutenzioni, la consulenza e le istruzioni necessarie per una corretta diagnosi e sostituzione del pezzo in questione. <\/p>\n<\/div><\/div>\n\n<p>La nostra competenza, esperienza e rigorosi standard ci consentono di offrirvi <strong>condizioni di garanzia altamente competitive<\/strong>. Queste includono una garanzia a vita sui nostri telai (solo per privati; i telai sono garantiti 2 anni per i professionisti) e una garanzia di 2 anni su tutti gli altri componenti (inclusi motori e batterie), escluse le parti soggette a usura (pastiglie e dischi freno, catene, pneumatici, camere d&#8217;aria, manopole, cavi e guaine). <\/p>\n\n<p>Tutti i nostri modelli sono <strong>stati progettati in modo intelligente<\/strong> per anticipare e facilitare la manutenzione futura. Il design \u00e8 quindi molto robusto e i componenti sono di qualit\u00e0 superiore, garantendo un&#8217;affidabilit\u00e0 pressoch\u00e9 totale. Che si tratti di manutenzione o di guasti, <span style=\"text-decoration: underline;\">ogni componente elettrico \u00e8 facilmente rimovibile dall&#8217;utente<\/span> (fissaggio semplice con viti a croce e connettori elettrici a innesto rapido con connettori a chiave), e il nostro sistema elettronico, dotato di codici di errore, consente una diagnostica rapida e semplice.   <\/p>\n\n<p>Nel caso in cui un cliente non sia in grado di effettuare autonomamente la manutenzione o la riparazione nonostante i nostri consigli, <span style=\"text-decoration: underline;\">ci assumeremo la responsabilit\u00e0 di trovare un riparatore vicino alla sua abitazione per effettuare l&#8217;intervento<\/span> (a seconda della zona, potrebbero essere necessari riparatori domestici).<\/p>\n\n<p>La nostra priorit\u00e0 \u00e8 la totale soddisfazione dei nostri clienti!<\/p>\n\n<p><a href=\"https:\/\/2025.damius.com\/it\/garanzia-e-servizio-post-vendita\/\">Scopri di pi\u00f9 sul nostro servizio post-vendita<\/a><\/p>\n","protected":false},"excerpt":{"rendered":"<p>Il nostro servizio post-vendita\u00e8 eccezionalmente rigoroso! Hai bisogno di contattare il nostro servizio clienti? \u00c8 facile!Chiama lo 04 90 59 49 10 (opzione 2) o invia un&#8217;e-mail a sav@damius.com In qualit\u00e0 di progettisti dei nostri prodotti, siamo orgogliosi di offrire un servizio post-vendita interno. Per noi, infatti, \u00e8 essenziale essere in contatto diretto con qualsiasi [&hellip;]<\/p>\n","protected":false},"author":1,"featured_media":0,"parent":0,"menu_order":0,"comment_status":"closed","ping_status":"closed","template":"","meta":{"_acf_changed":false,"_eb_attr":"","footnotes":""},"class_list":["post-2201","page","type-page","status-publish","hentry"],"acf":[],"yoast_head":"<!-- This site is optimized with the Yoast SEO plugin v27.3 - https:\/\/yoast.com\/product\/yoast-seo-wordpress\/ -->\n<title>Servizio post-vendita - Damius<\/title>\n<meta name=\"robots\" content=\"noindex, follow, max-snippet:-1, max-image-preview:large, max-video-preview:-1\" \/>\n<meta property=\"og:locale\" content=\"it_IT\" \/>\n<meta property=\"og:type\" content=\"article\" \/>\n<meta property=\"og:title\" content=\"Servizio post-vendita - Damius\" \/>\n<meta property=\"og:description\" content=\"Il nostro servizio post-vendita\u00e8 eccezionalmente rigoroso! Hai bisogno di contattare il nostro servizio clienti? \u00c8 facile!Chiama lo 04 90 59 49 10 (opzione 2) o invia un&#8217;e-mail a sav@damius.com In qualit\u00e0 di progettisti dei nostri prodotti, siamo orgogliosi di offrire un servizio post-vendita interno. Per noi, infatti, \u00e8 essenziale essere in contatto diretto con qualsiasi [&hellip;]\" \/>\n<meta property=\"og:url\" content=\"https:\/\/2025.damius.com\/it\/servizio-post-vendita\/\" \/>\n<meta property=\"og:site_name\" content=\"Damius\" \/>\n<meta property=\"og:image\" content=\"https:\/\/2025.damius.com\/wp-content\/uploads\/2022\/01\/service-sav.jpg\" \/>\n\t<meta property=\"og:image:width\" content=\"600\" \/>\n\t<meta property=\"og:image:height\" content=\"400\" \/>\n\t<meta property=\"og:image:type\" content=\"image\/jpeg\" \/>\n<meta name=\"twitter:card\" content=\"summary_large_image\" \/>\n<meta name=\"twitter:label1\" content=\"Tempo di lettura stimato\" \/>\n\t<meta name=\"twitter:data1\" content=\"2 minuti\" \/>\n<script type=\"application\/ld+json\" class=\"yoast-schema-graph\">{\"@context\":\"https:\\\/\\\/schema.org\",\"@graph\":[{\"@type\":\"WebPage\",\"@id\":\"https:\\\/\\\/2025.damius.com\\\/it\\\/servizio-post-vendita\\\/\",\"url\":\"https:\\\/\\\/2025.damius.com\\\/it\\\/servizio-post-vendita\\\/\",\"name\":\"Servizio post-vendita - Damius\",\"isPartOf\":{\"@id\":\"https:\\\/\\\/2025.damius.com\\\/#website\"},\"primaryImageOfPage\":{\"@id\":\"https:\\\/\\\/2025.damius.com\\\/it\\\/servizio-post-vendita\\\/#primaryimage\"},\"image\":{\"@id\":\"https:\\\/\\\/2025.damius.com\\\/it\\\/servizio-post-vendita\\\/#primaryimage\"},\"thumbnailUrl\":\"https:\\\/\\\/2025.damius.com\\\/wp-content\\\/uploads\\\/2022\\\/01\\\/service-sav.jpg\",\"datePublished\":\"2026-02-05T18:05:32+00:00\",\"breadcrumb\":{\"@id\":\"https:\\\/\\\/2025.damius.com\\\/it\\\/servizio-post-vendita\\\/#breadcrumb\"},\"inLanguage\":\"it-IT\",\"potentialAction\":[{\"@type\":\"ReadAction\",\"target\":[\"https:\\\/\\\/2025.damius.com\\\/it\\\/servizio-post-vendita\\\/\"]}]},{\"@type\":\"ImageObject\",\"inLanguage\":\"it-IT\",\"@id\":\"https:\\\/\\\/2025.damius.com\\\/it\\\/servizio-post-vendita\\\/#primaryimage\",\"url\":\"https:\\\/\\\/2025.damius.com\\\/wp-content\\\/uploads\\\/2022\\\/01\\\/service-sav.jpg\",\"contentUrl\":\"https:\\\/\\\/2025.damius.com\\\/wp-content\\\/uploads\\\/2022\\\/01\\\/service-sav.jpg\"},{\"@type\":\"BreadcrumbList\",\"@id\":\"https:\\\/\\\/2025.damius.com\\\/it\\\/servizio-post-vendita\\\/#breadcrumb\",\"itemListElement\":[{\"@type\":\"ListItem\",\"position\":1,\"name\":\"Accueil\",\"item\":\"https:\\\/\\\/2025.damius.com\\\/it\\\/casa\\\/\"},{\"@type\":\"ListItem\",\"position\":2,\"name\":\"Servizio post-vendita\"}]},{\"@type\":\"WebSite\",\"@id\":\"https:\\\/\\\/2025.damius.com\\\/#website\",\"url\":\"https:\\\/\\\/2025.damius.com\\\/\",\"name\":\"Damius\",\"description\":\"\",\"publisher\":{\"@id\":\"https:\\\/\\\/2025.damius.com\\\/#organization\"},\"potentialAction\":[{\"@type\":\"SearchAction\",\"target\":{\"@type\":\"EntryPoint\",\"urlTemplate\":\"https:\\\/\\\/2025.damius.com\\\/?s={search_term_string}\"},\"query-input\":{\"@type\":\"PropertyValueSpecification\",\"valueRequired\":true,\"valueName\":\"search_term_string\"}}],\"inLanguage\":\"it-IT\"},{\"@type\":\"Organization\",\"@id\":\"https:\\\/\\\/2025.damius.com\\\/#organization\",\"name\":\"Damius\",\"url\":\"https:\\\/\\\/2025.damius.com\\\/\",\"logo\":{\"@type\":\"ImageObject\",\"inLanguage\":\"it-IT\",\"@id\":\"https:\\\/\\\/2025.damius.com\\\/#\\\/schema\\\/logo\\\/image\\\/\",\"url\":\"https:\\\/\\\/2025.damius.com\\\/wp-content\\\/uploads\\\/2022\\\/01\\\/Logo_Damius-1.jpg\",\"contentUrl\":\"https:\\\/\\\/2025.damius.com\\\/wp-content\\\/uploads\\\/2022\\\/01\\\/Logo_Damius-1.jpg\",\"width\":616,\"height\":143,\"caption\":\"Damius\"},\"image\":{\"@id\":\"https:\\\/\\\/2025.damius.com\\\/#\\\/schema\\\/logo\\\/image\\\/\"}}]}<\/script>\n<!-- \/ Yoast SEO plugin. -->","yoast_head_json":{"title":"Servizio post-vendita - Damius","robots":{"index":"noindex","follow":"follow","max-snippet":"max-snippet:-1","max-image-preview":"max-image-preview:large","max-video-preview":"max-video-preview:-1"},"og_locale":"it_IT","og_type":"article","og_title":"Servizio post-vendita - Damius","og_description":"Il nostro servizio post-vendita\u00e8 eccezionalmente rigoroso! Hai bisogno di contattare il nostro servizio clienti? \u00c8 facile!Chiama lo 04 90 59 49 10 (opzione 2) o invia un&#8217;e-mail a sav@damius.com In qualit\u00e0 di progettisti dei nostri prodotti, siamo orgogliosi di offrire un servizio post-vendita interno. Per noi, infatti, \u00e8 essenziale essere in contatto diretto con qualsiasi [&hellip;]","og_url":"https:\/\/2025.damius.com\/it\/servizio-post-vendita\/","og_site_name":"Damius","og_image":[{"width":600,"height":400,"url":"https:\/\/2025.damius.com\/wp-content\/uploads\/2022\/01\/service-sav.jpg","type":"image\/jpeg"}],"twitter_card":"summary_large_image","twitter_misc":{"Tempo di lettura stimato":"2 minuti"},"schema":{"@context":"https:\/\/schema.org","@graph":[{"@type":"WebPage","@id":"https:\/\/2025.damius.com\/it\/servizio-post-vendita\/","url":"https:\/\/2025.damius.com\/it\/servizio-post-vendita\/","name":"Servizio post-vendita - Damius","isPartOf":{"@id":"https:\/\/2025.damius.com\/#website"},"primaryImageOfPage":{"@id":"https:\/\/2025.damius.com\/it\/servizio-post-vendita\/#primaryimage"},"image":{"@id":"https:\/\/2025.damius.com\/it\/servizio-post-vendita\/#primaryimage"},"thumbnailUrl":"https:\/\/2025.damius.com\/wp-content\/uploads\/2022\/01\/service-sav.jpg","datePublished":"2026-02-05T18:05:32+00:00","breadcrumb":{"@id":"https:\/\/2025.damius.com\/it\/servizio-post-vendita\/#breadcrumb"},"inLanguage":"it-IT","potentialAction":[{"@type":"ReadAction","target":["https:\/\/2025.damius.com\/it\/servizio-post-vendita\/"]}]},{"@type":"ImageObject","inLanguage":"it-IT","@id":"https:\/\/2025.damius.com\/it\/servizio-post-vendita\/#primaryimage","url":"https:\/\/2025.damius.com\/wp-content\/uploads\/2022\/01\/service-sav.jpg","contentUrl":"https:\/\/2025.damius.com\/wp-content\/uploads\/2022\/01\/service-sav.jpg"},{"@type":"BreadcrumbList","@id":"https:\/\/2025.damius.com\/it\/servizio-post-vendita\/#breadcrumb","itemListElement":[{"@type":"ListItem","position":1,"name":"Accueil","item":"https:\/\/2025.damius.com\/it\/casa\/"},{"@type":"ListItem","position":2,"name":"Servizio post-vendita"}]},{"@type":"WebSite","@id":"https:\/\/2025.damius.com\/#website","url":"https:\/\/2025.damius.com\/","name":"Damius","description":"","publisher":{"@id":"https:\/\/2025.damius.com\/#organization"},"potentialAction":[{"@type":"SearchAction","target":{"@type":"EntryPoint","urlTemplate":"https:\/\/2025.damius.com\/?s={search_term_string}"},"query-input":{"@type":"PropertyValueSpecification","valueRequired":true,"valueName":"search_term_string"}}],"inLanguage":"it-IT"},{"@type":"Organization","@id":"https:\/\/2025.damius.com\/#organization","name":"Damius","url":"https:\/\/2025.damius.com\/","logo":{"@type":"ImageObject","inLanguage":"it-IT","@id":"https:\/\/2025.damius.com\/#\/schema\/logo\/image\/","url":"https:\/\/2025.damius.com\/wp-content\/uploads\/2022\/01\/Logo_Damius-1.jpg","contentUrl":"https:\/\/2025.damius.com\/wp-content\/uploads\/2022\/01\/Logo_Damius-1.jpg","width":616,"height":143,"caption":"Damius"},"image":{"@id":"https:\/\/2025.damius.com\/#\/schema\/logo\/image\/"}}]}},"featured_image_src":null,"featured_image_src_square":null,"_links":{"self":[{"href":"https:\/\/2025.damius.com\/it\/wp-json\/wp\/v2\/pages\/2201","targetHints":{"allow":["GET"]}}],"collection":[{"href":"https:\/\/2025.damius.com\/it\/wp-json\/wp\/v2\/pages"}],"about":[{"href":"https:\/\/2025.damius.com\/it\/wp-json\/wp\/v2\/types\/page"}],"author":[{"embeddable":true,"href":"https:\/\/2025.damius.com\/it\/wp-json\/wp\/v2\/users\/1"}],"replies":[{"embeddable":true,"href":"https:\/\/2025.damius.com\/it\/wp-json\/wp\/v2\/comments?post=2201"}],"version-history":[{"count":1,"href":"https:\/\/2025.damius.com\/it\/wp-json\/wp\/v2\/pages\/2201\/revisions"}],"predecessor-version":[{"id":2202,"href":"https:\/\/2025.damius.com\/it\/wp-json\/wp\/v2\/pages\/2201\/revisions\/2202"}],"wp:attachment":[{"href":"https:\/\/2025.damius.com\/it\/wp-json\/wp\/v2\/media?parent=2201"}],"curies":[{"name":"wp","href":"https:\/\/api.w.org\/{rel}","templated":true}]}}