{"id":2281,"date":"2026-02-06T10:43:32","date_gmt":"2026-02-06T09:43:32","guid":{"rendered":"https:\/\/2025.damius.com\/servizio-clienti-tutti-i-nostri-recapiti\/"},"modified":"2026-02-06T10:43:33","modified_gmt":"2026-02-06T09:43:33","slug":"servizio-clienti-tutti-i-nostri-recapiti","status":"publish","type":"page","link":"https:\/\/2025.damius.com\/it\/servizio-clienti-tutti-i-nostri-recapiti\/","title":{"rendered":"Servizio clienti &#8211; Tutti i nostri recapiti"},"content":{"rendered":"\n<div class=\"wp-block-media-text alignwide is-stacked-on-mobile\" style=\"grid-template-columns:19% auto\"><figure class=\"wp-block-media-text__media\"><img loading=\"lazy\" decoding=\"async\" width=\"590\" height=\"786\" src=\"https:\/\/2025.damius.com\/wp-content\/uploads\/2026\/02\/Aper_u-catalogue-tricycle-adulte-damius.jpg\" alt=\"\" class=\"wp-image-1766 size-full\" srcset=\"https:\/\/2025.damius.com\/wp-content\/uploads\/2026\/02\/Aper_u-catalogue-tricycle-adulte-damius.jpg 590w, https:\/\/2025.damius.com\/wp-content\/uploads\/2026\/02\/Aper_u-catalogue-tricycle-adulte-damius-225x300.jpg 225w, https:\/\/2025.damius.com\/wp-content\/uploads\/2026\/02\/Aper_u-catalogue-tricycle-adulte-damius-300x400.jpg 300w\" sizes=\"auto, (max-width: 590px) 100vw, 590px\" \/><\/figure><div class=\"wp-block-media-text__content\">\n<p><a href=\"https:\/\/2025.damius.com\/wp-content\/uploads\/2026\/02\/CatalogueDamius.pdf\" id=\"1765\" target=\"_blank\" rel=\"noreferrer noopener\"><strong>Scarica il catalogo Damius cliccando qui<\/strong><\/a><\/p>\n\n\n\n<p>  <\/p>\n\n\n\n<p class=\"has-text-color has-link-color wp-elements-88ba1d9df745b787f2a2d1a2fb5cb07a\" style=\"color:#ff0000\">Se desideri ricevere una copia cartacea, contattaci o fornisci il tuo indirizzo postale utilizzando il modulo in fondo a questa pagina.<\/p>\n\n\n\n<p>  <\/p>\n\n\n\n<p><strong>Hai bisogno di consigli o informazioni?<\/strong><br \/>I nostri consulenti sono disponibili via email, telefono o chat <strong>dal luned\u00ec al venerd\u00ec<\/strong>.<\/p>\n\n\n\n<p>  <\/p>\n\n\n\n<p><strong>Ufficio Vendite &#8211; Dal luned\u00ec al venerd\u00ec, dalle 9:00 alle 12:30 e dalle 14:00 alle 17:30:<\/strong><br \/><a href=\"mailto:info@damius.com\">info@damius.com<\/a> &#8211; +33 4 90 59 49 10 opzione 1<\/p>\n\n\n\n<p><strong>Servizio Clienti &#8211; Dal luned\u00ec al venerd\u00ec, dalle 9:00 alle 12:30 e dalle 14:00 alle 17:30:<\/strong><br \/><a href=\"mailto:sav@damius.com\">sav@damius.com<\/a> &#8211; +33 4 90 59 49 10 opzione 2<\/p>\n<\/div><\/div>\n\n<div class=\"wp-block-media-text alignwide has-media-on-the-right is-stacked-on-mobile is-vertically-aligned-top\"><div class=\"wp-block-media-text__content\">\n<p><strong><strong>Venite a trovarci <mark style=\"color:#ff0000\" class=\"has-inline-color\">(solo su appuntamento)<\/mark>!<\/strong><\/strong><\/p>\n\n\n\n<p><strong><strong>DAMIUS<br \/>33 avenue du Royaume-Uni<br \/>ZI les Moli\u00e8res<br \/>13140 MIRAMAS &#8211; France<\/strong><\/strong><\/p>\n\n\n\n<p><\/p>\n\n\n\n<p><strong>Puoi anche utilizzare il modulo sottostante:<\/strong><\/p>\n\n\n\n<div class=\"wpcf7 no-js\" id=\"wpcf7-f837-o1\" lang=\"fr-FR\" dir=\"ltr\" data-wpcf7-id=\"837\">\n<div class=\"screen-reader-response\"><p role=\"status\" aria-live=\"polite\" aria-atomic=\"true\"><\/p> <ul><\/ul><\/div>\n<form action=\"\/it\/wp-json\/wp\/v2\/pages\/2281#wpcf7-f837-o1\" method=\"post\" class=\"wpcf7-form init\" aria-label=\"Formulaire de contact\" novalidate=\"novalidate\" data-status=\"init\">\n<fieldset class=\"hidden-fields-container\"><input type=\"hidden\" name=\"_wpcf7\" value=\"837\" \/><input type=\"hidden\" name=\"_wpcf7_version\" value=\"6.1.5\" \/><input type=\"hidden\" name=\"_wpcf7_locale\" value=\"fr_FR\" \/><input type=\"hidden\" name=\"_wpcf7_unit_tag\" value=\"wpcf7-f837-o1\" \/><input type=\"hidden\" name=\"_wpcf7_container_post\" value=\"0\" \/><input type=\"hidden\" name=\"_wpcf7_posted_data_hash\" value=\"\" \/>\n<\/fieldset>\n<p><label> Nom<br \/>\n<span class=\"wpcf7-form-control-wrap\" data-name=\"nom\"><input size=\"40\" maxlength=\"400\" class=\"wpcf7-form-control wpcf7-text wpcf7-validates-as-required\" aria-required=\"true\" aria-invalid=\"false\" value=\"\" type=\"text\" name=\"nom\" \/><\/span> <\/label>\n<\/p>\n<p><label> Prenom<br \/>\n<span class=\"wpcf7-form-control-wrap\" data-name=\"prenom\"><input size=\"40\" maxlength=\"400\" class=\"wpcf7-form-control wpcf7-text wpcf7-validates-as-required\" aria-required=\"true\" aria-invalid=\"false\" value=\"\" type=\"text\" name=\"prenom\" \/><\/span> <\/label>\n<\/p>\n<p><label> Email<br \/>\n<span class=\"wpcf7-form-control-wrap\" data-name=\"email\"><input size=\"40\" maxlength=\"400\" class=\"wpcf7-form-control wpcf7-email wpcf7-validates-as-required wpcf7-text wpcf7-validates-as-email\" aria-required=\"true\" aria-invalid=\"false\" value=\"\" type=\"email\" name=\"email\" \/><\/span> <\/label>\n<\/p>\n<p><label> Sujet<br \/>\n<span class=\"wpcf7-form-control-wrap\" data-name=\"sujet\"><input size=\"40\" maxlength=\"400\" class=\"wpcf7-form-control wpcf7-text wpcf7-validates-as-required\" aria-required=\"true\" aria-invalid=\"false\" value=\"\" type=\"text\" name=\"sujet\" \/><\/span> <\/label>\n<\/p>\n<p><label> Message<br \/>\n<span class=\"wpcf7-form-control-wrap\" data-name=\"message\"><textarea cols=\"40\" rows=\"10\" maxlength=\"2000\" class=\"wpcf7-form-control wpcf7-textarea wpcf7-validates-as-required\" aria-required=\"true\" aria-invalid=\"false\" placeholder=\"Si vous souhaitez recevoir un catalogue par courrier, merci de nous indiquer votre adresse postale.\" name=\"message\"><\/textarea><\/span> <\/label><br \/>\n<span class=\"wpcf7-form-control-wrap kc_captcha cf7ic-toggle\" data-name=\"kc_captcha\"><span class=\"wpcf7-form-control wpcf7-radio\"><span class=\"captcha-image\" style=\"display: none;\"><span class=\"cf7ic_instructions\">Veuillez prouver que vous \u00eates humain en s\u00e9lectionnant<span> la tasse<\/span>.<\/span><label><input aria-label=\"1\" type=\"radio\" name=\"kc_captcha\" value=\"bot\" \/><svg aria-hidden=\"true\" role=\"img\" xmlns=\"http:\/\/www.w3.org\/2000\/svg\" viewBox=\"0 0 576 512\"><path fill=\"currentColor\" d=\"M488 313v143c0 13-11 24-24 24H348c-7 0-12-5-12-12V356c0-7-5-12-12-12h-72c-7 0-12 5-12 12v112c0 7-5 12-12 12H112c-13 0-24-11-24-24V313c0-4 2-7 4-10l188-154c5-4 11-4 16 0l188 154c2 3 4 6 4 10zm84-61l-84-69V44c0-6-5-12-12-12h-56c-7 0-12 6-12 12v73l-89-74a48 48 0 00-61 0L4 252c-5 4-5 12-1 17l25 31c5 5 12 5 17 1l235-193c5-4 11-4 16 0l235 193c5 5 13 4 17-1l25-31c4-6 4-13-1-17z\"\/><\/svg><\/label><label><input aria-label=\"2\" type=\"radio\" name=\"kc_captcha\" value=\"bot\" \/><svg aria-hidden=\"true\" role=\"img\" xmlns=\"http:\/\/www.w3.org\/2000\/svg\" viewBox=\"0 0 512 512\"><path fill=\"currentColor\" d=\"M500 168h-55l-8-21a127 127 0 00-120-83H195a127 127 0 00-120 83l-8 21H12c-8 0-14 8-11 16l8 24a12 12 0 0011 8h29a64 64 0 00-33 56v48c0 16 6 31 16 42v62c0 13 11 24 24 24h48c13 0 24-11 24-24v-40h256v40c0 13 11 24 24 24h48c13 0 24-11 24-24v-62c10-11 16-26 16-42v-48c0-24-13-45-33-56h29a12 12 0 0011-8l8-24c3-8-3-16-11-16zm-365 2c9-25 33-42 60-42h122c27 0 51 17 60 42l15 38H120l15-38zM88 328a32 32 0 010-64c18 0 48 30 48 48s-30 16-48 16zm336 0c-18 0-48 2-48-16s30-48 48-48 32 14 32 32-14 32-32 32z\"\/><\/svg><\/label><label><input aria-label=\"3\" type=\"radio\" name=\"kc_captcha\" value=\"kc_human\" \/><svg aria-hidden=\"true\" role=\"img\" xmlns=\"http:\/\/www.w3.org\/2000\/svg\" viewBox=\"0 0 640 512\"><path fill=\"currentColor\" d=\"M192 384h192c53 0 96-43 96-96h32a128 128 0 000-256H120c-13 0-24 11-24 24v232c0 53 43 96 96 96zM512 96a64 64 0 010 128h-32V96h32zm48 384H48c-47 0-61-64-36-64h584c25 0 11 64-36 64z\"\/><\/svg><\/label>\r\n    <\/span>\r\n    <span style=\"display:none\">\r\n        <input type=\"text\" name=\"kc_honeypot\">\r\n    <\/span><\/span><\/span><br \/>\n<input class=\"wpcf7-form-control wpcf7-submit has-spinner\" type=\"submit\" value=\"Envoyer\" \/>\n<\/p><div class=\"wpcf7-response-output\" aria-hidden=\"true\"><\/div>\n<\/form>\n<\/div>\n\n<\/div><figure class=\"wp-block-media-text__media\"><img loading=\"lazy\" decoding=\"async\" width=\"512\" height=\"512\" src=\"https:\/\/2025.damius.com\/wp-content\/uploads\/2020\/09\/cropped-favicon-damius.png\" alt=\"\" class=\"wp-image-268 size-full\" srcset=\"https:\/\/2025.damius.com\/wp-content\/uploads\/2020\/09\/cropped-favicon-damius.png 512w, https:\/\/2025.damius.com\/wp-content\/uploads\/2020\/09\/cropped-favicon-damius-300x300.png 300w, https:\/\/2025.damius.com\/wp-content\/uploads\/2020\/09\/cropped-favicon-damius-150x150.png 150w, https:\/\/2025.damius.com\/wp-content\/uploads\/2020\/09\/cropped-favicon-damius-450x450.png 450w, https:\/\/2025.damius.com\/wp-content\/uploads\/2020\/09\/cropped-favicon-damius-100x100.png 100w, https:\/\/2025.damius.com\/wp-content\/uploads\/2020\/09\/cropped-favicon-damius-270x270.png 270w, https:\/\/2025.damius.com\/wp-content\/uploads\/2020\/09\/cropped-favicon-damius-192x192.png 192w, https:\/\/2025.damius.com\/wp-content\/uploads\/2020\/09\/cropped-favicon-damius-180x180.png 180w, https:\/\/2025.damius.com\/wp-content\/uploads\/2020\/09\/cropped-favicon-damius-32x32.png 32w\" sizes=\"auto, (max-width: 512px) 100vw, 512px\" \/><\/figure><\/div>\n","protected":false},"excerpt":{"rendered":"<p>Scarica il catalogo Damius cliccando qui Se desideri ricevere una copia cartacea, contattaci o fornisci il tuo indirizzo postale utilizzando il modulo in fondo a questa pagina. Hai bisogno di consigli o informazioni?I nostri consulenti sono disponibili via email, telefono o chat dal luned\u00ec al venerd\u00ec. Ufficio Vendite &#8211; Dal luned\u00ec al venerd\u00ec, dalle 9:00 [&hellip;]<\/p>\n","protected":false},"author":1,"featured_media":0,"parent":0,"menu_order":0,"comment_status":"closed","ping_status":"closed","template":"","meta":{"_acf_changed":false,"_eb_attr":"","footnotes":""},"class_list":["post-2281","page","type-page","status-publish","hentry"],"acf":[],"yoast_head":"<!-- This site is optimized with the Yoast SEO plugin v27.3 - https:\/\/yoast.com\/product\/yoast-seo-wordpress\/ -->\n<title>Servizio clienti - Tutti i nostri recapiti - Damius<\/title>\n<meta name=\"robots\" content=\"noindex, follow, max-snippet:-1, max-image-preview:large, max-video-preview:-1\" \/>\n<meta property=\"og:locale\" content=\"it_IT\" \/>\n<meta property=\"og:type\" content=\"article\" \/>\n<meta property=\"og:title\" content=\"Servizio clienti - Tutti i nostri recapiti - Damius\" \/>\n<meta property=\"og:description\" content=\"Scarica il catalogo Damius cliccando qui Se desideri ricevere una copia cartacea, contattaci o fornisci il tuo indirizzo postale utilizzando il modulo in fondo a questa pagina. Hai bisogno di consigli o informazioni?I nostri consulenti sono disponibili via email, telefono o chat dal luned\u00ec al venerd\u00ec. Ufficio Vendite &#8211; Dal luned\u00ec al venerd\u00ec, dalle 9:00 [&hellip;]\" \/>\n<meta property=\"og:url\" content=\"https:\/\/2025.damius.com\/it\/servizio-clienti-tutti-i-nostri-recapiti\/\" \/>\n<meta property=\"og:site_name\" content=\"Damius\" \/>\n<meta property=\"article:modified_time\" content=\"2026-02-06T09:43:33+00:00\" \/>\n<meta property=\"og:image\" content=\"https:\/\/2025.damius.com\/wp-content\/uploads\/2026\/02\/Aper_u-catalogue-tricycle-adulte-damius.jpg\" \/>\n\t<meta property=\"og:image:width\" content=\"590\" \/>\n\t<meta property=\"og:image:height\" content=\"786\" \/>\n\t<meta property=\"og:image:type\" content=\"image\/jpeg\" \/>\n<meta name=\"twitter:card\" content=\"summary_large_image\" \/>\n<meta name=\"twitter:label1\" content=\"Tempo di lettura stimato\" \/>\n\t<meta name=\"twitter:data1\" content=\"1 minuto\" \/>\n<script type=\"application\/ld+json\" class=\"yoast-schema-graph\">{\"@context\":\"https:\\\/\\\/schema.org\",\"@graph\":[{\"@type\":\"WebPage\",\"@id\":\"https:\\\/\\\/2025.damius.com\\\/it\\\/servizio-clienti-tutti-i-nostri-recapiti\\\/\",\"url\":\"https:\\\/\\\/2025.damius.com\\\/it\\\/servizio-clienti-tutti-i-nostri-recapiti\\\/\",\"name\":\"Servizio clienti - Tutti i nostri recapiti - Damius\",\"isPartOf\":{\"@id\":\"https:\\\/\\\/2025.damius.com\\\/#website\"},\"primaryImageOfPage\":{\"@id\":\"https:\\\/\\\/2025.damius.com\\\/it\\\/servizio-clienti-tutti-i-nostri-recapiti\\\/#primaryimage\"},\"image\":{\"@id\":\"https:\\\/\\\/2025.damius.com\\\/it\\\/servizio-clienti-tutti-i-nostri-recapiti\\\/#primaryimage\"},\"thumbnailUrl\":\"https:\\\/\\\/2025.damius.com\\\/wp-content\\\/uploads\\\/2026\\\/02\\\/Aper_u-catalogue-tricycle-adulte-damius.jpg\",\"datePublished\":\"2026-02-06T09:43:32+00:00\",\"dateModified\":\"2026-02-06T09:43:33+00:00\",\"breadcrumb\":{\"@id\":\"https:\\\/\\\/2025.damius.com\\\/it\\\/servizio-clienti-tutti-i-nostri-recapiti\\\/#breadcrumb\"},\"inLanguage\":\"it-IT\",\"potentialAction\":[{\"@type\":\"ReadAction\",\"target\":[\"https:\\\/\\\/2025.damius.com\\\/it\\\/servizio-clienti-tutti-i-nostri-recapiti\\\/\"]}]},{\"@type\":\"ImageObject\",\"inLanguage\":\"it-IT\",\"@id\":\"https:\\\/\\\/2025.damius.com\\\/it\\\/servizio-clienti-tutti-i-nostri-recapiti\\\/#primaryimage\",\"url\":\"https:\\\/\\\/2025.damius.com\\\/wp-content\\\/uploads\\\/2026\\\/02\\\/Aper_u-catalogue-tricycle-adulte-damius.jpg\",\"contentUrl\":\"https:\\\/\\\/2025.damius.com\\\/wp-content\\\/uploads\\\/2026\\\/02\\\/Aper_u-catalogue-tricycle-adulte-damius.jpg\"},{\"@type\":\"BreadcrumbList\",\"@id\":\"https:\\\/\\\/2025.damius.com\\\/it\\\/servizio-clienti-tutti-i-nostri-recapiti\\\/#breadcrumb\",\"itemListElement\":[{\"@type\":\"ListItem\",\"position\":1,\"name\":\"Accueil\",\"item\":\"https:\\\/\\\/2025.damius.com\\\/it\\\/casa\\\/\"},{\"@type\":\"ListItem\",\"position\":2,\"name\":\"Servizio clienti &#8211; Tutti i nostri recapiti\"}]},{\"@type\":\"WebSite\",\"@id\":\"https:\\\/\\\/2025.damius.com\\\/#website\",\"url\":\"https:\\\/\\\/2025.damius.com\\\/\",\"name\":\"Damius\",\"description\":\"\",\"publisher\":{\"@id\":\"https:\\\/\\\/2025.damius.com\\\/#organization\"},\"potentialAction\":[{\"@type\":\"SearchAction\",\"target\":{\"@type\":\"EntryPoint\",\"urlTemplate\":\"https:\\\/\\\/2025.damius.com\\\/?s={search_term_string}\"},\"query-input\":{\"@type\":\"PropertyValueSpecification\",\"valueRequired\":true,\"valueName\":\"search_term_string\"}}],\"inLanguage\":\"it-IT\"},{\"@type\":\"Organization\",\"@id\":\"https:\\\/\\\/2025.damius.com\\\/#organization\",\"name\":\"Damius\",\"url\":\"https:\\\/\\\/2025.damius.com\\\/\",\"logo\":{\"@type\":\"ImageObject\",\"inLanguage\":\"it-IT\",\"@id\":\"https:\\\/\\\/2025.damius.com\\\/#\\\/schema\\\/logo\\\/image\\\/\",\"url\":\"https:\\\/\\\/2025.damius.com\\\/wp-content\\\/uploads\\\/2022\\\/01\\\/Logo_Damius-1.jpg\",\"contentUrl\":\"https:\\\/\\\/2025.damius.com\\\/wp-content\\\/uploads\\\/2022\\\/01\\\/Logo_Damius-1.jpg\",\"width\":616,\"height\":143,\"caption\":\"Damius\"},\"image\":{\"@id\":\"https:\\\/\\\/2025.damius.com\\\/#\\\/schema\\\/logo\\\/image\\\/\"}}]}<\/script>\n<!-- \/ Yoast SEO plugin. -->","yoast_head_json":{"title":"Servizio clienti - Tutti i nostri recapiti - Damius","robots":{"index":"noindex","follow":"follow","max-snippet":"max-snippet:-1","max-image-preview":"max-image-preview:large","max-video-preview":"max-video-preview:-1"},"og_locale":"it_IT","og_type":"article","og_title":"Servizio clienti - Tutti i nostri recapiti - Damius","og_description":"Scarica il catalogo Damius cliccando qui Se desideri ricevere una copia cartacea, contattaci o fornisci il tuo indirizzo postale utilizzando il modulo in fondo a questa pagina. Hai bisogno di consigli o informazioni?I nostri consulenti sono disponibili via email, telefono o chat dal luned\u00ec al venerd\u00ec. Ufficio Vendite &#8211; Dal luned\u00ec al venerd\u00ec, dalle 9:00 [&hellip;]","og_url":"https:\/\/2025.damius.com\/it\/servizio-clienti-tutti-i-nostri-recapiti\/","og_site_name":"Damius","article_modified_time":"2026-02-06T09:43:33+00:00","og_image":[{"width":590,"height":786,"url":"https:\/\/2025.damius.com\/wp-content\/uploads\/2026\/02\/Aper_u-catalogue-tricycle-adulte-damius.jpg","type":"image\/jpeg"}],"twitter_card":"summary_large_image","twitter_misc":{"Tempo di lettura stimato":"1 minuto"},"schema":{"@context":"https:\/\/schema.org","@graph":[{"@type":"WebPage","@id":"https:\/\/2025.damius.com\/it\/servizio-clienti-tutti-i-nostri-recapiti\/","url":"https:\/\/2025.damius.com\/it\/servizio-clienti-tutti-i-nostri-recapiti\/","name":"Servizio clienti - Tutti i nostri recapiti - Damius","isPartOf":{"@id":"https:\/\/2025.damius.com\/#website"},"primaryImageOfPage":{"@id":"https:\/\/2025.damius.com\/it\/servizio-clienti-tutti-i-nostri-recapiti\/#primaryimage"},"image":{"@id":"https:\/\/2025.damius.com\/it\/servizio-clienti-tutti-i-nostri-recapiti\/#primaryimage"},"thumbnailUrl":"https:\/\/2025.damius.com\/wp-content\/uploads\/2026\/02\/Aper_u-catalogue-tricycle-adulte-damius.jpg","datePublished":"2026-02-06T09:43:32+00:00","dateModified":"2026-02-06T09:43:33+00:00","breadcrumb":{"@id":"https:\/\/2025.damius.com\/it\/servizio-clienti-tutti-i-nostri-recapiti\/#breadcrumb"},"inLanguage":"it-IT","potentialAction":[{"@type":"ReadAction","target":["https:\/\/2025.damius.com\/it\/servizio-clienti-tutti-i-nostri-recapiti\/"]}]},{"@type":"ImageObject","inLanguage":"it-IT","@id":"https:\/\/2025.damius.com\/it\/servizio-clienti-tutti-i-nostri-recapiti\/#primaryimage","url":"https:\/\/2025.damius.com\/wp-content\/uploads\/2026\/02\/Aper_u-catalogue-tricycle-adulte-damius.jpg","contentUrl":"https:\/\/2025.damius.com\/wp-content\/uploads\/2026\/02\/Aper_u-catalogue-tricycle-adulte-damius.jpg"},{"@type":"BreadcrumbList","@id":"https:\/\/2025.damius.com\/it\/servizio-clienti-tutti-i-nostri-recapiti\/#breadcrumb","itemListElement":[{"@type":"ListItem","position":1,"name":"Accueil","item":"https:\/\/2025.damius.com\/it\/casa\/"},{"@type":"ListItem","position":2,"name":"Servizio clienti &#8211; Tutti i nostri recapiti"}]},{"@type":"WebSite","@id":"https:\/\/2025.damius.com\/#website","url":"https:\/\/2025.damius.com\/","name":"Damius","description":"","publisher":{"@id":"https:\/\/2025.damius.com\/#organization"},"potentialAction":[{"@type":"SearchAction","target":{"@type":"EntryPoint","urlTemplate":"https:\/\/2025.damius.com\/?s={search_term_string}"},"query-input":{"@type":"PropertyValueSpecification","valueRequired":true,"valueName":"search_term_string"}}],"inLanguage":"it-IT"},{"@type":"Organization","@id":"https:\/\/2025.damius.com\/#organization","name":"Damius","url":"https:\/\/2025.damius.com\/","logo":{"@type":"ImageObject","inLanguage":"it-IT","@id":"https:\/\/2025.damius.com\/#\/schema\/logo\/image\/","url":"https:\/\/2025.damius.com\/wp-content\/uploads\/2022\/01\/Logo_Damius-1.jpg","contentUrl":"https:\/\/2025.damius.com\/wp-content\/uploads\/2022\/01\/Logo_Damius-1.jpg","width":616,"height":143,"caption":"Damius"},"image":{"@id":"https:\/\/2025.damius.com\/#\/schema\/logo\/image\/"}}]}},"featured_image_src":null,"featured_image_src_square":null,"_links":{"self":[{"href":"https:\/\/2025.damius.com\/it\/wp-json\/wp\/v2\/pages\/2281","targetHints":{"allow":["GET"]}}],"collection":[{"href":"https:\/\/2025.damius.com\/it\/wp-json\/wp\/v2\/pages"}],"about":[{"href":"https:\/\/2025.damius.com\/it\/wp-json\/wp\/v2\/types\/page"}],"author":[{"embeddable":true,"href":"https:\/\/2025.damius.com\/it\/wp-json\/wp\/v2\/users\/1"}],"replies":[{"embeddable":true,"href":"https:\/\/2025.damius.com\/it\/wp-json\/wp\/v2\/comments?post=2281"}],"version-history":[{"count":2,"href":"https:\/\/2025.damius.com\/it\/wp-json\/wp\/v2\/pages\/2281\/revisions"}],"predecessor-version":[{"id":2288,"href":"https:\/\/2025.damius.com\/it\/wp-json\/wp\/v2\/pages\/2281\/revisions\/2288"}],"wp:attachment":[{"href":"https:\/\/2025.damius.com\/it\/wp-json\/wp\/v2\/media?parent=2281"}],"curies":[{"name":"wp","href":"https:\/\/api.w.org\/{rel}","templated":true}]}}