{"id":2362,"date":"2026-02-09T14:13:59","date_gmt":"2026-02-09T13:13:59","guid":{"rendered":"https:\/\/2025.damius.com\/domande-frequenti\/"},"modified":"2026-02-09T14:14:00","modified_gmt":"2026-02-09T13:14:00","slug":"domande-frequenti","status":"publish","type":"page","link":"https:\/\/2025.damius.com\/it\/domande-frequenti\/","title":{"rendered":"Domande frequenti"},"content":{"rendered":"\n<p><strong><strong><span style=\"text-decoration: underline\">&gt;&gt; O\u00f9 peut-on voir et essayer vos tricycles ?<\/span><\/strong><\/strong><\/p>\n\n<p>Sappiamo che molti di voi vorrebbero vedere o provare il loro triciclo prima di ordinarlo.<br \/>Ecco perch\u00e9 offriamo un servizio di prova a domicilio! Potete trovare tutte le informazioni su questo servizio qui: <a href=\"https:\/\/www.damius.com\/fr\/comment-essayer-nos-tricycles.html\">Come provarlo?<\/a> <\/p>\n\n<p>Naturalmente, se preferite venirci a trovare, vi diamo il benvenuto, solo su appuntamento, a casa nostra dal luned\u00ec al venerd\u00ec al seguente indirizzo:<\/p>\n\n<p>DAMIUS<br \/>33 avenue du Royaume-Uni<br \/>ZI les Moli\u00e8res<br \/>13140 MIRAMAS &#8211; France<\/p>\n\n<p class=\"has-text-color has-link-color wp-elements-739c9c5d793263454bbb763b5e158030\" style=\"color:#ff0000\"><strong>Fissa un appuntamento telefonicamente al numero 04 90 59 49 10 (opzione 1) o via email all&#8217;indirizzo <a href=\"mailto:info@damius.com\">info@damius.com<\/a><\/strong><\/p>\n\n<p>Potrai vedere in esclusiva le ultime novit\u00e0 e gli accessori specifici e, se lo desideri, potrai anche visitare i nostri laboratori!<\/p>\n\n<p>Inoltre, tutti i nostri modelli sono disponibili per essere provati, cos\u00ec potrai confrontarli e scegliere il triciclo pi\u00f9 adatto a te.<\/p>\n\n<p>Un addetto preparer\u00e0 il tuo triciclo e ti guider\u00e0 durante la configurazione iniziale per garantirti tutto il comfort e la tranquillit\u00e0 necessari.<\/p>\n\n<p><span style=\"color:#ff0004\" class=\"has-inline-color\"><strong>Importante:<\/strong> le prove di triciclo si svolgono solo su appuntamento. Per fissare un appuntamento, contattateci telefonicamente al numero 04 90 59 49 10 <em>(tariffa standard &#8211; dall&#8217;estero +33 490 594 910).<\/em> <\/span><\/p>\n\n<div style=\"height:20px\" aria-hidden=\"true\" class=\"wp-block-spacer\"><\/div>\n\n<p><strong><span style=\"text-decoration: underline\">&gt;&gt; Come posso effettuare un ordine?<\/span><\/strong><\/p>\n\n<p><strong>* Su Internet<\/strong><\/p>\n\n<p>Puoi ordinare direttamente online 24 ore su 24, 7 giorni su 7 sul nostro sito web <strong><a href=\"https:\/\/www.damius.com\/fr\/\">www.damius.com<\/a><\/strong><\/p>\n\n<p>\u00c8 semplicissimo, basta seguire questi 4 passaggi:<br \/>Passaggio 1: Scegli il tuo articolo<br \/>Passaggio 2: Aggiungi gli articoli desiderati al carrello<br \/>Passaggio 3: Inserisci l&#8217;indirizzo di consegna e scegli un metodo di pagamento<br \/>Passaggio 4: Verifica l&#8217;accuratezza delle informazioni e conferma<\/p>\n\n<p><strong>* Per telefono<\/strong><\/p>\n\n<p>04 90 59 49 10<strong> <\/strong><em><em>(numero non a tariffa maggiorata &#8211; dall&#8217;estero +33 490 594 910)<\/em><\/em><\/p>\n\n<p>\u00c8 semplice e intuitivo! Puoi ordinare telefonicamente dal luned\u00ec al venerd\u00ec dalle 9:00 alle 12:30 e dalle 14:00 alle 17:30. I nostri consulenti ti assisteranno con un sorriso e ti forniranno tutte le informazioni necessarie per un acquisto senza intoppi.  <\/p>\n\n<p><strong>* Per posta<\/strong><\/p>\n\n<p>DAMIUS<br \/>33 avenue du Royaume-Uni<br \/>ZI les Moli\u00e8res<br \/>13140 MIRAMAS &#8211; France<\/p>\n\n<p>\u00c8 ancora pi\u00f9 semplice: compila il modulo d&#8217;ordine e inviacelo insieme al pagamento all&#8217;indirizzo sopra indicato. Una volta ricevuto, sarai avvisato telefonicamente e il tuo ordine verr\u00e0 elaborato entro 24 ore. <\/p>\n\n<p>Per ottenere il modulo d&#8217;ordine da compilare &gt;&gt; <a href=\"https:\/\/www.damius.com\/media\/wysiwyg\/bon-de-commande-courrier.pdf\" target=\"_blank\" rel=\"noreferrer noopener\">clicca qui<\/a> oppure richiedilo telefonicamente al numero 04 90 59 49 10 <em>(numero non premium &#8211; dall&#8217;estero +33 490 594 910)<\/em>.<\/p>\n\n<div style=\"height:20px\" aria-hidden=\"true\" class=\"wp-block-spacer\"><\/div>\n\n<p><strong>&gt;&gt; Non sono abituato a ordinare online, puoi aiutarmi?<\/strong><\/p>\n\n<p>Se non sei abituato ad acquistare online, puoi effettuare il tuo ordine in modo rapido e semplice chiamando il numero 04 90 59 49 10 (numero verde &#8211; dall&#8217;estero +33 490 594 910). Un nostro consulente sar\u00e0 lieto di fornirti tutte le informazioni necessarie sul prodotto, la consegna e il servizio post-vendita e di prendere in carico il tuo ordine. In questo caso, il pagamento pu\u00f2 essere effettuato tramite assegno o bonifico bancario.  <\/p>\n\n<div style=\"height:20px\" aria-hidden=\"true\" class=\"wp-block-spacer\"><\/div>\n\n<p><strong>&gt;&gt; Non desidero effettuare un pagamento online. Esistono altri metodi di pagamento?<\/strong><\/p>\n\n<p>Se non desideri pagare online con carta di credito, sono disponibili altre opzioni di pagamento, tra cui il pagamento tramite assegno (fino a 6 rate) o bonifico bancario (in un&#8217;unica soluzione). <\/p>\n\n<p>Scopri di pi\u00f9 sui <a href=\"https:\/\/www.damius.com\/fr\/infos-paiement.html\">nostri metodi di pagamento<\/a><\/p>\n\n<div style=\"height:20px\" aria-hidden=\"true\" class=\"wp-block-spacer\"><\/div>\n\n<p><strong>&gt;&gt; Quanto dura la garanzia sui vostri tricicli?<\/strong><\/p>\n\n<p>Le nostre condizioni di garanzia sono tra le migliori sul mercato:<\/p>\n\n<p>Garanzia a vita sul telaio (solo per privati. I telai sono garantiti 2 anni per i professionisti)<br \/>Garanzia sul motore elettrico: 2 anni<br \/>Garanzia sulla batteria: 2 anni<br \/>Gli altri componenti meccanici o elettrici sono garantiti 2 anni<\/p>\n\n<p>Parti soggette ad usura non coperte da garanzia: pastiglie e dischi dei freni, catene, pneumatici, camere d&#8217;aria, manopole del manubrio, cavi e guaine<\/p>\n\n<p>Ma oltre ai periodi di garanzia, diamo grande importanza alle condizioni di validit\u00e0 della stessa. I nostri tricicli sono stati progettati con la massima cura, vantando un&#8217;affidabilit\u00e0 esemplare e, in caso di problemi, ogni componente \u00e8 rimovibile e sostituibile dall&#8217;utente. Pertanto, nella stragrande maggioranza dei casi, la parte difettosa viene sostituita in modo rapido e semplice. Nei casi pi\u00f9 tecnici (e molto pi\u00f9 rari), ci avvaliamo di tecnici riparatori il pi\u00f9 vicino possibile ai nostri clienti, talvolta anche in loco. L&#8217;obiettivo \u00e8 riparare il triciclo nel modo pi\u00f9 rapido e semplice possibile!    <\/p>\n\n<p>Scopri di pi\u00f9 sulle<a href=\"https:\/\/www.damius.com\/fr\/garantie-sav.html\"> nostre condizioni di garanzia<\/a><\/p>\n\n<div style=\"height:20px\" aria-hidden=\"true\" class=\"wp-block-spacer\"><\/div>\n\n<p><strong>&gt;&gt; Qual \u00e8 la durata delle batterie dei tricicli elettrici?<\/strong><\/p>\n\n<p>Les batteries Lithium \u00e9quipant nos tricycles \u00e9lectriques ont une dur\u00e9e de vie constat\u00e9e d&#8217;environ 4 \u00e0 7 ans. Ceci repr\u00e9sente entre 600 et 800 cycles de recharge de votre batterie. Ces informations sont issues de notre exp\u00e9rience et du retour de nos clients, il nous semble que c&#8217;est la plus fiable des informations \ud83d\ude42  <\/p>\n\n<div style=\"height:20px\" aria-hidden=\"true\" class=\"wp-block-spacer\"><\/div>\n\n<p><strong>&gt;&gt; I tricicli vengono consegnati assemblati?<\/strong><\/p>\n\n<p>S\u00ec, tutti i <a href=\"https:\/\/www.damius.com\/fr\/infos-montage-livraison.html\">nostri tricicli per adulti vengono consegnati completamente assemblati<\/a>, regolati e pronti all&#8217;uso. Questo assemblaggio viene eseguito nelle nostre officine da tecnici specializzati, garantendo qualit\u00e0 e tranquillit\u00e0 ai nostri clienti. <\/p>\n\n<p>Inoltre, puoi scegliere di ricevere il tuo triciclo direttamente a casa tua oppure venire a ritirarlo direttamente da noi, ti accoglieremo con grande piacere!<\/p>\n\n<p>Scopri di pi\u00f9 sulle <a href=\"https:\/\/www.damius.com\/fr\/infos-montage-livraison.html\">nostre condizioni di consegna<\/a><\/p>\n\n<div style=\"height:20px\" aria-hidden=\"true\" class=\"wp-block-spacer\"><\/div>\n\n<p><strong>&gt;&gt; \u00c8 possibile farsi costruire un triciclo su misura?<\/strong><\/p>\n\n<p>Se scegli accessori e optional per completare il tuo triciclo, questi verranno installati prima della spedizione a casa tua. I nostri tecnici possono anche creare configurazioni personalizzate con installazioni specifiche per garantire che il tuo triciclo soddisfi perfettamente le tue esigenze. Contattaci per comunicarci le tue esigenze e faremo del nostro meglio per soddisfarle! A seconda della situazione, un tecnico ti chiamer\u00e0 per confermare la configurazione.   <\/p>\n\n<p>Per qualsiasi richiesta specifica <a href=\"https:\/\/www.damius.com\/fr\/contacts.html\">non esitate a contattarci!<\/a><\/p>\n\n<div style=\"height:20px\" aria-hidden=\"true\" class=\"wp-block-spacer\"><\/div>\n\n<p><strong>&gt;&gt; Quanto costa la consegna?<\/strong><\/p>\n\n<p>Buone notizie: la consegna a domicilio del tuo triciclo pronto all&#8217;uso in Francia costa solo 1 \u20ac! (valido per la Francia metropolitana, la Corsica, Monaco). <\/p>\n\n<p>1\u20ac non \u00e8 molto, ma per noi il servizio di montaggio, imballaggio e spedizione rappresenta una spesa davvero importante!<\/p>\n\n<p>Per le spedizioni in paesi diversi dalla Francia, verr\u00e0 applicato un costo di spedizione aggiuntivo.<br \/>Ecco le condizioni per la consegna a domicilio al di fuori della Francia:<\/p>\n\n<p>&#8211; Belgio, Lussemburgo: tariffa fissa di 100 \u20ac per montaggio e consegna a domicilio<\/p>\n\n<p>&#8211; Paesi Bassi: tariffa fissa di 300 \u20ac per montaggio e consegna a domicilio<\/p>\n\n<p>&#8211; Germania, Austria, Spagna, Portogallo, Andorra, Italia: Tariffa fissa di 200 \u20ac per montaggio e consegna a domicilio<\/p>\n\n<p>&#8211; Svizzera: tariffa fissa di 100 \u20ac per montaggio e consegna a domicilio, tasse e imposte incluse (IVA, dazi doganali, spese di transito)<\/p>\n\n<p>&#8211; Regno Unito: fattura IVA esclusa, tariffa fissa di 100 \u20ac per montaggio e consegna a domicilio. L&#8217;IVA sar\u00e0 dovuta al momento della consegna. <\/p>\n\n<p>&gt;&gt; Per la consegna in un Paese diverso da quelli sopra menzionati, vi preghiamo di contattarci.<\/p>\n\n<p>Scopri di pi\u00f9 sulle <a href=\"https:\/\/www.damius.com\/fr\/infos-montage-livraison.html\">nostre condizioni di consegna<\/a><\/p>\n\n<div style=\"height:20px\" aria-hidden=\"true\" class=\"wp-block-spacer\"><\/div>\n\n<p><strong>&gt;&gt; Quanto tempo ci vorr\u00e0 per ricevere il mio ordine?<\/strong><\/p>\n\n<p>Se il triciclo che hai scelto e gli accessori desiderati sono disponibili in magazzino, ti preghiamo di attendere 5 giorni lavorativi per la consegna. Una volta confermato il pagamento, monteremo il tuo triciclo entro 48 ore. Dopo che il corriere avr\u00e0 ritirato il pacco, i tuoi articoli potranno essere consegnati entro 72 ore. Questo lasso di tempo pu\u00f2 variare a seconda della data di consegna scelta con il corriere.   <\/p>\n\n<p>Facciamo del nostro meglio per indicare i tempi di disponibilit\u00e0 dei nostri tricicli sulle rispettive pagine prodotto. Questi tempi sono indicati anche durante il processo di ordine online. Per qualsiasi domanda o richiesta di rassicurazione, non esitate a contattarci.  <\/p>\n\n<p>Scopri di pi\u00f9 sulle <a href=\"https:\/\/www.damius.com\/fr\/infos-montage-livraison.html\">nostre condizioni di consegna<\/a><\/p>\n\n<div style=\"height:20px\" aria-hidden=\"true\" class=\"wp-block-spacer\"><\/div>\n\n<p><strong>&gt;&gt; Sono interessato a un triciclo, come posso sapere se \u00e8 disponibile?<\/strong><\/p>\n\n<p>\u00c8 facile, per scoprire la disponibilit\u00e0 di un triciclo, basta consultare la sua scheda prodotto, se hai qualche dubbio non esitare a contattarci telefonicamente allo 04 90 59 49 10 o dall&#8217;estero al <em>+33 490 594 910<\/em> <em>(costo di una chiamata locale)<\/em>, saremo lieti di fornirti informazioni pi\u00f9 precise.<\/p>\n\n<div style=\"height:20px\" aria-hidden=\"true\" class=\"wp-block-spacer\"><\/div>\n\n<p><strong>&gt;&gt; Come funziona il servizio clienti?<\/strong><\/p>\n\n<p>Se riscontri un problema con il tuo triciclo durante il periodo di garanzia e in condizioni di utilizzo normale, diagnosticheremo insieme il problema e ti invieremo i pezzi difettosi in modo che tu possa sostituirli.<\/p>\n\n<p>Se non sei in grado di riparare il tuo triciclo da solo, a seconda delle circostanze, ti indirizzeremo a un riparatore qualificato vicino a te che si occuper\u00e0 della riparazione. In alcune zone, questo potrebbe includere riparatori mobili. <\/p>\n\n<p>Scopri di pi\u00f9 sul <a href=\"https:\/\/www.damius.com\/fr\/garantie-sav.html\">nostro servizio post-vendita<\/a><\/p>\n\n<div style=\"height:20px\" aria-hidden=\"true\" class=\"wp-block-spacer\"><\/div>\n\n<p><strong>&gt;&gt; Come faccio a mantenere correttamente il mio triciclo?<\/strong><strong><\/strong><\/p>\n\n<p>Per mantenere il tuo triciclo in buone condizioni, ti forniamo una guida alla manutenzione che illustra tutte le regole importanti da seguire. Per qualsiasi domanda, ti ricordiamo che qualsiasi negozio di biciclette \u00e8 autorizzato a riparare il tuo triciclo. <\/p>\n\n<p>Puoi trovare informazioni preziose anche sul <a href=\"https:\/\/www.damius.com\/blog\/\">nostro blog cliccando qui!<\/a><\/p>\n","protected":false},"excerpt":{"rendered":"<p>&gt;&gt; O\u00f9 peut-on voir et essayer vos tricycles ? Sappiamo che molti di voi vorrebbero vedere o provare il loro triciclo prima di ordinarlo.Ecco perch\u00e9 offriamo un servizio di prova a domicilio! Potete trovare tutte le informazioni su questo servizio qui: Come provarlo? Naturalmente, se preferite venirci a trovare, vi diamo il benvenuto, solo su [&hellip;]<\/p>\n","protected":false},"author":1,"featured_media":0,"parent":0,"menu_order":0,"comment_status":"closed","ping_status":"closed","template":"","meta":{"_acf_changed":false,"_eb_attr":"","footnotes":""},"class_list":["post-2362","page","type-page","status-publish","hentry"],"acf":[],"yoast_head":"<!-- This site is optimized with the Yoast SEO plugin v27.3 - https:\/\/yoast.com\/product\/yoast-seo-wordpress\/ -->\n<title>Domande frequenti - Damius<\/title>\n<meta name=\"robots\" content=\"noindex, follow, max-snippet:-1, max-image-preview:large, max-video-preview:-1\" \/>\n<meta property=\"og:locale\" content=\"it_IT\" \/>\n<meta property=\"og:type\" content=\"article\" \/>\n<meta property=\"og:title\" content=\"Domande frequenti - Damius\" \/>\n<meta property=\"og:description\" content=\"&gt;&gt; O\u00f9 peut-on voir et essayer vos tricycles ? Sappiamo che molti di voi vorrebbero vedere o provare il loro triciclo prima di ordinarlo.Ecco perch\u00e9 offriamo un servizio di prova a domicilio! Potete trovare tutte le informazioni su questo servizio qui: Come provarlo? Naturalmente, se preferite venirci a trovare, vi diamo il benvenuto, solo su [&hellip;]\" \/>\n<meta property=\"og:url\" content=\"https:\/\/2025.damius.com\/it\/domande-frequenti\/\" \/>\n<meta property=\"og:site_name\" content=\"Damius\" \/>\n<meta property=\"article:modified_time\" content=\"2026-02-09T13:14:00+00:00\" \/>\n<meta name=\"twitter:card\" content=\"summary_large_image\" \/>\n<meta name=\"twitter:label1\" content=\"Tempo di lettura stimato\" \/>\n\t<meta name=\"twitter:data1\" content=\"7 minuti\" \/>\n<script type=\"application\/ld+json\" class=\"yoast-schema-graph\">{\"@context\":\"https:\\\/\\\/schema.org\",\"@graph\":[{\"@type\":\"WebPage\",\"@id\":\"https:\\\/\\\/2025.damius.com\\\/it\\\/domande-frequenti\\\/\",\"url\":\"https:\\\/\\\/2025.damius.com\\\/it\\\/domande-frequenti\\\/\",\"name\":\"Domande frequenti - Damius\",\"isPartOf\":{\"@id\":\"https:\\\/\\\/2025.damius.com\\\/#website\"},\"datePublished\":\"2026-02-09T13:13:59+00:00\",\"dateModified\":\"2026-02-09T13:14:00+00:00\",\"breadcrumb\":{\"@id\":\"https:\\\/\\\/2025.damius.com\\\/it\\\/domande-frequenti\\\/#breadcrumb\"},\"inLanguage\":\"it-IT\",\"potentialAction\":[{\"@type\":\"ReadAction\",\"target\":[\"https:\\\/\\\/2025.damius.com\\\/it\\\/domande-frequenti\\\/\"]}]},{\"@type\":\"BreadcrumbList\",\"@id\":\"https:\\\/\\\/2025.damius.com\\\/it\\\/domande-frequenti\\\/#breadcrumb\",\"itemListElement\":[{\"@type\":\"ListItem\",\"position\":1,\"name\":\"Accueil\",\"item\":\"https:\\\/\\\/2025.damius.com\\\/it\\\/casa\\\/\"},{\"@type\":\"ListItem\",\"position\":2,\"name\":\"Domande frequenti\"}]},{\"@type\":\"WebSite\",\"@id\":\"https:\\\/\\\/2025.damius.com\\\/#website\",\"url\":\"https:\\\/\\\/2025.damius.com\\\/\",\"name\":\"Damius\",\"description\":\"\",\"publisher\":{\"@id\":\"https:\\\/\\\/2025.damius.com\\\/#organization\"},\"potentialAction\":[{\"@type\":\"SearchAction\",\"target\":{\"@type\":\"EntryPoint\",\"urlTemplate\":\"https:\\\/\\\/2025.damius.com\\\/?s={search_term_string}\"},\"query-input\":{\"@type\":\"PropertyValueSpecification\",\"valueRequired\":true,\"valueName\":\"search_term_string\"}}],\"inLanguage\":\"it-IT\"},{\"@type\":\"Organization\",\"@id\":\"https:\\\/\\\/2025.damius.com\\\/#organization\",\"name\":\"Damius\",\"url\":\"https:\\\/\\\/2025.damius.com\\\/\",\"logo\":{\"@type\":\"ImageObject\",\"inLanguage\":\"it-IT\",\"@id\":\"https:\\\/\\\/2025.damius.com\\\/#\\\/schema\\\/logo\\\/image\\\/\",\"url\":\"https:\\\/\\\/2025.damius.com\\\/wp-content\\\/uploads\\\/2022\\\/01\\\/Logo_Damius-1.jpg\",\"contentUrl\":\"https:\\\/\\\/2025.damius.com\\\/wp-content\\\/uploads\\\/2022\\\/01\\\/Logo_Damius-1.jpg\",\"width\":616,\"height\":143,\"caption\":\"Damius\"},\"image\":{\"@id\":\"https:\\\/\\\/2025.damius.com\\\/#\\\/schema\\\/logo\\\/image\\\/\"}}]}<\/script>\n<!-- \/ Yoast SEO plugin. -->","yoast_head_json":{"title":"Domande frequenti - Damius","robots":{"index":"noindex","follow":"follow","max-snippet":"max-snippet:-1","max-image-preview":"max-image-preview:large","max-video-preview":"max-video-preview:-1"},"og_locale":"it_IT","og_type":"article","og_title":"Domande frequenti - Damius","og_description":"&gt;&gt; O\u00f9 peut-on voir et essayer vos tricycles ? Sappiamo che molti di voi vorrebbero vedere o provare il loro triciclo prima di ordinarlo.Ecco perch\u00e9 offriamo un servizio di prova a domicilio! Potete trovare tutte le informazioni su questo servizio qui: Come provarlo? Naturalmente, se preferite venirci a trovare, vi diamo il benvenuto, solo su [&hellip;]","og_url":"https:\/\/2025.damius.com\/it\/domande-frequenti\/","og_site_name":"Damius","article_modified_time":"2026-02-09T13:14:00+00:00","twitter_card":"summary_large_image","twitter_misc":{"Tempo di lettura stimato":"7 minuti"},"schema":{"@context":"https:\/\/schema.org","@graph":[{"@type":"WebPage","@id":"https:\/\/2025.damius.com\/it\/domande-frequenti\/","url":"https:\/\/2025.damius.com\/it\/domande-frequenti\/","name":"Domande frequenti - Damius","isPartOf":{"@id":"https:\/\/2025.damius.com\/#website"},"datePublished":"2026-02-09T13:13:59+00:00","dateModified":"2026-02-09T13:14:00+00:00","breadcrumb":{"@id":"https:\/\/2025.damius.com\/it\/domande-frequenti\/#breadcrumb"},"inLanguage":"it-IT","potentialAction":[{"@type":"ReadAction","target":["https:\/\/2025.damius.com\/it\/domande-frequenti\/"]}]},{"@type":"BreadcrumbList","@id":"https:\/\/2025.damius.com\/it\/domande-frequenti\/#breadcrumb","itemListElement":[{"@type":"ListItem","position":1,"name":"Accueil","item":"https:\/\/2025.damius.com\/it\/casa\/"},{"@type":"ListItem","position":2,"name":"Domande frequenti"}]},{"@type":"WebSite","@id":"https:\/\/2025.damius.com\/#website","url":"https:\/\/2025.damius.com\/","name":"Damius","description":"","publisher":{"@id":"https:\/\/2025.damius.com\/#organization"},"potentialAction":[{"@type":"SearchAction","target":{"@type":"EntryPoint","urlTemplate":"https:\/\/2025.damius.com\/?s={search_term_string}"},"query-input":{"@type":"PropertyValueSpecification","valueRequired":true,"valueName":"search_term_string"}}],"inLanguage":"it-IT"},{"@type":"Organization","@id":"https:\/\/2025.damius.com\/#organization","name":"Damius","url":"https:\/\/2025.damius.com\/","logo":{"@type":"ImageObject","inLanguage":"it-IT","@id":"https:\/\/2025.damius.com\/#\/schema\/logo\/image\/","url":"https:\/\/2025.damius.com\/wp-content\/uploads\/2022\/01\/Logo_Damius-1.jpg","contentUrl":"https:\/\/2025.damius.com\/wp-content\/uploads\/2022\/01\/Logo_Damius-1.jpg","width":616,"height":143,"caption":"Damius"},"image":{"@id":"https:\/\/2025.damius.com\/#\/schema\/logo\/image\/"}}]}},"featured_image_src":null,"featured_image_src_square":null,"_links":{"self":[{"href":"https:\/\/2025.damius.com\/it\/wp-json\/wp\/v2\/pages\/2362","targetHints":{"allow":["GET"]}}],"collection":[{"href":"https:\/\/2025.damius.com\/it\/wp-json\/wp\/v2\/pages"}],"about":[{"href":"https:\/\/2025.damius.com\/it\/wp-json\/wp\/v2\/types\/page"}],"author":[{"embeddable":true,"href":"https:\/\/2025.damius.com\/it\/wp-json\/wp\/v2\/users\/1"}],"replies":[{"embeddable":true,"href":"https:\/\/2025.damius.com\/it\/wp-json\/wp\/v2\/comments?post=2362"}],"version-history":[{"count":2,"href":"https:\/\/2025.damius.com\/it\/wp-json\/wp\/v2\/pages\/2362\/revisions"}],"predecessor-version":[{"id":2364,"href":"https:\/\/2025.damius.com\/it\/wp-json\/wp\/v2\/pages\/2362\/revisions\/2364"}],"wp:attachment":[{"href":"https:\/\/2025.damius.com\/it\/wp-json\/wp\/v2\/media?parent=2362"}],"curies":[{"name":"wp","href":"https:\/\/api.w.org\/{rel}","templated":true}]}}