{"id":2372,"date":"2026-02-09T14:46:02","date_gmt":"2026-02-09T13:46:02","guid":{"rendered":"https:\/\/2025.damius.com\/avviso-legale\/"},"modified":"2026-02-09T14:46:02","modified_gmt":"2026-02-09T13:46:02","slug":"avviso-legale","status":"publish","type":"page","link":"https:\/\/2025.damius.com\/it\/avviso-legale\/","title":{"rendered":"Avviso legale"},"content":{"rendered":"\n<p><strong>www.damius.com<\/strong> \u00e8 pubblicato da:<br\/><strong>DAMIUS SARL<\/strong>: Societ\u00e0 a responsabilit\u00e0 limitata con capitale di 120.000 \u20ac &#8211; RCS: Salon 788 684 694 00045<\/p>\n\n<p>Indirizzo: DAMIUS &#8211; Triciclo EVASION \/ 199 avenue des Oulivarello \/ Parc d&#8217;Activit\u00e9s de la Gandonne \/ 13300 SALON DE PROVENCE &#8211; Francia<br\/><br\/>Email: <a href=\"mailto:info@damius.com\">info@damius.com<\/a><br\/>Tel: 04 90 59 49 10 o dall&#8217;estero <em>+33 490 594 910<\/em><br\/><br\/>Responsabile: Damien Gran<br\/><br\/>Il sito web \u00e8 ospitato e realizzato dall&#8217;<a href=\"https:\/\/www.perfea.fr\/\" target=\"_blank\" rel=\"noreferrer noopener\">agenzia web Perfea<\/a>, la cui sede si trova in 3, all\u00e9e Montgolfier &#8211; ZI le Tub\u00e9 &#8211; 13800 ISTRES &#8211; Francia<br\/><br\/>Qualsiasi utilizzo di questo sito web costituisce l&#8217;accettazione incondizionata da parte di tutti gli utenti e clienti dei termini e delle condizioni contenuti nel presente avviso.<br\/><br\/><br\/><strong>1. INFORMAZIONI DISPONIBILI SUL SITO WEB &#8220;www.damius.com&#8221;<\/strong><br\/>DAMIUS SARL si impegna a garantire l&#8217;accuratezza e l&#8217;aggiornamento delle informazioni pubblicate su questo sito web e si riserva il diritto di correggerne il contenuto in qualsiasi momento e senza preavviso. Tuttavia, non pu\u00f2 garantirne la completezza o che non siano state alterate da terzi (intrusioni, virus). Inoltre, declina ogni responsabilit\u00e0 per eventuali errori, inesattezze o omissioni presenti in tali informazioni.  <br\/><br\/>SARL DAMIUS declina ogni responsabilit\u00e0 per l&#8217;uso che potr\u00e0 essere fatto di queste informazioni e per le conseguenze che ne potranno derivare.<br\/><br\/>\u00c8 severamente vietato pubblicare, ridistribuire, ritrasmettere o riprodurre le informazioni e i dati contenuti in questo sito allo scopo di trasmetterli a terzi. Qualsiasi riproduzione o, pi\u00f9 in generale, qualsiasi utilizzo non autorizzato delle informazioni e dei dati render\u00e0 l&#8217;utente responsabile e potr\u00e0 dar luogo a procedimenti legali, comprese rivendicazioni per violazione del copyright. <br\/><br\/>\u00c8 severamente vietato utilizzare qualsiasi metodo di recupero automatico dei dati (programma informatico) per raccogliere dati da www.damius.com. Qualsiasi tentativo di recupero automatico dei dati comporter\u00e0 l&#8217;immediata azione legale. <br\/><br\/><br\/><strong>2. RISPETTO DEI DIRITTI DI PROPRIET\u00c0 INTELLETTUALE<\/strong><br\/>Le informazioni presenti su www.damius.com<strong><\/strong> e su eventuali fornitori di feed esterni specificamente menzionati sul sito sono di propriet\u00e0 di SARL DAMIUS e di tali fornitori e sono protette dalle leggi sul copyright e sulla propriet\u00e0 intellettuale.<br\/><br\/>L&#8217;autorizzazione a scaricare, copiare, salvare e modificare le pagine web, il loro contenuto o i risultati generati o visualizzati dagli strumenti di visualizzazione, in tutto o in parte, \u00e8 concessa esclusivamente per uso personale e non commerciale. Le note sul copyright e i marchi commerciali non devono essere omessi o alterati. <br\/><br\/>Tous les textes et images pr\u00e9sents sur ce site sont la propri\u00e9t\u00e9 exclusive de la SARL DAMIUS. Il est formellement interdit de copier et d&#8217;utiliser tout contenu pr\u00e9sents sur le site www.damius.com<strong><\/strong>. <br\/><br\/><br\/><strong>3. UTILIZZO DEI COOKIE<\/strong><br\/>DAMIUS SARL potrebbe installare dei &#8220;cookie&#8221; sul tuo computer.<br\/><br\/>Un cookie non ci consente di memorizzare o analizzare i tuoi dati personali. Tuttavia, registra informazioni sull&#8217;attivit\u00e0 di navigazione del tuo computer sul nostro sito. <br\/><br\/>Queste informazioni verranno conservate sul tuo computer per tutta la durata della tua visita al nostro sito o per 30 giorni se accedi al tuo account di abbonato. <br\/><br\/>Inoltre, per una maggiore sicurezza e protezione dei tuoi dati, i cookie installati sul tuo computer sono crittografati.<br\/><br\/>SARL DAMIUS ti informa che puoi opporti alla registrazione dei cookie configurando il tuo browser.<br\/><br\/><br\/><strong>4. LINK<\/strong><br\/>&#8211; I collegamenti ipertestuali presenti su questo sito ad altri siti web non implicano alcuna responsabilit\u00e0 da parte di SARL DAMIUS, in particolare per quanto riguarda il contenuto di tali siti.<br\/><br\/>&#8211; SARL DAMIUS non \u00e8 responsabile dei collegamenti ipertestuali che puntano a questo sito e vieta a chiunque di creare tali collegamenti senza la sua espressa autorizzazione preventiva.<br\/><br\/><br\/><strong>5. COPYRIGHT SARL DAMIUS<\/strong><br\/>SARL DAMIUS \u00e8 proprietaria e\/o ha il diritto di utilizzare tutti i diritti relativi ai loghi, ai marchi, ai segni distintivi, nonch\u00e9 ai database e ai software utilizzati per la gestione del sito web www.damius.com. Qualsiasi rappresentazione o riproduzione totale o parziale dei loghi, dei marchi, dei segni distintivi e dei database utilizzati sul sito web www.damius.com con qualsiasi mezzo senza l&#8217;espressa autorizzazione di SARL DAMIUS \u00e8 vietata e costituisce una violazione punibile ai sensi degli articoli L. 335-2 e seguenti del Codice della Propriet\u00e0 Intellettuale francese. <br\/><br\/><br\/><strong>6. LEGGE APPLICABILE E GIURISDIZIONE<\/strong><br\/>L&#8217;utilizzo del sito web www.damius.com \u00e8 regolato dalla legge francese.<\/p>\n\n<p><strong>Approfitta di 3 o 4 rate con o senza commissioni, un&#8217;offerta offerta da FRANFINANCE<\/strong>, <em>il finanziatore (719 807 406 R.C.S. Nanterre \u2013 Orias n. 07 008 346). Consulta i termini e le condizioni dell&#8217;offerta:<\/em> <a href=\"http:\/\/e-solutions.franfinance.com\/nxweb-avec-frais\" target=\"_blank\" rel=\"noreferrer noopener\">http:\/\/e-solutions.franfinance.com\/nxweb-avec-frais<\/a><br\/><a href=\"http:\/\/e-solutions.franfinance.com\/nxweb-sans-frais\" target=\"_blank\" rel=\"noreferrer noopener\">http:\/\/e-solutions.franfinance.com\/nxweb-sans-frais<\/a><\/p>\n","protected":false},"excerpt":{"rendered":"<p>www.damius.com \u00e8 pubblicato da:DAMIUS SARL: Societ\u00e0 a responsabilit\u00e0 limitata con capitale di 120.000 \u20ac &#8211; RCS: Salon 788 684 694 00045 Indirizzo: DAMIUS &#8211; Triciclo EVASION \/ 199 avenue des Oulivarello \/ Parc d&#8217;Activit\u00e9s de la Gandonne \/ 13300 SALON DE PROVENCE &#8211; Francia Email: info@damius.comTel: 04 90 59 49 10 o dall&#8217;estero +33 490 [&hellip;]<\/p>\n","protected":false},"author":1,"featured_media":0,"parent":0,"menu_order":0,"comment_status":"closed","ping_status":"closed","template":"","meta":{"_acf_changed":false,"_eb_attr":"","footnotes":""},"class_list":["post-2372","page","type-page","status-publish","hentry"],"acf":[],"yoast_head":"<!-- This site is optimized with the Yoast SEO plugin v27.3 - https:\/\/yoast.com\/product\/yoast-seo-wordpress\/ -->\n<title>Avviso legale - Damius<\/title>\n<meta name=\"robots\" content=\"noindex, follow, max-snippet:-1, max-image-preview:large, max-video-preview:-1\" \/>\n<meta property=\"og:locale\" content=\"it_IT\" \/>\n<meta property=\"og:type\" content=\"article\" \/>\n<meta property=\"og:title\" content=\"Avviso legale - Damius\" \/>\n<meta property=\"og:description\" content=\"www.damius.com \u00e8 pubblicato da:DAMIUS SARL: Societ\u00e0 a responsabilit\u00e0 limitata con capitale di 120.000 \u20ac &#8211; RCS: Salon 788 684 694 00045 Indirizzo: DAMIUS &#8211; Triciclo EVASION \/ 199 avenue des Oulivarello \/ Parc d&#8217;Activit\u00e9s de la Gandonne \/ 13300 SALON DE PROVENCE &#8211; Francia Email: info@damius.comTel: 04 90 59 49 10 o dall&#8217;estero +33 490 [&hellip;]\" \/>\n<meta property=\"og:url\" content=\"https:\/\/2025.damius.com\/it\/avviso-legale\/\" \/>\n<meta property=\"og:site_name\" content=\"Damius\" \/>\n<meta name=\"twitter:card\" content=\"summary_large_image\" \/>\n<meta name=\"twitter:label1\" content=\"Tempo di lettura stimato\" \/>\n\t<meta name=\"twitter:data1\" content=\"3 minuti\" \/>\n<script type=\"application\/ld+json\" class=\"yoast-schema-graph\">{\"@context\":\"https:\\\/\\\/schema.org\",\"@graph\":[{\"@type\":\"WebPage\",\"@id\":\"https:\\\/\\\/2025.damius.com\\\/it\\\/avviso-legale\\\/\",\"url\":\"https:\\\/\\\/2025.damius.com\\\/it\\\/avviso-legale\\\/\",\"name\":\"Avviso legale - Damius\",\"isPartOf\":{\"@id\":\"https:\\\/\\\/2025.damius.com\\\/#website\"},\"datePublished\":\"2026-02-09T13:46:02+00:00\",\"breadcrumb\":{\"@id\":\"https:\\\/\\\/2025.damius.com\\\/it\\\/avviso-legale\\\/#breadcrumb\"},\"inLanguage\":\"it-IT\",\"potentialAction\":[{\"@type\":\"ReadAction\",\"target\":[\"https:\\\/\\\/2025.damius.com\\\/it\\\/avviso-legale\\\/\"]}]},{\"@type\":\"BreadcrumbList\",\"@id\":\"https:\\\/\\\/2025.damius.com\\\/it\\\/avviso-legale\\\/#breadcrumb\",\"itemListElement\":[{\"@type\":\"ListItem\",\"position\":1,\"name\":\"Accueil\",\"item\":\"https:\\\/\\\/2025.damius.com\\\/it\\\/casa\\\/\"},{\"@type\":\"ListItem\",\"position\":2,\"name\":\"Avviso legale\"}]},{\"@type\":\"WebSite\",\"@id\":\"https:\\\/\\\/2025.damius.com\\\/#website\",\"url\":\"https:\\\/\\\/2025.damius.com\\\/\",\"name\":\"Damius\",\"description\":\"\",\"publisher\":{\"@id\":\"https:\\\/\\\/2025.damius.com\\\/#organization\"},\"potentialAction\":[{\"@type\":\"SearchAction\",\"target\":{\"@type\":\"EntryPoint\",\"urlTemplate\":\"https:\\\/\\\/2025.damius.com\\\/?s={search_term_string}\"},\"query-input\":{\"@type\":\"PropertyValueSpecification\",\"valueRequired\":true,\"valueName\":\"search_term_string\"}}],\"inLanguage\":\"it-IT\"},{\"@type\":\"Organization\",\"@id\":\"https:\\\/\\\/2025.damius.com\\\/#organization\",\"name\":\"Damius\",\"url\":\"https:\\\/\\\/2025.damius.com\\\/\",\"logo\":{\"@type\":\"ImageObject\",\"inLanguage\":\"it-IT\",\"@id\":\"https:\\\/\\\/2025.damius.com\\\/#\\\/schema\\\/logo\\\/image\\\/\",\"url\":\"https:\\\/\\\/2025.damius.com\\\/wp-content\\\/uploads\\\/2022\\\/01\\\/Logo_Damius-1.jpg\",\"contentUrl\":\"https:\\\/\\\/2025.damius.com\\\/wp-content\\\/uploads\\\/2022\\\/01\\\/Logo_Damius-1.jpg\",\"width\":616,\"height\":143,\"caption\":\"Damius\"},\"image\":{\"@id\":\"https:\\\/\\\/2025.damius.com\\\/#\\\/schema\\\/logo\\\/image\\\/\"}}]}<\/script>\n<!-- \/ Yoast SEO plugin. -->","yoast_head_json":{"title":"Avviso legale - Damius","robots":{"index":"noindex","follow":"follow","max-snippet":"max-snippet:-1","max-image-preview":"max-image-preview:large","max-video-preview":"max-video-preview:-1"},"og_locale":"it_IT","og_type":"article","og_title":"Avviso legale - Damius","og_description":"www.damius.com \u00e8 pubblicato da:DAMIUS SARL: Societ\u00e0 a responsabilit\u00e0 limitata con capitale di 120.000 \u20ac &#8211; RCS: Salon 788 684 694 00045 Indirizzo: DAMIUS &#8211; Triciclo EVASION \/ 199 avenue des Oulivarello \/ Parc d&#8217;Activit\u00e9s de la Gandonne \/ 13300 SALON DE PROVENCE &#8211; Francia Email: info@damius.comTel: 04 90 59 49 10 o dall&#8217;estero +33 490 [&hellip;]","og_url":"https:\/\/2025.damius.com\/it\/avviso-legale\/","og_site_name":"Damius","twitter_card":"summary_large_image","twitter_misc":{"Tempo di lettura stimato":"3 minuti"},"schema":{"@context":"https:\/\/schema.org","@graph":[{"@type":"WebPage","@id":"https:\/\/2025.damius.com\/it\/avviso-legale\/","url":"https:\/\/2025.damius.com\/it\/avviso-legale\/","name":"Avviso legale - Damius","isPartOf":{"@id":"https:\/\/2025.damius.com\/#website"},"datePublished":"2026-02-09T13:46:02+00:00","breadcrumb":{"@id":"https:\/\/2025.damius.com\/it\/avviso-legale\/#breadcrumb"},"inLanguage":"it-IT","potentialAction":[{"@type":"ReadAction","target":["https:\/\/2025.damius.com\/it\/avviso-legale\/"]}]},{"@type":"BreadcrumbList","@id":"https:\/\/2025.damius.com\/it\/avviso-legale\/#breadcrumb","itemListElement":[{"@type":"ListItem","position":1,"name":"Accueil","item":"https:\/\/2025.damius.com\/it\/casa\/"},{"@type":"ListItem","position":2,"name":"Avviso legale"}]},{"@type":"WebSite","@id":"https:\/\/2025.damius.com\/#website","url":"https:\/\/2025.damius.com\/","name":"Damius","description":"","publisher":{"@id":"https:\/\/2025.damius.com\/#organization"},"potentialAction":[{"@type":"SearchAction","target":{"@type":"EntryPoint","urlTemplate":"https:\/\/2025.damius.com\/?s={search_term_string}"},"query-input":{"@type":"PropertyValueSpecification","valueRequired":true,"valueName":"search_term_string"}}],"inLanguage":"it-IT"},{"@type":"Organization","@id":"https:\/\/2025.damius.com\/#organization","name":"Damius","url":"https:\/\/2025.damius.com\/","logo":{"@type":"ImageObject","inLanguage":"it-IT","@id":"https:\/\/2025.damius.com\/#\/schema\/logo\/image\/","url":"https:\/\/2025.damius.com\/wp-content\/uploads\/2022\/01\/Logo_Damius-1.jpg","contentUrl":"https:\/\/2025.damius.com\/wp-content\/uploads\/2022\/01\/Logo_Damius-1.jpg","width":616,"height":143,"caption":"Damius"},"image":{"@id":"https:\/\/2025.damius.com\/#\/schema\/logo\/image\/"}}]}},"featured_image_src":null,"featured_image_src_square":null,"_links":{"self":[{"href":"https:\/\/2025.damius.com\/it\/wp-json\/wp\/v2\/pages\/2372","targetHints":{"allow":["GET"]}}],"collection":[{"href":"https:\/\/2025.damius.com\/it\/wp-json\/wp\/v2\/pages"}],"about":[{"href":"https:\/\/2025.damius.com\/it\/wp-json\/wp\/v2\/types\/page"}],"author":[{"embeddable":true,"href":"https:\/\/2025.damius.com\/it\/wp-json\/wp\/v2\/users\/1"}],"replies":[{"embeddable":true,"href":"https:\/\/2025.damius.com\/it\/wp-json\/wp\/v2\/comments?post=2372"}],"version-history":[{"count":1,"href":"https:\/\/2025.damius.com\/it\/wp-json\/wp\/v2\/pages\/2372\/revisions"}],"predecessor-version":[{"id":2373,"href":"https:\/\/2025.damius.com\/it\/wp-json\/wp\/v2\/pages\/2372\/revisions\/2373"}],"wp:attachment":[{"href":"https:\/\/2025.damius.com\/it\/wp-json\/wp\/v2\/media?parent=2372"}],"curies":[{"name":"wp","href":"https:\/\/api.w.org\/{rel}","templated":true}]}}