{"id":1932,"date":"2026-02-04T15:27:36","date_gmt":"2026-02-04T14:27:36","guid":{"rendered":"https:\/\/2025.damius.com\/elkaar-beter-leren-kennen\/"},"modified":"2026-02-06T10:37:24","modified_gmt":"2026-02-06T09:37:24","slug":"elkaar-beter-leren-kennen","status":"publish","type":"page","link":"https:\/\/2025.damius.com\/nl\/elkaar-beter-leren-kennen\/","title":{"rendered":"elkaar beter leren kennen"},"content":{"rendered":"\n<div class=\"wp-block-media-text alignwide is-stacked-on-mobile is-image-fill-element\"><figure class=\"wp-block-media-text__media\"><img loading=\"lazy\" decoding=\"async\" width=\"600\" height=\"430\" src=\"https:\/\/2025.damius.com\/wp-content\/uploads\/2022\/01\/tricycle-evasion-notre-histoire.jpg\" alt=\"\" class=\"wp-image-627 size-full\" style=\"object-position:50% 50%\" srcset=\"https:\/\/2025.damius.com\/wp-content\/uploads\/2022\/01\/tricycle-evasion-notre-histoire.jpg 600w, https:\/\/2025.damius.com\/wp-content\/uploads\/2022\/01\/tricycle-evasion-notre-histoire-300x215.jpg 300w\" sizes=\"auto, (max-width: 600px) 100vw, 600px\" \/><\/figure><div class=\"wp-block-media-text__content\">\n<h2 class=\"wp-block-heading\">Onze geschiedenis, ons DNA<\/h2>\n\n\n\n<p>Onze relatie met de driewieler begon eind 2012! In de beginjaren positioneerde ons bedrijf zich als wederverkoper van bestaande driewielers en elektrische driewielers. We behaalden al snel een zekere mate van succes en naarmate <strong>we met onze klanten in contact kwamen en proeven uitvoerden<\/strong>, raakten we steeds meer gemotiveerd om steeds betere producten aan te bieden. Het teruggeven van de zelfstandigheid en de mogelijkheid om te ontsnappen aan de dagelijkse sleur aan mensen met behulp van de elektrische driewieler geeft een heel bijzondere betekenis aan onze acties en daar zijn we erg trots op.<\/p>\n\n\n\n<p>Dankzij onze voortdurende aandacht voor de behoeften van onze klanten en ons streven naar kwaliteit, realiseerden we ons dat de driewielers die op de markt verkrijgbaar waren,<span style=\"text-decoration: underline\"> niet perfect aansloten op de doelgroep waarvoor ze bedoeld waren.<\/span> Instabiliteit, lastige bediening, te abrupte elektrische ondersteuning&#8230; Natuurlijk hadden ze niet allemaal al deze ontwerpfouten, maar geen enkele was perfect. Nadat we problemen hadden ondervonden met de klantenservice van bepaalde leveranciers die ons geen reserveonderdelen voor hun driewielers konden leveren, begrepen we dat het om ge\u00efmporteerde driewielers ging. Vandaar dat het voor deze leveranciers moeilijk was om ons te helpen bij het diagnosticeren van storingen en het leveren van defecte onderdelen.<\/p>\n<\/div><\/div>\n\n<p><br \/><br \/>Daarom ontwikkelen <strong>we nu onze eigen elektrische driewielers<\/strong>, die gebaseerd zijn op strenge specificaties die, in onze ogen en in de ogen van onze klanten, de perfecte elektrische driewieler defini\u00ebren! In 2016 hebben we de Evasion-driewieler ontwikkeld, die nu d\u00e9 referentie is op het gebied van elektrische driewielers. Onze klanten bevestigen dit en daar zijn we erg trots op.<br \/><br \/>In 2019 werd het merk <strong>DAMIUS<\/strong> gelanceerd met de ambitie om andere mobiliteitsproducten te ontwikkelen. Al snel werden er andere elektrische driewielers voor volwassenen geboren: Evasion, Evasion Evo, Essentiel en Essentiel Fatbike! <\/p>\n\n<hr class=\"wp-block-separator has-css-opacity\" \/>\n\n<div class=\"wp-block-media-text alignwide has-media-on-the-right is-stacked-on-mobile is-image-fill-element\"><div class=\"wp-block-media-text__content\">\n<h2 class=\"wp-block-heading\">Ons team = Onze expertise!<\/h2>\n\n\n\n<p>Ons bedrijf, dat beschikt over ruime ervaring in de fietsindustrie, onderscheidt zich door zijn kennis van productietechnieken, materialen en componenten die worden gebruikt om de beste elektrische driewielers te ontwerpen.<br \/><span style=\"text-decoration: underline\">Zijn professionaliteit en servicegerichtheid zitten hem ook in het bloed.<\/span><br \/><br \/>In het verleden was de leider van het team, Damien Gran, actief in de autosport, waar hij rallyauto&#8217;s bouwde en ontwikkelde. Zijn ervaring stelt hem nu in staat om <strong><a href=\"https:\/\/2025.damius.com\/nl\/garantie-en-service-na-aankoop\/\" id=\"584\">hoogwaardige elektrische driewielers te cre\u00ebren en<\/a><\/strong>, bovenal, om ze zo te ontwerpen dat ze aansluiten bij de behoeften van de gebruikers voor wie elektrische driewielers bedoeld zijn. Voor hem moet het ontwerp direct ge\u00efnspireerd zijn door de functie; dit is tevens een van de bepalende kenmerken van onze driewielers. Het chassisontwerp is dan ook in de eerste plaats ontworpen om praktisch in gebruik te zijn, maar tegelijkertijd modern en elegant.  <\/p>\n<\/div><figure class=\"wp-block-media-text__media\"><img loading=\"lazy\" decoding=\"async\" width=\"600\" height=\"370\" src=\"https:\/\/2025.damius.com\/wp-content\/uploads\/2022\/01\/equipe-tricycle-evasion.jpg\" alt=\"\" class=\"wp-image-623 size-full\" style=\"object-position:50% 50%\" srcset=\"https:\/\/2025.damius.com\/wp-content\/uploads\/2022\/01\/equipe-tricycle-evasion.jpg 600w, https:\/\/2025.damius.com\/wp-content\/uploads\/2022\/01\/equipe-tricycle-evasion-300x185.jpg 300w\" sizes=\"auto, (max-width: 600px) 100vw, 600px\" \/><\/figure><\/div>\n\n<p> <br \/><strong>De volledige ontwerpfase<\/strong> wordt sinds 2016 intern door het bedrijf afgehandeld. Het R&amp;D-team bestaat uit Damien en Cl\u00e9ment. We beschikken over geavanceerde ontwerptools (Solidworks, 3D-printer, bewerkings- en lasapparatuur) waarmee we onze idee\u00ebn kunnen modelleren en prototypen voordat we ze in het productassortiment integreren (continue verbetering van bestaande driewielers, nieuwe modellen). Deze fase stelt ons in staat om 3D-ontwerpen te bestuderen en te ontwikkelen voordat we overgaan tot de productie van een eerste prototype en vervolgens tot serieproductie. Dit proces maakt <span style=\"text-decoration: underline\">onmiddellijke correcties en een snelle productiestart mogelijk indien nodig<\/span>.    <br \/><br \/>S\u00e9bastien is verantwoordelijk voor het beheer van de werkplaats. We hebben ons volledige productassortiment in eigen huis opgeslagen om een \u200b\u200bperfecte traceerbaarheid en optimale beschikbaarheid te garanderen. <br \/>C\u00e9dric rondt de montage van de driewielers af en gaat vervolgens verder met het monteren van de accessoires volgens de wensen van onze klanten.<br \/>S\u00e9bastien en C\u00e9dric zorgen vervolgens voor de afstellingen en de proefrit om de goede werking van de elektrische driewieler te garanderen.<br \/>Ten slotte plaatsen ze de driewieler voor volwassenen op een speciaal houten pallet, beschermd door een grote kartonnen doos.<br \/>J\u00e9r\u00e9my verzorgt de klantenservice; hij beantwoordt klantvragen per e-mail of telefoon en regelt ook de verzending van reserveonderdelen.<br \/>Mathis en Charly vormen ons verkoopteam. Zij geven u graag informatie en helpen u bij het kiezen van de juiste elektrische driewieler voor uw behoeften. <strong>Ook begeleiden ze proefritten voor onze klanten<\/strong>.  <br \/><br \/>Het team dat we hebben samengesteld, <span style=\"text-decoration: underline\">combineert diverse en uiteenlopende vaardigheden<\/span>, essentieel om de klanten die hun vertrouwen in ons stellen, volledig tevreden te stellen!<br \/><br \/>Heeft u nog vragen? <a href=\"https:\/\/2025.damius.com\/contact\/\">Neem contact met ons op!<\/a><\/p>\n\n<p>Depuis fin 2025, nous sous-traitons la fabrication de nos tricycles mais entre 2016 et 2025, nous les fabriquions nous-m\u00eames ! La preuve en vid\u00e9os ci-dessous \ud83d\ude42 Gr\u00e2ce \u00e0 notre longue exp\u00e9rience en tant que fabriquant (fabrication des cadres, des roues, usinage des pi\u00e8ces, assemblage \u00e0 100%) et en conservant la conception et le suivi qualit\u00e9 en interne, nous sommes en mesure de proposer des tricycles adultes de grande qualit\u00e9, tr\u00e8s bien \u00e9quip\u00e9s et \u00e0 des prix plus accessibles que par le pass\u00e9 ! <\/p>\n\n<p class=\"has-text-align-center\"><strong>Fabriek voor de productie van elektrische driewielers voor volwassenen van het merk DAMIUS in Miramas, van 2023 tot 2025.<\/strong><\/p>\n\n<figure class=\"wp-block-embed is-type-video is-provider-youtube wp-block-embed-youtube wp-embed-aspect-16-9 wp-has-aspect-ratio\"><div class=\"wp-block-embed__wrapper\">\n<iframe loading=\"lazy\" title=\"DAMIUS - Concepteur Fran\u00e7ais de tricycles \u00e9lectriques pour adulte\" width=\"580\" height=\"326\" src=\"https:\/\/www.youtube.com\/embed\/k-9JC2LkkJc?feature=oembed\" frameborder=\"0\" allow=\"accelerometer; autoplay; clipboard-write; encrypted-media; gyroscope; picture-in-picture; web-share\" referrerpolicy=\"strict-origin-when-cross-origin\" allowfullscreen><\/iframe>\n<\/div><\/figure>\n\n<p class=\"has-text-align-center\"><br \/><strong>Damius-fabriek voor de productie van driewielers van 2016 tot 2023.<\/strong><\/p>\n\n<figure class=\"wp-block-embed is-type-video is-provider-youtube wp-block-embed-youtube wp-embed-aspect-16-9 wp-has-aspect-ratio\"><div class=\"wp-block-embed__wrapper\">\n<iframe loading=\"lazy\" title=\"Produits mobilit\u00e9s Damius : Conception de tricycle \u00e9lectrique adulte.\" width=\"580\" height=\"326\" src=\"https:\/\/www.youtube.com\/embed\/XB6xgN5eUzk?feature=oembed\" frameborder=\"0\" allow=\"accelerometer; autoplay; clipboard-write; encrypted-media; gyroscope; picture-in-picture; web-share\" referrerpolicy=\"strict-origin-when-cross-origin\" allowfullscreen><\/iframe>\n<\/div><\/figure>\n","protected":false},"excerpt":{"rendered":"<p>Onze geschiedenis, ons DNA Onze relatie met de driewieler begon eind 2012! In de beginjaren positioneerde ons bedrijf zich als wederverkoper van bestaande driewielers en elektrische driewielers. We behaalden al snel een zekere mate van succes en naarmate we met onze klanten in contact kwamen en proeven uitvoerden, raakten we steeds meer gemotiveerd om steeds [&hellip;]<\/p>\n","protected":false},"author":1,"featured_media":0,"parent":0,"menu_order":0,"comment_status":"closed","ping_status":"closed","template":"","meta":{"_acf_changed":false,"_eb_attr":"","footnotes":""},"class_list":["post-1932","page","type-page","status-publish","hentry"],"acf":[],"yoast_head":"<!-- This site is optimized with the Yoast SEO plugin v27.3 - https:\/\/yoast.com\/product\/yoast-seo-wordpress\/ -->\n<title>elkaar beter leren kennen - Damius<\/title>\n<meta name=\"robots\" content=\"noindex, follow, max-snippet:-1, max-image-preview:large, max-video-preview:-1\" \/>\n<meta property=\"og:locale\" content=\"nl_NL\" \/>\n<meta property=\"og:type\" content=\"article\" \/>\n<meta property=\"og:title\" content=\"elkaar beter leren kennen - Damius\" \/>\n<meta property=\"og:description\" content=\"Onze geschiedenis, ons DNA Onze relatie met de driewieler begon eind 2012! In de beginjaren positioneerde ons bedrijf zich als wederverkoper van bestaande driewielers en elektrische driewielers. We behaalden al snel een zekere mate van succes en naarmate we met onze klanten in contact kwamen en proeven uitvoerden, raakten we steeds meer gemotiveerd om steeds [&hellip;]\" \/>\n<meta property=\"og:url\" content=\"https:\/\/2025.damius.com\/nl\/elkaar-beter-leren-kennen\/\" \/>\n<meta property=\"og:site_name\" content=\"Damius\" \/>\n<meta property=\"article:modified_time\" content=\"2026-02-06T09:37:24+00:00\" \/>\n<meta property=\"og:image\" content=\"https:\/\/2025.damius.com\/wp-content\/uploads\/2022\/01\/tricycle-evasion-notre-histoire.jpg\" \/>\n\t<meta property=\"og:image:width\" content=\"600\" \/>\n\t<meta property=\"og:image:height\" content=\"430\" \/>\n\t<meta property=\"og:image:type\" content=\"image\/jpeg\" \/>\n<meta name=\"twitter:card\" content=\"summary_large_image\" \/>\n<meta name=\"twitter:label1\" content=\"Geschatte leestijd\" \/>\n\t<meta name=\"twitter:data1\" content=\"4 minuten\" \/>\n<script type=\"application\/ld+json\" class=\"yoast-schema-graph\">{\"@context\":\"https:\\\/\\\/schema.org\",\"@graph\":[{\"@type\":\"WebPage\",\"@id\":\"https:\\\/\\\/2025.damius.com\\\/nl\\\/elkaar-beter-leren-kennen\\\/\",\"url\":\"https:\\\/\\\/2025.damius.com\\\/nl\\\/elkaar-beter-leren-kennen\\\/\",\"name\":\"elkaar beter leren kennen - Damius\",\"isPartOf\":{\"@id\":\"https:\\\/\\\/2025.damius.com\\\/#website\"},\"primaryImageOfPage\":{\"@id\":\"https:\\\/\\\/2025.damius.com\\\/nl\\\/elkaar-beter-leren-kennen\\\/#primaryimage\"},\"image\":{\"@id\":\"https:\\\/\\\/2025.damius.com\\\/nl\\\/elkaar-beter-leren-kennen\\\/#primaryimage\"},\"thumbnailUrl\":\"https:\\\/\\\/2025.damius.com\\\/wp-content\\\/uploads\\\/2022\\\/01\\\/tricycle-evasion-notre-histoire.jpg\",\"datePublished\":\"2026-02-04T14:27:36+00:00\",\"dateModified\":\"2026-02-06T09:37:24+00:00\",\"breadcrumb\":{\"@id\":\"https:\\\/\\\/2025.damius.com\\\/nl\\\/elkaar-beter-leren-kennen\\\/#breadcrumb\"},\"inLanguage\":\"nl-NL\",\"potentialAction\":[{\"@type\":\"ReadAction\",\"target\":[\"https:\\\/\\\/2025.damius.com\\\/nl\\\/elkaar-beter-leren-kennen\\\/\"]}]},{\"@type\":\"ImageObject\",\"inLanguage\":\"nl-NL\",\"@id\":\"https:\\\/\\\/2025.damius.com\\\/nl\\\/elkaar-beter-leren-kennen\\\/#primaryimage\",\"url\":\"https:\\\/\\\/2025.damius.com\\\/wp-content\\\/uploads\\\/2022\\\/01\\\/tricycle-evasion-notre-histoire.jpg\",\"contentUrl\":\"https:\\\/\\\/2025.damius.com\\\/wp-content\\\/uploads\\\/2022\\\/01\\\/tricycle-evasion-notre-histoire.jpg\"},{\"@type\":\"BreadcrumbList\",\"@id\":\"https:\\\/\\\/2025.damius.com\\\/nl\\\/elkaar-beter-leren-kennen\\\/#breadcrumb\",\"itemListElement\":[{\"@type\":\"ListItem\",\"position\":1,\"name\":\"Accueil\",\"item\":\"https:\\\/\\\/2025.damius.com\\\/nl\\\/huis\\\/\"},{\"@type\":\"ListItem\",\"position\":2,\"name\":\"elkaar beter leren kennen\"}]},{\"@type\":\"WebSite\",\"@id\":\"https:\\\/\\\/2025.damius.com\\\/#website\",\"url\":\"https:\\\/\\\/2025.damius.com\\\/\",\"name\":\"Damius\",\"description\":\"\",\"publisher\":{\"@id\":\"https:\\\/\\\/2025.damius.com\\\/#organization\"},\"potentialAction\":[{\"@type\":\"SearchAction\",\"target\":{\"@type\":\"EntryPoint\",\"urlTemplate\":\"https:\\\/\\\/2025.damius.com\\\/?s={search_term_string}\"},\"query-input\":{\"@type\":\"PropertyValueSpecification\",\"valueRequired\":true,\"valueName\":\"search_term_string\"}}],\"inLanguage\":\"nl-NL\"},{\"@type\":\"Organization\",\"@id\":\"https:\\\/\\\/2025.damius.com\\\/#organization\",\"name\":\"Damius\",\"url\":\"https:\\\/\\\/2025.damius.com\\\/\",\"logo\":{\"@type\":\"ImageObject\",\"inLanguage\":\"nl-NL\",\"@id\":\"https:\\\/\\\/2025.damius.com\\\/#\\\/schema\\\/logo\\\/image\\\/\",\"url\":\"https:\\\/\\\/2025.damius.com\\\/wp-content\\\/uploads\\\/2022\\\/01\\\/Logo_Damius-1.jpg\",\"contentUrl\":\"https:\\\/\\\/2025.damius.com\\\/wp-content\\\/uploads\\\/2022\\\/01\\\/Logo_Damius-1.jpg\",\"width\":616,\"height\":143,\"caption\":\"Damius\"},\"image\":{\"@id\":\"https:\\\/\\\/2025.damius.com\\\/#\\\/schema\\\/logo\\\/image\\\/\"}}]}<\/script>\n<!-- \/ Yoast SEO plugin. -->","yoast_head_json":{"title":"elkaar beter leren kennen - Damius","robots":{"index":"noindex","follow":"follow","max-snippet":"max-snippet:-1","max-image-preview":"max-image-preview:large","max-video-preview":"max-video-preview:-1"},"og_locale":"nl_NL","og_type":"article","og_title":"elkaar beter leren kennen - Damius","og_description":"Onze geschiedenis, ons DNA Onze relatie met de driewieler begon eind 2012! In de beginjaren positioneerde ons bedrijf zich als wederverkoper van bestaande driewielers en elektrische driewielers. We behaalden al snel een zekere mate van succes en naarmate we met onze klanten in contact kwamen en proeven uitvoerden, raakten we steeds meer gemotiveerd om steeds [&hellip;]","og_url":"https:\/\/2025.damius.com\/nl\/elkaar-beter-leren-kennen\/","og_site_name":"Damius","article_modified_time":"2026-02-06T09:37:24+00:00","og_image":[{"width":600,"height":430,"url":"https:\/\/2025.damius.com\/wp-content\/uploads\/2022\/01\/tricycle-evasion-notre-histoire.jpg","type":"image\/jpeg"}],"twitter_card":"summary_large_image","twitter_misc":{"Geschatte leestijd":"4 minuten"},"schema":{"@context":"https:\/\/schema.org","@graph":[{"@type":"WebPage","@id":"https:\/\/2025.damius.com\/nl\/elkaar-beter-leren-kennen\/","url":"https:\/\/2025.damius.com\/nl\/elkaar-beter-leren-kennen\/","name":"elkaar beter leren kennen - Damius","isPartOf":{"@id":"https:\/\/2025.damius.com\/#website"},"primaryImageOfPage":{"@id":"https:\/\/2025.damius.com\/nl\/elkaar-beter-leren-kennen\/#primaryimage"},"image":{"@id":"https:\/\/2025.damius.com\/nl\/elkaar-beter-leren-kennen\/#primaryimage"},"thumbnailUrl":"https:\/\/2025.damius.com\/wp-content\/uploads\/2022\/01\/tricycle-evasion-notre-histoire.jpg","datePublished":"2026-02-04T14:27:36+00:00","dateModified":"2026-02-06T09:37:24+00:00","breadcrumb":{"@id":"https:\/\/2025.damius.com\/nl\/elkaar-beter-leren-kennen\/#breadcrumb"},"inLanguage":"nl-NL","potentialAction":[{"@type":"ReadAction","target":["https:\/\/2025.damius.com\/nl\/elkaar-beter-leren-kennen\/"]}]},{"@type":"ImageObject","inLanguage":"nl-NL","@id":"https:\/\/2025.damius.com\/nl\/elkaar-beter-leren-kennen\/#primaryimage","url":"https:\/\/2025.damius.com\/wp-content\/uploads\/2022\/01\/tricycle-evasion-notre-histoire.jpg","contentUrl":"https:\/\/2025.damius.com\/wp-content\/uploads\/2022\/01\/tricycle-evasion-notre-histoire.jpg"},{"@type":"BreadcrumbList","@id":"https:\/\/2025.damius.com\/nl\/elkaar-beter-leren-kennen\/#breadcrumb","itemListElement":[{"@type":"ListItem","position":1,"name":"Accueil","item":"https:\/\/2025.damius.com\/nl\/huis\/"},{"@type":"ListItem","position":2,"name":"elkaar beter leren kennen"}]},{"@type":"WebSite","@id":"https:\/\/2025.damius.com\/#website","url":"https:\/\/2025.damius.com\/","name":"Damius","description":"","publisher":{"@id":"https:\/\/2025.damius.com\/#organization"},"potentialAction":[{"@type":"SearchAction","target":{"@type":"EntryPoint","urlTemplate":"https:\/\/2025.damius.com\/?s={search_term_string}"},"query-input":{"@type":"PropertyValueSpecification","valueRequired":true,"valueName":"search_term_string"}}],"inLanguage":"nl-NL"},{"@type":"Organization","@id":"https:\/\/2025.damius.com\/#organization","name":"Damius","url":"https:\/\/2025.damius.com\/","logo":{"@type":"ImageObject","inLanguage":"nl-NL","@id":"https:\/\/2025.damius.com\/#\/schema\/logo\/image\/","url":"https:\/\/2025.damius.com\/wp-content\/uploads\/2022\/01\/Logo_Damius-1.jpg","contentUrl":"https:\/\/2025.damius.com\/wp-content\/uploads\/2022\/01\/Logo_Damius-1.jpg","width":616,"height":143,"caption":"Damius"},"image":{"@id":"https:\/\/2025.damius.com\/#\/schema\/logo\/image\/"}}]}},"featured_image_src":null,"featured_image_src_square":null,"_links":{"self":[{"href":"https:\/\/2025.damius.com\/nl\/wp-json\/wp\/v2\/pages\/1932","targetHints":{"allow":["GET"]}}],"collection":[{"href":"https:\/\/2025.damius.com\/nl\/wp-json\/wp\/v2\/pages"}],"about":[{"href":"https:\/\/2025.damius.com\/nl\/wp-json\/wp\/v2\/types\/page"}],"author":[{"embeddable":true,"href":"https:\/\/2025.damius.com\/nl\/wp-json\/wp\/v2\/users\/1"}],"replies":[{"embeddable":true,"href":"https:\/\/2025.damius.com\/nl\/wp-json\/wp\/v2\/comments?post=1932"}],"version-history":[{"count":3,"href":"https:\/\/2025.damius.com\/nl\/wp-json\/wp\/v2\/pages\/1932\/revisions"}],"predecessor-version":[{"id":2266,"href":"https:\/\/2025.damius.com\/nl\/wp-json\/wp\/v2\/pages\/1932\/revisions\/2266"}],"wp:attachment":[{"href":"https:\/\/2025.damius.com\/nl\/wp-json\/wp\/v2\/media?parent=1932"}],"curies":[{"name":"wp","href":"https:\/\/api.w.org\/{rel}","templated":true}]}}