{"id":2042,"date":"2026-02-04T18:10:38","date_gmt":"2026-02-04T17:10:38","guid":{"rendered":"https:\/\/2025.damius.com\/ons-team\/"},"modified":"2026-02-04T18:10:38","modified_gmt":"2026-02-04T17:10:38","slug":"ons-team","status":"publish","type":"page","link":"https:\/\/2025.damius.com\/nl\/ons-team\/","title":{"rendered":"Ons team"},"content":{"rendered":"\n<p>Damien Gran is de ontwerper van de elektrische driewielers, vierwielers en fietsen van het merk Damius en tevens de bedrijfsleider.<\/p>\n\n<p>S\u00e9bastien Lavialle is productiemanager en verantwoordelijk voor de verzendingen.<\/p>\n\n<p>J\u00e9r\u00e9my Bizot &#8211; Manager After Sales Service<\/p>\n\n<p>Martine Gran &#8211; Beheert de boekhouding en administratieve aspecten.<\/p>\n\n<p>Mathis &#8211; Verantwoordelijk voor verkoop en klantproeven<\/p>\n\n<p>Charly &#8211; Verantwoordelijk voor verkoop en klantproeven<\/p>\n\n<p>Cl\u00e9ment Osyda &#8211; Verantwoordelijk voor onderzoek en ontwikkeling en 3D-ontwerp van onze producten.<\/p>\n\n<p>C\u00e9dric Fornieles &#8211; Montage en testen van driewielers<\/p>\n","protected":false},"excerpt":{"rendered":"<p>Damien Gran is de ontwerper van de elektrische driewielers, vierwielers en fietsen van het merk Damius en tevens de bedrijfsleider. S\u00e9bastien Lavialle is productiemanager en verantwoordelijk voor de verzendingen. J\u00e9r\u00e9my Bizot &#8211; Manager After Sales Service Martine Gran &#8211; Beheert de boekhouding en administratieve aspecten. Mathis &#8211; Verantwoordelijk voor verkoop en klantproeven Charly &#8211; Verantwoordelijk [&hellip;]<\/p>\n","protected":false},"author":1,"featured_media":0,"parent":0,"menu_order":0,"comment_status":"closed","ping_status":"closed","template":"","meta":{"_acf_changed":false,"_eb_attr":"","footnotes":""},"class_list":["post-2042","page","type-page","status-publish","hentry"],"acf":[],"yoast_head":"<!-- This site is optimized with the Yoast SEO plugin v27.3 - https:\/\/yoast.com\/product\/yoast-seo-wordpress\/ -->\n<title>Ons team - Damius<\/title>\n<meta name=\"robots\" content=\"noindex, follow, max-snippet:-1, max-image-preview:large, max-video-preview:-1\" \/>\n<meta property=\"og:locale\" content=\"nl_NL\" \/>\n<meta property=\"og:type\" content=\"article\" \/>\n<meta property=\"og:title\" content=\"Ons team - Damius\" \/>\n<meta property=\"og:description\" content=\"Damien Gran is de ontwerper van de elektrische driewielers, vierwielers en fietsen van het merk Damius en tevens de bedrijfsleider. S\u00e9bastien Lavialle is productiemanager en verantwoordelijk voor de verzendingen. J\u00e9r\u00e9my Bizot &#8211; Manager After Sales Service Martine Gran &#8211; Beheert de boekhouding en administratieve aspecten. Mathis &#8211; Verantwoordelijk voor verkoop en klantproeven Charly &#8211; Verantwoordelijk [&hellip;]\" \/>\n<meta property=\"og:url\" content=\"https:\/\/2025.damius.com\/nl\/ons-team\/\" \/>\n<meta property=\"og:site_name\" content=\"Damius\" \/>\n<meta name=\"twitter:card\" content=\"summary_large_image\" \/>\n<script type=\"application\/ld+json\" class=\"yoast-schema-graph\">{\"@context\":\"https:\\\/\\\/schema.org\",\"@graph\":[{\"@type\":\"WebPage\",\"@id\":\"https:\\\/\\\/2025.damius.com\\\/nl\\\/ons-team\\\/\",\"url\":\"https:\\\/\\\/2025.damius.com\\\/nl\\\/ons-team\\\/\",\"name\":\"Ons team - Damius\",\"isPartOf\":{\"@id\":\"https:\\\/\\\/2025.damius.com\\\/#website\"},\"datePublished\":\"2026-02-04T17:10:38+00:00\",\"breadcrumb\":{\"@id\":\"https:\\\/\\\/2025.damius.com\\\/nl\\\/ons-team\\\/#breadcrumb\"},\"inLanguage\":\"nl-NL\",\"potentialAction\":[{\"@type\":\"ReadAction\",\"target\":[\"https:\\\/\\\/2025.damius.com\\\/nl\\\/ons-team\\\/\"]}]},{\"@type\":\"BreadcrumbList\",\"@id\":\"https:\\\/\\\/2025.damius.com\\\/nl\\\/ons-team\\\/#breadcrumb\",\"itemListElement\":[{\"@type\":\"ListItem\",\"position\":1,\"name\":\"Accueil\",\"item\":\"https:\\\/\\\/2025.damius.com\\\/nl\\\/huis\\\/\"},{\"@type\":\"ListItem\",\"position\":2,\"name\":\"Ons team\"}]},{\"@type\":\"WebSite\",\"@id\":\"https:\\\/\\\/2025.damius.com\\\/#website\",\"url\":\"https:\\\/\\\/2025.damius.com\\\/\",\"name\":\"Damius\",\"description\":\"\",\"publisher\":{\"@id\":\"https:\\\/\\\/2025.damius.com\\\/#organization\"},\"potentialAction\":[{\"@type\":\"SearchAction\",\"target\":{\"@type\":\"EntryPoint\",\"urlTemplate\":\"https:\\\/\\\/2025.damius.com\\\/?s={search_term_string}\"},\"query-input\":{\"@type\":\"PropertyValueSpecification\",\"valueRequired\":true,\"valueName\":\"search_term_string\"}}],\"inLanguage\":\"nl-NL\"},{\"@type\":\"Organization\",\"@id\":\"https:\\\/\\\/2025.damius.com\\\/#organization\",\"name\":\"Damius\",\"url\":\"https:\\\/\\\/2025.damius.com\\\/\",\"logo\":{\"@type\":\"ImageObject\",\"inLanguage\":\"nl-NL\",\"@id\":\"https:\\\/\\\/2025.damius.com\\\/#\\\/schema\\\/logo\\\/image\\\/\",\"url\":\"https:\\\/\\\/2025.damius.com\\\/wp-content\\\/uploads\\\/2022\\\/01\\\/Logo_Damius-1.jpg\",\"contentUrl\":\"https:\\\/\\\/2025.damius.com\\\/wp-content\\\/uploads\\\/2022\\\/01\\\/Logo_Damius-1.jpg\",\"width\":616,\"height\":143,\"caption\":\"Damius\"},\"image\":{\"@id\":\"https:\\\/\\\/2025.damius.com\\\/#\\\/schema\\\/logo\\\/image\\\/\"}}]}<\/script>\n<!-- \/ Yoast SEO plugin. -->","yoast_head_json":{"title":"Ons team - Damius","robots":{"index":"noindex","follow":"follow","max-snippet":"max-snippet:-1","max-image-preview":"max-image-preview:large","max-video-preview":"max-video-preview:-1"},"og_locale":"nl_NL","og_type":"article","og_title":"Ons team - Damius","og_description":"Damien Gran is de ontwerper van de elektrische driewielers, vierwielers en fietsen van het merk Damius en tevens de bedrijfsleider. S\u00e9bastien Lavialle is productiemanager en verantwoordelijk voor de verzendingen. J\u00e9r\u00e9my Bizot &#8211; Manager After Sales Service Martine Gran &#8211; Beheert de boekhouding en administratieve aspecten. Mathis &#8211; Verantwoordelijk voor verkoop en klantproeven Charly &#8211; Verantwoordelijk [&hellip;]","og_url":"https:\/\/2025.damius.com\/nl\/ons-team\/","og_site_name":"Damius","twitter_card":"summary_large_image","schema":{"@context":"https:\/\/schema.org","@graph":[{"@type":"WebPage","@id":"https:\/\/2025.damius.com\/nl\/ons-team\/","url":"https:\/\/2025.damius.com\/nl\/ons-team\/","name":"Ons team - Damius","isPartOf":{"@id":"https:\/\/2025.damius.com\/#website"},"datePublished":"2026-02-04T17:10:38+00:00","breadcrumb":{"@id":"https:\/\/2025.damius.com\/nl\/ons-team\/#breadcrumb"},"inLanguage":"nl-NL","potentialAction":[{"@type":"ReadAction","target":["https:\/\/2025.damius.com\/nl\/ons-team\/"]}]},{"@type":"BreadcrumbList","@id":"https:\/\/2025.damius.com\/nl\/ons-team\/#breadcrumb","itemListElement":[{"@type":"ListItem","position":1,"name":"Accueil","item":"https:\/\/2025.damius.com\/nl\/huis\/"},{"@type":"ListItem","position":2,"name":"Ons team"}]},{"@type":"WebSite","@id":"https:\/\/2025.damius.com\/#website","url":"https:\/\/2025.damius.com\/","name":"Damius","description":"","publisher":{"@id":"https:\/\/2025.damius.com\/#organization"},"potentialAction":[{"@type":"SearchAction","target":{"@type":"EntryPoint","urlTemplate":"https:\/\/2025.damius.com\/?s={search_term_string}"},"query-input":{"@type":"PropertyValueSpecification","valueRequired":true,"valueName":"search_term_string"}}],"inLanguage":"nl-NL"},{"@type":"Organization","@id":"https:\/\/2025.damius.com\/#organization","name":"Damius","url":"https:\/\/2025.damius.com\/","logo":{"@type":"ImageObject","inLanguage":"nl-NL","@id":"https:\/\/2025.damius.com\/#\/schema\/logo\/image\/","url":"https:\/\/2025.damius.com\/wp-content\/uploads\/2022\/01\/Logo_Damius-1.jpg","contentUrl":"https:\/\/2025.damius.com\/wp-content\/uploads\/2022\/01\/Logo_Damius-1.jpg","width":616,"height":143,"caption":"Damius"},"image":{"@id":"https:\/\/2025.damius.com\/#\/schema\/logo\/image\/"}}]}},"featured_image_src":null,"featured_image_src_square":null,"_links":{"self":[{"href":"https:\/\/2025.damius.com\/nl\/wp-json\/wp\/v2\/pages\/2042","targetHints":{"allow":["GET"]}}],"collection":[{"href":"https:\/\/2025.damius.com\/nl\/wp-json\/wp\/v2\/pages"}],"about":[{"href":"https:\/\/2025.damius.com\/nl\/wp-json\/wp\/v2\/types\/page"}],"author":[{"embeddable":true,"href":"https:\/\/2025.damius.com\/nl\/wp-json\/wp\/v2\/users\/1"}],"replies":[{"embeddable":true,"href":"https:\/\/2025.damius.com\/nl\/wp-json\/wp\/v2\/comments?post=2042"}],"version-history":[{"count":1,"href":"https:\/\/2025.damius.com\/nl\/wp-json\/wp\/v2\/pages\/2042\/revisions"}],"predecessor-version":[{"id":2043,"href":"https:\/\/2025.damius.com\/nl\/wp-json\/wp\/v2\/pages\/2042\/revisions\/2043"}],"wp:attachment":[{"href":"https:\/\/2025.damius.com\/nl\/wp-json\/wp\/v2\/media?parent=2042"}],"curies":[{"name":"wp","href":"https:\/\/api.w.org\/{rel}","templated":true}]}}